{"id":30300,"date":"2025-08-18T17:54:54","date_gmt":"2025-08-18T09:54:54","guid":{"rendered":"https:\/\/superprintpro.com\/?post_type=product&#038;p=30300"},"modified":"2025-08-21T15:39:42","modified_gmt":"2025-08-21T07:39:42","slug":"double-side-print-inkjet-printer-am208i32dp-for-textile-flag-material-with-8-heads-i3200","status":"publish","type":"product","link":"https:\/\/superprintpro.com\/vi\/san-pham\/double-side-print-inkjet-printer-am208i32dp-for-textile-flag-material-with-8-heads-i3200\/","title":{"rendered":"M\u00e1y in phun hai m\u1eb7t AM208I32DP cho ch\u1ea5t li\u1ec7u v\u1ea3i c\u1edd v\u1edbi 8 \u0111\u1ea7u i3200"},"content":{"rendered":"<p>M\u00e1y in phun hai m\u1eb7t AM208I32DP cho ch\u1ea5t li\u1ec7u v\u1ea3i c\u1edd v\u1edbi 8 \u0111\u1ea7u i3200<\/p>\n<p>B\u00e1o gi\u00e1 m\u00e1y in n\u00e0y \u0111\u00e3 c\u00f3 s\u1eb5n b\u1ed9 \u0111\u1ecbnh m\u00e0u (l\u00f2 l\u1edbn).<\/p>\n<p>In hai m\u1eb7t \u0111\u1ed3ng ngh\u0129a.<br \/>\nM\u1eabu: AM208I32DP<br \/>\nChi\u1ec1u r\u1ed9ng in 2200mm<br \/>\n\u0110\u1ea7u in I3200A, 8 chi\u1ebfc (4 m\u00e0u HO\u1eb6C 8 m\u00e0u)<\/p>\n<p>\u0110\u1ed9 ph\u00e2n gi\u1ea3i in (l\u00f4ng v\u0169 y\u1ebfu)<br \/>\nIn hai m\u1eb7t<br \/>\n2 pass\uff08720\u00d7600\uff09 90m2\/h<br \/>\n3pass\uff08360\u00d71800\uff09 70m2\/h<br \/>\n4 pass\uff08720\u00d71200\uff09 50m2\/h<br \/>\nIn m\u1ed9t m\u1eb7t\uff1a<br \/>\n2 pass\uff08720\u00d7600\uff09 106m2\/h<br \/>\n3pass\uff08360\u00d71800\uff09 82m2\/h<br \/>\n4 pass\uff08720\u00d71200\uff09 60m2\/h<br \/>\nLo\u1ea1i m\u1ef1c M\u1ef1c ph\u00e2n t\u00e1n<br \/>\nM\u00e0u m\u1ef1c C\u3001M\u3001Y\u3001K\uff08T\u1ed0I \u0110A 8 m\u00e0u t\u00f9y ch\u1ecdn\uff09<br \/>\nPh\u1ea7n m\u1ec1m RIP Print Factory<br \/>\nM\u00f4i tr\u01b0\u1eddng l\u00e0m vi\u1ec7c Nhi\u1ec7t \u0111\u1ed920-28\u2103 \u0110\u1ed9 \u1ea9m40-70%<br \/>\nNgu\u1ed3n \u0111i\u1ec7n AC380V\uff0c50\/60Hz\uff0cC\u00f4ng su\u1ea5t ngu\u1ed3n 15KW<br \/>\nK\u00edch th\u01b0\u1edbc 4680mm\u00d7 1495mm\u00d7 1870mm\uff08Chi\u1ec1u cao 2250mm bao g\u1ed3m c\u1ea3 h\u1ed9p m\u1ef1c\uff09<br \/>\nTr\u1ecdng l\u01b0\u1ee3ng 2000kg<\/p>\n<p>T\u00ednh n\u0103ng c\u1ee7a m\u00e1y in<br \/>\nN\u1ec1n t\u1ea3ng in \u1ea5n\uff1a<br \/>\nB\u1ec7 d\u1eabn h\u01b0\u1edbng v\u1ea3i, l\u1ef1c c\u1ea3n nh\u1ecf v\u00e0 \u0111\u1ed9 ch\u00ednh x\u00e1c cao khi b\u01b0\u1edbc v\u1eadt li\u1ec7u.<br \/>\nCh\u1ebf \u0111\u1ed9 truy\u1ec1n d\u1eabn:<br \/>\n\u0110\u1ed9ng c\u01a1 servo \u0111i\u1ec1u khi\u1ec3n con l\u0103n cao su truy\u1ec1n \u0111\u1ed9ng v\u00e0 v\u1eadt li\u1ec7u \u0111\u01b0\u1ee3c ph\u00e2n chia ch\u00ednh x\u00e1c, ph\u1eb3ng v\u00e0 kh\u00f4ng c\u00f3 n\u1ebfp nh\u0103n.<br \/>\nThi\u1ebft b\u1ecb c\u00f3 th\u1ec3 thu v\u00e0o:<br \/>\nC\u01a1 ch\u1ebf thu v\u00e0o c\u1ee7a con l\u0103n tr\u1ecdng l\u1ef1c gi\u00fap v\u1eadt li\u1ec7u lu\u00f4n ch\u1ecbu \u0111\u01b0\u1ee3c l\u1ef1c c\u0103ng li\u00ean t\u1ee5c.<br \/>\nB\u1ea3o v\u1ec7 \u00f4 nhi\u1ec5m:<br \/>\nC\u00f3 thi\u1ebft b\u1ecb t\u00e1i ch\u1ebf m\u1ef1c bay v\u00e0 thi\u1ebft b\u1ecb t\u00e1i ch\u1ebf kh\u00f3i.<br \/>\nB\u1ea3o tr\u00ec v\u00f2i phun\uff1a<br \/>\nThi\u1ebft b\u1ecb t\u1ef1 \u0111\u1ed9ng l\u00e0m \u1ea9m, l\u00e0m s\u1ea1ch v\u00e0 c\u1ea1o \u0111\u1ec3 ng\u0103n ng\u1eeba t\u1eafc v\u00f2i phun.<br \/>\nS\u1ea5y h\u1ed3ng ngo\u1ea1i\uff1a<br \/>\nH\u1ec7 th\u1ed1ng s\u1ea5y kh\u00ed n\u00f3ng hi\u1ec7u su\u1ea5t cao \u0111\u1ea3m b\u1ea3o t\u1ed1c \u0111\u1ed9 in v\u00e0 tua l\u1ea1i cao c\u00f9ng l\u00fac.<br \/>\nGi\u1ea5y l\u00f3t b\u1ea3o v\u1ec7\uff1a<br \/>\nKhi l\u1ea5y v\u1eadt li\u1ec7u, c\u00f3 th\u1ec3 th\u00eam gi\u1ea5y l\u00f3t \u0111\u1ec3 tr\u00e1nh s\u1ef1 nhi\u1ec5m b\u1ea9n l\u1eabn nhau gi\u1eefa m\u1eb7t tr\u01b0\u1edbc v\u00e0 m\u1eb7t sau.<br \/>\nH\u1ec7 th\u1ed1ng \u0111i\u1ec1u khi\u1ec3n\uff1a<br \/>\nH\u1ec7 th\u1ed1ng \u0111i\u1ec1u khi\u1ec3n PLC gi\u00fap c\u1ea3i thi\u1ec7n t\u00ednh \u1ed5n \u0111\u1ecbnh c\u1ee7a ho\u1ea1t \u0111\u1ed9ng h\u1ec7 th\u1ed1ng.<br \/>\nTh\u1ed1ng k\u00ea c\u00f4ng vi\u1ec7c\uff1a<br \/>\nCh\u1ee9c n\u0103ng nh\u1eadt k\u00fd in t\u1ef1 \u0111\u1ed9ng ghi l\u1ea1i v\u00e0 t\u00ednh to\u00e1n hi\u1ec7u qu\u1ea3 in.<br \/>\nTh\u1ed1ng k\u00ea l\u01b0\u1ee3ng m\u1ef1c\uff1a<\/p>\n<p>T\u1ef1 \u0111\u1ed9ng \u0111\u1ebfm l\u01b0\u1ee3ng m\u1ef1c ti\u00eau th\u1ee5 v\u00e0 t\u00ednh to\u00e1n chi ph\u00ed in.<\/p>","protected":false},"excerpt":{"rendered":"<p>\u0110\u1ec3 bi\u1ebft th\u00f4ng tin chi ti\u1ebft v\u1ec1 s\u1ea3n ph\u1ea9m v\u00e0 b\u00e1o gi\u00e1 m\u1edbi nh\u1ea5t, vui l\u00f2ng li\u00ean h\u1ec7 v\u1edbi gi\u00e1m \u0111\u1ed1c b\u00e1n h\u00e0ng c\u1ee7a ch\u00fang t\u00f4i<\/p>","protected":false},"featured_media":30301,"comment_status":"open","ping_status":"closed","template":"","meta":[],"product_brand":[],"product_cat":[128],"product_tag":[],"class_list":{"0":"post-30300","1":"product","2":"type-product","3":"status-publish","4":"has-post-thumbnail","6":"product_cat-direct-printing","8":"first","9":"instock","10":"shipping-taxable","11":"purchasable","12":"product-type-simple"},"yoast_head":"<!-- This site is optimized with the Yoast SEO plugin v26.9 - https:\/\/yoast.com\/product\/yoast-seo-wordpress\/ -->\n<title>Double Side Print Inkjet Printer AM208I32DP for Textile Flag Material with 8 heads i3200 - Amo<\/title>\n<meta name=\"robots\" content=\"index, follow, max-snippet:-1, max-image-preview:large, max-video-preview:-1\" \/>\n<link rel=\"canonical\" href=\"https:\/\/superprintpro.com\/vi\/san-pham\/double-side-print-inkjet-printer-am208i32dp-for-textile-flag-material-with-8-heads-i3200\/\" \/>\n<meta property=\"og:locale\" content=\"vi_VN\" \/>\n<meta property=\"og:type\" content=\"article\" \/>\n<meta property=\"og:title\" content=\"Double Side Print Inkjet Printer AM208I32DP for Textile Flag Material with 8 heads i3200 - Amo\" \/>\n<meta property=\"og:description\" content=\"For product details and the latest quotes, please contact our sales manager\" \/>\n<meta property=\"og:url\" content=\"https:\/\/superprintpro.com\/vi\/san-pham\/double-side-print-inkjet-printer-am208i32dp-for-textile-flag-material-with-8-heads-i3200\/\" \/>\n<meta property=\"og:site_name\" content=\"Amo\" \/>\n<meta property=\"article:modified_time\" content=\"2025-08-21T07:39:42+00:00\" \/>\n<meta property=\"og:image\" content=\"https:\/\/superprintpro.com\/wp-content\/uploads\/2025\/08\/double-side-print-inkjet-printer-am208i32dp-for-textile-flag-material-with-8-heads-i3200.jpg\" \/>\n\t<meta property=\"og:image:width\" content=\"604\" \/>\n\t<meta property=\"og:image:height\" content=\"340\" \/>\n\t<meta property=\"og:image:type\" content=\"image\/jpeg\" \/>\n<meta name=\"twitter:card\" content=\"summary_large_image\" \/>\n<meta name=\"twitter:label1\" content=\"\u01af\u1edbc t\u00ednh th\u1eddi gian \u0111\u1ecdc\" \/>\n\t<meta name=\"twitter:data1\" content=\"1 ph\u00fat\" \/>\n<script type=\"application\/ld+json\" class=\"yoast-schema-graph\">{\"@context\":\"https:\/\/schema.org\",\"@graph\":[{\"@type\":\"WebPage\",\"@id\":\"https:\/\/superprintpro.com\/product\/double-side-print-inkjet-printer-am208i32dp-for-textile-flag-material-with-8-heads-i3200\/\",\"url\":\"https:\/\/superprintpro.com\/product\/double-side-print-inkjet-printer-am208i32dp-for-textile-flag-material-with-8-heads-i3200\/\",\"name\":\"Double Side Print Inkjet Printer AM208I32DP for Textile Flag Material with 8 heads i3200 - Amo\",\"isPartOf\":{\"@id\":\"https:\/\/superprintpro.com\/#website\"},\"primaryImageOfPage\":{\"@id\":\"https:\/\/superprintpro.com\/product\/double-side-print-inkjet-printer-am208i32dp-for-textile-flag-material-with-8-heads-i3200\/#primaryimage\"},\"image\":{\"@id\":\"https:\/\/superprintpro.com\/product\/double-side-print-inkjet-printer-am208i32dp-for-textile-flag-material-with-8-heads-i3200\/#primaryimage\"},\"thumbnailUrl\":\"https:\/\/superprintpro.com\/wp-content\/uploads\/2025\/08\/double-side-print-inkjet-printer-am208i32dp-for-textile-flag-material-with-8-heads-i3200.jpg\",\"datePublished\":\"2025-08-18T09:54:54+00:00\",\"dateModified\":\"2025-08-21T07:39:42+00:00\",\"breadcrumb\":{\"@id\":\"https:\/\/superprintpro.com\/product\/double-side-print-inkjet-printer-am208i32dp-for-textile-flag-material-with-8-heads-i3200\/#breadcrumb\"},\"inLanguage\":\"vi\",\"potentialAction\":[{\"@type\":\"ReadAction\",\"target\":[\"https:\/\/superprintpro.com\/product\/double-side-print-inkjet-printer-am208i32dp-for-textile-flag-material-with-8-heads-i3200\/\"]}]},{\"@type\":\"ImageObject\",\"inLanguage\":\"vi\",\"@id\":\"https:\/\/superprintpro.com\/product\/double-side-print-inkjet-printer-am208i32dp-for-textile-flag-material-with-8-heads-i3200\/#primaryimage\",\"url\":\"https:\/\/superprintpro.com\/wp-content\/uploads\/2025\/08\/double-side-print-inkjet-printer-am208i32dp-for-textile-flag-material-with-8-heads-i3200.jpg\",\"contentUrl\":\"https:\/\/superprintpro.com\/wp-content\/uploads\/2025\/08\/double-side-print-inkjet-printer-am208i32dp-for-textile-flag-material-with-8-heads-i3200.jpg\",\"width\":604,\"height\":340,\"caption\":\"Double Side Print Inkjet Printer AM208I32DP for Textile Flag Material with 8 heads i3200\"},{\"@type\":\"BreadcrumbList\",\"@id\":\"https:\/\/superprintpro.com\/product\/double-side-print-inkjet-printer-am208i32dp-for-textile-flag-material-with-8-heads-i3200\/#breadcrumb\",\"itemListElement\":[{\"@type\":\"ListItem\",\"position\":1,\"name\":\"\u9996\u9875\",\"item\":\"https:\/\/superprintpro.com\/\"},{\"@type\":\"ListItem\",\"position\":2,\"name\":\"Shop\",\"item\":\"https:\/\/superprintpro.com\/shop\/\"},{\"@type\":\"ListItem\",\"position\":3,\"name\":\"Double Side Print Inkjet Printer AM208I32DP for Textile Flag Material with 8 heads i3200\"}]},{\"@type\":\"WebSite\",\"@id\":\"https:\/\/superprintpro.com\/#website\",\"url\":\"https:\/\/superprintpro.com\/\",\"name\":\"Amo\",\"description\":\"\",\"potentialAction\":[{\"@type\":\"SearchAction\",\"target\":{\"@type\":\"EntryPoint\",\"urlTemplate\":\"https:\/\/superprintpro.com\/?s={search_term_string}\"},\"query-input\":{\"@type\":\"PropertyValueSpecification\",\"valueRequired\":true,\"valueName\":\"search_term_string\"}}],\"inLanguage\":\"vi\"}]}<\/script>\n<!-- \/ Yoast SEO plugin. -->","yoast_head_json":{"title":"Double Side Print Inkjet Printer AM208I32DP for Textile Flag Material with 8 heads i3200 - Amo","robots":{"index":"index","follow":"follow","max-snippet":"max-snippet:-1","max-image-preview":"max-image-preview:large","max-video-preview":"max-video-preview:-1"},"canonical":"https:\/\/superprintpro.com\/vi\/san-pham\/double-side-print-inkjet-printer-am208i32dp-for-textile-flag-material-with-8-heads-i3200\/","og_locale":"vi_VN","og_type":"article","og_title":"Double Side Print Inkjet Printer AM208I32DP for Textile Flag Material with 8 heads i3200 - Amo","og_description":"For product details and the latest quotes, please contact our sales manager","og_url":"https:\/\/superprintpro.com\/vi\/san-pham\/double-side-print-inkjet-printer-am208i32dp-for-textile-flag-material-with-8-heads-i3200\/","og_site_name":"Amo","article_modified_time":"2025-08-21T07:39:42+00:00","og_image":[{"width":604,"height":340,"url":"https:\/\/superprintpro.com\/wp-content\/uploads\/2025\/08\/double-side-print-inkjet-printer-am208i32dp-for-textile-flag-material-with-8-heads-i3200.jpg","type":"image\/jpeg"}],"twitter_card":"summary_large_image","twitter_misc":{"\u01af\u1edbc t\u00ednh th\u1eddi gian \u0111\u1ecdc":"1 ph\u00fat"},"schema":{"@context":"https:\/\/schema.org","@graph":[{"@type":"WebPage","@id":"https:\/\/superprintpro.com\/product\/double-side-print-inkjet-printer-am208i32dp-for-textile-flag-material-with-8-heads-i3200\/","url":"https:\/\/superprintpro.com\/product\/double-side-print-inkjet-printer-am208i32dp-for-textile-flag-material-with-8-heads-i3200\/","name":"Double Side Print Inkjet Printer AM208I32DP for Textile Flag Material with 8 heads i3200 - Amo","isPartOf":{"@id":"https:\/\/superprintpro.com\/#website"},"primaryImageOfPage":{"@id":"https:\/\/superprintpro.com\/product\/double-side-print-inkjet-printer-am208i32dp-for-textile-flag-material-with-8-heads-i3200\/#primaryimage"},"image":{"@id":"https:\/\/superprintpro.com\/product\/double-side-print-inkjet-printer-am208i32dp-for-textile-flag-material-with-8-heads-i3200\/#primaryimage"},"thumbnailUrl":"https:\/\/superprintpro.com\/wp-content\/uploads\/2025\/08\/double-side-print-inkjet-printer-am208i32dp-for-textile-flag-material-with-8-heads-i3200.jpg","datePublished":"2025-08-18T09:54:54+00:00","dateModified":"2025-08-21T07:39:42+00:00","breadcrumb":{"@id":"https:\/\/superprintpro.com\/product\/double-side-print-inkjet-printer-am208i32dp-for-textile-flag-material-with-8-heads-i3200\/#breadcrumb"},"inLanguage":"vi","potentialAction":[{"@type":"ReadAction","target":["https:\/\/superprintpro.com\/product\/double-side-print-inkjet-printer-am208i32dp-for-textile-flag-material-with-8-heads-i3200\/"]}]},{"@type":"ImageObject","inLanguage":"vi","@id":"https:\/\/superprintpro.com\/product\/double-side-print-inkjet-printer-am208i32dp-for-textile-flag-material-with-8-heads-i3200\/#primaryimage","url":"https:\/\/superprintpro.com\/wp-content\/uploads\/2025\/08\/double-side-print-inkjet-printer-am208i32dp-for-textile-flag-material-with-8-heads-i3200.jpg","contentUrl":"https:\/\/superprintpro.com\/wp-content\/uploads\/2025\/08\/double-side-print-inkjet-printer-am208i32dp-for-textile-flag-material-with-8-heads-i3200.jpg","width":604,"height":340,"caption":"Double Side Print Inkjet Printer AM208I32DP for Textile Flag Material with 8 heads i3200"},{"@type":"BreadcrumbList","@id":"https:\/\/superprintpro.com\/product\/double-side-print-inkjet-printer-am208i32dp-for-textile-flag-material-with-8-heads-i3200\/#breadcrumb","itemListElement":[{"@type":"ListItem","position":1,"name":"\u9996\u9875","item":"https:\/\/superprintpro.com\/"},{"@type":"ListItem","position":2,"name":"Shop","item":"https:\/\/superprintpro.com\/shop\/"},{"@type":"ListItem","position":3,"name":"Double Side Print Inkjet Printer AM208I32DP for Textile Flag Material with 8 heads i3200"}]},{"@type":"WebSite","@id":"https:\/\/superprintpro.com\/#website","url":"https:\/\/superprintpro.com\/","name":"Amo","description":"","potentialAction":[{"@type":"SearchAction","target":{"@type":"EntryPoint","urlTemplate":"https:\/\/superprintpro.com\/?s={search_term_string}"},"query-input":{"@type":"PropertyValueSpecification","valueRequired":true,"valueName":"search_term_string"}}],"inLanguage":"vi"}]}},"_links":{"self":[{"href":"https:\/\/superprintpro.com\/vi\/wp-json\/wp\/v2\/product\/30300","targetHints":{"allow":["GET"]}}],"collection":[{"href":"https:\/\/superprintpro.com\/vi\/wp-json\/wp\/v2\/product"}],"about":[{"href":"https:\/\/superprintpro.com\/vi\/wp-json\/wp\/v2\/types\/product"}],"replies":[{"embeddable":true,"href":"https:\/\/superprintpro.com\/vi\/wp-json\/wp\/v2\/comments?post=30300"}],"version-history":[{"count":1,"href":"https:\/\/superprintpro.com\/vi\/wp-json\/wp\/v2\/product\/30300\/revisions"}],"predecessor-version":[{"id":30302,"href":"https:\/\/superprintpro.com\/vi\/wp-json\/wp\/v2\/product\/30300\/revisions\/30302"}],"wp:featuredmedia":[{"embeddable":true,"href":"https:\/\/superprintpro.com\/vi\/wp-json\/wp\/v2\/media\/30301"}],"wp:attachment":[{"href":"https:\/\/superprintpro.com\/vi\/wp-json\/wp\/v2\/media?parent=30300"}],"wp:term":[{"taxonomy":"product_brand","embeddable":true,"href":"https:\/\/superprintpro.com\/vi\/wp-json\/wp\/v2\/product_brand?post=30300"},{"taxonomy":"product_cat","embeddable":true,"href":"https:\/\/superprintpro.com\/vi\/wp-json\/wp\/v2\/product_cat?post=30300"},{"taxonomy":"product_tag","embeddable":true,"href":"https:\/\/superprintpro.com\/vi\/wp-json\/wp\/v2\/product_tag?post=30300"}],"curies":[{"name":"wp","href":"https:\/\/api.w.org\/{rel}","templated":true}]}}