{"id":30294,"date":"2025-08-18T17:47:05","date_gmt":"2025-08-18T09:47:05","guid":{"rendered":"https:\/\/superprintpro.com\/?post_type=product&#038;p=30294"},"modified":"2025-08-18T17:48:33","modified_gmt":"2025-08-18T09:48:33","slug":"amo-sublimation-inkjet-printer-am1808i32sh-with-8-i3200-printheads","status":"publish","type":"product","link":"https:\/\/superprintpro.com\/vi\/san-pham\/amo-sublimation-inkjet-printer-am1808i32sh-with-8-i3200-printheads\/","title":{"rendered":"M\u00e1y in phun th\u0103ng hoa AMO AM1808i32SH v\u1edbi 8 \u0111\u1ea7u in i3200"},"content":{"rendered":"<p>M\u00e1y in phun th\u0103ng hoa AMO AM1808i32SH v\u1edbi 8 \u0111\u1ea7u in i3200<\/p>\n<p>M\u00e1y in phun th\u0103ng hoa c\u00f3 th\u1ec3 in b\u1eb1ng m\u1ef1c th\u0103ng hoa l\u00ean gi\u1ea5y chuy\u1ec3n nhi\u1ec7t \u0111\u1ec3 chu\u1ea9n b\u1ecb h\u00ecnh \u1ea3nh cho qu\u00e1 tr\u00ecnh chuy\u1ec3n nhi\u1ec7t.<br \/>\nM\u1eabu m\u00e1y n\u00e0y \u0111\u01b0\u1ee3c trang b\u1ecb tr\u1ee5c b\u01a1m h\u01a1i \u0111\u1ec3 \u0111\u1ea3m b\u1ea3o \u0111\u1ed9 c\u0103ng \u0111\u1ed3ng \u0111\u1ec1u cho gi\u1ea5y chuy\u1ec3n nhi\u1ec7t. Nh\u1edd \u0111\u00f3, m\u00e1y c\u00f3 th\u1ec3 in \u0111\u01b0\u1ee3c nh\u1eefng h\u00ecnh \u1ea3nh chuy\u1ec3n nhi\u1ec7t nh\u1eb9.<br \/>\ngi\u1ea5y d\u01b0\u1edbi 70gsm.<\/p>\n<p>Th\u00f4ng s\u1ed1 m\u00e1y<br \/>\n\u0110\u1ea7u in: 8 \u0111\u1ea7u in i3200<br \/>\nChi\u1ec1u r\u1ed9ng in: 1800MM<br \/>\nH\u1ec7 th\u1ed1ng in: HOSON<br \/>\nT\u1ed1c \u0111\u1ed9 in:<br \/>\nCh\u1ebf \u0111\u1ed9 t\u1ed1c \u0111\u1ed9 cao 173 m\u00b2\/h<br \/>\nCh\u1ebf \u0111\u1ed9 \u1ed5n \u0111\u1ecbnh 132 m\u00b2\/h<br \/>\nCh\u1ebf \u0111\u1ed9 ch\u1ea5t l\u01b0\u1ee3ng cao 97 m\u00b2\/h<br \/>\nH\u1ec7 th\u1ed1ng n\u1ea1p v\u00e0 l\u1ea5y t\u1ef1 \u0111\u1ed9ng: Tr\u1ee5c b\u01a1m h\u01a1i v\u00e0 thi\u1ebft b\u1ecb nh\u1ea3 \u0111\u01b0\u1ee3c trang b\u1ecb<br \/>\nH\u1ec7 th\u1ed1ng s\u01b0\u1edfi \u1ea5m: Thi\u1ebft b\u1ecb s\u1ea5y h\u1ed3ng ngo\u1ea1i \u0111\u1ed9c l\u1eadp \u0111\u01b0\u1ee3c trang b\u1ecb h\u1ec7 th\u1ed1ng ki\u1ec3m so\u00e1t nhi\u1ec7t \u0111\u1ed9 th\u00f4ng minh<br \/>\nChi\u1ec1u cao \u0111\u1ea7u in: C\u00f3 th\u1ec3 \u0111i\u1ec1u ch\u1ec9nh kho\u1ea3ng c\u00e1ch t\u1eeb b\u1ec7 in 2-5mm.<br \/>\nTh\u00f4ng tin m\u00e1y in<br \/>\n\u0110i\u1ec7n \u00e1p l\u00e0m vi\u1ec7c: AC220V 50\/60HZ<br \/>\nC\u00f4ng su\u1ea5t m\u00e1y in: 3500W<br \/>\nC\u00f4ng su\u1ea5t s\u01b0\u1edfi \u1ea5m: 8500W<br \/>\nM\u00f4i tr\u01b0\u1eddng l\u00e0m vi\u1ec7c:<br \/>\nNhi\u1ec7t \u0111\u1ed9 l\u00e0m vi\u1ec7c b\u00ecnh th\u01b0\u1eddng: 22-28\u2103 \u0111\u1ed9 \u1ea9m: 40%-60%<br \/>\nK\u00edch th\u01b0\u1edbc m\u00e1y: D3254MM R1140MM C1767MM<br \/>\nK\u00edch th\u01b0\u1edbc \u0111\u00f3ng g\u00f3i: 3400MM(D) 1340MM(R) 1600MM(C)<\/p>","protected":false},"excerpt":{"rendered":"<p>\u0110\u1ec3 bi\u1ebft th\u00f4ng tin chi ti\u1ebft v\u1ec1 s\u1ea3n ph\u1ea9m v\u00e0 b\u00e1o gi\u00e1 m\u1edbi nh\u1ea5t, vui l\u00f2ng li\u00ean h\u1ec7 v\u1edbi gi\u00e1m \u0111\u1ed1c b\u00e1n h\u00e0ng c\u1ee7a ch\u00fang t\u00f4i<\/p>","protected":false},"featured_media":30295,"comment_status":"open","ping_status":"closed","template":"","meta":[],"product_brand":[],"product_cat":[125],"product_tag":[],"class_list":{"0":"post-30294","1":"product","2":"type-product","3":"status-publish","4":"has-post-thumbnail","6":"product_cat-with-i3200-printhead-sublimation-printers","8":"first","9":"instock","10":"shipping-taxable","11":"purchasable","12":"product-type-simple"},"yoast_head":"<!-- This site is optimized with the Yoast SEO plugin v26.9 - https:\/\/yoast.com\/product\/yoast-seo-wordpress\/ -->\n<title>AMO Sublimation Inkjet Printer AM1808i32SH with 8 i3200 Printheads - Amo<\/title>\n<meta name=\"robots\" content=\"index, follow, max-snippet:-1, max-image-preview:large, max-video-preview:-1\" \/>\n<link rel=\"canonical\" href=\"https:\/\/superprintpro.com\/vi\/san-pham\/amo-sublimation-inkjet-printer-am1808i32sh-with-8-i3200-printheads\/\" \/>\n<meta property=\"og:locale\" content=\"vi_VN\" \/>\n<meta property=\"og:type\" content=\"article\" \/>\n<meta property=\"og:title\" content=\"AMO Sublimation Inkjet Printer AM1808i32SH with 8 i3200 Printheads - Amo\" \/>\n<meta property=\"og:description\" content=\"For product details and the latest quotes, please contact our sales manager\" \/>\n<meta property=\"og:url\" content=\"https:\/\/superprintpro.com\/vi\/san-pham\/amo-sublimation-inkjet-printer-am1808i32sh-with-8-i3200-printheads\/\" \/>\n<meta property=\"og:site_name\" content=\"Amo\" \/>\n<meta property=\"article:modified_time\" content=\"2025-08-18T09:48:33+00:00\" \/>\n<meta property=\"og:image\" content=\"https:\/\/superprintpro.com\/wp-content\/uploads\/2025\/08\/amo-sublimation-inkjet-printer-am1808i32sh-with-8-i3200-printheads.jpg\" \/>\n\t<meta property=\"og:image:width\" content=\"604\" \/>\n\t<meta property=\"og:image:height\" content=\"340\" \/>\n\t<meta property=\"og:image:type\" content=\"image\/jpeg\" \/>\n<meta name=\"twitter:card\" content=\"summary_large_image\" \/>\n<meta name=\"twitter:label1\" content=\"\u01af\u1edbc t\u00ednh th\u1eddi gian \u0111\u1ecdc\" \/>\n\t<meta name=\"twitter:data1\" content=\"1 ph\u00fat\" \/>\n<script type=\"application\/ld+json\" class=\"yoast-schema-graph\">{\"@context\":\"https:\/\/schema.org\",\"@graph\":[{\"@type\":\"WebPage\",\"@id\":\"https:\/\/superprintpro.com\/product\/amo-sublimation-inkjet-printer-am1808i32sh-with-8-i3200-printheads\/\",\"url\":\"https:\/\/superprintpro.com\/product\/amo-sublimation-inkjet-printer-am1808i32sh-with-8-i3200-printheads\/\",\"name\":\"AMO Sublimation Inkjet Printer AM1808i32SH with 8 i3200 Printheads - Amo\",\"isPartOf\":{\"@id\":\"https:\/\/superprintpro.com\/#website\"},\"primaryImageOfPage\":{\"@id\":\"https:\/\/superprintpro.com\/product\/amo-sublimation-inkjet-printer-am1808i32sh-with-8-i3200-printheads\/#primaryimage\"},\"image\":{\"@id\":\"https:\/\/superprintpro.com\/product\/amo-sublimation-inkjet-printer-am1808i32sh-with-8-i3200-printheads\/#primaryimage\"},\"thumbnailUrl\":\"https:\/\/superprintpro.com\/wp-content\/uploads\/2025\/08\/amo-sublimation-inkjet-printer-am1808i32sh-with-8-i3200-printheads.jpg\",\"datePublished\":\"2025-08-18T09:47:05+00:00\",\"dateModified\":\"2025-08-18T09:48:33+00:00\",\"breadcrumb\":{\"@id\":\"https:\/\/superprintpro.com\/product\/amo-sublimation-inkjet-printer-am1808i32sh-with-8-i3200-printheads\/#breadcrumb\"},\"inLanguage\":\"vi\",\"potentialAction\":[{\"@type\":\"ReadAction\",\"target\":[\"https:\/\/superprintpro.com\/product\/amo-sublimation-inkjet-printer-am1808i32sh-with-8-i3200-printheads\/\"]}]},{\"@type\":\"ImageObject\",\"inLanguage\":\"vi\",\"@id\":\"https:\/\/superprintpro.com\/product\/amo-sublimation-inkjet-printer-am1808i32sh-with-8-i3200-printheads\/#primaryimage\",\"url\":\"https:\/\/superprintpro.com\/wp-content\/uploads\/2025\/08\/amo-sublimation-inkjet-printer-am1808i32sh-with-8-i3200-printheads.jpg\",\"contentUrl\":\"https:\/\/superprintpro.com\/wp-content\/uploads\/2025\/08\/amo-sublimation-inkjet-printer-am1808i32sh-with-8-i3200-printheads.jpg\",\"width\":604,\"height\":340,\"caption\":\"AMO Sublimation Inkjet Printer AM1808i32SH with 8 i3200 Printheads\"},{\"@type\":\"BreadcrumbList\",\"@id\":\"https:\/\/superprintpro.com\/product\/amo-sublimation-inkjet-printer-am1808i32sh-with-8-i3200-printheads\/#breadcrumb\",\"itemListElement\":[{\"@type\":\"ListItem\",\"position\":1,\"name\":\"\u9996\u9875\",\"item\":\"https:\/\/superprintpro.com\/\"},{\"@type\":\"ListItem\",\"position\":2,\"name\":\"Shop\",\"item\":\"https:\/\/superprintpro.com\/shop\/\"},{\"@type\":\"ListItem\",\"position\":3,\"name\":\"AMO Sublimation Inkjet Printer AM1808i32SH with 8 i3200 Printheads\"}]},{\"@type\":\"WebSite\",\"@id\":\"https:\/\/superprintpro.com\/#website\",\"url\":\"https:\/\/superprintpro.com\/\",\"name\":\"Amo\",\"description\":\"\",\"potentialAction\":[{\"@type\":\"SearchAction\",\"target\":{\"@type\":\"EntryPoint\",\"urlTemplate\":\"https:\/\/superprintpro.com\/?s={search_term_string}\"},\"query-input\":{\"@type\":\"PropertyValueSpecification\",\"valueRequired\":true,\"valueName\":\"search_term_string\"}}],\"inLanguage\":\"vi\"}]}<\/script>\n<!-- \/ Yoast SEO plugin. -->","yoast_head_json":{"title":"AMO Sublimation Inkjet Printer AM1808i32SH with 8 i3200 Printheads - Amo","robots":{"index":"index","follow":"follow","max-snippet":"max-snippet:-1","max-image-preview":"max-image-preview:large","max-video-preview":"max-video-preview:-1"},"canonical":"https:\/\/superprintpro.com\/vi\/san-pham\/amo-sublimation-inkjet-printer-am1808i32sh-with-8-i3200-printheads\/","og_locale":"vi_VN","og_type":"article","og_title":"AMO Sublimation Inkjet Printer AM1808i32SH with 8 i3200 Printheads - Amo","og_description":"For product details and the latest quotes, please contact our sales manager","og_url":"https:\/\/superprintpro.com\/vi\/san-pham\/amo-sublimation-inkjet-printer-am1808i32sh-with-8-i3200-printheads\/","og_site_name":"Amo","article_modified_time":"2025-08-18T09:48:33+00:00","og_image":[{"width":604,"height":340,"url":"https:\/\/superprintpro.com\/wp-content\/uploads\/2025\/08\/amo-sublimation-inkjet-printer-am1808i32sh-with-8-i3200-printheads.jpg","type":"image\/jpeg"}],"twitter_card":"summary_large_image","twitter_misc":{"\u01af\u1edbc t\u00ednh th\u1eddi gian \u0111\u1ecdc":"1 ph\u00fat"},"schema":{"@context":"https:\/\/schema.org","@graph":[{"@type":"WebPage","@id":"https:\/\/superprintpro.com\/product\/amo-sublimation-inkjet-printer-am1808i32sh-with-8-i3200-printheads\/","url":"https:\/\/superprintpro.com\/product\/amo-sublimation-inkjet-printer-am1808i32sh-with-8-i3200-printheads\/","name":"AMO Sublimation Inkjet Printer AM1808i32SH with 8 i3200 Printheads - Amo","isPartOf":{"@id":"https:\/\/superprintpro.com\/#website"},"primaryImageOfPage":{"@id":"https:\/\/superprintpro.com\/product\/amo-sublimation-inkjet-printer-am1808i32sh-with-8-i3200-printheads\/#primaryimage"},"image":{"@id":"https:\/\/superprintpro.com\/product\/amo-sublimation-inkjet-printer-am1808i32sh-with-8-i3200-printheads\/#primaryimage"},"thumbnailUrl":"https:\/\/superprintpro.com\/wp-content\/uploads\/2025\/08\/amo-sublimation-inkjet-printer-am1808i32sh-with-8-i3200-printheads.jpg","datePublished":"2025-08-18T09:47:05+00:00","dateModified":"2025-08-18T09:48:33+00:00","breadcrumb":{"@id":"https:\/\/superprintpro.com\/product\/amo-sublimation-inkjet-printer-am1808i32sh-with-8-i3200-printheads\/#breadcrumb"},"inLanguage":"vi","potentialAction":[{"@type":"ReadAction","target":["https:\/\/superprintpro.com\/product\/amo-sublimation-inkjet-printer-am1808i32sh-with-8-i3200-printheads\/"]}]},{"@type":"ImageObject","inLanguage":"vi","@id":"https:\/\/superprintpro.com\/product\/amo-sublimation-inkjet-printer-am1808i32sh-with-8-i3200-printheads\/#primaryimage","url":"https:\/\/superprintpro.com\/wp-content\/uploads\/2025\/08\/amo-sublimation-inkjet-printer-am1808i32sh-with-8-i3200-printheads.jpg","contentUrl":"https:\/\/superprintpro.com\/wp-content\/uploads\/2025\/08\/amo-sublimation-inkjet-printer-am1808i32sh-with-8-i3200-printheads.jpg","width":604,"height":340,"caption":"AMO Sublimation Inkjet Printer AM1808i32SH with 8 i3200 Printheads"},{"@type":"BreadcrumbList","@id":"https:\/\/superprintpro.com\/product\/amo-sublimation-inkjet-printer-am1808i32sh-with-8-i3200-printheads\/#breadcrumb","itemListElement":[{"@type":"ListItem","position":1,"name":"\u9996\u9875","item":"https:\/\/superprintpro.com\/"},{"@type":"ListItem","position":2,"name":"Shop","item":"https:\/\/superprintpro.com\/shop\/"},{"@type":"ListItem","position":3,"name":"AMO Sublimation Inkjet Printer AM1808i32SH with 8 i3200 Printheads"}]},{"@type":"WebSite","@id":"https:\/\/superprintpro.com\/#website","url":"https:\/\/superprintpro.com\/","name":"Amo","description":"","potentialAction":[{"@type":"SearchAction","target":{"@type":"EntryPoint","urlTemplate":"https:\/\/superprintpro.com\/?s={search_term_string}"},"query-input":{"@type":"PropertyValueSpecification","valueRequired":true,"valueName":"search_term_string"}}],"inLanguage":"vi"}]}},"_links":{"self":[{"href":"https:\/\/superprintpro.com\/vi\/wp-json\/wp\/v2\/product\/30294","targetHints":{"allow":["GET"]}}],"collection":[{"href":"https:\/\/superprintpro.com\/vi\/wp-json\/wp\/v2\/product"}],"about":[{"href":"https:\/\/superprintpro.com\/vi\/wp-json\/wp\/v2\/types\/product"}],"replies":[{"embeddable":true,"href":"https:\/\/superprintpro.com\/vi\/wp-json\/wp\/v2\/comments?post=30294"}],"version-history":[{"count":1,"href":"https:\/\/superprintpro.com\/vi\/wp-json\/wp\/v2\/product\/30294\/revisions"}],"predecessor-version":[{"id":30296,"href":"https:\/\/superprintpro.com\/vi\/wp-json\/wp\/v2\/product\/30294\/revisions\/30296"}],"wp:featuredmedia":[{"embeddable":true,"href":"https:\/\/superprintpro.com\/vi\/wp-json\/wp\/v2\/media\/30295"}],"wp:attachment":[{"href":"https:\/\/superprintpro.com\/vi\/wp-json\/wp\/v2\/media?parent=30294"}],"wp:term":[{"taxonomy":"product_brand","embeddable":true,"href":"https:\/\/superprintpro.com\/vi\/wp-json\/wp\/v2\/product_brand?post=30294"},{"taxonomy":"product_cat","embeddable":true,"href":"https:\/\/superprintpro.com\/vi\/wp-json\/wp\/v2\/product_cat?post=30294"},{"taxonomy":"product_tag","embeddable":true,"href":"https:\/\/superprintpro.com\/vi\/wp-json\/wp\/v2\/product_tag?post=30294"}],"curies":[{"name":"wp","href":"https:\/\/api.w.org\/{rel}","templated":true}]}}