{"id":30285,"date":"2025-08-18T17:39:34","date_gmt":"2025-08-18T09:39:34","guid":{"rendered":"https:\/\/superprintpro.com\/?post_type=product&#038;p=30285"},"modified":"2025-08-18T17:39:34","modified_gmt":"2025-08-18T09:39:34","slug":"am1604a-direct-flag-printer-1-6meters-with-4-epson-i3200-printheads","status":"publish","type":"product","link":"https:\/\/superprintpro.com\/vi\/san-pham\/am1604a-direct-flag-printer-1-6meters-with-4-epson-i3200-printheads\/","title":{"rendered":"M\u00e1y in c\u1edd tr\u1ef1c ti\u1ebfp AM1604A 1,6 m\u00e9t v\u1edbi 4 \u0111\u1ea7u in Epson I3200"},"content":{"rendered":"<p>M\u00e1y in th\u0103ng hoa tr\u1ef1c ti\u1ebfp AM1604A c\u00f3 th\u1ec3 in tr\u1ef1c ti\u1ebfp l\u00ean v\u1ea3i s\u1ee3i b\u1eb1ng l\u00f2 s\u1ea5y \u0111\u1ec3 c\u1ed1 \u0111\u1ecbnh m\u00e0u m\u1ef1c. M\u00e1y in th\u0103ng hoa n\u00e0y kh\u00f4ng gi\u1ed1ng nh\u01b0 c\u00e1c lo\u1ea1i m\u00e1y in th\u0103ng hoa kh\u00e1c l\u00e0 in tr\u00ean gi\u1ea5y chuy\u1ec3n nhi\u1ec7t. \u0110\u00e2y l\u00e0 m\u00e1y in phun th\u0103ng hoa tr\u1ef1c ti\u1ebfp.<\/p>\n<p>\u0110\u1ea7u in:<br \/>\n4 chi\u1ebfc Epson i3200<br \/>\nChi\u1ec1u r\u1ed9ng b\u1ea3n in:<br \/>\n1600mm<br \/>\nT\u1ed1c \u0111\u1ed9 in:<br \/>\n360X1200DPI 140 m\u00e9t vu\u00f4ng m\u1ed7i gi\u1edd<br \/>\n360X1800DPI 95 m\u00e9t vu\u00f4ng m\u1ed7i gi\u1edd<br \/>\n720X1200DPI 70 m\u00e9t vu\u00f4ng m\u1ed7i gi\u1edd<br \/>\nPh\u1ea7n m\u1ec1m RIP:<br \/>\nMaintop6.1 o Photoprint<br \/>\nC\u00f4ng su\u1ea5t \u0111\u1ea7u v\u00e0o:<br \/>\nAC220\u00b15% 50Hz 6.5KW<br \/>\nNhi\u1ec7t \u0111\u1ed9 l\u00e0m vi\u1ec7c:<br \/>\n18C-28C<br \/>\n\u0110\u1ed9 \u1ea9m l\u00e0m vi\u1ec7c:<br \/>\n40%-60%<br \/>\nTr\u1ecdng l\u01b0\u1ee3ng m\u00e1y (kg):<br \/>\n680<br \/>\nK\u00edch th\u01b0\u1edbc m\u00e1y (mm):<br \/>\nD\u00e0i: 2880xR\u1ed9ng: 1320xCao: 1350<\/p>","protected":false},"excerpt":{"rendered":"<p>\u0110\u1ec3 bi\u1ebft th\u00f4ng tin chi ti\u1ebft v\u1ec1 s\u1ea3n ph\u1ea9m v\u00e0 b\u00e1o gi\u00e1 m\u1edbi nh\u1ea5t, vui l\u00f2ng li\u00ean h\u1ec7 v\u1edbi gi\u00e1m \u0111\u1ed1c b\u00e1n h\u00e0ng c\u1ee7a ch\u00fang t\u00f4i<\/p>","protected":false},"featured_media":30286,"comment_status":"open","ping_status":"closed","template":"","meta":[],"product_brand":[],"product_cat":[125],"product_tag":[],"class_list":{"0":"post-30285","1":"product","2":"type-product","3":"status-publish","4":"has-post-thumbnail","6":"product_cat-with-i3200-printhead-sublimation-printers","8":"first","9":"instock","10":"shipping-taxable","11":"purchasable","12":"product-type-simple"},"yoast_head":"<!-- This site is optimized with the Yoast SEO plugin v27.4 - https:\/\/yoast.com\/product\/yoast-seo-wordpress\/ -->\n<title>AM1604A Direct Flag Printer 1.6meters with 4 Epson I3200 printheads - Amo<\/title>\n<meta name=\"robots\" content=\"index, follow, max-snippet:-1, max-image-preview:large, max-video-preview:-1\" \/>\n<link rel=\"canonical\" href=\"https:\/\/superprintpro.com\/vi\/san-pham\/am1604a-direct-flag-printer-1-6meters-with-4-epson-i3200-printheads\/\" \/>\n<meta property=\"og:locale\" content=\"vi_VN\" \/>\n<meta property=\"og:type\" content=\"article\" \/>\n<meta property=\"og:title\" content=\"AM1604A Direct Flag Printer 1.6meters with 4 Epson I3200 printheads - Amo\" \/>\n<meta property=\"og:description\" content=\"For product details and the latest quotes, please contact our sales manager\" \/>\n<meta property=\"og:url\" content=\"https:\/\/superprintpro.com\/vi\/san-pham\/am1604a-direct-flag-printer-1-6meters-with-4-epson-i3200-printheads\/\" \/>\n<meta property=\"og:site_name\" content=\"Amo\" \/>\n<meta property=\"og:image\" content=\"https:\/\/superprintpro.com\/wp-content\/uploads\/2025\/08\/am1604a-direct-flag-printer-16meters-with-4-epson-i3200-printheads.jpg\" \/>\n\t<meta property=\"og:image:width\" content=\"612\" \/>\n\t<meta property=\"og:image:height\" content=\"344\" \/>\n\t<meta property=\"og:image:type\" content=\"image\/jpeg\" \/>\n<meta name=\"twitter:card\" content=\"summary_large_image\" \/>\n<script type=\"application\/ld+json\" class=\"yoast-schema-graph\">{\"@context\":\"https:\\\/\\\/schema.org\",\"@graph\":[{\"@type\":\"WebPage\",\"@id\":\"https:\\\/\\\/superprintpro.com\\\/product\\\/am1604a-direct-flag-printer-1-6meters-with-4-epson-i3200-printheads\\\/\",\"url\":\"https:\\\/\\\/superprintpro.com\\\/product\\\/am1604a-direct-flag-printer-1-6meters-with-4-epson-i3200-printheads\\\/\",\"name\":\"AM1604A Direct Flag Printer 1.6meters with 4 Epson I3200 printheads - Amo\",\"isPartOf\":{\"@id\":\"https:\\\/\\\/superprintpro.com\\\/#website\"},\"primaryImageOfPage\":{\"@id\":\"https:\\\/\\\/superprintpro.com\\\/product\\\/am1604a-direct-flag-printer-1-6meters-with-4-epson-i3200-printheads\\\/#primaryimage\"},\"image\":{\"@id\":\"https:\\\/\\\/superprintpro.com\\\/product\\\/am1604a-direct-flag-printer-1-6meters-with-4-epson-i3200-printheads\\\/#primaryimage\"},\"thumbnailUrl\":\"https:\\\/\\\/superprintpro.com\\\/wp-content\\\/uploads\\\/2025\\\/08\\\/am1604a-direct-flag-printer-16meters-with-4-epson-i3200-printheads.jpg\",\"datePublished\":\"2025-08-18T09:39:34+00:00\",\"breadcrumb\":{\"@id\":\"https:\\\/\\\/superprintpro.com\\\/product\\\/am1604a-direct-flag-printer-1-6meters-with-4-epson-i3200-printheads\\\/#breadcrumb\"},\"inLanguage\":\"vi\",\"potentialAction\":[{\"@type\":\"ReadAction\",\"target\":[\"https:\\\/\\\/superprintpro.com\\\/product\\\/am1604a-direct-flag-printer-1-6meters-with-4-epson-i3200-printheads\\\/\"]}]},{\"@type\":\"ImageObject\",\"inLanguage\":\"vi\",\"@id\":\"https:\\\/\\\/superprintpro.com\\\/product\\\/am1604a-direct-flag-printer-1-6meters-with-4-epson-i3200-printheads\\\/#primaryimage\",\"url\":\"https:\\\/\\\/superprintpro.com\\\/wp-content\\\/uploads\\\/2025\\\/08\\\/am1604a-direct-flag-printer-16meters-with-4-epson-i3200-printheads.jpg\",\"contentUrl\":\"https:\\\/\\\/superprintpro.com\\\/wp-content\\\/uploads\\\/2025\\\/08\\\/am1604a-direct-flag-printer-16meters-with-4-epson-i3200-printheads.jpg\",\"width\":612,\"height\":344,\"caption\":\"AM1604A Direct Flag Printer 1.6meters with 4 Epson I3200 printheads\"},{\"@type\":\"BreadcrumbList\",\"@id\":\"https:\\\/\\\/superprintpro.com\\\/product\\\/am1604a-direct-flag-printer-1-6meters-with-4-epson-i3200-printheads\\\/#breadcrumb\",\"itemListElement\":[{\"@type\":\"ListItem\",\"position\":1,\"name\":\"\u9996\u9875\",\"item\":\"https:\\\/\\\/superprintpro.com\\\/\"},{\"@type\":\"ListItem\",\"position\":2,\"name\":\"Shop\",\"item\":\"https:\\\/\\\/superprintpro.com\\\/shop\\\/\"},{\"@type\":\"ListItem\",\"position\":3,\"name\":\"AM1604A Direct Flag Printer 1.6meters with 4 Epson I3200 printheads\"}]},{\"@type\":\"WebSite\",\"@id\":\"https:\\\/\\\/superprintpro.com\\\/#website\",\"url\":\"https:\\\/\\\/superprintpro.com\\\/\",\"name\":\"Amo\",\"description\":\"\",\"potentialAction\":[{\"@type\":\"SearchAction\",\"target\":{\"@type\":\"EntryPoint\",\"urlTemplate\":\"https:\\\/\\\/superprintpro.com\\\/?s={search_term_string}\"},\"query-input\":{\"@type\":\"PropertyValueSpecification\",\"valueRequired\":true,\"valueName\":\"search_term_string\"}}],\"inLanguage\":\"vi\"}]}<\/script>\n<!-- \/ Yoast SEO plugin. -->","yoast_head_json":{"title":"AM1604A Direct Flag Printer 1.6meters with 4 Epson I3200 printheads - Amo","robots":{"index":"index","follow":"follow","max-snippet":"max-snippet:-1","max-image-preview":"max-image-preview:large","max-video-preview":"max-video-preview:-1"},"canonical":"https:\/\/superprintpro.com\/vi\/san-pham\/am1604a-direct-flag-printer-1-6meters-with-4-epson-i3200-printheads\/","og_locale":"vi_VN","og_type":"article","og_title":"AM1604A Direct Flag Printer 1.6meters with 4 Epson I3200 printheads - Amo","og_description":"For product details and the latest quotes, please contact our sales manager","og_url":"https:\/\/superprintpro.com\/vi\/san-pham\/am1604a-direct-flag-printer-1-6meters-with-4-epson-i3200-printheads\/","og_site_name":"Amo","og_image":[{"width":612,"height":344,"url":"https:\/\/superprintpro.com\/wp-content\/uploads\/2025\/08\/am1604a-direct-flag-printer-16meters-with-4-epson-i3200-printheads.jpg","type":"image\/jpeg"}],"twitter_card":"summary_large_image","schema":{"@context":"https:\/\/schema.org","@graph":[{"@type":"WebPage","@id":"https:\/\/superprintpro.com\/product\/am1604a-direct-flag-printer-1-6meters-with-4-epson-i3200-printheads\/","url":"https:\/\/superprintpro.com\/product\/am1604a-direct-flag-printer-1-6meters-with-4-epson-i3200-printheads\/","name":"AM1604A Direct Flag Printer 1.6meters with 4 Epson I3200 printheads - Amo","isPartOf":{"@id":"https:\/\/superprintpro.com\/#website"},"primaryImageOfPage":{"@id":"https:\/\/superprintpro.com\/product\/am1604a-direct-flag-printer-1-6meters-with-4-epson-i3200-printheads\/#primaryimage"},"image":{"@id":"https:\/\/superprintpro.com\/product\/am1604a-direct-flag-printer-1-6meters-with-4-epson-i3200-printheads\/#primaryimage"},"thumbnailUrl":"https:\/\/superprintpro.com\/wp-content\/uploads\/2025\/08\/am1604a-direct-flag-printer-16meters-with-4-epson-i3200-printheads.jpg","datePublished":"2025-08-18T09:39:34+00:00","breadcrumb":{"@id":"https:\/\/superprintpro.com\/product\/am1604a-direct-flag-printer-1-6meters-with-4-epson-i3200-printheads\/#breadcrumb"},"inLanguage":"vi","potentialAction":[{"@type":"ReadAction","target":["https:\/\/superprintpro.com\/product\/am1604a-direct-flag-printer-1-6meters-with-4-epson-i3200-printheads\/"]}]},{"@type":"ImageObject","inLanguage":"vi","@id":"https:\/\/superprintpro.com\/product\/am1604a-direct-flag-printer-1-6meters-with-4-epson-i3200-printheads\/#primaryimage","url":"https:\/\/superprintpro.com\/wp-content\/uploads\/2025\/08\/am1604a-direct-flag-printer-16meters-with-4-epson-i3200-printheads.jpg","contentUrl":"https:\/\/superprintpro.com\/wp-content\/uploads\/2025\/08\/am1604a-direct-flag-printer-16meters-with-4-epson-i3200-printheads.jpg","width":612,"height":344,"caption":"AM1604A Direct Flag Printer 1.6meters with 4 Epson I3200 printheads"},{"@type":"BreadcrumbList","@id":"https:\/\/superprintpro.com\/product\/am1604a-direct-flag-printer-1-6meters-with-4-epson-i3200-printheads\/#breadcrumb","itemListElement":[{"@type":"ListItem","position":1,"name":"\u9996\u9875","item":"https:\/\/superprintpro.com\/"},{"@type":"ListItem","position":2,"name":"Shop","item":"https:\/\/superprintpro.com\/shop\/"},{"@type":"ListItem","position":3,"name":"AM1604A Direct Flag Printer 1.6meters with 4 Epson I3200 printheads"}]},{"@type":"WebSite","@id":"https:\/\/superprintpro.com\/#website","url":"https:\/\/superprintpro.com\/","name":"Amo","description":"","potentialAction":[{"@type":"SearchAction","target":{"@type":"EntryPoint","urlTemplate":"https:\/\/superprintpro.com\/?s={search_term_string}"},"query-input":{"@type":"PropertyValueSpecification","valueRequired":true,"valueName":"search_term_string"}}],"inLanguage":"vi"}]}},"_links":{"self":[{"href":"https:\/\/superprintpro.com\/vi\/wp-json\/wp\/v2\/product\/30285","targetHints":{"allow":["GET"]}}],"collection":[{"href":"https:\/\/superprintpro.com\/vi\/wp-json\/wp\/v2\/product"}],"about":[{"href":"https:\/\/superprintpro.com\/vi\/wp-json\/wp\/v2\/types\/product"}],"replies":[{"embeddable":true,"href":"https:\/\/superprintpro.com\/vi\/wp-json\/wp\/v2\/comments?post=30285"}],"version-history":[{"count":1,"href":"https:\/\/superprintpro.com\/vi\/wp-json\/wp\/v2\/product\/30285\/revisions"}],"predecessor-version":[{"id":30287,"href":"https:\/\/superprintpro.com\/vi\/wp-json\/wp\/v2\/product\/30285\/revisions\/30287"}],"wp:featuredmedia":[{"embeddable":true,"href":"https:\/\/superprintpro.com\/vi\/wp-json\/wp\/v2\/media\/30286"}],"wp:attachment":[{"href":"https:\/\/superprintpro.com\/vi\/wp-json\/wp\/v2\/media?parent=30285"}],"wp:term":[{"taxonomy":"product_brand","embeddable":true,"href":"https:\/\/superprintpro.com\/vi\/wp-json\/wp\/v2\/product_brand?post=30285"},{"taxonomy":"product_cat","embeddable":true,"href":"https:\/\/superprintpro.com\/vi\/wp-json\/wp\/v2\/product_cat?post=30285"},{"taxonomy":"product_tag","embeddable":true,"href":"https:\/\/superprintpro.com\/vi\/wp-json\/wp\/v2\/product_tag?post=30285"}],"curies":[{"name":"wp","href":"https:\/\/api.w.org\/{rel}","templated":true}]}}