{"id":30280,"date":"2025-08-18T16:43:23","date_gmt":"2025-08-18T08:43:23","guid":{"rendered":"https:\/\/superprintpro.com\/?post_type=product&#038;p=30280"},"modified":"2025-08-18T16:43:23","modified_gmt":"2025-08-18T08:43:23","slug":"amo-hybrid-uv-inkjet-printer-am3200uvh8g6-with-8-ricoh-gen6-printhead","status":"publish","type":"product","link":"https:\/\/superprintpro.com\/vi\/san-pham\/amo-hybrid-uv-inkjet-printer-am3200uvh8g6-with-8-ricoh-gen6-printhead\/","title":{"rendered":"M\u00e1y in phun UV lai AMO AM3200UVH8G6 v\u1edbi 8 \u0111\u1ea7u in Ricoh Gen6"},"content":{"rendered":"<p>M\u00e1y in phun UV lai AMO AM3200UVH8G6 v\u1edbi 8 \u0111\u1ea7u in Ricoh Gen6.<\/p>\n<p>M\u00e1y in lai l\u00e0 s\u1ef1 k\u1ebft h\u1ee3p gi\u1eefa m\u00e1y in UV ph\u1eb3ng v\u00e0 m\u00e1y in UV cu\u1ed9n th\u00e0nh m\u1ed9t m\u00e1y, c\u00f3 ngh\u0129a l\u00e0 m\u00e1y c\u00f3 th\u1ec3 in tr\u00ean v\u1eadt li\u1ec7u m\u1ec1m cu\u1ed9n v\u00e0 v\u1eadt li\u1ec7u b\u00eca c\u1ee9ng ph\u1eb3ng.<\/p>\n<p>1. Chi\u1ec1u r\u1ed9ng in 3,2 m\u00e9t; v\u1edbi \u0111\u1ea7u in phun t\u1ed1c \u0111\u1ed9 cao Ricoh Gen6, c\u00f4ng ngh\u1ec7 gi\u1ecdt m\u1ef1c thay \u0111\u1ed5i;<br \/>\n2. Thanh ray d\u1eabn h\u01b0\u1edbng tuy\u1ebfn t\u00ednh k\u00e9p v\u00e0 thanh tr\u01b0\u1ee3t c\u00f3 \u0111\u1ed9 ch\u00ednh x\u00e1c cao + \u0111\u1ed9ng c\u01a1 AC servo k\u00e9p;<br \/>\n3. Ph\u1ea7n m\u1ec1m qu\u1ea3n l\u00fd m\u00e0u chuy\u00ean nghi\u1ec7p, c\u00f3 ch\u1ee9c n\u0103ng l\u00e0m c\u0169 m\u00e0u \u0111\u1ea7u in, ch\u1ee9c n\u0103ng ti\u1ebft ki\u1ec7m m\u1ef1c\/s\u1eafp ch\u1eef th\u00f4ng minh, ph\u1ee5c h\u1ed3i m\u00e0u cao h\u01a1n (b\u1ed1n m\u00e0u c\u00f3 th\u1ec3 ph\u1ee5c h\u1ed3i m\u00e0u \u201cv\u00e0ng\/b\u1ea1c\u201d cao);<br \/>\n4. Thi\u1ebft k\u1ebf \u0111\u01b0\u1ee3c c\u1ea5p b\u1eb1ng s\u00e1ng ch\u1ebf v\u1ec1 h\u1ec7 th\u1ed1ng ch\u1ed1ng va ch\u1ea1m c\u1ee7a \u0111\u1ea7u phun n\u01b0\u1edbc c\u00f3 \u0111\u1ed9 nh\u1ea1y cao; \u0110\u00e8n UV l\u00e0m m\u00e1t b\u1eb1ng n\u01b0\u1edbc LED;<br \/>\n5. H\u1ec7 th\u1ed1ng l\u0103n l\u00ean xu\u1ed1ng tr\u1ee5c con l\u0103n gi\u00e3n n\u1edf kh\u00f4ng kh\u00ed k\u00e9p + thanh n\u1ed5i c\u0103ng \u0111\u00f4i, kh\u00f4ng b\u1ecb l\u1ec7ch v\u00e0 nh\u0103n khi di chuy\u1ec3n t\u1ed1c \u0111\u1ed9 cao, \u0111\u1ed9 ch\u00ednh x\u00e1c b\u01b0\u1edbc cao h\u01a1n;<br \/>\n6. B\u1ed9 kh\u1eed t\u0129nh \u0111i\u1ec7n c\u00f4ng su\u1ea5t cao c\u00f3 th\u1ec3 lo\u1ea1i b\u1ecf hi\u1ec7u qu\u1ea3 c\u00e1c v\u1ea5n \u0111\u1ec1 nh\u01b0 m\u1ef1c bay v\u00e0 nh\u00f2e do t\u0129nh \u0111i\u1ec7n c\u1ee7a v\u1eadt li\u1ec7u g\u00e2y ra;<br \/>\n7. N\u1ec1n t\u1ea3ng in c\u00f3 ch\u1ee9c n\u0103ng h\u1ea5p ph\u1ee5 \u0111\u1ed9c l\u1eadp ph\u00e2n \u0111o\u1ea1n v\u00e0 \u0111i\u1ec1u ch\u1ec9nh k\u00edch th\u01b0\u1edbc h\u1ea5p ph\u1ee5 \u0111\u1ed9c l\u1eadp. V\u1edbi qu\u1ea1t tuabin m\u1ea1nh m\u1ebd, \u00eam \u00e1i, m\u00e1y c\u00f3 th\u1ec3 th\u00edch \u1ee9ng v\u1edbi vi\u1ec7c h\u1ea5p ph\u1ee5 nhi\u1ec1u lo\u1ea1i v\u1eadt li\u1ec7u c\u00f3 \u0111\u1ed9 d\u00e0y kh\u00e1c nhau v\u00e0 ho\u1ea1t \u0111\u1ed9ng v\u1edbi nhi\u1ec1u lo\u1ea1i v\u1eadt li\u1ec7u ph\u1ee9c t\u1ea1p kh\u00e1c nhau.<\/p>\n<p>Chi\u1ec1u r\u1ed9ng in t\u1ed1i \u0111a: 3200 mm<br \/>\n\u0110\u1ea7u in: 8 \u0111\u1ea7u in Ricoh Gen6<br \/>\nT\u1ed1c \u0111\u1ed9 in c\u1ee7a \u0111\u1ea7u in b\u1ed1n h\u00e0ng<br \/>\n\u00c1nh s\u00e1ng ngo\u00e0i tr\u1eddi: 35-260m\u00b2\/h<br \/>\n\u00c1nh s\u00e1ng b\u00ean trong: 190-135m\u00b2\/h<br \/>\nC+W+C:33-66m\u00b2\/h<\/p>\n<p>Gi\u1ea3i ph\u00e1p \u1ee9ng d\u1ee5ng M\u00e0ng m\u1ec1m\/Bi\u1ec3u ng\u1eef Flex\/Bi\u1ec3u ng\u1eef Flex tr\u00e1ng\/Mi\u1ebfng \u0111\u00e8n\/T\u0129nh \u0111i\u1ec7n trong su\u1ed1t<br \/>\nv\u1eadt li\u1ec7u phim\/v\u1ea3i b\u1ea1t\/da\/d\u1ec7t (h\u1ea7u h\u1ebft m\u1ecdi v\u1eadt li\u1ec7u m\u1ec1m) v\u00e0 v\u1eadt li\u1ec7u ph\u1eb3ng nh\u01b0 t\u1ea5m PVC, t\u1ea5m acrylic, v.v.<br \/>\nC\u00f4ng su\u1ea5t AC220V\/50\/60HZ\/3800W<br \/>\nK\u00edch th\u01b0\u1edbc m\u00e1y in: D\u00e0i 4260mm * R\u1ed9ng 1750mm * Cao 1650mm<br \/>\nK\u00edch th\u01b0\u1edbc \u0111\u00f3ng g\u00f3i: D\u00e0i 4310mm * R\u1ed9ng 1800mm * Cao 1700mm<br \/>\nTr\u1ecdng l\u01b0\u1ee3ng t\u1ecbnh b\u00f3ng: 1500 kg\/1800 kg<\/p>","protected":false},"excerpt":{"rendered":"<p>\u0110\u1ec3 bi\u1ebft th\u00f4ng tin chi ti\u1ebft v\u1ec1 s\u1ea3n ph\u1ea9m v\u00e0 b\u00e1o gi\u00e1 m\u1edbi nh\u1ea5t, vui l\u00f2ng li\u00ean h\u1ec7 v\u1edbi gi\u00e1m \u0111\u1ed1c b\u00e1n h\u00e0ng c\u1ee7a ch\u00fang t\u00f4i<\/p>","protected":false},"featured_media":30281,"comment_status":"open","ping_status":"closed","template":"","meta":[],"product_brand":[],"product_cat":[119],"product_tag":[],"class_list":{"0":"post-30280","1":"product","2":"type-product","3":"status-publish","4":"has-post-thumbnail","6":"product_cat-with-ricoh-gen6-printheads","8":"first","9":"instock","10":"shipping-taxable","11":"purchasable","12":"product-type-simple"},"yoast_head":"<!-- This site is optimized with the Yoast SEO plugin v26.9 - https:\/\/yoast.com\/product\/yoast-seo-wordpress\/ -->\n<title>AMO Hybrid UV Inkjet Printer AM3200UVH8G6 with 8 Ricoh Gen6 printhead - Amo<\/title>\n<meta name=\"robots\" content=\"index, follow, max-snippet:-1, max-image-preview:large, max-video-preview:-1\" \/>\n<link rel=\"canonical\" href=\"https:\/\/superprintpro.com\/vi\/san-pham\/amo-hybrid-uv-inkjet-printer-am3200uvh8g6-with-8-ricoh-gen6-printhead\/\" \/>\n<meta property=\"og:locale\" content=\"vi_VN\" \/>\n<meta property=\"og:type\" content=\"article\" \/>\n<meta property=\"og:title\" content=\"AMO Hybrid UV Inkjet Printer AM3200UVH8G6 with 8 Ricoh Gen6 printhead - Amo\" \/>\n<meta property=\"og:description\" content=\"For product details and the latest quotes, please contact our sales manager\" \/>\n<meta property=\"og:url\" content=\"https:\/\/superprintpro.com\/vi\/san-pham\/amo-hybrid-uv-inkjet-printer-am3200uvh8g6-with-8-ricoh-gen6-printhead\/\" \/>\n<meta property=\"og:site_name\" content=\"Amo\" \/>\n<meta property=\"og:image\" content=\"https:\/\/superprintpro.com\/wp-content\/uploads\/2025\/08\/amo-hybrid-uv-inkjet-printer-am3200uvh8g6-with-8-ricoh-gen6-printhead.jpg\" \/>\n\t<meta property=\"og:image:width\" content=\"610\" \/>\n\t<meta property=\"og:image:height\" content=\"343\" \/>\n\t<meta property=\"og:image:type\" content=\"image\/jpeg\" \/>\n<meta name=\"twitter:card\" content=\"summary_large_image\" \/>\n<meta name=\"twitter:label1\" content=\"\u01af\u1edbc t\u00ednh th\u1eddi gian \u0111\u1ecdc\" \/>\n\t<meta name=\"twitter:data1\" content=\"1 ph\u00fat\" \/>\n<script type=\"application\/ld+json\" class=\"yoast-schema-graph\">{\"@context\":\"https:\/\/schema.org\",\"@graph\":[{\"@type\":\"WebPage\",\"@id\":\"https:\/\/superprintpro.com\/product\/amo-hybrid-uv-inkjet-printer-am3200uvh8g6-with-8-ricoh-gen6-printhead\/\",\"url\":\"https:\/\/superprintpro.com\/product\/amo-hybrid-uv-inkjet-printer-am3200uvh8g6-with-8-ricoh-gen6-printhead\/\",\"name\":\"AMO Hybrid UV Inkjet Printer AM3200UVH8G6 with 8 Ricoh Gen6 printhead - Amo\",\"isPartOf\":{\"@id\":\"https:\/\/superprintpro.com\/#website\"},\"primaryImageOfPage\":{\"@id\":\"https:\/\/superprintpro.com\/product\/amo-hybrid-uv-inkjet-printer-am3200uvh8g6-with-8-ricoh-gen6-printhead\/#primaryimage\"},\"image\":{\"@id\":\"https:\/\/superprintpro.com\/product\/amo-hybrid-uv-inkjet-printer-am3200uvh8g6-with-8-ricoh-gen6-printhead\/#primaryimage\"},\"thumbnailUrl\":\"https:\/\/superprintpro.com\/wp-content\/uploads\/2025\/08\/amo-hybrid-uv-inkjet-printer-am3200uvh8g6-with-8-ricoh-gen6-printhead.jpg\",\"datePublished\":\"2025-08-18T08:43:23+00:00\",\"breadcrumb\":{\"@id\":\"https:\/\/superprintpro.com\/product\/amo-hybrid-uv-inkjet-printer-am3200uvh8g6-with-8-ricoh-gen6-printhead\/#breadcrumb\"},\"inLanguage\":\"vi\",\"potentialAction\":[{\"@type\":\"ReadAction\",\"target\":[\"https:\/\/superprintpro.com\/product\/amo-hybrid-uv-inkjet-printer-am3200uvh8g6-with-8-ricoh-gen6-printhead\/\"]}]},{\"@type\":\"ImageObject\",\"inLanguage\":\"vi\",\"@id\":\"https:\/\/superprintpro.com\/product\/amo-hybrid-uv-inkjet-printer-am3200uvh8g6-with-8-ricoh-gen6-printhead\/#primaryimage\",\"url\":\"https:\/\/superprintpro.com\/wp-content\/uploads\/2025\/08\/amo-hybrid-uv-inkjet-printer-am3200uvh8g6-with-8-ricoh-gen6-printhead.jpg\",\"contentUrl\":\"https:\/\/superprintpro.com\/wp-content\/uploads\/2025\/08\/amo-hybrid-uv-inkjet-printer-am3200uvh8g6-with-8-ricoh-gen6-printhead.jpg\",\"width\":610,\"height\":343,\"caption\":\"AMO Hybrid UV Inkjet Printer AM3200UVH8G6 with 8 Ricoh Gen6 printhead\"},{\"@type\":\"BreadcrumbList\",\"@id\":\"https:\/\/superprintpro.com\/product\/amo-hybrid-uv-inkjet-printer-am3200uvh8g6-with-8-ricoh-gen6-printhead\/#breadcrumb\",\"itemListElement\":[{\"@type\":\"ListItem\",\"position\":1,\"name\":\"\u9996\u9875\",\"item\":\"https:\/\/superprintpro.com\/\"},{\"@type\":\"ListItem\",\"position\":2,\"name\":\"Shop\",\"item\":\"https:\/\/superprintpro.com\/shop\/\"},{\"@type\":\"ListItem\",\"position\":3,\"name\":\"AMO Hybrid UV Inkjet Printer AM3200UVH8G6 with 8 Ricoh Gen6 printhead\"}]},{\"@type\":\"WebSite\",\"@id\":\"https:\/\/superprintpro.com\/#website\",\"url\":\"https:\/\/superprintpro.com\/\",\"name\":\"Amo\",\"description\":\"\",\"potentialAction\":[{\"@type\":\"SearchAction\",\"target\":{\"@type\":\"EntryPoint\",\"urlTemplate\":\"https:\/\/superprintpro.com\/?s={search_term_string}\"},\"query-input\":{\"@type\":\"PropertyValueSpecification\",\"valueRequired\":true,\"valueName\":\"search_term_string\"}}],\"inLanguage\":\"vi\"}]}<\/script>\n<!-- \/ Yoast SEO plugin. -->","yoast_head_json":{"title":"AMO Hybrid UV Inkjet Printer AM3200UVH8G6 with 8 Ricoh Gen6 printhead - Amo","robots":{"index":"index","follow":"follow","max-snippet":"max-snippet:-1","max-image-preview":"max-image-preview:large","max-video-preview":"max-video-preview:-1"},"canonical":"https:\/\/superprintpro.com\/vi\/san-pham\/amo-hybrid-uv-inkjet-printer-am3200uvh8g6-with-8-ricoh-gen6-printhead\/","og_locale":"vi_VN","og_type":"article","og_title":"AMO Hybrid UV Inkjet Printer AM3200UVH8G6 with 8 Ricoh Gen6 printhead - Amo","og_description":"For product details and the latest quotes, please contact our sales manager","og_url":"https:\/\/superprintpro.com\/vi\/san-pham\/amo-hybrid-uv-inkjet-printer-am3200uvh8g6-with-8-ricoh-gen6-printhead\/","og_site_name":"Amo","og_image":[{"width":610,"height":343,"url":"https:\/\/superprintpro.com\/wp-content\/uploads\/2025\/08\/amo-hybrid-uv-inkjet-printer-am3200uvh8g6-with-8-ricoh-gen6-printhead.jpg","type":"image\/jpeg"}],"twitter_card":"summary_large_image","twitter_misc":{"\u01af\u1edbc t\u00ednh th\u1eddi gian \u0111\u1ecdc":"1 ph\u00fat"},"schema":{"@context":"https:\/\/schema.org","@graph":[{"@type":"WebPage","@id":"https:\/\/superprintpro.com\/product\/amo-hybrid-uv-inkjet-printer-am3200uvh8g6-with-8-ricoh-gen6-printhead\/","url":"https:\/\/superprintpro.com\/product\/amo-hybrid-uv-inkjet-printer-am3200uvh8g6-with-8-ricoh-gen6-printhead\/","name":"AMO Hybrid UV Inkjet Printer AM3200UVH8G6 with 8 Ricoh Gen6 printhead - Amo","isPartOf":{"@id":"https:\/\/superprintpro.com\/#website"},"primaryImageOfPage":{"@id":"https:\/\/superprintpro.com\/product\/amo-hybrid-uv-inkjet-printer-am3200uvh8g6-with-8-ricoh-gen6-printhead\/#primaryimage"},"image":{"@id":"https:\/\/superprintpro.com\/product\/amo-hybrid-uv-inkjet-printer-am3200uvh8g6-with-8-ricoh-gen6-printhead\/#primaryimage"},"thumbnailUrl":"https:\/\/superprintpro.com\/wp-content\/uploads\/2025\/08\/amo-hybrid-uv-inkjet-printer-am3200uvh8g6-with-8-ricoh-gen6-printhead.jpg","datePublished":"2025-08-18T08:43:23+00:00","breadcrumb":{"@id":"https:\/\/superprintpro.com\/product\/amo-hybrid-uv-inkjet-printer-am3200uvh8g6-with-8-ricoh-gen6-printhead\/#breadcrumb"},"inLanguage":"vi","potentialAction":[{"@type":"ReadAction","target":["https:\/\/superprintpro.com\/product\/amo-hybrid-uv-inkjet-printer-am3200uvh8g6-with-8-ricoh-gen6-printhead\/"]}]},{"@type":"ImageObject","inLanguage":"vi","@id":"https:\/\/superprintpro.com\/product\/amo-hybrid-uv-inkjet-printer-am3200uvh8g6-with-8-ricoh-gen6-printhead\/#primaryimage","url":"https:\/\/superprintpro.com\/wp-content\/uploads\/2025\/08\/amo-hybrid-uv-inkjet-printer-am3200uvh8g6-with-8-ricoh-gen6-printhead.jpg","contentUrl":"https:\/\/superprintpro.com\/wp-content\/uploads\/2025\/08\/amo-hybrid-uv-inkjet-printer-am3200uvh8g6-with-8-ricoh-gen6-printhead.jpg","width":610,"height":343,"caption":"AMO Hybrid UV Inkjet Printer AM3200UVH8G6 with 8 Ricoh Gen6 printhead"},{"@type":"BreadcrumbList","@id":"https:\/\/superprintpro.com\/product\/amo-hybrid-uv-inkjet-printer-am3200uvh8g6-with-8-ricoh-gen6-printhead\/#breadcrumb","itemListElement":[{"@type":"ListItem","position":1,"name":"\u9996\u9875","item":"https:\/\/superprintpro.com\/"},{"@type":"ListItem","position":2,"name":"Shop","item":"https:\/\/superprintpro.com\/shop\/"},{"@type":"ListItem","position":3,"name":"AMO Hybrid UV Inkjet Printer AM3200UVH8G6 with 8 Ricoh Gen6 printhead"}]},{"@type":"WebSite","@id":"https:\/\/superprintpro.com\/#website","url":"https:\/\/superprintpro.com\/","name":"Amo","description":"","potentialAction":[{"@type":"SearchAction","target":{"@type":"EntryPoint","urlTemplate":"https:\/\/superprintpro.com\/?s={search_term_string}"},"query-input":{"@type":"PropertyValueSpecification","valueRequired":true,"valueName":"search_term_string"}}],"inLanguage":"vi"}]}},"_links":{"self":[{"href":"https:\/\/superprintpro.com\/vi\/wp-json\/wp\/v2\/product\/30280","targetHints":{"allow":["GET"]}}],"collection":[{"href":"https:\/\/superprintpro.com\/vi\/wp-json\/wp\/v2\/product"}],"about":[{"href":"https:\/\/superprintpro.com\/vi\/wp-json\/wp\/v2\/types\/product"}],"replies":[{"embeddable":true,"href":"https:\/\/superprintpro.com\/vi\/wp-json\/wp\/v2\/comments?post=30280"}],"version-history":[{"count":1,"href":"https:\/\/superprintpro.com\/vi\/wp-json\/wp\/v2\/product\/30280\/revisions"}],"predecessor-version":[{"id":30282,"href":"https:\/\/superprintpro.com\/vi\/wp-json\/wp\/v2\/product\/30280\/revisions\/30282"}],"wp:featuredmedia":[{"embeddable":true,"href":"https:\/\/superprintpro.com\/vi\/wp-json\/wp\/v2\/media\/30281"}],"wp:attachment":[{"href":"https:\/\/superprintpro.com\/vi\/wp-json\/wp\/v2\/media?parent=30280"}],"wp:term":[{"taxonomy":"product_brand","embeddable":true,"href":"https:\/\/superprintpro.com\/vi\/wp-json\/wp\/v2\/product_brand?post=30280"},{"taxonomy":"product_cat","embeddable":true,"href":"https:\/\/superprintpro.com\/vi\/wp-json\/wp\/v2\/product_cat?post=30280"},{"taxonomy":"product_tag","embeddable":true,"href":"https:\/\/superprintpro.com\/vi\/wp-json\/wp\/v2\/product_tag?post=30280"}],"curies":[{"name":"wp","href":"https:\/\/api.w.org\/{rel}","templated":true}]}}