{"id":30212,"date":"2025-08-18T15:31:29","date_gmt":"2025-08-18T07:31:29","guid":{"rendered":"https:\/\/superprintpro.com\/?post_type=product&#038;p=30212"},"modified":"2025-08-18T15:31:29","modified_gmt":"2025-08-18T07:31:29","slug":"amo-uv-flatbed-inkjet-printer-am3020uvb3g5-with-3-pieces-ricoh-gen5-printheads","status":"publish","type":"product","link":"https:\/\/superprintpro.com\/vi\/san-pham\/amo-uv-flatbed-inkjet-printer-am3020uvb3g5-with-3-pieces-ricoh-gen5-printheads\/","title":{"rendered":"M\u00e1y in phun ph\u1eb3ng AMO UV AM3020UVB3G5 v\u1edbi 3 \u0111\u1ea7u in Ricoh Gen5"},"content":{"rendered":"<div class=\"product-tabs-wrapper\">\n<div class=\"container product-tabs-inner\">\n<div class=\"woocommerce-tabs wc-tabs-wrapper tabs-layout-tabs wd-opener-pos-right wd-opener-style-arrow\" data-state=\"first\" data-layout=\"tabs\">\n<div class=\"wd-accordion-item\">\n<div id=\"tab-description\" class=\"entry-content woocommerce-Tabs-panel woocommerce-Tabs-panel--description wd-active panel wc-tab\" role=\"tabpanel\" aria-labelledby=\"tab-title-description\" data-accordion-index=\"description\">\n<div class=\"wc-tab-inner wd-entry-content\">\n<p>M\u00e1y in phun ph\u1eb3ng AMO UV AM3020UVB3G5 v\u1edbi 3 \u0111\u1ea7u in Ricoh Gen5<\/p>\n<p>1. Trang b\u1ecb 3 m\u00e1y Ricoh G5<br \/>\n2. \u0110\u01b0\u1ee3c trang b\u1ecb thanh tr\u01b0\u1ee3t v\u00e0 thanh d\u1eabn h\u01b0\u1edbng tuy\u1ebfn t\u00ednh kh\u00f4ng g\u00e2y ti\u1ebfng \u1ed3n c\u00f9ng \u0111\u1ed9ng c\u01a1 c\u00f3 \u0111\u1ed9 ch\u00ednh x\u00e1c cao<br \/>\n3. Thi\u1ebft b\u1ecb \u0111o chi\u1ec1u cao t\u1ef1 \u0111\u1ed9ng c\u00f3 \u0111\u1ed9 ch\u00ednh x\u00e1c cao. \u0110\u01b0\u1ee3c trang b\u1ecb thi\u1ebft b\u1ecb ch\u1ed1ng va ch\u1ea1m cho \u0111\u1ea7u in \u1edf 2 m\u1eb7t;<br \/>\n4. Ch\u1ee9c n\u0103ng \u0111\u1ecbnh v\u1ecb t\u1ef1 \u0111\u1ed9ng b\u1eb1ng m\u1ed9t n\u00fat b\u1ea5m \u0111\u01b0\u1ee3c trang b\u1ecb \u0111\u1ec3 in d\u1ec5 d\u00e0ng h\u01a1n l\u00ean b\u1ea3ng c\u00f3 k\u00edch th\u01b0\u1edbc l\u1edbn h\u01a1n, thu\u1eadn ti\u1ec7n h\u01a1n v\u00e0 d\u1ec5 v\u1eadn h\u00e0nh b\u1edfi m\u1ed9t ng\u01b0\u1eddi;<br \/>\n5. B\u1ed9 kh\u1eed t\u0129nh \u0111i\u1ec7n c\u00f4ng su\u1ea5t cao, lo\u1ea1i b\u1ecf hi\u1ec7u qu\u1ea3 t\u0129nh \u0111i\u1ec7n tr\u00ean v\u1eadt li\u1ec7u in, lo\u1ea1i b\u1ecf t\u0129nh \u0111i\u1ec7n do m\u1ef1c bay ho\u1eb7c kh\u00f4ng c\u00f3 khe h\u1edf trong qu\u00e1 tr\u00ecnh in.<br \/>\n6. Ch\u1ee9c n\u0103ng phun t\u1ef1 \u0111\u1ed9ng \u0111\u1ea7u in, \u1edf tr\u1ea1ng th\u00e1i ch\u1edd, c\u00e1c v\u00f2i phun c\u1ee7a \u0111\u1ea7u in s\u1ebd t\u1ef1 \u0111\u1ed9ng phun sau m\u1ed7i 2 gi\u1edd, tr\u00e1nh l\u00e0m kh\u00f4 v\u00f2i phun;<br \/>\n7. Ch\u1ee9c n\u0103ng l\u00e0m n\u00f3ng nhi\u1ec7t \u0111\u1ed9 kh\u00f4ng \u0111\u1ed5i c\u1ee7a h\u1ed9p m\u1ef1c th\u1ee9 c\u1ea5p, ch\u1ee9c n\u0103ng tu\u1ea7n ho\u00e0n m\u1ef1c tr\u1eafng b\u00ean trong, ng\u0103n ng\u1eeba m\u1ef1c tr\u1eafng k\u1ebft t\u1ee7a, c\u1ea3i thi\u1ec7n \u0111\u1ed9 l\u01b0u \u0111\u1ed9ng c\u1ee7a m\u1ef1c, gi\u1ea3m kh\u1ea3 n\u0103ng t\u1eafc ngh\u1ebdn;<br \/>\n8. C\u00f4ng t\u1eafc van c\u01a1 h\u1ecdc th\u1ee7 c\u00f4ng ng\u0103n m\u1ef1c tr\u00e0o ng\u01b0\u1ee3c khi t\u1eaft thi\u1ebft b\u1ecb, do \u0111\u00f3 ti\u1ebft ki\u1ec7m \u0111\u01b0\u1ee3c nhi\u1ec1u m\u1ef1c h\u01a1n;<br \/>\nQu\u1ea1t h\u00fat tuabin m\u1ea1nh m\u1ebd c\u00f4ng su\u1ea5t cao 9,3-4,5Kw, \u0111\u01b0\u1ee3c trang b\u1ecb b\u1ed9 gi\u1ea3m thanh, cung c\u1ea5p l\u1ef1c h\u00fat m\u1ea1nh m\u1ebd v\u00e0 m\u00f4i tr\u01b0\u1eddng y\u00ean t\u0129nh<\/p>\n<p>Th\u00f4ng s\u1ed1 m\u00e1y<br \/>\nChi\u1ec1u r\u1ed9ng in t\u1ed1i \u0111a: 300cm*200cm<br \/>\nChi\u1ec1u cao in: 150mm \u0111\u1ebfn 300mm C\u00f3 th\u1ec3 t\u00f9y ch\u1ec9nh<br \/>\n\u0110\u1ea7u in: 3 \u0111\u1ea7u in Ricoh Gen5<br \/>\nT\u1ed1c \u0111\u1ed9 in: 12-45m\u00b2\/h<br \/>\nV\u1eadt li\u1ec7u: C\u00f3 th\u1ec3 in h\u1ea7u h\u1ebft m\u1ecdi v\u1eadt li\u1ec7u ph\u1eb3ng, v\u1eadt li\u1ec7u ba chi\u1ec1u, l\u00f5m v\u00e0 l\u1ed3i, m\u1ec1m v\u00e0 c\u1ee9ng. V\u00ed d\u1ee5:<br \/>\nt\u1ea5m acrylic, t\u1ea5m kim lo\u1ea1i, k\u00ednh, t\u1ea5m g\u1ed7, s\u00e0n g\u1ed1m, b\u00eca c\u1ee9ng, da nh\u1ef1a, v\u1ea3i d\u1ec7t, v.v.<br \/>\ngi\u1ea5y d\u00e1n t\u01b0\u1eddng, PC\/PE\/PVC<br \/>\nC\u00f4ng su\u1ea5t: AC220\/110\u00b110.50HZ~60HZ,4500W\/6000W<br \/>\nK\u00edch th\u01b0\u1edbc m\u00e1y \/ K\u00edch th\u01b0\u1edbc \u0111\u00f3ng g\u00f3i: D\u00e0i 4600mm * R\u1ed9ng 2688mm * Cao 1450mm D\u00e0i \/ 4910mm * R\u1ed9ng 3288mm * Cao 1660mm<br \/>\nTr\u1ecdng l\u01b0\u1ee3ng t\u1ecbnh\/t\u1ed5ng 1760kg\/2050kg<\/p>\n<\/div>\n<\/div>\n<\/div>\n<div class=\"wd-accordion-item\"><\/div>\n<\/div>\n<\/div>\n<\/div>\n<div class=\"container related-and-upsells\">\n<div id=\"carousel-883\" class=\"wd-carousel-container  related-products with-title wd-products-element wd-products products\">\n<h2 class=\"wd-el-title title slider-title element-title\">S\u1ea3n ph\u1ea9m li\u00ean quan<\/h2>\n<\/div>\n<\/div>","protected":false},"excerpt":{"rendered":"<p>\u0110\u1ec3 bi\u1ebft th\u00f4ng tin chi ti\u1ebft v\u1ec1 s\u1ea3n ph\u1ea9m v\u00e0 b\u00e1o gi\u00e1 m\u1edbi nh\u1ea5t, vui l\u00f2ng li\u00ean h\u1ec7 v\u1edbi gi\u00e1m \u0111\u1ed1c b\u00e1n h\u00e0ng c\u1ee7a ch\u00fang t\u00f4i<\/p>","protected":false},"featured_media":30213,"comment_status":"open","ping_status":"closed","template":"","meta":[],"product_brand":[],"product_cat":[110],"product_tag":[],"class_list":{"0":"post-30212","1":"product","2":"type-product","3":"status-publish","4":"has-post-thumbnail","6":"product_cat-with-ricoh-gen5-printhead","8":"first","9":"instock","10":"shipping-taxable","11":"purchasable","12":"product-type-simple"},"yoast_head":"<!-- This site is optimized with the Yoast SEO plugin v26.9 - https:\/\/yoast.com\/product\/yoast-seo-wordpress\/ -->\n<title>AMO UV Flatbed Inkjet Printer AM3020UVB3G5 with 3 pieces Ricoh Gen5 Printheads - Amo<\/title>\n<meta name=\"robots\" content=\"index, follow, max-snippet:-1, max-image-preview:large, max-video-preview:-1\" \/>\n<link rel=\"canonical\" href=\"https:\/\/superprintpro.com\/vi\/san-pham\/amo-uv-flatbed-inkjet-printer-am3020uvb3g5-with-3-pieces-ricoh-gen5-printheads\/\" \/>\n<meta property=\"og:locale\" content=\"vi_VN\" \/>\n<meta property=\"og:type\" content=\"article\" \/>\n<meta property=\"og:title\" content=\"AMO UV Flatbed Inkjet Printer AM3020UVB3G5 with 3 pieces Ricoh Gen5 Printheads - Amo\" \/>\n<meta property=\"og:description\" content=\"For product details and the latest quotes, please contact our sales manager\" \/>\n<meta property=\"og:url\" content=\"https:\/\/superprintpro.com\/vi\/san-pham\/amo-uv-flatbed-inkjet-printer-am3020uvb3g5-with-3-pieces-ricoh-gen5-printheads\/\" \/>\n<meta property=\"og:site_name\" content=\"Amo\" \/>\n<meta property=\"og:image\" content=\"https:\/\/superprintpro.com\/wp-content\/uploads\/2025\/08\/amo-uv-flatbed-inkjet-printer-am3020uvb3g5-with-3-pieces-ricoh-gen5-printheads.jpg\" \/>\n\t<meta property=\"og:image:width\" content=\"618\" \/>\n\t<meta property=\"og:image:height\" content=\"348\" \/>\n\t<meta property=\"og:image:type\" content=\"image\/jpeg\" \/>\n<meta name=\"twitter:card\" content=\"summary_large_image\" \/>\n<meta name=\"twitter:label1\" content=\"\u01af\u1edbc t\u00ednh th\u1eddi gian \u0111\u1ecdc\" \/>\n\t<meta name=\"twitter:data1\" content=\"1 ph\u00fat\" \/>\n<script type=\"application\/ld+json\" class=\"yoast-schema-graph\">{\"@context\":\"https:\/\/schema.org\",\"@graph\":[{\"@type\":\"WebPage\",\"@id\":\"https:\/\/superprintpro.com\/product\/amo-uv-flatbed-inkjet-printer-am3020uvb3g5-with-3-pieces-ricoh-gen5-printheads\/\",\"url\":\"https:\/\/superprintpro.com\/product\/amo-uv-flatbed-inkjet-printer-am3020uvb3g5-with-3-pieces-ricoh-gen5-printheads\/\",\"name\":\"AMO UV Flatbed Inkjet Printer AM3020UVB3G5 with 3 pieces Ricoh Gen5 Printheads - Amo\",\"isPartOf\":{\"@id\":\"https:\/\/superprintpro.com\/#website\"},\"primaryImageOfPage\":{\"@id\":\"https:\/\/superprintpro.com\/product\/amo-uv-flatbed-inkjet-printer-am3020uvb3g5-with-3-pieces-ricoh-gen5-printheads\/#primaryimage\"},\"image\":{\"@id\":\"https:\/\/superprintpro.com\/product\/amo-uv-flatbed-inkjet-printer-am3020uvb3g5-with-3-pieces-ricoh-gen5-printheads\/#primaryimage\"},\"thumbnailUrl\":\"https:\/\/superprintpro.com\/wp-content\/uploads\/2025\/08\/amo-uv-flatbed-inkjet-printer-am3020uvb3g5-with-3-pieces-ricoh-gen5-printheads.jpg\",\"datePublished\":\"2025-08-18T07:31:29+00:00\",\"breadcrumb\":{\"@id\":\"https:\/\/superprintpro.com\/product\/amo-uv-flatbed-inkjet-printer-am3020uvb3g5-with-3-pieces-ricoh-gen5-printheads\/#breadcrumb\"},\"inLanguage\":\"vi\",\"potentialAction\":[{\"@type\":\"ReadAction\",\"target\":[\"https:\/\/superprintpro.com\/product\/amo-uv-flatbed-inkjet-printer-am3020uvb3g5-with-3-pieces-ricoh-gen5-printheads\/\"]}]},{\"@type\":\"ImageObject\",\"inLanguage\":\"vi\",\"@id\":\"https:\/\/superprintpro.com\/product\/amo-uv-flatbed-inkjet-printer-am3020uvb3g5-with-3-pieces-ricoh-gen5-printheads\/#primaryimage\",\"url\":\"https:\/\/superprintpro.com\/wp-content\/uploads\/2025\/08\/amo-uv-flatbed-inkjet-printer-am3020uvb3g5-with-3-pieces-ricoh-gen5-printheads.jpg\",\"contentUrl\":\"https:\/\/superprintpro.com\/wp-content\/uploads\/2025\/08\/amo-uv-flatbed-inkjet-printer-am3020uvb3g5-with-3-pieces-ricoh-gen5-printheads.jpg\",\"width\":618,\"height\":348,\"caption\":\"AMO UV Flatbed Inkjet Printer AM3020UVB3G5 with 3 pieces Ricoh Gen5 Printheads\"},{\"@type\":\"BreadcrumbList\",\"@id\":\"https:\/\/superprintpro.com\/product\/amo-uv-flatbed-inkjet-printer-am3020uvb3g5-with-3-pieces-ricoh-gen5-printheads\/#breadcrumb\",\"itemListElement\":[{\"@type\":\"ListItem\",\"position\":1,\"name\":\"\u9996\u9875\",\"item\":\"https:\/\/superprintpro.com\/\"},{\"@type\":\"ListItem\",\"position\":2,\"name\":\"Shop\",\"item\":\"https:\/\/superprintpro.com\/shop\/\"},{\"@type\":\"ListItem\",\"position\":3,\"name\":\"AMO UV Flatbed Inkjet Printer AM3020UVB3G5 with 3 pieces Ricoh Gen5 Printheads\"}]},{\"@type\":\"WebSite\",\"@id\":\"https:\/\/superprintpro.com\/#website\",\"url\":\"https:\/\/superprintpro.com\/\",\"name\":\"Amo\",\"description\":\"\",\"potentialAction\":[{\"@type\":\"SearchAction\",\"target\":{\"@type\":\"EntryPoint\",\"urlTemplate\":\"https:\/\/superprintpro.com\/?s={search_term_string}\"},\"query-input\":{\"@type\":\"PropertyValueSpecification\",\"valueRequired\":true,\"valueName\":\"search_term_string\"}}],\"inLanguage\":\"vi\"}]}<\/script>\n<!-- \/ Yoast SEO plugin. -->","yoast_head_json":{"title":"AMO UV Flatbed Inkjet Printer AM3020UVB3G5 with 3 pieces Ricoh Gen5 Printheads - Amo","robots":{"index":"index","follow":"follow","max-snippet":"max-snippet:-1","max-image-preview":"max-image-preview:large","max-video-preview":"max-video-preview:-1"},"canonical":"https:\/\/superprintpro.com\/vi\/san-pham\/amo-uv-flatbed-inkjet-printer-am3020uvb3g5-with-3-pieces-ricoh-gen5-printheads\/","og_locale":"vi_VN","og_type":"article","og_title":"AMO UV Flatbed Inkjet Printer AM3020UVB3G5 with 3 pieces Ricoh Gen5 Printheads - Amo","og_description":"For product details and the latest quotes, please contact our sales manager","og_url":"https:\/\/superprintpro.com\/vi\/san-pham\/amo-uv-flatbed-inkjet-printer-am3020uvb3g5-with-3-pieces-ricoh-gen5-printheads\/","og_site_name":"Amo","og_image":[{"width":618,"height":348,"url":"https:\/\/superprintpro.com\/wp-content\/uploads\/2025\/08\/amo-uv-flatbed-inkjet-printer-am3020uvb3g5-with-3-pieces-ricoh-gen5-printheads.jpg","type":"image\/jpeg"}],"twitter_card":"summary_large_image","twitter_misc":{"\u01af\u1edbc t\u00ednh th\u1eddi gian \u0111\u1ecdc":"1 ph\u00fat"},"schema":{"@context":"https:\/\/schema.org","@graph":[{"@type":"WebPage","@id":"https:\/\/superprintpro.com\/product\/amo-uv-flatbed-inkjet-printer-am3020uvb3g5-with-3-pieces-ricoh-gen5-printheads\/","url":"https:\/\/superprintpro.com\/product\/amo-uv-flatbed-inkjet-printer-am3020uvb3g5-with-3-pieces-ricoh-gen5-printheads\/","name":"AMO UV Flatbed Inkjet Printer AM3020UVB3G5 with 3 pieces Ricoh Gen5 Printheads - Amo","isPartOf":{"@id":"https:\/\/superprintpro.com\/#website"},"primaryImageOfPage":{"@id":"https:\/\/superprintpro.com\/product\/amo-uv-flatbed-inkjet-printer-am3020uvb3g5-with-3-pieces-ricoh-gen5-printheads\/#primaryimage"},"image":{"@id":"https:\/\/superprintpro.com\/product\/amo-uv-flatbed-inkjet-printer-am3020uvb3g5-with-3-pieces-ricoh-gen5-printheads\/#primaryimage"},"thumbnailUrl":"https:\/\/superprintpro.com\/wp-content\/uploads\/2025\/08\/amo-uv-flatbed-inkjet-printer-am3020uvb3g5-with-3-pieces-ricoh-gen5-printheads.jpg","datePublished":"2025-08-18T07:31:29+00:00","breadcrumb":{"@id":"https:\/\/superprintpro.com\/product\/amo-uv-flatbed-inkjet-printer-am3020uvb3g5-with-3-pieces-ricoh-gen5-printheads\/#breadcrumb"},"inLanguage":"vi","potentialAction":[{"@type":"ReadAction","target":["https:\/\/superprintpro.com\/product\/amo-uv-flatbed-inkjet-printer-am3020uvb3g5-with-3-pieces-ricoh-gen5-printheads\/"]}]},{"@type":"ImageObject","inLanguage":"vi","@id":"https:\/\/superprintpro.com\/product\/amo-uv-flatbed-inkjet-printer-am3020uvb3g5-with-3-pieces-ricoh-gen5-printheads\/#primaryimage","url":"https:\/\/superprintpro.com\/wp-content\/uploads\/2025\/08\/amo-uv-flatbed-inkjet-printer-am3020uvb3g5-with-3-pieces-ricoh-gen5-printheads.jpg","contentUrl":"https:\/\/superprintpro.com\/wp-content\/uploads\/2025\/08\/amo-uv-flatbed-inkjet-printer-am3020uvb3g5-with-3-pieces-ricoh-gen5-printheads.jpg","width":618,"height":348,"caption":"AMO UV Flatbed Inkjet Printer AM3020UVB3G5 with 3 pieces Ricoh Gen5 Printheads"},{"@type":"BreadcrumbList","@id":"https:\/\/superprintpro.com\/product\/amo-uv-flatbed-inkjet-printer-am3020uvb3g5-with-3-pieces-ricoh-gen5-printheads\/#breadcrumb","itemListElement":[{"@type":"ListItem","position":1,"name":"\u9996\u9875","item":"https:\/\/superprintpro.com\/"},{"@type":"ListItem","position":2,"name":"Shop","item":"https:\/\/superprintpro.com\/shop\/"},{"@type":"ListItem","position":3,"name":"AMO UV Flatbed Inkjet Printer AM3020UVB3G5 with 3 pieces Ricoh Gen5 Printheads"}]},{"@type":"WebSite","@id":"https:\/\/superprintpro.com\/#website","url":"https:\/\/superprintpro.com\/","name":"Amo","description":"","potentialAction":[{"@type":"SearchAction","target":{"@type":"EntryPoint","urlTemplate":"https:\/\/superprintpro.com\/?s={search_term_string}"},"query-input":{"@type":"PropertyValueSpecification","valueRequired":true,"valueName":"search_term_string"}}],"inLanguage":"vi"}]}},"_links":{"self":[{"href":"https:\/\/superprintpro.com\/vi\/wp-json\/wp\/v2\/product\/30212","targetHints":{"allow":["GET"]}}],"collection":[{"href":"https:\/\/superprintpro.com\/vi\/wp-json\/wp\/v2\/product"}],"about":[{"href":"https:\/\/superprintpro.com\/vi\/wp-json\/wp\/v2\/types\/product"}],"replies":[{"embeddable":true,"href":"https:\/\/superprintpro.com\/vi\/wp-json\/wp\/v2\/comments?post=30212"}],"version-history":[{"count":1,"href":"https:\/\/superprintpro.com\/vi\/wp-json\/wp\/v2\/product\/30212\/revisions"}],"predecessor-version":[{"id":30214,"href":"https:\/\/superprintpro.com\/vi\/wp-json\/wp\/v2\/product\/30212\/revisions\/30214"}],"wp:featuredmedia":[{"embeddable":true,"href":"https:\/\/superprintpro.com\/vi\/wp-json\/wp\/v2\/media\/30213"}],"wp:attachment":[{"href":"https:\/\/superprintpro.com\/vi\/wp-json\/wp\/v2\/media?parent=30212"}],"wp:term":[{"taxonomy":"product_brand","embeddable":true,"href":"https:\/\/superprintpro.com\/vi\/wp-json\/wp\/v2\/product_brand?post=30212"},{"taxonomy":"product_cat","embeddable":true,"href":"https:\/\/superprintpro.com\/vi\/wp-json\/wp\/v2\/product_cat?post=30212"},{"taxonomy":"product_tag","embeddable":true,"href":"https:\/\/superprintpro.com\/vi\/wp-json\/wp\/v2\/product_tag?post=30212"}],"curies":[{"name":"wp","href":"https:\/\/api.w.org\/{rel}","templated":true}]}}