{"id":30185,"date":"2025-08-18T15:11:00","date_gmt":"2025-08-18T07:11:00","guid":{"rendered":"https:\/\/superprintpro.com\/?post_type=product&#038;p=30185"},"modified":"2025-08-18T15:11:00","modified_gmt":"2025-08-18T07:11:00","slug":"amo-uv-flatbed-printer-am9060uvb3xp-with-3-heads-xp600-heads","status":"publish","type":"product","link":"https:\/\/superprintpro.com\/vi\/san-pham\/amo-uv-flatbed-printer-am9060uvb3xp-with-3-heads-xp600-heads\/","title":{"rendered":"M\u00e1y in ph\u1eb3ng UV AMO AM9060UVB3XP v\u1edbi 3 \u0111\u1ea7u in XP600"},"content":{"rendered":"<p>M\u00e1y in ph\u1eb3ng UV AMO AM9060UVB3XP v\u1edbi 3 \u0111\u1ea7u in XP600<\/p>\n<p>(m\u00f4 h\u00ecnh n\u00e0y kh\u00f4ng c\u00f3 h\u1ec7 th\u1ed1ng AI Visual)<\/p>\n<p>M\u00e1y in ph\u1eb3ng 9060UV l\u00e0 thi\u1ebft b\u1ecb in ph\u1ed5 bi\u1ebfn tr\u00ean th\u1ecb tr\u01b0\u1eddng, s\u1edf h\u1eefu nhi\u1ec1u \u01b0u \u0111i\u1ec3m v\u00e0 ch\u1ee9c n\u0103ng m\u1ea1nh m\u1ebd. \u0110\u01b0\u1ee3c trang b\u1ecb \u0111\u1ea7u in \u00e1p \u0111i\u1ec7n Epson XP600 v\u00e0 \u0111\u00e8n UV-LED, m\u00e1y in kh\u00f4 ngay l\u1eadp t\u1ee9c d\u01b0\u1edbi \u00e1nh s\u00e1ng c\u1ef1c t\u00edm, lo\u1ea1i b\u1ecf nhu c\u1ea7u s\u1ea5y b\u1ed5 sung. M\u00e1y in ph\u1eb3ng 9060 \u0111\u01b0\u1ee3c s\u1eed d\u1ee5ng r\u1ed9ng r\u00e3i trong nhi\u1ec1u ng\u00e0nh c\u00f4ng nghi\u1ec7p nh\u01b0 qu\u1ea3ng c\u00e1o, trang tr\u00ed, bao b\u00ec v\u00e0 \u0111i\u1ec7n t\u1eed. M\u00e1y c\u00f3 th\u1ec3 in c\u00e1c s\u1ea3n ph\u1ea9m l\u00e0m t\u1eeb nhi\u1ec1u ch\u1ea5t li\u1ec7u kh\u00e1c nhau, ch\u1eb3ng h\u1ea1n nh\u01b0 g\u1ea1ch men, k\u00ednh, acrylic, v\u00e1n g\u1ed7, kim lo\u1ea1i v\u00e0 da. Ngo\u00e0i ra, m\u00e1y c\u00f2n cung c\u1ea5p c\u00e1c d\u1ecbch v\u1ee5 t\u00f9y ch\u1ec9nh \u0111\u1ec3 \u0111\u00e1p \u1ee9ng nhu c\u1ea7u ri\u00eang bi\u1ec7t c\u1ee7a kh\u00e1ch h\u00e0ng.<\/p>\n<p>Th\u00f4ng s\u1ed1 m\u00e1y<br \/>\n\u0110\u1ea7u in: Epson XP600 3 \u0111\u1ea7u<br \/>\nH\u1ec7 th\u1ed1ng in \u1ea5n: Hoson<br \/>\nK\u00edch th\u01b0\u1edbc in: 900mmx600mm<br \/>\nLo\u1ea1i m\u1ef1c: M\u1ef1c UV<br \/>\nM\u00e0u s\u1eafc: CMYK WV<br \/>\nLo\u1ea1i ph\u01b0\u01a1ng ti\u1ec7n: v\u1eadt li\u1ec7u ph\u1eb3ng, h\u00ecnh tr\u1ee5<br \/>\nNgu\u1ed3n cung c\u1ea5p m\u1ef1c: Ngu\u1ed3n cung c\u1ea5p m\u1ef1c siphon<br \/>\nB\u1ea3o tr\u00ec \u0111\u1ea7u in: H\u1ec7 th\u1ed1ng l\u00e0m s\u1ea1ch t\u1ef1 \u0111\u1ed9ng m\u1ed9t n\u00fat cho \u0111\u1ea7u phun c\u1ee7a \u0111\u1ea7u in<br \/>\nPh\u1ea7n m\u1ec1m Rip: Maintop PP RIIN<br \/>\nGiao di\u1ec7n d\u1eef li\u1ec7u: Truy\u1ec1n Gigabit v\u1edbi c\u1ed5ng m\u1ea1ng k\u00e9p<br \/>\nCh\u1ebf \u0111\u1ed9 in ba tr\u1ea1m:<br \/>\n1: Tr\u1ea1m \u0111\u0129a<br \/>\n2: Tr\u1ea1m l\u0103n<br \/>\n3: Ga Cvlinder<\/p>\n<p>Chi\u1ec1u cao \u0111\u1ea7u in Z: \u0110o chi\u1ec1u cao t\u1ef1 \u0111\u1ed9ng theo tr\u1ee5c Z<br \/>\nTh\u00f4ng tin m\u00e1y in<br \/>\n\u0111i\u1ec7n \u00e1p l\u00e0m vi\u1ec7c: 220v AC<br \/>\nC\u00f4ng su\u1ea5t 4500W<br \/>\nm\u00f4i tr\u01b0\u1eddng l\u00e0m vi\u1ec7c:<br \/>\nNhi\u1ec7t \u0111\u1ed9 l\u00e0m vi\u1ec7c b\u00ecnh th\u01b0\u1eddng: 22-28\u2103\/\u0111\u1ed9 \u1ea9m: 40%-60%<br \/>\nK\u00edch th\u01b0\u1edbc m\u00e1y 2000MM*1420MM*1045MM<br \/>\nK\u00edch th\u01b0\u1edbc \u0111\u00f3ng g\u00f3i 2140MM*1660MM*1160MM<\/p>","protected":false},"excerpt":{"rendered":"<p>\u0110\u1ec3 bi\u1ebft th\u00f4ng tin chi ti\u1ebft v\u1ec1 s\u1ea3n ph\u1ea9m v\u00e0 b\u00e1o gi\u00e1 m\u1edbi nh\u1ea5t, vui l\u00f2ng li\u00ean h\u1ec7 v\u1edbi gi\u00e1m \u0111\u1ed1c b\u00e1n h\u00e0ng c\u1ee7a ch\u00fang t\u00f4i<\/p>","protected":false},"featured_media":30186,"comment_status":"open","ping_status":"closed","template":"","meta":[],"product_brand":[],"product_cat":[109],"product_tag":[],"class_list":{"0":"post-30185","1":"product","2":"type-product","3":"status-publish","4":"has-post-thumbnail","6":"product_cat-with-xp600-printhead-uv-flatbed-printers","8":"first","9":"instock","10":"shipping-taxable","11":"purchasable","12":"product-type-simple"},"yoast_head":"<!-- This site is optimized with the Yoast SEO plugin v26.9 - https:\/\/yoast.com\/product\/yoast-seo-wordpress\/ -->\n<title>AMO UV Flatbed Printer AM9060UVB3XP with 3 heads XP600 heads - Amo<\/title>\n<meta name=\"robots\" content=\"index, follow, max-snippet:-1, max-image-preview:large, max-video-preview:-1\" \/>\n<link rel=\"canonical\" href=\"https:\/\/superprintpro.com\/vi\/san-pham\/amo-uv-flatbed-printer-am9060uvb3xp-with-3-heads-xp600-heads\/\" \/>\n<meta property=\"og:locale\" content=\"vi_VN\" \/>\n<meta property=\"og:type\" content=\"article\" \/>\n<meta property=\"og:title\" content=\"AMO UV Flatbed Printer AM9060UVB3XP with 3 heads XP600 heads - Amo\" \/>\n<meta property=\"og:description\" content=\"For product details and the latest quotes, please contact our sales manager\" \/>\n<meta property=\"og:url\" content=\"https:\/\/superprintpro.com\/vi\/san-pham\/amo-uv-flatbed-printer-am9060uvb3xp-with-3-heads-xp600-heads\/\" \/>\n<meta property=\"og:site_name\" content=\"Amo\" \/>\n<meta property=\"og:image\" content=\"https:\/\/superprintpro.com\/wp-content\/uploads\/2025\/08\/amo-uv-flatbed-printer-am9060uvb3xp-with-3-heads-xp600-heads.jpg\" \/>\n\t<meta property=\"og:image:width\" content=\"630\" \/>\n\t<meta property=\"og:image:height\" content=\"354\" \/>\n\t<meta property=\"og:image:type\" content=\"image\/jpeg\" \/>\n<meta name=\"twitter:card\" content=\"summary_large_image\" \/>\n<meta name=\"twitter:label1\" content=\"\u01af\u1edbc t\u00ednh th\u1eddi gian \u0111\u1ecdc\" \/>\n\t<meta name=\"twitter:data1\" content=\"1 ph\u00fat\" \/>\n<script type=\"application\/ld+json\" class=\"yoast-schema-graph\">{\"@context\":\"https:\/\/schema.org\",\"@graph\":[{\"@type\":\"WebPage\",\"@id\":\"https:\/\/superprintpro.com\/product\/amo-uv-flatbed-printer-am9060uvb3xp-with-3-heads-xp600-heads\/\",\"url\":\"https:\/\/superprintpro.com\/product\/amo-uv-flatbed-printer-am9060uvb3xp-with-3-heads-xp600-heads\/\",\"name\":\"AMO UV Flatbed Printer AM9060UVB3XP with 3 heads XP600 heads - Amo\",\"isPartOf\":{\"@id\":\"https:\/\/superprintpro.com\/#website\"},\"primaryImageOfPage\":{\"@id\":\"https:\/\/superprintpro.com\/product\/amo-uv-flatbed-printer-am9060uvb3xp-with-3-heads-xp600-heads\/#primaryimage\"},\"image\":{\"@id\":\"https:\/\/superprintpro.com\/product\/amo-uv-flatbed-printer-am9060uvb3xp-with-3-heads-xp600-heads\/#primaryimage\"},\"thumbnailUrl\":\"https:\/\/superprintpro.com\/wp-content\/uploads\/2025\/08\/amo-uv-flatbed-printer-am9060uvb3xp-with-3-heads-xp600-heads.jpg\",\"datePublished\":\"2025-08-18T07:11:00+00:00\",\"breadcrumb\":{\"@id\":\"https:\/\/superprintpro.com\/product\/amo-uv-flatbed-printer-am9060uvb3xp-with-3-heads-xp600-heads\/#breadcrumb\"},\"inLanguage\":\"vi\",\"potentialAction\":[{\"@type\":\"ReadAction\",\"target\":[\"https:\/\/superprintpro.com\/product\/amo-uv-flatbed-printer-am9060uvb3xp-with-3-heads-xp600-heads\/\"]}]},{\"@type\":\"ImageObject\",\"inLanguage\":\"vi\",\"@id\":\"https:\/\/superprintpro.com\/product\/amo-uv-flatbed-printer-am9060uvb3xp-with-3-heads-xp600-heads\/#primaryimage\",\"url\":\"https:\/\/superprintpro.com\/wp-content\/uploads\/2025\/08\/amo-uv-flatbed-printer-am9060uvb3xp-with-3-heads-xp600-heads.jpg\",\"contentUrl\":\"https:\/\/superprintpro.com\/wp-content\/uploads\/2025\/08\/amo-uv-flatbed-printer-am9060uvb3xp-with-3-heads-xp600-heads.jpg\",\"width\":630,\"height\":354,\"caption\":\"AMO UV Flatbed Printer AM9060UVB3XP with 3 heads XP600 heads\"},{\"@type\":\"BreadcrumbList\",\"@id\":\"https:\/\/superprintpro.com\/product\/amo-uv-flatbed-printer-am9060uvb3xp-with-3-heads-xp600-heads\/#breadcrumb\",\"itemListElement\":[{\"@type\":\"ListItem\",\"position\":1,\"name\":\"\u9996\u9875\",\"item\":\"https:\/\/superprintpro.com\/\"},{\"@type\":\"ListItem\",\"position\":2,\"name\":\"Shop\",\"item\":\"https:\/\/superprintpro.com\/shop\/\"},{\"@type\":\"ListItem\",\"position\":3,\"name\":\"AMO UV Flatbed Printer AM9060UVB3XP with 3 heads XP600 heads\"}]},{\"@type\":\"WebSite\",\"@id\":\"https:\/\/superprintpro.com\/#website\",\"url\":\"https:\/\/superprintpro.com\/\",\"name\":\"Amo\",\"description\":\"\",\"potentialAction\":[{\"@type\":\"SearchAction\",\"target\":{\"@type\":\"EntryPoint\",\"urlTemplate\":\"https:\/\/superprintpro.com\/?s={search_term_string}\"},\"query-input\":{\"@type\":\"PropertyValueSpecification\",\"valueRequired\":true,\"valueName\":\"search_term_string\"}}],\"inLanguage\":\"vi\"}]}<\/script>\n<!-- \/ Yoast SEO plugin. -->","yoast_head_json":{"title":"AMO UV Flatbed Printer AM9060UVB3XP with 3 heads XP600 heads - Amo","robots":{"index":"index","follow":"follow","max-snippet":"max-snippet:-1","max-image-preview":"max-image-preview:large","max-video-preview":"max-video-preview:-1"},"canonical":"https:\/\/superprintpro.com\/vi\/san-pham\/amo-uv-flatbed-printer-am9060uvb3xp-with-3-heads-xp600-heads\/","og_locale":"vi_VN","og_type":"article","og_title":"AMO UV Flatbed Printer AM9060UVB3XP with 3 heads XP600 heads - Amo","og_description":"For product details and the latest quotes, please contact our sales manager","og_url":"https:\/\/superprintpro.com\/vi\/san-pham\/amo-uv-flatbed-printer-am9060uvb3xp-with-3-heads-xp600-heads\/","og_site_name":"Amo","og_image":[{"width":630,"height":354,"url":"https:\/\/superprintpro.com\/wp-content\/uploads\/2025\/08\/amo-uv-flatbed-printer-am9060uvb3xp-with-3-heads-xp600-heads.jpg","type":"image\/jpeg"}],"twitter_card":"summary_large_image","twitter_misc":{"\u01af\u1edbc t\u00ednh th\u1eddi gian \u0111\u1ecdc":"1 ph\u00fat"},"schema":{"@context":"https:\/\/schema.org","@graph":[{"@type":"WebPage","@id":"https:\/\/superprintpro.com\/product\/amo-uv-flatbed-printer-am9060uvb3xp-with-3-heads-xp600-heads\/","url":"https:\/\/superprintpro.com\/product\/amo-uv-flatbed-printer-am9060uvb3xp-with-3-heads-xp600-heads\/","name":"AMO UV Flatbed Printer AM9060UVB3XP with 3 heads XP600 heads - Amo","isPartOf":{"@id":"https:\/\/superprintpro.com\/#website"},"primaryImageOfPage":{"@id":"https:\/\/superprintpro.com\/product\/amo-uv-flatbed-printer-am9060uvb3xp-with-3-heads-xp600-heads\/#primaryimage"},"image":{"@id":"https:\/\/superprintpro.com\/product\/amo-uv-flatbed-printer-am9060uvb3xp-with-3-heads-xp600-heads\/#primaryimage"},"thumbnailUrl":"https:\/\/superprintpro.com\/wp-content\/uploads\/2025\/08\/amo-uv-flatbed-printer-am9060uvb3xp-with-3-heads-xp600-heads.jpg","datePublished":"2025-08-18T07:11:00+00:00","breadcrumb":{"@id":"https:\/\/superprintpro.com\/product\/amo-uv-flatbed-printer-am9060uvb3xp-with-3-heads-xp600-heads\/#breadcrumb"},"inLanguage":"vi","potentialAction":[{"@type":"ReadAction","target":["https:\/\/superprintpro.com\/product\/amo-uv-flatbed-printer-am9060uvb3xp-with-3-heads-xp600-heads\/"]}]},{"@type":"ImageObject","inLanguage":"vi","@id":"https:\/\/superprintpro.com\/product\/amo-uv-flatbed-printer-am9060uvb3xp-with-3-heads-xp600-heads\/#primaryimage","url":"https:\/\/superprintpro.com\/wp-content\/uploads\/2025\/08\/amo-uv-flatbed-printer-am9060uvb3xp-with-3-heads-xp600-heads.jpg","contentUrl":"https:\/\/superprintpro.com\/wp-content\/uploads\/2025\/08\/amo-uv-flatbed-printer-am9060uvb3xp-with-3-heads-xp600-heads.jpg","width":630,"height":354,"caption":"AMO UV Flatbed Printer AM9060UVB3XP with 3 heads XP600 heads"},{"@type":"BreadcrumbList","@id":"https:\/\/superprintpro.com\/product\/amo-uv-flatbed-printer-am9060uvb3xp-with-3-heads-xp600-heads\/#breadcrumb","itemListElement":[{"@type":"ListItem","position":1,"name":"\u9996\u9875","item":"https:\/\/superprintpro.com\/"},{"@type":"ListItem","position":2,"name":"Shop","item":"https:\/\/superprintpro.com\/shop\/"},{"@type":"ListItem","position":3,"name":"AMO UV Flatbed Printer AM9060UVB3XP with 3 heads XP600 heads"}]},{"@type":"WebSite","@id":"https:\/\/superprintpro.com\/#website","url":"https:\/\/superprintpro.com\/","name":"Amo","description":"","potentialAction":[{"@type":"SearchAction","target":{"@type":"EntryPoint","urlTemplate":"https:\/\/superprintpro.com\/?s={search_term_string}"},"query-input":{"@type":"PropertyValueSpecification","valueRequired":true,"valueName":"search_term_string"}}],"inLanguage":"vi"}]}},"_links":{"self":[{"href":"https:\/\/superprintpro.com\/vi\/wp-json\/wp\/v2\/product\/30185","targetHints":{"allow":["GET"]}}],"collection":[{"href":"https:\/\/superprintpro.com\/vi\/wp-json\/wp\/v2\/product"}],"about":[{"href":"https:\/\/superprintpro.com\/vi\/wp-json\/wp\/v2\/types\/product"}],"replies":[{"embeddable":true,"href":"https:\/\/superprintpro.com\/vi\/wp-json\/wp\/v2\/comments?post=30185"}],"version-history":[{"count":1,"href":"https:\/\/superprintpro.com\/vi\/wp-json\/wp\/v2\/product\/30185\/revisions"}],"predecessor-version":[{"id":30187,"href":"https:\/\/superprintpro.com\/vi\/wp-json\/wp\/v2\/product\/30185\/revisions\/30187"}],"wp:featuredmedia":[{"embeddable":true,"href":"https:\/\/superprintpro.com\/vi\/wp-json\/wp\/v2\/media\/30186"}],"wp:attachment":[{"href":"https:\/\/superprintpro.com\/vi\/wp-json\/wp\/v2\/media?parent=30185"}],"wp:term":[{"taxonomy":"product_brand","embeddable":true,"href":"https:\/\/superprintpro.com\/vi\/wp-json\/wp\/v2\/product_brand?post=30185"},{"taxonomy":"product_cat","embeddable":true,"href":"https:\/\/superprintpro.com\/vi\/wp-json\/wp\/v2\/product_cat?post=30185"},{"taxonomy":"product_tag","embeddable":true,"href":"https:\/\/superprintpro.com\/vi\/wp-json\/wp\/v2\/product_tag?post=30185"}],"curies":[{"name":"wp","href":"https:\/\/api.w.org\/{rel}","templated":true}]}}