{"id":30175,"date":"2025-08-18T14:55:39","date_gmt":"2025-08-18T06:55:39","guid":{"rendered":"https:\/\/superprintpro.com\/?post_type=product&#038;p=30175"},"modified":"2025-08-18T14:55:39","modified_gmt":"2025-08-18T06:55:39","slug":"amo-uv-inkjet-printer-am3200uv8g6-es-3-2meters-with-8-ricoh-gen6-printheads","status":"publish","type":"product","link":"https:\/\/superprintpro.com\/vi\/san-pham\/amo-uv-inkjet-printer-am3200uv8g6-es-3-2meters-with-8-ricoh-gen6-printheads\/","title":{"rendered":"M\u00e1y in phun UV AMO AM3200UV8G6-ES 3,2 m\u00e9t v\u1edbi 8 \u0111\u1ea7u in Ricoh GEN6"},"content":{"rendered":"<p>M\u00e1y in phun UV MO AM3200UV8G6-ES 3,2 m\u00e9t v\u1edbi 8 \u0111\u1ea7u in Ricoh GEN6<\/p>\n<p>D\u00f2ng s\u1ea3n ph\u1ea9m n\u00e0y kh\u00f4ng th\u1ec3 in tr\u00ean v\u1eadt li\u1ec7u r\u1ea5t m\u1ec1m v\u00e0 \u0111\u00e0n h\u1ed3i nh\u01b0 m\u00e0ng m\u1ec1m. Nh\u01b0ng l\u1ea1i kh\u00e1 kinh t\u1ebf khi in tr\u00ean banner Flex, banner flex tr\u00e1ng ph\u1ee7, vinyl, mes, t\u1ea7m nh\u00ecn m\u1ed9t chi\u1ec1u, v\u1ea3i b\u1ea1t<\/p>\n<p>1. H\u1ec7 th\u1ed1ng l\u00e0m n\u00f3ng \u0111\u1ea7u phun v\u00e0 tu\u1ea7n ho\u00e0n m\u1ef1c: T\u1ea5m \u0111\u1ea7u phun c\u1ee7a \u0111\u1ea7u in t\u00edch h\u1ee3p ch\u1ee9c n\u0103ng l\u00e0m n\u00f3ng \u0111\u1ec3 \u0111\u1ea3m b\u1ea3o d\u00f2ng m\u1ef1c \u1ed5n \u0111\u1ecbnh t\u1ed1i \u01b0u trong c\u00e1c m\u00f4i tr\u01b0\u1eddng nhi\u1ec7t \u0111\u1ed9 kh\u00e1c nhau. M\u1ef1c t\u00edch h\u1ee3p<br \/>\nH\u1ec7 th\u1ed1ng tu\u1ea7n ho\u00e0n ng\u0103n ng\u1eeba l\u1eafng \u0111\u1ecdng s\u1eafc t\u1ed1 b\u00ean trong v\u00f2i phun, gi\u1ea3m thi\u1ec3u hi\u1ec7u qu\u1ea3 nguy c\u01a1 t\u1eafc ngh\u1ebdn v\u00f2i phun.<br \/>\n2. Thi\u1ebft k\u1ebf b\u00ecnh m\u1ef1c ph\u1ee5 ho\u00e0n to\u00e0n trong su\u1ed1t v\u00e0 ki\u1ec3m so\u00e1t \u00e1p su\u1ea5t m\u00e0u \u0111\u1ed9c l\u1eadp: (1) C\u1ea5u tr\u00fac trong su\u1ed1t gi\u00fap d\u1ec5 d\u00e0ng kh\u1eafc ph\u1ee5c s\u1ef1 c\u1ed1 v\u00e0 gi\u1ea3m th\u1eddi gian b\u1ea3o tr\u00ec. (2)<br \/>\nC\u01a1 ch\u1ebf \u0111i\u1ec1u ch\u1ec9nh \u00e1p su\u1ea5t \u0111\u1ed9c l\u1eadp gi\u00fap t\u1ed1i \u01b0u h\u00f3a hi\u1ec7u qu\u1ea3 ti\u00eau th\u1ee5 m\u1ef1c.<br \/>\n3. H\u1ec7 th\u1ed1ng gia nhi\u1ec7t\/s\u1ea5y c\u00f4ng su\u1ea5t cao: C\u00f3 c\u00e1c v\u00f9ng gia nhi\u1ec7t ph\u00e2n \u0111o\u1ea1n \u0111\u1ec3 c\u1ea3i thi\u1ec7n kh\u1ea3 n\u0103ng h\u1ea5p th\u1ee5 m\u1ef1c in v\u00e0 \u0111\u1ed9 b\u1ec1n m\u00e0u. T\u00edch h\u1ee3p h\u1ec7 th\u1ed1ng l\u00e0m m\u00e1t b\u1eb1ng kh\u00ed nhi\u1ec7t \u0111\u1ed9c quy\u1ec1n.<br \/>\nbu\u1ed3ng tu\u1ea7n ho\u00e0n k\u1ebft h\u1ee3p v\u1edbi h\u1ec7 th\u1ed1ng ph\u00e2n lu\u1ed3ng kh\u00ed l\u1ea1nh, cho ph\u00e9p l\u00e0m m\u00e1t nhanh sau khi s\u1ea5y \u0111\u1ec3 \u0111\u1ea3m b\u1ea3o c\u00e1c chi ti\u1ebft tinh x\u1ea3o h\u01a1n v\u00e0 b\u1ec1 m\u1eb7t s\u00e1ng b\u00f3ng h\u01a1n.<\/p>\n<p>Th\u00f4ng s\u1ed1 m\u00e1y<br \/>\nChi\u1ec1u r\u1ed9ng in t\u1ed1i \u0111a 3200MM<br \/>\n\u0110\u1ea7u in: 4 \u0111\u1ea7u in Ricoh GEN6<br \/>\nT\u1ed1c \u0111\u1ed9 in:<br \/>\nCh\u1ebf \u0111\u1ed9 \u00e1nh s\u00e1ng b\u00ean ngo\u00e0i 90m\u00b2\/h<br \/>\nCh\u1ebf \u0111\u1ed9 \u00e1nh s\u00e1ng b\u00ean trong 50m\u00b2\/h<\/p>\n<p>Ph\u01b0\u01a1ng ti\u1ec7n: Bi\u1ec3u ng\u1eef flex, vinyl, t\u1ea7m nh\u00ecn m\u1ed9t chi\u1ec1u, l\u01b0\u1edbi, gi\u1ea5y d\u00e1n t\u01b0\u1eddng\/v\u1ea3i, v\u1ea3i polyester, phim \u0111\u00e8n n\u1ec1n, gi\u1ea5y \u1ea3nh, Canva, v.v.<br \/>\nPh\u1ea7n m\u1ec1m RIP: ph\u1ea7n m\u1ec1m qu\u1ea3n l\u00fd m\u00e0u s\u1eafc<br \/>\nC\u00f4ng su\u1ea5t: AC220\u00b110.50HZ60HZP4500W<br \/>\nK\u00edch th\u01b0\u1edbc \u0111\u00f3ng g\u00f3i m\u00e1y in: L5300*W1180*H1700\/L5600*W1250*H2100<br \/>\nTr\u1ecdng l\u01b0\u1ee3ng t\u1ecbnh\/b\u00f3ng: 2500kg\/2800kg<\/p>","protected":false},"excerpt":{"rendered":"<p>\u0110\u1ec3 bi\u1ebft th\u00f4ng tin chi ti\u1ebft v\u1ec1 s\u1ea3n ph\u1ea9m v\u00e0 b\u00e1o gi\u00e1 m\u1edbi nh\u1ea5t, vui l\u00f2ng li\u00ean h\u1ec7 v\u1edbi gi\u00e1m \u0111\u1ed1c b\u00e1n h\u00e0ng c\u1ee7a ch\u00fang t\u00f4i<\/p>","protected":false},"featured_media":30177,"comment_status":"open","ping_status":"closed","template":"","meta":[],"product_brand":[],"product_cat":[115],"product_tag":[],"class_list":{"0":"post-30175","1":"product","2":"type-product","3":"status-publish","4":"has-post-thumbnail","6":"product_cat-with-ricoh-gen6-printhead-uv-inkjet-printers-roll-to-roll","8":"first","9":"instock","10":"shipping-taxable","11":"purchasable","12":"product-type-simple"},"yoast_head":"<!-- This site is optimized with the Yoast SEO plugin v26.9 - https:\/\/yoast.com\/product\/yoast-seo-wordpress\/ -->\n<title>AMO UV Inkjet Printer AM3200UV8G6-ES 3.2meters with 8 Ricoh GEN6 Printheads - Amo<\/title>\n<meta name=\"robots\" content=\"index, follow, max-snippet:-1, max-image-preview:large, max-video-preview:-1\" \/>\n<link rel=\"canonical\" href=\"https:\/\/superprintpro.com\/vi\/san-pham\/amo-uv-inkjet-printer-am3200uv8g6-es-3-2meters-with-8-ricoh-gen6-printheads\/\" \/>\n<meta property=\"og:locale\" content=\"vi_VN\" \/>\n<meta property=\"og:type\" content=\"article\" \/>\n<meta property=\"og:title\" content=\"AMO UV Inkjet Printer AM3200UV8G6-ES 3.2meters with 8 Ricoh GEN6 Printheads - Amo\" \/>\n<meta property=\"og:description\" content=\"For product details and the latest quotes, please contact our sales manager\" \/>\n<meta property=\"og:url\" content=\"https:\/\/superprintpro.com\/vi\/san-pham\/amo-uv-inkjet-printer-am3200uv8g6-es-3-2meters-with-8-ricoh-gen6-printheads\/\" \/>\n<meta property=\"og:site_name\" content=\"Amo\" \/>\n<meta property=\"og:image\" content=\"https:\/\/superprintpro.com\/wp-content\/uploads\/2025\/08\/amo-uv-inkjet-printer-am3200uv8g6-es-32meters-with-8-ricoh-gen6-printheads.jpg\" \/>\n\t<meta property=\"og:image:width\" content=\"828\" \/>\n\t<meta property=\"og:image:height\" content=\"466\" \/>\n\t<meta property=\"og:image:type\" content=\"image\/jpeg\" \/>\n<meta name=\"twitter:card\" content=\"summary_large_image\" \/>\n<meta name=\"twitter:label1\" content=\"\u01af\u1edbc t\u00ednh th\u1eddi gian \u0111\u1ecdc\" \/>\n\t<meta name=\"twitter:data1\" content=\"1 ph\u00fat\" \/>\n<script type=\"application\/ld+json\" class=\"yoast-schema-graph\">{\"@context\":\"https:\/\/schema.org\",\"@graph\":[{\"@type\":\"WebPage\",\"@id\":\"https:\/\/superprintpro.com\/product\/amo-uv-inkjet-printer-am3200uv8g6-es-3-2meters-with-8-ricoh-gen6-printheads\/\",\"url\":\"https:\/\/superprintpro.com\/product\/amo-uv-inkjet-printer-am3200uv8g6-es-3-2meters-with-8-ricoh-gen6-printheads\/\",\"name\":\"AMO UV Inkjet Printer AM3200UV8G6-ES 3.2meters with 8 Ricoh GEN6 Printheads - Amo\",\"isPartOf\":{\"@id\":\"https:\/\/superprintpro.com\/#website\"},\"primaryImageOfPage\":{\"@id\":\"https:\/\/superprintpro.com\/product\/amo-uv-inkjet-printer-am3200uv8g6-es-3-2meters-with-8-ricoh-gen6-printheads\/#primaryimage\"},\"image\":{\"@id\":\"https:\/\/superprintpro.com\/product\/amo-uv-inkjet-printer-am3200uv8g6-es-3-2meters-with-8-ricoh-gen6-printheads\/#primaryimage\"},\"thumbnailUrl\":\"https:\/\/superprintpro.com\/wp-content\/uploads\/2025\/08\/amo-uv-inkjet-printer-am3200uv8g6-es-32meters-with-8-ricoh-gen6-printheads.jpg\",\"datePublished\":\"2025-08-18T06:55:39+00:00\",\"breadcrumb\":{\"@id\":\"https:\/\/superprintpro.com\/product\/amo-uv-inkjet-printer-am3200uv8g6-es-3-2meters-with-8-ricoh-gen6-printheads\/#breadcrumb\"},\"inLanguage\":\"vi\",\"potentialAction\":[{\"@type\":\"ReadAction\",\"target\":[\"https:\/\/superprintpro.com\/product\/amo-uv-inkjet-printer-am3200uv8g6-es-3-2meters-with-8-ricoh-gen6-printheads\/\"]}]},{\"@type\":\"ImageObject\",\"inLanguage\":\"vi\",\"@id\":\"https:\/\/superprintpro.com\/product\/amo-uv-inkjet-printer-am3200uv8g6-es-3-2meters-with-8-ricoh-gen6-printheads\/#primaryimage\",\"url\":\"https:\/\/superprintpro.com\/wp-content\/uploads\/2025\/08\/amo-uv-inkjet-printer-am3200uv8g6-es-32meters-with-8-ricoh-gen6-printheads.jpg\",\"contentUrl\":\"https:\/\/superprintpro.com\/wp-content\/uploads\/2025\/08\/amo-uv-inkjet-printer-am3200uv8g6-es-32meters-with-8-ricoh-gen6-printheads.jpg\",\"width\":828,\"height\":466,\"caption\":\"AMO UV Inkjet Printer AM3200UV8G6-ES 3.2meters with 8 Ricoh GEN6 Printheads\"},{\"@type\":\"BreadcrumbList\",\"@id\":\"https:\/\/superprintpro.com\/product\/amo-uv-inkjet-printer-am3200uv8g6-es-3-2meters-with-8-ricoh-gen6-printheads\/#breadcrumb\",\"itemListElement\":[{\"@type\":\"ListItem\",\"position\":1,\"name\":\"\u9996\u9875\",\"item\":\"https:\/\/superprintpro.com\/\"},{\"@type\":\"ListItem\",\"position\":2,\"name\":\"Shop\",\"item\":\"https:\/\/superprintpro.com\/shop\/\"},{\"@type\":\"ListItem\",\"position\":3,\"name\":\"AMO UV Inkjet Printer AM3200UV8G6-ES 3.2meters with 8 Ricoh GEN6 Printheads\"}]},{\"@type\":\"WebSite\",\"@id\":\"https:\/\/superprintpro.com\/#website\",\"url\":\"https:\/\/superprintpro.com\/\",\"name\":\"Amo\",\"description\":\"\",\"potentialAction\":[{\"@type\":\"SearchAction\",\"target\":{\"@type\":\"EntryPoint\",\"urlTemplate\":\"https:\/\/superprintpro.com\/?s={search_term_string}\"},\"query-input\":{\"@type\":\"PropertyValueSpecification\",\"valueRequired\":true,\"valueName\":\"search_term_string\"}}],\"inLanguage\":\"vi\"}]}<\/script>\n<!-- \/ Yoast SEO plugin. -->","yoast_head_json":{"title":"AMO UV Inkjet Printer AM3200UV8G6-ES 3.2meters with 8 Ricoh GEN6 Printheads - Amo","robots":{"index":"index","follow":"follow","max-snippet":"max-snippet:-1","max-image-preview":"max-image-preview:large","max-video-preview":"max-video-preview:-1"},"canonical":"https:\/\/superprintpro.com\/vi\/san-pham\/amo-uv-inkjet-printer-am3200uv8g6-es-3-2meters-with-8-ricoh-gen6-printheads\/","og_locale":"vi_VN","og_type":"article","og_title":"AMO UV Inkjet Printer AM3200UV8G6-ES 3.2meters with 8 Ricoh GEN6 Printheads - Amo","og_description":"For product details and the latest quotes, please contact our sales manager","og_url":"https:\/\/superprintpro.com\/vi\/san-pham\/amo-uv-inkjet-printer-am3200uv8g6-es-3-2meters-with-8-ricoh-gen6-printheads\/","og_site_name":"Amo","og_image":[{"width":828,"height":466,"url":"https:\/\/superprintpro.com\/wp-content\/uploads\/2025\/08\/amo-uv-inkjet-printer-am3200uv8g6-es-32meters-with-8-ricoh-gen6-printheads.jpg","type":"image\/jpeg"}],"twitter_card":"summary_large_image","twitter_misc":{"\u01af\u1edbc t\u00ednh th\u1eddi gian \u0111\u1ecdc":"1 ph\u00fat"},"schema":{"@context":"https:\/\/schema.org","@graph":[{"@type":"WebPage","@id":"https:\/\/superprintpro.com\/product\/amo-uv-inkjet-printer-am3200uv8g6-es-3-2meters-with-8-ricoh-gen6-printheads\/","url":"https:\/\/superprintpro.com\/product\/amo-uv-inkjet-printer-am3200uv8g6-es-3-2meters-with-8-ricoh-gen6-printheads\/","name":"AMO UV Inkjet Printer AM3200UV8G6-ES 3.2meters with 8 Ricoh GEN6 Printheads - Amo","isPartOf":{"@id":"https:\/\/superprintpro.com\/#website"},"primaryImageOfPage":{"@id":"https:\/\/superprintpro.com\/product\/amo-uv-inkjet-printer-am3200uv8g6-es-3-2meters-with-8-ricoh-gen6-printheads\/#primaryimage"},"image":{"@id":"https:\/\/superprintpro.com\/product\/amo-uv-inkjet-printer-am3200uv8g6-es-3-2meters-with-8-ricoh-gen6-printheads\/#primaryimage"},"thumbnailUrl":"https:\/\/superprintpro.com\/wp-content\/uploads\/2025\/08\/amo-uv-inkjet-printer-am3200uv8g6-es-32meters-with-8-ricoh-gen6-printheads.jpg","datePublished":"2025-08-18T06:55:39+00:00","breadcrumb":{"@id":"https:\/\/superprintpro.com\/product\/amo-uv-inkjet-printer-am3200uv8g6-es-3-2meters-with-8-ricoh-gen6-printheads\/#breadcrumb"},"inLanguage":"vi","potentialAction":[{"@type":"ReadAction","target":["https:\/\/superprintpro.com\/product\/amo-uv-inkjet-printer-am3200uv8g6-es-3-2meters-with-8-ricoh-gen6-printheads\/"]}]},{"@type":"ImageObject","inLanguage":"vi","@id":"https:\/\/superprintpro.com\/product\/amo-uv-inkjet-printer-am3200uv8g6-es-3-2meters-with-8-ricoh-gen6-printheads\/#primaryimage","url":"https:\/\/superprintpro.com\/wp-content\/uploads\/2025\/08\/amo-uv-inkjet-printer-am3200uv8g6-es-32meters-with-8-ricoh-gen6-printheads.jpg","contentUrl":"https:\/\/superprintpro.com\/wp-content\/uploads\/2025\/08\/amo-uv-inkjet-printer-am3200uv8g6-es-32meters-with-8-ricoh-gen6-printheads.jpg","width":828,"height":466,"caption":"AMO UV Inkjet Printer AM3200UV8G6-ES 3.2meters with 8 Ricoh GEN6 Printheads"},{"@type":"BreadcrumbList","@id":"https:\/\/superprintpro.com\/product\/amo-uv-inkjet-printer-am3200uv8g6-es-3-2meters-with-8-ricoh-gen6-printheads\/#breadcrumb","itemListElement":[{"@type":"ListItem","position":1,"name":"\u9996\u9875","item":"https:\/\/superprintpro.com\/"},{"@type":"ListItem","position":2,"name":"Shop","item":"https:\/\/superprintpro.com\/shop\/"},{"@type":"ListItem","position":3,"name":"AMO UV Inkjet Printer AM3200UV8G6-ES 3.2meters with 8 Ricoh GEN6 Printheads"}]},{"@type":"WebSite","@id":"https:\/\/superprintpro.com\/#website","url":"https:\/\/superprintpro.com\/","name":"Amo","description":"","potentialAction":[{"@type":"SearchAction","target":{"@type":"EntryPoint","urlTemplate":"https:\/\/superprintpro.com\/?s={search_term_string}"},"query-input":{"@type":"PropertyValueSpecification","valueRequired":true,"valueName":"search_term_string"}}],"inLanguage":"vi"}]}},"_links":{"self":[{"href":"https:\/\/superprintpro.com\/vi\/wp-json\/wp\/v2\/product\/30175","targetHints":{"allow":["GET"]}}],"collection":[{"href":"https:\/\/superprintpro.com\/vi\/wp-json\/wp\/v2\/product"}],"about":[{"href":"https:\/\/superprintpro.com\/vi\/wp-json\/wp\/v2\/types\/product"}],"replies":[{"embeddable":true,"href":"https:\/\/superprintpro.com\/vi\/wp-json\/wp\/v2\/comments?post=30175"}],"version-history":[{"count":1,"href":"https:\/\/superprintpro.com\/vi\/wp-json\/wp\/v2\/product\/30175\/revisions"}],"predecessor-version":[{"id":30178,"href":"https:\/\/superprintpro.com\/vi\/wp-json\/wp\/v2\/product\/30175\/revisions\/30178"}],"wp:featuredmedia":[{"embeddable":true,"href":"https:\/\/superprintpro.com\/vi\/wp-json\/wp\/v2\/media\/30177"}],"wp:attachment":[{"href":"https:\/\/superprintpro.com\/vi\/wp-json\/wp\/v2\/media?parent=30175"}],"wp:term":[{"taxonomy":"product_brand","embeddable":true,"href":"https:\/\/superprintpro.com\/vi\/wp-json\/wp\/v2\/product_brand?post=30175"},{"taxonomy":"product_cat","embeddable":true,"href":"https:\/\/superprintpro.com\/vi\/wp-json\/wp\/v2\/product_cat?post=30175"},{"taxonomy":"product_tag","embeddable":true,"href":"https:\/\/superprintpro.com\/vi\/wp-json\/wp\/v2\/product_tag?post=30175"}],"curies":[{"name":"wp","href":"https:\/\/api.w.org\/{rel}","templated":true}]}}