{"id":30136,"date":"2025-08-18T11:25:01","date_gmt":"2025-08-18T03:25:01","guid":{"rendered":"https:\/\/superprintpro.com\/?post_type=product&#038;p=30136"},"modified":"2025-08-18T11:25:01","modified_gmt":"2025-08-18T03:25:01","slug":"amo-solvent-inkjet-printer-am3212k12i-3-2meters-with-12-konica-512i-printhead","status":"publish","type":"product","link":"https:\/\/superprintpro.com\/vi\/san-pham\/amo-solvent-inkjet-printer-am3212k12i-3-2meters-with-12-konica-512i-printhead\/","title":{"rendered":"M\u00e1y in phun dung m\u00f4i AMO AM3212K12i 3,2 m\u00e9t v\u1edbi 12 \u0111\u1ea7u in Konica 512i"},"content":{"rendered":"<p>M\u00e1y in phun dung m\u00f4i AMO AM3212K12i 3,2 m\u00e9t v\u1edbi 12 \u0111\u1ea7u in Konica 512i<br \/>\n1. H\u1ec7 th\u1ed1ng gia nhi\u1ec7t \u0111\u1ea7u in v\u00e0 tu\u1ea7n ho\u00e0n m\u1ef1c: T\u1ea5m \u0111\u1ea7u in t\u00edch h\u1ee3p ch\u1ee9c n\u0103ng gia nhi\u1ec7t \u0111\u1ec3 \u0111\u1ea3m b\u1ea3o d\u00f2ng m\u1ef1c \u1ed5n \u0111\u1ecbnh t\u1ed1i \u01b0u trong c\u00e1c m\u00f4i tr\u01b0\u1eddng nhi\u1ec7t \u0111\u1ed9 kh\u00e1c nhau. M\u1ef1c t\u00edch h\u1ee3p<br \/>\nH\u1ec7 th\u1ed1ng tu\u1ea7n ho\u00e0n ng\u0103n ng\u1eeba l\u1eafng \u0111\u1ecdng s\u1eafc t\u1ed1 b\u00ean trong \u0111\u1ea7u in, gi\u00fap gi\u1ea3m thi\u1ec3u hi\u1ec7u qu\u1ea3 nguy c\u01a1 t\u1eafc ngh\u1ebdn v\u00f2i phun.<br \/>\n2. Thi\u1ebft k\u1ebf b\u00ecnh m\u1ef1c ph\u1ee5 ho\u00e0n to\u00e0n trong su\u1ed1t v\u00e0 ki\u1ec3m so\u00e1t \u00e1p su\u1ea5t m\u00e0u \u0111\u1ed9c l\u1eadp: (1) C\u1ea5u tr\u00fac trong su\u1ed1t gi\u00fap d\u1ec5 d\u00e0ng kh\u1eafc ph\u1ee5c s\u1ef1 c\u1ed1 v\u00e0 gi\u1ea3m th\u1eddi gian b\u1ea3o tr\u00ec. (2) C\u01a1 ch\u1ebf \u0111i\u1ec1u ch\u1ec9nh \u00e1p su\u1ea5t \u0111\u1ed9c l\u1eadp gi\u00fap t\u1ed1i \u01b0u h\u00f3a hi\u1ec7u qu\u1ea3 ti\u00eau th\u1ee5 m\u1ef1c.<br \/>\n3. H\u1ec7 th\u1ed1ng con l\u0103n \u00e1p l\u1ef1c c\u01a1 gi\u1edbi \u0111\u01a1n &amp; thanh tr\u01b0\u1ee3t\/thanh d\u1eabn h\u01b0\u1edbng im l\u1eb7ng: (1) Cho ph\u00e9p \u0111i\u1ec1u ch\u1ec9nh t\u1eebng con l\u0103n \u00e1p l\u1ef1c theo th\u1eddi gian th\u1ef1c trong qu\u00e1 tr\u00ecnh in \u0111\u1ec3 lo\u1ea1i b\u1ecf t\u00ecnh tr\u1ea1ng nh\u0103n v\u1eadt li\u1ec7u m\u00e0 kh\u00f4ng l\u00e0m gi\u00e1n \u0111o\u1ea1n s\u1ea3n xu\u1ea5t, gi\u1ea3m thi\u1ec3u l\u00e3ng ph\u00ed v\u1eadt li\u1ec7u. (2) Thanh d\u1eabn h\u01b0\u1edbng im l\u1eb7ng t\u1ed1c \u0111\u1ed9 cao \u0111\u1ea3m b\u1ea3o \u0111\u1ea7u in chuy\u1ec3n \u0111\u1ed9ng m\u01b0\u1ee3t m\u00e0 h\u01a1n, n\u00e2ng cao \u0111\u1ed9 ch\u00ednh x\u00e1c in \u0111\u1ed3ng th\u1eddi gi\u1ea3m ti\u1ebfng \u1ed3n khi v\u1eadn h\u00e0nh. Thi\u1ebft k\u1ebf n\u00e0y gi\u1ea3m thi\u1ec3u hao m\u00f2n c\u01a1 h\u1ecdc v\u00e0 k\u00e9o d\u00e0i tu\u1ed5i th\u1ecd c\u1ee7a thanh d\u1eabn h\u01b0\u1edbng.<br \/>\n4. N\u1ec1n t\u1ea3ng ch\u00e2n kh\u00f4ng c\u00f3 th\u1ec3 \u0111i\u1ec1u ch\u1ec9nh v\u00e0 \u0111i\u1ec1u ch\u1ec9nh t\u1ed1c \u0111\u1ed9 con l\u0103n: (1) Cho ph\u00e9p \u0111i\u1ec1u ch\u1ec9nh lu\u1ed3ng kh\u00f4ng kh\u00ed th\u1ee7 c\u00f4ng trong qu\u00e1 tr\u00ecnh in \u0111\u1ec3 gi\u1ea3i quy\u1ebft c\u00e1c v\u1ea5n \u0111\u1ec1 c\u1ea5p v\u1eadt li\u1ec7u do ch\u00e2n kh\u00f4ng qu\u00e1 m\u1ee9c g\u00e2y ra, \u0111\u1ea3m b\u1ea3o c\u1ea5p v\u1eadt li\u1ec7u c\u00f3 \u0111\u1ed9 d\u00e0y kh\u00e1c nhau m\u1ed9t c\u00e1ch tr\u01a1n tru. (2) H\u1ec7 th\u1ed1ng \u0111i\u1ec1u ch\u1ec9nh c\u00f4ng su\u1ea5t con l\u0103n t\u0103ng c\u01b0\u1eddng kh\u1ea3 n\u0103ng t\u01b0\u01a1ng th\u00edch v\u1edbi nhi\u1ec1u lo\u1ea1i v\u1eadt li\u1ec7u kh\u00e1c nhau cho c\u1ea3 ho\u1ea1t \u0111\u1ed9ng c\u1ea5p v\u00e0 thu th\u1eadp.<br \/>\n5. H\u1ec7 th\u1ed1ng gia nhi\u1ec7t\/s\u1ea5y c\u00f4ng su\u1ea5t cao: C\u00f3 c\u00e1c v\u00f9ng gia nhi\u1ec7t ph\u00e2n \u0111o\u1ea1n \u0111\u1ec3 c\u1ea3i thi\u1ec7n kh\u1ea3 n\u0103ng h\u1ea5p th\u1ee5 m\u1ef1c v\u00e0 \u0111\u1ed9 b\u1ec1n m\u00e0u c\u1ee7a v\u1eadt li\u1ec7u. T\u00edch h\u1ee3p bu\u1ed3ng tu\u1ea7n ho\u00e0n kh\u00ed nhi\u1ec7t \u0111\u1ed9c quy\u1ec1n t\u00edch h\u1ee3p c\u00f9ng h\u1ec7 th\u1ed1ng ph\u00e2n lu\u1ed3ng kh\u00ed l\u1ea1nh, cho ph\u00e9p l\u00e0m m\u00e1t nhanh sau khi s\u1ea5y, \u0111\u1ea3m b\u1ea3o chi ti\u1ebft s\u1eafc n\u00e9t h\u01a1n v\u00e0 b\u1ec1 m\u1eb7t b\u00f3ng h\u01a1n.<\/p>\n<p>Th\u00f4ng s\u1ed1 m\u00e1y<br \/>\nChi\u1ec1u r\u1ed9ng in t\u1ed1i \u0111a 3200MM<br \/>\nS\u1ed1 l\u01b0\u1ee3ng \u0111\u1ea7u in: KM512i (12 \u0111\u1ea7u)<br \/>\nT\u1ed1c \u0111\u1ed9 in:<br \/>\n2 l\u1ea7n qu\u00e9t 360m\u00b2\/h (480*360dpi)<br \/>\n3 l\u1ea7n qu\u00e9t 210m\u00b2\/h (480*540dpi)<br \/>\n4 l\u1ea7n qu\u00e9t 156 m\u00b2\/h (480*720dpi)<\/p>\n<p>Lo\u1ea1i ph\u01b0\u01a1ng ti\u1ec7n:<br \/>\nC\u00f3 th\u1ec3 in b\u1ea5t k\u1ef3 v\u1eadt li\u1ec7u m\u1ec1m n\u00e0o: m\u00e0ng phim tr\u1ea7n, gi\u1ea5y d\u00e1n t\u01b0\u1eddng\/v\u1ea3i, v\u1ea3i polyester, phim \u0111\u00e8n n\u1ec1n, gi\u1ea5y \u1ea3nh, Canva, bi\u1ec3u ng\u1eef flex, vinyl, l\u01b0\u1edbi, t\u1ea7m nh\u00ecn m\u1ed9t chi\u1ec1u, bi\u1ec3u ng\u1eef flex tr\u00e1ng ph\u1ee7, v.v.<br \/>\nRIP Softvare pf ph\u1ea7n m\u1ec1m qu\u1ea3n l\u00fd m\u00e0u s\u1eafc<br \/>\nY\u00eau c\u1ea7u Pover AC220\u00b110.50HZ~60HZP4500W<br \/>\nK\u00edch th\u01b0\u1edbc \u0111\u00f3ng g\u00f3i m\u00e1y in L5300*W1180*H1700\/L5600*W1250*H2100<br \/>\nTr\u1ecdng l\u01b0\u1ee3ng t\u1ecbnh 1500kg\/1750kg<\/p>","protected":false},"excerpt":{"rendered":"<p>\u0110\u1ec3 bi\u1ebft th\u00f4ng tin chi ti\u1ebft v\u1ec1 s\u1ea3n ph\u1ea9m v\u00e0 b\u00e1o gi\u00e1 m\u1edbi nh\u1ea5t, vui l\u00f2ng li\u00ean h\u1ec7 v\u1edbi gi\u00e1m \u0111\u1ed1c b\u00e1n h\u00e0ng c\u1ee7a ch\u00fang t\u00f4i<\/p>","protected":false},"featured_media":30137,"comment_status":"open","ping_status":"closed","template":"","meta":[],"product_brand":[],"product_cat":[116],"product_tag":[],"class_list":{"0":"post-30136","1":"product","2":"type-product","3":"status-publish","4":"has-post-thumbnail","6":"product_cat-with-konica-km512i-printhead","8":"first","9":"instock","10":"shipping-taxable","11":"purchasable","12":"product-type-simple"},"yoast_head":"<!-- This site is optimized with the Yoast SEO plugin v26.9 - https:\/\/yoast.com\/product\/yoast-seo-wordpress\/ -->\n<title>AMO Solvent Inkjet Printer AM3212K12i 3.2meters with 12 Konica 512i Printhead - Amo<\/title>\n<meta name=\"robots\" content=\"index, follow, max-snippet:-1, max-image-preview:large, max-video-preview:-1\" \/>\n<link rel=\"canonical\" href=\"https:\/\/superprintpro.com\/vi\/san-pham\/amo-solvent-inkjet-printer-am3212k12i-3-2meters-with-12-konica-512i-printhead\/\" \/>\n<meta property=\"og:locale\" content=\"vi_VN\" \/>\n<meta property=\"og:type\" content=\"article\" \/>\n<meta property=\"og:title\" content=\"AMO Solvent Inkjet Printer AM3212K12i 3.2meters with 12 Konica 512i Printhead - Amo\" \/>\n<meta property=\"og:description\" content=\"For product details and the latest quotes, please contact our sales manager\" \/>\n<meta property=\"og:url\" content=\"https:\/\/superprintpro.com\/vi\/san-pham\/amo-solvent-inkjet-printer-am3212k12i-3-2meters-with-12-konica-512i-printhead\/\" \/>\n<meta property=\"og:site_name\" content=\"Amo\" \/>\n<meta property=\"og:image\" content=\"https:\/\/superprintpro.com\/wp-content\/uploads\/2025\/08\/amo-solvent-inkjet-printer-am3212k12i-32meters-with-12-konica-512i-printhead.jpg\" \/>\n\t<meta property=\"og:image:width\" content=\"828\" \/>\n\t<meta property=\"og:image:height\" content=\"466\" \/>\n\t<meta property=\"og:image:type\" content=\"image\/jpeg\" \/>\n<meta name=\"twitter:card\" content=\"summary_large_image\" \/>\n<meta name=\"twitter:label1\" content=\"\u01af\u1edbc t\u00ednh th\u1eddi gian \u0111\u1ecdc\" \/>\n\t<meta name=\"twitter:data1\" content=\"2 ph\u00fat\" \/>\n<script type=\"application\/ld+json\" class=\"yoast-schema-graph\">{\"@context\":\"https:\/\/schema.org\",\"@graph\":[{\"@type\":\"WebPage\",\"@id\":\"https:\/\/superprintpro.com\/product\/amo-solvent-inkjet-printer-am3212k12i-3-2meters-with-12-konica-512i-printhead\/\",\"url\":\"https:\/\/superprintpro.com\/product\/amo-solvent-inkjet-printer-am3212k12i-3-2meters-with-12-konica-512i-printhead\/\",\"name\":\"AMO Solvent Inkjet Printer AM3212K12i 3.2meters with 12 Konica 512i Printhead - Amo\",\"isPartOf\":{\"@id\":\"https:\/\/superprintpro.com\/#website\"},\"primaryImageOfPage\":{\"@id\":\"https:\/\/superprintpro.com\/product\/amo-solvent-inkjet-printer-am3212k12i-3-2meters-with-12-konica-512i-printhead\/#primaryimage\"},\"image\":{\"@id\":\"https:\/\/superprintpro.com\/product\/amo-solvent-inkjet-printer-am3212k12i-3-2meters-with-12-konica-512i-printhead\/#primaryimage\"},\"thumbnailUrl\":\"https:\/\/superprintpro.com\/wp-content\/uploads\/2025\/08\/amo-solvent-inkjet-printer-am3212k12i-32meters-with-12-konica-512i-printhead.jpg\",\"datePublished\":\"2025-08-18T03:25:01+00:00\",\"breadcrumb\":{\"@id\":\"https:\/\/superprintpro.com\/product\/amo-solvent-inkjet-printer-am3212k12i-3-2meters-with-12-konica-512i-printhead\/#breadcrumb\"},\"inLanguage\":\"vi\",\"potentialAction\":[{\"@type\":\"ReadAction\",\"target\":[\"https:\/\/superprintpro.com\/product\/amo-solvent-inkjet-printer-am3212k12i-3-2meters-with-12-konica-512i-printhead\/\"]}]},{\"@type\":\"ImageObject\",\"inLanguage\":\"vi\",\"@id\":\"https:\/\/superprintpro.com\/product\/amo-solvent-inkjet-printer-am3212k12i-3-2meters-with-12-konica-512i-printhead\/#primaryimage\",\"url\":\"https:\/\/superprintpro.com\/wp-content\/uploads\/2025\/08\/amo-solvent-inkjet-printer-am3212k12i-32meters-with-12-konica-512i-printhead.jpg\",\"contentUrl\":\"https:\/\/superprintpro.com\/wp-content\/uploads\/2025\/08\/amo-solvent-inkjet-printer-am3212k12i-32meters-with-12-konica-512i-printhead.jpg\",\"width\":828,\"height\":466,\"caption\":\"AMO Solvent Inkjet Printer AM3212K12i 3.2meters with 12 Konica 512i Printhead\"},{\"@type\":\"BreadcrumbList\",\"@id\":\"https:\/\/superprintpro.com\/product\/amo-solvent-inkjet-printer-am3212k12i-3-2meters-with-12-konica-512i-printhead\/#breadcrumb\",\"itemListElement\":[{\"@type\":\"ListItem\",\"position\":1,\"name\":\"\u9996\u9875\",\"item\":\"https:\/\/superprintpro.com\/\"},{\"@type\":\"ListItem\",\"position\":2,\"name\":\"Shop\",\"item\":\"https:\/\/superprintpro.com\/shop\/\"},{\"@type\":\"ListItem\",\"position\":3,\"name\":\"AMO Solvent Inkjet Printer AM3212K12i 3.2meters with 12 Konica 512i Printhead\"}]},{\"@type\":\"WebSite\",\"@id\":\"https:\/\/superprintpro.com\/#website\",\"url\":\"https:\/\/superprintpro.com\/\",\"name\":\"Amo\",\"description\":\"\",\"potentialAction\":[{\"@type\":\"SearchAction\",\"target\":{\"@type\":\"EntryPoint\",\"urlTemplate\":\"https:\/\/superprintpro.com\/?s={search_term_string}\"},\"query-input\":{\"@type\":\"PropertyValueSpecification\",\"valueRequired\":true,\"valueName\":\"search_term_string\"}}],\"inLanguage\":\"vi\"}]}<\/script>\n<!-- \/ Yoast SEO plugin. -->","yoast_head_json":{"title":"AMO Solvent Inkjet Printer AM3212K12i 3.2meters with 12 Konica 512i Printhead - Amo","robots":{"index":"index","follow":"follow","max-snippet":"max-snippet:-1","max-image-preview":"max-image-preview:large","max-video-preview":"max-video-preview:-1"},"canonical":"https:\/\/superprintpro.com\/vi\/san-pham\/amo-solvent-inkjet-printer-am3212k12i-3-2meters-with-12-konica-512i-printhead\/","og_locale":"vi_VN","og_type":"article","og_title":"AMO Solvent Inkjet Printer AM3212K12i 3.2meters with 12 Konica 512i Printhead - Amo","og_description":"For product details and the latest quotes, please contact our sales manager","og_url":"https:\/\/superprintpro.com\/vi\/san-pham\/amo-solvent-inkjet-printer-am3212k12i-3-2meters-with-12-konica-512i-printhead\/","og_site_name":"Amo","og_image":[{"width":828,"height":466,"url":"https:\/\/superprintpro.com\/wp-content\/uploads\/2025\/08\/amo-solvent-inkjet-printer-am3212k12i-32meters-with-12-konica-512i-printhead.jpg","type":"image\/jpeg"}],"twitter_card":"summary_large_image","twitter_misc":{"\u01af\u1edbc t\u00ednh th\u1eddi gian \u0111\u1ecdc":"2 ph\u00fat"},"schema":{"@context":"https:\/\/schema.org","@graph":[{"@type":"WebPage","@id":"https:\/\/superprintpro.com\/product\/amo-solvent-inkjet-printer-am3212k12i-3-2meters-with-12-konica-512i-printhead\/","url":"https:\/\/superprintpro.com\/product\/amo-solvent-inkjet-printer-am3212k12i-3-2meters-with-12-konica-512i-printhead\/","name":"AMO Solvent Inkjet Printer AM3212K12i 3.2meters with 12 Konica 512i Printhead - Amo","isPartOf":{"@id":"https:\/\/superprintpro.com\/#website"},"primaryImageOfPage":{"@id":"https:\/\/superprintpro.com\/product\/amo-solvent-inkjet-printer-am3212k12i-3-2meters-with-12-konica-512i-printhead\/#primaryimage"},"image":{"@id":"https:\/\/superprintpro.com\/product\/amo-solvent-inkjet-printer-am3212k12i-3-2meters-with-12-konica-512i-printhead\/#primaryimage"},"thumbnailUrl":"https:\/\/superprintpro.com\/wp-content\/uploads\/2025\/08\/amo-solvent-inkjet-printer-am3212k12i-32meters-with-12-konica-512i-printhead.jpg","datePublished":"2025-08-18T03:25:01+00:00","breadcrumb":{"@id":"https:\/\/superprintpro.com\/product\/amo-solvent-inkjet-printer-am3212k12i-3-2meters-with-12-konica-512i-printhead\/#breadcrumb"},"inLanguage":"vi","potentialAction":[{"@type":"ReadAction","target":["https:\/\/superprintpro.com\/product\/amo-solvent-inkjet-printer-am3212k12i-3-2meters-with-12-konica-512i-printhead\/"]}]},{"@type":"ImageObject","inLanguage":"vi","@id":"https:\/\/superprintpro.com\/product\/amo-solvent-inkjet-printer-am3212k12i-3-2meters-with-12-konica-512i-printhead\/#primaryimage","url":"https:\/\/superprintpro.com\/wp-content\/uploads\/2025\/08\/amo-solvent-inkjet-printer-am3212k12i-32meters-with-12-konica-512i-printhead.jpg","contentUrl":"https:\/\/superprintpro.com\/wp-content\/uploads\/2025\/08\/amo-solvent-inkjet-printer-am3212k12i-32meters-with-12-konica-512i-printhead.jpg","width":828,"height":466,"caption":"AMO Solvent Inkjet Printer AM3212K12i 3.2meters with 12 Konica 512i Printhead"},{"@type":"BreadcrumbList","@id":"https:\/\/superprintpro.com\/product\/amo-solvent-inkjet-printer-am3212k12i-3-2meters-with-12-konica-512i-printhead\/#breadcrumb","itemListElement":[{"@type":"ListItem","position":1,"name":"\u9996\u9875","item":"https:\/\/superprintpro.com\/"},{"@type":"ListItem","position":2,"name":"Shop","item":"https:\/\/superprintpro.com\/shop\/"},{"@type":"ListItem","position":3,"name":"AMO Solvent Inkjet Printer AM3212K12i 3.2meters with 12 Konica 512i Printhead"}]},{"@type":"WebSite","@id":"https:\/\/superprintpro.com\/#website","url":"https:\/\/superprintpro.com\/","name":"Amo","description":"","potentialAction":[{"@type":"SearchAction","target":{"@type":"EntryPoint","urlTemplate":"https:\/\/superprintpro.com\/?s={search_term_string}"},"query-input":{"@type":"PropertyValueSpecification","valueRequired":true,"valueName":"search_term_string"}}],"inLanguage":"vi"}]}},"_links":{"self":[{"href":"https:\/\/superprintpro.com\/vi\/wp-json\/wp\/v2\/product\/30136","targetHints":{"allow":["GET"]}}],"collection":[{"href":"https:\/\/superprintpro.com\/vi\/wp-json\/wp\/v2\/product"}],"about":[{"href":"https:\/\/superprintpro.com\/vi\/wp-json\/wp\/v2\/types\/product"}],"replies":[{"embeddable":true,"href":"https:\/\/superprintpro.com\/vi\/wp-json\/wp\/v2\/comments?post=30136"}],"version-history":[{"count":1,"href":"https:\/\/superprintpro.com\/vi\/wp-json\/wp\/v2\/product\/30136\/revisions"}],"predecessor-version":[{"id":30138,"href":"https:\/\/superprintpro.com\/vi\/wp-json\/wp\/v2\/product\/30136\/revisions\/30138"}],"wp:featuredmedia":[{"embeddable":true,"href":"https:\/\/superprintpro.com\/vi\/wp-json\/wp\/v2\/media\/30137"}],"wp:attachment":[{"href":"https:\/\/superprintpro.com\/vi\/wp-json\/wp\/v2\/media?parent=30136"}],"wp:term":[{"taxonomy":"product_brand","embeddable":true,"href":"https:\/\/superprintpro.com\/vi\/wp-json\/wp\/v2\/product_brand?post=30136"},{"taxonomy":"product_cat","embeddable":true,"href":"https:\/\/superprintpro.com\/vi\/wp-json\/wp\/v2\/product_cat?post=30136"},{"taxonomy":"product_tag","embeddable":true,"href":"https:\/\/superprintpro.com\/vi\/wp-json\/wp\/v2\/product_tag?post=30136"}],"curies":[{"name":"wp","href":"https:\/\/api.w.org\/{rel}","templated":true}]}}