{"id":30113,"date":"2025-08-18T10:01:08","date_gmt":"2025-08-18T02:01:08","guid":{"rendered":"https:\/\/superprintpro.com\/?post_type=product&#038;p=30113"},"modified":"2025-08-18T10:01:09","modified_gmt":"2025-08-18T02:01:09","slug":"am7322-i32-3-2meter-inkjet-printer-with-2-i3200-printhead-the-economic-version","status":"publish","type":"product","link":"https:\/\/superprintpro.com\/vi\/san-pham\/am7322-i32-3-2meter-inkjet-printer-with-2-i3200-printhead-the-economic-version\/","title":{"rendered":"M\u00e1y in phun AM7322-i32 3,2 m\u00e9t v\u1edbi 2 \u0111\u1ea7u in i3200 (phi\u00ean b\u1ea3n ti\u1ebft ki\u1ec7m)"},"content":{"rendered":"<p>T\u00ean m\u1eabu: AM7322-I32<\/p>\n<p>Chi\u1ec1u r\u1ed9ng in: 3,2 m\u00e9t<\/p>\n<p>Chi\u1ec1u r\u1ed9ng ph\u01b0\u01a1ng ti\u1ec7n t\u1ed1i \u0111a: 3,2 m\u00e9t<\/p>\n<p>\u0110\u1ea7u in: \u0110\u1ea7u in Epson i3200<\/p>\n<p>S\u1ed1 l\u01b0\u1ee3ng \u0111\u1ea7u in: 2 c\u00e1i<\/p>\n<p>\u0110\u1ed9 ph\u00e2n gi\u1ea3i: 1440 dpi<\/p>\n<p>T\u1ed1c \u0111\u1ed9 in: Ch\u1ebf \u0111\u1ed9 4 l\u1ea7n in 40 m\u00e9t vu\u00f4ng m\u1ed7i gi\u1edd<\/p>\n<p>Ph\u01b0\u01a1ng ti\u1ec7n in: Gi\u1ea5y PP, Gi\u1ea5y \u1ea3nh, Vinyl, Gi\u1ea5y chuy\u1ec3n nhi\u1ec7t, Gi\u1ea5y n\u1ec1n xanh, v.v.<\/p>\n<p>M\u00e0u s\u1eafc: CMYK<\/p>\n<p>M\u1ef1c: M\u1ef1c Eco-Solvent, M\u1ef1c in th\u0103ng hoa (ho\u1eb7c m\u1ef1c g\u1ed1c n\u01b0\u1edbc kh\u00e1c)<\/p>\n<p>Dung t\u00edch m\u1ef1c: 1 l\u00edt m\u1ed7i m\u00e0u<\/p>\n<p>C\u1ed5ng k\u1ebft n\u1ed1i v\u1edbi m\u00e1y t\u00ednh: USB\/NET<\/p>\n<p>Kho\u1ea3ng c\u00e1ch t\u1eeb \u0111\u1ea7u in \u0111\u1ebfn v\u1eadt li\u1ec7u in: 2mm \u0111\u1ebfn 3mm<\/p>\n<p>H\u1ec7 th\u1ed1ng v\u1ecb tr\u00ed in: H\u1ec7 th\u1ed1ng Raster v\u00e0 Servo<\/p>\n<p>H\u1ec7 th\u1ed1ng s\u1ea5y m\u1ef1c: Qu\u1ea1t v\u00e0 l\u00f2 s\u01b0\u1edfi<\/p>\n<p>H\u1ec7 th\u1ed1ng \u0111\u1ed9ng c\u01a1 v\u00e0 b\u1ed9 \u0111i\u1ec1u khi\u1ec3n: \u0110\u1ed9ng c\u01a1 v\u00e0 b\u1ed9 \u0111i\u1ec1u khi\u1ec3n c\u00f3 \u0111\u1ed9 ch\u00ednh x\u00e1c cao k\u1ebft h\u1ee3p cho Xe \u0111\u1ea9y v\u00e0 B\u1eadc thang<\/p>\n<p>H\u1ec7 th\u1ed1ng in \u1ea5n: Hoson, \u0111\u01a1n v\u1ecb d\u1eabn \u0111\u1ea7u v\u1ec1 h\u1ec7 th\u1ed1ng in \u1ea5n t\u1ea1i Trung Qu\u1ed1c<\/p>\n<p>Tr\u1ea1m m\u1ef1c: Tr\u1ea1m b\u1ea3o tr\u00ec \u0111\u1ea7u in b\u1eb1ng nh\u00f4m c\u00f3 \u0111\u1ed9 ch\u00ednh x\u00e1c cao.<\/p>\n<p>Ph\u1ea7n m\u1ec1m Rip: Maintop, RIIN, Photoprint<\/p>\n<p>\u0110\u1ecbnh d\u1ea1ng \u1ea3nh: JPG, TIFF, BMP, PDF<\/p>\n<p>H\u1ec7 th\u1ed1ng s\u01b0\u1edfi \u1ea5m: Thi\u1ebft b\u1ecb h\u1ec7 th\u1ed1ng ki\u1ec3m so\u00e1t nhi\u1ec7t \u0111\u1ed9 t\u1ef1 \u0111\u1ed9ng.<\/p>\n<p>H\u1ec7 th\u1ed1ng cung c\u1ea5p ph\u01b0\u01a1ng ti\u1ec7n: H\u1ec7 th\u1ed1ng cu\u1ed9n ph\u01b0\u01a1ng ti\u1ec7n t\u1ef1 \u0111\u1ed9ng<\/p>\n<p>Tr\u1ecdng l\u01b0\u1ee3ng ph\u01b0\u01a1ng ti\u1ec7n t\u1ed1i \u0111a: 50kg<\/p>\n<p>Nhu c\u1ea7u \u0111i\u1ec7n n\u0103ng: 50\/60HZ 220V AC, Nhu c\u1ea7u \u0111i\u1ec7n n\u0103ng in: 2000W, Nhu c\u1ea7u \u0111i\u1ec7n n\u0103ng gia nhi\u1ec7t: 3600W<\/p>\n<p>Nhi\u1ec7t \u0111\u1ed9 l\u00e0m vi\u1ec7c: 20-25 CESUS<\/p>\n<p>\u0110\u1ed9 \u1ea9m l\u00e0m vi\u1ec7c: 40-70%<\/p>\n<p>K\u00edch th\u01b0\u1edbc m\u00e1y: D\u00e0i 4400mm X R\u1ed9ng 900mm X Cao 1440mm<\/p>\n<p>Kh\u1ed1i l\u01b0\u1ee3ng t\u1ecbnh: 550 KGS<\/p>\n<p>K\u00edch th\u01b0\u1edbc \u0111\u00f3ng g\u00f3i: D\u00e0i 4500mm X R\u1ed9ng 1000mm X Cao 1540mm<\/p>\n<p>T\u1ed5ng tr\u1ecdng l\u01b0\u1ee3ng: 630 KGS<\/p>\n<p>(M\u00e1y th\u1ef1c t\u1ebf c\u00f3 th\u1ec3 h\u01a1i kh\u00e1c so v\u1edbi m\u00e1y in \u0111\u01b0\u1ee3c hi\u1ec3n th\u1ecb trong danh m\u1ee5c n\u00e0y, \u0111\u1eb7c bi\u1ec7t l\u00e0 m\u1ed9t s\u1ed1 chi ti\u1ebft c\u00f3 th\u1ec3 kh\u00e1c)<\/p>","protected":false},"excerpt":{"rendered":"<p>\u0110\u1ec3 bi\u1ebft th\u00f4ng tin chi ti\u1ebft v\u1ec1 s\u1ea3n ph\u1ea9m v\u00e0 b\u00e1o gi\u00e1 m\u1edbi nh\u1ea5t, vui l\u00f2ng li\u00ean h\u1ec7 v\u1edbi gi\u00e1m \u0111\u1ed1c b\u00e1n h\u00e0ng c\u1ee7a ch\u00fang t\u00f4i<\/p>","protected":false},"featured_media":30114,"comment_status":"open","ping_status":"closed","template":"","meta":[],"product_brand":[],"product_cat":[103],"product_tag":[],"class_list":{"0":"post-30113","1":"product","2":"type-product","3":"status-publish","4":"has-post-thumbnail","6":"product_cat-with-i3200-printhead","8":"first","9":"instock","10":"shipping-taxable","11":"purchasable","12":"product-type-simple"},"yoast_head":"<!-- This site is optimized with the Yoast SEO plugin v26.9 - https:\/\/yoast.com\/product\/yoast-seo-wordpress\/ -->\n<title>AM7322-i32 3.2meter Inkjet printer with 2 i3200 Printhead (the economic version) - Amo<\/title>\n<meta name=\"robots\" content=\"index, follow, max-snippet:-1, max-image-preview:large, max-video-preview:-1\" \/>\n<link rel=\"canonical\" href=\"https:\/\/superprintpro.com\/vi\/san-pham\/am7322-i32-3-2meter-inkjet-printer-with-2-i3200-printhead-the-economic-version\/\" \/>\n<meta property=\"og:locale\" content=\"vi_VN\" \/>\n<meta property=\"og:type\" content=\"article\" \/>\n<meta property=\"og:title\" content=\"AM7322-i32 3.2meter Inkjet printer with 2 i3200 Printhead (the economic version) - Amo\" \/>\n<meta property=\"og:description\" content=\"For product details and the latest quotes, please contact our sales manager\" \/>\n<meta property=\"og:url\" content=\"https:\/\/superprintpro.com\/vi\/san-pham\/am7322-i32-3-2meter-inkjet-printer-with-2-i3200-printhead-the-economic-version\/\" \/>\n<meta property=\"og:site_name\" content=\"Amo\" \/>\n<meta property=\"article:modified_time\" content=\"2025-08-18T02:01:09+00:00\" \/>\n<meta property=\"og:image\" content=\"https:\/\/superprintpro.com\/wp-content\/uploads\/2025\/08\/am7322-i32-32meter-inkjet-printer-with-2-i3200-printhead.jpg\" \/>\n\t<meta property=\"og:image:width\" content=\"620\" \/>\n\t<meta property=\"og:image:height\" content=\"349\" \/>\n\t<meta property=\"og:image:type\" content=\"image\/jpeg\" \/>\n<meta name=\"twitter:card\" content=\"summary_large_image\" \/>\n<meta name=\"twitter:label1\" content=\"\u01af\u1edbc t\u00ednh th\u1eddi gian \u0111\u1ecdc\" \/>\n\t<meta name=\"twitter:data1\" content=\"1 ph\u00fat\" \/>\n<script type=\"application\/ld+json\" class=\"yoast-schema-graph\">{\"@context\":\"https:\/\/schema.org\",\"@graph\":[{\"@type\":\"WebPage\",\"@id\":\"https:\/\/superprintpro.com\/product\/am7322-i32-3-2meter-inkjet-printer-with-2-i3200-printhead-the-economic-version\/\",\"url\":\"https:\/\/superprintpro.com\/product\/am7322-i32-3-2meter-inkjet-printer-with-2-i3200-printhead-the-economic-version\/\",\"name\":\"AM7322-i32 3.2meter Inkjet printer with 2 i3200 Printhead (the economic version) - Amo\",\"isPartOf\":{\"@id\":\"https:\/\/superprintpro.com\/#website\"},\"primaryImageOfPage\":{\"@id\":\"https:\/\/superprintpro.com\/product\/am7322-i32-3-2meter-inkjet-printer-with-2-i3200-printhead-the-economic-version\/#primaryimage\"},\"image\":{\"@id\":\"https:\/\/superprintpro.com\/product\/am7322-i32-3-2meter-inkjet-printer-with-2-i3200-printhead-the-economic-version\/#primaryimage\"},\"thumbnailUrl\":\"https:\/\/superprintpro.com\/wp-content\/uploads\/2025\/08\/am7322-i32-32meter-inkjet-printer-with-2-i3200-printhead.jpg\",\"datePublished\":\"2025-08-18T02:01:08+00:00\",\"dateModified\":\"2025-08-18T02:01:09+00:00\",\"breadcrumb\":{\"@id\":\"https:\/\/superprintpro.com\/product\/am7322-i32-3-2meter-inkjet-printer-with-2-i3200-printhead-the-economic-version\/#breadcrumb\"},\"inLanguage\":\"vi\",\"potentialAction\":[{\"@type\":\"ReadAction\",\"target\":[\"https:\/\/superprintpro.com\/product\/am7322-i32-3-2meter-inkjet-printer-with-2-i3200-printhead-the-economic-version\/\"]}]},{\"@type\":\"ImageObject\",\"inLanguage\":\"vi\",\"@id\":\"https:\/\/superprintpro.com\/product\/am7322-i32-3-2meter-inkjet-printer-with-2-i3200-printhead-the-economic-version\/#primaryimage\",\"url\":\"https:\/\/superprintpro.com\/wp-content\/uploads\/2025\/08\/am7322-i32-32meter-inkjet-printer-with-2-i3200-printhead.jpg\",\"contentUrl\":\"https:\/\/superprintpro.com\/wp-content\/uploads\/2025\/08\/am7322-i32-32meter-inkjet-printer-with-2-i3200-printhead.jpg\",\"width\":620,\"height\":349,\"caption\":\"AM7322-i32 3.2meter Inkjet printer with 2 i3200 Printhead (the economic version)\"},{\"@type\":\"BreadcrumbList\",\"@id\":\"https:\/\/superprintpro.com\/product\/am7322-i32-3-2meter-inkjet-printer-with-2-i3200-printhead-the-economic-version\/#breadcrumb\",\"itemListElement\":[{\"@type\":\"ListItem\",\"position\":1,\"name\":\"\u9996\u9875\",\"item\":\"https:\/\/superprintpro.com\/\"},{\"@type\":\"ListItem\",\"position\":2,\"name\":\"Shop\",\"item\":\"https:\/\/superprintpro.com\/shop\/\"},{\"@type\":\"ListItem\",\"position\":3,\"name\":\"AM7322-i32 3.2meter Inkjet printer with 2 i3200 Printhead (the economic version)\"}]},{\"@type\":\"WebSite\",\"@id\":\"https:\/\/superprintpro.com\/#website\",\"url\":\"https:\/\/superprintpro.com\/\",\"name\":\"Amo\",\"description\":\"\",\"potentialAction\":[{\"@type\":\"SearchAction\",\"target\":{\"@type\":\"EntryPoint\",\"urlTemplate\":\"https:\/\/superprintpro.com\/?s={search_term_string}\"},\"query-input\":{\"@type\":\"PropertyValueSpecification\",\"valueRequired\":true,\"valueName\":\"search_term_string\"}}],\"inLanguage\":\"vi\"}]}<\/script>\n<!-- \/ Yoast SEO plugin. -->","yoast_head_json":{"title":"AM7322-i32 3.2meter Inkjet printer with 2 i3200 Printhead (the economic version) - Amo","robots":{"index":"index","follow":"follow","max-snippet":"max-snippet:-1","max-image-preview":"max-image-preview:large","max-video-preview":"max-video-preview:-1"},"canonical":"https:\/\/superprintpro.com\/vi\/san-pham\/am7322-i32-3-2meter-inkjet-printer-with-2-i3200-printhead-the-economic-version\/","og_locale":"vi_VN","og_type":"article","og_title":"AM7322-i32 3.2meter Inkjet printer with 2 i3200 Printhead (the economic version) - Amo","og_description":"For product details and the latest quotes, please contact our sales manager","og_url":"https:\/\/superprintpro.com\/vi\/san-pham\/am7322-i32-3-2meter-inkjet-printer-with-2-i3200-printhead-the-economic-version\/","og_site_name":"Amo","article_modified_time":"2025-08-18T02:01:09+00:00","og_image":[{"width":620,"height":349,"url":"https:\/\/superprintpro.com\/wp-content\/uploads\/2025\/08\/am7322-i32-32meter-inkjet-printer-with-2-i3200-printhead.jpg","type":"image\/jpeg"}],"twitter_card":"summary_large_image","twitter_misc":{"\u01af\u1edbc t\u00ednh th\u1eddi gian \u0111\u1ecdc":"1 ph\u00fat"},"schema":{"@context":"https:\/\/schema.org","@graph":[{"@type":"WebPage","@id":"https:\/\/superprintpro.com\/product\/am7322-i32-3-2meter-inkjet-printer-with-2-i3200-printhead-the-economic-version\/","url":"https:\/\/superprintpro.com\/product\/am7322-i32-3-2meter-inkjet-printer-with-2-i3200-printhead-the-economic-version\/","name":"AM7322-i32 3.2meter Inkjet printer with 2 i3200 Printhead (the economic version) - Amo","isPartOf":{"@id":"https:\/\/superprintpro.com\/#website"},"primaryImageOfPage":{"@id":"https:\/\/superprintpro.com\/product\/am7322-i32-3-2meter-inkjet-printer-with-2-i3200-printhead-the-economic-version\/#primaryimage"},"image":{"@id":"https:\/\/superprintpro.com\/product\/am7322-i32-3-2meter-inkjet-printer-with-2-i3200-printhead-the-economic-version\/#primaryimage"},"thumbnailUrl":"https:\/\/superprintpro.com\/wp-content\/uploads\/2025\/08\/am7322-i32-32meter-inkjet-printer-with-2-i3200-printhead.jpg","datePublished":"2025-08-18T02:01:08+00:00","dateModified":"2025-08-18T02:01:09+00:00","breadcrumb":{"@id":"https:\/\/superprintpro.com\/product\/am7322-i32-3-2meter-inkjet-printer-with-2-i3200-printhead-the-economic-version\/#breadcrumb"},"inLanguage":"vi","potentialAction":[{"@type":"ReadAction","target":["https:\/\/superprintpro.com\/product\/am7322-i32-3-2meter-inkjet-printer-with-2-i3200-printhead-the-economic-version\/"]}]},{"@type":"ImageObject","inLanguage":"vi","@id":"https:\/\/superprintpro.com\/product\/am7322-i32-3-2meter-inkjet-printer-with-2-i3200-printhead-the-economic-version\/#primaryimage","url":"https:\/\/superprintpro.com\/wp-content\/uploads\/2025\/08\/am7322-i32-32meter-inkjet-printer-with-2-i3200-printhead.jpg","contentUrl":"https:\/\/superprintpro.com\/wp-content\/uploads\/2025\/08\/am7322-i32-32meter-inkjet-printer-with-2-i3200-printhead.jpg","width":620,"height":349,"caption":"AM7322-i32 3.2meter Inkjet printer with 2 i3200 Printhead (the economic version)"},{"@type":"BreadcrumbList","@id":"https:\/\/superprintpro.com\/product\/am7322-i32-3-2meter-inkjet-printer-with-2-i3200-printhead-the-economic-version\/#breadcrumb","itemListElement":[{"@type":"ListItem","position":1,"name":"\u9996\u9875","item":"https:\/\/superprintpro.com\/"},{"@type":"ListItem","position":2,"name":"Shop","item":"https:\/\/superprintpro.com\/shop\/"},{"@type":"ListItem","position":3,"name":"AM7322-i32 3.2meter Inkjet printer with 2 i3200 Printhead (the economic version)"}]},{"@type":"WebSite","@id":"https:\/\/superprintpro.com\/#website","url":"https:\/\/superprintpro.com\/","name":"Amo","description":"","potentialAction":[{"@type":"SearchAction","target":{"@type":"EntryPoint","urlTemplate":"https:\/\/superprintpro.com\/?s={search_term_string}"},"query-input":{"@type":"PropertyValueSpecification","valueRequired":true,"valueName":"search_term_string"}}],"inLanguage":"vi"}]}},"_links":{"self":[{"href":"https:\/\/superprintpro.com\/vi\/wp-json\/wp\/v2\/product\/30113","targetHints":{"allow":["GET"]}}],"collection":[{"href":"https:\/\/superprintpro.com\/vi\/wp-json\/wp\/v2\/product"}],"about":[{"href":"https:\/\/superprintpro.com\/vi\/wp-json\/wp\/v2\/types\/product"}],"replies":[{"embeddable":true,"href":"https:\/\/superprintpro.com\/vi\/wp-json\/wp\/v2\/comments?post=30113"}],"version-history":[{"count":1,"href":"https:\/\/superprintpro.com\/vi\/wp-json\/wp\/v2\/product\/30113\/revisions"}],"predecessor-version":[{"id":30115,"href":"https:\/\/superprintpro.com\/vi\/wp-json\/wp\/v2\/product\/30113\/revisions\/30115"}],"wp:featuredmedia":[{"embeddable":true,"href":"https:\/\/superprintpro.com\/vi\/wp-json\/wp\/v2\/media\/30114"}],"wp:attachment":[{"href":"https:\/\/superprintpro.com\/vi\/wp-json\/wp\/v2\/media?parent=30113"}],"wp:term":[{"taxonomy":"product_brand","embeddable":true,"href":"https:\/\/superprintpro.com\/vi\/wp-json\/wp\/v2\/product_brand?post=30113"},{"taxonomy":"product_cat","embeddable":true,"href":"https:\/\/superprintpro.com\/vi\/wp-json\/wp\/v2\/product_cat?post=30113"},{"taxonomy":"product_tag","embeddable":true,"href":"https:\/\/superprintpro.com\/vi\/wp-json\/wp\/v2\/product_tag?post=30113"}],"curies":[{"name":"wp","href":"https:\/\/api.w.org\/{rel}","templated":true}]}}