{"id":30075,"date":"2025-08-18T09:14:27","date_gmt":"2025-08-18T01:14:27","guid":{"rendered":"https:\/\/superprintpro.com\/?post_type=product&#038;p=30075"},"modified":"2025-08-18T09:14:27","modified_gmt":"2025-08-18T01:14:27","slug":"amo-uv-dtf-inkjet-printer-am603i6-uvdtf-with-3-i1600-printheads","status":"publish","type":"product","link":"https:\/\/superprintpro.com\/vi\/san-pham\/amo-uv-dtf-inkjet-printer-am603i6-uvdtf-with-3-i1600-printheads\/","title":{"rendered":"M\u00e1y in phun AMO UV-DTF AM603i6-UVDTF v\u1edbi 3 \u0111\u1ea7u in i1600"},"content":{"rendered":"<p>M\u00e1y in phun AMO UV-DTF T\u00ean model AM603i6-UVDTF<br \/>\nM\u00e1y in UV-DTF c\u00f3 th\u1ec3 in b\u1eb1ng m\u1ef1c UV l\u00ean m\u00e0ng phim d\u00e1n A \u0111\u01b0\u1ee3c ph\u1ee7 keo. Trong qu\u00e1 tr\u00ecnh in, m\u00e0ng A s\u1ebd \u0111\u01b0\u1ee3c c\u00e1n m\u1ecfng b\u1eb1ng m\u00e0ng B, \u0111\u00e2y l\u00e0 m\u00e0ng chuy\u1ec3n nhi\u1ec7t. Cu\u1ed1i c\u00f9ng, m\u00e0ng chuy\u1ec3n nhi\u1ec7t B n\u00e0y c\u00f3 th\u1ec3 chuy\u1ec3n h\u00ecnh \u1ea3nh tr\u1ef1c ti\u1ebfp l\u00ean b\u1ea5t k\u1ef3 b\u1ec1 m\u1eb7t c\u1ee9ng n\u00e0o m\u00e0 kh\u00f4ng c\u1ea7n gia nhi\u1ec7t. Qu\u00e1 tr\u00ecnh n\u00e0y kh\u00e1 nhanh, d\u1ec5 d\u00e0ng v\u00e0 \u0111\u01a1n gi\u1ea3n, v\u00ec v\u1eady n\u00f3 r\u1ea5t ph\u1ed5 bi\u1ebfn trong kinh doanh bi\u1ec3n hi\u1ec7u v\u00e0 qu\u1ea3ng c\u00e1o. V\u00ec n\u00f3 c\u00f3 th\u1ec3 \u00e1p d\u1ee5ng cho h\u1ea7u h\u1ebft m\u1ecdi b\u1ec1 m\u1eb7t c\u1ee9ng v\u00e0 nh\u1eb5n nh\u01b0 chai th\u1ee7y tinh, c\u1ed1c, v\u1eadt li\u1ec7u acrylic, v\u1eadt li\u1ec7u g\u1ed1m, nh\u1ef1a, gi\u1ea5y, g\u1ed7, \u0111\u00e1, v.v. b\u1ea5t k\u1ef3 b\u1ec1 m\u1eb7t nh\u1eb5n n\u00e0o d\u00f9 ph\u1eb3ng hay tr\u00f2n, n\u00f3 s\u1ebd ho\u1ea1t \u0111\u1ed9ng t\u1ed1t v\u1edbi kh\u1ea3 n\u0103ng chuy\u1ec3n h\u00ecnh \u1ea3nh nhanh m\u00e0 kh\u00f4ng c\u1ea7n b\u1ea5t k\u1ef3 qu\u00e1 tr\u00ecnh chuy\u1ec3n nhi\u1ec7t n\u00e0o. H\u00ecnh \u1ea3nh c\u1ee7a UV-DTF c\u00f3 \u0111\u1ed9 r\u00f5 n\u00e9t cao v\u00e0 \u0111\u1ed9 b\u1ec1n cao. N\u00f3 s\u1ebd gi\u00fap doanh nghi\u1ec7p bi\u1ec3n hi\u1ec7u c\u1ee7a b\u1ea1n t\u0103ng tr\u01b0\u1edfng nhanh ch\u00f3ng \u1edf nh\u1eefng khu v\u1ef1c m\u00e0 kh\u00e1ch h\u00e0ng c\u1ee7a b\u1ea1n c\u1ea7n<\/p>\n<p>Th\u00f4ng s\u1ed1 m\u00e1y<\/p>\n<p>Th\u00f4ng tin \u0111\u1ea7u: I1600-U1 3H (Phi\u00ean b\u1ea3n 3 \u0111\u1ea7u I1600 UV)<br \/>\nChi\u1ec1u r\u1ed9ng b\u1ea3n in: 650MM (Chi\u1ec1u r\u1ed9ng b\u1ea3n in c\u00f3 th\u1ec3 \u0111\u1ea1t t\u1ed1i \u0111a 700mm n\u1ebfu kh\u00f4ng c\u00f3 thanh tr\u01b0\u1ee3t gi\u1ea5y)<br \/>\nH\u1ec7 th\u1ed1ng b\u1ea3ng m\u1ea1ch: Hoson<br \/>\nCh\u1ebf \u0111\u1ed9 k\u1ebft n\u1ed1i: K\u1ebft n\u1ed1i Internet Gigabit<br \/>\nC\u1ea5u h\u00ecnh m\u1ef1c:<br \/>\nC\u1ed5 \u0111i\u1ec3n: W+C+V (4 m\u00e0u: Tr\u1eafng+M\u00e0u+V\u00e9c ni)<br \/>\nT\u1ed1c \u0111\u1ed9 in:<br \/>\n4 l\u1ea7n \u0111i qua 6 m\u00b2\/h<br \/>\n6 l\u1ea7n truy\u1ec1n 4 \u33a1\u00b2\/h<br \/>\n8pass 2 m\u00b2\/h<br \/>\nLo\u1ea1i ph\u01b0\u01a1ng ti\u1ec7n:<br \/>\nPhim chuy\u1ec3n A v\u00e0 B<br \/>\nT\u00ednh n\u0103ng c\u1ee7a thi\u1ebft b\u1ecb:<br \/>\nThi\u1ebft b\u1ecb ch\u1ed1ng va \u0111\u1eadp<br \/>\nH\u1ed9p l\u00e0m m\u00e1t b\u1eb1ng n\u01b0\u1edbc c\u1ee7a h\u1ec7 th\u1ed1ng x\u1eed l\u00fd UV + \u0110\u00e8n LED UV<br \/>\nCon l\u0103n cao su s\u01b0\u1edfi \u1ea5m + thanh \u00e1p su\u1ea5t kh\u00ed n\u00e9n c\u00f3 th\u1ec3 \u0111i\u1ec1u ch\u1ec9nh<br \/>\nH\u1ec7 th\u1ed1ng n\u1ea1p v\u00e0 x\u1ea3 t\u1ef1 \u0111\u1ed9ng<br \/>\nTh\u00f4ng tin m\u00e1y in:<br \/>\n\u0110i\u1ec7n \u00e1p l\u00e0m vi\u1ec7c: AC220V 50\/60HZ<br \/>\nC\u00f4ng su\u1ea5t: 2500W<br \/>\nm\u00f4i tr\u01b0\u1eddng l\u00e0m vi\u1ec7c:<br \/>\nNhi\u1ec7t \u0111\u1ed9 l\u00e0m vi\u1ec7c b\u00ecnh th\u01b0\u1eddng: 22-28\u2103\u0111\u1ed9 \u1ea9m: 40%-60%<br \/>\nK\u00edch th\u01b0\u1edbc m\u00e1y D1780MM R900MM C1320MM<br \/>\nK\u00edch th\u01b0\u1edbc \u0111\u00f3ng g\u00f3i 2300MM (D) 880MM (R) 960MM (C)<\/p>","protected":false},"excerpt":{"rendered":"<p>\u0110\u1ec3 bi\u1ebft th\u00f4ng tin chi ti\u1ebft v\u1ec1 s\u1ea3n ph\u1ea9m v\u00e0 b\u00e1o gi\u00e1 m\u1edbi nh\u1ea5t, vui l\u00f2ng li\u00ean h\u1ec7 v\u1edbi gi\u00e1m \u0111\u1ed1c b\u00e1n h\u00e0ng c\u1ee7a ch\u00fang t\u00f4i<\/p>","protected":false},"featured_media":30078,"comment_status":"open","ping_status":"closed","template":"","meta":[],"product_brand":[],"product_cat":[123],"product_tag":[],"class_list":{"0":"post-30075","1":"product","2":"type-product","3":"status-publish","4":"has-post-thumbnail","6":"product_cat-uv-dtf-printer","8":"first","9":"instock","10":"shipping-taxable","11":"purchasable","12":"product-type-simple"},"yoast_head":"<!-- This site is optimized with the Yoast SEO plugin v26.9 - https:\/\/yoast.com\/product\/yoast-seo-wordpress\/ -->\n<title>AMO UV-DTF Inkjet Printer AM603i6-UVDTF with 3 i1600 printheads - Amo<\/title>\n<meta name=\"robots\" content=\"index, follow, max-snippet:-1, max-image-preview:large, max-video-preview:-1\" \/>\n<link rel=\"canonical\" href=\"https:\/\/superprintpro.com\/vi\/san-pham\/amo-uv-dtf-inkjet-printer-am603i6-uvdtf-with-3-i1600-printheads\/\" \/>\n<meta property=\"og:locale\" content=\"vi_VN\" \/>\n<meta property=\"og:type\" content=\"article\" \/>\n<meta property=\"og:title\" content=\"AMO UV-DTF Inkjet Printer AM603i6-UVDTF with 3 i1600 printheads - Amo\" \/>\n<meta property=\"og:description\" content=\"For product details and the latest quotes, please contact our sales manager\" \/>\n<meta property=\"og:url\" content=\"https:\/\/superprintpro.com\/vi\/san-pham\/amo-uv-dtf-inkjet-printer-am603i6-uvdtf-with-3-i1600-printheads\/\" \/>\n<meta property=\"og:site_name\" content=\"Amo\" \/>\n<meta property=\"og:image\" content=\"https:\/\/superprintpro.com\/wp-content\/uploads\/2025\/08\/amo-uv-dtf-inkjet-printer-am603i6-uvdtf-with-3-i1600-printheads.jpg\" \/>\n\t<meta property=\"og:image:width\" content=\"500\" \/>\n\t<meta property=\"og:image:height\" content=\"281\" \/>\n\t<meta property=\"og:image:type\" content=\"image\/jpeg\" \/>\n<meta name=\"twitter:card\" content=\"summary_large_image\" \/>\n<meta name=\"twitter:label1\" content=\"\u01af\u1edbc t\u00ednh th\u1eddi gian \u0111\u1ecdc\" \/>\n\t<meta name=\"twitter:data1\" content=\"1 ph\u00fat\" \/>\n<script type=\"application\/ld+json\" class=\"yoast-schema-graph\">{\"@context\":\"https:\/\/schema.org\",\"@graph\":[{\"@type\":\"WebPage\",\"@id\":\"https:\/\/superprintpro.com\/product\/amo-uv-dtf-inkjet-printer-am603i6-uvdtf-with-3-i1600-printheads\/\",\"url\":\"https:\/\/superprintpro.com\/product\/amo-uv-dtf-inkjet-printer-am603i6-uvdtf-with-3-i1600-printheads\/\",\"name\":\"AMO UV-DTF Inkjet Printer AM603i6-UVDTF with 3 i1600 printheads - Amo\",\"isPartOf\":{\"@id\":\"https:\/\/superprintpro.com\/#website\"},\"primaryImageOfPage\":{\"@id\":\"https:\/\/superprintpro.com\/product\/amo-uv-dtf-inkjet-printer-am603i6-uvdtf-with-3-i1600-printheads\/#primaryimage\"},\"image\":{\"@id\":\"https:\/\/superprintpro.com\/product\/amo-uv-dtf-inkjet-printer-am603i6-uvdtf-with-3-i1600-printheads\/#primaryimage\"},\"thumbnailUrl\":\"https:\/\/superprintpro.com\/wp-content\/uploads\/2025\/08\/amo-uv-dtf-inkjet-printer-am603i6-uvdtf-with-3-i1600-printheads.jpg\",\"datePublished\":\"2025-08-18T01:14:27+00:00\",\"breadcrumb\":{\"@id\":\"https:\/\/superprintpro.com\/product\/amo-uv-dtf-inkjet-printer-am603i6-uvdtf-with-3-i1600-printheads\/#breadcrumb\"},\"inLanguage\":\"vi\",\"potentialAction\":[{\"@type\":\"ReadAction\",\"target\":[\"https:\/\/superprintpro.com\/product\/amo-uv-dtf-inkjet-printer-am603i6-uvdtf-with-3-i1600-printheads\/\"]}]},{\"@type\":\"ImageObject\",\"inLanguage\":\"vi\",\"@id\":\"https:\/\/superprintpro.com\/product\/amo-uv-dtf-inkjet-printer-am603i6-uvdtf-with-3-i1600-printheads\/#primaryimage\",\"url\":\"https:\/\/superprintpro.com\/wp-content\/uploads\/2025\/08\/amo-uv-dtf-inkjet-printer-am603i6-uvdtf-with-3-i1600-printheads.jpg\",\"contentUrl\":\"https:\/\/superprintpro.com\/wp-content\/uploads\/2025\/08\/amo-uv-dtf-inkjet-printer-am603i6-uvdtf-with-3-i1600-printheads.jpg\",\"width\":500,\"height\":281,\"caption\":\"AMO UV-DTF Inkjet Printer AM603i6-UVDTF with 3 i1600 printheads\"},{\"@type\":\"BreadcrumbList\",\"@id\":\"https:\/\/superprintpro.com\/product\/amo-uv-dtf-inkjet-printer-am603i6-uvdtf-with-3-i1600-printheads\/#breadcrumb\",\"itemListElement\":[{\"@type\":\"ListItem\",\"position\":1,\"name\":\"\u9996\u9875\",\"item\":\"https:\/\/superprintpro.com\/\"},{\"@type\":\"ListItem\",\"position\":2,\"name\":\"Shop\",\"item\":\"https:\/\/superprintpro.com\/shop\/\"},{\"@type\":\"ListItem\",\"position\":3,\"name\":\"AMO UV-DTF Inkjet Printer AM603i6-UVDTF with 3 i1600 printheads\"}]},{\"@type\":\"WebSite\",\"@id\":\"https:\/\/superprintpro.com\/#website\",\"url\":\"https:\/\/superprintpro.com\/\",\"name\":\"Amo\",\"description\":\"\",\"potentialAction\":[{\"@type\":\"SearchAction\",\"target\":{\"@type\":\"EntryPoint\",\"urlTemplate\":\"https:\/\/superprintpro.com\/?s={search_term_string}\"},\"query-input\":{\"@type\":\"PropertyValueSpecification\",\"valueRequired\":true,\"valueName\":\"search_term_string\"}}],\"inLanguage\":\"vi\"}]}<\/script>\n<!-- \/ Yoast SEO plugin. -->","yoast_head_json":{"title":"AMO UV-DTF Inkjet Printer AM603i6-UVDTF with 3 i1600 printheads - Amo","robots":{"index":"index","follow":"follow","max-snippet":"max-snippet:-1","max-image-preview":"max-image-preview:large","max-video-preview":"max-video-preview:-1"},"canonical":"https:\/\/superprintpro.com\/vi\/san-pham\/amo-uv-dtf-inkjet-printer-am603i6-uvdtf-with-3-i1600-printheads\/","og_locale":"vi_VN","og_type":"article","og_title":"AMO UV-DTF Inkjet Printer AM603i6-UVDTF with 3 i1600 printheads - Amo","og_description":"For product details and the latest quotes, please contact our sales manager","og_url":"https:\/\/superprintpro.com\/vi\/san-pham\/amo-uv-dtf-inkjet-printer-am603i6-uvdtf-with-3-i1600-printheads\/","og_site_name":"Amo","og_image":[{"width":500,"height":281,"url":"https:\/\/superprintpro.com\/wp-content\/uploads\/2025\/08\/amo-uv-dtf-inkjet-printer-am603i6-uvdtf-with-3-i1600-printheads.jpg","type":"image\/jpeg"}],"twitter_card":"summary_large_image","twitter_misc":{"\u01af\u1edbc t\u00ednh th\u1eddi gian \u0111\u1ecdc":"1 ph\u00fat"},"schema":{"@context":"https:\/\/schema.org","@graph":[{"@type":"WebPage","@id":"https:\/\/superprintpro.com\/product\/amo-uv-dtf-inkjet-printer-am603i6-uvdtf-with-3-i1600-printheads\/","url":"https:\/\/superprintpro.com\/product\/amo-uv-dtf-inkjet-printer-am603i6-uvdtf-with-3-i1600-printheads\/","name":"AMO UV-DTF Inkjet Printer AM603i6-UVDTF with 3 i1600 printheads - Amo","isPartOf":{"@id":"https:\/\/superprintpro.com\/#website"},"primaryImageOfPage":{"@id":"https:\/\/superprintpro.com\/product\/amo-uv-dtf-inkjet-printer-am603i6-uvdtf-with-3-i1600-printheads\/#primaryimage"},"image":{"@id":"https:\/\/superprintpro.com\/product\/amo-uv-dtf-inkjet-printer-am603i6-uvdtf-with-3-i1600-printheads\/#primaryimage"},"thumbnailUrl":"https:\/\/superprintpro.com\/wp-content\/uploads\/2025\/08\/amo-uv-dtf-inkjet-printer-am603i6-uvdtf-with-3-i1600-printheads.jpg","datePublished":"2025-08-18T01:14:27+00:00","breadcrumb":{"@id":"https:\/\/superprintpro.com\/product\/amo-uv-dtf-inkjet-printer-am603i6-uvdtf-with-3-i1600-printheads\/#breadcrumb"},"inLanguage":"vi","potentialAction":[{"@type":"ReadAction","target":["https:\/\/superprintpro.com\/product\/amo-uv-dtf-inkjet-printer-am603i6-uvdtf-with-3-i1600-printheads\/"]}]},{"@type":"ImageObject","inLanguage":"vi","@id":"https:\/\/superprintpro.com\/product\/amo-uv-dtf-inkjet-printer-am603i6-uvdtf-with-3-i1600-printheads\/#primaryimage","url":"https:\/\/superprintpro.com\/wp-content\/uploads\/2025\/08\/amo-uv-dtf-inkjet-printer-am603i6-uvdtf-with-3-i1600-printheads.jpg","contentUrl":"https:\/\/superprintpro.com\/wp-content\/uploads\/2025\/08\/amo-uv-dtf-inkjet-printer-am603i6-uvdtf-with-3-i1600-printheads.jpg","width":500,"height":281,"caption":"AMO UV-DTF Inkjet Printer AM603i6-UVDTF with 3 i1600 printheads"},{"@type":"BreadcrumbList","@id":"https:\/\/superprintpro.com\/product\/amo-uv-dtf-inkjet-printer-am603i6-uvdtf-with-3-i1600-printheads\/#breadcrumb","itemListElement":[{"@type":"ListItem","position":1,"name":"\u9996\u9875","item":"https:\/\/superprintpro.com\/"},{"@type":"ListItem","position":2,"name":"Shop","item":"https:\/\/superprintpro.com\/shop\/"},{"@type":"ListItem","position":3,"name":"AMO UV-DTF Inkjet Printer AM603i6-UVDTF with 3 i1600 printheads"}]},{"@type":"WebSite","@id":"https:\/\/superprintpro.com\/#website","url":"https:\/\/superprintpro.com\/","name":"Amo","description":"","potentialAction":[{"@type":"SearchAction","target":{"@type":"EntryPoint","urlTemplate":"https:\/\/superprintpro.com\/?s={search_term_string}"},"query-input":{"@type":"PropertyValueSpecification","valueRequired":true,"valueName":"search_term_string"}}],"inLanguage":"vi"}]}},"_links":{"self":[{"href":"https:\/\/superprintpro.com\/vi\/wp-json\/wp\/v2\/product\/30075","targetHints":{"allow":["GET"]}}],"collection":[{"href":"https:\/\/superprintpro.com\/vi\/wp-json\/wp\/v2\/product"}],"about":[{"href":"https:\/\/superprintpro.com\/vi\/wp-json\/wp\/v2\/types\/product"}],"replies":[{"embeddable":true,"href":"https:\/\/superprintpro.com\/vi\/wp-json\/wp\/v2\/comments?post=30075"}],"version-history":[{"count":1,"href":"https:\/\/superprintpro.com\/vi\/wp-json\/wp\/v2\/product\/30075\/revisions"}],"predecessor-version":[{"id":30079,"href":"https:\/\/superprintpro.com\/vi\/wp-json\/wp\/v2\/product\/30075\/revisions\/30079"}],"wp:featuredmedia":[{"embeddable":true,"href":"https:\/\/superprintpro.com\/vi\/wp-json\/wp\/v2\/media\/30078"}],"wp:attachment":[{"href":"https:\/\/superprintpro.com\/vi\/wp-json\/wp\/v2\/media?parent=30075"}],"wp:term":[{"taxonomy":"product_brand","embeddable":true,"href":"https:\/\/superprintpro.com\/vi\/wp-json\/wp\/v2\/product_brand?post=30075"},{"taxonomy":"product_cat","embeddable":true,"href":"https:\/\/superprintpro.com\/vi\/wp-json\/wp\/v2\/product_cat?post=30075"},{"taxonomy":"product_tag","embeddable":true,"href":"https:\/\/superprintpro.com\/vi\/wp-json\/wp\/v2\/product_tag?post=30075"}],"curies":[{"name":"wp","href":"https:\/\/api.w.org\/{rel}","templated":true}]}}