{"id":30068,"date":"2025-08-17T20:05:19","date_gmt":"2025-08-17T12:05:19","guid":{"rendered":"https:\/\/superprintpro.com\/?post_type=product&#038;p=30068"},"modified":"2025-08-17T20:05:19","modified_gmt":"2025-08-17T12:05:19","slug":"amo-a3-size-uv-dtf-amo-3003-with-3-pieces-of-xp600-printheads","status":"publish","type":"product","link":"https:\/\/superprintpro.com\/vi\/san-pham\/amo-a3-size-uv-dtf-amo-3003-with-3-pieces-of-xp600-printheads\/","title":{"rendered":"M\u00e1y in UV DTF kh\u1ed5 AMO A3 AMO 3003 k\u00e8m 3 \u0111\u1ea7u in XP600"},"content":{"rendered":"<p>M\u00e1y in UV DTF kh\u1ed5 AMO A3 AMO 3003 k\u00e8m 3 \u0111\u1ea7u in XP600<\/p>\n<p>Chi\u1ec1u r\u1ed9ng b\u1ea3n in: 300mm<\/p>\n<p>Th\u00f4ng s\u1ed1 k\u1ef9 thu\u1eadt:<br \/>\nTai nghe: Epson XP600<br \/>\nS\u1ed1 l\u01b0\u1ee3ng \u0111\u1ea7u: 3 c\u00e1i<br \/>\nModel ch\u1ea5t l\u01b0\u1ee3ng cao: 1,4 m\u00e9t vu\u00f4ng\/gi\u1edd<br \/>\nCh\u1ebf \u0111\u1ed9 s\u1ea3n xu\u1ea5t nhanh: 3 m\u00e9t vu\u00f4ng\/gi\u1edd<br \/>\nChi\u1ec1u r\u1ed9ng c\u1ea5p li\u1ec7u: 300mm<br \/>\nTruy\u1ec1n ph\u01b0\u01a1ng ti\u1ec7n: H\u1ec7 th\u1ed1ng \u0111\u1eb7t gi\u1ea5y c\u00f3 th\u1ec3 \u0111i\u1ec1u ch\u1ec9nh song ph\u01b0\u01a1ng kh\u00e1ng c\u1ef1<br \/>\nM\u00e0u s\u1eafc: S\u00e1u m\u00e0u (c\/M\/y\/K\/V\/w)<br \/>\nLo\u1ea1i m\u1ef1c: M\u1ef1c c\u1ef1c t\u00edm chuy\u00ean d\u1ee5ng cho nh\u00e3n k\u00ednh<br \/>\nGiao di\u1ec7n truy\u1ec1n th\u00f4ng: C\u1ed5ng m\u1ea1ng<br \/>\nNg\u00f4n ng\u1eef v\u1eadn h\u00e0nh: Ti\u1ebfng Trung \/ Ti\u1ebfng Anh<br \/>\nPh\u1ea7n m\u1ec1m in: Maintop6.1 \/ photoprint (t\u00f9y ch\u1ecdn)<br \/>\nH\u1ec7 \u0111i\u1ec1u h\u00e0nh: Win10\/Win7<br \/>\nPh\u01b0\u01a1ng ti\u1ec7n in: Phim A\/B<\/p>\n<p>V\u1ec7 sinh \u0111\u1ea7u phun: H\u1ec7 th\u1ed1ng v\u1ec7 sinh pin m\u1ef1c t\u1ef1 \u0111\u1ed9ng<\/p>\n<p>C\u1ea5u h\u00ecnh:<\/p>\n<p>\u0110\u1ed9ng c\u01a1 servo ch\u1ea5t l\u01b0\u1ee3ng cao h\u00e0nh tr\u00ecnh tr\u1ee5c X<br \/>\nTr\u1ee5c \u0111\u1ed9ng c\u01a1 m\u00f4-men xo\u1eafn l\u1edbn chuchen ch\u1ea5t l\u01b0\u1ee3ng cao v\u00e0 + b\u1ed9 gi\u1ea3m t\u1ed1c c\u00f3 \u0111\u1ed9 ch\u00ednh x\u00e1c cao<br \/>\nH\u1ec7 th\u1ed1ng ng\u1eaft k\u1ebft n\u1ed1i c\u00f3 th\u1ec3 \u0111i\u1ec1u ch\u1ec9nh \u0111i\u1ec7n tr\u1edf song ph\u01b0\u01a1ng<br \/>\nThanh d\u1eabn h\u01b0\u1edbng tuy\u1ebfn t\u00ednh t\u1ed1c \u0111\u1ed9 cao Hiwin Silent<br \/>\nH\u1ec7 th\u1ed1ng pha tr\u1ed9n t\u1ef1 \u0111\u1ed9ng cho m\u1ef1c tr\u1eafng. C\u00e0i \u0111\u1eb7t \u0111\u00f4ng \u0111\u1eb7c m\u1ef1c: \u0110\u00e8n c\u1ef1c t\u00edm l\u00e0m m\u00e1t b\u1eb1ng kh\u00f4ng kh\u00ed c\u00f4ng su\u1ea5t cao<br \/>\n\u0110\u01b0\u1eddng d\u1eabn m\u1ef1c t\u0103ng c\u01b0\u1eddng b\u1ed9 l\u1ecdc, h\u1ec7 th\u1ed1ng l\u1ecdc ch\u1ea5t l\u01b0\u1ee3ng cao<br \/>\nH\u1ec7 th\u1ed1ng n\u00e2ng con l\u0103n cao su t\u1ef1 \u0111\u1ed9ng<br \/>\nPhim thu gom r\u00e1c th\u1ea3i: thanh xoay \u00e9p n\u0103ng l\u01b0\u1ee3ng th\u00f4ng minh Phim thu gom r\u00e1c th\u1ea3i<br \/>\nC\u00e0i \u0111\u1eb7t b\u00e1o \u0111\u1ed9ng h\u1ebft m\u1ef1c: h\u1ec7 th\u1ed1ng b\u00e1o \u0111\u1ed9ng h\u1ebft m\u1ef1c t\u1ef1 \u0111\u1ed9ng<br \/>\nC\u1ea5u h\u00ecnh l\u1edbp ph\u1ee7 gi\u1ea5y: con l\u0103n c\u00f3 \u0111\u1ed9 ch\u00ednh x\u00e1c cao, con l\u0103n ki\u1ec3m so\u00e1t nhi\u1ec7t \u0111\u1ed9, gia nhi\u1ec7t th\u00f4ng minh<br \/>\nB\u00e1o \u0111\u1ed9ng thi\u1ebfu gi\u1ea5y: \u0111\u01b0\u1ee3c trang b\u1ecb ch\u1ee9c n\u0103ng b\u00e1o \u0111\u1ed9ng thi\u1ebfu gi\u1ea5y<br \/>\nLo\u1ea1i m\u1ef1c: M\u1ef1c c\u1ef1c t\u00edm \u0111\u1eb7c bi\u1ec7t th\u00e2n thi\u1ec7n v\u1edbi m\u00f4i tr\u01b0\u1eddng, m\u00e0u s\u1eafc \u0111\u1eb9p v\u00e0 \u0111\u1ed9 b\u1ec1n cao<br \/>\nKi\u1ec3m so\u00e1t m\u00e0u s\u1eafc: Ki\u1ec3m so\u00e1t m\u00e0u s\u1eafc ICC ti\u00eau chu\u1ea9n qu\u1ed1c t\u1ebf, \u0111\u01b0\u1eddng cong v\u00e0 m\u1eadt \u0111\u1ed9 c\u00f3 th\u1ec3 \u0111i\u1ec1u ch\u1ec9nh b\u1edfi ng\u01b0\u1eddi d\u00f9ng v\u00e0 c\u00e1c ch\u1ee9c n\u0103ng kh\u00e1c. M\u00f4i tr\u01b0\u1eddng l\u00e0m vi\u1ec7c: 15 \u2013 30\u00b0C\/40% \u2013 60%<br \/>\nC\u00f4ng su\u1ea5t thi\u1ebft b\u1ecb: 1200w<br \/>\nTr\u1ecdng l\u01b0\u1ee3ng g\u00f3i h\u00e0ng: 100kg<br \/>\nK\u00edch th\u01b0\u1edbc to\u00e0n b\u1ed9 m\u00e1y: 1525*725*755mm (k\u00edch th\u01b0\u1edbc \u0111\u00f3ng g\u00f3i) 1200*500*1166mm (k\u00edch th\u01b0\u1edbc thi\u1ebft b\u1ecb)<br \/>\nC\u1ea5u h\u00ecnh m\u00e1y t\u00ednh \u0111\u01b0\u1ee3c \u0111\u1ec1 xu\u1ea5t:<br \/>\nH\u1ec7 \u0111i\u1ec1u h\u00e0nh Win7\/win10 Card m\u1ea1ng Gigabit Card \u0111\u1ed3 h\u1ecda \u0111\u1ed9c l\u1eadp 8g \u2013 B\u1ed9 nh\u1edb 500g \u1ed4 c\u1ee9ng tnel(r)CORE(tm)i5\/i7cpu<\/p>","protected":false},"excerpt":{"rendered":"<p>\u0110\u1ec3 bi\u1ebft th\u00f4ng tin chi ti\u1ebft v\u1ec1 s\u1ea3n ph\u1ea9m v\u00e0 b\u00e1o gi\u00e1 m\u1edbi nh\u1ea5t, vui l\u00f2ng li\u00ean h\u1ec7 v\u1edbi gi\u00e1m \u0111\u1ed1c b\u00e1n h\u00e0ng c\u1ee7a ch\u00fang t\u00f4i<\/p>","protected":false},"featured_media":30069,"comment_status":"open","ping_status":"closed","template":"","meta":[],"product_brand":[],"product_cat":[123],"product_tag":[],"class_list":{"0":"post-30068","1":"product","2":"type-product","3":"status-publish","4":"has-post-thumbnail","6":"product_cat-uv-dtf-printer","8":"first","9":"instock","10":"shipping-taxable","11":"purchasable","12":"product-type-simple"},"yoast_head":"<!-- This site is optimized with the Yoast SEO plugin v26.9 - https:\/\/yoast.com\/product\/yoast-seo-wordpress\/ -->\n<title>AMO A3 Size UV DTF AMO 3003 with 3 pieces of XP600 Printheads - Amo<\/title>\n<meta name=\"robots\" content=\"index, follow, max-snippet:-1, max-image-preview:large, max-video-preview:-1\" \/>\n<link rel=\"canonical\" href=\"https:\/\/superprintpro.com\/vi\/san-pham\/amo-a3-size-uv-dtf-amo-3003-with-3-pieces-of-xp600-printheads\/\" \/>\n<meta property=\"og:locale\" content=\"vi_VN\" \/>\n<meta property=\"og:type\" content=\"article\" \/>\n<meta property=\"og:title\" content=\"AMO A3 Size UV DTF AMO 3003 with 3 pieces of XP600 Printheads - Amo\" \/>\n<meta property=\"og:description\" content=\"For product details and the latest quotes, please contact our sales manager\" \/>\n<meta property=\"og:url\" content=\"https:\/\/superprintpro.com\/vi\/san-pham\/amo-a3-size-uv-dtf-amo-3003-with-3-pieces-of-xp600-printheads\/\" \/>\n<meta property=\"og:site_name\" content=\"Amo\" \/>\n<meta property=\"og:image\" content=\"https:\/\/superprintpro.com\/wp-content\/uploads\/2025\/08\/amo-a3-size-uv-dtf-printer-amo-3003-with-3-pieces-of-xp600-printheads.jpg\" \/>\n\t<meta property=\"og:image:width\" content=\"553\" \/>\n\t<meta property=\"og:image:height\" content=\"311\" \/>\n\t<meta property=\"og:image:type\" content=\"image\/jpeg\" \/>\n<meta name=\"twitter:card\" content=\"summary_large_image\" \/>\n<meta name=\"twitter:label1\" content=\"\u01af\u1edbc t\u00ednh th\u1eddi gian \u0111\u1ecdc\" \/>\n\t<meta name=\"twitter:data1\" content=\"1 ph\u00fat\" \/>\n<script type=\"application\/ld+json\" class=\"yoast-schema-graph\">{\"@context\":\"https:\/\/schema.org\",\"@graph\":[{\"@type\":\"WebPage\",\"@id\":\"https:\/\/superprintpro.com\/product\/amo-a3-size-uv-dtf-amo-3003-with-3-pieces-of-xp600-printheads\/\",\"url\":\"https:\/\/superprintpro.com\/product\/amo-a3-size-uv-dtf-amo-3003-with-3-pieces-of-xp600-printheads\/\",\"name\":\"AMO A3 Size UV DTF AMO 3003 with 3 pieces of XP600 Printheads - Amo\",\"isPartOf\":{\"@id\":\"https:\/\/superprintpro.com\/#website\"},\"primaryImageOfPage\":{\"@id\":\"https:\/\/superprintpro.com\/product\/amo-a3-size-uv-dtf-amo-3003-with-3-pieces-of-xp600-printheads\/#primaryimage\"},\"image\":{\"@id\":\"https:\/\/superprintpro.com\/product\/amo-a3-size-uv-dtf-amo-3003-with-3-pieces-of-xp600-printheads\/#primaryimage\"},\"thumbnailUrl\":\"https:\/\/superprintpro.com\/wp-content\/uploads\/2025\/08\/amo-a3-size-uv-dtf-printer-amo-3003-with-3-pieces-of-xp600-printheads.jpg\",\"datePublished\":\"2025-08-17T12:05:19+00:00\",\"breadcrumb\":{\"@id\":\"https:\/\/superprintpro.com\/product\/amo-a3-size-uv-dtf-amo-3003-with-3-pieces-of-xp600-printheads\/#breadcrumb\"},\"inLanguage\":\"vi\",\"potentialAction\":[{\"@type\":\"ReadAction\",\"target\":[\"https:\/\/superprintpro.com\/product\/amo-a3-size-uv-dtf-amo-3003-with-3-pieces-of-xp600-printheads\/\"]}]},{\"@type\":\"ImageObject\",\"inLanguage\":\"vi\",\"@id\":\"https:\/\/superprintpro.com\/product\/amo-a3-size-uv-dtf-amo-3003-with-3-pieces-of-xp600-printheads\/#primaryimage\",\"url\":\"https:\/\/superprintpro.com\/wp-content\/uploads\/2025\/08\/amo-a3-size-uv-dtf-printer-amo-3003-with-3-pieces-of-xp600-printheads.jpg\",\"contentUrl\":\"https:\/\/superprintpro.com\/wp-content\/uploads\/2025\/08\/amo-a3-size-uv-dtf-printer-amo-3003-with-3-pieces-of-xp600-printheads.jpg\",\"width\":553,\"height\":311,\"caption\":\"AMO A3 Size UV DTF AMO 3003 with 3 pieces of XP600 Printheads\"},{\"@type\":\"BreadcrumbList\",\"@id\":\"https:\/\/superprintpro.com\/product\/amo-a3-size-uv-dtf-amo-3003-with-3-pieces-of-xp600-printheads\/#breadcrumb\",\"itemListElement\":[{\"@type\":\"ListItem\",\"position\":1,\"name\":\"\u9996\u9875\",\"item\":\"https:\/\/superprintpro.com\/\"},{\"@type\":\"ListItem\",\"position\":2,\"name\":\"Shop\",\"item\":\"https:\/\/superprintpro.com\/shop\/\"},{\"@type\":\"ListItem\",\"position\":3,\"name\":\"AMO A3 Size UV DTF AMO 3003 with 3 pieces of XP600 Printheads\"}]},{\"@type\":\"WebSite\",\"@id\":\"https:\/\/superprintpro.com\/#website\",\"url\":\"https:\/\/superprintpro.com\/\",\"name\":\"Amo\",\"description\":\"\",\"potentialAction\":[{\"@type\":\"SearchAction\",\"target\":{\"@type\":\"EntryPoint\",\"urlTemplate\":\"https:\/\/superprintpro.com\/?s={search_term_string}\"},\"query-input\":{\"@type\":\"PropertyValueSpecification\",\"valueRequired\":true,\"valueName\":\"search_term_string\"}}],\"inLanguage\":\"vi\"}]}<\/script>\n<!-- \/ Yoast SEO plugin. -->","yoast_head_json":{"title":"AMO A3 Size UV DTF AMO 3003 with 3 pieces of XP600 Printheads - Amo","robots":{"index":"index","follow":"follow","max-snippet":"max-snippet:-1","max-image-preview":"max-image-preview:large","max-video-preview":"max-video-preview:-1"},"canonical":"https:\/\/superprintpro.com\/vi\/san-pham\/amo-a3-size-uv-dtf-amo-3003-with-3-pieces-of-xp600-printheads\/","og_locale":"vi_VN","og_type":"article","og_title":"AMO A3 Size UV DTF AMO 3003 with 3 pieces of XP600 Printheads - Amo","og_description":"For product details and the latest quotes, please contact our sales manager","og_url":"https:\/\/superprintpro.com\/vi\/san-pham\/amo-a3-size-uv-dtf-amo-3003-with-3-pieces-of-xp600-printheads\/","og_site_name":"Amo","og_image":[{"width":553,"height":311,"url":"https:\/\/superprintpro.com\/wp-content\/uploads\/2025\/08\/amo-a3-size-uv-dtf-printer-amo-3003-with-3-pieces-of-xp600-printheads.jpg","type":"image\/jpeg"}],"twitter_card":"summary_large_image","twitter_misc":{"\u01af\u1edbc t\u00ednh th\u1eddi gian \u0111\u1ecdc":"1 ph\u00fat"},"schema":{"@context":"https:\/\/schema.org","@graph":[{"@type":"WebPage","@id":"https:\/\/superprintpro.com\/product\/amo-a3-size-uv-dtf-amo-3003-with-3-pieces-of-xp600-printheads\/","url":"https:\/\/superprintpro.com\/product\/amo-a3-size-uv-dtf-amo-3003-with-3-pieces-of-xp600-printheads\/","name":"AMO A3 Size UV DTF AMO 3003 with 3 pieces of XP600 Printheads - Amo","isPartOf":{"@id":"https:\/\/superprintpro.com\/#website"},"primaryImageOfPage":{"@id":"https:\/\/superprintpro.com\/product\/amo-a3-size-uv-dtf-amo-3003-with-3-pieces-of-xp600-printheads\/#primaryimage"},"image":{"@id":"https:\/\/superprintpro.com\/product\/amo-a3-size-uv-dtf-amo-3003-with-3-pieces-of-xp600-printheads\/#primaryimage"},"thumbnailUrl":"https:\/\/superprintpro.com\/wp-content\/uploads\/2025\/08\/amo-a3-size-uv-dtf-printer-amo-3003-with-3-pieces-of-xp600-printheads.jpg","datePublished":"2025-08-17T12:05:19+00:00","breadcrumb":{"@id":"https:\/\/superprintpro.com\/product\/amo-a3-size-uv-dtf-amo-3003-with-3-pieces-of-xp600-printheads\/#breadcrumb"},"inLanguage":"vi","potentialAction":[{"@type":"ReadAction","target":["https:\/\/superprintpro.com\/product\/amo-a3-size-uv-dtf-amo-3003-with-3-pieces-of-xp600-printheads\/"]}]},{"@type":"ImageObject","inLanguage":"vi","@id":"https:\/\/superprintpro.com\/product\/amo-a3-size-uv-dtf-amo-3003-with-3-pieces-of-xp600-printheads\/#primaryimage","url":"https:\/\/superprintpro.com\/wp-content\/uploads\/2025\/08\/amo-a3-size-uv-dtf-printer-amo-3003-with-3-pieces-of-xp600-printheads.jpg","contentUrl":"https:\/\/superprintpro.com\/wp-content\/uploads\/2025\/08\/amo-a3-size-uv-dtf-printer-amo-3003-with-3-pieces-of-xp600-printheads.jpg","width":553,"height":311,"caption":"AMO A3 Size UV DTF AMO 3003 with 3 pieces of XP600 Printheads"},{"@type":"BreadcrumbList","@id":"https:\/\/superprintpro.com\/product\/amo-a3-size-uv-dtf-amo-3003-with-3-pieces-of-xp600-printheads\/#breadcrumb","itemListElement":[{"@type":"ListItem","position":1,"name":"\u9996\u9875","item":"https:\/\/superprintpro.com\/"},{"@type":"ListItem","position":2,"name":"Shop","item":"https:\/\/superprintpro.com\/shop\/"},{"@type":"ListItem","position":3,"name":"AMO A3 Size UV DTF AMO 3003 with 3 pieces of XP600 Printheads"}]},{"@type":"WebSite","@id":"https:\/\/superprintpro.com\/#website","url":"https:\/\/superprintpro.com\/","name":"Amo","description":"","potentialAction":[{"@type":"SearchAction","target":{"@type":"EntryPoint","urlTemplate":"https:\/\/superprintpro.com\/?s={search_term_string}"},"query-input":{"@type":"PropertyValueSpecification","valueRequired":true,"valueName":"search_term_string"}}],"inLanguage":"vi"}]}},"_links":{"self":[{"href":"https:\/\/superprintpro.com\/vi\/wp-json\/wp\/v2\/product\/30068","targetHints":{"allow":["GET"]}}],"collection":[{"href":"https:\/\/superprintpro.com\/vi\/wp-json\/wp\/v2\/product"}],"about":[{"href":"https:\/\/superprintpro.com\/vi\/wp-json\/wp\/v2\/types\/product"}],"replies":[{"embeddable":true,"href":"https:\/\/superprintpro.com\/vi\/wp-json\/wp\/v2\/comments?post=30068"}],"version-history":[{"count":1,"href":"https:\/\/superprintpro.com\/vi\/wp-json\/wp\/v2\/product\/30068\/revisions"}],"predecessor-version":[{"id":30070,"href":"https:\/\/superprintpro.com\/vi\/wp-json\/wp\/v2\/product\/30068\/revisions\/30070"}],"wp:featuredmedia":[{"embeddable":true,"href":"https:\/\/superprintpro.com\/vi\/wp-json\/wp\/v2\/media\/30069"}],"wp:attachment":[{"href":"https:\/\/superprintpro.com\/vi\/wp-json\/wp\/v2\/media?parent=30068"}],"wp:term":[{"taxonomy":"product_brand","embeddable":true,"href":"https:\/\/superprintpro.com\/vi\/wp-json\/wp\/v2\/product_brand?post=30068"},{"taxonomy":"product_cat","embeddable":true,"href":"https:\/\/superprintpro.com\/vi\/wp-json\/wp\/v2\/product_cat?post=30068"},{"taxonomy":"product_tag","embeddable":true,"href":"https:\/\/superprintpro.com\/vi\/wp-json\/wp\/v2\/product_tag?post=30068"}],"curies":[{"name":"wp","href":"https:\/\/api.w.org\/{rel}","templated":true}]}}