{"id":30062,"date":"2025-08-17T19:59:50","date_gmt":"2025-08-17T11:59:50","guid":{"rendered":"https:\/\/superprintpro.com\/?post_type=product&#038;p=30062"},"modified":"2025-08-17T20:12:27","modified_gmt":"2025-08-17T12:12:27","slug":"dtf-printer-am604i16dtf-with-4-epson-i1600-printhead","status":"publish","type":"product","link":"https:\/\/superprintpro.com\/vi\/san-pham\/dtf-printer-am604i16dtf-with-4-epson-i1600-printhead\/","title":{"rendered":"M\u00e1y in DTF AM604i16DTF v\u1edbi 4 \u0111\u1ea7u in Epson i1600"},"content":{"rendered":"<p>M\u00e1y in phun AMO DTF v\u1edbi h\u1ec7 th\u1ed1ng b\u1ed9t<\/p>\n<p>M\u00e1y in DTF AM604i16DTF v\u1edbi 4 \u0111\u1ea7u in Epson i1600<\/p>\n<p>M\u00e1y in DTF \u0111\u01b0\u1ee3c s\u1eed d\u1ee5ng r\u1ed9ng r\u00e3i trong s\u1ea3n xu\u1ea5t \u00e1o thun, t\u00fai v\u1ea3i, \u00e1o n\u1ec9 v\u00e0 g\u1ed1i in. \u0110\u1ed3ng th\u1eddi, m\u00e1y ph\u00f9 h\u1ee3p cho th\u01b0\u01a1ng m\u1ea1i \u0111i\u1ec7n t\u1eed, l\u0129nh v\u1ef1c v\u0103n h\u00f3a v\u00e0 s\u00e1ng t\u1ea1o c\u00e1 nh\u00e2n h\u00f3a, c\u0169ng nh\u01b0 b\u00e1n h\u00e0ng cho c\u00e1c doanh nghi\u1ec7p may m\u1eb7c, c\u00f3 kh\u1ea3 n\u0103ng \u0111\u00e1p \u1ee9ng nhanh ch\u00f3ng c\u00e1c \u0111\u01a1n h\u00e0ng nh\u1ecf v\u00e0 \u0111\u00e1p \u1ee9ng nhu c\u1ea7u c\u00e1 nh\u00e2n h\u00f3a v\u00e0 ph\u1ea3n h\u1ed3i nhanh ch\u00f3ng c\u1ee7a th\u1ecb tr\u01b0\u1eddng. \u0110\u00e2y l\u00e0 m\u1ed9t thi\u1ebft b\u1ecb in \u1ea5n hi\u1ec7u qu\u1ea3, ti\u1ec7n l\u1ee3i v\u00e0 c\u00e1 nh\u00e2n h\u00f3a v\u1edbi tri\u1ec3n v\u1ecdng \u1ee9ng d\u1ee5ng v\u00e0 ti\u1ec1m n\u0103ng th\u1ecb tr\u01b0\u1eddng r\u1ed9ng l\u1edbn.<\/p>\n<p>Th\u00f4ng s\u1ed1 m\u00e1y<br \/>\nTh\u00f4ng tin \u0111\u1ea7u in i1600-4H(2W+2C)\uff08 4 \u0111\u1ea7u in i1600, 2 \u0111\u1ea7u in m\u1ef1c tr\u1eafng, 2 \u0111\u1ea7u in m\u00e0u cmyk)<br \/>\nChi\u1ec1u r\u1ed9ng in 600MM<br \/>\nH\u1ec7 th\u1ed1ng b\u1ea3ng m\u1ea1ch HOSON(LAN)<br \/>\nT\u1ed1c \u0111\u1ed9 in:<br \/>\n3 l\u1ea7n \u0111i qua 24 m\u00b2\/h<br \/>\n4 l\u1ea7n th\u1ed5i 21 m\u00b2\/h<br \/>\n6 l\u1ea7n th\u1ed5i 14 m\u00b2\/h<br \/>\n8pass 11 m\u00b2\/h<br \/>\nTh\u00f4ng tin m\u00e1y in:<br \/>\n\u0111i\u1ec7n \u00e1p l\u00e0m vi\u1ec7c AC220V 50\/60HZ<br \/>\nC\u00f4ng su\u1ea5t 2500W<br \/>\nm\u00f4i tr\u01b0\u1eddng l\u00e0m vi\u1ec7c<br \/>\nNhi\u1ec7t \u0111\u1ed9 l\u00e0m vi\u1ec7c b\u00ecnh th\u01b0\u1eddng: 22-28\u2103<br \/>\n\u0111\u1ed9 \u1ea9m: 40%-60%<br \/>\nK\u00edch th\u01b0\u1edbc m\u00e1y D1720MM R830MM C1600MM<br \/>\nK\u00edch th\u01b0\u1edbc \u0111\u00f3ng g\u00f3i 2000MM(D)810MM(R)640MM(C)<\/p>","protected":false},"excerpt":{"rendered":"<p>\u0110\u1ec3 bi\u1ebft th\u00f4ng tin chi ti\u1ebft v\u1ec1 s\u1ea3n ph\u1ea9m v\u00e0 b\u00e1o gi\u00e1 m\u1edbi nh\u1ea5t, vui l\u00f2ng li\u00ean h\u1ec7 v\u1edbi gi\u00e1m \u0111\u1ed1c b\u00e1n h\u00e0ng c\u1ee7a ch\u00fang t\u00f4i<\/p>","protected":false},"featured_media":30071,"comment_status":"open","ping_status":"closed","template":"","meta":[],"product_brand":[],"product_cat":[122],"product_tag":[],"class_list":{"0":"post-30062","1":"product","2":"type-product","3":"status-publish","4":"has-post-thumbnail","6":"product_cat-dtf-printer-dtf-printer","8":"first","9":"instock","10":"shipping-taxable","11":"purchasable","12":"product-type-simple"},"yoast_head":"<!-- This site is optimized with the Yoast SEO plugin v26.9 - https:\/\/yoast.com\/product\/yoast-seo-wordpress\/ -->\n<title>DTF Printer AM604i16DTF with 4 epson i1600 printhead - Amo<\/title>\n<meta name=\"robots\" content=\"index, follow, max-snippet:-1, max-image-preview:large, max-video-preview:-1\" \/>\n<link rel=\"canonical\" href=\"https:\/\/superprintpro.com\/vi\/san-pham\/dtf-printer-am604i16dtf-with-4-epson-i1600-printhead\/\" \/>\n<meta property=\"og:locale\" content=\"vi_VN\" \/>\n<meta property=\"og:type\" content=\"article\" \/>\n<meta property=\"og:title\" content=\"DTF Printer AM604i16DTF with 4 epson i1600 printhead - Amo\" \/>\n<meta property=\"og:description\" content=\"For product details and the latest quotes, please contact our sales manager\" \/>\n<meta property=\"og:url\" content=\"https:\/\/superprintpro.com\/vi\/san-pham\/dtf-printer-am604i16dtf-with-4-epson-i1600-printhead\/\" \/>\n<meta property=\"og:site_name\" content=\"Amo\" \/>\n<meta property=\"article:modified_time\" content=\"2025-08-17T12:12:27+00:00\" \/>\n<meta property=\"og:image\" content=\"https:\/\/superprintpro.com\/wp-content\/uploads\/2025\/08\/dtf-printer-am604i16dtf-with-4-epson-i1600-printhead.jpg\" \/>\n\t<meta property=\"og:image:width\" content=\"818\" \/>\n\t<meta property=\"og:image:height\" content=\"460\" \/>\n\t<meta property=\"og:image:type\" content=\"image\/jpeg\" \/>\n<meta name=\"twitter:card\" content=\"summary_large_image\" \/>\n<meta name=\"twitter:label1\" content=\"\u01af\u1edbc t\u00ednh th\u1eddi gian \u0111\u1ecdc\" \/>\n\t<meta name=\"twitter:data1\" content=\"1 ph\u00fat\" \/>\n<script type=\"application\/ld+json\" class=\"yoast-schema-graph\">{\"@context\":\"https:\/\/schema.org\",\"@graph\":[{\"@type\":\"WebPage\",\"@id\":\"https:\/\/superprintpro.com\/product\/dtf-printer-am604i16dtf-with-4-epson-i1600-printhead\/\",\"url\":\"https:\/\/superprintpro.com\/product\/dtf-printer-am604i16dtf-with-4-epson-i1600-printhead\/\",\"name\":\"DTF Printer AM604i16DTF with 4 epson i1600 printhead - Amo\",\"isPartOf\":{\"@id\":\"https:\/\/superprintpro.com\/#website\"},\"primaryImageOfPage\":{\"@id\":\"https:\/\/superprintpro.com\/product\/dtf-printer-am604i16dtf-with-4-epson-i1600-printhead\/#primaryimage\"},\"image\":{\"@id\":\"https:\/\/superprintpro.com\/product\/dtf-printer-am604i16dtf-with-4-epson-i1600-printhead\/#primaryimage\"},\"thumbnailUrl\":\"https:\/\/superprintpro.com\/wp-content\/uploads\/2025\/08\/dtf-printer-am604i16dtf-with-4-epson-i1600-printhead.jpg\",\"datePublished\":\"2025-08-17T11:59:50+00:00\",\"dateModified\":\"2025-08-17T12:12:27+00:00\",\"breadcrumb\":{\"@id\":\"https:\/\/superprintpro.com\/product\/dtf-printer-am604i16dtf-with-4-epson-i1600-printhead\/#breadcrumb\"},\"inLanguage\":\"vi\",\"potentialAction\":[{\"@type\":\"ReadAction\",\"target\":[\"https:\/\/superprintpro.com\/product\/dtf-printer-am604i16dtf-with-4-epson-i1600-printhead\/\"]}]},{\"@type\":\"ImageObject\",\"inLanguage\":\"vi\",\"@id\":\"https:\/\/superprintpro.com\/product\/dtf-printer-am604i16dtf-with-4-epson-i1600-printhead\/#primaryimage\",\"url\":\"https:\/\/superprintpro.com\/wp-content\/uploads\/2025\/08\/dtf-printer-am604i16dtf-with-4-epson-i1600-printhead.jpg\",\"contentUrl\":\"https:\/\/superprintpro.com\/wp-content\/uploads\/2025\/08\/dtf-printer-am604i16dtf-with-4-epson-i1600-printhead.jpg\",\"width\":818,\"height\":460,\"caption\":\"DTF Printer AM604i16DTF with 4 epson i1600 printhead\"},{\"@type\":\"BreadcrumbList\",\"@id\":\"https:\/\/superprintpro.com\/product\/dtf-printer-am604i16dtf-with-4-epson-i1600-printhead\/#breadcrumb\",\"itemListElement\":[{\"@type\":\"ListItem\",\"position\":1,\"name\":\"\u9996\u9875\",\"item\":\"https:\/\/superprintpro.com\/\"},{\"@type\":\"ListItem\",\"position\":2,\"name\":\"Shop\",\"item\":\"https:\/\/superprintpro.com\/shop\/\"},{\"@type\":\"ListItem\",\"position\":3,\"name\":\"DTF Printer AM604i16DTF with 4 epson i1600 printhead\"}]},{\"@type\":\"WebSite\",\"@id\":\"https:\/\/superprintpro.com\/#website\",\"url\":\"https:\/\/superprintpro.com\/\",\"name\":\"Amo\",\"description\":\"\",\"potentialAction\":[{\"@type\":\"SearchAction\",\"target\":{\"@type\":\"EntryPoint\",\"urlTemplate\":\"https:\/\/superprintpro.com\/?s={search_term_string}\"},\"query-input\":{\"@type\":\"PropertyValueSpecification\",\"valueRequired\":true,\"valueName\":\"search_term_string\"}}],\"inLanguage\":\"vi\"}]}<\/script>\n<!-- \/ Yoast SEO plugin. -->","yoast_head_json":{"title":"DTF Printer AM604i16DTF with 4 epson i1600 printhead - Amo","robots":{"index":"index","follow":"follow","max-snippet":"max-snippet:-1","max-image-preview":"max-image-preview:large","max-video-preview":"max-video-preview:-1"},"canonical":"https:\/\/superprintpro.com\/vi\/san-pham\/dtf-printer-am604i16dtf-with-4-epson-i1600-printhead\/","og_locale":"vi_VN","og_type":"article","og_title":"DTF Printer AM604i16DTF with 4 epson i1600 printhead - Amo","og_description":"For product details and the latest quotes, please contact our sales manager","og_url":"https:\/\/superprintpro.com\/vi\/san-pham\/dtf-printer-am604i16dtf-with-4-epson-i1600-printhead\/","og_site_name":"Amo","article_modified_time":"2025-08-17T12:12:27+00:00","og_image":[{"width":818,"height":460,"url":"https:\/\/superprintpro.com\/wp-content\/uploads\/2025\/08\/dtf-printer-am604i16dtf-with-4-epson-i1600-printhead.jpg","type":"image\/jpeg"}],"twitter_card":"summary_large_image","twitter_misc":{"\u01af\u1edbc t\u00ednh th\u1eddi gian \u0111\u1ecdc":"1 ph\u00fat"},"schema":{"@context":"https:\/\/schema.org","@graph":[{"@type":"WebPage","@id":"https:\/\/superprintpro.com\/product\/dtf-printer-am604i16dtf-with-4-epson-i1600-printhead\/","url":"https:\/\/superprintpro.com\/product\/dtf-printer-am604i16dtf-with-4-epson-i1600-printhead\/","name":"DTF Printer AM604i16DTF with 4 epson i1600 printhead - Amo","isPartOf":{"@id":"https:\/\/superprintpro.com\/#website"},"primaryImageOfPage":{"@id":"https:\/\/superprintpro.com\/product\/dtf-printer-am604i16dtf-with-4-epson-i1600-printhead\/#primaryimage"},"image":{"@id":"https:\/\/superprintpro.com\/product\/dtf-printer-am604i16dtf-with-4-epson-i1600-printhead\/#primaryimage"},"thumbnailUrl":"https:\/\/superprintpro.com\/wp-content\/uploads\/2025\/08\/dtf-printer-am604i16dtf-with-4-epson-i1600-printhead.jpg","datePublished":"2025-08-17T11:59:50+00:00","dateModified":"2025-08-17T12:12:27+00:00","breadcrumb":{"@id":"https:\/\/superprintpro.com\/product\/dtf-printer-am604i16dtf-with-4-epson-i1600-printhead\/#breadcrumb"},"inLanguage":"vi","potentialAction":[{"@type":"ReadAction","target":["https:\/\/superprintpro.com\/product\/dtf-printer-am604i16dtf-with-4-epson-i1600-printhead\/"]}]},{"@type":"ImageObject","inLanguage":"vi","@id":"https:\/\/superprintpro.com\/product\/dtf-printer-am604i16dtf-with-4-epson-i1600-printhead\/#primaryimage","url":"https:\/\/superprintpro.com\/wp-content\/uploads\/2025\/08\/dtf-printer-am604i16dtf-with-4-epson-i1600-printhead.jpg","contentUrl":"https:\/\/superprintpro.com\/wp-content\/uploads\/2025\/08\/dtf-printer-am604i16dtf-with-4-epson-i1600-printhead.jpg","width":818,"height":460,"caption":"DTF Printer AM604i16DTF with 4 epson i1600 printhead"},{"@type":"BreadcrumbList","@id":"https:\/\/superprintpro.com\/product\/dtf-printer-am604i16dtf-with-4-epson-i1600-printhead\/#breadcrumb","itemListElement":[{"@type":"ListItem","position":1,"name":"\u9996\u9875","item":"https:\/\/superprintpro.com\/"},{"@type":"ListItem","position":2,"name":"Shop","item":"https:\/\/superprintpro.com\/shop\/"},{"@type":"ListItem","position":3,"name":"DTF Printer AM604i16DTF with 4 epson i1600 printhead"}]},{"@type":"WebSite","@id":"https:\/\/superprintpro.com\/#website","url":"https:\/\/superprintpro.com\/","name":"Amo","description":"","potentialAction":[{"@type":"SearchAction","target":{"@type":"EntryPoint","urlTemplate":"https:\/\/superprintpro.com\/?s={search_term_string}"},"query-input":{"@type":"PropertyValueSpecification","valueRequired":true,"valueName":"search_term_string"}}],"inLanguage":"vi"}]}},"_links":{"self":[{"href":"https:\/\/superprintpro.com\/vi\/wp-json\/wp\/v2\/product\/30062","targetHints":{"allow":["GET"]}}],"collection":[{"href":"https:\/\/superprintpro.com\/vi\/wp-json\/wp\/v2\/product"}],"about":[{"href":"https:\/\/superprintpro.com\/vi\/wp-json\/wp\/v2\/types\/product"}],"replies":[{"embeddable":true,"href":"https:\/\/superprintpro.com\/vi\/wp-json\/wp\/v2\/comments?post=30062"}],"version-history":[{"count":1,"href":"https:\/\/superprintpro.com\/vi\/wp-json\/wp\/v2\/product\/30062\/revisions"}],"predecessor-version":[{"id":30064,"href":"https:\/\/superprintpro.com\/vi\/wp-json\/wp\/v2\/product\/30062\/revisions\/30064"}],"wp:featuredmedia":[{"embeddable":true,"href":"https:\/\/superprintpro.com\/vi\/wp-json\/wp\/v2\/media\/30071"}],"wp:attachment":[{"href":"https:\/\/superprintpro.com\/vi\/wp-json\/wp\/v2\/media?parent=30062"}],"wp:term":[{"taxonomy":"product_brand","embeddable":true,"href":"https:\/\/superprintpro.com\/vi\/wp-json\/wp\/v2\/product_brand?post=30062"},{"taxonomy":"product_cat","embeddable":true,"href":"https:\/\/superprintpro.com\/vi\/wp-json\/wp\/v2\/product_cat?post=30062"},{"taxonomy":"product_tag","embeddable":true,"href":"https:\/\/superprintpro.com\/vi\/wp-json\/wp\/v2\/product_tag?post=30062"}],"curies":[{"name":"wp","href":"https:\/\/api.w.org\/{rel}","templated":true}]}}