{"id":29864,"date":"2025-08-13T15:02:52","date_gmt":"2025-08-13T07:02:52","guid":{"rendered":"https:\/\/superprintpro.com\/?post_type=product&#038;p=29864"},"modified":"2025-08-13T15:02:52","modified_gmt":"2025-08-13T07:02:52","slug":"dx6-original-of-roland-vsra-and-re-series-6701409010","status":"publish","type":"product","link":"https:\/\/superprintpro.com\/vi\/san-pham\/dx6-original-of-roland-vsra-and-re-series-6701409010\/","title":{"rendered":"DX6 B\u1ea3n g\u1ed1c c\u1ee7a d\u00f2ng s\u1ea3n ph\u1ea9m Roland VS, RA v\u00e0 RE-6701409010"},"content":{"rendered":"<p>T\u00ean \u0111\u1ea7u in: DX6 B\u1ea3n g\u1ed1c c\u1ee7a d\u00f2ng Roland VS, RA v\u00e0 RE-6701409010 (L\u01b0u \u00fd, DX6 ho\u1eb7c DX7 th\u1ef1c ch\u1ea5t l\u00e0 t\u00ean \u0111\u1ea7u in t\u1eeb nh\u00e0 ph\u00e2n ph\u1ed1i, \u1edf \u0111\u00e2y dx6 ho\u1eb7c dx7 l\u00e0 gi\u1ed1ng nhau, nh\u01b0ng b\u1ea1n c\u1ea7n bi\u1ebft t\u00ean model c\u1ee7a Roland th\u00ec \u0111\u1ea7u in m\u1edbi r\u00f5 r\u00e0ng)<br \/>\n\u1ee8ng d\u1ee5ng: D\u00e0nh cho Roland VS-420 \/ VS-300 \/ VS-540 \/ VS-640 \/ VS-300i \/ VS-540i \/ VS-640i \/ BN-20 \/ FH740 \/ RA-640 \/ RE-640 \/ RF-640 \/ RF-640a \/ EJ-640 \/ XT-640 \/ RT-640 \/ XR-640 \/ XF-640.<br \/>\nL\u01b0u \u00fd: \u0110\u1ea7u in Roland g\u1ed1c v\u00e0 m\u1edbi c\u00f3 bao b\u00ec g\u1ed1c c\u1ee7a Roland<br \/>\nM\u00e3 s\u1ed1 s\u1ea3n ph\u1ea9m: 6701409010<\/p>","protected":false},"excerpt":{"rendered":"<p>\u0110\u1ec3 bi\u1ebft th\u00f4ng tin chi ti\u1ebft v\u1ec1 s\u1ea3n ph\u1ea9m v\u00e0 b\u00e1o gi\u00e1 m\u1edbi nh\u1ea5t, vui l\u00f2ng li\u00ean h\u1ec7 v\u1edbi gi\u00e1m \u0111\u1ed1c b\u00e1n h\u00e0ng c\u1ee7a ch\u00fang t\u00f4i<\/p>","protected":false},"featured_media":29867,"comment_status":"open","ping_status":"closed","template":"","meta":[],"product_brand":[],"product_cat":[95],"product_tag":[],"class_list":{"0":"post-29864","1":"product","2":"type-product","3":"status-publish","4":"has-post-thumbnail","6":"product_cat-roland-printheads","8":"first","9":"instock","10":"shipping-taxable","11":"purchasable","12":"product-type-simple"},"yoast_head":"<!-- This site is optimized with the Yoast SEO plugin v27.4 - https:\/\/yoast.com\/product\/yoast-seo-wordpress\/ -->\n<title>DX6 Original of Roland VS,RA and RE series-6701409010 - Amo<\/title>\n<meta name=\"robots\" content=\"index, follow, max-snippet:-1, max-image-preview:large, max-video-preview:-1\" \/>\n<link rel=\"canonical\" href=\"https:\/\/superprintpro.com\/vi\/san-pham\/dx6-original-of-roland-vsra-and-re-series-6701409010\/\" \/>\n<meta property=\"og:locale\" content=\"vi_VN\" \/>\n<meta property=\"og:type\" content=\"article\" \/>\n<meta property=\"og:title\" content=\"DX6 Original of Roland VS,RA and RE series-6701409010 - Amo\" \/>\n<meta property=\"og:description\" content=\"For product details and the latest quotes, please contact our sales manager\" \/>\n<meta property=\"og:url\" content=\"https:\/\/superprintpro.com\/vi\/san-pham\/dx6-original-of-roland-vsra-and-re-series-6701409010\/\" \/>\n<meta property=\"og:site_name\" content=\"Amo\" \/>\n<meta property=\"og:image\" content=\"https:\/\/superprintpro.com\/wp-content\/uploads\/2025\/08\/dx6-original-of-roland-printhead-01.jpg\" \/>\n\t<meta property=\"og:image:width\" content=\"500\" \/>\n\t<meta property=\"og:image:height\" content=\"500\" \/>\n\t<meta property=\"og:image:type\" content=\"image\/jpeg\" \/>\n<meta name=\"twitter:card\" content=\"summary_large_image\" \/>\n<script type=\"application\/ld+json\" class=\"yoast-schema-graph\">{\"@context\":\"https:\\\/\\\/schema.org\",\"@graph\":[{\"@type\":\"WebPage\",\"@id\":\"https:\\\/\\\/superprintpro.com\\\/product\\\/dx6-original-of-roland-vsra-and-re-series-6701409010\\\/\",\"url\":\"https:\\\/\\\/superprintpro.com\\\/product\\\/dx6-original-of-roland-vsra-and-re-series-6701409010\\\/\",\"name\":\"DX6 Original of Roland VS,RA and RE series-6701409010 - Amo\",\"isPartOf\":{\"@id\":\"https:\\\/\\\/superprintpro.com\\\/#website\"},\"primaryImageOfPage\":{\"@id\":\"https:\\\/\\\/superprintpro.com\\\/product\\\/dx6-original-of-roland-vsra-and-re-series-6701409010\\\/#primaryimage\"},\"image\":{\"@id\":\"https:\\\/\\\/superprintpro.com\\\/product\\\/dx6-original-of-roland-vsra-and-re-series-6701409010\\\/#primaryimage\"},\"thumbnailUrl\":\"https:\\\/\\\/superprintpro.com\\\/wp-content\\\/uploads\\\/2025\\\/08\\\/dx6-original-of-roland-printhead-01.jpg\",\"datePublished\":\"2025-08-13T07:02:52+00:00\",\"breadcrumb\":{\"@id\":\"https:\\\/\\\/superprintpro.com\\\/product\\\/dx6-original-of-roland-vsra-and-re-series-6701409010\\\/#breadcrumb\"},\"inLanguage\":\"vi\",\"potentialAction\":[{\"@type\":\"ReadAction\",\"target\":[\"https:\\\/\\\/superprintpro.com\\\/product\\\/dx6-original-of-roland-vsra-and-re-series-6701409010\\\/\"]}]},{\"@type\":\"ImageObject\",\"inLanguage\":\"vi\",\"@id\":\"https:\\\/\\\/superprintpro.com\\\/product\\\/dx6-original-of-roland-vsra-and-re-series-6701409010\\\/#primaryimage\",\"url\":\"https:\\\/\\\/superprintpro.com\\\/wp-content\\\/uploads\\\/2025\\\/08\\\/dx6-original-of-roland-printhead-01.jpg\",\"contentUrl\":\"https:\\\/\\\/superprintpro.com\\\/wp-content\\\/uploads\\\/2025\\\/08\\\/dx6-original-of-roland-printhead-01.jpg\",\"width\":500,\"height\":500,\"caption\":\"DX6 Original of Roland VS,RA and RE series-6701409010\"},{\"@type\":\"BreadcrumbList\",\"@id\":\"https:\\\/\\\/superprintpro.com\\\/product\\\/dx6-original-of-roland-vsra-and-re-series-6701409010\\\/#breadcrumb\",\"itemListElement\":[{\"@type\":\"ListItem\",\"position\":1,\"name\":\"\u9996\u9875\",\"item\":\"https:\\\/\\\/superprintpro.com\\\/\"},{\"@type\":\"ListItem\",\"position\":2,\"name\":\"Shop\",\"item\":\"https:\\\/\\\/superprintpro.com\\\/shop\\\/\"},{\"@type\":\"ListItem\",\"position\":3,\"name\":\"DX6 Original of Roland VS,RA and RE series-6701409010\"}]},{\"@type\":\"WebSite\",\"@id\":\"https:\\\/\\\/superprintpro.com\\\/#website\",\"url\":\"https:\\\/\\\/superprintpro.com\\\/\",\"name\":\"Amo\",\"description\":\"\",\"potentialAction\":[{\"@type\":\"SearchAction\",\"target\":{\"@type\":\"EntryPoint\",\"urlTemplate\":\"https:\\\/\\\/superprintpro.com\\\/?s={search_term_string}\"},\"query-input\":{\"@type\":\"PropertyValueSpecification\",\"valueRequired\":true,\"valueName\":\"search_term_string\"}}],\"inLanguage\":\"vi\"}]}<\/script>\n<!-- \/ Yoast SEO plugin. -->","yoast_head_json":{"title":"DX6 Original of Roland VS,RA and RE series-6701409010 - Amo","robots":{"index":"index","follow":"follow","max-snippet":"max-snippet:-1","max-image-preview":"max-image-preview:large","max-video-preview":"max-video-preview:-1"},"canonical":"https:\/\/superprintpro.com\/vi\/san-pham\/dx6-original-of-roland-vsra-and-re-series-6701409010\/","og_locale":"vi_VN","og_type":"article","og_title":"DX6 Original of Roland VS,RA and RE series-6701409010 - Amo","og_description":"For product details and the latest quotes, please contact our sales manager","og_url":"https:\/\/superprintpro.com\/vi\/san-pham\/dx6-original-of-roland-vsra-and-re-series-6701409010\/","og_site_name":"Amo","og_image":[{"width":500,"height":500,"url":"https:\/\/superprintpro.com\/wp-content\/uploads\/2025\/08\/dx6-original-of-roland-printhead-01.jpg","type":"image\/jpeg"}],"twitter_card":"summary_large_image","schema":{"@context":"https:\/\/schema.org","@graph":[{"@type":"WebPage","@id":"https:\/\/superprintpro.com\/product\/dx6-original-of-roland-vsra-and-re-series-6701409010\/","url":"https:\/\/superprintpro.com\/product\/dx6-original-of-roland-vsra-and-re-series-6701409010\/","name":"DX6 Original of Roland VS,RA and RE series-6701409010 - Amo","isPartOf":{"@id":"https:\/\/superprintpro.com\/#website"},"primaryImageOfPage":{"@id":"https:\/\/superprintpro.com\/product\/dx6-original-of-roland-vsra-and-re-series-6701409010\/#primaryimage"},"image":{"@id":"https:\/\/superprintpro.com\/product\/dx6-original-of-roland-vsra-and-re-series-6701409010\/#primaryimage"},"thumbnailUrl":"https:\/\/superprintpro.com\/wp-content\/uploads\/2025\/08\/dx6-original-of-roland-printhead-01.jpg","datePublished":"2025-08-13T07:02:52+00:00","breadcrumb":{"@id":"https:\/\/superprintpro.com\/product\/dx6-original-of-roland-vsra-and-re-series-6701409010\/#breadcrumb"},"inLanguage":"vi","potentialAction":[{"@type":"ReadAction","target":["https:\/\/superprintpro.com\/product\/dx6-original-of-roland-vsra-and-re-series-6701409010\/"]}]},{"@type":"ImageObject","inLanguage":"vi","@id":"https:\/\/superprintpro.com\/product\/dx6-original-of-roland-vsra-and-re-series-6701409010\/#primaryimage","url":"https:\/\/superprintpro.com\/wp-content\/uploads\/2025\/08\/dx6-original-of-roland-printhead-01.jpg","contentUrl":"https:\/\/superprintpro.com\/wp-content\/uploads\/2025\/08\/dx6-original-of-roland-printhead-01.jpg","width":500,"height":500,"caption":"DX6 Original of Roland VS,RA and RE series-6701409010"},{"@type":"BreadcrumbList","@id":"https:\/\/superprintpro.com\/product\/dx6-original-of-roland-vsra-and-re-series-6701409010\/#breadcrumb","itemListElement":[{"@type":"ListItem","position":1,"name":"\u9996\u9875","item":"https:\/\/superprintpro.com\/"},{"@type":"ListItem","position":2,"name":"Shop","item":"https:\/\/superprintpro.com\/shop\/"},{"@type":"ListItem","position":3,"name":"DX6 Original of Roland VS,RA and RE series-6701409010"}]},{"@type":"WebSite","@id":"https:\/\/superprintpro.com\/#website","url":"https:\/\/superprintpro.com\/","name":"Amo","description":"","potentialAction":[{"@type":"SearchAction","target":{"@type":"EntryPoint","urlTemplate":"https:\/\/superprintpro.com\/?s={search_term_string}"},"query-input":{"@type":"PropertyValueSpecification","valueRequired":true,"valueName":"search_term_string"}}],"inLanguage":"vi"}]}},"_links":{"self":[{"href":"https:\/\/superprintpro.com\/vi\/wp-json\/wp\/v2\/product\/29864","targetHints":{"allow":["GET"]}}],"collection":[{"href":"https:\/\/superprintpro.com\/vi\/wp-json\/wp\/v2\/product"}],"about":[{"href":"https:\/\/superprintpro.com\/vi\/wp-json\/wp\/v2\/types\/product"}],"replies":[{"embeddable":true,"href":"https:\/\/superprintpro.com\/vi\/wp-json\/wp\/v2\/comments?post=29864"}],"version-history":[{"count":1,"href":"https:\/\/superprintpro.com\/vi\/wp-json\/wp\/v2\/product\/29864\/revisions"}],"predecessor-version":[{"id":29868,"href":"https:\/\/superprintpro.com\/vi\/wp-json\/wp\/v2\/product\/29864\/revisions\/29868"}],"wp:featuredmedia":[{"embeddable":true,"href":"https:\/\/superprintpro.com\/vi\/wp-json\/wp\/v2\/media\/29867"}],"wp:attachment":[{"href":"https:\/\/superprintpro.com\/vi\/wp-json\/wp\/v2\/media?parent=29864"}],"wp:term":[{"taxonomy":"product_brand","embeddable":true,"href":"https:\/\/superprintpro.com\/vi\/wp-json\/wp\/v2\/product_brand?post=29864"},{"taxonomy":"product_cat","embeddable":true,"href":"https:\/\/superprintpro.com\/vi\/wp-json\/wp\/v2\/product_cat?post=29864"},{"taxonomy":"product_tag","embeddable":true,"href":"https:\/\/superprintpro.com\/vi\/wp-json\/wp\/v2\/product_tag?post=29864"}],"curies":[{"name":"wp","href":"https:\/\/api.w.org\/{rel}","templated":true}]}}