{"id":29854,"date":"2025-08-13T14:32:39","date_gmt":"2025-08-13T06:32:39","guid":{"rendered":"https:\/\/superprintpro.com\/?post_type=product&#038;p=29854"},"modified":"2025-08-13T14:32:39","modified_gmt":"2025-08-13T06:32:39","slug":"dx4-golden-printhead-of-roland-sv-lef2-300-part-number-6000005180","status":"publish","type":"product","link":"https:\/\/superprintpro.com\/vi\/san-pham\/dx4-golden-printhead-of-roland-sv-lef2-300-part-number-6000005180\/","title":{"rendered":"\u0110\u1ea7u in DX4 Golden c\u1ee7a Roland SV LEF2-300 m\u00e3 s\u1ea3n ph\u1ea9m 6000005180"},"content":{"rendered":"<ul>\n<li>T\u00ean m\u1eabu \u0111\u1ea7u in: \u0110\u1ea7u in DX4 Golden c\u1ee7a Roland SV LEF2-300 \u2013 6000005180<\/li>\n<li>M\u00e1y in phun \u1ee9ng d\u1ee5ng: Roland LEF-20, LEF-200, LEF2-200, LEF2-300, LEF-300<\/li>\n<li>M\u1ef1c t\u01b0\u01a1ng th\u00edch cho \u0111\u1ea7u n\u00e0y: M\u1ef1c UV v\u00e0 m\u1ef1c Eco-Solvent<\/li>\n<li>S\u1ef1 mi\u00eau t\u1ea3:<br \/>\n\u0110\u00e2y l\u00e0 \u0111\u1ea7u in Roland DX4 Golden \u0111\u01b0\u1ee3c ph\u1ee7 l\u1edbp ph\u1ee7. \u0110\u1ea7u in n\u00e0y \u0111\u01b0\u1ee3c thi\u1ebft k\u1ebf \u0111\u1eb7c bi\u1ec7t cho m\u00e1y in Roland VersaUV LEF2. \u0110\u00e2y l\u00e0 \u0111\u1ea7u in Roland ch\u00ednh h\u00e3ng (m\u00e3 s\u1ea3n ph\u1ea9m 6000005180). L\u1edbp ph\u1ee7 \u0111\u1eb7c bi\u1ec7t c\u1ee7a \u0111\u1ea7u in n\u00e0y c\u00f3 kh\u1ea3 n\u0103ng ch\u1ed1ng m\u1ef1c UV t\u1ed1t h\u01a1n so v\u1edbi \u0111\u1ea7u in DX4 ti\u00eau chu\u1ea9n, mang l\u1ea1i tu\u1ed5i th\u1ecd cao h\u01a1n.<br \/>\nL\u01b0u \u00fd r\u1eb1ng m\u00e1y in UV Versa v\u1edbi firmware 1.4 tr\u1edf l\u00ean ch\u1ec9 ch\u1ea5p nh\u1eadn \u0111\u1ea7u in DX4 Gold 6000005180, kh\u00f4ng ch\u1ea5p nh\u1eadn \u0111\u1ea7u in DX4 ti\u00eau chu\u1ea9n 6000005213. \u0110\u1ea7u in DX4 Gold 6000005180 c\u00f3 th\u1ec3 \u0111\u01b0\u1ee3c s\u1eed d\u1ee5ng thay cho \u0111\u1ea7u in DX4 ti\u00eau chu\u1ea9n 6000005213 tr\u00ean t\u1ea5t c\u1ea3 c\u00e1c m\u00e1y in Roland n\u1ebfu s\u1eed d\u1ee5ng ID \u0111\u1ea7u in c\u0169.<\/li>\n<\/ul>","protected":false},"excerpt":{"rendered":"<p>\u0110\u1ec3 bi\u1ebft th\u00f4ng tin chi ti\u1ebft v\u1ec1 s\u1ea3n ph\u1ea9m v\u00e0 b\u00e1o gi\u00e1 m\u1edbi nh\u1ea5t, vui l\u00f2ng li\u00ean h\u1ec7 v\u1edbi gi\u00e1m \u0111\u1ed1c b\u00e1n h\u00e0ng c\u1ee7a ch\u00fang t\u00f4i<\/p>","protected":false},"featured_media":29857,"comment_status":"open","ping_status":"closed","template":"","meta":[],"product_brand":[],"product_cat":[95],"product_tag":[],"class_list":{"0":"post-29854","1":"product","2":"type-product","3":"status-publish","4":"has-post-thumbnail","6":"product_cat-roland-printheads","8":"first","9":"instock","10":"shipping-taxable","11":"purchasable","12":"product-type-simple"},"yoast_head":"<!-- This site is optimized with the Yoast SEO plugin v26.9 - https:\/\/yoast.com\/product\/yoast-seo-wordpress\/ -->\n<title>DX4 Golden Printhead of Roland SV LEF2-300 part number 6000005180 - Amo<\/title>\n<meta name=\"robots\" content=\"index, follow, max-snippet:-1, max-image-preview:large, max-video-preview:-1\" \/>\n<link rel=\"canonical\" href=\"https:\/\/superprintpro.com\/vi\/san-pham\/dx4-golden-printhead-of-roland-sv-lef2-300-part-number-6000005180\/\" \/>\n<meta property=\"og:locale\" content=\"vi_VN\" \/>\n<meta property=\"og:type\" content=\"article\" \/>\n<meta property=\"og:title\" content=\"DX4 Golden Printhead of Roland SV LEF2-300 part number 6000005180 - Amo\" \/>\n<meta property=\"og:description\" content=\"For product details and the latest quotes, please contact our sales manager\" \/>\n<meta property=\"og:url\" content=\"https:\/\/superprintpro.com\/vi\/san-pham\/dx4-golden-printhead-of-roland-sv-lef2-300-part-number-6000005180\/\" \/>\n<meta property=\"og:site_name\" content=\"Amo\" \/>\n<meta property=\"og:image\" content=\"https:\/\/superprintpro.com\/wp-content\/uploads\/2025\/08\/dx4-golden-printhead-of-roland-sv-lef2-300-1.jpg\" \/>\n\t<meta property=\"og:image:width\" content=\"500\" \/>\n\t<meta property=\"og:image:height\" content=\"500\" \/>\n\t<meta property=\"og:image:type\" content=\"image\/jpeg\" \/>\n<meta name=\"twitter:card\" content=\"summary_large_image\" \/>\n<meta name=\"twitter:label1\" content=\"\u01af\u1edbc t\u00ednh th\u1eddi gian \u0111\u1ecdc\" \/>\n\t<meta name=\"twitter:data1\" content=\"1 ph\u00fat\" \/>\n<script type=\"application\/ld+json\" class=\"yoast-schema-graph\">{\"@context\":\"https:\/\/schema.org\",\"@graph\":[{\"@type\":\"WebPage\",\"@id\":\"https:\/\/superprintpro.com\/product\/dx4-golden-printhead-of-roland-sv-lef2-300-part-number-6000005180\/\",\"url\":\"https:\/\/superprintpro.com\/product\/dx4-golden-printhead-of-roland-sv-lef2-300-part-number-6000005180\/\",\"name\":\"DX4 Golden Printhead of Roland SV LEF2-300 part number 6000005180 - Amo\",\"isPartOf\":{\"@id\":\"https:\/\/superprintpro.com\/#website\"},\"primaryImageOfPage\":{\"@id\":\"https:\/\/superprintpro.com\/product\/dx4-golden-printhead-of-roland-sv-lef2-300-part-number-6000005180\/#primaryimage\"},\"image\":{\"@id\":\"https:\/\/superprintpro.com\/product\/dx4-golden-printhead-of-roland-sv-lef2-300-part-number-6000005180\/#primaryimage\"},\"thumbnailUrl\":\"https:\/\/superprintpro.com\/wp-content\/uploads\/2025\/08\/dx4-golden-printhead-of-roland-sv-lef2-300-1.jpg\",\"datePublished\":\"2025-08-13T06:32:39+00:00\",\"breadcrumb\":{\"@id\":\"https:\/\/superprintpro.com\/product\/dx4-golden-printhead-of-roland-sv-lef2-300-part-number-6000005180\/#breadcrumb\"},\"inLanguage\":\"vi\",\"potentialAction\":[{\"@type\":\"ReadAction\",\"target\":[\"https:\/\/superprintpro.com\/product\/dx4-golden-printhead-of-roland-sv-lef2-300-part-number-6000005180\/\"]}]},{\"@type\":\"ImageObject\",\"inLanguage\":\"vi\",\"@id\":\"https:\/\/superprintpro.com\/product\/dx4-golden-printhead-of-roland-sv-lef2-300-part-number-6000005180\/#primaryimage\",\"url\":\"https:\/\/superprintpro.com\/wp-content\/uploads\/2025\/08\/dx4-golden-printhead-of-roland-sv-lef2-300-1.jpg\",\"contentUrl\":\"https:\/\/superprintpro.com\/wp-content\/uploads\/2025\/08\/dx4-golden-printhead-of-roland-sv-lef2-300-1.jpg\",\"width\":500,\"height\":500,\"caption\":\"DX4 Golden Printhead of Roland SV LEF2-300 part number 6000005180\"},{\"@type\":\"BreadcrumbList\",\"@id\":\"https:\/\/superprintpro.com\/product\/dx4-golden-printhead-of-roland-sv-lef2-300-part-number-6000005180\/#breadcrumb\",\"itemListElement\":[{\"@type\":\"ListItem\",\"position\":1,\"name\":\"\u9996\u9875\",\"item\":\"https:\/\/superprintpro.com\/\"},{\"@type\":\"ListItem\",\"position\":2,\"name\":\"Shop\",\"item\":\"https:\/\/superprintpro.com\/shop\/\"},{\"@type\":\"ListItem\",\"position\":3,\"name\":\"DX4 Golden Printhead of Roland SV LEF2-300 part number 6000005180\"}]},{\"@type\":\"WebSite\",\"@id\":\"https:\/\/superprintpro.com\/#website\",\"url\":\"https:\/\/superprintpro.com\/\",\"name\":\"Amo\",\"description\":\"\",\"potentialAction\":[{\"@type\":\"SearchAction\",\"target\":{\"@type\":\"EntryPoint\",\"urlTemplate\":\"https:\/\/superprintpro.com\/?s={search_term_string}\"},\"query-input\":{\"@type\":\"PropertyValueSpecification\",\"valueRequired\":true,\"valueName\":\"search_term_string\"}}],\"inLanguage\":\"vi\"}]}<\/script>\n<!-- \/ Yoast SEO plugin. -->","yoast_head_json":{"title":"DX4 Golden Printhead of Roland SV LEF2-300 part number 6000005180 - Amo","robots":{"index":"index","follow":"follow","max-snippet":"max-snippet:-1","max-image-preview":"max-image-preview:large","max-video-preview":"max-video-preview:-1"},"canonical":"https:\/\/superprintpro.com\/vi\/san-pham\/dx4-golden-printhead-of-roland-sv-lef2-300-part-number-6000005180\/","og_locale":"vi_VN","og_type":"article","og_title":"DX4 Golden Printhead of Roland SV LEF2-300 part number 6000005180 - Amo","og_description":"For product details and the latest quotes, please contact our sales manager","og_url":"https:\/\/superprintpro.com\/vi\/san-pham\/dx4-golden-printhead-of-roland-sv-lef2-300-part-number-6000005180\/","og_site_name":"Amo","og_image":[{"width":500,"height":500,"url":"https:\/\/superprintpro.com\/wp-content\/uploads\/2025\/08\/dx4-golden-printhead-of-roland-sv-lef2-300-1.jpg","type":"image\/jpeg"}],"twitter_card":"summary_large_image","twitter_misc":{"\u01af\u1edbc t\u00ednh th\u1eddi gian \u0111\u1ecdc":"1 ph\u00fat"},"schema":{"@context":"https:\/\/schema.org","@graph":[{"@type":"WebPage","@id":"https:\/\/superprintpro.com\/product\/dx4-golden-printhead-of-roland-sv-lef2-300-part-number-6000005180\/","url":"https:\/\/superprintpro.com\/product\/dx4-golden-printhead-of-roland-sv-lef2-300-part-number-6000005180\/","name":"DX4 Golden Printhead of Roland SV LEF2-300 part number 6000005180 - Amo","isPartOf":{"@id":"https:\/\/superprintpro.com\/#website"},"primaryImageOfPage":{"@id":"https:\/\/superprintpro.com\/product\/dx4-golden-printhead-of-roland-sv-lef2-300-part-number-6000005180\/#primaryimage"},"image":{"@id":"https:\/\/superprintpro.com\/product\/dx4-golden-printhead-of-roland-sv-lef2-300-part-number-6000005180\/#primaryimage"},"thumbnailUrl":"https:\/\/superprintpro.com\/wp-content\/uploads\/2025\/08\/dx4-golden-printhead-of-roland-sv-lef2-300-1.jpg","datePublished":"2025-08-13T06:32:39+00:00","breadcrumb":{"@id":"https:\/\/superprintpro.com\/product\/dx4-golden-printhead-of-roland-sv-lef2-300-part-number-6000005180\/#breadcrumb"},"inLanguage":"vi","potentialAction":[{"@type":"ReadAction","target":["https:\/\/superprintpro.com\/product\/dx4-golden-printhead-of-roland-sv-lef2-300-part-number-6000005180\/"]}]},{"@type":"ImageObject","inLanguage":"vi","@id":"https:\/\/superprintpro.com\/product\/dx4-golden-printhead-of-roland-sv-lef2-300-part-number-6000005180\/#primaryimage","url":"https:\/\/superprintpro.com\/wp-content\/uploads\/2025\/08\/dx4-golden-printhead-of-roland-sv-lef2-300-1.jpg","contentUrl":"https:\/\/superprintpro.com\/wp-content\/uploads\/2025\/08\/dx4-golden-printhead-of-roland-sv-lef2-300-1.jpg","width":500,"height":500,"caption":"DX4 Golden Printhead of Roland SV LEF2-300 part number 6000005180"},{"@type":"BreadcrumbList","@id":"https:\/\/superprintpro.com\/product\/dx4-golden-printhead-of-roland-sv-lef2-300-part-number-6000005180\/#breadcrumb","itemListElement":[{"@type":"ListItem","position":1,"name":"\u9996\u9875","item":"https:\/\/superprintpro.com\/"},{"@type":"ListItem","position":2,"name":"Shop","item":"https:\/\/superprintpro.com\/shop\/"},{"@type":"ListItem","position":3,"name":"DX4 Golden Printhead of Roland SV LEF2-300 part number 6000005180"}]},{"@type":"WebSite","@id":"https:\/\/superprintpro.com\/#website","url":"https:\/\/superprintpro.com\/","name":"Amo","description":"","potentialAction":[{"@type":"SearchAction","target":{"@type":"EntryPoint","urlTemplate":"https:\/\/superprintpro.com\/?s={search_term_string}"},"query-input":{"@type":"PropertyValueSpecification","valueRequired":true,"valueName":"search_term_string"}}],"inLanguage":"vi"}]}},"_links":{"self":[{"href":"https:\/\/superprintpro.com\/vi\/wp-json\/wp\/v2\/product\/29854","targetHints":{"allow":["GET"]}}],"collection":[{"href":"https:\/\/superprintpro.com\/vi\/wp-json\/wp\/v2\/product"}],"about":[{"href":"https:\/\/superprintpro.com\/vi\/wp-json\/wp\/v2\/types\/product"}],"replies":[{"embeddable":true,"href":"https:\/\/superprintpro.com\/vi\/wp-json\/wp\/v2\/comments?post=29854"}],"version-history":[{"count":1,"href":"https:\/\/superprintpro.com\/vi\/wp-json\/wp\/v2\/product\/29854\/revisions"}],"predecessor-version":[{"id":29858,"href":"https:\/\/superprintpro.com\/vi\/wp-json\/wp\/v2\/product\/29854\/revisions\/29858"}],"wp:featuredmedia":[{"embeddable":true,"href":"https:\/\/superprintpro.com\/vi\/wp-json\/wp\/v2\/media\/29857"}],"wp:attachment":[{"href":"https:\/\/superprintpro.com\/vi\/wp-json\/wp\/v2\/media?parent=29854"}],"wp:term":[{"taxonomy":"product_brand","embeddable":true,"href":"https:\/\/superprintpro.com\/vi\/wp-json\/wp\/v2\/product_brand?post=29854"},{"taxonomy":"product_cat","embeddable":true,"href":"https:\/\/superprintpro.com\/vi\/wp-json\/wp\/v2\/product_cat?post=29854"},{"taxonomy":"product_tag","embeddable":true,"href":"https:\/\/superprintpro.com\/vi\/wp-json\/wp\/v2\/product_tag?post=29854"}],"curies":[{"name":"wp","href":"https:\/\/api.w.org\/{rel}","templated":true}]}}