{"id":29769,"date":"2025-08-13T10:46:51","date_gmt":"2025-08-13T02:46:51","guid":{"rendered":"https:\/\/superprintpro.com\/?post_type=product&#038;p=29769"},"modified":"2025-08-13T10:46:51","modified_gmt":"2025-08-13T02:46:51","slug":"mimaki-ujf-3042-uv-and-3042-fx-printead-part-number-mp-m010010","status":"publish","type":"product","link":"https:\/\/superprintpro.com\/vi\/san-pham\/mimaki-ujf-3042-uv-and-3042-fx-printead-part-number-mp-m010010\/","title":{"rendered":"M\u00e3 s\u1ea3n ph\u1ea9m \u0111\u1ea7u in MIMAKI UJF-3042 UV v\u00e0 3042 FX MP-M010010"},"content":{"rendered":"<p>T\u00ean m\u1eabu \u0111\u1ea7u in: \u0110\u1ea7u in MIMAKI UJF-3042 UV v\u00e0 3042 FX M\u00e3 s\u1ed1 s\u1ea3n ph\u1ea9m MP-M010010<br \/>\nM\u00e3 s\u1ea3n ph\u1ea9m: MP-M010010<\/p>\n<p>\u1ee8ng d\u1ee5ng m\u00e1y in phun:<br \/>\nMIMAKI UJF-3042 UV ho\u1eb7c 3042 FX<\/p>\n<p>S\u1ef1 mi\u00eau t\u1ea3:<br \/>\n\u0110\u1ea7u in g\u1ed1c c\u1ee7a MIMAKI UJF-3042 UV v\u00e0 3042 FX<\/p>","protected":false},"excerpt":{"rendered":"<p>\u0110\u1ec3 bi\u1ebft th\u00f4ng tin chi ti\u1ebft v\u1ec1 s\u1ea3n ph\u1ea9m v\u00e0 b\u00e1o gi\u00e1 m\u1edbi nh\u1ea5t, vui l\u00f2ng li\u00ean h\u1ec7 v\u1edbi gi\u00e1m \u0111\u1ed1c b\u00e1n h\u00e0ng c\u1ee7a ch\u00fang t\u00f4i<\/p>\n<p>&nbsp;<\/p>","protected":false},"featured_media":29771,"comment_status":"open","ping_status":"closed","template":"","meta":[],"product_brand":[],"product_cat":[93],"product_tag":[],"class_list":{"0":"post-29769","1":"product","2":"type-product","3":"status-publish","4":"has-post-thumbnail","6":"product_cat-mimaki-printheads","8":"first","9":"instock","10":"shipping-taxable","11":"purchasable","12":"product-type-simple"},"yoast_head":"<!-- This site is optimized with the Yoast SEO plugin v26.9 - https:\/\/yoast.com\/product\/yoast-seo-wordpress\/ -->\n<title>MIMAKI UJF-3042 UV and 3042 FX Printead Part Number MP-M010010 - Amo<\/title>\n<meta name=\"robots\" content=\"index, follow, max-snippet:-1, max-image-preview:large, max-video-preview:-1\" \/>\n<link rel=\"canonical\" href=\"https:\/\/superprintpro.com\/vi\/san-pham\/mimaki-ujf-3042-uv-and-3042-fx-printead-part-number-mp-m010010\/\" \/>\n<meta property=\"og:locale\" content=\"vi_VN\" \/>\n<meta property=\"og:type\" content=\"article\" \/>\n<meta property=\"og:title\" content=\"MIMAKI UJF-3042 UV and 3042 FX Printead Part Number MP-M010010 - Amo\" \/>\n<meta property=\"og:description\" content=\"For product details and the latest quotes, please contact our sales manager  &nbsp;\" \/>\n<meta property=\"og:url\" content=\"https:\/\/superprintpro.com\/vi\/san-pham\/mimaki-ujf-3042-uv-and-3042-fx-printead-part-number-mp-m010010\/\" \/>\n<meta property=\"og:site_name\" content=\"Amo\" \/>\n<meta property=\"og:image\" content=\"https:\/\/superprintpro.com\/wp-content\/uploads\/2025\/08\/mimaki-ujf-3042-uv-and-3042-fx-printead-1.jpg\" \/>\n\t<meta property=\"og:image:width\" content=\"500\" \/>\n\t<meta property=\"og:image:height\" content=\"500\" \/>\n\t<meta property=\"og:image:type\" content=\"image\/jpeg\" \/>\n<meta name=\"twitter:card\" content=\"summary_large_image\" \/>\n<script type=\"application\/ld+json\" class=\"yoast-schema-graph\">{\"@context\":\"https:\/\/schema.org\",\"@graph\":[{\"@type\":\"WebPage\",\"@id\":\"https:\/\/superprintpro.com\/product\/mimaki-ujf-3042-uv-and-3042-fx-printead-part-number-mp-m010010\/\",\"url\":\"https:\/\/superprintpro.com\/product\/mimaki-ujf-3042-uv-and-3042-fx-printead-part-number-mp-m010010\/\",\"name\":\"MIMAKI UJF-3042 UV and 3042 FX Printead Part Number MP-M010010 - Amo\",\"isPartOf\":{\"@id\":\"https:\/\/superprintpro.com\/#website\"},\"primaryImageOfPage\":{\"@id\":\"https:\/\/superprintpro.com\/product\/mimaki-ujf-3042-uv-and-3042-fx-printead-part-number-mp-m010010\/#primaryimage\"},\"image\":{\"@id\":\"https:\/\/superprintpro.com\/product\/mimaki-ujf-3042-uv-and-3042-fx-printead-part-number-mp-m010010\/#primaryimage\"},\"thumbnailUrl\":\"https:\/\/superprintpro.com\/wp-content\/uploads\/2025\/08\/mimaki-ujf-3042-uv-and-3042-fx-printead-1.jpg\",\"datePublished\":\"2025-08-13T02:46:51+00:00\",\"breadcrumb\":{\"@id\":\"https:\/\/superprintpro.com\/product\/mimaki-ujf-3042-uv-and-3042-fx-printead-part-number-mp-m010010\/#breadcrumb\"},\"inLanguage\":\"vi\",\"potentialAction\":[{\"@type\":\"ReadAction\",\"target\":[\"https:\/\/superprintpro.com\/product\/mimaki-ujf-3042-uv-and-3042-fx-printead-part-number-mp-m010010\/\"]}]},{\"@type\":\"ImageObject\",\"inLanguage\":\"vi\",\"@id\":\"https:\/\/superprintpro.com\/product\/mimaki-ujf-3042-uv-and-3042-fx-printead-part-number-mp-m010010\/#primaryimage\",\"url\":\"https:\/\/superprintpro.com\/wp-content\/uploads\/2025\/08\/mimaki-ujf-3042-uv-and-3042-fx-printead-1.jpg\",\"contentUrl\":\"https:\/\/superprintpro.com\/wp-content\/uploads\/2025\/08\/mimaki-ujf-3042-uv-and-3042-fx-printead-1.jpg\",\"width\":500,\"height\":500,\"caption\":\"MIMAKI UJF-3042 UV and 3042 FX Printead Part Number MP-M010010\"},{\"@type\":\"BreadcrumbList\",\"@id\":\"https:\/\/superprintpro.com\/product\/mimaki-ujf-3042-uv-and-3042-fx-printead-part-number-mp-m010010\/#breadcrumb\",\"itemListElement\":[{\"@type\":\"ListItem\",\"position\":1,\"name\":\"\u9996\u9875\",\"item\":\"https:\/\/superprintpro.com\/\"},{\"@type\":\"ListItem\",\"position\":2,\"name\":\"Shop\",\"item\":\"https:\/\/superprintpro.com\/shop\/\"},{\"@type\":\"ListItem\",\"position\":3,\"name\":\"MIMAKI UJF-3042 UV and 3042 FX Printead Part Number MP-M010010\"}]},{\"@type\":\"WebSite\",\"@id\":\"https:\/\/superprintpro.com\/#website\",\"url\":\"https:\/\/superprintpro.com\/\",\"name\":\"Amo\",\"description\":\"\",\"potentialAction\":[{\"@type\":\"SearchAction\",\"target\":{\"@type\":\"EntryPoint\",\"urlTemplate\":\"https:\/\/superprintpro.com\/?s={search_term_string}\"},\"query-input\":{\"@type\":\"PropertyValueSpecification\",\"valueRequired\":true,\"valueName\":\"search_term_string\"}}],\"inLanguage\":\"vi\"}]}<\/script>\n<!-- \/ Yoast SEO plugin. -->","yoast_head_json":{"title":"MIMAKI UJF-3042 UV and 3042 FX Printead Part Number MP-M010010 - Amo","robots":{"index":"index","follow":"follow","max-snippet":"max-snippet:-1","max-image-preview":"max-image-preview:large","max-video-preview":"max-video-preview:-1"},"canonical":"https:\/\/superprintpro.com\/vi\/san-pham\/mimaki-ujf-3042-uv-and-3042-fx-printead-part-number-mp-m010010\/","og_locale":"vi_VN","og_type":"article","og_title":"MIMAKI UJF-3042 UV and 3042 FX Printead Part Number MP-M010010 - Amo","og_description":"For product details and the latest quotes, please contact our sales manager  &nbsp;","og_url":"https:\/\/superprintpro.com\/vi\/san-pham\/mimaki-ujf-3042-uv-and-3042-fx-printead-part-number-mp-m010010\/","og_site_name":"Amo","og_image":[{"width":500,"height":500,"url":"https:\/\/superprintpro.com\/wp-content\/uploads\/2025\/08\/mimaki-ujf-3042-uv-and-3042-fx-printead-1.jpg","type":"image\/jpeg"}],"twitter_card":"summary_large_image","schema":{"@context":"https:\/\/schema.org","@graph":[{"@type":"WebPage","@id":"https:\/\/superprintpro.com\/product\/mimaki-ujf-3042-uv-and-3042-fx-printead-part-number-mp-m010010\/","url":"https:\/\/superprintpro.com\/product\/mimaki-ujf-3042-uv-and-3042-fx-printead-part-number-mp-m010010\/","name":"MIMAKI UJF-3042 UV and 3042 FX Printead Part Number MP-M010010 - Amo","isPartOf":{"@id":"https:\/\/superprintpro.com\/#website"},"primaryImageOfPage":{"@id":"https:\/\/superprintpro.com\/product\/mimaki-ujf-3042-uv-and-3042-fx-printead-part-number-mp-m010010\/#primaryimage"},"image":{"@id":"https:\/\/superprintpro.com\/product\/mimaki-ujf-3042-uv-and-3042-fx-printead-part-number-mp-m010010\/#primaryimage"},"thumbnailUrl":"https:\/\/superprintpro.com\/wp-content\/uploads\/2025\/08\/mimaki-ujf-3042-uv-and-3042-fx-printead-1.jpg","datePublished":"2025-08-13T02:46:51+00:00","breadcrumb":{"@id":"https:\/\/superprintpro.com\/product\/mimaki-ujf-3042-uv-and-3042-fx-printead-part-number-mp-m010010\/#breadcrumb"},"inLanguage":"vi","potentialAction":[{"@type":"ReadAction","target":["https:\/\/superprintpro.com\/product\/mimaki-ujf-3042-uv-and-3042-fx-printead-part-number-mp-m010010\/"]}]},{"@type":"ImageObject","inLanguage":"vi","@id":"https:\/\/superprintpro.com\/product\/mimaki-ujf-3042-uv-and-3042-fx-printead-part-number-mp-m010010\/#primaryimage","url":"https:\/\/superprintpro.com\/wp-content\/uploads\/2025\/08\/mimaki-ujf-3042-uv-and-3042-fx-printead-1.jpg","contentUrl":"https:\/\/superprintpro.com\/wp-content\/uploads\/2025\/08\/mimaki-ujf-3042-uv-and-3042-fx-printead-1.jpg","width":500,"height":500,"caption":"MIMAKI UJF-3042 UV and 3042 FX Printead Part Number MP-M010010"},{"@type":"BreadcrumbList","@id":"https:\/\/superprintpro.com\/product\/mimaki-ujf-3042-uv-and-3042-fx-printead-part-number-mp-m010010\/#breadcrumb","itemListElement":[{"@type":"ListItem","position":1,"name":"\u9996\u9875","item":"https:\/\/superprintpro.com\/"},{"@type":"ListItem","position":2,"name":"Shop","item":"https:\/\/superprintpro.com\/shop\/"},{"@type":"ListItem","position":3,"name":"MIMAKI UJF-3042 UV and 3042 FX Printead Part Number MP-M010010"}]},{"@type":"WebSite","@id":"https:\/\/superprintpro.com\/#website","url":"https:\/\/superprintpro.com\/","name":"Amo","description":"","potentialAction":[{"@type":"SearchAction","target":{"@type":"EntryPoint","urlTemplate":"https:\/\/superprintpro.com\/?s={search_term_string}"},"query-input":{"@type":"PropertyValueSpecification","valueRequired":true,"valueName":"search_term_string"}}],"inLanguage":"vi"}]}},"_links":{"self":[{"href":"https:\/\/superprintpro.com\/vi\/wp-json\/wp\/v2\/product\/29769","targetHints":{"allow":["GET"]}}],"collection":[{"href":"https:\/\/superprintpro.com\/vi\/wp-json\/wp\/v2\/product"}],"about":[{"href":"https:\/\/superprintpro.com\/vi\/wp-json\/wp\/v2\/types\/product"}],"replies":[{"embeddable":true,"href":"https:\/\/superprintpro.com\/vi\/wp-json\/wp\/v2\/comments?post=29769"}],"version-history":[{"count":1,"href":"https:\/\/superprintpro.com\/vi\/wp-json\/wp\/v2\/product\/29769\/revisions"}],"predecessor-version":[{"id":29774,"href":"https:\/\/superprintpro.com\/vi\/wp-json\/wp\/v2\/product\/29769\/revisions\/29774"}],"wp:featuredmedia":[{"embeddable":true,"href":"https:\/\/superprintpro.com\/vi\/wp-json\/wp\/v2\/media\/29771"}],"wp:attachment":[{"href":"https:\/\/superprintpro.com\/vi\/wp-json\/wp\/v2\/media?parent=29769"}],"wp:term":[{"taxonomy":"product_brand","embeddable":true,"href":"https:\/\/superprintpro.com\/vi\/wp-json\/wp\/v2\/product_brand?post=29769"},{"taxonomy":"product_cat","embeddable":true,"href":"https:\/\/superprintpro.com\/vi\/wp-json\/wp\/v2\/product_cat?post=29769"},{"taxonomy":"product_tag","embeddable":true,"href":"https:\/\/superprintpro.com\/vi\/wp-json\/wp\/v2\/product_tag?post=29769"}],"curies":[{"name":"wp","href":"https:\/\/api.w.org\/{rel}","templated":true}]}}