{"id":29730,"date":"2025-08-13T10:13:51","date_gmt":"2025-08-13T02:13:51","guid":{"rendered":"https:\/\/superprintpro.com\/?post_type=product&#038;p=29730"},"modified":"2025-08-13T10:13:51","modified_gmt":"2025-08-13T02:13:51","slug":"dx7-original-printhead-for-mimaki-jv34-ts34-part-number-m010792","status":"publish","type":"product","link":"https:\/\/superprintpro.com\/vi\/san-pham\/dx7-original-printhead-for-mimaki-jv34-ts34-part-number-m010792\/","title":{"rendered":"\u0110\u1ea7u in DX7 ch\u00ednh h\u00e3ng cho MIMAKI JV34 TS34 M\u00e3 s\u1ea3n ph\u1ea9m M010792"},"content":{"rendered":"<p>T\u00ean m\u1eabu \u0111\u1ea7u in: \u0110\u1ea7u in DX7 g\u1ed1c cho MIMAKI JV34 TS34 M\u00e3 s\u1ea3n ph\u1ea9m M010792<\/p>\n<p>M\u00e3 s\u1ea3n ph\u1ea9m: M010792<\/p>\n<p>M\u00e1y in phun \u1ee9ng d\u1ee5ng: MIMAKI JV34 v\u00e0 Mimaki TS34<\/p>\n<p>M\u1ef1c t\u01b0\u01a1ng th\u00edch cho \u0111\u1ea7u n\u00e0y: M\u1ef1c Eco-Solvent ho\u1eb7c m\u1ef1c g\u1ed1c n\u01b0\u1edbc<\/p>\n<p>S\u1ef1 mi\u00eau t\u1ea3:<br \/>\nDX7 g\u1ed1c c\u1ee7a Mimaki<\/p>","protected":false},"excerpt":{"rendered":"<p>\u0110\u1ec3 bi\u1ebft th\u00f4ng tin chi ti\u1ebft v\u1ec1 s\u1ea3n ph\u1ea9m v\u00e0 b\u00e1o gi\u00e1 m\u1edbi nh\u1ea5t, vui l\u00f2ng li\u00ean h\u1ec7 v\u1edbi gi\u00e1m \u0111\u1ed1c b\u00e1n h\u00e0ng c\u1ee7a ch\u00fang t\u00f4i<\/p>\n<p>&nbsp;<\/p>","protected":false},"featured_media":29733,"comment_status":"open","ping_status":"closed","template":"","meta":[],"product_brand":[],"product_cat":[93],"product_tag":[],"class_list":{"0":"post-29730","1":"product","2":"type-product","3":"status-publish","4":"has-post-thumbnail","6":"product_cat-mimaki-printheads","8":"first","9":"instock","10":"shipping-taxable","11":"purchasable","12":"product-type-simple"},"yoast_head":"<!-- This site is optimized with the Yoast SEO plugin v27.4 - https:\/\/yoast.com\/product\/yoast-seo-wordpress\/ -->\n<title>DX7 Original Printhead for MIMAKI JV34 TS34 Part Number M010792 - Amo<\/title>\n<meta name=\"robots\" content=\"index, follow, max-snippet:-1, max-image-preview:large, max-video-preview:-1\" \/>\n<link rel=\"canonical\" href=\"https:\/\/superprintpro.com\/vi\/san-pham\/dx7-original-printhead-for-mimaki-jv34-ts34-part-number-m010792\/\" \/>\n<meta property=\"og:locale\" content=\"vi_VN\" \/>\n<meta property=\"og:type\" content=\"article\" \/>\n<meta property=\"og:title\" content=\"DX7 Original Printhead for MIMAKI JV34 TS34 Part Number M010792 - Amo\" \/>\n<meta property=\"og:description\" content=\"For product details and the latest quotes, please contact our sales manager  &nbsp;\" \/>\n<meta property=\"og:url\" content=\"https:\/\/superprintpro.com\/vi\/san-pham\/dx7-original-printhead-for-mimaki-jv34-ts34-part-number-m010792\/\" \/>\n<meta property=\"og:site_name\" content=\"Amo\" \/>\n<meta property=\"og:image\" content=\"https:\/\/superprintpro.com\/wp-content\/uploads\/2025\/08\/dx7-original-printhead-for-mimaki-jv34-1.jpg\" \/>\n\t<meta property=\"og:image:width\" content=\"500\" \/>\n\t<meta property=\"og:image:height\" content=\"500\" \/>\n\t<meta property=\"og:image:type\" content=\"image\/jpeg\" \/>\n<meta name=\"twitter:card\" content=\"summary_large_image\" \/>\n<script type=\"application\/ld+json\" class=\"yoast-schema-graph\">{\"@context\":\"https:\\\/\\\/schema.org\",\"@graph\":[{\"@type\":\"WebPage\",\"@id\":\"https:\\\/\\\/superprintpro.com\\\/product\\\/dx7-original-printhead-for-mimaki-jv34-ts34-part-number-m010792\\\/\",\"url\":\"https:\\\/\\\/superprintpro.com\\\/product\\\/dx7-original-printhead-for-mimaki-jv34-ts34-part-number-m010792\\\/\",\"name\":\"DX7 Original Printhead for MIMAKI JV34 TS34 Part Number M010792 - Amo\",\"isPartOf\":{\"@id\":\"https:\\\/\\\/superprintpro.com\\\/#website\"},\"primaryImageOfPage\":{\"@id\":\"https:\\\/\\\/superprintpro.com\\\/product\\\/dx7-original-printhead-for-mimaki-jv34-ts34-part-number-m010792\\\/#primaryimage\"},\"image\":{\"@id\":\"https:\\\/\\\/superprintpro.com\\\/product\\\/dx7-original-printhead-for-mimaki-jv34-ts34-part-number-m010792\\\/#primaryimage\"},\"thumbnailUrl\":\"https:\\\/\\\/superprintpro.com\\\/wp-content\\\/uploads\\\/2025\\\/08\\\/dx7-original-printhead-for-mimaki-jv34-1.jpg\",\"datePublished\":\"2025-08-13T02:13:51+00:00\",\"breadcrumb\":{\"@id\":\"https:\\\/\\\/superprintpro.com\\\/product\\\/dx7-original-printhead-for-mimaki-jv34-ts34-part-number-m010792\\\/#breadcrumb\"},\"inLanguage\":\"vi\",\"potentialAction\":[{\"@type\":\"ReadAction\",\"target\":[\"https:\\\/\\\/superprintpro.com\\\/product\\\/dx7-original-printhead-for-mimaki-jv34-ts34-part-number-m010792\\\/\"]}]},{\"@type\":\"ImageObject\",\"inLanguage\":\"vi\",\"@id\":\"https:\\\/\\\/superprintpro.com\\\/product\\\/dx7-original-printhead-for-mimaki-jv34-ts34-part-number-m010792\\\/#primaryimage\",\"url\":\"https:\\\/\\\/superprintpro.com\\\/wp-content\\\/uploads\\\/2025\\\/08\\\/dx7-original-printhead-for-mimaki-jv34-1.jpg\",\"contentUrl\":\"https:\\\/\\\/superprintpro.com\\\/wp-content\\\/uploads\\\/2025\\\/08\\\/dx7-original-printhead-for-mimaki-jv34-1.jpg\",\"width\":500,\"height\":500,\"caption\":\"DX7 Original Printhead for MIMAKI JV34 TS34 Part Number M010792\"},{\"@type\":\"BreadcrumbList\",\"@id\":\"https:\\\/\\\/superprintpro.com\\\/product\\\/dx7-original-printhead-for-mimaki-jv34-ts34-part-number-m010792\\\/#breadcrumb\",\"itemListElement\":[{\"@type\":\"ListItem\",\"position\":1,\"name\":\"\u9996\u9875\",\"item\":\"https:\\\/\\\/superprintpro.com\\\/\"},{\"@type\":\"ListItem\",\"position\":2,\"name\":\"Shop\",\"item\":\"https:\\\/\\\/superprintpro.com\\\/shop\\\/\"},{\"@type\":\"ListItem\",\"position\":3,\"name\":\"DX7 Original Printhead for MIMAKI JV34 TS34 Part Number M010792\"}]},{\"@type\":\"WebSite\",\"@id\":\"https:\\\/\\\/superprintpro.com\\\/#website\",\"url\":\"https:\\\/\\\/superprintpro.com\\\/\",\"name\":\"Amo\",\"description\":\"\",\"potentialAction\":[{\"@type\":\"SearchAction\",\"target\":{\"@type\":\"EntryPoint\",\"urlTemplate\":\"https:\\\/\\\/superprintpro.com\\\/?s={search_term_string}\"},\"query-input\":{\"@type\":\"PropertyValueSpecification\",\"valueRequired\":true,\"valueName\":\"search_term_string\"}}],\"inLanguage\":\"vi\"}]}<\/script>\n<!-- \/ Yoast SEO plugin. -->","yoast_head_json":{"title":"DX7 Original Printhead for MIMAKI JV34 TS34 Part Number M010792 - Amo","robots":{"index":"index","follow":"follow","max-snippet":"max-snippet:-1","max-image-preview":"max-image-preview:large","max-video-preview":"max-video-preview:-1"},"canonical":"https:\/\/superprintpro.com\/vi\/san-pham\/dx7-original-printhead-for-mimaki-jv34-ts34-part-number-m010792\/","og_locale":"vi_VN","og_type":"article","og_title":"DX7 Original Printhead for MIMAKI JV34 TS34 Part Number M010792 - Amo","og_description":"For product details and the latest quotes, please contact our sales manager  &nbsp;","og_url":"https:\/\/superprintpro.com\/vi\/san-pham\/dx7-original-printhead-for-mimaki-jv34-ts34-part-number-m010792\/","og_site_name":"Amo","og_image":[{"width":500,"height":500,"url":"https:\/\/superprintpro.com\/wp-content\/uploads\/2025\/08\/dx7-original-printhead-for-mimaki-jv34-1.jpg","type":"image\/jpeg"}],"twitter_card":"summary_large_image","schema":{"@context":"https:\/\/schema.org","@graph":[{"@type":"WebPage","@id":"https:\/\/superprintpro.com\/product\/dx7-original-printhead-for-mimaki-jv34-ts34-part-number-m010792\/","url":"https:\/\/superprintpro.com\/product\/dx7-original-printhead-for-mimaki-jv34-ts34-part-number-m010792\/","name":"DX7 Original Printhead for MIMAKI JV34 TS34 Part Number M010792 - Amo","isPartOf":{"@id":"https:\/\/superprintpro.com\/#website"},"primaryImageOfPage":{"@id":"https:\/\/superprintpro.com\/product\/dx7-original-printhead-for-mimaki-jv34-ts34-part-number-m010792\/#primaryimage"},"image":{"@id":"https:\/\/superprintpro.com\/product\/dx7-original-printhead-for-mimaki-jv34-ts34-part-number-m010792\/#primaryimage"},"thumbnailUrl":"https:\/\/superprintpro.com\/wp-content\/uploads\/2025\/08\/dx7-original-printhead-for-mimaki-jv34-1.jpg","datePublished":"2025-08-13T02:13:51+00:00","breadcrumb":{"@id":"https:\/\/superprintpro.com\/product\/dx7-original-printhead-for-mimaki-jv34-ts34-part-number-m010792\/#breadcrumb"},"inLanguage":"vi","potentialAction":[{"@type":"ReadAction","target":["https:\/\/superprintpro.com\/product\/dx7-original-printhead-for-mimaki-jv34-ts34-part-number-m010792\/"]}]},{"@type":"ImageObject","inLanguage":"vi","@id":"https:\/\/superprintpro.com\/product\/dx7-original-printhead-for-mimaki-jv34-ts34-part-number-m010792\/#primaryimage","url":"https:\/\/superprintpro.com\/wp-content\/uploads\/2025\/08\/dx7-original-printhead-for-mimaki-jv34-1.jpg","contentUrl":"https:\/\/superprintpro.com\/wp-content\/uploads\/2025\/08\/dx7-original-printhead-for-mimaki-jv34-1.jpg","width":500,"height":500,"caption":"DX7 Original Printhead for MIMAKI JV34 TS34 Part Number M010792"},{"@type":"BreadcrumbList","@id":"https:\/\/superprintpro.com\/product\/dx7-original-printhead-for-mimaki-jv34-ts34-part-number-m010792\/#breadcrumb","itemListElement":[{"@type":"ListItem","position":1,"name":"\u9996\u9875","item":"https:\/\/superprintpro.com\/"},{"@type":"ListItem","position":2,"name":"Shop","item":"https:\/\/superprintpro.com\/shop\/"},{"@type":"ListItem","position":3,"name":"DX7 Original Printhead for MIMAKI JV34 TS34 Part Number M010792"}]},{"@type":"WebSite","@id":"https:\/\/superprintpro.com\/#website","url":"https:\/\/superprintpro.com\/","name":"Amo","description":"","potentialAction":[{"@type":"SearchAction","target":{"@type":"EntryPoint","urlTemplate":"https:\/\/superprintpro.com\/?s={search_term_string}"},"query-input":{"@type":"PropertyValueSpecification","valueRequired":true,"valueName":"search_term_string"}}],"inLanguage":"vi"}]}},"_links":{"self":[{"href":"https:\/\/superprintpro.com\/vi\/wp-json\/wp\/v2\/product\/29730","targetHints":{"allow":["GET"]}}],"collection":[{"href":"https:\/\/superprintpro.com\/vi\/wp-json\/wp\/v2\/product"}],"about":[{"href":"https:\/\/superprintpro.com\/vi\/wp-json\/wp\/v2\/types\/product"}],"replies":[{"embeddable":true,"href":"https:\/\/superprintpro.com\/vi\/wp-json\/wp\/v2\/comments?post=29730"}],"version-history":[{"count":1,"href":"https:\/\/superprintpro.com\/vi\/wp-json\/wp\/v2\/product\/29730\/revisions"}],"predecessor-version":[{"id":29734,"href":"https:\/\/superprintpro.com\/vi\/wp-json\/wp\/v2\/product\/29730\/revisions\/29734"}],"wp:featuredmedia":[{"embeddable":true,"href":"https:\/\/superprintpro.com\/vi\/wp-json\/wp\/v2\/media\/29733"}],"wp:attachment":[{"href":"https:\/\/superprintpro.com\/vi\/wp-json\/wp\/v2\/media?parent=29730"}],"wp:term":[{"taxonomy":"product_brand","embeddable":true,"href":"https:\/\/superprintpro.com\/vi\/wp-json\/wp\/v2\/product_brand?post=29730"},{"taxonomy":"product_cat","embeddable":true,"href":"https:\/\/superprintpro.com\/vi\/wp-json\/wp\/v2\/product_cat?post=29730"},{"taxonomy":"product_tag","embeddable":true,"href":"https:\/\/superprintpro.com\/vi\/wp-json\/wp\/v2\/product_tag?post=29730"}],"curies":[{"name":"wp","href":"https:\/\/api.w.org\/{rel}","templated":true}]}}