{"id":29602,"date":"2025-08-10T11:39:35","date_gmt":"2025-08-10T11:39:35","guid":{"rendered":"https:\/\/superprintpro.com\/?post_type=product&#038;p=29602"},"modified":"2025-08-12T11:28:42","modified_gmt":"2025-08-12T11:28:42","slug":"ricoh-gen5-in-7pl-water-based-printhead-code-mh5421-248mm2-colores-with-short-cable-j36002","status":"publish","type":"product","link":"https:\/\/superprintpro.com\/vi\/san-pham\/ricoh-gen5-in-7pl-water-based-printhead-code-mh5421-248mm2-colores-with-short-cable-j36002\/","title":{"rendered":"\u0110\u1ea7u in g\u1ed1c n\u01b0\u1edbc Ricoh Gen5 7PL M\u00e3 MH5421 (248MM, 2 m\u00e0u v\u1edbi c\u00e1p ng\u1eafn) -J36002"},"content":{"rendered":"<ul>\n<li>T\u00ean m\u1eabu \u0111\u1ea7u in: Ricoh Gen5 trong \u0111\u1ea7u in g\u1ed1c n\u01b0\u1edbc 7PL M\u00e3 MH5421 (248MM, 2 m\u00e0u v\u1edbi c\u00e1p ng\u1eafn) -J36002<\/li>\n<li>\u1ee8ng d\u1ee5ng: ho\u1ea1t \u0111\u1ed9ng v\u1edbi t\u1ea5t c\u1ea3 c\u00e1c m\u00e1y in Trung Qu\u1ed1c nh\u01b0 b\u00ean d\u01b0\u1edbi:<br \/>\nATP Color DFP1320, DPP740 G5<br \/>\nDIP J4<br \/>\nH\u00e0 Lan ColorBooster 230, 250<br \/>\nMTEX Turbo Sub<\/li>\n<li>M\u1ef1c t\u01b0\u01a1ng th\u00edch cho \u0111\u1ea7u n\u00e0y: M\u1ef1c g\u1ed1c n\u01b0\u1edbc<\/li>\n<\/ul>","protected":false},"excerpt":{"rendered":"<p>\u0110\u1ec3 bi\u1ebft th\u00f4ng tin chi ti\u1ebft v\u1ec1 s\u1ea3n ph\u1ea9m v\u00e0 gi\u00e1 m\u1edbi nh\u1ea5t, vui l\u00f2ng li\u00ean h\u1ec7 v\u1edbi b\u1ed9 ph\u1eadn qu\u1ea3n l\u00fd b\u00e1n h\u00e0ng c\u1ee7a ch\u00fang t\u00f4i<\/p>","protected":false},"featured_media":29676,"comment_status":"open","ping_status":"closed","template":"","meta":[],"product_brand":[],"product_cat":[92],"product_tag":[],"class_list":{"0":"post-29602","1":"product","2":"type-product","3":"status-publish","4":"has-post-thumbnail","6":"product_cat-ricoh-printheads","8":"first","9":"instock","10":"shipping-taxable","11":"purchasable","12":"product-type-simple"},"yoast_head":"<!-- This site is optimized with the Yoast SEO plugin v26.9 - https:\/\/yoast.com\/product\/yoast-seo-wordpress\/ -->\n<title>Ricoh Gen5 in 7PL Water-based Printhead Code MH5421 (248MM,2 Colores with short cable) -J36002 - Amo<\/title>\n<meta name=\"robots\" content=\"index, follow, max-snippet:-1, max-image-preview:large, max-video-preview:-1\" \/>\n<link rel=\"canonical\" href=\"https:\/\/superprintpro.com\/vi\/san-pham\/ricoh-gen5-in-7pl-water-based-printhead-code-mh5421-248mm2-colores-with-short-cable-j36002\/\" \/>\n<meta property=\"og:locale\" content=\"vi_VN\" \/>\n<meta property=\"og:type\" content=\"article\" \/>\n<meta property=\"og:title\" content=\"Ricoh Gen5 in 7PL Water-based Printhead Code MH5421 (248MM,2 Colores with short cable) -J36002 - Amo\" \/>\n<meta property=\"og:description\" content=\"For product details and the latest prices please contact our sales manage\" \/>\n<meta property=\"og:url\" content=\"https:\/\/superprintpro.com\/vi\/san-pham\/ricoh-gen5-in-7pl-water-based-printhead-code-mh5421-248mm2-colores-with-short-cable-j36002\/\" \/>\n<meta property=\"og:site_name\" content=\"Amo\" \/>\n<meta property=\"article:modified_time\" content=\"2025-08-12T11:28:42+00:00\" \/>\n<meta property=\"og:image\" content=\"https:\/\/superprintpro.com\/wp-content\/uploads\/2025\/08\/ricoh-gen5-in-7pl-water-based-printhead-j36002-1.jpg\" \/>\n\t<meta property=\"og:image:width\" content=\"500\" \/>\n\t<meta property=\"og:image:height\" content=\"500\" \/>\n\t<meta property=\"og:image:type\" content=\"image\/jpeg\" \/>\n<meta name=\"twitter:card\" content=\"summary_large_image\" \/>\n<script type=\"application\/ld+json\" class=\"yoast-schema-graph\">{\"@context\":\"https:\/\/schema.org\",\"@graph\":[{\"@type\":\"WebPage\",\"@id\":\"https:\/\/superprintpro.com\/product\/ricoh-gen5-in-7pl-water-based-printhead-code-mh5421-248mm2-colores-with-short-cable-j36002\/\",\"url\":\"https:\/\/superprintpro.com\/product\/ricoh-gen5-in-7pl-water-based-printhead-code-mh5421-248mm2-colores-with-short-cable-j36002\/\",\"name\":\"Ricoh Gen5 in 7PL Water-based Printhead Code MH5421 (248MM,2 Colores with short cable) -J36002 - Amo\",\"isPartOf\":{\"@id\":\"https:\/\/superprintpro.com\/#website\"},\"primaryImageOfPage\":{\"@id\":\"https:\/\/superprintpro.com\/product\/ricoh-gen5-in-7pl-water-based-printhead-code-mh5421-248mm2-colores-with-short-cable-j36002\/#primaryimage\"},\"image\":{\"@id\":\"https:\/\/superprintpro.com\/product\/ricoh-gen5-in-7pl-water-based-printhead-code-mh5421-248mm2-colores-with-short-cable-j36002\/#primaryimage\"},\"thumbnailUrl\":\"https:\/\/superprintpro.com\/wp-content\/uploads\/2025\/08\/ricoh-gen5-in-7pl-water-based-printhead-j36002-1.jpg\",\"datePublished\":\"2025-08-10T11:39:35+00:00\",\"dateModified\":\"2025-08-12T11:28:42+00:00\",\"breadcrumb\":{\"@id\":\"https:\/\/superprintpro.com\/product\/ricoh-gen5-in-7pl-water-based-printhead-code-mh5421-248mm2-colores-with-short-cable-j36002\/#breadcrumb\"},\"inLanguage\":\"vi\",\"potentialAction\":[{\"@type\":\"ReadAction\",\"target\":[\"https:\/\/superprintpro.com\/product\/ricoh-gen5-in-7pl-water-based-printhead-code-mh5421-248mm2-colores-with-short-cable-j36002\/\"]}]},{\"@type\":\"ImageObject\",\"inLanguage\":\"vi\",\"@id\":\"https:\/\/superprintpro.com\/product\/ricoh-gen5-in-7pl-water-based-printhead-code-mh5421-248mm2-colores-with-short-cable-j36002\/#primaryimage\",\"url\":\"https:\/\/superprintpro.com\/wp-content\/uploads\/2025\/08\/ricoh-gen5-in-7pl-water-based-printhead-j36002-1.jpg\",\"contentUrl\":\"https:\/\/superprintpro.com\/wp-content\/uploads\/2025\/08\/ricoh-gen5-in-7pl-water-based-printhead-j36002-1.jpg\",\"width\":500,\"height\":500,\"caption\":\"Ricoh Gen5 in 7PL Water-based Printhead Code MH5421 (248MM,2 Colores with short cable) -J36002\"},{\"@type\":\"BreadcrumbList\",\"@id\":\"https:\/\/superprintpro.com\/product\/ricoh-gen5-in-7pl-water-based-printhead-code-mh5421-248mm2-colores-with-short-cable-j36002\/#breadcrumb\",\"itemListElement\":[{\"@type\":\"ListItem\",\"position\":1,\"name\":\"\u9996\u9875\",\"item\":\"https:\/\/superprintpro.com\/\"},{\"@type\":\"ListItem\",\"position\":2,\"name\":\"Shop\",\"item\":\"https:\/\/superprintpro.com\/shop\/\"},{\"@type\":\"ListItem\",\"position\":3,\"name\":\"Ricoh Gen5 in 7PL Water-based Printhead Code MH5421 (248MM,2 Colores with short cable) -J36002\"}]},{\"@type\":\"WebSite\",\"@id\":\"https:\/\/superprintpro.com\/#website\",\"url\":\"https:\/\/superprintpro.com\/\",\"name\":\"Amo\",\"description\":\"\",\"potentialAction\":[{\"@type\":\"SearchAction\",\"target\":{\"@type\":\"EntryPoint\",\"urlTemplate\":\"https:\/\/superprintpro.com\/?s={search_term_string}\"},\"query-input\":{\"@type\":\"PropertyValueSpecification\",\"valueRequired\":true,\"valueName\":\"search_term_string\"}}],\"inLanguage\":\"vi\"}]}<\/script>\n<!-- \/ Yoast SEO plugin. -->","yoast_head_json":{"title":"Ricoh Gen5 in 7PL Water-based Printhead Code MH5421 (248MM,2 Colores with short cable) -J36002 - Amo","robots":{"index":"index","follow":"follow","max-snippet":"max-snippet:-1","max-image-preview":"max-image-preview:large","max-video-preview":"max-video-preview:-1"},"canonical":"https:\/\/superprintpro.com\/vi\/san-pham\/ricoh-gen5-in-7pl-water-based-printhead-code-mh5421-248mm2-colores-with-short-cable-j36002\/","og_locale":"vi_VN","og_type":"article","og_title":"Ricoh Gen5 in 7PL Water-based Printhead Code MH5421 (248MM,2 Colores with short cable) -J36002 - Amo","og_description":"For product details and the latest prices please contact our sales manage","og_url":"https:\/\/superprintpro.com\/vi\/san-pham\/ricoh-gen5-in-7pl-water-based-printhead-code-mh5421-248mm2-colores-with-short-cable-j36002\/","og_site_name":"Amo","article_modified_time":"2025-08-12T11:28:42+00:00","og_image":[{"width":500,"height":500,"url":"https:\/\/superprintpro.com\/wp-content\/uploads\/2025\/08\/ricoh-gen5-in-7pl-water-based-printhead-j36002-1.jpg","type":"image\/jpeg"}],"twitter_card":"summary_large_image","schema":{"@context":"https:\/\/schema.org","@graph":[{"@type":"WebPage","@id":"https:\/\/superprintpro.com\/product\/ricoh-gen5-in-7pl-water-based-printhead-code-mh5421-248mm2-colores-with-short-cable-j36002\/","url":"https:\/\/superprintpro.com\/product\/ricoh-gen5-in-7pl-water-based-printhead-code-mh5421-248mm2-colores-with-short-cable-j36002\/","name":"Ricoh Gen5 in 7PL Water-based Printhead Code MH5421 (248MM,2 Colores with short cable) -J36002 - Amo","isPartOf":{"@id":"https:\/\/superprintpro.com\/#website"},"primaryImageOfPage":{"@id":"https:\/\/superprintpro.com\/product\/ricoh-gen5-in-7pl-water-based-printhead-code-mh5421-248mm2-colores-with-short-cable-j36002\/#primaryimage"},"image":{"@id":"https:\/\/superprintpro.com\/product\/ricoh-gen5-in-7pl-water-based-printhead-code-mh5421-248mm2-colores-with-short-cable-j36002\/#primaryimage"},"thumbnailUrl":"https:\/\/superprintpro.com\/wp-content\/uploads\/2025\/08\/ricoh-gen5-in-7pl-water-based-printhead-j36002-1.jpg","datePublished":"2025-08-10T11:39:35+00:00","dateModified":"2025-08-12T11:28:42+00:00","breadcrumb":{"@id":"https:\/\/superprintpro.com\/product\/ricoh-gen5-in-7pl-water-based-printhead-code-mh5421-248mm2-colores-with-short-cable-j36002\/#breadcrumb"},"inLanguage":"vi","potentialAction":[{"@type":"ReadAction","target":["https:\/\/superprintpro.com\/product\/ricoh-gen5-in-7pl-water-based-printhead-code-mh5421-248mm2-colores-with-short-cable-j36002\/"]}]},{"@type":"ImageObject","inLanguage":"vi","@id":"https:\/\/superprintpro.com\/product\/ricoh-gen5-in-7pl-water-based-printhead-code-mh5421-248mm2-colores-with-short-cable-j36002\/#primaryimage","url":"https:\/\/superprintpro.com\/wp-content\/uploads\/2025\/08\/ricoh-gen5-in-7pl-water-based-printhead-j36002-1.jpg","contentUrl":"https:\/\/superprintpro.com\/wp-content\/uploads\/2025\/08\/ricoh-gen5-in-7pl-water-based-printhead-j36002-1.jpg","width":500,"height":500,"caption":"Ricoh Gen5 in 7PL Water-based Printhead Code MH5421 (248MM,2 Colores with short cable) -J36002"},{"@type":"BreadcrumbList","@id":"https:\/\/superprintpro.com\/product\/ricoh-gen5-in-7pl-water-based-printhead-code-mh5421-248mm2-colores-with-short-cable-j36002\/#breadcrumb","itemListElement":[{"@type":"ListItem","position":1,"name":"\u9996\u9875","item":"https:\/\/superprintpro.com\/"},{"@type":"ListItem","position":2,"name":"Shop","item":"https:\/\/superprintpro.com\/shop\/"},{"@type":"ListItem","position":3,"name":"Ricoh Gen5 in 7PL Water-based Printhead Code MH5421 (248MM,2 Colores with short cable) -J36002"}]},{"@type":"WebSite","@id":"https:\/\/superprintpro.com\/#website","url":"https:\/\/superprintpro.com\/","name":"Amo","description":"","potentialAction":[{"@type":"SearchAction","target":{"@type":"EntryPoint","urlTemplate":"https:\/\/superprintpro.com\/?s={search_term_string}"},"query-input":{"@type":"PropertyValueSpecification","valueRequired":true,"valueName":"search_term_string"}}],"inLanguage":"vi"}]}},"_links":{"self":[{"href":"https:\/\/superprintpro.com\/vi\/wp-json\/wp\/v2\/product\/29602","targetHints":{"allow":["GET"]}}],"collection":[{"href":"https:\/\/superprintpro.com\/vi\/wp-json\/wp\/v2\/product"}],"about":[{"href":"https:\/\/superprintpro.com\/vi\/wp-json\/wp\/v2\/types\/product"}],"replies":[{"embeddable":true,"href":"https:\/\/superprintpro.com\/vi\/wp-json\/wp\/v2\/comments?post=29602"}],"version-history":[{"count":2,"href":"https:\/\/superprintpro.com\/vi\/wp-json\/wp\/v2\/product\/29602\/revisions"}],"predecessor-version":[{"id":29677,"href":"https:\/\/superprintpro.com\/vi\/wp-json\/wp\/v2\/product\/29602\/revisions\/29677"}],"wp:featuredmedia":[{"embeddable":true,"href":"https:\/\/superprintpro.com\/vi\/wp-json\/wp\/v2\/media\/29676"}],"wp:attachment":[{"href":"https:\/\/superprintpro.com\/vi\/wp-json\/wp\/v2\/media?parent=29602"}],"wp:term":[{"taxonomy":"product_brand","embeddable":true,"href":"https:\/\/superprintpro.com\/vi\/wp-json\/wp\/v2\/product_brand?post=29602"},{"taxonomy":"product_cat","embeddable":true,"href":"https:\/\/superprintpro.com\/vi\/wp-json\/wp\/v2\/product_cat?post=29602"},{"taxonomy":"product_tag","embeddable":true,"href":"https:\/\/superprintpro.com\/vi\/wp-json\/wp\/v2\/product_tag?post=29602"}],"curies":[{"name":"wp","href":"https:\/\/api.w.org\/{rel}","templated":true}]}}