{"id":29508,"date":"2025-08-10T07:54:44","date_gmt":"2025-08-10T07:54:44","guid":{"rendered":"https:\/\/superprintpro.com\/?post_type=product&#038;p=29508"},"modified":"2025-08-12T09:49:47","modified_gmt":"2025-08-12T09:49:47","slug":"epson-9800-7800-7450-4800-printhead-f160010","status":"publish","type":"product","link":"https:\/\/superprintpro.com\/vi\/san-pham\/epson-9800-7800-7450-4800-printhead-f160010\/","title":{"rendered":"\u0110\u1ea7u in Epson 9800 7800 7450 4800 F160010"},"content":{"rendered":"<ul>\n<li>\u0110\u1ea7u in Epson 9800 (c\u00f3 th\u1ec3 m\u1eabu n\u00e0y kh\u00f4ng c\u00f2n n\u1eefa v\u00ec Epson \u0111\u00e3 ng\u1eebng s\u1ea3n xu\u1ea5t m\u1eabu n\u00e0y trong m\u1ed9t th\u1eddi gian, h\u00e3y li\u00ean h\u1ec7 v\u1edbi ch\u00fang t\u00f4i \u0111\u1ec3 s\u1eed d\u1ee5ng m\u1eabu t\u01b0\u01a1ng th\u00edch \u0111\u1ec3 thay th\u1ebf)<\/li>\n<li>\u0110\u1ea7u in n\u00e0y ho\u1ea1t \u0111\u1ed9ng v\u1edbi m\u00e1y in phun sau:<\/li>\n<li>Epson 4800\/7450\/7800\/9800 v\u00e0 MUTOH 900C,mutoh 1604<\/li>\n<li>M\u00e3: EPSON (F160010)<\/li>\n<\/ul>","protected":false},"excerpt":{"rendered":"<p>\u0110\u1ec3 bi\u1ebft th\u00f4ng tin chi ti\u1ebft v\u1ec1 s\u1ea3n ph\u1ea9m v\u00e0 gi\u00e1 m\u1edbi nh\u1ea5t, vui l\u00f2ng li\u00ean h\u1ec7 v\u1edbi b\u1ed9 ph\u1eadn qu\u1ea3n l\u00fd b\u00e1n h\u00e0ng c\u1ee7a ch\u00fang t\u00f4i<\/p>","protected":false},"featured_media":29660,"comment_status":"open","ping_status":"closed","template":"","meta":[],"product_brand":[],"product_cat":[91],"product_tag":[],"class_list":{"0":"post-29508","1":"product","2":"type-product","3":"status-publish","4":"has-post-thumbnail","6":"product_cat-epson-printheads","8":"first","9":"instock","10":"shipping-taxable","11":"purchasable","12":"product-type-simple"},"yoast_head":"<!-- This site is optimized with the Yoast SEO plugin v26.9 - https:\/\/yoast.com\/product\/yoast-seo-wordpress\/ -->\n<title>Epson 9800 7800 7450 4800 Printhead F160010 - Amo<\/title>\n<meta name=\"robots\" content=\"index, follow, max-snippet:-1, max-image-preview:large, max-video-preview:-1\" \/>\n<link rel=\"canonical\" href=\"https:\/\/superprintpro.com\/vi\/san-pham\/epson-9800-7800-7450-4800-printhead-f160010\/\" \/>\n<meta property=\"og:locale\" content=\"vi_VN\" \/>\n<meta property=\"og:type\" content=\"article\" \/>\n<meta property=\"og:title\" content=\"Epson 9800 7800 7450 4800 Printhead F160010 - Amo\" \/>\n<meta property=\"og:description\" content=\"For product details and the latest prices please contact our sales manage\" \/>\n<meta property=\"og:url\" content=\"https:\/\/superprintpro.com\/vi\/san-pham\/epson-9800-7800-7450-4800-printhead-f160010\/\" \/>\n<meta property=\"og:site_name\" content=\"Amo\" \/>\n<meta property=\"article:modified_time\" content=\"2025-08-12T09:49:47+00:00\" \/>\n<meta property=\"og:image\" content=\"https:\/\/superprintpro.com\/wp-content\/uploads\/2025\/08\/epson-9800-7800-7450-4800-printhead-f160010.jpg\" \/>\n\t<meta property=\"og:image:width\" content=\"500\" \/>\n\t<meta property=\"og:image:height\" content=\"500\" \/>\n\t<meta property=\"og:image:type\" content=\"image\/jpeg\" \/>\n<meta name=\"twitter:card\" content=\"summary_large_image\" \/>\n<script type=\"application\/ld+json\" class=\"yoast-schema-graph\">{\"@context\":\"https:\/\/schema.org\",\"@graph\":[{\"@type\":\"WebPage\",\"@id\":\"https:\/\/superprintpro.com\/product\/epson-9800-7800-7450-4800-printhead-f160010\/\",\"url\":\"https:\/\/superprintpro.com\/product\/epson-9800-7800-7450-4800-printhead-f160010\/\",\"name\":\"Epson 9800 7800 7450 4800 Printhead F160010 - Amo\",\"isPartOf\":{\"@id\":\"https:\/\/superprintpro.com\/#website\"},\"primaryImageOfPage\":{\"@id\":\"https:\/\/superprintpro.com\/product\/epson-9800-7800-7450-4800-printhead-f160010\/#primaryimage\"},\"image\":{\"@id\":\"https:\/\/superprintpro.com\/product\/epson-9800-7800-7450-4800-printhead-f160010\/#primaryimage\"},\"thumbnailUrl\":\"https:\/\/superprintpro.com\/wp-content\/uploads\/2025\/08\/epson-9800-7800-7450-4800-printhead-f160010.jpg\",\"datePublished\":\"2025-08-10T07:54:44+00:00\",\"dateModified\":\"2025-08-12T09:49:47+00:00\",\"breadcrumb\":{\"@id\":\"https:\/\/superprintpro.com\/product\/epson-9800-7800-7450-4800-printhead-f160010\/#breadcrumb\"},\"inLanguage\":\"vi\",\"potentialAction\":[{\"@type\":\"ReadAction\",\"target\":[\"https:\/\/superprintpro.com\/product\/epson-9800-7800-7450-4800-printhead-f160010\/\"]}]},{\"@type\":\"ImageObject\",\"inLanguage\":\"vi\",\"@id\":\"https:\/\/superprintpro.com\/product\/epson-9800-7800-7450-4800-printhead-f160010\/#primaryimage\",\"url\":\"https:\/\/superprintpro.com\/wp-content\/uploads\/2025\/08\/epson-9800-7800-7450-4800-printhead-f160010.jpg\",\"contentUrl\":\"https:\/\/superprintpro.com\/wp-content\/uploads\/2025\/08\/epson-9800-7800-7450-4800-printhead-f160010.jpg\",\"width\":500,\"height\":500,\"caption\":\"Epson 9800 7800 7450 4800 Printhead F160010\"},{\"@type\":\"BreadcrumbList\",\"@id\":\"https:\/\/superprintpro.com\/product\/epson-9800-7800-7450-4800-printhead-f160010\/#breadcrumb\",\"itemListElement\":[{\"@type\":\"ListItem\",\"position\":1,\"name\":\"\u9996\u9875\",\"item\":\"https:\/\/superprintpro.com\/\"},{\"@type\":\"ListItem\",\"position\":2,\"name\":\"Shop\",\"item\":\"https:\/\/superprintpro.com\/shop\/\"},{\"@type\":\"ListItem\",\"position\":3,\"name\":\"Epson 9800 7800 7450 4800 Printhead F160010\"}]},{\"@type\":\"WebSite\",\"@id\":\"https:\/\/superprintpro.com\/#website\",\"url\":\"https:\/\/superprintpro.com\/\",\"name\":\"Amo\",\"description\":\"\",\"potentialAction\":[{\"@type\":\"SearchAction\",\"target\":{\"@type\":\"EntryPoint\",\"urlTemplate\":\"https:\/\/superprintpro.com\/?s={search_term_string}\"},\"query-input\":{\"@type\":\"PropertyValueSpecification\",\"valueRequired\":true,\"valueName\":\"search_term_string\"}}],\"inLanguage\":\"vi\"}]}<\/script>\n<!-- \/ Yoast SEO plugin. -->","yoast_head_json":{"title":"Epson 9800 7800 7450 4800 Printhead F160010 - Amo","robots":{"index":"index","follow":"follow","max-snippet":"max-snippet:-1","max-image-preview":"max-image-preview:large","max-video-preview":"max-video-preview:-1"},"canonical":"https:\/\/superprintpro.com\/vi\/san-pham\/epson-9800-7800-7450-4800-printhead-f160010\/","og_locale":"vi_VN","og_type":"article","og_title":"Epson 9800 7800 7450 4800 Printhead F160010 - Amo","og_description":"For product details and the latest prices please contact our sales manage","og_url":"https:\/\/superprintpro.com\/vi\/san-pham\/epson-9800-7800-7450-4800-printhead-f160010\/","og_site_name":"Amo","article_modified_time":"2025-08-12T09:49:47+00:00","og_image":[{"width":500,"height":500,"url":"https:\/\/superprintpro.com\/wp-content\/uploads\/2025\/08\/epson-9800-7800-7450-4800-printhead-f160010.jpg","type":"image\/jpeg"}],"twitter_card":"summary_large_image","schema":{"@context":"https:\/\/schema.org","@graph":[{"@type":"WebPage","@id":"https:\/\/superprintpro.com\/product\/epson-9800-7800-7450-4800-printhead-f160010\/","url":"https:\/\/superprintpro.com\/product\/epson-9800-7800-7450-4800-printhead-f160010\/","name":"Epson 9800 7800 7450 4800 Printhead F160010 - Amo","isPartOf":{"@id":"https:\/\/superprintpro.com\/#website"},"primaryImageOfPage":{"@id":"https:\/\/superprintpro.com\/product\/epson-9800-7800-7450-4800-printhead-f160010\/#primaryimage"},"image":{"@id":"https:\/\/superprintpro.com\/product\/epson-9800-7800-7450-4800-printhead-f160010\/#primaryimage"},"thumbnailUrl":"https:\/\/superprintpro.com\/wp-content\/uploads\/2025\/08\/epson-9800-7800-7450-4800-printhead-f160010.jpg","datePublished":"2025-08-10T07:54:44+00:00","dateModified":"2025-08-12T09:49:47+00:00","breadcrumb":{"@id":"https:\/\/superprintpro.com\/product\/epson-9800-7800-7450-4800-printhead-f160010\/#breadcrumb"},"inLanguage":"vi","potentialAction":[{"@type":"ReadAction","target":["https:\/\/superprintpro.com\/product\/epson-9800-7800-7450-4800-printhead-f160010\/"]}]},{"@type":"ImageObject","inLanguage":"vi","@id":"https:\/\/superprintpro.com\/product\/epson-9800-7800-7450-4800-printhead-f160010\/#primaryimage","url":"https:\/\/superprintpro.com\/wp-content\/uploads\/2025\/08\/epson-9800-7800-7450-4800-printhead-f160010.jpg","contentUrl":"https:\/\/superprintpro.com\/wp-content\/uploads\/2025\/08\/epson-9800-7800-7450-4800-printhead-f160010.jpg","width":500,"height":500,"caption":"Epson 9800 7800 7450 4800 Printhead F160010"},{"@type":"BreadcrumbList","@id":"https:\/\/superprintpro.com\/product\/epson-9800-7800-7450-4800-printhead-f160010\/#breadcrumb","itemListElement":[{"@type":"ListItem","position":1,"name":"\u9996\u9875","item":"https:\/\/superprintpro.com\/"},{"@type":"ListItem","position":2,"name":"Shop","item":"https:\/\/superprintpro.com\/shop\/"},{"@type":"ListItem","position":3,"name":"Epson 9800 7800 7450 4800 Printhead F160010"}]},{"@type":"WebSite","@id":"https:\/\/superprintpro.com\/#website","url":"https:\/\/superprintpro.com\/","name":"Amo","description":"","potentialAction":[{"@type":"SearchAction","target":{"@type":"EntryPoint","urlTemplate":"https:\/\/superprintpro.com\/?s={search_term_string}"},"query-input":{"@type":"PropertyValueSpecification","valueRequired":true,"valueName":"search_term_string"}}],"inLanguage":"vi"}]}},"_links":{"self":[{"href":"https:\/\/superprintpro.com\/vi\/wp-json\/wp\/v2\/product\/29508","targetHints":{"allow":["GET"]}}],"collection":[{"href":"https:\/\/superprintpro.com\/vi\/wp-json\/wp\/v2\/product"}],"about":[{"href":"https:\/\/superprintpro.com\/vi\/wp-json\/wp\/v2\/types\/product"}],"replies":[{"embeddable":true,"href":"https:\/\/superprintpro.com\/vi\/wp-json\/wp\/v2\/comments?post=29508"}],"version-history":[{"count":1,"href":"https:\/\/superprintpro.com\/vi\/wp-json\/wp\/v2\/product\/29508\/revisions"}],"predecessor-version":[{"id":29510,"href":"https:\/\/superprintpro.com\/vi\/wp-json\/wp\/v2\/product\/29508\/revisions\/29510"}],"wp:featuredmedia":[{"embeddable":true,"href":"https:\/\/superprintpro.com\/vi\/wp-json\/wp\/v2\/media\/29660"}],"wp:attachment":[{"href":"https:\/\/superprintpro.com\/vi\/wp-json\/wp\/v2\/media?parent=29508"}],"wp:term":[{"taxonomy":"product_brand","embeddable":true,"href":"https:\/\/superprintpro.com\/vi\/wp-json\/wp\/v2\/product_brand?post=29508"},{"taxonomy":"product_cat","embeddable":true,"href":"https:\/\/superprintpro.com\/vi\/wp-json\/wp\/v2\/product_cat?post=29508"},{"taxonomy":"product_tag","embeddable":true,"href":"https:\/\/superprintpro.com\/vi\/wp-json\/wp\/v2\/product_tag?post=29508"}],"curies":[{"name":"wp","href":"https:\/\/api.w.org\/{rel}","templated":true}]}}