{"id":29505,"date":"2025-08-10T07:52:27","date_gmt":"2025-08-10T07:52:27","guid":{"rendered":"https:\/\/superprintpro.com\/?post_type=product&#038;p=29505"},"modified":"2025-08-12T09:53:11","modified_gmt":"2025-08-12T09:53:11","slug":"epson-5113-printhead-wf5113-f160210","status":"publish","type":"product","link":"https:\/\/superprintpro.com\/vi\/san-pham\/epson-5113-printhead-wf5113-f160210\/","title":{"rendered":"\u0110\u1ea7u in Epson 5113 WF5113 F160210"},"content":{"rendered":"<ul>\n<li class=\"text-capitalize\">\u0110\u1ea7u in Epson 5113 WF5113 M\u00e3: F160210<\/li>\n<li>C\u00f3 nhi\u1ec1u phi\u00ean b\u1ea3n \u0111\u1ea7u in 5113 kh\u00e1c nhau cho m\u00e1y in phun Trung Qu\u1ed1c, ch\u1ee7 y\u1ebfu d\u00f9ng cho in th\u0103ng hoa. Ch\u00fang t\u00f4i khuy\u00ean b\u1ea1n n\u00ean mua phi\u00ean b\u1ea3n m\u00e3 h\u00f3a k\u00e8m b\u1ea3ng kh\u1eed m\u00e3 h\u00f3a, nh\u01b0 v\u1eady s\u1ebd ho\u1ea1t \u0111\u1ed9ng t\u1ed1t b\u1ea5t k\u1ec3 phi\u00ean b\u1ea3n th\u1eadt c\u1ee7a \u0111\u1ea7u in 5113.<\/li>\n<\/ul>","protected":false},"excerpt":{"rendered":"<p>\u0110\u1ec3 bi\u1ebft th\u00f4ng tin chi ti\u1ebft v\u1ec1 s\u1ea3n ph\u1ea9m v\u00e0 gi\u00e1 m\u1edbi nh\u1ea5t, vui l\u00f2ng li\u00ean h\u1ec7 v\u1edbi b\u1ed9 ph\u1eadn qu\u1ea3n l\u00fd b\u00e1n h\u00e0ng c\u1ee7a ch\u00fang t\u00f4i<\/p>","protected":false},"featured_media":29661,"comment_status":"open","ping_status":"closed","template":"","meta":[],"product_brand":[],"product_cat":[91],"product_tag":[],"class_list":{"0":"post-29505","1":"product","2":"type-product","3":"status-publish","4":"has-post-thumbnail","6":"product_cat-epson-printheads","8":"first","9":"instock","10":"shipping-taxable","11":"purchasable","12":"product-type-simple"},"yoast_head":"<!-- This site is optimized with the Yoast SEO plugin v26.9 - https:\/\/yoast.com\/product\/yoast-seo-wordpress\/ -->\n<title>Epson 5113 Printhead WF5113 F160210 - Amo<\/title>\n<meta name=\"robots\" content=\"index, follow, max-snippet:-1, max-image-preview:large, max-video-preview:-1\" \/>\n<link rel=\"canonical\" href=\"https:\/\/superprintpro.com\/vi\/san-pham\/epson-5113-printhead-wf5113-f160210\/\" \/>\n<meta property=\"og:locale\" content=\"vi_VN\" \/>\n<meta property=\"og:type\" content=\"article\" \/>\n<meta property=\"og:title\" content=\"Epson 5113 Printhead WF5113 F160210 - Amo\" \/>\n<meta property=\"og:description\" content=\"For product details and the latest prices please contact our sales manage\" \/>\n<meta property=\"og:url\" content=\"https:\/\/superprintpro.com\/vi\/san-pham\/epson-5113-printhead-wf5113-f160210\/\" \/>\n<meta property=\"og:site_name\" content=\"Amo\" \/>\n<meta property=\"article:modified_time\" content=\"2025-08-12T09:53:11+00:00\" \/>\n<meta property=\"og:image\" content=\"https:\/\/superprintpro.com\/wp-content\/uploads\/2025\/08\/epson-5113-printhead-wf5113-f160210.jpg\" \/>\n\t<meta property=\"og:image:width\" content=\"500\" \/>\n\t<meta property=\"og:image:height\" content=\"500\" \/>\n\t<meta property=\"og:image:type\" content=\"image\/jpeg\" \/>\n<meta name=\"twitter:card\" content=\"summary_large_image\" \/>\n<script type=\"application\/ld+json\" class=\"yoast-schema-graph\">{\"@context\":\"https:\/\/schema.org\",\"@graph\":[{\"@type\":\"WebPage\",\"@id\":\"https:\/\/superprintpro.com\/product\/epson-5113-printhead-wf5113-f160210\/\",\"url\":\"https:\/\/superprintpro.com\/product\/epson-5113-printhead-wf5113-f160210\/\",\"name\":\"Epson 5113 Printhead WF5113 F160210 - Amo\",\"isPartOf\":{\"@id\":\"https:\/\/superprintpro.com\/#website\"},\"primaryImageOfPage\":{\"@id\":\"https:\/\/superprintpro.com\/product\/epson-5113-printhead-wf5113-f160210\/#primaryimage\"},\"image\":{\"@id\":\"https:\/\/superprintpro.com\/product\/epson-5113-printhead-wf5113-f160210\/#primaryimage\"},\"thumbnailUrl\":\"https:\/\/superprintpro.com\/wp-content\/uploads\/2025\/08\/epson-5113-printhead-wf5113-f160210.jpg\",\"datePublished\":\"2025-08-10T07:52:27+00:00\",\"dateModified\":\"2025-08-12T09:53:11+00:00\",\"breadcrumb\":{\"@id\":\"https:\/\/superprintpro.com\/product\/epson-5113-printhead-wf5113-f160210\/#breadcrumb\"},\"inLanguage\":\"vi\",\"potentialAction\":[{\"@type\":\"ReadAction\",\"target\":[\"https:\/\/superprintpro.com\/product\/epson-5113-printhead-wf5113-f160210\/\"]}]},{\"@type\":\"ImageObject\",\"inLanguage\":\"vi\",\"@id\":\"https:\/\/superprintpro.com\/product\/epson-5113-printhead-wf5113-f160210\/#primaryimage\",\"url\":\"https:\/\/superprintpro.com\/wp-content\/uploads\/2025\/08\/epson-5113-printhead-wf5113-f160210.jpg\",\"contentUrl\":\"https:\/\/superprintpro.com\/wp-content\/uploads\/2025\/08\/epson-5113-printhead-wf5113-f160210.jpg\",\"width\":500,\"height\":500,\"caption\":\"Epson 5113 Printhead WF5113 F160210\"},{\"@type\":\"BreadcrumbList\",\"@id\":\"https:\/\/superprintpro.com\/product\/epson-5113-printhead-wf5113-f160210\/#breadcrumb\",\"itemListElement\":[{\"@type\":\"ListItem\",\"position\":1,\"name\":\"\u9996\u9875\",\"item\":\"https:\/\/superprintpro.com\/\"},{\"@type\":\"ListItem\",\"position\":2,\"name\":\"Shop\",\"item\":\"https:\/\/superprintpro.com\/shop\/\"},{\"@type\":\"ListItem\",\"position\":3,\"name\":\"Epson 5113 Printhead WF5113 F160210\"}]},{\"@type\":\"WebSite\",\"@id\":\"https:\/\/superprintpro.com\/#website\",\"url\":\"https:\/\/superprintpro.com\/\",\"name\":\"Amo\",\"description\":\"\",\"potentialAction\":[{\"@type\":\"SearchAction\",\"target\":{\"@type\":\"EntryPoint\",\"urlTemplate\":\"https:\/\/superprintpro.com\/?s={search_term_string}\"},\"query-input\":{\"@type\":\"PropertyValueSpecification\",\"valueRequired\":true,\"valueName\":\"search_term_string\"}}],\"inLanguage\":\"vi\"}]}<\/script>\n<!-- \/ Yoast SEO plugin. -->","yoast_head_json":{"title":"Epson 5113 Printhead WF5113 F160210 - Amo","robots":{"index":"index","follow":"follow","max-snippet":"max-snippet:-1","max-image-preview":"max-image-preview:large","max-video-preview":"max-video-preview:-1"},"canonical":"https:\/\/superprintpro.com\/vi\/san-pham\/epson-5113-printhead-wf5113-f160210\/","og_locale":"vi_VN","og_type":"article","og_title":"Epson 5113 Printhead WF5113 F160210 - Amo","og_description":"For product details and the latest prices please contact our sales manage","og_url":"https:\/\/superprintpro.com\/vi\/san-pham\/epson-5113-printhead-wf5113-f160210\/","og_site_name":"Amo","article_modified_time":"2025-08-12T09:53:11+00:00","og_image":[{"width":500,"height":500,"url":"https:\/\/superprintpro.com\/wp-content\/uploads\/2025\/08\/epson-5113-printhead-wf5113-f160210.jpg","type":"image\/jpeg"}],"twitter_card":"summary_large_image","schema":{"@context":"https:\/\/schema.org","@graph":[{"@type":"WebPage","@id":"https:\/\/superprintpro.com\/product\/epson-5113-printhead-wf5113-f160210\/","url":"https:\/\/superprintpro.com\/product\/epson-5113-printhead-wf5113-f160210\/","name":"Epson 5113 Printhead WF5113 F160210 - Amo","isPartOf":{"@id":"https:\/\/superprintpro.com\/#website"},"primaryImageOfPage":{"@id":"https:\/\/superprintpro.com\/product\/epson-5113-printhead-wf5113-f160210\/#primaryimage"},"image":{"@id":"https:\/\/superprintpro.com\/product\/epson-5113-printhead-wf5113-f160210\/#primaryimage"},"thumbnailUrl":"https:\/\/superprintpro.com\/wp-content\/uploads\/2025\/08\/epson-5113-printhead-wf5113-f160210.jpg","datePublished":"2025-08-10T07:52:27+00:00","dateModified":"2025-08-12T09:53:11+00:00","breadcrumb":{"@id":"https:\/\/superprintpro.com\/product\/epson-5113-printhead-wf5113-f160210\/#breadcrumb"},"inLanguage":"vi","potentialAction":[{"@type":"ReadAction","target":["https:\/\/superprintpro.com\/product\/epson-5113-printhead-wf5113-f160210\/"]}]},{"@type":"ImageObject","inLanguage":"vi","@id":"https:\/\/superprintpro.com\/product\/epson-5113-printhead-wf5113-f160210\/#primaryimage","url":"https:\/\/superprintpro.com\/wp-content\/uploads\/2025\/08\/epson-5113-printhead-wf5113-f160210.jpg","contentUrl":"https:\/\/superprintpro.com\/wp-content\/uploads\/2025\/08\/epson-5113-printhead-wf5113-f160210.jpg","width":500,"height":500,"caption":"Epson 5113 Printhead WF5113 F160210"},{"@type":"BreadcrumbList","@id":"https:\/\/superprintpro.com\/product\/epson-5113-printhead-wf5113-f160210\/#breadcrumb","itemListElement":[{"@type":"ListItem","position":1,"name":"\u9996\u9875","item":"https:\/\/superprintpro.com\/"},{"@type":"ListItem","position":2,"name":"Shop","item":"https:\/\/superprintpro.com\/shop\/"},{"@type":"ListItem","position":3,"name":"Epson 5113 Printhead WF5113 F160210"}]},{"@type":"WebSite","@id":"https:\/\/superprintpro.com\/#website","url":"https:\/\/superprintpro.com\/","name":"Amo","description":"","potentialAction":[{"@type":"SearchAction","target":{"@type":"EntryPoint","urlTemplate":"https:\/\/superprintpro.com\/?s={search_term_string}"},"query-input":{"@type":"PropertyValueSpecification","valueRequired":true,"valueName":"search_term_string"}}],"inLanguage":"vi"}]}},"_links":{"self":[{"href":"https:\/\/superprintpro.com\/vi\/wp-json\/wp\/v2\/product\/29505","targetHints":{"allow":["GET"]}}],"collection":[{"href":"https:\/\/superprintpro.com\/vi\/wp-json\/wp\/v2\/product"}],"about":[{"href":"https:\/\/superprintpro.com\/vi\/wp-json\/wp\/v2\/types\/product"}],"replies":[{"embeddable":true,"href":"https:\/\/superprintpro.com\/vi\/wp-json\/wp\/v2\/comments?post=29505"}],"version-history":[{"count":1,"href":"https:\/\/superprintpro.com\/vi\/wp-json\/wp\/v2\/product\/29505\/revisions"}],"predecessor-version":[{"id":29507,"href":"https:\/\/superprintpro.com\/vi\/wp-json\/wp\/v2\/product\/29505\/revisions\/29507"}],"wp:featuredmedia":[{"embeddable":true,"href":"https:\/\/superprintpro.com\/vi\/wp-json\/wp\/v2\/media\/29661"}],"wp:attachment":[{"href":"https:\/\/superprintpro.com\/vi\/wp-json\/wp\/v2\/media?parent=29505"}],"wp:term":[{"taxonomy":"product_brand","embeddable":true,"href":"https:\/\/superprintpro.com\/vi\/wp-json\/wp\/v2\/product_brand?post=29505"},{"taxonomy":"product_cat","embeddable":true,"href":"https:\/\/superprintpro.com\/vi\/wp-json\/wp\/v2\/product_cat?post=29505"},{"taxonomy":"product_tag","embeddable":true,"href":"https:\/\/superprintpro.com\/vi\/wp-json\/wp\/v2\/product_tag?post=29505"}],"curies":[{"name":"wp","href":"https:\/\/api.w.org\/{rel}","templated":true}]}}