{"id":29489,"date":"2025-08-10T07:21:37","date_gmt":"2025-08-10T07:21:37","guid":{"rendered":"https:\/\/superprintpro.com\/?post_type=product&#038;p=29489"},"modified":"2025-08-12T10:09:18","modified_gmt":"2025-08-12T10:09:18","slug":"dx5-epson-f1440-a1-printhead-for-chinese-printers","status":"publish","type":"product","link":"https:\/\/superprintpro.com\/vi\/san-pham\/dx5-epson-f1440-a1-printhead-for-chinese-printers\/","title":{"rendered":"\u0110\u1ea7u in DX5 (Epson F1440-A1) cho m\u00e1y in Trung Qu\u1ed1c"},"content":{"rendered":"<ul>\n<li>T\u00ean m\u1eabu \u0111\u1ea7u in: DX5, \u0111\u1ea7u in Epson F186000, m\u1eabu hi\u1ec7n t\u1ea1i l\u00e0 F1440-A1, \u0111\u00e2y l\u00e0 \u0111\u1ea7u in DX5 ch\u01b0a m\u1edf kh\u00f3a, t\u01b0\u01a1ng th\u00edch v\u1edbi t\u1ea5t c\u1ea3 c\u00e1c m\u00e1y in Trung Qu\u1ed1c nh\u01b0 Galaxy (sid triton), Witcolor, Thunderjet, Gongzheng, Allwin, Myjet, Zhongye, Locor (lecai), Britomatics (kingfisher), Xuli, YONGLI, Micolor, Xenons, Human (ejet), Skycolor, Astarjet, SmartColor, v.v.<\/li>\n<li>M\u1ef1c t\u01b0\u01a1ng th\u00edch v\u1edbi \u0111\u1ea7u in n\u00e0y: M\u1ef1c Eco-solvent, m\u1ef1c UV, m\u1ef1c g\u1ed1c n\u01b0\u1edbc, m\u1ef1c th\u0103ng hoa, m\u1ef1c UV, m\u1ef1c DTF.<\/li>\n<\/ul>","protected":false},"excerpt":{"rendered":"<p>\u0110\u1ec3 bi\u1ebft th\u00f4ng tin chi ti\u1ebft v\u1ec1 s\u1ea3n ph\u1ea9m v\u00e0 gi\u00e1 m\u1edbi nh\u1ea5t, vui l\u00f2ng li\u00ean h\u1ec7 v\u1edbi b\u1ed9 ph\u1eadn qu\u1ea3n l\u00fd b\u00e1n h\u00e0ng c\u1ee7a ch\u00fang t\u00f4i<\/p>","protected":false},"featured_media":29669,"comment_status":"open","ping_status":"closed","template":"","meta":[],"product_brand":[],"product_cat":[91],"product_tag":[],"class_list":{"0":"post-29489","1":"product","2":"type-product","3":"status-publish","4":"has-post-thumbnail","6":"product_cat-epson-printheads","8":"first","9":"instock","10":"shipping-taxable","11":"purchasable","12":"product-type-simple"},"yoast_head":"<!-- This site is optimized with the Yoast SEO plugin v26.9 - https:\/\/yoast.com\/product\/yoast-seo-wordpress\/ -->\n<title>DX5 ( Epson F1440-A1) Printhead for Chinese Printers - Amo<\/title>\n<meta name=\"robots\" content=\"index, follow, max-snippet:-1, max-image-preview:large, max-video-preview:-1\" \/>\n<link rel=\"canonical\" href=\"https:\/\/superprintpro.com\/vi\/san-pham\/dx5-epson-f1440-a1-printhead-for-chinese-printers\/\" \/>\n<meta property=\"og:locale\" content=\"vi_VN\" \/>\n<meta property=\"og:type\" content=\"article\" \/>\n<meta property=\"og:title\" content=\"DX5 ( Epson F1440-A1) Printhead for Chinese Printers - Amo\" \/>\n<meta property=\"og:description\" content=\"For product details and the latest prices please contact our sales manage\" \/>\n<meta property=\"og:url\" content=\"https:\/\/superprintpro.com\/vi\/san-pham\/dx5-epson-f1440-a1-printhead-for-chinese-printers\/\" \/>\n<meta property=\"og:site_name\" content=\"Amo\" \/>\n<meta property=\"article:modified_time\" content=\"2025-08-12T10:09:18+00:00\" \/>\n<meta property=\"og:image\" content=\"https:\/\/superprintpro.com\/wp-content\/uploads\/2025\/08\/dx5-epson-f1440-a1-printhead-for-chinese-printers-1.jpg\" \/>\n\t<meta property=\"og:image:width\" content=\"500\" \/>\n\t<meta property=\"og:image:height\" content=\"500\" \/>\n\t<meta property=\"og:image:type\" content=\"image\/jpeg\" \/>\n<meta name=\"twitter:card\" content=\"summary_large_image\" \/>\n<script type=\"application\/ld+json\" class=\"yoast-schema-graph\">{\"@context\":\"https:\/\/schema.org\",\"@graph\":[{\"@type\":\"WebPage\",\"@id\":\"https:\/\/superprintpro.com\/product\/dx5-epson-f1440-a1-printhead-for-chinese-printers\/\",\"url\":\"https:\/\/superprintpro.com\/product\/dx5-epson-f1440-a1-printhead-for-chinese-printers\/\",\"name\":\"DX5 ( Epson F1440-A1) Printhead for Chinese Printers - Amo\",\"isPartOf\":{\"@id\":\"https:\/\/superprintpro.com\/#website\"},\"primaryImageOfPage\":{\"@id\":\"https:\/\/superprintpro.com\/product\/dx5-epson-f1440-a1-printhead-for-chinese-printers\/#primaryimage\"},\"image\":{\"@id\":\"https:\/\/superprintpro.com\/product\/dx5-epson-f1440-a1-printhead-for-chinese-printers\/#primaryimage\"},\"thumbnailUrl\":\"https:\/\/superprintpro.com\/wp-content\/uploads\/2025\/08\/dx5-epson-f1440-a1-printhead-for-chinese-printers-1.jpg\",\"datePublished\":\"2025-08-10T07:21:37+00:00\",\"dateModified\":\"2025-08-12T10:09:18+00:00\",\"breadcrumb\":{\"@id\":\"https:\/\/superprintpro.com\/product\/dx5-epson-f1440-a1-printhead-for-chinese-printers\/#breadcrumb\"},\"inLanguage\":\"vi\",\"potentialAction\":[{\"@type\":\"ReadAction\",\"target\":[\"https:\/\/superprintpro.com\/product\/dx5-epson-f1440-a1-printhead-for-chinese-printers\/\"]}]},{\"@type\":\"ImageObject\",\"inLanguage\":\"vi\",\"@id\":\"https:\/\/superprintpro.com\/product\/dx5-epson-f1440-a1-printhead-for-chinese-printers\/#primaryimage\",\"url\":\"https:\/\/superprintpro.com\/wp-content\/uploads\/2025\/08\/dx5-epson-f1440-a1-printhead-for-chinese-printers-1.jpg\",\"contentUrl\":\"https:\/\/superprintpro.com\/wp-content\/uploads\/2025\/08\/dx5-epson-f1440-a1-printhead-for-chinese-printers-1.jpg\",\"width\":500,\"height\":500,\"caption\":\"DX5 ( Epson F1440-A1) Printhead for Chinese Printers\"},{\"@type\":\"BreadcrumbList\",\"@id\":\"https:\/\/superprintpro.com\/product\/dx5-epson-f1440-a1-printhead-for-chinese-printers\/#breadcrumb\",\"itemListElement\":[{\"@type\":\"ListItem\",\"position\":1,\"name\":\"\u9996\u9875\",\"item\":\"https:\/\/superprintpro.com\/\"},{\"@type\":\"ListItem\",\"position\":2,\"name\":\"Shop\",\"item\":\"https:\/\/superprintpro.com\/shop\/\"},{\"@type\":\"ListItem\",\"position\":3,\"name\":\"DX5 ( Epson F1440-A1) Printhead for Chinese Printers\"}]},{\"@type\":\"WebSite\",\"@id\":\"https:\/\/superprintpro.com\/#website\",\"url\":\"https:\/\/superprintpro.com\/\",\"name\":\"Amo\",\"description\":\"\",\"potentialAction\":[{\"@type\":\"SearchAction\",\"target\":{\"@type\":\"EntryPoint\",\"urlTemplate\":\"https:\/\/superprintpro.com\/?s={search_term_string}\"},\"query-input\":{\"@type\":\"PropertyValueSpecification\",\"valueRequired\":true,\"valueName\":\"search_term_string\"}}],\"inLanguage\":\"vi\"}]}<\/script>\n<!-- \/ Yoast SEO plugin. -->","yoast_head_json":{"title":"DX5 ( Epson F1440-A1) Printhead for Chinese Printers - Amo","robots":{"index":"index","follow":"follow","max-snippet":"max-snippet:-1","max-image-preview":"max-image-preview:large","max-video-preview":"max-video-preview:-1"},"canonical":"https:\/\/superprintpro.com\/vi\/san-pham\/dx5-epson-f1440-a1-printhead-for-chinese-printers\/","og_locale":"vi_VN","og_type":"article","og_title":"DX5 ( Epson F1440-A1) Printhead for Chinese Printers - Amo","og_description":"For product details and the latest prices please contact our sales manage","og_url":"https:\/\/superprintpro.com\/vi\/san-pham\/dx5-epson-f1440-a1-printhead-for-chinese-printers\/","og_site_name":"Amo","article_modified_time":"2025-08-12T10:09:18+00:00","og_image":[{"width":500,"height":500,"url":"https:\/\/superprintpro.com\/wp-content\/uploads\/2025\/08\/dx5-epson-f1440-a1-printhead-for-chinese-printers-1.jpg","type":"image\/jpeg"}],"twitter_card":"summary_large_image","schema":{"@context":"https:\/\/schema.org","@graph":[{"@type":"WebPage","@id":"https:\/\/superprintpro.com\/product\/dx5-epson-f1440-a1-printhead-for-chinese-printers\/","url":"https:\/\/superprintpro.com\/product\/dx5-epson-f1440-a1-printhead-for-chinese-printers\/","name":"DX5 ( Epson F1440-A1) Printhead for Chinese Printers - Amo","isPartOf":{"@id":"https:\/\/superprintpro.com\/#website"},"primaryImageOfPage":{"@id":"https:\/\/superprintpro.com\/product\/dx5-epson-f1440-a1-printhead-for-chinese-printers\/#primaryimage"},"image":{"@id":"https:\/\/superprintpro.com\/product\/dx5-epson-f1440-a1-printhead-for-chinese-printers\/#primaryimage"},"thumbnailUrl":"https:\/\/superprintpro.com\/wp-content\/uploads\/2025\/08\/dx5-epson-f1440-a1-printhead-for-chinese-printers-1.jpg","datePublished":"2025-08-10T07:21:37+00:00","dateModified":"2025-08-12T10:09:18+00:00","breadcrumb":{"@id":"https:\/\/superprintpro.com\/product\/dx5-epson-f1440-a1-printhead-for-chinese-printers\/#breadcrumb"},"inLanguage":"vi","potentialAction":[{"@type":"ReadAction","target":["https:\/\/superprintpro.com\/product\/dx5-epson-f1440-a1-printhead-for-chinese-printers\/"]}]},{"@type":"ImageObject","inLanguage":"vi","@id":"https:\/\/superprintpro.com\/product\/dx5-epson-f1440-a1-printhead-for-chinese-printers\/#primaryimage","url":"https:\/\/superprintpro.com\/wp-content\/uploads\/2025\/08\/dx5-epson-f1440-a1-printhead-for-chinese-printers-1.jpg","contentUrl":"https:\/\/superprintpro.com\/wp-content\/uploads\/2025\/08\/dx5-epson-f1440-a1-printhead-for-chinese-printers-1.jpg","width":500,"height":500,"caption":"DX5 ( Epson F1440-A1) Printhead for Chinese Printers"},{"@type":"BreadcrumbList","@id":"https:\/\/superprintpro.com\/product\/dx5-epson-f1440-a1-printhead-for-chinese-printers\/#breadcrumb","itemListElement":[{"@type":"ListItem","position":1,"name":"\u9996\u9875","item":"https:\/\/superprintpro.com\/"},{"@type":"ListItem","position":2,"name":"Shop","item":"https:\/\/superprintpro.com\/shop\/"},{"@type":"ListItem","position":3,"name":"DX5 ( Epson F1440-A1) Printhead for Chinese Printers"}]},{"@type":"WebSite","@id":"https:\/\/superprintpro.com\/#website","url":"https:\/\/superprintpro.com\/","name":"Amo","description":"","potentialAction":[{"@type":"SearchAction","target":{"@type":"EntryPoint","urlTemplate":"https:\/\/superprintpro.com\/?s={search_term_string}"},"query-input":{"@type":"PropertyValueSpecification","valueRequired":true,"valueName":"search_term_string"}}],"inLanguage":"vi"}]}},"_links":{"self":[{"href":"https:\/\/superprintpro.com\/vi\/wp-json\/wp\/v2\/product\/29489","targetHints":{"allow":["GET"]}}],"collection":[{"href":"https:\/\/superprintpro.com\/vi\/wp-json\/wp\/v2\/product"}],"about":[{"href":"https:\/\/superprintpro.com\/vi\/wp-json\/wp\/v2\/types\/product"}],"replies":[{"embeddable":true,"href":"https:\/\/superprintpro.com\/vi\/wp-json\/wp\/v2\/comments?post=29489"}],"version-history":[{"count":1,"href":"https:\/\/superprintpro.com\/vi\/wp-json\/wp\/v2\/product\/29489\/revisions"}],"predecessor-version":[{"id":29493,"href":"https:\/\/superprintpro.com\/vi\/wp-json\/wp\/v2\/product\/29489\/revisions\/29493"}],"wp:featuredmedia":[{"embeddable":true,"href":"https:\/\/superprintpro.com\/vi\/wp-json\/wp\/v2\/media\/29669"}],"wp:attachment":[{"href":"https:\/\/superprintpro.com\/vi\/wp-json\/wp\/v2\/media?parent=29489"}],"wp:term":[{"taxonomy":"product_brand","embeddable":true,"href":"https:\/\/superprintpro.com\/vi\/wp-json\/wp\/v2\/product_brand?post=29489"},{"taxonomy":"product_cat","embeddable":true,"href":"https:\/\/superprintpro.com\/vi\/wp-json\/wp\/v2\/product_cat?post=29489"},{"taxonomy":"product_tag","embeddable":true,"href":"https:\/\/superprintpro.com\/vi\/wp-json\/wp\/v2\/product_tag?post=29489"}],"curies":[{"name":"wp","href":"https:\/\/api.w.org\/{rel}","templated":true}]}}