{"id":29475,"date":"2025-08-10T02:34:37","date_gmt":"2025-08-10T02:34:37","guid":{"rendered":"https:\/\/superprintpro.com\/?post_type=product&#038;p=29475"},"modified":"2025-08-16T17:51:30","modified_gmt":"2025-08-16T09:51:30","slug":"kit-i3200-uv-flatbed-for-upgrading-chinese-flatbed-inkjet-printer-with-2-i3200-printheads-flatbed-version","status":"publish","type":"product","link":"https:\/\/superprintpro.com\/vi\/san-pham\/kit-i3200-uv-flatbed-for-upgrading-chinese-flatbed-inkjet-printer-with-2-i3200-printheads-flatbed-version\/","title":{"rendered":"B\u1ed9 \u0111\u1ea7u in UV ph\u1eb3ng i3200 d\u00f9ng \u0111\u1ec3 n\u00e2ng c\u1ea5p m\u00e1y in phun ph\u1eb3ng Trung Qu\u1ed1c v\u1edbi 2 \u0111\u1ea7u in i3200 (Phi\u00ean b\u1ea3n ph\u1eb3ng)"},"content":{"rendered":"<ul>\n<li>B\u1ed9 \u0111\u1ea7u in UV ph\u1eb3ng i3200 d\u00f9ng \u0111\u1ec3 n\u00e2ng c\u1ea5p m\u00e1y in phun ph\u1eb3ng Trung Qu\u1ed1c v\u1edbi 2 \u0111\u1ea7u in i3200 (Phi\u00ean b\u1ea3n ph\u1eb3ng)<\/li>\n<li>N\u1ebfu b\u1ea1n c\u1ea7n b\u1ed9 s\u1ea3n ph\u1ea9m n\u00e0y v\u1edbi nhi\u1ec1u \u0111\u1ea7u h\u01a1n, nh\u01b0 4 i3200 ho\u1eb7c 8 i3200, vui l\u00f2ng li\u00ean h\u1ec7 v\u1edbi ch\u00fang t\u00f4i ho\u1eb7c xem c\u00e1c s\u1ea3n ph\u1ea9m kh\u00e1c tr\u00ean trang web c\u1ee7a ch\u00fang t\u00f4i<\/li>\n<li>B\u1ed9 s\u1ea3n ph\u1ea9m n\u00e0y bao g\u1ed3m c\u00e1c ph\u1ee5 t\u00f9ng thay th\u1ebf sau v\u1edbi d\u1ecbch v\u1ee5 v\u1eadn chuy\u1ec3n c\u1ee7a DHL:<br \/>\n\u0110\u1ea7u in (phi\u00ean b\u1ea3n uv)<br \/>\nBo m\u1ea1ch ch\u1ee7<br \/>\n\u0110\u1ea7u gi\u01b0\u1eddng,<br \/>\nNgu\u1ed3n \u0111i\u1ec7n<br \/>\n\u0110\u1ebf gi\u1eef \u0111\u1ea7u in<br \/>\nTr\u1ea1m v\u1ec7 sinh \u0111\u1ea7u in<br \/>\nT\u1ea5t c\u1ea3 c\u00e1p ngu\u1ed3n v\u00e0 c\u00e1p d\u1eef li\u1ec7u<br \/>\nT\u1ea5t c\u1ea3 c\u00e1c b\u1ed9 gi\u1ea3m ch\u1ea5n (m\u00e0u \u0111en trong phi\u00ean b\u1ea3n uv)<br \/>\nT\u1ea5t c\u1ea3 c\u00e1c m\u0169<br \/>\nT\u1ea5t c\u1ea3 c\u00e1c m\u00e1y b\u01a1m<br \/>\nT\u1ea5t c\u1ea3 c\u00e1c \u0111\u1ed9ng c\u01a1 c\u00f3 tr\u00ecnh \u0111i\u1ec1u khi\u1ec3n<br \/>\nT\u1ea5t c\u1ea3 c\u00e1c r\u00f2ng r\u1ecdc<br \/>\nT\u1ea5t c\u1ea3 c\u00e1c v\u00e0nh \u0111ai r\u00f2ng r\u1ecdc<br \/>\nT\u1ea5t c\u1ea3 c\u00e1c \u1ed1ng m\u1ef1c (m\u00e0u \u0111en trong phi\u00ean b\u1ea3n uv)<br \/>\nT\u1ea5t c\u1ea3 c\u00e1c h\u1ed9p m\u1ef1c (m\u00e0u \u0111en trong phi\u00ean b\u1ea3n uv)<br \/>\nT\u1ea5t c\u1ea3 c\u00e1c ph\u1ea7n m\u1ec1m.<br \/>\nD\u1ea3i m\u00e3 h\u00f3a Raster<br \/>\nC\u1ea3m bi\u1ebfn m\u00e3 h\u00f3a Raster<br \/>\n\u0110\u00e8n UV<\/li>\n<li>Ngu\u1ed3n \u0111i\u1ec7n UV c\u00f3 b\u1ed9 l\u00e0m m\u00e1t.&nbsp;<\/li>\n<\/ul>","protected":false},"excerpt":{"rendered":"<p>\u0110\u1ec3 bi\u1ebft th\u00f4ng tin chi ti\u1ebft v\u1ec1 s\u1ea3n ph\u1ea9m v\u00e0 gi\u00e1 m\u1edbi nh\u1ea5t, vui l\u00f2ng li\u00ean h\u1ec7 v\u1edbi b\u1ed9 ph\u1eadn qu\u1ea3n l\u00fd b\u00e1n h\u00e0ng c\u1ee7a ch\u00fang t\u00f4i<\/p>","protected":false},"featured_media":30047,"comment_status":"open","ping_status":"closed","template":"","meta":[],"product_brand":[],"product_cat":[89],"product_tag":[],"class_list":{"0":"post-29475","1":"product","2":"type-product","3":"status-publish","4":"has-post-thumbnail","6":"product_cat-uv-flatbed-upagrading-kit","8":"first","9":"instock","10":"shipping-taxable","11":"purchasable","12":"product-type-simple"},"yoast_head":"<!-- This site is optimized with the Yoast SEO plugin v26.9 - https:\/\/yoast.com\/product\/yoast-seo-wordpress\/ -->\n<title>Kit i3200 UV Flatbed for Upgrading Chinese Flatbed Inkjet Printer with 2 i3200 printheads (Flatbed Version) - Amo<\/title>\n<meta name=\"robots\" content=\"index, follow, max-snippet:-1, max-image-preview:large, max-video-preview:-1\" \/>\n<link rel=\"canonical\" href=\"https:\/\/superprintpro.com\/vi\/san-pham\/kit-i3200-uv-flatbed-for-upgrading-chinese-flatbed-inkjet-printer-with-2-i3200-printheads-flatbed-version\/\" \/>\n<meta property=\"og:locale\" content=\"vi_VN\" \/>\n<meta property=\"og:type\" content=\"article\" \/>\n<meta property=\"og:title\" content=\"Kit i3200 UV Flatbed for Upgrading Chinese Flatbed Inkjet Printer with 2 i3200 printheads (Flatbed Version) - Amo\" \/>\n<meta property=\"og:description\" content=\"For product details and the latest prices please contact our sales manage\" \/>\n<meta property=\"og:url\" content=\"https:\/\/superprintpro.com\/vi\/san-pham\/kit-i3200-uv-flatbed-for-upgrading-chinese-flatbed-inkjet-printer-with-2-i3200-printheads-flatbed-version\/\" \/>\n<meta property=\"og:site_name\" content=\"Amo\" \/>\n<meta property=\"article:modified_time\" content=\"2025-08-16T09:51:30+00:00\" \/>\n<meta property=\"og:image\" content=\"https:\/\/superprintpro.com\/wp-content\/uploads\/2025\/08\/kit-i3200-uv-flatbed-for-upgrading-chinese-flatbed-inkjet-printer-with-2-i3200-printheads.jpg\" \/>\n\t<meta property=\"og:image:width\" content=\"800\" \/>\n\t<meta property=\"og:image:height\" content=\"800\" \/>\n\t<meta property=\"og:image:type\" content=\"image\/jpeg\" \/>\n<meta name=\"twitter:card\" content=\"summary_large_image\" \/>\n<meta name=\"twitter:label1\" content=\"\u01af\u1edbc t\u00ednh th\u1eddi gian \u0111\u1ecdc\" \/>\n\t<meta name=\"twitter:data1\" content=\"1 ph\u00fat\" \/>\n<script type=\"application\/ld+json\" class=\"yoast-schema-graph\">{\"@context\":\"https:\/\/schema.org\",\"@graph\":[{\"@type\":\"WebPage\",\"@id\":\"https:\/\/superprintpro.com\/product\/kit-i3200-uv-flatbed-for-upgrading-chinese-flatbed-inkjet-printer-with-2-i3200-printheads-flatbed-version\/\",\"url\":\"https:\/\/superprintpro.com\/product\/kit-i3200-uv-flatbed-for-upgrading-chinese-flatbed-inkjet-printer-with-2-i3200-printheads-flatbed-version\/\",\"name\":\"Kit i3200 UV Flatbed for Upgrading Chinese Flatbed Inkjet Printer with 2 i3200 printheads (Flatbed Version) - Amo\",\"isPartOf\":{\"@id\":\"https:\/\/superprintpro.com\/#website\"},\"primaryImageOfPage\":{\"@id\":\"https:\/\/superprintpro.com\/product\/kit-i3200-uv-flatbed-for-upgrading-chinese-flatbed-inkjet-printer-with-2-i3200-printheads-flatbed-version\/#primaryimage\"},\"image\":{\"@id\":\"https:\/\/superprintpro.com\/product\/kit-i3200-uv-flatbed-for-upgrading-chinese-flatbed-inkjet-printer-with-2-i3200-printheads-flatbed-version\/#primaryimage\"},\"thumbnailUrl\":\"https:\/\/superprintpro.com\/wp-content\/uploads\/2025\/08\/kit-i3200-uv-flatbed-for-upgrading-chinese-flatbed-inkjet-printer-with-2-i3200-printheads.jpg\",\"datePublished\":\"2025-08-10T02:34:37+00:00\",\"dateModified\":\"2025-08-16T09:51:30+00:00\",\"breadcrumb\":{\"@id\":\"https:\/\/superprintpro.com\/product\/kit-i3200-uv-flatbed-for-upgrading-chinese-flatbed-inkjet-printer-with-2-i3200-printheads-flatbed-version\/#breadcrumb\"},\"inLanguage\":\"vi\",\"potentialAction\":[{\"@type\":\"ReadAction\",\"target\":[\"https:\/\/superprintpro.com\/product\/kit-i3200-uv-flatbed-for-upgrading-chinese-flatbed-inkjet-printer-with-2-i3200-printheads-flatbed-version\/\"]}]},{\"@type\":\"ImageObject\",\"inLanguage\":\"vi\",\"@id\":\"https:\/\/superprintpro.com\/product\/kit-i3200-uv-flatbed-for-upgrading-chinese-flatbed-inkjet-printer-with-2-i3200-printheads-flatbed-version\/#primaryimage\",\"url\":\"https:\/\/superprintpro.com\/wp-content\/uploads\/2025\/08\/kit-i3200-uv-flatbed-for-upgrading-chinese-flatbed-inkjet-printer-with-2-i3200-printheads.jpg\",\"contentUrl\":\"https:\/\/superprintpro.com\/wp-content\/uploads\/2025\/08\/kit-i3200-uv-flatbed-for-upgrading-chinese-flatbed-inkjet-printer-with-2-i3200-printheads.jpg\",\"width\":800,\"height\":800,\"caption\":\"Kit i3200 UV Flatbed for Upgrading Chinese Flatbed Inkjet Printer with 2 i3200 printheads (Flatbed Version)\"},{\"@type\":\"BreadcrumbList\",\"@id\":\"https:\/\/superprintpro.com\/product\/kit-i3200-uv-flatbed-for-upgrading-chinese-flatbed-inkjet-printer-with-2-i3200-printheads-flatbed-version\/#breadcrumb\",\"itemListElement\":[{\"@type\":\"ListItem\",\"position\":1,\"name\":\"\u9996\u9875\",\"item\":\"https:\/\/superprintpro.com\/\"},{\"@type\":\"ListItem\",\"position\":2,\"name\":\"Shop\",\"item\":\"https:\/\/superprintpro.com\/shop\/\"},{\"@type\":\"ListItem\",\"position\":3,\"name\":\"Kit i3200 UV Flatbed for Upgrading Chinese Flatbed Inkjet Printer with 2 i3200 printheads (Flatbed Version)\"}]},{\"@type\":\"WebSite\",\"@id\":\"https:\/\/superprintpro.com\/#website\",\"url\":\"https:\/\/superprintpro.com\/\",\"name\":\"Amo\",\"description\":\"\",\"potentialAction\":[{\"@type\":\"SearchAction\",\"target\":{\"@type\":\"EntryPoint\",\"urlTemplate\":\"https:\/\/superprintpro.com\/?s={search_term_string}\"},\"query-input\":{\"@type\":\"PropertyValueSpecification\",\"valueRequired\":true,\"valueName\":\"search_term_string\"}}],\"inLanguage\":\"vi\"}]}<\/script>\n<!-- \/ Yoast SEO plugin. -->","yoast_head_json":{"title":"Kit i3200 UV Flatbed for Upgrading Chinese Flatbed Inkjet Printer with 2 i3200 printheads (Flatbed Version) - Amo","robots":{"index":"index","follow":"follow","max-snippet":"max-snippet:-1","max-image-preview":"max-image-preview:large","max-video-preview":"max-video-preview:-1"},"canonical":"https:\/\/superprintpro.com\/vi\/san-pham\/kit-i3200-uv-flatbed-for-upgrading-chinese-flatbed-inkjet-printer-with-2-i3200-printheads-flatbed-version\/","og_locale":"vi_VN","og_type":"article","og_title":"Kit i3200 UV Flatbed for Upgrading Chinese Flatbed Inkjet Printer with 2 i3200 printheads (Flatbed Version) - Amo","og_description":"For product details and the latest prices please contact our sales manage","og_url":"https:\/\/superprintpro.com\/vi\/san-pham\/kit-i3200-uv-flatbed-for-upgrading-chinese-flatbed-inkjet-printer-with-2-i3200-printheads-flatbed-version\/","og_site_name":"Amo","article_modified_time":"2025-08-16T09:51:30+00:00","og_image":[{"width":800,"height":800,"url":"https:\/\/superprintpro.com\/wp-content\/uploads\/2025\/08\/kit-i3200-uv-flatbed-for-upgrading-chinese-flatbed-inkjet-printer-with-2-i3200-printheads.jpg","type":"image\/jpeg"}],"twitter_card":"summary_large_image","twitter_misc":{"\u01af\u1edbc t\u00ednh th\u1eddi gian \u0111\u1ecdc":"1 ph\u00fat"},"schema":{"@context":"https:\/\/schema.org","@graph":[{"@type":"WebPage","@id":"https:\/\/superprintpro.com\/product\/kit-i3200-uv-flatbed-for-upgrading-chinese-flatbed-inkjet-printer-with-2-i3200-printheads-flatbed-version\/","url":"https:\/\/superprintpro.com\/product\/kit-i3200-uv-flatbed-for-upgrading-chinese-flatbed-inkjet-printer-with-2-i3200-printheads-flatbed-version\/","name":"Kit i3200 UV Flatbed for Upgrading Chinese Flatbed Inkjet Printer with 2 i3200 printheads (Flatbed Version) - Amo","isPartOf":{"@id":"https:\/\/superprintpro.com\/#website"},"primaryImageOfPage":{"@id":"https:\/\/superprintpro.com\/product\/kit-i3200-uv-flatbed-for-upgrading-chinese-flatbed-inkjet-printer-with-2-i3200-printheads-flatbed-version\/#primaryimage"},"image":{"@id":"https:\/\/superprintpro.com\/product\/kit-i3200-uv-flatbed-for-upgrading-chinese-flatbed-inkjet-printer-with-2-i3200-printheads-flatbed-version\/#primaryimage"},"thumbnailUrl":"https:\/\/superprintpro.com\/wp-content\/uploads\/2025\/08\/kit-i3200-uv-flatbed-for-upgrading-chinese-flatbed-inkjet-printer-with-2-i3200-printheads.jpg","datePublished":"2025-08-10T02:34:37+00:00","dateModified":"2025-08-16T09:51:30+00:00","breadcrumb":{"@id":"https:\/\/superprintpro.com\/product\/kit-i3200-uv-flatbed-for-upgrading-chinese-flatbed-inkjet-printer-with-2-i3200-printheads-flatbed-version\/#breadcrumb"},"inLanguage":"vi","potentialAction":[{"@type":"ReadAction","target":["https:\/\/superprintpro.com\/product\/kit-i3200-uv-flatbed-for-upgrading-chinese-flatbed-inkjet-printer-with-2-i3200-printheads-flatbed-version\/"]}]},{"@type":"ImageObject","inLanguage":"vi","@id":"https:\/\/superprintpro.com\/product\/kit-i3200-uv-flatbed-for-upgrading-chinese-flatbed-inkjet-printer-with-2-i3200-printheads-flatbed-version\/#primaryimage","url":"https:\/\/superprintpro.com\/wp-content\/uploads\/2025\/08\/kit-i3200-uv-flatbed-for-upgrading-chinese-flatbed-inkjet-printer-with-2-i3200-printheads.jpg","contentUrl":"https:\/\/superprintpro.com\/wp-content\/uploads\/2025\/08\/kit-i3200-uv-flatbed-for-upgrading-chinese-flatbed-inkjet-printer-with-2-i3200-printheads.jpg","width":800,"height":800,"caption":"Kit i3200 UV Flatbed for Upgrading Chinese Flatbed Inkjet Printer with 2 i3200 printheads (Flatbed Version)"},{"@type":"BreadcrumbList","@id":"https:\/\/superprintpro.com\/product\/kit-i3200-uv-flatbed-for-upgrading-chinese-flatbed-inkjet-printer-with-2-i3200-printheads-flatbed-version\/#breadcrumb","itemListElement":[{"@type":"ListItem","position":1,"name":"\u9996\u9875","item":"https:\/\/superprintpro.com\/"},{"@type":"ListItem","position":2,"name":"Shop","item":"https:\/\/superprintpro.com\/shop\/"},{"@type":"ListItem","position":3,"name":"Kit i3200 UV Flatbed for Upgrading Chinese Flatbed Inkjet Printer with 2 i3200 printheads (Flatbed Version)"}]},{"@type":"WebSite","@id":"https:\/\/superprintpro.com\/#website","url":"https:\/\/superprintpro.com\/","name":"Amo","description":"","potentialAction":[{"@type":"SearchAction","target":{"@type":"EntryPoint","urlTemplate":"https:\/\/superprintpro.com\/?s={search_term_string}"},"query-input":{"@type":"PropertyValueSpecification","valueRequired":true,"valueName":"search_term_string"}}],"inLanguage":"vi"}]}},"_links":{"self":[{"href":"https:\/\/superprintpro.com\/vi\/wp-json\/wp\/v2\/product\/29475","targetHints":{"allow":["GET"]}}],"collection":[{"href":"https:\/\/superprintpro.com\/vi\/wp-json\/wp\/v2\/product"}],"about":[{"href":"https:\/\/superprintpro.com\/vi\/wp-json\/wp\/v2\/types\/product"}],"replies":[{"embeddable":true,"href":"https:\/\/superprintpro.com\/vi\/wp-json\/wp\/v2\/comments?post=29475"}],"version-history":[{"count":3,"href":"https:\/\/superprintpro.com\/vi\/wp-json\/wp\/v2\/product\/29475\/revisions"}],"predecessor-version":[{"id":30048,"href":"https:\/\/superprintpro.com\/vi\/wp-json\/wp\/v2\/product\/29475\/revisions\/30048"}],"wp:featuredmedia":[{"embeddable":true,"href":"https:\/\/superprintpro.com\/vi\/wp-json\/wp\/v2\/media\/30047"}],"wp:attachment":[{"href":"https:\/\/superprintpro.com\/vi\/wp-json\/wp\/v2\/media?parent=29475"}],"wp:term":[{"taxonomy":"product_brand","embeddable":true,"href":"https:\/\/superprintpro.com\/vi\/wp-json\/wp\/v2\/product_brand?post=29475"},{"taxonomy":"product_cat","embeddable":true,"href":"https:\/\/superprintpro.com\/vi\/wp-json\/wp\/v2\/product_cat?post=29475"},{"taxonomy":"product_tag","embeddable":true,"href":"https:\/\/superprintpro.com\/vi\/wp-json\/wp\/v2\/product_tag?post=29475"}],"curies":[{"name":"wp","href":"https:\/\/api.w.org\/{rel}","templated":true}]}}