{"id":29460,"date":"2025-08-10T01:30:42","date_gmt":"2025-08-10T01:30:42","guid":{"rendered":"https:\/\/superprintpro.com\/?post_type=product&#038;p=29460"},"modified":"2025-08-16T15:15:23","modified_gmt":"2025-08-16T07:15:23","slug":"yxp-xp600-boards-kit-without-cable-work-for-1-piece-xp600-printheadbrushless-motor-version","status":"publish","type":"product","link":"https:\/\/superprintpro.com\/vi\/san-pham\/yxp-xp600-boards-kit-without-cable-work-for-1-piece-xp600-printheadbrushless-motor-version\/","title":{"rendered":"B\u1ed9 bo m\u1ea1ch YXP xp600 kh\u00f4ng bao g\u1ed3m c\u00e1p cho 1 \u0111\u1ea7u in xp600 (phi\u00ean b\u1ea3n \u0111\u1ed9ng c\u01a1 kh\u00f4ng ch\u1ed5i than)"},"content":{"rendered":"<ul>\n<li><b><strong>T\u00ean b\u1ed9 bo m\u1ea1ch m\u00e1y in phun:<\/strong><\/b>B\u1ed9 bo m\u1ea1ch YXP xp600 kh\u00f4ng bao g\u1ed3m c\u00e1p cho 1 \u0111\u1ea7u in xp600<\/li>\n<li><b><strong>Ph\u1ea7n m\u1ec1m : <\/strong><\/b>YXP<\/li>\n<li><b><strong>\u1ee8ng d\u1ee5ng:\u00a0 <\/strong><\/b>\u0110\u1ec3 n\u00e2ng c\u1ea5p m\u00e1y in phun v\u1edbi 1 \u0111\u1ea7u in xp600<\/li>\n<li><b><strong>D\u00f2ng m\u00e1y in phun \u0111\u01b0\u1ee3c h\u1ed7 tr\u1ee3:\u00a0 <\/strong><\/b>D\u00e0nh cho t\u1ea5t c\u1ea3 M\u00e1y in phun cu\u1ed9n<\/li>\n<li><b><strong>M\u1ef1c \u0111\u01b0\u1ee3c h\u1ed7 tr\u1ee3: <\/strong><\/b>Eco-Solvent, g\u1ed1c n\u01b0\u1edbc (th\u0103ng hoa), UV<\/li>\n<li><b><strong>M\u00e0u m\u1ef1c \u0111\u01b0\u1ee3c h\u1ed7 tr\u1ee3<\/strong><\/b><b><strong>\uff1a<\/strong><\/b>CMYK W<\/li>\n<li><b><strong>B\u00ecnh lu\u1eadn:\u00a0 <\/strong><\/b>\u0110\u00e2y l\u00e0 b\u1ed9 bo m\u1ea1ch k\u00e8m c\u00e1p th\u01b0\u1eddng d\u00f9ng \u0111\u1ec3 n\u00e2ng c\u1ea5p m\u00e1y in phun Trung Qu\u1ed1c c\u0169 v\u1edbi h\u1ec7 th\u1ed1ng v\u00e0 \u0111\u1ea7u in m\u1edbi. V\u00ed d\u1ee5, b\u1ed9 n\u00e0y c\u00f3 th\u1ec3 n\u00e2ng c\u1ea5p m\u1ef1c in dung m\u00f4i sinh th\u00e1i Witcolor, Micolor, Gongzheng, Allwin, Galaxy (Sid Triton) ban \u0111\u1ea7u s\u1eed d\u1ee5ng \u0111\u1ea7u in DX5 th\u00e0nh m\u00e1y in m\u1edbi v\u1edbi \u0111\u1ea7u in XP600, ho\u1eb7c b\u1ed9 n\u00e0y c\u00f3 th\u1ec3 n\u00e2ng c\u1ea5p m\u00e1y in phun dung m\u00f4i nh\u01b0 Infiniti v\u1edbi Seiko SPT510 l\u00ean h\u1ec7 th\u1ed1ng m\u1edbi v\u1edbi \u0111\u1ea7u in XP600. D\u00f9 l\u00e0 m\u00e1y in dung m\u00f4i sinh th\u00e1i hay dung m\u00f4i, b\u1ed9 n\u00e0y \u0111\u1ec1u c\u00f3 th\u1ec3 ho\u1ea1t \u0111\u1ed9ng mi\u1ec5n l\u00e0 m\u00e1y in \u0111\u00f3 s\u1eed d\u1ee5ng h\u1ec7 th\u1ed1ng cu\u1ed9n-cu\u1ed9n. B\u1ed9 n\u00e0y c\u0169ng t\u01b0\u01a1ng th\u00edch v\u1edbi \u0111\u1ed9ng c\u01a1 kh\u00f4ng ch\u1ed5i than.<\/li>\n<\/ul>","protected":false},"excerpt":{"rendered":"<p>\u0110\u1ec3 bi\u1ebft th\u00f4ng tin chi ti\u1ebft v\u1ec1 s\u1ea3n ph\u1ea9m v\u00e0 gi\u00e1 m\u1edbi nh\u1ea5t, vui l\u00f2ng li\u00ean h\u1ec7 v\u1edbi b\u1ed9 ph\u1eadn qu\u1ea3n l\u00fd b\u00e1n h\u00e0ng c\u1ee7a ch\u00fang t\u00f4i<\/p>","protected":false},"featured_media":30018,"comment_status":"open","ping_status":"closed","template":"","meta":[],"product_brand":[],"product_cat":[86],"product_tag":[],"class_list":{"0":"post-29460","1":"product","2":"type-product","3":"status-publish","4":"has-post-thumbnail","6":"product_cat-inkjet-printer-boards-kit","8":"first","9":"instock","10":"shipping-taxable","11":"purchasable","12":"product-type-simple"},"yoast_head":"<!-- This site is optimized with the Yoast SEO plugin v26.9 - https:\/\/yoast.com\/product\/yoast-seo-wordpress\/ -->\n<title>YXP xp600 boards kit without cable work for 1 piece xp600 printhead(brushless motor version) - Amo<\/title>\n<meta name=\"robots\" content=\"index, follow, max-snippet:-1, max-image-preview:large, max-video-preview:-1\" \/>\n<link rel=\"canonical\" href=\"https:\/\/superprintpro.com\/vi\/san-pham\/yxp-xp600-boards-kit-without-cable-work-for-1-piece-xp600-printheadbrushless-motor-version\/\" \/>\n<meta property=\"og:locale\" content=\"vi_VN\" \/>\n<meta property=\"og:type\" content=\"article\" \/>\n<meta property=\"og:title\" content=\"YXP xp600 boards kit without cable work for 1 piece xp600 printhead(brushless motor version) - Amo\" \/>\n<meta property=\"og:description\" content=\"For product details and the latest prices please contact our sales manage\" \/>\n<meta property=\"og:url\" content=\"https:\/\/superprintpro.com\/vi\/san-pham\/yxp-xp600-boards-kit-without-cable-work-for-1-piece-xp600-printheadbrushless-motor-version\/\" \/>\n<meta property=\"og:site_name\" content=\"Amo\" \/>\n<meta property=\"article:modified_time\" content=\"2025-08-16T07:15:23+00:00\" \/>\n<meta property=\"og:image\" content=\"https:\/\/superprintpro.com\/wp-content\/uploads\/2025\/08\/yxp-xp600-boards-kit-without-cable-work-for-1-piece-xp600-printheads.jpg\" \/>\n\t<meta property=\"og:image:width\" content=\"800\" \/>\n\t<meta property=\"og:image:height\" content=\"800\" \/>\n\t<meta property=\"og:image:type\" content=\"image\/jpeg\" \/>\n<meta name=\"twitter:card\" content=\"summary_large_image\" \/>\n<meta name=\"twitter:label1\" content=\"\u01af\u1edbc t\u00ednh th\u1eddi gian \u0111\u1ecdc\" \/>\n\t<meta name=\"twitter:data1\" content=\"1 ph\u00fat\" \/>\n<script type=\"application\/ld+json\" class=\"yoast-schema-graph\">{\"@context\":\"https:\/\/schema.org\",\"@graph\":[{\"@type\":\"WebPage\",\"@id\":\"https:\/\/superprintpro.com\/product\/yxp-xp600-boards-kit-without-cable-work-for-1-piece-xp600-printheadbrushless-motor-version\/\",\"url\":\"https:\/\/superprintpro.com\/product\/yxp-xp600-boards-kit-without-cable-work-for-1-piece-xp600-printheadbrushless-motor-version\/\",\"name\":\"YXP xp600 boards kit without cable work for 1 piece xp600 printhead(brushless motor version) - Amo\",\"isPartOf\":{\"@id\":\"https:\/\/superprintpro.com\/#website\"},\"primaryImageOfPage\":{\"@id\":\"https:\/\/superprintpro.com\/product\/yxp-xp600-boards-kit-without-cable-work-for-1-piece-xp600-printheadbrushless-motor-version\/#primaryimage\"},\"image\":{\"@id\":\"https:\/\/superprintpro.com\/product\/yxp-xp600-boards-kit-without-cable-work-for-1-piece-xp600-printheadbrushless-motor-version\/#primaryimage\"},\"thumbnailUrl\":\"https:\/\/superprintpro.com\/wp-content\/uploads\/2025\/08\/yxp-xp600-boards-kit-without-cable-work-for-1-piece-xp600-printheads.jpg\",\"datePublished\":\"2025-08-10T01:30:42+00:00\",\"dateModified\":\"2025-08-16T07:15:23+00:00\",\"breadcrumb\":{\"@id\":\"https:\/\/superprintpro.com\/product\/yxp-xp600-boards-kit-without-cable-work-for-1-piece-xp600-printheadbrushless-motor-version\/#breadcrumb\"},\"inLanguage\":\"vi\",\"potentialAction\":[{\"@type\":\"ReadAction\",\"target\":[\"https:\/\/superprintpro.com\/product\/yxp-xp600-boards-kit-without-cable-work-for-1-piece-xp600-printheadbrushless-motor-version\/\"]}]},{\"@type\":\"ImageObject\",\"inLanguage\":\"vi\",\"@id\":\"https:\/\/superprintpro.com\/product\/yxp-xp600-boards-kit-without-cable-work-for-1-piece-xp600-printheadbrushless-motor-version\/#primaryimage\",\"url\":\"https:\/\/superprintpro.com\/wp-content\/uploads\/2025\/08\/yxp-xp600-boards-kit-without-cable-work-for-1-piece-xp600-printheads.jpg\",\"contentUrl\":\"https:\/\/superprintpro.com\/wp-content\/uploads\/2025\/08\/yxp-xp600-boards-kit-without-cable-work-for-1-piece-xp600-printheads.jpg\",\"width\":800,\"height\":800,\"caption\":\"YXP xp600 boards kit without cable work for 2 piece xp600 printhead\"},{\"@type\":\"BreadcrumbList\",\"@id\":\"https:\/\/superprintpro.com\/product\/yxp-xp600-boards-kit-without-cable-work-for-1-piece-xp600-printheadbrushless-motor-version\/#breadcrumb\",\"itemListElement\":[{\"@type\":\"ListItem\",\"position\":1,\"name\":\"\u9996\u9875\",\"item\":\"https:\/\/superprintpro.com\/\"},{\"@type\":\"ListItem\",\"position\":2,\"name\":\"Shop\",\"item\":\"https:\/\/superprintpro.com\/shop\/\"},{\"@type\":\"ListItem\",\"position\":3,\"name\":\"YXP xp600 boards kit without cable work for 1 piece xp600 printhead(brushless motor version)\"}]},{\"@type\":\"WebSite\",\"@id\":\"https:\/\/superprintpro.com\/#website\",\"url\":\"https:\/\/superprintpro.com\/\",\"name\":\"Amo\",\"description\":\"\",\"potentialAction\":[{\"@type\":\"SearchAction\",\"target\":{\"@type\":\"EntryPoint\",\"urlTemplate\":\"https:\/\/superprintpro.com\/?s={search_term_string}\"},\"query-input\":{\"@type\":\"PropertyValueSpecification\",\"valueRequired\":true,\"valueName\":\"search_term_string\"}}],\"inLanguage\":\"vi\"}]}<\/script>\n<!-- \/ Yoast SEO plugin. -->","yoast_head_json":{"title":"YXP xp600 boards kit without cable work for 1 piece xp600 printhead(brushless motor version) - Amo","robots":{"index":"index","follow":"follow","max-snippet":"max-snippet:-1","max-image-preview":"max-image-preview:large","max-video-preview":"max-video-preview:-1"},"canonical":"https:\/\/superprintpro.com\/vi\/san-pham\/yxp-xp600-boards-kit-without-cable-work-for-1-piece-xp600-printheadbrushless-motor-version\/","og_locale":"vi_VN","og_type":"article","og_title":"YXP xp600 boards kit without cable work for 1 piece xp600 printhead(brushless motor version) - Amo","og_description":"For product details and the latest prices please contact our sales manage","og_url":"https:\/\/superprintpro.com\/vi\/san-pham\/yxp-xp600-boards-kit-without-cable-work-for-1-piece-xp600-printheadbrushless-motor-version\/","og_site_name":"Amo","article_modified_time":"2025-08-16T07:15:23+00:00","og_image":[{"width":800,"height":800,"url":"https:\/\/superprintpro.com\/wp-content\/uploads\/2025\/08\/yxp-xp600-boards-kit-without-cable-work-for-1-piece-xp600-printheads.jpg","type":"image\/jpeg"}],"twitter_card":"summary_large_image","twitter_misc":{"\u01af\u1edbc t\u00ednh th\u1eddi gian \u0111\u1ecdc":"1 ph\u00fat"},"schema":{"@context":"https:\/\/schema.org","@graph":[{"@type":"WebPage","@id":"https:\/\/superprintpro.com\/product\/yxp-xp600-boards-kit-without-cable-work-for-1-piece-xp600-printheadbrushless-motor-version\/","url":"https:\/\/superprintpro.com\/product\/yxp-xp600-boards-kit-without-cable-work-for-1-piece-xp600-printheadbrushless-motor-version\/","name":"YXP xp600 boards kit without cable work for 1 piece xp600 printhead(brushless motor version) - Amo","isPartOf":{"@id":"https:\/\/superprintpro.com\/#website"},"primaryImageOfPage":{"@id":"https:\/\/superprintpro.com\/product\/yxp-xp600-boards-kit-without-cable-work-for-1-piece-xp600-printheadbrushless-motor-version\/#primaryimage"},"image":{"@id":"https:\/\/superprintpro.com\/product\/yxp-xp600-boards-kit-without-cable-work-for-1-piece-xp600-printheadbrushless-motor-version\/#primaryimage"},"thumbnailUrl":"https:\/\/superprintpro.com\/wp-content\/uploads\/2025\/08\/yxp-xp600-boards-kit-without-cable-work-for-1-piece-xp600-printheads.jpg","datePublished":"2025-08-10T01:30:42+00:00","dateModified":"2025-08-16T07:15:23+00:00","breadcrumb":{"@id":"https:\/\/superprintpro.com\/product\/yxp-xp600-boards-kit-without-cable-work-for-1-piece-xp600-printheadbrushless-motor-version\/#breadcrumb"},"inLanguage":"vi","potentialAction":[{"@type":"ReadAction","target":["https:\/\/superprintpro.com\/product\/yxp-xp600-boards-kit-without-cable-work-for-1-piece-xp600-printheadbrushless-motor-version\/"]}]},{"@type":"ImageObject","inLanguage":"vi","@id":"https:\/\/superprintpro.com\/product\/yxp-xp600-boards-kit-without-cable-work-for-1-piece-xp600-printheadbrushless-motor-version\/#primaryimage","url":"https:\/\/superprintpro.com\/wp-content\/uploads\/2025\/08\/yxp-xp600-boards-kit-without-cable-work-for-1-piece-xp600-printheads.jpg","contentUrl":"https:\/\/superprintpro.com\/wp-content\/uploads\/2025\/08\/yxp-xp600-boards-kit-without-cable-work-for-1-piece-xp600-printheads.jpg","width":800,"height":800,"caption":"YXP xp600 boards kit without cable work for 2 piece xp600 printhead"},{"@type":"BreadcrumbList","@id":"https:\/\/superprintpro.com\/product\/yxp-xp600-boards-kit-without-cable-work-for-1-piece-xp600-printheadbrushless-motor-version\/#breadcrumb","itemListElement":[{"@type":"ListItem","position":1,"name":"\u9996\u9875","item":"https:\/\/superprintpro.com\/"},{"@type":"ListItem","position":2,"name":"Shop","item":"https:\/\/superprintpro.com\/shop\/"},{"@type":"ListItem","position":3,"name":"YXP xp600 boards kit without cable work for 1 piece xp600 printhead(brushless motor version)"}]},{"@type":"WebSite","@id":"https:\/\/superprintpro.com\/#website","url":"https:\/\/superprintpro.com\/","name":"Amo","description":"","potentialAction":[{"@type":"SearchAction","target":{"@type":"EntryPoint","urlTemplate":"https:\/\/superprintpro.com\/?s={search_term_string}"},"query-input":{"@type":"PropertyValueSpecification","valueRequired":true,"valueName":"search_term_string"}}],"inLanguage":"vi"}]}},"_links":{"self":[{"href":"https:\/\/superprintpro.com\/vi\/wp-json\/wp\/v2\/product\/29460","targetHints":{"allow":["GET"]}}],"collection":[{"href":"https:\/\/superprintpro.com\/vi\/wp-json\/wp\/v2\/product"}],"about":[{"href":"https:\/\/superprintpro.com\/vi\/wp-json\/wp\/v2\/types\/product"}],"replies":[{"embeddable":true,"href":"https:\/\/superprintpro.com\/vi\/wp-json\/wp\/v2\/comments?post=29460"}],"version-history":[{"count":1,"href":"https:\/\/superprintpro.com\/vi\/wp-json\/wp\/v2\/product\/29460\/revisions"}],"predecessor-version":[{"id":29462,"href":"https:\/\/superprintpro.com\/vi\/wp-json\/wp\/v2\/product\/29460\/revisions\/29462"}],"wp:featuredmedia":[{"embeddable":true,"href":"https:\/\/superprintpro.com\/vi\/wp-json\/wp\/v2\/media\/30018"}],"wp:attachment":[{"href":"https:\/\/superprintpro.com\/vi\/wp-json\/wp\/v2\/media?parent=29460"}],"wp:term":[{"taxonomy":"product_brand","embeddable":true,"href":"https:\/\/superprintpro.com\/vi\/wp-json\/wp\/v2\/product_brand?post=29460"},{"taxonomy":"product_cat","embeddable":true,"href":"https:\/\/superprintpro.com\/vi\/wp-json\/wp\/v2\/product_cat?post=29460"},{"taxonomy":"product_tag","embeddable":true,"href":"https:\/\/superprintpro.com\/vi\/wp-json\/wp\/v2\/product_tag?post=29460"}],"curies":[{"name":"wp","href":"https:\/\/api.w.org\/{rel}","templated":true}]}}