{"id":29423,"date":"2025-08-09T09:46:06","date_gmt":"2025-08-09T09:46:06","guid":{"rendered":"https:\/\/superprintpro.com\/?post_type=product&#038;p=29423"},"modified":"2025-08-16T16:59:00","modified_gmt":"2025-08-16T08:59:00","slug":"kit-i3200-for-upgrade-mimaki-jv33-with-2-i3200-printheads","status":"publish","type":"product","link":"https:\/\/superprintpro.com\/vi\/san-pham\/kit-i3200-for-upgrade-mimaki-jv33-with-2-i3200-printheads\/","title":{"rendered":"B\u1ed9 i3200 \u0111\u1ec3 n\u00e2ng c\u1ea5p Mimaki JV33 v\u1edbi 2 \u0111\u1ea7u in I3200"},"content":{"rendered":"<ul>\n<li>B\u1ed9 i3200 \u0111\u1ec3 n\u00e2ng c\u1ea5p Mimaki JV33 v\u1edbi 2 \u0111\u1ea7u in I3200<\/li>\n<li>B\u1ed9 d\u1ee5ng c\u1ee5 n\u00e0y s\u1ebd n\u00e2ng c\u1ea5p \u0111\u1ea7u in Mimaki JV33 2 m\u1ea3nh i3200 c\u1ee7a b\u1ea1n. H\u1ea7u nh\u01b0 m\u1ecdi th\u1ee9 s\u1ebd \u0111\u01b0\u1ee3c thay \u0111\u1ed5i. Ch\u1ec9 c\u1ea7n gi\u1eef l\u1ea1i ph\u1ea7n c\u01a1 kh\u00ed c\u1ee7a Mimaki.<\/li>\n<li>B\u1ed9 s\u1ea3n ph\u1ea9m n\u00e0y bao g\u1ed3m c\u00e1c ph\u1ee5 t\u00f9ng thay th\u1ebf sau v\u1edbi d\u1ecbch v\u1ee5 v\u1eadn chuy\u1ec3n c\u1ee7a DHL:<br \/>\n\u0110\u1ea7u in,<br \/>\nBo m\u1ea1ch ch\u1ee7<br \/>\n\u0110\u1ea7u gi\u01b0\u1eddng,<br \/>\n\u0110\u1ebf gi\u1eef \u0111\u1ea7u in<br \/>\nTr\u1ea1m v\u1ec7 sinh \u0111\u1ea7u in<br \/>\nT\u1ea5t c\u1ea3 c\u00e1c b\u1ed9 gi\u1ea3m ch\u1ea5n<br \/>\nT\u1ea5t c\u1ea3 c\u00e1c m\u0169<br \/>\nT\u1ea5t c\u1ea3 c\u00e1c ph\u1ea7n m\u1ec1m.<br \/>\nD\u1ea3i m\u00e3 h\u00f3a Raster<br \/>\nC\u1ea3m bi\u1ebfn m\u00e3 h\u00f3a Raster<\/li>\n<li>v.v. t\u1ea5t c\u1ea3 c\u00e1c b\u1ed9 ph\u1eadn c\u1ea7n thi\u1ebft \u0111\u1ec3 n\u00e2ng c\u1ea5p m\u00e1y in phun c\u0169 c\u1ee7a b\u1ea1n.<\/li>\n<\/ul>","protected":false},"excerpt":{"rendered":"<p>\u0110\u1ec3 bi\u1ebft th\u00f4ng tin chi ti\u1ebft v\u1ec1 s\u1ea3n ph\u1ea9m v\u00e0 gi\u00e1 m\u1edbi nh\u1ea5t, vui l\u00f2ng li\u00ean h\u1ec7 v\u1edbi b\u1ed9 ph\u1eadn qu\u1ea3n l\u00fd b\u00e1n h\u00e0ng c\u1ee7a ch\u00fang t\u00f4i<\/p>","protected":false},"featured_media":30035,"comment_status":"open","ping_status":"closed","template":"","meta":[],"product_brand":[],"product_cat":[87],"product_tag":[],"class_list":{"0":"post-29423","1":"product","2":"type-product","3":"status-publish","4":"has-post-thumbnail","6":"product_cat-mimaki-upgrading-kit","8":"first","9":"instock","10":"shipping-taxable","11":"purchasable","12":"product-type-simple"},"yoast_head":"<!-- This site is optimized with the Yoast SEO plugin v26.9 - https:\/\/yoast.com\/product\/yoast-seo-wordpress\/ -->\n<title>Kit i3200 for Upgrade Mimaki JV33 with 2 I3200 printheads - Amo<\/title>\n<meta name=\"robots\" content=\"index, follow, max-snippet:-1, max-image-preview:large, max-video-preview:-1\" \/>\n<link rel=\"canonical\" href=\"https:\/\/superprintpro.com\/vi\/san-pham\/kit-i3200-for-upgrade-mimaki-jv33-with-2-i3200-printheads\/\" \/>\n<meta property=\"og:locale\" content=\"vi_VN\" \/>\n<meta property=\"og:type\" content=\"article\" \/>\n<meta property=\"og:title\" content=\"Kit i3200 for Upgrade Mimaki JV33 with 2 I3200 printheads - Amo\" \/>\n<meta property=\"og:description\" content=\"For product details and the latest prices please contact our sales manage\" \/>\n<meta property=\"og:url\" content=\"https:\/\/superprintpro.com\/vi\/san-pham\/kit-i3200-for-upgrade-mimaki-jv33-with-2-i3200-printheads\/\" \/>\n<meta property=\"og:site_name\" content=\"Amo\" \/>\n<meta property=\"article:modified_time\" content=\"2025-08-16T08:59:00+00:00\" \/>\n<meta property=\"og:image\" content=\"https:\/\/superprintpro.com\/wp-content\/uploads\/2025\/08\/kit-i3200-for-upgrade-mimaki-jv33-with-2-i3200-printheads.jpg\" \/>\n\t<meta property=\"og:image:width\" content=\"800\" \/>\n\t<meta property=\"og:image:height\" content=\"800\" \/>\n\t<meta property=\"og:image:type\" content=\"image\/jpeg\" \/>\n<meta name=\"twitter:card\" content=\"summary_large_image\" \/>\n<script type=\"application\/ld+json\" class=\"yoast-schema-graph\">{\"@context\":\"https:\/\/schema.org\",\"@graph\":[{\"@type\":\"WebPage\",\"@id\":\"https:\/\/superprintpro.com\/product\/kit-i3200-for-upgrade-mimaki-jv33-with-2-i3200-printheads\/\",\"url\":\"https:\/\/superprintpro.com\/product\/kit-i3200-for-upgrade-mimaki-jv33-with-2-i3200-printheads\/\",\"name\":\"Kit i3200 for Upgrade Mimaki JV33 with 2 I3200 printheads - Amo\",\"isPartOf\":{\"@id\":\"https:\/\/superprintpro.com\/#website\"},\"primaryImageOfPage\":{\"@id\":\"https:\/\/superprintpro.com\/product\/kit-i3200-for-upgrade-mimaki-jv33-with-2-i3200-printheads\/#primaryimage\"},\"image\":{\"@id\":\"https:\/\/superprintpro.com\/product\/kit-i3200-for-upgrade-mimaki-jv33-with-2-i3200-printheads\/#primaryimage\"},\"thumbnailUrl\":\"https:\/\/superprintpro.com\/wp-content\/uploads\/2025\/08\/kit-i3200-for-upgrade-mimaki-jv33-with-2-i3200-printheads.jpg\",\"datePublished\":\"2025-08-09T09:46:06+00:00\",\"dateModified\":\"2025-08-16T08:59:00+00:00\",\"breadcrumb\":{\"@id\":\"https:\/\/superprintpro.com\/product\/kit-i3200-for-upgrade-mimaki-jv33-with-2-i3200-printheads\/#breadcrumb\"},\"inLanguage\":\"vi\",\"potentialAction\":[{\"@type\":\"ReadAction\",\"target\":[\"https:\/\/superprintpro.com\/product\/kit-i3200-for-upgrade-mimaki-jv33-with-2-i3200-printheads\/\"]}]},{\"@type\":\"ImageObject\",\"inLanguage\":\"vi\",\"@id\":\"https:\/\/superprintpro.com\/product\/kit-i3200-for-upgrade-mimaki-jv33-with-2-i3200-printheads\/#primaryimage\",\"url\":\"https:\/\/superprintpro.com\/wp-content\/uploads\/2025\/08\/kit-i3200-for-upgrade-mimaki-jv33-with-2-i3200-printheads.jpg\",\"contentUrl\":\"https:\/\/superprintpro.com\/wp-content\/uploads\/2025\/08\/kit-i3200-for-upgrade-mimaki-jv33-with-2-i3200-printheads.jpg\",\"width\":800,\"height\":800,\"caption\":\"Kit i3200 for Upgrade Mimaki JV33 with 2 I3200 printheads\"},{\"@type\":\"BreadcrumbList\",\"@id\":\"https:\/\/superprintpro.com\/product\/kit-i3200-for-upgrade-mimaki-jv33-with-2-i3200-printheads\/#breadcrumb\",\"itemListElement\":[{\"@type\":\"ListItem\",\"position\":1,\"name\":\"\u9996\u9875\",\"item\":\"https:\/\/superprintpro.com\/\"},{\"@type\":\"ListItem\",\"position\":2,\"name\":\"Shop\",\"item\":\"https:\/\/superprintpro.com\/shop\/\"},{\"@type\":\"ListItem\",\"position\":3,\"name\":\"Kit i3200 for Upgrade Mimaki JV33 with 2 I3200 printheads\"}]},{\"@type\":\"WebSite\",\"@id\":\"https:\/\/superprintpro.com\/#website\",\"url\":\"https:\/\/superprintpro.com\/\",\"name\":\"Amo\",\"description\":\"\",\"potentialAction\":[{\"@type\":\"SearchAction\",\"target\":{\"@type\":\"EntryPoint\",\"urlTemplate\":\"https:\/\/superprintpro.com\/?s={search_term_string}\"},\"query-input\":{\"@type\":\"PropertyValueSpecification\",\"valueRequired\":true,\"valueName\":\"search_term_string\"}}],\"inLanguage\":\"vi\"}]}<\/script>\n<!-- \/ Yoast SEO plugin. -->","yoast_head_json":{"title":"Kit i3200 for Upgrade Mimaki JV33 with 2 I3200 printheads - Amo","robots":{"index":"index","follow":"follow","max-snippet":"max-snippet:-1","max-image-preview":"max-image-preview:large","max-video-preview":"max-video-preview:-1"},"canonical":"https:\/\/superprintpro.com\/vi\/san-pham\/kit-i3200-for-upgrade-mimaki-jv33-with-2-i3200-printheads\/","og_locale":"vi_VN","og_type":"article","og_title":"Kit i3200 for Upgrade Mimaki JV33 with 2 I3200 printheads - Amo","og_description":"For product details and the latest prices please contact our sales manage","og_url":"https:\/\/superprintpro.com\/vi\/san-pham\/kit-i3200-for-upgrade-mimaki-jv33-with-2-i3200-printheads\/","og_site_name":"Amo","article_modified_time":"2025-08-16T08:59:00+00:00","og_image":[{"width":800,"height":800,"url":"https:\/\/superprintpro.com\/wp-content\/uploads\/2025\/08\/kit-i3200-for-upgrade-mimaki-jv33-with-2-i3200-printheads.jpg","type":"image\/jpeg"}],"twitter_card":"summary_large_image","schema":{"@context":"https:\/\/schema.org","@graph":[{"@type":"WebPage","@id":"https:\/\/superprintpro.com\/product\/kit-i3200-for-upgrade-mimaki-jv33-with-2-i3200-printheads\/","url":"https:\/\/superprintpro.com\/product\/kit-i3200-for-upgrade-mimaki-jv33-with-2-i3200-printheads\/","name":"Kit i3200 for Upgrade Mimaki JV33 with 2 I3200 printheads - Amo","isPartOf":{"@id":"https:\/\/superprintpro.com\/#website"},"primaryImageOfPage":{"@id":"https:\/\/superprintpro.com\/product\/kit-i3200-for-upgrade-mimaki-jv33-with-2-i3200-printheads\/#primaryimage"},"image":{"@id":"https:\/\/superprintpro.com\/product\/kit-i3200-for-upgrade-mimaki-jv33-with-2-i3200-printheads\/#primaryimage"},"thumbnailUrl":"https:\/\/superprintpro.com\/wp-content\/uploads\/2025\/08\/kit-i3200-for-upgrade-mimaki-jv33-with-2-i3200-printheads.jpg","datePublished":"2025-08-09T09:46:06+00:00","dateModified":"2025-08-16T08:59:00+00:00","breadcrumb":{"@id":"https:\/\/superprintpro.com\/product\/kit-i3200-for-upgrade-mimaki-jv33-with-2-i3200-printheads\/#breadcrumb"},"inLanguage":"vi","potentialAction":[{"@type":"ReadAction","target":["https:\/\/superprintpro.com\/product\/kit-i3200-for-upgrade-mimaki-jv33-with-2-i3200-printheads\/"]}]},{"@type":"ImageObject","inLanguage":"vi","@id":"https:\/\/superprintpro.com\/product\/kit-i3200-for-upgrade-mimaki-jv33-with-2-i3200-printheads\/#primaryimage","url":"https:\/\/superprintpro.com\/wp-content\/uploads\/2025\/08\/kit-i3200-for-upgrade-mimaki-jv33-with-2-i3200-printheads.jpg","contentUrl":"https:\/\/superprintpro.com\/wp-content\/uploads\/2025\/08\/kit-i3200-for-upgrade-mimaki-jv33-with-2-i3200-printheads.jpg","width":800,"height":800,"caption":"Kit i3200 for Upgrade Mimaki JV33 with 2 I3200 printheads"},{"@type":"BreadcrumbList","@id":"https:\/\/superprintpro.com\/product\/kit-i3200-for-upgrade-mimaki-jv33-with-2-i3200-printheads\/#breadcrumb","itemListElement":[{"@type":"ListItem","position":1,"name":"\u9996\u9875","item":"https:\/\/superprintpro.com\/"},{"@type":"ListItem","position":2,"name":"Shop","item":"https:\/\/superprintpro.com\/shop\/"},{"@type":"ListItem","position":3,"name":"Kit i3200 for Upgrade Mimaki JV33 with 2 I3200 printheads"}]},{"@type":"WebSite","@id":"https:\/\/superprintpro.com\/#website","url":"https:\/\/superprintpro.com\/","name":"Amo","description":"","potentialAction":[{"@type":"SearchAction","target":{"@type":"EntryPoint","urlTemplate":"https:\/\/superprintpro.com\/?s={search_term_string}"},"query-input":{"@type":"PropertyValueSpecification","valueRequired":true,"valueName":"search_term_string"}}],"inLanguage":"vi"}]}},"_links":{"self":[{"href":"https:\/\/superprintpro.com\/vi\/wp-json\/wp\/v2\/product\/29423","targetHints":{"allow":["GET"]}}],"collection":[{"href":"https:\/\/superprintpro.com\/vi\/wp-json\/wp\/v2\/product"}],"about":[{"href":"https:\/\/superprintpro.com\/vi\/wp-json\/wp\/v2\/types\/product"}],"replies":[{"embeddable":true,"href":"https:\/\/superprintpro.com\/vi\/wp-json\/wp\/v2\/comments?post=29423"}],"version-history":[{"count":2,"href":"https:\/\/superprintpro.com\/vi\/wp-json\/wp\/v2\/product\/29423\/revisions"}],"predecessor-version":[{"id":29426,"href":"https:\/\/superprintpro.com\/vi\/wp-json\/wp\/v2\/product\/29423\/revisions\/29426"}],"wp:featuredmedia":[{"embeddable":true,"href":"https:\/\/superprintpro.com\/vi\/wp-json\/wp\/v2\/media\/30035"}],"wp:attachment":[{"href":"https:\/\/superprintpro.com\/vi\/wp-json\/wp\/v2\/media?parent=29423"}],"wp:term":[{"taxonomy":"product_brand","embeddable":true,"href":"https:\/\/superprintpro.com\/vi\/wp-json\/wp\/v2\/product_brand?post=29423"},{"taxonomy":"product_cat","embeddable":true,"href":"https:\/\/superprintpro.com\/vi\/wp-json\/wp\/v2\/product_cat?post=29423"},{"taxonomy":"product_tag","embeddable":true,"href":"https:\/\/superprintpro.com\/vi\/wp-json\/wp\/v2\/product_tag?post=29423"}],"curies":[{"name":"wp","href":"https:\/\/api.w.org\/{rel}","templated":true}]}}