{"id":29392,"date":"2025-08-09T08:16:59","date_gmt":"2025-08-09T08:16:59","guid":{"rendered":"https:\/\/superprintpro.com\/?post_type=product&#038;p=29392"},"modified":"2025-08-16T15:40:52","modified_gmt":"2025-08-16T07:40:52","slug":"hoson-r800-boards-kit-with-cable-work-for-2-piece-r800-flatbed-version","status":"publish","type":"product","link":"https:\/\/superprintpro.com\/vi\/san-pham\/hoson-r800-boards-kit-with-cable-work-for-2-piece-r800-flatbed-version\/","title":{"rendered":"B\u1ed9 bo m\u1ea1ch Hoson R800 k\u00e8m c\u00e1p cho phi\u00ean b\u1ea3n ph\u1eb3ng R800 2 m\u1ea3nh"},"content":{"rendered":"<ul>\n<li><b><strong>T\u00ean b\u1ed9 bo m\u1ea1ch m\u00e1y in phun:<\/strong><\/b>B\u1ed9 bo m\u1ea1ch Hoson R800 k\u00e8m c\u00e1p cho phi\u00ean b\u1ea3n ph\u1eb3ng R800 2 m\u1ea3nh<\/li>\n<li><b><strong>Ph\u1ea7n m\u1ec1m :<\/strong><\/b>Hoson PrintExp<\/li>\n<li><b><strong>\u1ee8ng d\u1ee5ng:<\/strong><\/b>\u0110\u1ec3 n\u00e2ng c\u1ea5p m\u00e1y in phun v\u1edbi 2 \u0111\u1ea7u in R800<\/li>\n<li><b><strong>D\u00f2ng m\u00e1y in phun \u0111\u01b0\u1ee3c h\u1ed7 tr\u1ee3: <\/strong><\/b>D\u00e0nh cho t\u1ea5t c\u1ea3 M\u00e1y in phun ph\u1eb3ng (th\u01b0\u1eddng l\u00e0 M\u00e1y in ph\u1eb3ng UV c\u00f3 \u0111\u1ea7u in seiko\/konica\/ricoh\/dx5 \/spectra \/starfire)<\/li>\n<li><b><strong>M\u1ef1c \u0111\u01b0\u1ee3c h\u1ed7 tr\u1ee3:<\/strong><\/b>Eco-Solvent, g\u1ed1c n\u01b0\u1edbc (th\u0103ng hoa), UV<\/li>\n<li><b><strong>M\u00e0u m\u1ef1c \u0111\u01b0\u1ee3c h\u1ed7 tr\u1ee3<\/strong><\/b><b><strong>\uff1a<\/strong><\/b>CMYK WV<\/li>\n<li><b><strong>B\u00ecnh lu\u1eadn:<\/strong><\/b>\u0110\u00e2y l\u00e0 b\u1ed9 bo m\u1ea1ch ch\u1ee7 k\u00e8m c\u00e1p th\u01b0\u1eddng d\u00f9ng \u0111\u1ec3 n\u00e2ng c\u1ea5p m\u00e1y in phun c\u0169 c\u1ee7a Trung Qu\u1ed1c b\u1eb1ng h\u1ec7 th\u1ed1ng m\u1edbi v\u00e0 \u0111\u1ea7u in m\u1edbi. B\u1ed9 n\u00e0y th\u01b0\u1eddng d\u00f9ng \u0111\u1ec3 n\u00e2ng c\u1ea5p m\u00e1y in ph\u1eb3ng UV c\u0169 c\u1ee7a Trung Qu\u1ed1c, b\u1ea5t k\u1ec3 \u0111\u1ea7u in ban \u0111\u1ea7u l\u00e0 g\u00ec, th\u00e0nh m\u00e1y in ph\u1eb3ng UV m\u1edbi v\u1edbi \u0111\u1ea7u in 2R800. N\u00f3 c\u0169ng c\u00f3 th\u1ec3 n\u00e2ng c\u1ea5p b\u1ea5t k\u1ef3 m\u00e1y in ph\u1eb3ng n\u00e0o th\u00e0nh m\u00e1y in ph\u1eb3ng dung m\u00f4i sinh th\u00e1i th\u00f4ng th\u01b0\u1eddng (kh\u00f4ng c\u00f3 ki\u1ec3u UV).<\/li>\n<\/ul>","protected":false},"excerpt":{"rendered":"<p>\u0110\u1ec3 bi\u1ebft th\u00f4ng tin chi ti\u1ebft v\u1ec1 s\u1ea3n ph\u1ea9m v\u00e0 gi\u00e1 m\u1edbi nh\u1ea5t, vui l\u00f2ng li\u00ean h\u1ec7 v\u1edbi b\u1ed9 ph\u1eadn qu\u1ea3n l\u00fd b\u00e1n h\u00e0ng c\u1ee7a ch\u00fang t\u00f4i<\/p>","protected":false},"featured_media":30027,"comment_status":"open","ping_status":"closed","template":"","meta":[],"product_brand":[],"product_cat":[86],"product_tag":[],"class_list":{"0":"post-29392","1":"product","2":"type-product","3":"status-publish","4":"has-post-thumbnail","6":"product_cat-inkjet-printer-boards-kit","8":"first","9":"instock","10":"shipping-taxable","11":"purchasable","12":"product-type-simple"},"yoast_head":"<!-- This site is optimized with the Yoast SEO plugin v27.4 - https:\/\/yoast.com\/product\/yoast-seo-wordpress\/ -->\n<title>Hoson R800 boards kit with cable work for 2 piece R800 Flatbed Version - Amo<\/title>\n<meta name=\"robots\" content=\"index, follow, max-snippet:-1, max-image-preview:large, max-video-preview:-1\" \/>\n<link rel=\"canonical\" href=\"https:\/\/superprintpro.com\/vi\/san-pham\/hoson-r800-boards-kit-with-cable-work-for-2-piece-r800-flatbed-version\/\" \/>\n<meta property=\"og:locale\" content=\"vi_VN\" \/>\n<meta property=\"og:type\" content=\"article\" \/>\n<meta property=\"og:title\" content=\"Hoson R800 boards kit with cable work for 2 piece R800 Flatbed Version - Amo\" \/>\n<meta property=\"og:description\" content=\"For product details and the latest prices please contact our sales manage\" \/>\n<meta property=\"og:url\" content=\"https:\/\/superprintpro.com\/vi\/san-pham\/hoson-r800-boards-kit-with-cable-work-for-2-piece-r800-flatbed-version\/\" \/>\n<meta property=\"og:site_name\" content=\"Amo\" \/>\n<meta property=\"article:modified_time\" content=\"2025-08-16T07:40:52+00:00\" \/>\n<meta property=\"og:image\" content=\"https:\/\/superprintpro.com\/wp-content\/uploads\/2025\/08\/hoson-r800-boards-kit-with-cable-work-for-2-piece-r800-flatbed-version.jpg\" \/>\n\t<meta property=\"og:image:width\" content=\"800\" \/>\n\t<meta property=\"og:image:height\" content=\"800\" \/>\n\t<meta property=\"og:image:type\" content=\"image\/jpeg\" \/>\n<meta name=\"twitter:card\" content=\"summary_large_image\" \/>\n<meta name=\"twitter:label1\" content=\"\u01af\u1edbc t\u00ednh th\u1eddi gian \u0111\u1ecdc\" \/>\n\t<meta name=\"twitter:data1\" content=\"1 ph\u00fat\" \/>\n<script type=\"application\/ld+json\" class=\"yoast-schema-graph\">{\"@context\":\"https:\\\/\\\/schema.org\",\"@graph\":[{\"@type\":\"WebPage\",\"@id\":\"https:\\\/\\\/superprintpro.com\\\/product\\\/hoson-r800-boards-kit-with-cable-work-for-2-piece-r800-flatbed-version\\\/\",\"url\":\"https:\\\/\\\/superprintpro.com\\\/product\\\/hoson-r800-boards-kit-with-cable-work-for-2-piece-r800-flatbed-version\\\/\",\"name\":\"Hoson R800 boards kit with cable work for 2 piece R800 Flatbed Version - Amo\",\"isPartOf\":{\"@id\":\"https:\\\/\\\/superprintpro.com\\\/#website\"},\"primaryImageOfPage\":{\"@id\":\"https:\\\/\\\/superprintpro.com\\\/product\\\/hoson-r800-boards-kit-with-cable-work-for-2-piece-r800-flatbed-version\\\/#primaryimage\"},\"image\":{\"@id\":\"https:\\\/\\\/superprintpro.com\\\/product\\\/hoson-r800-boards-kit-with-cable-work-for-2-piece-r800-flatbed-version\\\/#primaryimage\"},\"thumbnailUrl\":\"https:\\\/\\\/superprintpro.com\\\/wp-content\\\/uploads\\\/2025\\\/08\\\/hoson-r800-boards-kit-with-cable-work-for-2-piece-r800-flatbed-version.jpg\",\"datePublished\":\"2025-08-09T08:16:59+00:00\",\"dateModified\":\"2025-08-16T07:40:52+00:00\",\"breadcrumb\":{\"@id\":\"https:\\\/\\\/superprintpro.com\\\/product\\\/hoson-r800-boards-kit-with-cable-work-for-2-piece-r800-flatbed-version\\\/#breadcrumb\"},\"inLanguage\":\"vi\",\"potentialAction\":[{\"@type\":\"ReadAction\",\"target\":[\"https:\\\/\\\/superprintpro.com\\\/product\\\/hoson-r800-boards-kit-with-cable-work-for-2-piece-r800-flatbed-version\\\/\"]}]},{\"@type\":\"ImageObject\",\"inLanguage\":\"vi\",\"@id\":\"https:\\\/\\\/superprintpro.com\\\/product\\\/hoson-r800-boards-kit-with-cable-work-for-2-piece-r800-flatbed-version\\\/#primaryimage\",\"url\":\"https:\\\/\\\/superprintpro.com\\\/wp-content\\\/uploads\\\/2025\\\/08\\\/hoson-r800-boards-kit-with-cable-work-for-2-piece-r800-flatbed-version.jpg\",\"contentUrl\":\"https:\\\/\\\/superprintpro.com\\\/wp-content\\\/uploads\\\/2025\\\/08\\\/hoson-r800-boards-kit-with-cable-work-for-2-piece-r800-flatbed-version.jpg\",\"width\":800,\"height\":800,\"caption\":\"Hoson R800 boards kit with cable work for 2 piece R800 Flatbed Version\"},{\"@type\":\"BreadcrumbList\",\"@id\":\"https:\\\/\\\/superprintpro.com\\\/product\\\/hoson-r800-boards-kit-with-cable-work-for-2-piece-r800-flatbed-version\\\/#breadcrumb\",\"itemListElement\":[{\"@type\":\"ListItem\",\"position\":1,\"name\":\"\u9996\u9875\",\"item\":\"https:\\\/\\\/superprintpro.com\\\/\"},{\"@type\":\"ListItem\",\"position\":2,\"name\":\"Shop\",\"item\":\"https:\\\/\\\/superprintpro.com\\\/shop\\\/\"},{\"@type\":\"ListItem\",\"position\":3,\"name\":\"Hoson R800 boards kit with cable work for 2 piece R800 Flatbed Version\"}]},{\"@type\":\"WebSite\",\"@id\":\"https:\\\/\\\/superprintpro.com\\\/#website\",\"url\":\"https:\\\/\\\/superprintpro.com\\\/\",\"name\":\"Amo\",\"description\":\"\",\"potentialAction\":[{\"@type\":\"SearchAction\",\"target\":{\"@type\":\"EntryPoint\",\"urlTemplate\":\"https:\\\/\\\/superprintpro.com\\\/?s={search_term_string}\"},\"query-input\":{\"@type\":\"PropertyValueSpecification\",\"valueRequired\":true,\"valueName\":\"search_term_string\"}}],\"inLanguage\":\"vi\"}]}<\/script>\n<!-- \/ Yoast SEO plugin. -->","yoast_head_json":{"title":"Hoson R800 boards kit with cable work for 2 piece R800 Flatbed Version - Amo","robots":{"index":"index","follow":"follow","max-snippet":"max-snippet:-1","max-image-preview":"max-image-preview:large","max-video-preview":"max-video-preview:-1"},"canonical":"https:\/\/superprintpro.com\/vi\/san-pham\/hoson-r800-boards-kit-with-cable-work-for-2-piece-r800-flatbed-version\/","og_locale":"vi_VN","og_type":"article","og_title":"Hoson R800 boards kit with cable work for 2 piece R800 Flatbed Version - Amo","og_description":"For product details and the latest prices please contact our sales manage","og_url":"https:\/\/superprintpro.com\/vi\/san-pham\/hoson-r800-boards-kit-with-cable-work-for-2-piece-r800-flatbed-version\/","og_site_name":"Amo","article_modified_time":"2025-08-16T07:40:52+00:00","og_image":[{"width":800,"height":800,"url":"https:\/\/superprintpro.com\/wp-content\/uploads\/2025\/08\/hoson-r800-boards-kit-with-cable-work-for-2-piece-r800-flatbed-version.jpg","type":"image\/jpeg"}],"twitter_card":"summary_large_image","twitter_misc":{"\u01af\u1edbc t\u00ednh th\u1eddi gian \u0111\u1ecdc":"1 ph\u00fat"},"schema":{"@context":"https:\/\/schema.org","@graph":[{"@type":"WebPage","@id":"https:\/\/superprintpro.com\/product\/hoson-r800-boards-kit-with-cable-work-for-2-piece-r800-flatbed-version\/","url":"https:\/\/superprintpro.com\/product\/hoson-r800-boards-kit-with-cable-work-for-2-piece-r800-flatbed-version\/","name":"Hoson R800 boards kit with cable work for 2 piece R800 Flatbed Version - Amo","isPartOf":{"@id":"https:\/\/superprintpro.com\/#website"},"primaryImageOfPage":{"@id":"https:\/\/superprintpro.com\/product\/hoson-r800-boards-kit-with-cable-work-for-2-piece-r800-flatbed-version\/#primaryimage"},"image":{"@id":"https:\/\/superprintpro.com\/product\/hoson-r800-boards-kit-with-cable-work-for-2-piece-r800-flatbed-version\/#primaryimage"},"thumbnailUrl":"https:\/\/superprintpro.com\/wp-content\/uploads\/2025\/08\/hoson-r800-boards-kit-with-cable-work-for-2-piece-r800-flatbed-version.jpg","datePublished":"2025-08-09T08:16:59+00:00","dateModified":"2025-08-16T07:40:52+00:00","breadcrumb":{"@id":"https:\/\/superprintpro.com\/product\/hoson-r800-boards-kit-with-cable-work-for-2-piece-r800-flatbed-version\/#breadcrumb"},"inLanguage":"vi","potentialAction":[{"@type":"ReadAction","target":["https:\/\/superprintpro.com\/product\/hoson-r800-boards-kit-with-cable-work-for-2-piece-r800-flatbed-version\/"]}]},{"@type":"ImageObject","inLanguage":"vi","@id":"https:\/\/superprintpro.com\/product\/hoson-r800-boards-kit-with-cable-work-for-2-piece-r800-flatbed-version\/#primaryimage","url":"https:\/\/superprintpro.com\/wp-content\/uploads\/2025\/08\/hoson-r800-boards-kit-with-cable-work-for-2-piece-r800-flatbed-version.jpg","contentUrl":"https:\/\/superprintpro.com\/wp-content\/uploads\/2025\/08\/hoson-r800-boards-kit-with-cable-work-for-2-piece-r800-flatbed-version.jpg","width":800,"height":800,"caption":"Hoson R800 boards kit with cable work for 2 piece R800 Flatbed Version"},{"@type":"BreadcrumbList","@id":"https:\/\/superprintpro.com\/product\/hoson-r800-boards-kit-with-cable-work-for-2-piece-r800-flatbed-version\/#breadcrumb","itemListElement":[{"@type":"ListItem","position":1,"name":"\u9996\u9875","item":"https:\/\/superprintpro.com\/"},{"@type":"ListItem","position":2,"name":"Shop","item":"https:\/\/superprintpro.com\/shop\/"},{"@type":"ListItem","position":3,"name":"Hoson R800 boards kit with cable work for 2 piece R800 Flatbed Version"}]},{"@type":"WebSite","@id":"https:\/\/superprintpro.com\/#website","url":"https:\/\/superprintpro.com\/","name":"Amo","description":"","potentialAction":[{"@type":"SearchAction","target":{"@type":"EntryPoint","urlTemplate":"https:\/\/superprintpro.com\/?s={search_term_string}"},"query-input":{"@type":"PropertyValueSpecification","valueRequired":true,"valueName":"search_term_string"}}],"inLanguage":"vi"}]}},"_links":{"self":[{"href":"https:\/\/superprintpro.com\/vi\/wp-json\/wp\/v2\/product\/29392","targetHints":{"allow":["GET"]}}],"collection":[{"href":"https:\/\/superprintpro.com\/vi\/wp-json\/wp\/v2\/product"}],"about":[{"href":"https:\/\/superprintpro.com\/vi\/wp-json\/wp\/v2\/types\/product"}],"replies":[{"embeddable":true,"href":"https:\/\/superprintpro.com\/vi\/wp-json\/wp\/v2\/comments?post=29392"}],"version-history":[{"count":1,"href":"https:\/\/superprintpro.com\/vi\/wp-json\/wp\/v2\/product\/29392\/revisions"}],"predecessor-version":[{"id":29394,"href":"https:\/\/superprintpro.com\/vi\/wp-json\/wp\/v2\/product\/29392\/revisions\/29394"}],"wp:featuredmedia":[{"embeddable":true,"href":"https:\/\/superprintpro.com\/vi\/wp-json\/wp\/v2\/media\/30027"}],"wp:attachment":[{"href":"https:\/\/superprintpro.com\/vi\/wp-json\/wp\/v2\/media?parent=29392"}],"wp:term":[{"taxonomy":"product_brand","embeddable":true,"href":"https:\/\/superprintpro.com\/vi\/wp-json\/wp\/v2\/product_brand?post=29392"},{"taxonomy":"product_cat","embeddable":true,"href":"https:\/\/superprintpro.com\/vi\/wp-json\/wp\/v2\/product_cat?post=29392"},{"taxonomy":"product_tag","embeddable":true,"href":"https:\/\/superprintpro.com\/vi\/wp-json\/wp\/v2\/product_tag?post=29392"}],"curies":[{"name":"wp","href":"https:\/\/api.w.org\/{rel}","templated":true}]}}