{"id":29385,"date":"2025-08-09T08:08:00","date_gmt":"2025-08-09T08:08:00","guid":{"rendered":"https:\/\/superprintpro.com\/?post_type=product&#038;p=29385"},"modified":"2025-08-16T15:55:21","modified_gmt":"2025-08-16T07:55:21","slug":"hoson-i3200-boards-kit-with-cable-work-for-2-pieces-i3200","status":"publish","type":"product","link":"https:\/\/superprintpro.com\/vi\/san-pham\/hoson-i3200-boards-kit-with-cable-work-for-2-pieces-i3200\/","title":{"rendered":"B\u1ed9 bo m\u1ea1ch Hoson i3200 k\u00e8m d\u00e2y c\u00e1p cho 2 chi\u1ebfc i3200"},"content":{"rendered":"<p>T\u00ean b\u1ed9 bo m\u1ea1ch m\u00e1y in phun:<br \/>\nB\u1ed9 bo m\u1ea1ch Hoson i3200 k\u00e8m d\u00e2y c\u00e1p cho 2 chi\u1ebfc i3200<br \/>\nPh\u1ea7n m\u1ec1m :<br \/>\nHoson PrintExp<br \/>\n\u1ee8ng d\u1ee5ng:<br \/>\n\u0110\u1ec3 n\u00e2ng c\u1ea5p m\u00e1y in phun v\u1edbi 2 \u0111\u1ea7u in i3200<br \/>\nD\u00f2ng m\u00e1y in phun \u0111\u01b0\u1ee3c h\u1ed7 tr\u1ee3:<br \/>\nD\u00e0nh cho t\u1ea5t c\u1ea3 M\u00e1y in phun cu\u1ed9n<br \/>\nM\u1ef1c \u0111\u01b0\u1ee3c h\u1ed7 tr\u1ee3:<br \/>\nEco-Solvent, g\u1ed1c n\u01b0\u1edbc (th\u0103ng hoa), UV<br \/>\nM\u00e0u m\u1ef1c \u0111\u01b0\u1ee3c h\u1ed7 tr\u1ee3:<br \/>\nCMYK W<br \/>\nB\u00ecnh lu\u1eadn:<br \/>\n\u0110\u00e2y l\u00e0 b\u1ed9 bo m\u1ea1ch ch\u1ee7 k\u00e8m c\u00e1p th\u01b0\u1eddng d\u00f9ng \u0111\u1ec3 n\u00e2ng c\u1ea5p m\u00e1y in phun Trung Qu\u1ed1c c\u0169 b\u1eb1ng h\u1ec7 th\u1ed1ng m\u1edbi v\u00e0 \u0111\u1ea7u in m\u1edbi. V\u00ed d\u1ee5, b\u1ed9 d\u1ee5ng c\u1ee5 n\u00e0y c\u00f3 th\u1ec3 n\u00e2ng c\u1ea5p m\u00e1y in phun dung m\u00f4i sinh th\u00e1i Witcolor, Micolor, Gongzheng, Allwin, Galaxy (Sid Triton) ban \u0111\u1ea7u s\u1eed d\u1ee5ng \u0111\u1ea7u in DX5 th\u00e0nh m\u00e1y in m\u1edbi v\u1edbi 2 \u0111\u1ea7u in i3200, ho\u1eb7c b\u1ed9 d\u1ee5ng c\u1ee5 n\u00e0y c\u00f3 th\u1ec3 n\u00e2ng c\u1ea5p m\u00e1y in phun dung m\u00f4i nh\u01b0 Infiniti v\u1edbi Seiko SPT510 l\u00ean h\u1ec7 th\u1ed1ng m\u1edbi v\u1edbi 2 \u0111\u1ea7u in i3200. D\u00f9 l\u00e0 m\u00e1y in dung m\u00f4i sinh th\u00e1i hay dung m\u00f4i, b\u1ed9 d\u1ee5ng c\u1ee5 n\u00e0y \u0111\u1ec1u c\u00f3 th\u1ec3 ho\u1ea1t \u0111\u1ed9ng mi\u1ec5n l\u00e0 m\u00e1y in \u0111\u00f3 s\u1eed d\u1ee5ng h\u1ec7 th\u1ed1ng cu\u1ed9n-cu\u1ed9n trong vi\u1ec7c x\u1eed l\u00fd v\u1eadt li\u1ec7u.<\/p>","protected":false},"excerpt":{"rendered":"<p>\u0110\u1ec3 bi\u1ebft th\u00f4ng tin chi ti\u1ebft v\u1ec1 s\u1ea3n ph\u1ea9m v\u00e0 b\u00e1o gi\u00e1 m\u1edbi nh\u1ea5t, vui l\u00f2ng li\u00ean h\u1ec7 v\u1edbi gi\u00e1m \u0111\u1ed1c b\u00e1n h\u00e0ng c\u1ee7a ch\u00fang t\u00f4i<\/p>","protected":false},"featured_media":30030,"comment_status":"open","ping_status":"closed","template":"","meta":[],"product_brand":[],"product_cat":[86],"product_tag":[],"class_list":{"0":"post-29385","1":"product","2":"type-product","3":"status-publish","4":"has-post-thumbnail","6":"product_cat-inkjet-printer-boards-kit","8":"first","9":"instock","10":"shipping-taxable","11":"purchasable","12":"product-type-simple"},"yoast_head":"<!-- This site is optimized with the Yoast SEO plugin v26.9 - https:\/\/yoast.com\/product\/yoast-seo-wordpress\/ -->\n<title>Hoson i3200 boards kit with cable work for 2 pieces i3200 - Amo<\/title>\n<meta name=\"robots\" content=\"index, follow, max-snippet:-1, max-image-preview:large, max-video-preview:-1\" \/>\n<link rel=\"canonical\" href=\"https:\/\/superprintpro.com\/vi\/san-pham\/hoson-i3200-boards-kit-with-cable-work-for-2-pieces-i3200\/\" \/>\n<meta property=\"og:locale\" content=\"vi_VN\" \/>\n<meta property=\"og:type\" content=\"article\" \/>\n<meta property=\"og:title\" content=\"Hoson i3200 boards kit with cable work for 2 pieces i3200 - Amo\" \/>\n<meta property=\"og:description\" content=\"For product details and the latest quotes, please contact our sales manager\" \/>\n<meta property=\"og:url\" content=\"https:\/\/superprintpro.com\/vi\/san-pham\/hoson-i3200-boards-kit-with-cable-work-for-2-pieces-i3200\/\" \/>\n<meta property=\"og:site_name\" content=\"Amo\" \/>\n<meta property=\"article:modified_time\" content=\"2025-08-16T07:55:21+00:00\" \/>\n<meta property=\"og:image\" content=\"https:\/\/superprintpro.com\/wp-content\/uploads\/2025\/08\/hoson-i3200-boards-kit-with-cable-work-for-2-pieces-i3200.jpg\" \/>\n\t<meta property=\"og:image:width\" content=\"800\" \/>\n\t<meta property=\"og:image:height\" content=\"800\" \/>\n\t<meta property=\"og:image:type\" content=\"image\/jpeg\" \/>\n<meta name=\"twitter:card\" content=\"summary_large_image\" \/>\n<meta name=\"twitter:label1\" content=\"\u01af\u1edbc t\u00ednh th\u1eddi gian \u0111\u1ecdc\" \/>\n\t<meta name=\"twitter:data1\" content=\"1 ph\u00fat\" \/>\n<script type=\"application\/ld+json\" class=\"yoast-schema-graph\">{\"@context\":\"https:\/\/schema.org\",\"@graph\":[{\"@type\":\"WebPage\",\"@id\":\"https:\/\/superprintpro.com\/product\/hoson-i3200-boards-kit-with-cable-work-for-2-pieces-i3200\/\",\"url\":\"https:\/\/superprintpro.com\/product\/hoson-i3200-boards-kit-with-cable-work-for-2-pieces-i3200\/\",\"name\":\"Hoson i3200 boards kit with cable work for 2 pieces i3200 - Amo\",\"isPartOf\":{\"@id\":\"https:\/\/superprintpro.com\/#website\"},\"primaryImageOfPage\":{\"@id\":\"https:\/\/superprintpro.com\/product\/hoson-i3200-boards-kit-with-cable-work-for-2-pieces-i3200\/#primaryimage\"},\"image\":{\"@id\":\"https:\/\/superprintpro.com\/product\/hoson-i3200-boards-kit-with-cable-work-for-2-pieces-i3200\/#primaryimage\"},\"thumbnailUrl\":\"https:\/\/superprintpro.com\/wp-content\/uploads\/2025\/08\/hoson-i3200-boards-kit-with-cable-work-for-2-pieces-i3200.jpg\",\"datePublished\":\"2025-08-09T08:08:00+00:00\",\"dateModified\":\"2025-08-16T07:55:21+00:00\",\"breadcrumb\":{\"@id\":\"https:\/\/superprintpro.com\/product\/hoson-i3200-boards-kit-with-cable-work-for-2-pieces-i3200\/#breadcrumb\"},\"inLanguage\":\"vi\",\"potentialAction\":[{\"@type\":\"ReadAction\",\"target\":[\"https:\/\/superprintpro.com\/product\/hoson-i3200-boards-kit-with-cable-work-for-2-pieces-i3200\/\"]}]},{\"@type\":\"ImageObject\",\"inLanguage\":\"vi\",\"@id\":\"https:\/\/superprintpro.com\/product\/hoson-i3200-boards-kit-with-cable-work-for-2-pieces-i3200\/#primaryimage\",\"url\":\"https:\/\/superprintpro.com\/wp-content\/uploads\/2025\/08\/hoson-i3200-boards-kit-with-cable-work-for-2-pieces-i3200.jpg\",\"contentUrl\":\"https:\/\/superprintpro.com\/wp-content\/uploads\/2025\/08\/hoson-i3200-boards-kit-with-cable-work-for-2-pieces-i3200.jpg\",\"width\":800,\"height\":800,\"caption\":\"Hoson i3200 boards kit with cable work for 2 pieces i3200\"},{\"@type\":\"BreadcrumbList\",\"@id\":\"https:\/\/superprintpro.com\/product\/hoson-i3200-boards-kit-with-cable-work-for-2-pieces-i3200\/#breadcrumb\",\"itemListElement\":[{\"@type\":\"ListItem\",\"position\":1,\"name\":\"\u9996\u9875\",\"item\":\"https:\/\/superprintpro.com\/\"},{\"@type\":\"ListItem\",\"position\":2,\"name\":\"Shop\",\"item\":\"https:\/\/superprintpro.com\/shop\/\"},{\"@type\":\"ListItem\",\"position\":3,\"name\":\"Hoson i3200 boards kit with cable work for 2 pieces i3200\"}]},{\"@type\":\"WebSite\",\"@id\":\"https:\/\/superprintpro.com\/#website\",\"url\":\"https:\/\/superprintpro.com\/\",\"name\":\"Amo\",\"description\":\"\",\"potentialAction\":[{\"@type\":\"SearchAction\",\"target\":{\"@type\":\"EntryPoint\",\"urlTemplate\":\"https:\/\/superprintpro.com\/?s={search_term_string}\"},\"query-input\":{\"@type\":\"PropertyValueSpecification\",\"valueRequired\":true,\"valueName\":\"search_term_string\"}}],\"inLanguage\":\"vi\"}]}<\/script>\n<!-- \/ Yoast SEO plugin. -->","yoast_head_json":{"title":"Hoson i3200 boards kit with cable work for 2 pieces i3200 - Amo","robots":{"index":"index","follow":"follow","max-snippet":"max-snippet:-1","max-image-preview":"max-image-preview:large","max-video-preview":"max-video-preview:-1"},"canonical":"https:\/\/superprintpro.com\/vi\/san-pham\/hoson-i3200-boards-kit-with-cable-work-for-2-pieces-i3200\/","og_locale":"vi_VN","og_type":"article","og_title":"Hoson i3200 boards kit with cable work for 2 pieces i3200 - Amo","og_description":"For product details and the latest quotes, please contact our sales manager","og_url":"https:\/\/superprintpro.com\/vi\/san-pham\/hoson-i3200-boards-kit-with-cable-work-for-2-pieces-i3200\/","og_site_name":"Amo","article_modified_time":"2025-08-16T07:55:21+00:00","og_image":[{"width":800,"height":800,"url":"https:\/\/superprintpro.com\/wp-content\/uploads\/2025\/08\/hoson-i3200-boards-kit-with-cable-work-for-2-pieces-i3200.jpg","type":"image\/jpeg"}],"twitter_card":"summary_large_image","twitter_misc":{"\u01af\u1edbc t\u00ednh th\u1eddi gian \u0111\u1ecdc":"1 ph\u00fat"},"schema":{"@context":"https:\/\/schema.org","@graph":[{"@type":"WebPage","@id":"https:\/\/superprintpro.com\/product\/hoson-i3200-boards-kit-with-cable-work-for-2-pieces-i3200\/","url":"https:\/\/superprintpro.com\/product\/hoson-i3200-boards-kit-with-cable-work-for-2-pieces-i3200\/","name":"Hoson i3200 boards kit with cable work for 2 pieces i3200 - Amo","isPartOf":{"@id":"https:\/\/superprintpro.com\/#website"},"primaryImageOfPage":{"@id":"https:\/\/superprintpro.com\/product\/hoson-i3200-boards-kit-with-cable-work-for-2-pieces-i3200\/#primaryimage"},"image":{"@id":"https:\/\/superprintpro.com\/product\/hoson-i3200-boards-kit-with-cable-work-for-2-pieces-i3200\/#primaryimage"},"thumbnailUrl":"https:\/\/superprintpro.com\/wp-content\/uploads\/2025\/08\/hoson-i3200-boards-kit-with-cable-work-for-2-pieces-i3200.jpg","datePublished":"2025-08-09T08:08:00+00:00","dateModified":"2025-08-16T07:55:21+00:00","breadcrumb":{"@id":"https:\/\/superprintpro.com\/product\/hoson-i3200-boards-kit-with-cable-work-for-2-pieces-i3200\/#breadcrumb"},"inLanguage":"vi","potentialAction":[{"@type":"ReadAction","target":["https:\/\/superprintpro.com\/product\/hoson-i3200-boards-kit-with-cable-work-for-2-pieces-i3200\/"]}]},{"@type":"ImageObject","inLanguage":"vi","@id":"https:\/\/superprintpro.com\/product\/hoson-i3200-boards-kit-with-cable-work-for-2-pieces-i3200\/#primaryimage","url":"https:\/\/superprintpro.com\/wp-content\/uploads\/2025\/08\/hoson-i3200-boards-kit-with-cable-work-for-2-pieces-i3200.jpg","contentUrl":"https:\/\/superprintpro.com\/wp-content\/uploads\/2025\/08\/hoson-i3200-boards-kit-with-cable-work-for-2-pieces-i3200.jpg","width":800,"height":800,"caption":"Hoson i3200 boards kit with cable work for 2 pieces i3200"},{"@type":"BreadcrumbList","@id":"https:\/\/superprintpro.com\/product\/hoson-i3200-boards-kit-with-cable-work-for-2-pieces-i3200\/#breadcrumb","itemListElement":[{"@type":"ListItem","position":1,"name":"\u9996\u9875","item":"https:\/\/superprintpro.com\/"},{"@type":"ListItem","position":2,"name":"Shop","item":"https:\/\/superprintpro.com\/shop\/"},{"@type":"ListItem","position":3,"name":"Hoson i3200 boards kit with cable work for 2 pieces i3200"}]},{"@type":"WebSite","@id":"https:\/\/superprintpro.com\/#website","url":"https:\/\/superprintpro.com\/","name":"Amo","description":"","potentialAction":[{"@type":"SearchAction","target":{"@type":"EntryPoint","urlTemplate":"https:\/\/superprintpro.com\/?s={search_term_string}"},"query-input":{"@type":"PropertyValueSpecification","valueRequired":true,"valueName":"search_term_string"}}],"inLanguage":"vi"}]}},"_links":{"self":[{"href":"https:\/\/superprintpro.com\/vi\/wp-json\/wp\/v2\/product\/29385","targetHints":{"allow":["GET"]}}],"collection":[{"href":"https:\/\/superprintpro.com\/vi\/wp-json\/wp\/v2\/product"}],"about":[{"href":"https:\/\/superprintpro.com\/vi\/wp-json\/wp\/v2\/types\/product"}],"replies":[{"embeddable":true,"href":"https:\/\/superprintpro.com\/vi\/wp-json\/wp\/v2\/comments?post=29385"}],"version-history":[{"count":3,"href":"https:\/\/superprintpro.com\/vi\/wp-json\/wp\/v2\/product\/29385\/revisions"}],"predecessor-version":[{"id":30031,"href":"https:\/\/superprintpro.com\/vi\/wp-json\/wp\/v2\/product\/29385\/revisions\/30031"}],"wp:featuredmedia":[{"embeddable":true,"href":"https:\/\/superprintpro.com\/vi\/wp-json\/wp\/v2\/media\/30030"}],"wp:attachment":[{"href":"https:\/\/superprintpro.com\/vi\/wp-json\/wp\/v2\/media?parent=29385"}],"wp:term":[{"taxonomy":"product_brand","embeddable":true,"href":"https:\/\/superprintpro.com\/vi\/wp-json\/wp\/v2\/product_brand?post=29385"},{"taxonomy":"product_cat","embeddable":true,"href":"https:\/\/superprintpro.com\/vi\/wp-json\/wp\/v2\/product_cat?post=29385"},{"taxonomy":"product_tag","embeddable":true,"href":"https:\/\/superprintpro.com\/vi\/wp-json\/wp\/v2\/product_tag?post=29385"}],"curies":[{"name":"wp","href":"https:\/\/api.w.org\/{rel}","templated":true}]}}