{"id":29339,"date":"2025-08-09T05:39:26","date_gmt":"2025-08-09T05:39:26","guid":{"rendered":"https:\/\/superprintpro.com\/?post_type=product&#038;p=29339"},"modified":"2025-08-16T15:05:18","modified_gmt":"2025-08-16T07:05:18","slug":"kit-i1600-for-upgrading-chinese-inkjet-printer-with-2-pieces-i1600-printheads-roll-to-roll-style","status":"publish","type":"product","link":"https:\/\/superprintpro.com\/vi\/san-pham\/kit-i1600-for-upgrading-chinese-inkjet-printer-with-2-pieces-i1600-printheads-roll-to-roll-style\/","title":{"rendered":"B\u1ed9 i1600 \u0111\u1ec3 n\u00e2ng c\u1ea5p m\u00e1y in phun Trung Qu\u1ed1c v\u1edbi 2 \u0111\u1ea7u in i1600 (ki\u1ec3u cu\u1ed9n sang cu\u1ed9n)"},"content":{"rendered":"<ul>\n<li>B\u1ed9 i1600 \u0111\u1ec3 n\u00e2ng c\u1ea5p m\u00e1y in phun Trung Qu\u1ed1c v\u1edbi 2 \u0111\u1ea7u in i1600 (ki\u1ec3u cu\u1ed9n sang cu\u1ed9n)<\/li>\n<li>B\u1ed9 d\u1ee5ng c\u1ee5 n\u00e0y kh\u00f4ng d\u00f9ng \u0111\u01b0\u1ee3c cho m\u00e1y in phun c\u1ee7a Mutoh, Mimaki, Roland, Epson, ch\u1ec9 d\u00f9ng \u0111\u01b0\u1ee3c cho c\u00e1c m\u00e1y in phun c\u1ee7a Trung Qu\u1ed1c nh\u01b0 Witcolor, Galaxy Sid Triton, Allwin, Myjet, Zhongye, Human Ejet Kjet, Gongzheng Flora, Micolor, Xenon, Skycolor, Locor, v.v.<\/li>\n<li>B\u1ed9 d\u1ee5ng c\u1ee5 n\u00e0y c\u00f3 th\u1ec3 thay th\u1ebf t\u1ea5t c\u1ea3 c\u00e1c b\u1ed9 ph\u1eadn d\u1ef1 ph\u00f2ng c\u1ee7a m\u00e1y in phun c\u0169 c\u1ee7a b\u1ea1n. \u0110i\u1ec1u \u0111\u00f3 c\u00f3 ngh\u0129a l\u00e0 b\u1ea1n c\u00f3 th\u1ec3 lo\u1ea1i b\u1ecf t\u1ea5t c\u1ea3 c\u00e1c b\u1ed9 ph\u1eadn d\u1ef1 ph\u00f2ng c\u0169 c\u1ee7a m\u00e1y c\u0169 v\u00e0 ch\u1ec9 gi\u1eef l\u1ea1i ph\u1ea7n c\u01a1 kh\u00ed c\u1ee7a m\u00e1y. V\u00e0 cu\u1ed1i c\u00f9ng l\u00e0 mua m\u1ed9t m\u00e1y in m\u1edbi.<\/li>\n<li>B\u1ed9 s\u1ea3n ph\u1ea9m n\u00e0y bao g\u1ed3m c\u00e1c ph\u1ee5 t\u00f9ng thay th\u1ebf sau v\u1edbi d\u1ecbch v\u1ee5 v\u1eadn chuy\u1ec3n c\u1ee7a DHL:<br \/>\n\u0110\u1ea7u in,<br \/>\nBo m\u1ea1ch ch\u1ee7<br \/>\n\u0110\u1ea7u gi\u01b0\u1eddng,<br \/>\nNgu\u1ed3n \u0111i\u1ec7n<br \/>\n\u0110\u1ebf gi\u1eef \u0111\u1ea7u in<br \/>\nTr\u1ea1m v\u1ec7 sinh \u0111\u1ea7u in<br \/>\nT\u1ea5t c\u1ea3 c\u00e1p ngu\u1ed3n v\u00e0 c\u00e1p d\u1eef li\u1ec7u<br \/>\nT\u1ea5t c\u1ea3 c\u00e1c b\u1ed9 gi\u1ea3m ch\u1ea5n<br \/>\nT\u1ea5t c\u1ea3 c\u00e1c m\u0169<br \/>\nT\u1ea5t c\u1ea3 c\u00e1c m\u00e1y b\u01a1m<br \/>\nT\u1ea5t c\u1ea3 c\u00e1c \u0111\u1ed9ng c\u01a1 c\u00f3 tr\u00ecnh \u0111i\u1ec1u khi\u1ec3n<br \/>\nT\u1ea5t c\u1ea3 c\u00e1c r\u00f2ng r\u1ecdc<br \/>\nT\u1ea5t c\u1ea3 c\u00e1c v\u00e0nh \u0111ai r\u00f2ng r\u1ecdc<br \/>\nT\u1ea5t c\u1ea3 c\u00e1c \u1ed1ng m\u1ef1c<br \/>\nT\u1ea5t c\u1ea3 c\u00e1c h\u1ed9p m\u1ef1c<br \/>\nT\u1ea5t c\u1ea3 c\u00e1c ph\u1ea7n m\u1ec1m.<br \/>\nD\u1ea3i m\u00e3 h\u00f3a Raster<br \/>\nC\u1ea3m bi\u1ebfn m\u00e3 h\u00f3a Raster<\/li>\n<\/ul>","protected":false},"excerpt":{"rendered":"<p>\u0110\u1ec3 bi\u1ebft th\u00f4ng tin chi ti\u1ebft v\u1ec1 s\u1ea3n ph\u1ea9m v\u00e0 gi\u00e1 m\u1edbi nh\u1ea5t, vui l\u00f2ng li\u00ean h\u1ec7 v\u1edbi b\u1ed9 ph\u1eadn qu\u1ea3n l\u00fd b\u00e1n h\u00e0ng c\u1ee7a ch\u00fang t\u00f4i<\/p>","protected":false},"featured_media":30015,"comment_status":"open","ping_status":"closed","template":"","meta":[],"product_brand":[],"product_cat":[85],"product_tag":[],"class_list":{"0":"post-29339","1":"product","2":"type-product","3":"status-publish","4":"has-post-thumbnail","6":"product_cat-eco-solvent-roll-to-roll-upagrading-kit","8":"first","9":"instock","10":"shipping-taxable","11":"purchasable","12":"product-type-simple"},"yoast_head":"<!-- This site is optimized with the Yoast SEO plugin v26.9 - https:\/\/yoast.com\/product\/yoast-seo-wordpress\/ -->\n<title>Kit i1600 for Upgrading Chinese Inkjet Printer with 2 pieces i1600 printheads (roll to roll style) - Amo<\/title>\n<meta name=\"robots\" content=\"index, follow, max-snippet:-1, max-image-preview:large, max-video-preview:-1\" \/>\n<link rel=\"canonical\" href=\"https:\/\/superprintpro.com\/vi\/san-pham\/kit-i1600-for-upgrading-chinese-inkjet-printer-with-2-pieces-i1600-printheads-roll-to-roll-style\/\" \/>\n<meta property=\"og:locale\" content=\"vi_VN\" \/>\n<meta property=\"og:type\" content=\"article\" \/>\n<meta property=\"og:title\" content=\"Kit i1600 for Upgrading Chinese Inkjet Printer with 2 pieces i1600 printheads (roll to roll style) - Amo\" \/>\n<meta property=\"og:description\" content=\"For product details and the latest prices please contact our sales manage\" \/>\n<meta property=\"og:url\" content=\"https:\/\/superprintpro.com\/vi\/san-pham\/kit-i1600-for-upgrading-chinese-inkjet-printer-with-2-pieces-i1600-printheads-roll-to-roll-style\/\" \/>\n<meta property=\"og:site_name\" content=\"Amo\" \/>\n<meta property=\"article:modified_time\" content=\"2025-08-16T07:05:18+00:00\" \/>\n<meta property=\"og:image\" content=\"https:\/\/superprintpro.com\/wp-content\/uploads\/2025\/08\/kit-i1600-for-upgrading-chinese-inkjet-printer-with-2-pieces-i1600-printheads.jpg\" \/>\n\t<meta property=\"og:image:width\" content=\"800\" \/>\n\t<meta property=\"og:image:height\" content=\"800\" \/>\n\t<meta property=\"og:image:type\" content=\"image\/jpeg\" \/>\n<meta name=\"twitter:card\" content=\"summary_large_image\" \/>\n<meta name=\"twitter:label1\" content=\"\u01af\u1edbc t\u00ednh th\u1eddi gian \u0111\u1ecdc\" \/>\n\t<meta name=\"twitter:data1\" content=\"1 ph\u00fat\" \/>\n<script type=\"application\/ld+json\" class=\"yoast-schema-graph\">{\"@context\":\"https:\/\/schema.org\",\"@graph\":[{\"@type\":\"WebPage\",\"@id\":\"https:\/\/superprintpro.com\/product\/kit-i1600-for-upgrading-chinese-inkjet-printer-with-2-pieces-i1600-printheads-roll-to-roll-style\/\",\"url\":\"https:\/\/superprintpro.com\/product\/kit-i1600-for-upgrading-chinese-inkjet-printer-with-2-pieces-i1600-printheads-roll-to-roll-style\/\",\"name\":\"Kit i1600 for Upgrading Chinese Inkjet Printer with 2 pieces i1600 printheads (roll to roll style) - Amo\",\"isPartOf\":{\"@id\":\"https:\/\/superprintpro.com\/#website\"},\"primaryImageOfPage\":{\"@id\":\"https:\/\/superprintpro.com\/product\/kit-i1600-for-upgrading-chinese-inkjet-printer-with-2-pieces-i1600-printheads-roll-to-roll-style\/#primaryimage\"},\"image\":{\"@id\":\"https:\/\/superprintpro.com\/product\/kit-i1600-for-upgrading-chinese-inkjet-printer-with-2-pieces-i1600-printheads-roll-to-roll-style\/#primaryimage\"},\"thumbnailUrl\":\"https:\/\/superprintpro.com\/wp-content\/uploads\/2025\/08\/kit-i1600-for-upgrading-chinese-inkjet-printer-with-2-pieces-i1600-printheads.jpg\",\"datePublished\":\"2025-08-09T05:39:26+00:00\",\"dateModified\":\"2025-08-16T07:05:18+00:00\",\"breadcrumb\":{\"@id\":\"https:\/\/superprintpro.com\/product\/kit-i1600-for-upgrading-chinese-inkjet-printer-with-2-pieces-i1600-printheads-roll-to-roll-style\/#breadcrumb\"},\"inLanguage\":\"vi\",\"potentialAction\":[{\"@type\":\"ReadAction\",\"target\":[\"https:\/\/superprintpro.com\/product\/kit-i1600-for-upgrading-chinese-inkjet-printer-with-2-pieces-i1600-printheads-roll-to-roll-style\/\"]}]},{\"@type\":\"ImageObject\",\"inLanguage\":\"vi\",\"@id\":\"https:\/\/superprintpro.com\/product\/kit-i1600-for-upgrading-chinese-inkjet-printer-with-2-pieces-i1600-printheads-roll-to-roll-style\/#primaryimage\",\"url\":\"https:\/\/superprintpro.com\/wp-content\/uploads\/2025\/08\/kit-i1600-for-upgrading-chinese-inkjet-printer-with-2-pieces-i1600-printheads.jpg\",\"contentUrl\":\"https:\/\/superprintpro.com\/wp-content\/uploads\/2025\/08\/kit-i1600-for-upgrading-chinese-inkjet-printer-with-2-pieces-i1600-printheads.jpg\",\"width\":800,\"height\":800,\"caption\":\"Kit i1600 for Upgrading Chinese Inkjet Printer with 2 pieces i1600 printheads (roll to roll style)\"},{\"@type\":\"BreadcrumbList\",\"@id\":\"https:\/\/superprintpro.com\/product\/kit-i1600-for-upgrading-chinese-inkjet-printer-with-2-pieces-i1600-printheads-roll-to-roll-style\/#breadcrumb\",\"itemListElement\":[{\"@type\":\"ListItem\",\"position\":1,\"name\":\"\u9996\u9875\",\"item\":\"https:\/\/superprintpro.com\/\"},{\"@type\":\"ListItem\",\"position\":2,\"name\":\"Shop\",\"item\":\"https:\/\/superprintpro.com\/shop\/\"},{\"@type\":\"ListItem\",\"position\":3,\"name\":\"Kit i1600 for Upgrading Chinese Inkjet Printer with 2 pieces i1600 printheads (roll to roll style)\"}]},{\"@type\":\"WebSite\",\"@id\":\"https:\/\/superprintpro.com\/#website\",\"url\":\"https:\/\/superprintpro.com\/\",\"name\":\"Amo\",\"description\":\"\",\"potentialAction\":[{\"@type\":\"SearchAction\",\"target\":{\"@type\":\"EntryPoint\",\"urlTemplate\":\"https:\/\/superprintpro.com\/?s={search_term_string}\"},\"query-input\":{\"@type\":\"PropertyValueSpecification\",\"valueRequired\":true,\"valueName\":\"search_term_string\"}}],\"inLanguage\":\"vi\"}]}<\/script>\n<!-- \/ Yoast SEO plugin. -->","yoast_head_json":{"title":"Kit i1600 for Upgrading Chinese Inkjet Printer with 2 pieces i1600 printheads (roll to roll style) - Amo","robots":{"index":"index","follow":"follow","max-snippet":"max-snippet:-1","max-image-preview":"max-image-preview:large","max-video-preview":"max-video-preview:-1"},"canonical":"https:\/\/superprintpro.com\/vi\/san-pham\/kit-i1600-for-upgrading-chinese-inkjet-printer-with-2-pieces-i1600-printheads-roll-to-roll-style\/","og_locale":"vi_VN","og_type":"article","og_title":"Kit i1600 for Upgrading Chinese Inkjet Printer with 2 pieces i1600 printheads (roll to roll style) - Amo","og_description":"For product details and the latest prices please contact our sales manage","og_url":"https:\/\/superprintpro.com\/vi\/san-pham\/kit-i1600-for-upgrading-chinese-inkjet-printer-with-2-pieces-i1600-printheads-roll-to-roll-style\/","og_site_name":"Amo","article_modified_time":"2025-08-16T07:05:18+00:00","og_image":[{"width":800,"height":800,"url":"https:\/\/superprintpro.com\/wp-content\/uploads\/2025\/08\/kit-i1600-for-upgrading-chinese-inkjet-printer-with-2-pieces-i1600-printheads.jpg","type":"image\/jpeg"}],"twitter_card":"summary_large_image","twitter_misc":{"\u01af\u1edbc t\u00ednh th\u1eddi gian \u0111\u1ecdc":"1 ph\u00fat"},"schema":{"@context":"https:\/\/schema.org","@graph":[{"@type":"WebPage","@id":"https:\/\/superprintpro.com\/product\/kit-i1600-for-upgrading-chinese-inkjet-printer-with-2-pieces-i1600-printheads-roll-to-roll-style\/","url":"https:\/\/superprintpro.com\/product\/kit-i1600-for-upgrading-chinese-inkjet-printer-with-2-pieces-i1600-printheads-roll-to-roll-style\/","name":"Kit i1600 for Upgrading Chinese Inkjet Printer with 2 pieces i1600 printheads (roll to roll style) - Amo","isPartOf":{"@id":"https:\/\/superprintpro.com\/#website"},"primaryImageOfPage":{"@id":"https:\/\/superprintpro.com\/product\/kit-i1600-for-upgrading-chinese-inkjet-printer-with-2-pieces-i1600-printheads-roll-to-roll-style\/#primaryimage"},"image":{"@id":"https:\/\/superprintpro.com\/product\/kit-i1600-for-upgrading-chinese-inkjet-printer-with-2-pieces-i1600-printheads-roll-to-roll-style\/#primaryimage"},"thumbnailUrl":"https:\/\/superprintpro.com\/wp-content\/uploads\/2025\/08\/kit-i1600-for-upgrading-chinese-inkjet-printer-with-2-pieces-i1600-printheads.jpg","datePublished":"2025-08-09T05:39:26+00:00","dateModified":"2025-08-16T07:05:18+00:00","breadcrumb":{"@id":"https:\/\/superprintpro.com\/product\/kit-i1600-for-upgrading-chinese-inkjet-printer-with-2-pieces-i1600-printheads-roll-to-roll-style\/#breadcrumb"},"inLanguage":"vi","potentialAction":[{"@type":"ReadAction","target":["https:\/\/superprintpro.com\/product\/kit-i1600-for-upgrading-chinese-inkjet-printer-with-2-pieces-i1600-printheads-roll-to-roll-style\/"]}]},{"@type":"ImageObject","inLanguage":"vi","@id":"https:\/\/superprintpro.com\/product\/kit-i1600-for-upgrading-chinese-inkjet-printer-with-2-pieces-i1600-printheads-roll-to-roll-style\/#primaryimage","url":"https:\/\/superprintpro.com\/wp-content\/uploads\/2025\/08\/kit-i1600-for-upgrading-chinese-inkjet-printer-with-2-pieces-i1600-printheads.jpg","contentUrl":"https:\/\/superprintpro.com\/wp-content\/uploads\/2025\/08\/kit-i1600-for-upgrading-chinese-inkjet-printer-with-2-pieces-i1600-printheads.jpg","width":800,"height":800,"caption":"Kit i1600 for Upgrading Chinese Inkjet Printer with 2 pieces i1600 printheads (roll to roll style)"},{"@type":"BreadcrumbList","@id":"https:\/\/superprintpro.com\/product\/kit-i1600-for-upgrading-chinese-inkjet-printer-with-2-pieces-i1600-printheads-roll-to-roll-style\/#breadcrumb","itemListElement":[{"@type":"ListItem","position":1,"name":"\u9996\u9875","item":"https:\/\/superprintpro.com\/"},{"@type":"ListItem","position":2,"name":"Shop","item":"https:\/\/superprintpro.com\/shop\/"},{"@type":"ListItem","position":3,"name":"Kit i1600 for Upgrading Chinese Inkjet Printer with 2 pieces i1600 printheads (roll to roll style)"}]},{"@type":"WebSite","@id":"https:\/\/superprintpro.com\/#website","url":"https:\/\/superprintpro.com\/","name":"Amo","description":"","potentialAction":[{"@type":"SearchAction","target":{"@type":"EntryPoint","urlTemplate":"https:\/\/superprintpro.com\/?s={search_term_string}"},"query-input":{"@type":"PropertyValueSpecification","valueRequired":true,"valueName":"search_term_string"}}],"inLanguage":"vi"}]}},"_links":{"self":[{"href":"https:\/\/superprintpro.com\/vi\/wp-json\/wp\/v2\/product\/29339","targetHints":{"allow":["GET"]}}],"collection":[{"href":"https:\/\/superprintpro.com\/vi\/wp-json\/wp\/v2\/product"}],"about":[{"href":"https:\/\/superprintpro.com\/vi\/wp-json\/wp\/v2\/types\/product"}],"replies":[{"embeddable":true,"href":"https:\/\/superprintpro.com\/vi\/wp-json\/wp\/v2\/comments?post=29339"}],"version-history":[{"count":1,"href":"https:\/\/superprintpro.com\/vi\/wp-json\/wp\/v2\/product\/29339\/revisions"}],"predecessor-version":[{"id":29341,"href":"https:\/\/superprintpro.com\/vi\/wp-json\/wp\/v2\/product\/29339\/revisions\/29341"}],"wp:featuredmedia":[{"embeddable":true,"href":"https:\/\/superprintpro.com\/vi\/wp-json\/wp\/v2\/media\/30015"}],"wp:attachment":[{"href":"https:\/\/superprintpro.com\/vi\/wp-json\/wp\/v2\/media?parent=29339"}],"wp:term":[{"taxonomy":"product_brand","embeddable":true,"href":"https:\/\/superprintpro.com\/vi\/wp-json\/wp\/v2\/product_brand?post=29339"},{"taxonomy":"product_cat","embeddable":true,"href":"https:\/\/superprintpro.com\/vi\/wp-json\/wp\/v2\/product_cat?post=29339"},{"taxonomy":"product_tag","embeddable":true,"href":"https:\/\/superprintpro.com\/vi\/wp-json\/wp\/v2\/product_tag?post=29339"}],"curies":[{"name":"wp","href":"https:\/\/api.w.org\/{rel}","templated":true}]}}