{"id":30212,"date":"2025-08-18T15:31:29","date_gmt":"2025-08-18T07:31:29","guid":{"rendered":"https:\/\/superprintpro.com\/?post_type=product&#038;p=30212"},"modified":"2025-08-18T15:31:29","modified_gmt":"2025-08-18T07:31:29","slug":"amo-uv-flatbed-inkjet-printer-am3020uvb3g5-with-3-pieces-ricoh-gen5-printheads","status":"publish","type":"product","link":"https:\/\/superprintpro.com\/uz\/product\/amo-uv-flatbed-inkjet-printer-am3020uvb3g5-with-3-pieces-ricoh-gen5-printheads\/","title":{"rendered":"3 dona Ricoh Gen5 bosma kallaklari bilan AMO UV tekis siyohli printer AM3020UVB3G5"},"content":{"rendered":"<div class=\"product-tabs-wrapper\">\n<div class=\"container product-tabs-inner\">\n<div class=\"woocommerce-tabs wc-tabs-wrapper tabs-layout-tabs wd-opener-pos-right wd-opener-style-arrow\" data-state=\"first\" data-layout=\"tabs\">\n<div class=\"wd-accordion-item\">\n<div id=\"tab-description\" class=\"entry-content woocommerce-Tabs-panel woocommerce-Tabs-panel--description wd-active panel wc-tab\" role=\"tabpanel\" aria-labelledby=\"tab-title-description\" data-accordion-index=\"description\">\n<div class=\"wc-tab-inner wd-entry-content\">\n<p>3 dona Ricoh Gen5 bosma kallaklari bilan AMO UV tekis siyohli printer AM3020UVB3G5<\/p>\n<p>1. 3 dona Ricoh G5 bilan jihozlang<br \/>\n2. Jim chiziqli hidoyat ray va slayder va yuqori aniqlikdagi vosita bilan jihozlangan<br \/>\n3. Avtomatik yuqori aniqlikdagi balandlik o&#039;lchash moslamasi. 2 tomondan bosib chiqarish kallagi uchun to&#039;qnashuvga qarshi qurilma bilan jihozlangan;<br \/>\n4. Kattaroq o&#039;lchamdagi doskaga chop etishni osonlashtirish uchun jihozlangan bitta tugmachali avtomatik joylashishni aniqlash funktsiyasi, qulayroq va bir kishi tomonidan boshqarish oson;<br \/>\n5. Yuqori quvvatli elektrostatik eliminator, bosma materiallardagi statik elektrni samarali ravishda yo&#039;q qiladi, siyohning uchib ketishi yoki bosib chiqarishda tozalanishdan kelib chiqadigan statik elektrni yo&#039;q qiladi.<br \/>\n6. Bosma kallagi avtomatik purkash funktsiyasi, kutish holatida, nozullar qurib ketmasligi uchun chop etish kallagining nozullari har 2 soatda avtomatik ravishda p\u00fcsk\u00fcrt\u00fcl\u00fcr;<br \/>\n7.Ikkilamchi kartrijni doimiy haroratni isitish funktsiyasi, oq siyoh ichki aylanish funktsiyasi, oq siyoh yog&#039;ingarchiliklarini oldini olish, siyoh ravonligini yaxshilash, tiqilib qolish ehtimolini kamaytirish;<br \/>\n8.A qo&#039;lda mexanik valf kaliti qurilma o&#039;chirilgan bo&#039;lsa, siyoh qayta oqimining oldini oladi, shu bilan ko&#039;proq siyoh tejash;<br \/>\n9.3-4.5Kw yuqori quvvatli kuchli turbinali assimilyatsiya foniy, susturucu bilan jihozlangan, kuchli so&#039;rish quvvati va eshitish muhitini taklif qiladi<\/p>\n<p>Mashina parametrlari<br \/>\nMaksimal bosib chiqarish kengligi: 300cm * 200cm<br \/>\nChop etish balandligi: 150 mm dan 300 mm gacha moslashtirilgan<br \/>\nChop etish boshi: 3 dona Ricoh Gen5 bosma kallaklar<br \/>\nBosib chiqarish tezligi: 12-45m\u00b2\/soat<br \/>\nMaterial: Deyarli har qanday tekis materiallarni, uch o&#039;lchamli, konkav va konveks yumshoq va qattiq materiallarni chop etishi mumkin, masalan:<br \/>\nakril taxta, metall plastinka, shisha, yog&#039;och plastinka, keramik taxta karton, plastik teri, to&#039;qimachilik matolari va boshqalar<br \/>\nfon rasmi, PC\/PE\/PVX<br \/>\nQuvvat: AC220\/110\u00b110.50HZ~60HZ, 4500W\/6000W<br \/>\nMashina hajmi \/ qadoqlash hajmi: L4600mm * W2688mm * H1450mmL \/ 4910mm * W3288mm * H1660mm<br \/>\nSof\/Br\u00fct Og&#039;irligi1760kg\/2050kg<\/p>\n<\/div>\n<\/div>\n<\/div>\n<div class=\"wd-accordion-item\"><\/div>\n<\/div>\n<\/div>\n<\/div>\n<div class=\"container related-and-upsells\">\n<div id=\"carousel-883\" class=\"wd-carousel-container  related-products with-title wd-products-element wd-products products\">\n<h2 class=\"wd-el-title title slider-title element-title\">Tegishli mahsulotlar<\/h2>\n<\/div>\n<\/div>","protected":false},"excerpt":{"rendered":"<p>Mahsulot tafsilotlari va eng so&#039;nggi narxlarni bilish uchun, iltimos, bizning savdo menejerimizga murojaat qiling<\/p>","protected":false},"featured_media":30213,"comment_status":"open","ping_status":"closed","template":"","meta":[],"product_brand":[],"product_cat":[110],"product_tag":[],"class_list":{"0":"post-30212","1":"product","2":"type-product","3":"status-publish","4":"has-post-thumbnail","6":"product_cat-with-ricoh-gen5-printhead","8":"first","9":"instock","10":"shipping-taxable","11":"purchasable","12":"product-type-simple"},"yoast_head":"<!-- This site is optimized with the Yoast SEO plugin v26.9 - https:\/\/yoast.com\/product\/yoast-seo-wordpress\/ -->\n<title>AMO UV Flatbed Inkjet Printer AM3020UVB3G5 with 3 pieces Ricoh Gen5 Printheads - Amo<\/title>\n<meta name=\"robots\" content=\"index, follow, max-snippet:-1, max-image-preview:large, max-video-preview:-1\" \/>\n<link rel=\"canonical\" href=\"https:\/\/superprintpro.com\/uz\/product\/amo-uv-flatbed-inkjet-printer-am3020uvb3g5-with-3-pieces-ricoh-gen5-printheads\/\" \/>\n<meta property=\"og:locale\" content=\"uz_UZ\" \/>\n<meta property=\"og:type\" content=\"article\" \/>\n<meta property=\"og:title\" content=\"AMO UV Flatbed Inkjet Printer AM3020UVB3G5 with 3 pieces Ricoh Gen5 Printheads - Amo\" \/>\n<meta property=\"og:description\" content=\"For product details and the latest quotes, please contact our sales manager\" \/>\n<meta property=\"og:url\" content=\"https:\/\/superprintpro.com\/uz\/product\/amo-uv-flatbed-inkjet-printer-am3020uvb3g5-with-3-pieces-ricoh-gen5-printheads\/\" \/>\n<meta property=\"og:site_name\" content=\"Amo\" \/>\n<meta property=\"og:image\" content=\"https:\/\/superprintpro.com\/wp-content\/uploads\/2025\/08\/amo-uv-flatbed-inkjet-printer-am3020uvb3g5-with-3-pieces-ricoh-gen5-printheads.jpg\" \/>\n\t<meta property=\"og:image:width\" content=\"618\" \/>\n\t<meta property=\"og:image:height\" content=\"348\" \/>\n\t<meta property=\"og:image:type\" content=\"image\/jpeg\" \/>\n<meta name=\"twitter:card\" content=\"summary_large_image\" \/>\n<meta name=\"twitter:label1\" content=\"Est. reading time\" \/>\n\t<meta name=\"twitter:data1\" content=\"1 daqiqa\" \/>\n<script type=\"application\/ld+json\" class=\"yoast-schema-graph\">{\"@context\":\"https:\/\/schema.org\",\"@graph\":[{\"@type\":\"WebPage\",\"@id\":\"https:\/\/superprintpro.com\/product\/amo-uv-flatbed-inkjet-printer-am3020uvb3g5-with-3-pieces-ricoh-gen5-printheads\/\",\"url\":\"https:\/\/superprintpro.com\/product\/amo-uv-flatbed-inkjet-printer-am3020uvb3g5-with-3-pieces-ricoh-gen5-printheads\/\",\"name\":\"AMO UV Flatbed Inkjet Printer AM3020UVB3G5 with 3 pieces Ricoh Gen5 Printheads - Amo\",\"isPartOf\":{\"@id\":\"https:\/\/superprintpro.com\/#website\"},\"primaryImageOfPage\":{\"@id\":\"https:\/\/superprintpro.com\/product\/amo-uv-flatbed-inkjet-printer-am3020uvb3g5-with-3-pieces-ricoh-gen5-printheads\/#primaryimage\"},\"image\":{\"@id\":\"https:\/\/superprintpro.com\/product\/amo-uv-flatbed-inkjet-printer-am3020uvb3g5-with-3-pieces-ricoh-gen5-printheads\/#primaryimage\"},\"thumbnailUrl\":\"https:\/\/superprintpro.com\/wp-content\/uploads\/2025\/08\/amo-uv-flatbed-inkjet-printer-am3020uvb3g5-with-3-pieces-ricoh-gen5-printheads.jpg\",\"datePublished\":\"2025-08-18T07:31:29+00:00\",\"breadcrumb\":{\"@id\":\"https:\/\/superprintpro.com\/product\/amo-uv-flatbed-inkjet-printer-am3020uvb3g5-with-3-pieces-ricoh-gen5-printheads\/#breadcrumb\"},\"inLanguage\":\"uz-UZ\",\"potentialAction\":[{\"@type\":\"ReadAction\",\"target\":[\"https:\/\/superprintpro.com\/product\/amo-uv-flatbed-inkjet-printer-am3020uvb3g5-with-3-pieces-ricoh-gen5-printheads\/\"]}]},{\"@type\":\"ImageObject\",\"inLanguage\":\"uz-UZ\",\"@id\":\"https:\/\/superprintpro.com\/product\/amo-uv-flatbed-inkjet-printer-am3020uvb3g5-with-3-pieces-ricoh-gen5-printheads\/#primaryimage\",\"url\":\"https:\/\/superprintpro.com\/wp-content\/uploads\/2025\/08\/amo-uv-flatbed-inkjet-printer-am3020uvb3g5-with-3-pieces-ricoh-gen5-printheads.jpg\",\"contentUrl\":\"https:\/\/superprintpro.com\/wp-content\/uploads\/2025\/08\/amo-uv-flatbed-inkjet-printer-am3020uvb3g5-with-3-pieces-ricoh-gen5-printheads.jpg\",\"width\":618,\"height\":348,\"caption\":\"AMO UV Flatbed Inkjet Printer AM3020UVB3G5 with 3 pieces Ricoh Gen5 Printheads\"},{\"@type\":\"BreadcrumbList\",\"@id\":\"https:\/\/superprintpro.com\/product\/amo-uv-flatbed-inkjet-printer-am3020uvb3g5-with-3-pieces-ricoh-gen5-printheads\/#breadcrumb\",\"itemListElement\":[{\"@type\":\"ListItem\",\"position\":1,\"name\":\"\u9996\u9875\",\"item\":\"https:\/\/superprintpro.com\/\"},{\"@type\":\"ListItem\",\"position\":2,\"name\":\"Shop\",\"item\":\"https:\/\/superprintpro.com\/shop\/\"},{\"@type\":\"ListItem\",\"position\":3,\"name\":\"AMO UV Flatbed Inkjet Printer AM3020UVB3G5 with 3 pieces Ricoh Gen5 Printheads\"}]},{\"@type\":\"WebSite\",\"@id\":\"https:\/\/superprintpro.com\/#website\",\"url\":\"https:\/\/superprintpro.com\/\",\"name\":\"Amo\",\"description\":\"\",\"potentialAction\":[{\"@type\":\"SearchAction\",\"target\":{\"@type\":\"EntryPoint\",\"urlTemplate\":\"https:\/\/superprintpro.com\/?s={search_term_string}\"},\"query-input\":{\"@type\":\"PropertyValueSpecification\",\"valueRequired\":true,\"valueName\":\"search_term_string\"}}],\"inLanguage\":\"uz-UZ\"}]}<\/script>\n<!-- \/ Yoast SEO plugin. -->","yoast_head_json":{"title":"AMO 3 dona Ricoh Gen5 bosma kallakli AM3020UVB3G5 UV tekis siyohli printer - Amo","robots":{"index":"index","follow":"follow","max-snippet":"max-snippet:-1","max-image-preview":"max-image-preview:large","max-video-preview":"max-video-preview:-1"},"canonical":"https:\/\/superprintpro.com\/uz\/product\/amo-uv-flatbed-inkjet-printer-am3020uvb3g5-with-3-pieces-ricoh-gen5-printheads\/","og_locale":"uz_UZ","og_type":"article","og_title":"AMO UV Flatbed Inkjet Printer AM3020UVB3G5 with 3 pieces Ricoh Gen5 Printheads - Amo","og_description":"For product details and the latest quotes, please contact our sales manager","og_url":"https:\/\/superprintpro.com\/uz\/product\/amo-uv-flatbed-inkjet-printer-am3020uvb3g5-with-3-pieces-ricoh-gen5-printheads\/","og_site_name":"Amo","og_image":[{"width":618,"height":348,"url":"https:\/\/superprintpro.com\/wp-content\/uploads\/2025\/08\/amo-uv-flatbed-inkjet-printer-am3020uvb3g5-with-3-pieces-ricoh-gen5-printheads.jpg","type":"image\/jpeg"}],"twitter_card":"summary_large_image","twitter_misc":{"Est. reading time":"1 daqiqa"},"schema":{"@context":"https:\/\/schema.org","@graph":[{"@type":"WebPage","@id":"https:\/\/superprintpro.com\/product\/amo-uv-flatbed-inkjet-printer-am3020uvb3g5-with-3-pieces-ricoh-gen5-printheads\/","url":"https:\/\/superprintpro.com\/product\/amo-uv-flatbed-inkjet-printer-am3020uvb3g5-with-3-pieces-ricoh-gen5-printheads\/","name":"AMO 3 dona Ricoh Gen5 bosma kallakli AM3020UVB3G5 UV tekis siyohli printer - Amo","isPartOf":{"@id":"https:\/\/superprintpro.com\/#website"},"primaryImageOfPage":{"@id":"https:\/\/superprintpro.com\/product\/amo-uv-flatbed-inkjet-printer-am3020uvb3g5-with-3-pieces-ricoh-gen5-printheads\/#primaryimage"},"image":{"@id":"https:\/\/superprintpro.com\/product\/amo-uv-flatbed-inkjet-printer-am3020uvb3g5-with-3-pieces-ricoh-gen5-printheads\/#primaryimage"},"thumbnailUrl":"https:\/\/superprintpro.com\/wp-content\/uploads\/2025\/08\/amo-uv-flatbed-inkjet-printer-am3020uvb3g5-with-3-pieces-ricoh-gen5-printheads.jpg","datePublished":"2025-08-18T07:31:29+00:00","breadcrumb":{"@id":"https:\/\/superprintpro.com\/product\/amo-uv-flatbed-inkjet-printer-am3020uvb3g5-with-3-pieces-ricoh-gen5-printheads\/#breadcrumb"},"inLanguage":"uz-UZ","potentialAction":[{"@type":"ReadAction","target":["https:\/\/superprintpro.com\/product\/amo-uv-flatbed-inkjet-printer-am3020uvb3g5-with-3-pieces-ricoh-gen5-printheads\/"]}]},{"@type":"ImageObject","inLanguage":"uz-UZ","@id":"https:\/\/superprintpro.com\/product\/amo-uv-flatbed-inkjet-printer-am3020uvb3g5-with-3-pieces-ricoh-gen5-printheads\/#primaryimage","url":"https:\/\/superprintpro.com\/wp-content\/uploads\/2025\/08\/amo-uv-flatbed-inkjet-printer-am3020uvb3g5-with-3-pieces-ricoh-gen5-printheads.jpg","contentUrl":"https:\/\/superprintpro.com\/wp-content\/uploads\/2025\/08\/amo-uv-flatbed-inkjet-printer-am3020uvb3g5-with-3-pieces-ricoh-gen5-printheads.jpg","width":618,"height":348,"caption":"AMO UV Flatbed Inkjet Printer AM3020UVB3G5 with 3 pieces Ricoh Gen5 Printheads"},{"@type":"BreadcrumbList","@id":"https:\/\/superprintpro.com\/product\/amo-uv-flatbed-inkjet-printer-am3020uvb3g5-with-3-pieces-ricoh-gen5-printheads\/#breadcrumb","itemListElement":[{"@type":"ListItem","position":1,"name":"\u9996\u9875","item":"https:\/\/superprintpro.com\/"},{"@type":"ListItem","position":2,"name":"Shop","item":"https:\/\/superprintpro.com\/shop\/"},{"@type":"ListItem","position":3,"name":"AMO UV Flatbed Inkjet Printer AM3020UVB3G5 with 3 pieces Ricoh Gen5 Printheads"}]},{"@type":"WebSite","@id":"https:\/\/superprintpro.com\/#website","url":"https:\/\/superprintpro.com\/","name":"Amo","description":"","potentialAction":[{"@type":"SearchAction","target":{"@type":"EntryPoint","urlTemplate":"https:\/\/superprintpro.com\/?s={search_term_string}"},"query-input":{"@type":"PropertyValueSpecification","valueRequired":true,"valueName":"search_term_string"}}],"inLanguage":"uz-UZ"}]}},"_links":{"self":[{"href":"https:\/\/superprintpro.com\/uz\/wp-json\/wp\/v2\/product\/30212","targetHints":{"allow":["GET"]}}],"collection":[{"href":"https:\/\/superprintpro.com\/uz\/wp-json\/wp\/v2\/product"}],"about":[{"href":"https:\/\/superprintpro.com\/uz\/wp-json\/wp\/v2\/types\/product"}],"replies":[{"embeddable":true,"href":"https:\/\/superprintpro.com\/uz\/wp-json\/wp\/v2\/comments?post=30212"}],"version-history":[{"count":1,"href":"https:\/\/superprintpro.com\/uz\/wp-json\/wp\/v2\/product\/30212\/revisions"}],"predecessor-version":[{"id":30214,"href":"https:\/\/superprintpro.com\/uz\/wp-json\/wp\/v2\/product\/30212\/revisions\/30214"}],"wp:featuredmedia":[{"embeddable":true,"href":"https:\/\/superprintpro.com\/uz\/wp-json\/wp\/v2\/media\/30213"}],"wp:attachment":[{"href":"https:\/\/superprintpro.com\/uz\/wp-json\/wp\/v2\/media?parent=30212"}],"wp:term":[{"taxonomy":"product_brand","embeddable":true,"href":"https:\/\/superprintpro.com\/uz\/wp-json\/wp\/v2\/product_brand?post=30212"},{"taxonomy":"product_cat","embeddable":true,"href":"https:\/\/superprintpro.com\/uz\/wp-json\/wp\/v2\/product_cat?post=30212"},{"taxonomy":"product_tag","embeddable":true,"href":"https:\/\/superprintpro.com\/uz\/wp-json\/wp\/v2\/product_tag?post=30212"}],"curies":[{"name":"wp","href":"https:\/\/api.w.org\/{rel}","templated":true}]}}