{"id":30188,"date":"2025-08-18T15:13:58","date_gmt":"2025-08-18T07:13:58","guid":{"rendered":"https:\/\/superprintpro.com\/?post_type=product&#038;p=30188"},"modified":"2025-08-18T15:13:58","modified_gmt":"2025-08-18T07:13:58","slug":"amo-uv-flatbed-inkjet-printer-am2513uvb16k24i-with-16-pieces-konica-km1024i-printheads","status":"publish","type":"product","link":"https:\/\/superprintpro.com\/uz\/product\/amo-uv-flatbed-inkjet-printer-am2513uvb16k24i-with-16-pieces-konica-km1024i-printheads\/","title":{"rendered":"16 dona Konica KM1024i bosma kallaklari bilan AMO UV tekis siyohli printer AM2513UVB16K24i"},"content":{"rendered":"<p>16 dona Konica KM1024i bosma kallaklari bilan AMO UV tekis siyohli printer AM2513UVB16K24i<\/p>\n<p>1. 16 dona Konica KM1024i bilan jihozlang<br \/>\n2. Jim chiziqli hidoyat ray va slayder va yuqori aniqlikdagi vosita bilan jihozlangan<br \/>\n3. Avtomatik yuqori aniqlikdagi balandlik o&#039;lchash moslamasi. 2 tomondan bosib chiqarish kallagi uchun to&#039;qnashuvga qarshi qurilma bilan jihozlangan;<br \/>\n4. Kattaroq o&#039;lchamdagi doskaga chop etishni osonlashtirish uchun jihozlangan bitta tugmachali avtomatik joylashishni aniqlash funktsiyasi, qulayroq va bir kishi tomonidan boshqarish oson;<br \/>\n5. Yuqori quvvatli elektrostatik eliminator, bosma materiallardagi statik elektrni samarali ravishda yo&#039;q qiladi, siyohning uchib ketishi yoki bosib chiqarishda tozalanishdan kelib chiqadigan statik elektrni yo&#039;q qiladi.<br \/>\n6. Bosma kallagi avtomatik purkash funktsiyasi, kutish holatida, nozullar qurib ketmasligi uchun chop etish kallagining nozullari har 2 soatda avtomatik ravishda p\u00fcsk\u00fcrt\u00fcl\u00fcr;<br \/>\n7.Ikkilamchi kartrijni doimiy haroratni isitish funktsiyasi, oq siyoh ichki aylanish funktsiyasi, oq siyoh yog&#039;ingarchiliklarini oldini olish, siyoh ravonligini yaxshilash, tiqilib qolish ehtimolini kamaytirish;<br \/>\n8.A qo&#039;lda mexanik valf kaliti qurilma o&#039;chirilgan bo&#039;lsa, siyoh qayta oqimining oldini oladi, shu bilan ko&#039;proq siyoh tejash;<br \/>\n9.3-4.5Kw yuqori quvvatli kuchli turbinali assimilyatsiya foniy, susturucu bilan jihozlangan, kuchli so&#039;rish quvvati va eshitish muhitini taklif qiladi<\/p>\n<p>Mashina parametrlari<br \/>\nMaksimal bosib chiqarish kengligi: 250cm * 130cm<br \/>\nChop etish balandligi: 150 mm dan 300 mm gacha moslashtirilgan<br \/>\nChop etish boshi: 16 dona Konica KM1024i bosma kallaklar<br \/>\nBosib chiqarish tezligi: 12-45m\u00b2\/soat<br \/>\nMaterial: Deyarli har qanday tekis materiallarni, uch o&#039;lchamli, konkav va konveks yumshoq va qattiq materiallarni chop etishi mumkin, masalan:<br \/>\nakril taxta, metall plastinka, shisha, yog&#039;och plastinka, keramik taxta karton, plastik teri, to&#039;qimachilik matolari va boshqalar<br \/>\nfon rasmi, PC\/PE\/PVX<br \/>\nQuvvat: AC220\/110\u00b110.50HZ~60HZ, 4500W\/6000W<br \/>\nMashina hajmi \/ qadoqlash hajmi: L4100mm * W2060mm * H1400mmL \/ 4360mm * W2120mm * H1610mm<br \/>\nSof\/Br\u00fct Og&#039;irligi 1550kg\/1670kg<\/p>","protected":false},"excerpt":{"rendered":"<p>Mahsulot tafsilotlari va eng so&#039;nggi narxlarni bilish uchun, iltimos, bizning savdo menejerimizga murojaat qiling<\/p>","protected":false},"featured_media":30189,"comment_status":"open","ping_status":"closed","template":"","meta":[],"product_brand":[],"product_cat":[108],"product_tag":[],"class_list":{"0":"post-30188","1":"product","2":"type-product","3":"status-publish","4":"has-post-thumbnail","6":"product_cat-with-konica-km1024i-printheads","8":"first","9":"instock","10":"shipping-taxable","11":"purchasable","12":"product-type-simple"},"yoast_head":"<!-- This site is optimized with the Yoast SEO plugin v26.9 - https:\/\/yoast.com\/product\/yoast-seo-wordpress\/ -->\n<title>AMO UV Flatbed Inkjet Printer AM2513UVB16K24i with 16 pieces Konica KM1024i Printheads - Amo<\/title>\n<meta name=\"robots\" content=\"index, follow, max-snippet:-1, max-image-preview:large, max-video-preview:-1\" \/>\n<link rel=\"canonical\" href=\"https:\/\/superprintpro.com\/uz\/product\/amo-uv-flatbed-inkjet-printer-am2513uvb16k24i-with-16-pieces-konica-km1024i-printheads\/\" \/>\n<meta property=\"og:locale\" content=\"uz_UZ\" \/>\n<meta property=\"og:type\" content=\"article\" \/>\n<meta property=\"og:title\" content=\"AMO UV Flatbed Inkjet Printer AM2513UVB16K24i with 16 pieces Konica KM1024i Printheads - Amo\" \/>\n<meta property=\"og:description\" content=\"For product details and the latest quotes, please contact our sales manager\" \/>\n<meta property=\"og:url\" content=\"https:\/\/superprintpro.com\/uz\/product\/amo-uv-flatbed-inkjet-printer-am2513uvb16k24i-with-16-pieces-konica-km1024i-printheads\/\" \/>\n<meta property=\"og:site_name\" content=\"Amo\" \/>\n<meta property=\"og:image\" content=\"https:\/\/superprintpro.com\/wp-content\/uploads\/2025\/08\/amo-uv-flatbed-inkjet-printer-am2513uvb16k24i-with-16-pieces-konica-km1024i-printheads.jpg\" \/>\n\t<meta property=\"og:image:width\" content=\"614\" \/>\n\t<meta property=\"og:image:height\" content=\"345\" \/>\n\t<meta property=\"og:image:type\" content=\"image\/jpeg\" \/>\n<meta name=\"twitter:card\" content=\"summary_large_image\" \/>\n<meta name=\"twitter:label1\" content=\"Est. reading time\" \/>\n\t<meta name=\"twitter:data1\" content=\"1 daqiqa\" \/>\n<script type=\"application\/ld+json\" class=\"yoast-schema-graph\">{\"@context\":\"https:\/\/schema.org\",\"@graph\":[{\"@type\":\"WebPage\",\"@id\":\"https:\/\/superprintpro.com\/product\/amo-uv-flatbed-inkjet-printer-am2513uvb16k24i-with-16-pieces-konica-km1024i-printheads\/\",\"url\":\"https:\/\/superprintpro.com\/product\/amo-uv-flatbed-inkjet-printer-am2513uvb16k24i-with-16-pieces-konica-km1024i-printheads\/\",\"name\":\"AMO UV Flatbed Inkjet Printer AM2513UVB16K24i with 16 pieces Konica KM1024i Printheads - Amo\",\"isPartOf\":{\"@id\":\"https:\/\/superprintpro.com\/#website\"},\"primaryImageOfPage\":{\"@id\":\"https:\/\/superprintpro.com\/product\/amo-uv-flatbed-inkjet-printer-am2513uvb16k24i-with-16-pieces-konica-km1024i-printheads\/#primaryimage\"},\"image\":{\"@id\":\"https:\/\/superprintpro.com\/product\/amo-uv-flatbed-inkjet-printer-am2513uvb16k24i-with-16-pieces-konica-km1024i-printheads\/#primaryimage\"},\"thumbnailUrl\":\"https:\/\/superprintpro.com\/wp-content\/uploads\/2025\/08\/amo-uv-flatbed-inkjet-printer-am2513uvb16k24i-with-16-pieces-konica-km1024i-printheads.jpg\",\"datePublished\":\"2025-08-18T07:13:58+00:00\",\"breadcrumb\":{\"@id\":\"https:\/\/superprintpro.com\/product\/amo-uv-flatbed-inkjet-printer-am2513uvb16k24i-with-16-pieces-konica-km1024i-printheads\/#breadcrumb\"},\"inLanguage\":\"uz-UZ\",\"potentialAction\":[{\"@type\":\"ReadAction\",\"target\":[\"https:\/\/superprintpro.com\/product\/amo-uv-flatbed-inkjet-printer-am2513uvb16k24i-with-16-pieces-konica-km1024i-printheads\/\"]}]},{\"@type\":\"ImageObject\",\"inLanguage\":\"uz-UZ\",\"@id\":\"https:\/\/superprintpro.com\/product\/amo-uv-flatbed-inkjet-printer-am2513uvb16k24i-with-16-pieces-konica-km1024i-printheads\/#primaryimage\",\"url\":\"https:\/\/superprintpro.com\/wp-content\/uploads\/2025\/08\/amo-uv-flatbed-inkjet-printer-am2513uvb16k24i-with-16-pieces-konica-km1024i-printheads.jpg\",\"contentUrl\":\"https:\/\/superprintpro.com\/wp-content\/uploads\/2025\/08\/amo-uv-flatbed-inkjet-printer-am2513uvb16k24i-with-16-pieces-konica-km1024i-printheads.jpg\",\"width\":614,\"height\":345,\"caption\":\"AMO UV Flatbed Inkjet Printer AM2513UVB16K24i with 16 pieces Konica KM1024i Printheads\"},{\"@type\":\"BreadcrumbList\",\"@id\":\"https:\/\/superprintpro.com\/product\/amo-uv-flatbed-inkjet-printer-am2513uvb16k24i-with-16-pieces-konica-km1024i-printheads\/#breadcrumb\",\"itemListElement\":[{\"@type\":\"ListItem\",\"position\":1,\"name\":\"\u9996\u9875\",\"item\":\"https:\/\/superprintpro.com\/\"},{\"@type\":\"ListItem\",\"position\":2,\"name\":\"Shop\",\"item\":\"https:\/\/superprintpro.com\/shop\/\"},{\"@type\":\"ListItem\",\"position\":3,\"name\":\"AMO UV Flatbed Inkjet Printer AM2513UVB16K24i with 16 pieces Konica KM1024i Printheads\"}]},{\"@type\":\"WebSite\",\"@id\":\"https:\/\/superprintpro.com\/#website\",\"url\":\"https:\/\/superprintpro.com\/\",\"name\":\"Amo\",\"description\":\"\",\"potentialAction\":[{\"@type\":\"SearchAction\",\"target\":{\"@type\":\"EntryPoint\",\"urlTemplate\":\"https:\/\/superprintpro.com\/?s={search_term_string}\"},\"query-input\":{\"@type\":\"PropertyValueSpecification\",\"valueRequired\":true,\"valueName\":\"search_term_string\"}}],\"inLanguage\":\"uz-UZ\"}]}<\/script>\n<!-- \/ Yoast SEO plugin. -->","yoast_head_json":{"title":"AMO 16 dona Konica KM1024i bosma kallaklari bilan AM2513UVB16K24i UV tekis siyohli printer - Amo","robots":{"index":"index","follow":"follow","max-snippet":"max-snippet:-1","max-image-preview":"max-image-preview:large","max-video-preview":"max-video-preview:-1"},"canonical":"https:\/\/superprintpro.com\/uz\/product\/amo-uv-flatbed-inkjet-printer-am2513uvb16k24i-with-16-pieces-konica-km1024i-printheads\/","og_locale":"uz_UZ","og_type":"article","og_title":"AMO UV Flatbed Inkjet Printer AM2513UVB16K24i with 16 pieces Konica KM1024i Printheads - Amo","og_description":"For product details and the latest quotes, please contact our sales manager","og_url":"https:\/\/superprintpro.com\/uz\/product\/amo-uv-flatbed-inkjet-printer-am2513uvb16k24i-with-16-pieces-konica-km1024i-printheads\/","og_site_name":"Amo","og_image":[{"width":614,"height":345,"url":"https:\/\/superprintpro.com\/wp-content\/uploads\/2025\/08\/amo-uv-flatbed-inkjet-printer-am2513uvb16k24i-with-16-pieces-konica-km1024i-printheads.jpg","type":"image\/jpeg"}],"twitter_card":"summary_large_image","twitter_misc":{"Est. reading time":"1 daqiqa"},"schema":{"@context":"https:\/\/schema.org","@graph":[{"@type":"WebPage","@id":"https:\/\/superprintpro.com\/product\/amo-uv-flatbed-inkjet-printer-am2513uvb16k24i-with-16-pieces-konica-km1024i-printheads\/","url":"https:\/\/superprintpro.com\/product\/amo-uv-flatbed-inkjet-printer-am2513uvb16k24i-with-16-pieces-konica-km1024i-printheads\/","name":"AMO 16 dona Konica KM1024i bosma kallaklari bilan AM2513UVB16K24i UV tekis siyohli printer - Amo","isPartOf":{"@id":"https:\/\/superprintpro.com\/#website"},"primaryImageOfPage":{"@id":"https:\/\/superprintpro.com\/product\/amo-uv-flatbed-inkjet-printer-am2513uvb16k24i-with-16-pieces-konica-km1024i-printheads\/#primaryimage"},"image":{"@id":"https:\/\/superprintpro.com\/product\/amo-uv-flatbed-inkjet-printer-am2513uvb16k24i-with-16-pieces-konica-km1024i-printheads\/#primaryimage"},"thumbnailUrl":"https:\/\/superprintpro.com\/wp-content\/uploads\/2025\/08\/amo-uv-flatbed-inkjet-printer-am2513uvb16k24i-with-16-pieces-konica-km1024i-printheads.jpg","datePublished":"2025-08-18T07:13:58+00:00","breadcrumb":{"@id":"https:\/\/superprintpro.com\/product\/amo-uv-flatbed-inkjet-printer-am2513uvb16k24i-with-16-pieces-konica-km1024i-printheads\/#breadcrumb"},"inLanguage":"uz-UZ","potentialAction":[{"@type":"ReadAction","target":["https:\/\/superprintpro.com\/product\/amo-uv-flatbed-inkjet-printer-am2513uvb16k24i-with-16-pieces-konica-km1024i-printheads\/"]}]},{"@type":"ImageObject","inLanguage":"uz-UZ","@id":"https:\/\/superprintpro.com\/product\/amo-uv-flatbed-inkjet-printer-am2513uvb16k24i-with-16-pieces-konica-km1024i-printheads\/#primaryimage","url":"https:\/\/superprintpro.com\/wp-content\/uploads\/2025\/08\/amo-uv-flatbed-inkjet-printer-am2513uvb16k24i-with-16-pieces-konica-km1024i-printheads.jpg","contentUrl":"https:\/\/superprintpro.com\/wp-content\/uploads\/2025\/08\/amo-uv-flatbed-inkjet-printer-am2513uvb16k24i-with-16-pieces-konica-km1024i-printheads.jpg","width":614,"height":345,"caption":"AMO UV Flatbed Inkjet Printer AM2513UVB16K24i with 16 pieces Konica KM1024i Printheads"},{"@type":"BreadcrumbList","@id":"https:\/\/superprintpro.com\/product\/amo-uv-flatbed-inkjet-printer-am2513uvb16k24i-with-16-pieces-konica-km1024i-printheads\/#breadcrumb","itemListElement":[{"@type":"ListItem","position":1,"name":"\u9996\u9875","item":"https:\/\/superprintpro.com\/"},{"@type":"ListItem","position":2,"name":"Shop","item":"https:\/\/superprintpro.com\/shop\/"},{"@type":"ListItem","position":3,"name":"AMO UV Flatbed Inkjet Printer AM2513UVB16K24i with 16 pieces Konica KM1024i Printheads"}]},{"@type":"WebSite","@id":"https:\/\/superprintpro.com\/#website","url":"https:\/\/superprintpro.com\/","name":"Amo","description":"","potentialAction":[{"@type":"SearchAction","target":{"@type":"EntryPoint","urlTemplate":"https:\/\/superprintpro.com\/?s={search_term_string}"},"query-input":{"@type":"PropertyValueSpecification","valueRequired":true,"valueName":"search_term_string"}}],"inLanguage":"uz-UZ"}]}},"_links":{"self":[{"href":"https:\/\/superprintpro.com\/uz\/wp-json\/wp\/v2\/product\/30188","targetHints":{"allow":["GET"]}}],"collection":[{"href":"https:\/\/superprintpro.com\/uz\/wp-json\/wp\/v2\/product"}],"about":[{"href":"https:\/\/superprintpro.com\/uz\/wp-json\/wp\/v2\/types\/product"}],"replies":[{"embeddable":true,"href":"https:\/\/superprintpro.com\/uz\/wp-json\/wp\/v2\/comments?post=30188"}],"version-history":[{"count":1,"href":"https:\/\/superprintpro.com\/uz\/wp-json\/wp\/v2\/product\/30188\/revisions"}],"predecessor-version":[{"id":30190,"href":"https:\/\/superprintpro.com\/uz\/wp-json\/wp\/v2\/product\/30188\/revisions\/30190"}],"wp:featuredmedia":[{"embeddable":true,"href":"https:\/\/superprintpro.com\/uz\/wp-json\/wp\/v2\/media\/30189"}],"wp:attachment":[{"href":"https:\/\/superprintpro.com\/uz\/wp-json\/wp\/v2\/media?parent=30188"}],"wp:term":[{"taxonomy":"product_brand","embeddable":true,"href":"https:\/\/superprintpro.com\/uz\/wp-json\/wp\/v2\/product_brand?post=30188"},{"taxonomy":"product_cat","embeddable":true,"href":"https:\/\/superprintpro.com\/uz\/wp-json\/wp\/v2\/product_cat?post=30188"},{"taxonomy":"product_tag","embeddable":true,"href":"https:\/\/superprintpro.com\/uz\/wp-json\/wp\/v2\/product_tag?post=30188"}],"curies":[{"name":"wp","href":"https:\/\/api.w.org\/{rel}","templated":true}]}}