{"id":30300,"date":"2025-08-18T17:54:54","date_gmt":"2025-08-18T09:54:54","guid":{"rendered":"https:\/\/superprintpro.com\/?post_type=product&#038;p=30300"},"modified":"2025-08-21T15:39:42","modified_gmt":"2025-08-21T07:39:42","slug":"double-side-print-inkjet-printer-am208i32dp-for-textile-flag-material-with-8-heads-i3200","status":"publish","type":"product","link":"https:\/\/superprintpro.com\/tr\/urun\/double-side-print-inkjet-printer-am208i32dp-for-textile-flag-material-with-8-heads-i3200\/","title":{"rendered":"Tekstil Bayrak Malzemesi i\u00e7in \u00c7ift Tarafl\u0131 Bask\u0131 M\u00fcrekkep P\u00fcsk\u00fcrtmeli Yaz\u0131c\u0131 AM208I32DP, 8 kafal\u0131 i3200"},"content":{"rendered":"<p>Tekstil Bayrak Malzemesi i\u00e7in \u00c7ift Tarafl\u0131 Bask\u0131 M\u00fcrekkep P\u00fcsk\u00fcrtmeli Yaz\u0131c\u0131 AM208I32DP, 8 kafal\u0131 i3200<\/p>\n<p>Bu yaz\u0131c\u0131n\u0131n teklifi zaten renk ayarlay\u0131c\u0131 (b\u00fcy\u00fck f\u0131r\u0131n) ile birlikte.<\/p>\n<p>\u00c7ift Tarafl\u0131 e\u015fanlaml\u0131 bask\u0131.<br \/>\nModel: AM208I32DP<br \/>\nBask\u0131 geni\u015fli\u011fi 2200mm<br \/>\nYaz\u0131c\u0131 Kafas\u0131 I3200A, 8 adet \uff084 renk VEYA 8 renk\uff09<\/p>\n<p>Bask\u0131 \u00e7\u00f6z\u00fcn\u00fcrl\u00fc\u011f\u00fc\uff08zay\u0131f t\u00fcy)<br \/>\n\u00c7ift tarafl\u0131 bask\u0131<br \/>\n2pass\uff08720\u00d7600\uff09    90m2\/h<br \/>\n3 ge\u00e7i\u015fli\uff08360\u00d71800\uff09   70m2\/h<br \/>\n4 ge\u00e7i\u015fli\uff08720\u00d71200\uff09   50m2\/saat<br \/>\nTek Tarafl\u0131 Bask\u0131\uff1a<br \/>\n2pass\uff08720\u00d7600\uff09    106m2\/h<br \/>\n3 ge\u00e7i\u015fli\uff08360\u00d71800\uff09   82m2\/h<br \/>\n4 ge\u00e7i\u015fli\uff08720\u00d71200\uff09   60m2\/saat<br \/>\nM\u00fcrekkep tipi Dispers m\u00fcrekkep<br \/>\nM\u00fcrekkep rengi C\u3001M\u3001Y\u3001K\uff08MAX 8 renk \u0130ste\u011fe ba\u011fl\u0131\uff09<br \/>\nRIP yaz\u0131l\u0131m\u0131 Print Factory<br \/>\n\u00c7al\u0131\u015fma ortam\u0131 S\u0131cakl\u0131k20-28 \u2103 Nem40-70%<br \/>\nG\u00fc\u00e7 AC380V\uff0c50\/60Hz\uff0cG\u00fc\u00e7 kayna\u011f\u0131 15KW<br \/>\nBoyut 4680mm \u00d7 1495mm \u00d7 1870mm \uff08Y\u00fckseklik 2250mm m\u00fcrekkep kovas\u0131 dahil\uff09<br \/>\nA\u011f\u0131rl\u0131k 2000kg<\/p>\n<p>Yaz\u0131c\u0131lar\u0131n \u00d6zellikleri<br \/>\nBask\u0131 platformu\uff1a<br \/>\nKuma\u015f k\u0131lavuz platformu, malzemeyi ad\u0131mlarken k\u00fc\u00e7\u00fck diren\u00e7 ve y\u00fcksek hassasiyet.<br \/>\n\u0130letim modu\uff1a<br \/>\nServo motor, transmisyon kau\u00e7uk silindirini kontrol eder ve malzeme do\u011fru, d\u00fcz ve k\u0131r\u0131\u015f\u0131ks\u0131z bir \u015fekilde kademelendirilir.<br \/>\nGeri \u00e7ekilebilir cihaz\uff1a<br \/>\nYer\u00e7ekimi makaral\u0131 geri \u00e7ekilebilir mekanizma, malzemeyi sabit gerilim alt\u0131nda tutar.<br \/>\nKirlilikten korunma\uff1a<br \/>\nU\u00e7an m\u00fcrekkep geri d\u00f6n\u00fc\u015f\u00fcm ve duman geri d\u00f6n\u00fc\u015f\u00fcm cihazlar\u0131na sahip olun.<br \/>\nNozul bak\u0131m\u0131\uff1a<br \/>\nNozul t\u0131kanmas\u0131n\u0131 \u00f6nlemek i\u00e7in otomatik nemlendirme, temizleme ve kaz\u0131ma cihaz\u0131.<br \/>\nK\u0131z\u0131l\u00f6tesi kurutma \uff1a<br \/>\nAyn\u0131 anda y\u00fcksek h\u0131zl\u0131 bask\u0131 ve geri sarma sa\u011flamak i\u00e7in y\u00fcksek verimli s\u0131cak hava kurutma sistemi.<br \/>\nAstar ka\u011f\u0131d\u0131 korumas\u0131\uff1a<br \/>\nMalzeme al\u0131n\u0131rken, \u00f6n ve arka taraflar aras\u0131nda kar\u015f\u0131l\u0131kl\u0131 kirlenmeyi \u00f6nlemek i\u00e7in astar ka\u011f\u0131d\u0131 eklenebilir.<br \/>\nKontrol sistemi\uff1a<br \/>\nSistem \u00e7al\u0131\u015fmas\u0131n\u0131n kararl\u0131l\u0131\u011f\u0131n\u0131 art\u0131rmak i\u00e7in PLC kontrol sistemi.<br \/>\n\u0130\u015f istatistikleri\uff1a<br \/>\nBask\u0131 g\u00fcnl\u00fc\u011f\u00fc i\u015flevi, bask\u0131 verimlili\u011fini otomatik olarak kaydeder ve sayar.<br \/>\nM\u00fcrekkep hacmi istatistikleri\uff1a<\/p>\n<p>M\u00fcrekkep t\u00fcketimini otomatik olarak sayar ve bask\u0131 maliyetini hesaplar.<\/p>","protected":false},"excerpt":{"rendered":"<p>\u00dcr\u00fcn detaylar\u0131 ve en son fiyat teklifleri i\u00e7in l\u00fctfen sat\u0131\u015f m\u00fcd\u00fcr\u00fcm\u00fczle ileti\u015fime ge\u00e7in<\/p>","protected":false},"featured_media":30301,"comment_status":"open","ping_status":"closed","template":"","meta":[],"product_brand":[],"product_cat":[128],"product_tag":[],"class_list":{"0":"post-30300","1":"product","2":"type-product","3":"status-publish","4":"has-post-thumbnail","6":"product_cat-direct-printing","8":"first","9":"instock","10":"shipping-taxable","11":"purchasable","12":"product-type-simple"},"yoast_head":"<!-- This site is optimized with the Yoast SEO plugin v26.9 - https:\/\/yoast.com\/product\/yoast-seo-wordpress\/ -->\n<title>Double Side Print Inkjet Printer AM208I32DP for Textile Flag Material with 8 heads i3200 - Amo<\/title>\n<meta name=\"robots\" content=\"index, follow, max-snippet:-1, max-image-preview:large, max-video-preview:-1\" \/>\n<link rel=\"canonical\" href=\"https:\/\/superprintpro.com\/tr\/urun\/double-side-print-inkjet-printer-am208i32dp-for-textile-flag-material-with-8-heads-i3200\/\" \/>\n<meta property=\"og:locale\" content=\"tr_TR\" \/>\n<meta property=\"og:type\" content=\"article\" \/>\n<meta property=\"og:title\" content=\"Double Side Print Inkjet Printer AM208I32DP for Textile Flag Material with 8 heads i3200 - Amo\" \/>\n<meta property=\"og:description\" content=\"For product details and the latest quotes, please contact our sales manager\" \/>\n<meta property=\"og:url\" content=\"https:\/\/superprintpro.com\/tr\/urun\/double-side-print-inkjet-printer-am208i32dp-for-textile-flag-material-with-8-heads-i3200\/\" \/>\n<meta property=\"og:site_name\" content=\"Amo\" \/>\n<meta property=\"article:modified_time\" content=\"2025-08-21T07:39:42+00:00\" \/>\n<meta property=\"og:image\" content=\"https:\/\/superprintpro.com\/wp-content\/uploads\/2025\/08\/double-side-print-inkjet-printer-am208i32dp-for-textile-flag-material-with-8-heads-i3200.jpg\" \/>\n\t<meta property=\"og:image:width\" content=\"604\" \/>\n\t<meta property=\"og:image:height\" content=\"340\" \/>\n\t<meta property=\"og:image:type\" content=\"image\/jpeg\" \/>\n<meta name=\"twitter:card\" content=\"summary_large_image\" \/>\n<meta name=\"twitter:label1\" content=\"Tahmini okuma s\u00fcresi\" \/>\n\t<meta name=\"twitter:data1\" content=\"1 dakika\" \/>\n<script type=\"application\/ld+json\" class=\"yoast-schema-graph\">{\"@context\":\"https:\/\/schema.org\",\"@graph\":[{\"@type\":\"WebPage\",\"@id\":\"https:\/\/superprintpro.com\/product\/double-side-print-inkjet-printer-am208i32dp-for-textile-flag-material-with-8-heads-i3200\/\",\"url\":\"https:\/\/superprintpro.com\/product\/double-side-print-inkjet-printer-am208i32dp-for-textile-flag-material-with-8-heads-i3200\/\",\"name\":\"Double Side Print Inkjet Printer AM208I32DP for Textile Flag Material with 8 heads i3200 - Amo\",\"isPartOf\":{\"@id\":\"https:\/\/superprintpro.com\/#website\"},\"primaryImageOfPage\":{\"@id\":\"https:\/\/superprintpro.com\/product\/double-side-print-inkjet-printer-am208i32dp-for-textile-flag-material-with-8-heads-i3200\/#primaryimage\"},\"image\":{\"@id\":\"https:\/\/superprintpro.com\/product\/double-side-print-inkjet-printer-am208i32dp-for-textile-flag-material-with-8-heads-i3200\/#primaryimage\"},\"thumbnailUrl\":\"https:\/\/superprintpro.com\/wp-content\/uploads\/2025\/08\/double-side-print-inkjet-printer-am208i32dp-for-textile-flag-material-with-8-heads-i3200.jpg\",\"datePublished\":\"2025-08-18T09:54:54+00:00\",\"dateModified\":\"2025-08-21T07:39:42+00:00\",\"breadcrumb\":{\"@id\":\"https:\/\/superprintpro.com\/product\/double-side-print-inkjet-printer-am208i32dp-for-textile-flag-material-with-8-heads-i3200\/#breadcrumb\"},\"inLanguage\":\"tr\",\"potentialAction\":[{\"@type\":\"ReadAction\",\"target\":[\"https:\/\/superprintpro.com\/product\/double-side-print-inkjet-printer-am208i32dp-for-textile-flag-material-with-8-heads-i3200\/\"]}]},{\"@type\":\"ImageObject\",\"inLanguage\":\"tr\",\"@id\":\"https:\/\/superprintpro.com\/product\/double-side-print-inkjet-printer-am208i32dp-for-textile-flag-material-with-8-heads-i3200\/#primaryimage\",\"url\":\"https:\/\/superprintpro.com\/wp-content\/uploads\/2025\/08\/double-side-print-inkjet-printer-am208i32dp-for-textile-flag-material-with-8-heads-i3200.jpg\",\"contentUrl\":\"https:\/\/superprintpro.com\/wp-content\/uploads\/2025\/08\/double-side-print-inkjet-printer-am208i32dp-for-textile-flag-material-with-8-heads-i3200.jpg\",\"width\":604,\"height\":340,\"caption\":\"Double Side Print Inkjet Printer AM208I32DP for Textile Flag Material with 8 heads i3200\"},{\"@type\":\"BreadcrumbList\",\"@id\":\"https:\/\/superprintpro.com\/product\/double-side-print-inkjet-printer-am208i32dp-for-textile-flag-material-with-8-heads-i3200\/#breadcrumb\",\"itemListElement\":[{\"@type\":\"ListItem\",\"position\":1,\"name\":\"\u9996\u9875\",\"item\":\"https:\/\/superprintpro.com\/\"},{\"@type\":\"ListItem\",\"position\":2,\"name\":\"Shop\",\"item\":\"https:\/\/superprintpro.com\/shop\/\"},{\"@type\":\"ListItem\",\"position\":3,\"name\":\"Double Side Print Inkjet Printer AM208I32DP for Textile Flag Material with 8 heads i3200\"}]},{\"@type\":\"WebSite\",\"@id\":\"https:\/\/superprintpro.com\/#website\",\"url\":\"https:\/\/superprintpro.com\/\",\"name\":\"Amo\",\"description\":\"\",\"potentialAction\":[{\"@type\":\"SearchAction\",\"target\":{\"@type\":\"EntryPoint\",\"urlTemplate\":\"https:\/\/superprintpro.com\/?s={search_term_string}\"},\"query-input\":{\"@type\":\"PropertyValueSpecification\",\"valueRequired\":true,\"valueName\":\"search_term_string\"}}],\"inLanguage\":\"tr\"}]}<\/script>\n<!-- \/ Yoast SEO plugin. -->","yoast_head_json":{"title":"Double Side Print Inkjet Printer AM208I32DP for Textile Flag Material with 8 heads i3200 - Amo","robots":{"index":"index","follow":"follow","max-snippet":"max-snippet:-1","max-image-preview":"max-image-preview:large","max-video-preview":"max-video-preview:-1"},"canonical":"https:\/\/superprintpro.com\/tr\/urun\/double-side-print-inkjet-printer-am208i32dp-for-textile-flag-material-with-8-heads-i3200\/","og_locale":"tr_TR","og_type":"article","og_title":"Double Side Print Inkjet Printer AM208I32DP for Textile Flag Material with 8 heads i3200 - Amo","og_description":"For product details and the latest quotes, please contact our sales manager","og_url":"https:\/\/superprintpro.com\/tr\/urun\/double-side-print-inkjet-printer-am208i32dp-for-textile-flag-material-with-8-heads-i3200\/","og_site_name":"Amo","article_modified_time":"2025-08-21T07:39:42+00:00","og_image":[{"width":604,"height":340,"url":"https:\/\/superprintpro.com\/wp-content\/uploads\/2025\/08\/double-side-print-inkjet-printer-am208i32dp-for-textile-flag-material-with-8-heads-i3200.jpg","type":"image\/jpeg"}],"twitter_card":"summary_large_image","twitter_misc":{"Tahmini okuma s\u00fcresi":"1 dakika"},"schema":{"@context":"https:\/\/schema.org","@graph":[{"@type":"WebPage","@id":"https:\/\/superprintpro.com\/product\/double-side-print-inkjet-printer-am208i32dp-for-textile-flag-material-with-8-heads-i3200\/","url":"https:\/\/superprintpro.com\/product\/double-side-print-inkjet-printer-am208i32dp-for-textile-flag-material-with-8-heads-i3200\/","name":"Double Side Print Inkjet Printer AM208I32DP for Textile Flag Material with 8 heads i3200 - Amo","isPartOf":{"@id":"https:\/\/superprintpro.com\/#website"},"primaryImageOfPage":{"@id":"https:\/\/superprintpro.com\/product\/double-side-print-inkjet-printer-am208i32dp-for-textile-flag-material-with-8-heads-i3200\/#primaryimage"},"image":{"@id":"https:\/\/superprintpro.com\/product\/double-side-print-inkjet-printer-am208i32dp-for-textile-flag-material-with-8-heads-i3200\/#primaryimage"},"thumbnailUrl":"https:\/\/superprintpro.com\/wp-content\/uploads\/2025\/08\/double-side-print-inkjet-printer-am208i32dp-for-textile-flag-material-with-8-heads-i3200.jpg","datePublished":"2025-08-18T09:54:54+00:00","dateModified":"2025-08-21T07:39:42+00:00","breadcrumb":{"@id":"https:\/\/superprintpro.com\/product\/double-side-print-inkjet-printer-am208i32dp-for-textile-flag-material-with-8-heads-i3200\/#breadcrumb"},"inLanguage":"tr","potentialAction":[{"@type":"ReadAction","target":["https:\/\/superprintpro.com\/product\/double-side-print-inkjet-printer-am208i32dp-for-textile-flag-material-with-8-heads-i3200\/"]}]},{"@type":"ImageObject","inLanguage":"tr","@id":"https:\/\/superprintpro.com\/product\/double-side-print-inkjet-printer-am208i32dp-for-textile-flag-material-with-8-heads-i3200\/#primaryimage","url":"https:\/\/superprintpro.com\/wp-content\/uploads\/2025\/08\/double-side-print-inkjet-printer-am208i32dp-for-textile-flag-material-with-8-heads-i3200.jpg","contentUrl":"https:\/\/superprintpro.com\/wp-content\/uploads\/2025\/08\/double-side-print-inkjet-printer-am208i32dp-for-textile-flag-material-with-8-heads-i3200.jpg","width":604,"height":340,"caption":"Double Side Print Inkjet Printer AM208I32DP for Textile Flag Material with 8 heads i3200"},{"@type":"BreadcrumbList","@id":"https:\/\/superprintpro.com\/product\/double-side-print-inkjet-printer-am208i32dp-for-textile-flag-material-with-8-heads-i3200\/#breadcrumb","itemListElement":[{"@type":"ListItem","position":1,"name":"\u9996\u9875","item":"https:\/\/superprintpro.com\/"},{"@type":"ListItem","position":2,"name":"Shop","item":"https:\/\/superprintpro.com\/shop\/"},{"@type":"ListItem","position":3,"name":"Double Side Print Inkjet Printer AM208I32DP for Textile Flag Material with 8 heads i3200"}]},{"@type":"WebSite","@id":"https:\/\/superprintpro.com\/#website","url":"https:\/\/superprintpro.com\/","name":"Amo","description":"","potentialAction":[{"@type":"SearchAction","target":{"@type":"EntryPoint","urlTemplate":"https:\/\/superprintpro.com\/?s={search_term_string}"},"query-input":{"@type":"PropertyValueSpecification","valueRequired":true,"valueName":"search_term_string"}}],"inLanguage":"tr"}]}},"_links":{"self":[{"href":"https:\/\/superprintpro.com\/tr\/wp-json\/wp\/v2\/product\/30300","targetHints":{"allow":["GET"]}}],"collection":[{"href":"https:\/\/superprintpro.com\/tr\/wp-json\/wp\/v2\/product"}],"about":[{"href":"https:\/\/superprintpro.com\/tr\/wp-json\/wp\/v2\/types\/product"}],"replies":[{"embeddable":true,"href":"https:\/\/superprintpro.com\/tr\/wp-json\/wp\/v2\/comments?post=30300"}],"version-history":[{"count":1,"href":"https:\/\/superprintpro.com\/tr\/wp-json\/wp\/v2\/product\/30300\/revisions"}],"predecessor-version":[{"id":30302,"href":"https:\/\/superprintpro.com\/tr\/wp-json\/wp\/v2\/product\/30300\/revisions\/30302"}],"wp:featuredmedia":[{"embeddable":true,"href":"https:\/\/superprintpro.com\/tr\/wp-json\/wp\/v2\/media\/30301"}],"wp:attachment":[{"href":"https:\/\/superprintpro.com\/tr\/wp-json\/wp\/v2\/media?parent=30300"}],"wp:term":[{"taxonomy":"product_brand","embeddable":true,"href":"https:\/\/superprintpro.com\/tr\/wp-json\/wp\/v2\/product_brand?post=30300"},{"taxonomy":"product_cat","embeddable":true,"href":"https:\/\/superprintpro.com\/tr\/wp-json\/wp\/v2\/product_cat?post=30300"},{"taxonomy":"product_tag","embeddable":true,"href":"https:\/\/superprintpro.com\/tr\/wp-json\/wp\/v2\/product_tag?post=30300"}],"curies":[{"name":"wp","href":"https:\/\/api.w.org\/{rel}","templated":true}]}}