{"id":30285,"date":"2025-08-18T17:39:34","date_gmt":"2025-08-18T09:39:34","guid":{"rendered":"https:\/\/superprintpro.com\/?post_type=product&#038;p=30285"},"modified":"2025-08-18T17:39:34","modified_gmt":"2025-08-18T09:39:34","slug":"am1604a-direct-flag-printer-1-6meters-with-4-epson-i3200-printheads","status":"publish","type":"product","link":"https:\/\/superprintpro.com\/tr\/urun\/am1604a-direct-flag-printer-1-6meters-with-4-epson-i3200-printheads\/","title":{"rendered":"AM1604A Do\u011frudan Bayrak Yaz\u0131c\u0131 4 Epson I3200 bask\u0131 kafas\u0131 ile 1,6 metre"},"content":{"rendered":"<p>AM1604A Do\u011frudan Bayrak Yaz\u0131c\u0131, m\u00fcrekkep renklerini sabitlemek i\u00e7in bir f\u0131r\u0131n ile do\u011frudan bayrak tekstil malzemesine bask\u0131 yapabilir. Bu s\u00fcblimasyon yaz\u0131c\u0131s\u0131, transfer ka\u011f\u0131d\u0131na bask\u0131 yapmak i\u00e7in di\u011fer s\u00fcblimasyon bask\u0131s\u0131 gibi de\u011fildir, bu do\u011frudan s\u00fcblimasyon m\u00fcrekkep p\u00fcsk\u00fcrtmeli yaz\u0131c\u0131d\u0131r.<\/p>\n<p>Yaz\u0131c\u0131 kafas\u0131:<br \/>\n4 adet Epson i3200<br \/>\nBask\u0131 Geni\u015fli\u011fi:<br \/>\n1600mm<br \/>\nBask\u0131 H\u0131z\u0131:<br \/>\n360X1200DPI Saatte 140 metrekare<br \/>\n360X1800DPI Saatte 95 metrekare<br \/>\n720X1200DPI Saatte 70 metrekare<br \/>\nRIP Yaz\u0131l\u0131m\u0131:<br \/>\nMaintop6.1 o Foto\u011fraf Bask\u0131s\u0131<br \/>\nG\u00fc\u00e7 Giri\u015fi:<br \/>\nAC220\u00b15% 50Hz 6.5KW<br \/>\n\u00c7al\u0131\u015fma S\u0131cakl\u0131\u011f\u0131:<br \/>\n18C-28C<br \/>\n\u00c7al\u0131\u015fma nemi:<br \/>\n40%-60%<br \/>\nMakine A\u011f\u0131rl\u0131\u011f\u0131 (kg):<br \/>\n680<br \/>\nMakine Boyutu (mm):<br \/>\nL:2880xW:1320xH:1350<\/p>","protected":false},"excerpt":{"rendered":"<p>\u00dcr\u00fcn detaylar\u0131 ve en son fiyat teklifleri i\u00e7in l\u00fctfen sat\u0131\u015f m\u00fcd\u00fcr\u00fcm\u00fczle ileti\u015fime ge\u00e7in<\/p>","protected":false},"featured_media":30286,"comment_status":"open","ping_status":"closed","template":"","meta":[],"product_brand":[],"product_cat":[125],"product_tag":[],"class_list":{"0":"post-30285","1":"product","2":"type-product","3":"status-publish","4":"has-post-thumbnail","6":"product_cat-with-i3200-printhead-sublimation-printers","8":"first","9":"instock","10":"shipping-taxable","11":"purchasable","12":"product-type-simple"},"yoast_head":"<!-- This site is optimized with the Yoast SEO plugin v26.9 - https:\/\/yoast.com\/product\/yoast-seo-wordpress\/ -->\n<title>AM1604A Direct Flag Printer 1.6meters with 4 Epson I3200 printheads - Amo<\/title>\n<meta name=\"robots\" content=\"index, follow, max-snippet:-1, max-image-preview:large, max-video-preview:-1\" \/>\n<link rel=\"canonical\" href=\"https:\/\/superprintpro.com\/tr\/urun\/am1604a-direct-flag-printer-1-6meters-with-4-epson-i3200-printheads\/\" \/>\n<meta property=\"og:locale\" content=\"tr_TR\" \/>\n<meta property=\"og:type\" content=\"article\" \/>\n<meta property=\"og:title\" content=\"AM1604A Direct Flag Printer 1.6meters with 4 Epson I3200 printheads - Amo\" \/>\n<meta property=\"og:description\" content=\"For product details and the latest quotes, please contact our sales manager\" \/>\n<meta property=\"og:url\" content=\"https:\/\/superprintpro.com\/tr\/urun\/am1604a-direct-flag-printer-1-6meters-with-4-epson-i3200-printheads\/\" \/>\n<meta property=\"og:site_name\" content=\"Amo\" \/>\n<meta property=\"og:image\" content=\"https:\/\/superprintpro.com\/wp-content\/uploads\/2025\/08\/am1604a-direct-flag-printer-16meters-with-4-epson-i3200-printheads.jpg\" \/>\n\t<meta property=\"og:image:width\" content=\"612\" \/>\n\t<meta property=\"og:image:height\" content=\"344\" \/>\n\t<meta property=\"og:image:type\" content=\"image\/jpeg\" \/>\n<meta name=\"twitter:card\" content=\"summary_large_image\" \/>\n<script type=\"application\/ld+json\" class=\"yoast-schema-graph\">{\"@context\":\"https:\/\/schema.org\",\"@graph\":[{\"@type\":\"WebPage\",\"@id\":\"https:\/\/superprintpro.com\/product\/am1604a-direct-flag-printer-1-6meters-with-4-epson-i3200-printheads\/\",\"url\":\"https:\/\/superprintpro.com\/product\/am1604a-direct-flag-printer-1-6meters-with-4-epson-i3200-printheads\/\",\"name\":\"AM1604A Direct Flag Printer 1.6meters with 4 Epson I3200 printheads - Amo\",\"isPartOf\":{\"@id\":\"https:\/\/superprintpro.com\/#website\"},\"primaryImageOfPage\":{\"@id\":\"https:\/\/superprintpro.com\/product\/am1604a-direct-flag-printer-1-6meters-with-4-epson-i3200-printheads\/#primaryimage\"},\"image\":{\"@id\":\"https:\/\/superprintpro.com\/product\/am1604a-direct-flag-printer-1-6meters-with-4-epson-i3200-printheads\/#primaryimage\"},\"thumbnailUrl\":\"https:\/\/superprintpro.com\/wp-content\/uploads\/2025\/08\/am1604a-direct-flag-printer-16meters-with-4-epson-i3200-printheads.jpg\",\"datePublished\":\"2025-08-18T09:39:34+00:00\",\"breadcrumb\":{\"@id\":\"https:\/\/superprintpro.com\/product\/am1604a-direct-flag-printer-1-6meters-with-4-epson-i3200-printheads\/#breadcrumb\"},\"inLanguage\":\"tr\",\"potentialAction\":[{\"@type\":\"ReadAction\",\"target\":[\"https:\/\/superprintpro.com\/product\/am1604a-direct-flag-printer-1-6meters-with-4-epson-i3200-printheads\/\"]}]},{\"@type\":\"ImageObject\",\"inLanguage\":\"tr\",\"@id\":\"https:\/\/superprintpro.com\/product\/am1604a-direct-flag-printer-1-6meters-with-4-epson-i3200-printheads\/#primaryimage\",\"url\":\"https:\/\/superprintpro.com\/wp-content\/uploads\/2025\/08\/am1604a-direct-flag-printer-16meters-with-4-epson-i3200-printheads.jpg\",\"contentUrl\":\"https:\/\/superprintpro.com\/wp-content\/uploads\/2025\/08\/am1604a-direct-flag-printer-16meters-with-4-epson-i3200-printheads.jpg\",\"width\":612,\"height\":344,\"caption\":\"AM1604A Direct Flag Printer 1.6meters with 4 Epson I3200 printheads\"},{\"@type\":\"BreadcrumbList\",\"@id\":\"https:\/\/superprintpro.com\/product\/am1604a-direct-flag-printer-1-6meters-with-4-epson-i3200-printheads\/#breadcrumb\",\"itemListElement\":[{\"@type\":\"ListItem\",\"position\":1,\"name\":\"\u9996\u9875\",\"item\":\"https:\/\/superprintpro.com\/\"},{\"@type\":\"ListItem\",\"position\":2,\"name\":\"Shop\",\"item\":\"https:\/\/superprintpro.com\/shop\/\"},{\"@type\":\"ListItem\",\"position\":3,\"name\":\"AM1604A Direct Flag Printer 1.6meters with 4 Epson I3200 printheads\"}]},{\"@type\":\"WebSite\",\"@id\":\"https:\/\/superprintpro.com\/#website\",\"url\":\"https:\/\/superprintpro.com\/\",\"name\":\"Amo\",\"description\":\"\",\"potentialAction\":[{\"@type\":\"SearchAction\",\"target\":{\"@type\":\"EntryPoint\",\"urlTemplate\":\"https:\/\/superprintpro.com\/?s={search_term_string}\"},\"query-input\":{\"@type\":\"PropertyValueSpecification\",\"valueRequired\":true,\"valueName\":\"search_term_string\"}}],\"inLanguage\":\"tr\"}]}<\/script>\n<!-- \/ Yoast SEO plugin. -->","yoast_head_json":{"title":"AM1604A Do\u011frudan Bayrak Yaz\u0131c\u0131 4 Epson I3200 bask\u0131 kafal\u0131 1,6 metre - Amo","robots":{"index":"index","follow":"follow","max-snippet":"max-snippet:-1","max-image-preview":"max-image-preview:large","max-video-preview":"max-video-preview:-1"},"canonical":"https:\/\/superprintpro.com\/tr\/urun\/am1604a-direct-flag-printer-1-6meters-with-4-epson-i3200-printheads\/","og_locale":"tr_TR","og_type":"article","og_title":"AM1604A Direct Flag Printer 1.6meters with 4 Epson I3200 printheads - Amo","og_description":"For product details and the latest quotes, please contact our sales manager","og_url":"https:\/\/superprintpro.com\/tr\/urun\/am1604a-direct-flag-printer-1-6meters-with-4-epson-i3200-printheads\/","og_site_name":"Amo","og_image":[{"width":612,"height":344,"url":"https:\/\/superprintpro.com\/wp-content\/uploads\/2025\/08\/am1604a-direct-flag-printer-16meters-with-4-epson-i3200-printheads.jpg","type":"image\/jpeg"}],"twitter_card":"summary_large_image","schema":{"@context":"https:\/\/schema.org","@graph":[{"@type":"WebPage","@id":"https:\/\/superprintpro.com\/product\/am1604a-direct-flag-printer-1-6meters-with-4-epson-i3200-printheads\/","url":"https:\/\/superprintpro.com\/product\/am1604a-direct-flag-printer-1-6meters-with-4-epson-i3200-printheads\/","name":"AM1604A Do\u011frudan Bayrak Yaz\u0131c\u0131 4 Epson I3200 bask\u0131 kafal\u0131 1,6 metre - Amo","isPartOf":{"@id":"https:\/\/superprintpro.com\/#website"},"primaryImageOfPage":{"@id":"https:\/\/superprintpro.com\/product\/am1604a-direct-flag-printer-1-6meters-with-4-epson-i3200-printheads\/#primaryimage"},"image":{"@id":"https:\/\/superprintpro.com\/product\/am1604a-direct-flag-printer-1-6meters-with-4-epson-i3200-printheads\/#primaryimage"},"thumbnailUrl":"https:\/\/superprintpro.com\/wp-content\/uploads\/2025\/08\/am1604a-direct-flag-printer-16meters-with-4-epson-i3200-printheads.jpg","datePublished":"2025-08-18T09:39:34+00:00","breadcrumb":{"@id":"https:\/\/superprintpro.com\/product\/am1604a-direct-flag-printer-1-6meters-with-4-epson-i3200-printheads\/#breadcrumb"},"inLanguage":"tr","potentialAction":[{"@type":"ReadAction","target":["https:\/\/superprintpro.com\/product\/am1604a-direct-flag-printer-1-6meters-with-4-epson-i3200-printheads\/"]}]},{"@type":"ImageObject","inLanguage":"tr","@id":"https:\/\/superprintpro.com\/product\/am1604a-direct-flag-printer-1-6meters-with-4-epson-i3200-printheads\/#primaryimage","url":"https:\/\/superprintpro.com\/wp-content\/uploads\/2025\/08\/am1604a-direct-flag-printer-16meters-with-4-epson-i3200-printheads.jpg","contentUrl":"https:\/\/superprintpro.com\/wp-content\/uploads\/2025\/08\/am1604a-direct-flag-printer-16meters-with-4-epson-i3200-printheads.jpg","width":612,"height":344,"caption":"AM1604A Direct Flag Printer 1.6meters with 4 Epson I3200 printheads"},{"@type":"BreadcrumbList","@id":"https:\/\/superprintpro.com\/product\/am1604a-direct-flag-printer-1-6meters-with-4-epson-i3200-printheads\/#breadcrumb","itemListElement":[{"@type":"ListItem","position":1,"name":"\u9996\u9875","item":"https:\/\/superprintpro.com\/"},{"@type":"ListItem","position":2,"name":"Shop","item":"https:\/\/superprintpro.com\/shop\/"},{"@type":"ListItem","position":3,"name":"AM1604A Direct Flag Printer 1.6meters with 4 Epson I3200 printheads"}]},{"@type":"WebSite","@id":"https:\/\/superprintpro.com\/#website","url":"https:\/\/superprintpro.com\/","name":"Amo","description":"","potentialAction":[{"@type":"SearchAction","target":{"@type":"EntryPoint","urlTemplate":"https:\/\/superprintpro.com\/?s={search_term_string}"},"query-input":{"@type":"PropertyValueSpecification","valueRequired":true,"valueName":"search_term_string"}}],"inLanguage":"tr"}]}},"_links":{"self":[{"href":"https:\/\/superprintpro.com\/tr\/wp-json\/wp\/v2\/product\/30285","targetHints":{"allow":["GET"]}}],"collection":[{"href":"https:\/\/superprintpro.com\/tr\/wp-json\/wp\/v2\/product"}],"about":[{"href":"https:\/\/superprintpro.com\/tr\/wp-json\/wp\/v2\/types\/product"}],"replies":[{"embeddable":true,"href":"https:\/\/superprintpro.com\/tr\/wp-json\/wp\/v2\/comments?post=30285"}],"version-history":[{"count":1,"href":"https:\/\/superprintpro.com\/tr\/wp-json\/wp\/v2\/product\/30285\/revisions"}],"predecessor-version":[{"id":30287,"href":"https:\/\/superprintpro.com\/tr\/wp-json\/wp\/v2\/product\/30285\/revisions\/30287"}],"wp:featuredmedia":[{"embeddable":true,"href":"https:\/\/superprintpro.com\/tr\/wp-json\/wp\/v2\/media\/30286"}],"wp:attachment":[{"href":"https:\/\/superprintpro.com\/tr\/wp-json\/wp\/v2\/media?parent=30285"}],"wp:term":[{"taxonomy":"product_brand","embeddable":true,"href":"https:\/\/superprintpro.com\/tr\/wp-json\/wp\/v2\/product_brand?post=30285"},{"taxonomy":"product_cat","embeddable":true,"href":"https:\/\/superprintpro.com\/tr\/wp-json\/wp\/v2\/product_cat?post=30285"},{"taxonomy":"product_tag","embeddable":true,"href":"https:\/\/superprintpro.com\/tr\/wp-json\/wp\/v2\/product_tag?post=30285"}],"curies":[{"name":"wp","href":"https:\/\/api.w.org\/{rel}","templated":true}]}}