{"id":30256,"date":"2025-08-18T16:20:58","date_gmt":"2025-08-18T08:20:58","guid":{"rendered":"https:\/\/superprintpro.com\/?post_type=product&#038;p=30256"},"modified":"2025-08-18T16:20:59","modified_gmt":"2025-08-18T08:20:59","slug":"amo-hybrid-uv-inkjet-printer-am1800uvh12g6-with-12-ricoh-gen6-printhead","status":"publish","type":"product","link":"https:\/\/superprintpro.com\/tr\/urun\/amo-hybrid-uv-inkjet-printer-am1800uvh12g6-with-12-ricoh-gen6-printhead\/","title":{"rendered":"AMO Hibrit UV M\u00fcrekkep P\u00fcsk\u00fcrtmeli Yaz\u0131c\u0131 AM1800UVH12G6, 12 Ricoh Gen6 bask\u0131 kafas\u0131 ile"},"content":{"rendered":"<p>AMO Hibrit UV M\u00fcrekkep P\u00fcsk\u00fcrtmeli Yaz\u0131c\u0131 AM1800UVH12G6, 12 Ricoh Gen6 bask\u0131 kafal\u0131.<\/p>\n<p>Hibrit yaz\u0131c\u0131, UV flatbed ile uv rulodan ruloya yaz\u0131c\u0131y\u0131 tek bir makine olarak birle\u015ftirir, bu da rulodan ruloya yumu\u015fak malzemeye ve ayr\u0131ca sert flatbed karton malzemeye bask\u0131 yapabilece\u011fi anlam\u0131na gelir.<\/p>\n<p>1. Bask\u0131 geni\u015fli\u011fi 1,8 metre; Ricoh Gen6 y\u00fcksek h\u0131zl\u0131 inkjet Bask\u0131 Kafas\u0131, de\u011fi\u015fken m\u00fcrekkep damlas\u0131 teknolojisi ile;<br \/>\n2. \u00c7ift do\u011frusal y\u00fcksek hassasiyetli k\u0131lavuz ray ve kayd\u0131r\u0131c\u0131 + \u00e7ift servo AC motor;<br \/>\n3. Profesyonel Renk y\u00f6netimi yaz\u0131l\u0131m\u0131, Bask\u0131 kafas\u0131 ya\u015flanma renk fonksiyonu, m\u00fcrekkep tasarrufu \/ ak\u0131ll\u0131 dizgi fonksiyonu, daha y\u00fcksek renk restorasyonu (d\u00f6rt renk \"alt\u0131n \/ g\u00fcm\u00fc\u015f\" rengini y\u00fcksek oranda geri y\u00fckleyebilir);<br \/>\n4. Son derece hassas ya\u011fmurlama ba\u015fl\u0131\u011f\u0131 \u00e7arp\u0131\u015fma \u00f6nleme sisteminin patentli tasar\u0131m\u0131; LED su so\u011futmal\u0131 UV k\u00fcrleme lambas\u0131;<br \/>\n5. \u00c7ift hava genle\u015fmeli Silindir mili + \u00e7ift gerilimli y\u00fczer \u00e7ubuk ortam\u0131 yukar\u0131 ve a\u015fa\u011f\u0131 yuvarlanma sistemi, y\u00fcksek h\u0131zl\u0131 hareket ile sapma ve k\u0131r\u0131\u015f\u0131kl\u0131k yok, daha y\u00fcksek ad\u0131mlama do\u011frulu\u011fu;<br \/>\n6. Y\u00fcksek g\u00fc\u00e7l\u00fc elektrostatik eliminat\u00f6r, malzemelerin statik elektri\u011finin neden oldu\u011fu u\u00e7an m\u00fcrekkep ve bulan\u0131kl\u0131k gibi sorunlar\u0131 etkili bir \u015fekilde ortadan kald\u0131rabilir;<br \/>\n7. Bask\u0131 platformu, b\u00f6l\u00fcmlere ayr\u0131lm\u0131\u015f ba\u011f\u0131ms\u0131z adsorpsiyon ve adsorpsiyon boyutunun ba\u011f\u0131ms\u0131z olarak ayarlanmas\u0131 i\u015flevine sahiptir. G\u00fc\u00e7l\u00fc sessiz t\u00fcrbin \u00fcfleyici ile farkl\u0131 kal\u0131nl\u0131ktaki \u00e7e\u015fitli malzemelerin adsorpsiyonuna uyum sa\u011flayabilir ve farkl\u0131 karma\u015f\u0131k malzemeler i\u00e7in \u00e7al\u0131\u015fabilir.<\/p>\n<p>Maksimum Bask\u0131 Geni\u015fli\u011fi: 1800 mm<br \/>\nYaz\u0131c\u0131 Kafas\u0131: 12 adet Ricoh Gen6 Yaz\u0131c\u0131 Kafas\u0131<br \/>\nD\u00f6rt s\u0131ral\u0131 yaz\u0131c\u0131 kafas\u0131n\u0131n bask\u0131 h\u0131z\u0131<br \/>\nD\u0131\u015f \u0131\u015f\u0131k:35-260m\u00b2\/h<br \/>\n\u0130\u00e7 \u0131\u015f\u0131k:190-135m\u00b2\/h<br \/>\nC+W+C:33-66m\u00b2\/h<\/p>\n<p>Uygulama \u00e7\u00f6z\u00fcm\u00fc Yumu\u015fak film \/ Flex afi\u015f \/ Kaplamal\u0131 Flex afi\u015f \/ lamba par\u00e7as\u0131 \/ \u015feffaf elektrostatik<br \/>\nfilm \/ kanvas \/ deri \/ tekstil malzemesi (hemen hemen her yumu\u015fak malzeme) ve PVC Levha, akrilik levha vb. gibi d\u00fcz malzemeler.<br \/>\nG\u00fc\u00e7 AC220V\/50\/60HZ\/3800W<br \/>\nYaz\u0131c\u0131 boyutu: L4260mm*W1750mm*H1650mm<br \/>\nAmbalaj boyutu: L4310mm*W1800mm*H1700mm<br \/>\nNet Parlak A\u011f\u0131rl\u0131k: 1500 kg\/1800 kg<\/p>","protected":false},"excerpt":{"rendered":"<p>\u00dcr\u00fcn detaylar\u0131 ve en son fiyat teklifleri i\u00e7in l\u00fctfen sat\u0131\u015f m\u00fcd\u00fcr\u00fcm\u00fczle ileti\u015fime ge\u00e7in<\/p>","protected":false},"featured_media":30257,"comment_status":"open","ping_status":"closed","template":"","meta":[],"product_brand":[],"product_cat":[119],"product_tag":[],"class_list":{"0":"post-30256","1":"product","2":"type-product","3":"status-publish","4":"has-post-thumbnail","6":"product_cat-with-ricoh-gen6-printheads","8":"first","9":"instock","10":"shipping-taxable","11":"purchasable","12":"product-type-simple"},"yoast_head":"<!-- This site is optimized with the Yoast SEO plugin v26.9 - https:\/\/yoast.com\/product\/yoast-seo-wordpress\/ -->\n<title>AMO Hybrid UV Inkjet Printer AM1800UVH12G6 with 12 Ricoh Gen6 printhead - Amo<\/title>\n<meta name=\"robots\" content=\"index, follow, max-snippet:-1, max-image-preview:large, max-video-preview:-1\" \/>\n<link rel=\"canonical\" href=\"https:\/\/superprintpro.com\/tr\/urun\/amo-hybrid-uv-inkjet-printer-am1800uvh12g6-with-12-ricoh-gen6-printhead\/\" \/>\n<meta property=\"og:locale\" content=\"tr_TR\" \/>\n<meta property=\"og:type\" content=\"article\" \/>\n<meta property=\"og:title\" content=\"AMO Hybrid UV Inkjet Printer AM1800UVH12G6 with 12 Ricoh Gen6 printhead - Amo\" \/>\n<meta property=\"og:description\" content=\"For product details and the latest quotes, please contact our sales manager\" \/>\n<meta property=\"og:url\" content=\"https:\/\/superprintpro.com\/tr\/urun\/amo-hybrid-uv-inkjet-printer-am1800uvh12g6-with-12-ricoh-gen6-printhead\/\" \/>\n<meta property=\"og:site_name\" content=\"Amo\" \/>\n<meta property=\"article:modified_time\" content=\"2025-08-18T08:20:59+00:00\" \/>\n<meta property=\"og:image\" content=\"https:\/\/superprintpro.com\/wp-content\/uploads\/2025\/08\/amo-hybrid-uv-inkjet-printer-am1800uvh12g6-with-12-ricoh-gen6-printhead.jpg\" \/>\n\t<meta property=\"og:image:width\" content=\"602\" \/>\n\t<meta property=\"og:image:height\" content=\"339\" \/>\n\t<meta property=\"og:image:type\" content=\"image\/jpeg\" \/>\n<meta name=\"twitter:card\" content=\"summary_large_image\" \/>\n<meta name=\"twitter:label1\" content=\"Tahmini okuma s\u00fcresi\" \/>\n\t<meta name=\"twitter:data1\" content=\"1 dakika\" \/>\n<script type=\"application\/ld+json\" class=\"yoast-schema-graph\">{\"@context\":\"https:\/\/schema.org\",\"@graph\":[{\"@type\":\"WebPage\",\"@id\":\"https:\/\/superprintpro.com\/product\/amo-hybrid-uv-inkjet-printer-am1800uvh12g6-with-12-ricoh-gen6-printhead\/\",\"url\":\"https:\/\/superprintpro.com\/product\/amo-hybrid-uv-inkjet-printer-am1800uvh12g6-with-12-ricoh-gen6-printhead\/\",\"name\":\"AMO Hybrid UV Inkjet Printer AM1800UVH12G6 with 12 Ricoh Gen6 printhead - Amo\",\"isPartOf\":{\"@id\":\"https:\/\/superprintpro.com\/#website\"},\"primaryImageOfPage\":{\"@id\":\"https:\/\/superprintpro.com\/product\/amo-hybrid-uv-inkjet-printer-am1800uvh12g6-with-12-ricoh-gen6-printhead\/#primaryimage\"},\"image\":{\"@id\":\"https:\/\/superprintpro.com\/product\/amo-hybrid-uv-inkjet-printer-am1800uvh12g6-with-12-ricoh-gen6-printhead\/#primaryimage\"},\"thumbnailUrl\":\"https:\/\/superprintpro.com\/wp-content\/uploads\/2025\/08\/amo-hybrid-uv-inkjet-printer-am1800uvh12g6-with-12-ricoh-gen6-printhead.jpg\",\"datePublished\":\"2025-08-18T08:20:58+00:00\",\"dateModified\":\"2025-08-18T08:20:59+00:00\",\"breadcrumb\":{\"@id\":\"https:\/\/superprintpro.com\/product\/amo-hybrid-uv-inkjet-printer-am1800uvh12g6-with-12-ricoh-gen6-printhead\/#breadcrumb\"},\"inLanguage\":\"tr\",\"potentialAction\":[{\"@type\":\"ReadAction\",\"target\":[\"https:\/\/superprintpro.com\/product\/amo-hybrid-uv-inkjet-printer-am1800uvh12g6-with-12-ricoh-gen6-printhead\/\"]}]},{\"@type\":\"ImageObject\",\"inLanguage\":\"tr\",\"@id\":\"https:\/\/superprintpro.com\/product\/amo-hybrid-uv-inkjet-printer-am1800uvh12g6-with-12-ricoh-gen6-printhead\/#primaryimage\",\"url\":\"https:\/\/superprintpro.com\/wp-content\/uploads\/2025\/08\/amo-hybrid-uv-inkjet-printer-am1800uvh12g6-with-12-ricoh-gen6-printhead.jpg\",\"contentUrl\":\"https:\/\/superprintpro.com\/wp-content\/uploads\/2025\/08\/amo-hybrid-uv-inkjet-printer-am1800uvh12g6-with-12-ricoh-gen6-printhead.jpg\",\"width\":602,\"height\":339,\"caption\":\"AMO Hybrid UV Inkjet Printer AM1800UVH12G6 with 12 Ricoh Gen6 printhead\"},{\"@type\":\"BreadcrumbList\",\"@id\":\"https:\/\/superprintpro.com\/product\/amo-hybrid-uv-inkjet-printer-am1800uvh12g6-with-12-ricoh-gen6-printhead\/#breadcrumb\",\"itemListElement\":[{\"@type\":\"ListItem\",\"position\":1,\"name\":\"\u9996\u9875\",\"item\":\"https:\/\/superprintpro.com\/\"},{\"@type\":\"ListItem\",\"position\":2,\"name\":\"Shop\",\"item\":\"https:\/\/superprintpro.com\/shop\/\"},{\"@type\":\"ListItem\",\"position\":3,\"name\":\"AMO Hybrid UV Inkjet Printer AM1800UVH12G6 with 12 Ricoh Gen6 printhead\"}]},{\"@type\":\"WebSite\",\"@id\":\"https:\/\/superprintpro.com\/#website\",\"url\":\"https:\/\/superprintpro.com\/\",\"name\":\"Amo\",\"description\":\"\",\"potentialAction\":[{\"@type\":\"SearchAction\",\"target\":{\"@type\":\"EntryPoint\",\"urlTemplate\":\"https:\/\/superprintpro.com\/?s={search_term_string}\"},\"query-input\":{\"@type\":\"PropertyValueSpecification\",\"valueRequired\":true,\"valueName\":\"search_term_string\"}}],\"inLanguage\":\"tr\"}]}<\/script>\n<!-- \/ Yoast SEO plugin. -->","yoast_head_json":{"title":"AMO Hybrid UV Inkjet Printer AM1800UVH12G6 with 12 Ricoh Gen6 printhead - Amo","robots":{"index":"index","follow":"follow","max-snippet":"max-snippet:-1","max-image-preview":"max-image-preview:large","max-video-preview":"max-video-preview:-1"},"canonical":"https:\/\/superprintpro.com\/tr\/urun\/amo-hybrid-uv-inkjet-printer-am1800uvh12g6-with-12-ricoh-gen6-printhead\/","og_locale":"tr_TR","og_type":"article","og_title":"AMO Hybrid UV Inkjet Printer AM1800UVH12G6 with 12 Ricoh Gen6 printhead - Amo","og_description":"For product details and the latest quotes, please contact our sales manager","og_url":"https:\/\/superprintpro.com\/tr\/urun\/amo-hybrid-uv-inkjet-printer-am1800uvh12g6-with-12-ricoh-gen6-printhead\/","og_site_name":"Amo","article_modified_time":"2025-08-18T08:20:59+00:00","og_image":[{"width":602,"height":339,"url":"https:\/\/superprintpro.com\/wp-content\/uploads\/2025\/08\/amo-hybrid-uv-inkjet-printer-am1800uvh12g6-with-12-ricoh-gen6-printhead.jpg","type":"image\/jpeg"}],"twitter_card":"summary_large_image","twitter_misc":{"Tahmini okuma s\u00fcresi":"1 dakika"},"schema":{"@context":"https:\/\/schema.org","@graph":[{"@type":"WebPage","@id":"https:\/\/superprintpro.com\/product\/amo-hybrid-uv-inkjet-printer-am1800uvh12g6-with-12-ricoh-gen6-printhead\/","url":"https:\/\/superprintpro.com\/product\/amo-hybrid-uv-inkjet-printer-am1800uvh12g6-with-12-ricoh-gen6-printhead\/","name":"AMO Hybrid UV Inkjet Printer AM1800UVH12G6 with 12 Ricoh Gen6 printhead - Amo","isPartOf":{"@id":"https:\/\/superprintpro.com\/#website"},"primaryImageOfPage":{"@id":"https:\/\/superprintpro.com\/product\/amo-hybrid-uv-inkjet-printer-am1800uvh12g6-with-12-ricoh-gen6-printhead\/#primaryimage"},"image":{"@id":"https:\/\/superprintpro.com\/product\/amo-hybrid-uv-inkjet-printer-am1800uvh12g6-with-12-ricoh-gen6-printhead\/#primaryimage"},"thumbnailUrl":"https:\/\/superprintpro.com\/wp-content\/uploads\/2025\/08\/amo-hybrid-uv-inkjet-printer-am1800uvh12g6-with-12-ricoh-gen6-printhead.jpg","datePublished":"2025-08-18T08:20:58+00:00","dateModified":"2025-08-18T08:20:59+00:00","breadcrumb":{"@id":"https:\/\/superprintpro.com\/product\/amo-hybrid-uv-inkjet-printer-am1800uvh12g6-with-12-ricoh-gen6-printhead\/#breadcrumb"},"inLanguage":"tr","potentialAction":[{"@type":"ReadAction","target":["https:\/\/superprintpro.com\/product\/amo-hybrid-uv-inkjet-printer-am1800uvh12g6-with-12-ricoh-gen6-printhead\/"]}]},{"@type":"ImageObject","inLanguage":"tr","@id":"https:\/\/superprintpro.com\/product\/amo-hybrid-uv-inkjet-printer-am1800uvh12g6-with-12-ricoh-gen6-printhead\/#primaryimage","url":"https:\/\/superprintpro.com\/wp-content\/uploads\/2025\/08\/amo-hybrid-uv-inkjet-printer-am1800uvh12g6-with-12-ricoh-gen6-printhead.jpg","contentUrl":"https:\/\/superprintpro.com\/wp-content\/uploads\/2025\/08\/amo-hybrid-uv-inkjet-printer-am1800uvh12g6-with-12-ricoh-gen6-printhead.jpg","width":602,"height":339,"caption":"AMO Hybrid UV Inkjet Printer AM1800UVH12G6 with 12 Ricoh Gen6 printhead"},{"@type":"BreadcrumbList","@id":"https:\/\/superprintpro.com\/product\/amo-hybrid-uv-inkjet-printer-am1800uvh12g6-with-12-ricoh-gen6-printhead\/#breadcrumb","itemListElement":[{"@type":"ListItem","position":1,"name":"\u9996\u9875","item":"https:\/\/superprintpro.com\/"},{"@type":"ListItem","position":2,"name":"Shop","item":"https:\/\/superprintpro.com\/shop\/"},{"@type":"ListItem","position":3,"name":"AMO Hybrid UV Inkjet Printer AM1800UVH12G6 with 12 Ricoh Gen6 printhead"}]},{"@type":"WebSite","@id":"https:\/\/superprintpro.com\/#website","url":"https:\/\/superprintpro.com\/","name":"Amo","description":"","potentialAction":[{"@type":"SearchAction","target":{"@type":"EntryPoint","urlTemplate":"https:\/\/superprintpro.com\/?s={search_term_string}"},"query-input":{"@type":"PropertyValueSpecification","valueRequired":true,"valueName":"search_term_string"}}],"inLanguage":"tr"}]}},"_links":{"self":[{"href":"https:\/\/superprintpro.com\/tr\/wp-json\/wp\/v2\/product\/30256","targetHints":{"allow":["GET"]}}],"collection":[{"href":"https:\/\/superprintpro.com\/tr\/wp-json\/wp\/v2\/product"}],"about":[{"href":"https:\/\/superprintpro.com\/tr\/wp-json\/wp\/v2\/types\/product"}],"replies":[{"embeddable":true,"href":"https:\/\/superprintpro.com\/tr\/wp-json\/wp\/v2\/comments?post=30256"}],"version-history":[{"count":1,"href":"https:\/\/superprintpro.com\/tr\/wp-json\/wp\/v2\/product\/30256\/revisions"}],"predecessor-version":[{"id":30258,"href":"https:\/\/superprintpro.com\/tr\/wp-json\/wp\/v2\/product\/30256\/revisions\/30258"}],"wp:featuredmedia":[{"embeddable":true,"href":"https:\/\/superprintpro.com\/tr\/wp-json\/wp\/v2\/media\/30257"}],"wp:attachment":[{"href":"https:\/\/superprintpro.com\/tr\/wp-json\/wp\/v2\/media?parent=30256"}],"wp:term":[{"taxonomy":"product_brand","embeddable":true,"href":"https:\/\/superprintpro.com\/tr\/wp-json\/wp\/v2\/product_brand?post=30256"},{"taxonomy":"product_cat","embeddable":true,"href":"https:\/\/superprintpro.com\/tr\/wp-json\/wp\/v2\/product_cat?post=30256"},{"taxonomy":"product_tag","embeddable":true,"href":"https:\/\/superprintpro.com\/tr\/wp-json\/wp\/v2\/product_tag?post=30256"}],"curies":[{"name":"wp","href":"https:\/\/api.w.org\/{rel}","templated":true}]}}