{"id":30218,"date":"2025-08-18T15:42:56","date_gmt":"2025-08-18T07:42:56","guid":{"rendered":"https:\/\/superprintpro.com\/?post_type=product&#038;p=30218"},"modified":"2025-08-18T15:42:56","modified_gmt":"2025-08-18T07:42:56","slug":"amo-uv-flatbed-inkjet-printer-am2412uvb3g6-with-3-pieces-ricoh-gen6-printheads","status":"publish","type":"product","link":"https:\/\/superprintpro.com\/tr\/urun\/amo-uv-flatbed-inkjet-printer-am2412uvb3g6-with-3-pieces-ricoh-gen6-printheads\/","title":{"rendered":"AMO UV Flatbed M\u00fcrekkep P\u00fcsk\u00fcrtmeli Yaz\u0131c\u0131 AM2412UVB3G6, 3 adet Ricoh Gen6 Bask\u0131 Kafas\u0131 ile"},"content":{"rendered":"<p>AMO UV Flatbed M\u00fcrekkep P\u00fcsk\u00fcrtmeli Yaz\u0131c\u0131 AM2412UVB3G6, 3 adet Ricoh Gen6 Bask\u0131 Kafas\u0131 ile<\/p>\n<p>1. 3 adet Ricoh G6 ile donat\u0131n<br \/>\n2. Sessiz lineer k\u0131lavuz ray ve kayd\u0131r\u0131c\u0131 ve y\u00fcksek hassasiyetli motor ile donat\u0131lm\u0131\u015ft\u0131r<br \/>\n3. Otomatik y\u00fcksek hassasiyetli y\u00fckseklik \u00f6l\u00e7\u00fcm cihaz\u0131. Yaz\u0131c\u0131 kafas\u0131 i\u00e7in 2 tarafta \u00e7arp\u0131\u015fma \u00f6nleyici cihaz ile donat\u0131lm\u0131\u015ft\u0131r;<br \/>\n4. Tek tu\u015fla otomatik konumland\u0131rma i\u015flevi, daha b\u00fcy\u00fck boyutlu panolara daha kolay bask\u0131 i\u00e7in donat\u0131lm\u0131\u015ft\u0131r, tek ki\u015fi taraf\u0131ndan daha rahat ve kullan\u0131m\u0131 kolayd\u0131r;<br \/>\n5. Y\u00fcksek g\u00fc\u00e7l\u00fc elektrostatik eliminat\u00f6r, bask\u0131 malzemeleri \u00fczerindeki statik elektri\u011fi etkili bir \u015fekilde ortadan kald\u0131r\u0131r, u\u00e7an m\u00fcrekkebin neden oldu\u011fu statik elektri\u011fi veya bask\u0131daki bo\u015fluklar\u0131 ortadan kald\u0131r\u0131r.<br \/>\n6. Yaz\u0131c\u0131 kafas\u0131 otomatik fla\u015f p\u00fcsk\u00fcrtme i\u015flevi, bekleme durumunda, yaz\u0131c\u0131 kafas\u0131n\u0131n nozullar\u0131, nozullar\u0131n kurumas\u0131n\u0131 \u00f6nlemek i\u00e7in her 2 saatte bir otomatik olarak p\u00fcsk\u00fcrt\u00fcl\u00fcr;<br \/>\n7. \u0130kincil kartu\u015f sabit s\u0131cakl\u0131k \u0131s\u0131tma fonksiyonu, beyaz m\u00fcrekkep i\u00e7 sirk\u00fclasyon fonksiyonu, beyaz m\u00fcrekkep \u00e7\u00f6kelmesini \u00f6nler, m\u00fcrekkep ak\u0131c\u0131l\u0131\u011f\u0131n\u0131 art\u0131r\u0131r, t\u0131kanma olas\u0131l\u0131\u011f\u0131n\u0131 azalt\u0131r;<br \/>\n8. Manuel mekanik valf anahtar\u0131, cihaz kapat\u0131ld\u0131\u011f\u0131nda m\u00fcrekkebin geri akmas\u0131n\u0131 \u00f6nler, b\u00f6ylece daha fazla m\u00fcrekkep tasarrufu sa\u011flar;<br \/>\n9.3-4.5Kw y\u00fcksek g\u00fc\u00e7l\u00fc g\u00fc\u00e7l\u00fc t\u00fcrbin emme fan\u0131, susturucu ile donat\u0131lm\u0131\u015f, g\u00fc\u00e7l\u00fc emme g\u00fcc\u00fc ve sessiz ortam sunar<\/p>\n<p>Makine parametreleri<br \/>\nMaksimum Bask\u0131 Geni\u015fli\u011fi: 240cm*120cm<br \/>\nBask\u0131 Y\u00fcksekli\u011fi: 150 mm ila 300 mm \u00d6zelle\u015ftirilebilir<br \/>\nBask\u0131 Kafas\u0131: 3 adet Ricoh Gen6 Bask\u0131 Kafas\u0131<br \/>\nBask\u0131 h\u0131z\u0131: 12-45m\u00b2\/sa<br \/>\nMalzeme: Neredeyse t\u00fcm d\u00fcz yatakl\u0131 malzemeleri, \u00fc\u00e7 boyutlu, i\u00e7b\u00fckey ve d\u0131\u015fb\u00fckey yumu\u015fak ve sert malzemeleri yazd\u0131rabilir:<br \/>\nakrilik levha, metal levha, cam, ah\u015fap levha, seramik d\u00f6\u015feme tahtas\u0131, plastik deri, tekstil bezi, vb.<br \/>\nduvar ka\u011f\u0131d\u0131, PC\/PE\/PVC<br \/>\nG\u00fc\u00e7: AC220\/110\u00b110.50HZ~60HZ,4500W\/6000W<br \/>\nMakine Boyutu \/ Ambalaj Boyutu: L4100mm * W2060mm * H1400mmL \/ 4360mm * W2120mm * H1610mm<br \/>\nNet\/Br\u00fct A\u011f\u0131rl\u0131k 1550kg\/1670kg<\/p>","protected":false},"excerpt":{"rendered":"<p>\u00dcr\u00fcn detaylar\u0131 ve en son fiyat teklifleri i\u00e7in l\u00fctfen sat\u0131\u015f m\u00fcd\u00fcr\u00fcm\u00fczle ileti\u015fime ge\u00e7in<\/p>","protected":false},"featured_media":30219,"comment_status":"open","ping_status":"closed","template":"","meta":[],"product_brand":[],"product_cat":[111],"product_tag":[],"class_list":{"0":"post-30218","1":"product","2":"type-product","3":"status-publish","4":"has-post-thumbnail","6":"product_cat-with-ricoh-gen6-printhead","8":"first","9":"instock","10":"shipping-taxable","11":"purchasable","12":"product-type-simple"},"yoast_head":"<!-- This site is optimized with the Yoast SEO plugin v26.9 - https:\/\/yoast.com\/product\/yoast-seo-wordpress\/ -->\n<title>AMO UV Flatbed Inkjet Printer AM2412UVB3G6 with 3 pieces Ricoh Gen6 Printheads - Amo<\/title>\n<meta name=\"robots\" content=\"index, follow, max-snippet:-1, max-image-preview:large, max-video-preview:-1\" \/>\n<link rel=\"canonical\" href=\"https:\/\/superprintpro.com\/tr\/urun\/amo-uv-flatbed-inkjet-printer-am2412uvb3g6-with-3-pieces-ricoh-gen6-printheads\/\" \/>\n<meta property=\"og:locale\" content=\"tr_TR\" \/>\n<meta property=\"og:type\" content=\"article\" \/>\n<meta property=\"og:title\" content=\"AMO UV Flatbed Inkjet Printer AM2412UVB3G6 with 3 pieces Ricoh Gen6 Printheads - Amo\" \/>\n<meta property=\"og:description\" content=\"For product details and the latest quotes, please contact our sales manager\" \/>\n<meta property=\"og:url\" content=\"https:\/\/superprintpro.com\/tr\/urun\/amo-uv-flatbed-inkjet-printer-am2412uvb3g6-with-3-pieces-ricoh-gen6-printheads\/\" \/>\n<meta property=\"og:site_name\" content=\"Amo\" \/>\n<meta property=\"og:image\" content=\"https:\/\/superprintpro.com\/wp-content\/uploads\/2025\/08\/amo-uv-flatbed-inkjet-printer-am2412uvb3g6-with-3-pieces-ricoh-gen6-printheads.jpg\" \/>\n\t<meta property=\"og:image:width\" content=\"800\" \/>\n\t<meta property=\"og:image:height\" content=\"548\" \/>\n\t<meta property=\"og:image:type\" content=\"image\/jpeg\" \/>\n<meta name=\"twitter:card\" content=\"summary_large_image\" \/>\n<meta name=\"twitter:label1\" content=\"Tahmini okuma s\u00fcresi\" \/>\n\t<meta name=\"twitter:data1\" content=\"1 dakika\" \/>\n<script type=\"application\/ld+json\" class=\"yoast-schema-graph\">{\"@context\":\"https:\/\/schema.org\",\"@graph\":[{\"@type\":\"WebPage\",\"@id\":\"https:\/\/superprintpro.com\/product\/amo-uv-flatbed-inkjet-printer-am2412uvb3g6-with-3-pieces-ricoh-gen6-printheads\/\",\"url\":\"https:\/\/superprintpro.com\/product\/amo-uv-flatbed-inkjet-printer-am2412uvb3g6-with-3-pieces-ricoh-gen6-printheads\/\",\"name\":\"AMO UV Flatbed Inkjet Printer AM2412UVB3G6 with 3 pieces Ricoh Gen6 Printheads - Amo\",\"isPartOf\":{\"@id\":\"https:\/\/superprintpro.com\/#website\"},\"primaryImageOfPage\":{\"@id\":\"https:\/\/superprintpro.com\/product\/amo-uv-flatbed-inkjet-printer-am2412uvb3g6-with-3-pieces-ricoh-gen6-printheads\/#primaryimage\"},\"image\":{\"@id\":\"https:\/\/superprintpro.com\/product\/amo-uv-flatbed-inkjet-printer-am2412uvb3g6-with-3-pieces-ricoh-gen6-printheads\/#primaryimage\"},\"thumbnailUrl\":\"https:\/\/superprintpro.com\/wp-content\/uploads\/2025\/08\/amo-uv-flatbed-inkjet-printer-am2412uvb3g6-with-3-pieces-ricoh-gen6-printheads.jpg\",\"datePublished\":\"2025-08-18T07:42:56+00:00\",\"breadcrumb\":{\"@id\":\"https:\/\/superprintpro.com\/product\/amo-uv-flatbed-inkjet-printer-am2412uvb3g6-with-3-pieces-ricoh-gen6-printheads\/#breadcrumb\"},\"inLanguage\":\"tr\",\"potentialAction\":[{\"@type\":\"ReadAction\",\"target\":[\"https:\/\/superprintpro.com\/product\/amo-uv-flatbed-inkjet-printer-am2412uvb3g6-with-3-pieces-ricoh-gen6-printheads\/\"]}]},{\"@type\":\"ImageObject\",\"inLanguage\":\"tr\",\"@id\":\"https:\/\/superprintpro.com\/product\/amo-uv-flatbed-inkjet-printer-am2412uvb3g6-with-3-pieces-ricoh-gen6-printheads\/#primaryimage\",\"url\":\"https:\/\/superprintpro.com\/wp-content\/uploads\/2025\/08\/amo-uv-flatbed-inkjet-printer-am2412uvb3g6-with-3-pieces-ricoh-gen6-printheads.jpg\",\"contentUrl\":\"https:\/\/superprintpro.com\/wp-content\/uploads\/2025\/08\/amo-uv-flatbed-inkjet-printer-am2412uvb3g6-with-3-pieces-ricoh-gen6-printheads.jpg\",\"width\":800,\"height\":548,\"caption\":\"AMO UV Flatbed Inkjet Printer AM2412UVB3G6 with 3 pieces Ricoh Gen6 Printheads\"},{\"@type\":\"BreadcrumbList\",\"@id\":\"https:\/\/superprintpro.com\/product\/amo-uv-flatbed-inkjet-printer-am2412uvb3g6-with-3-pieces-ricoh-gen6-printheads\/#breadcrumb\",\"itemListElement\":[{\"@type\":\"ListItem\",\"position\":1,\"name\":\"\u9996\u9875\",\"item\":\"https:\/\/superprintpro.com\/\"},{\"@type\":\"ListItem\",\"position\":2,\"name\":\"Shop\",\"item\":\"https:\/\/superprintpro.com\/shop\/\"},{\"@type\":\"ListItem\",\"position\":3,\"name\":\"AMO UV Flatbed Inkjet Printer AM2412UVB3G6 with 3 pieces Ricoh Gen6 Printheads\"}]},{\"@type\":\"WebSite\",\"@id\":\"https:\/\/superprintpro.com\/#website\",\"url\":\"https:\/\/superprintpro.com\/\",\"name\":\"Amo\",\"description\":\"\",\"potentialAction\":[{\"@type\":\"SearchAction\",\"target\":{\"@type\":\"EntryPoint\",\"urlTemplate\":\"https:\/\/superprintpro.com\/?s={search_term_string}\"},\"query-input\":{\"@type\":\"PropertyValueSpecification\",\"valueRequired\":true,\"valueName\":\"search_term_string\"}}],\"inLanguage\":\"tr\"}]}<\/script>\n<!-- \/ Yoast SEO plugin. -->","yoast_head_json":{"title":"AMO UV Flatbed Inkjet Printer AM2412UVB3G6 with 3 pieces Ricoh Gen6 Printheads - Amo","robots":{"index":"index","follow":"follow","max-snippet":"max-snippet:-1","max-image-preview":"max-image-preview:large","max-video-preview":"max-video-preview:-1"},"canonical":"https:\/\/superprintpro.com\/tr\/urun\/amo-uv-flatbed-inkjet-printer-am2412uvb3g6-with-3-pieces-ricoh-gen6-printheads\/","og_locale":"tr_TR","og_type":"article","og_title":"AMO UV Flatbed Inkjet Printer AM2412UVB3G6 with 3 pieces Ricoh Gen6 Printheads - Amo","og_description":"For product details and the latest quotes, please contact our sales manager","og_url":"https:\/\/superprintpro.com\/tr\/urun\/amo-uv-flatbed-inkjet-printer-am2412uvb3g6-with-3-pieces-ricoh-gen6-printheads\/","og_site_name":"Amo","og_image":[{"width":800,"height":548,"url":"https:\/\/superprintpro.com\/wp-content\/uploads\/2025\/08\/amo-uv-flatbed-inkjet-printer-am2412uvb3g6-with-3-pieces-ricoh-gen6-printheads.jpg","type":"image\/jpeg"}],"twitter_card":"summary_large_image","twitter_misc":{"Tahmini okuma s\u00fcresi":"1 dakika"},"schema":{"@context":"https:\/\/schema.org","@graph":[{"@type":"WebPage","@id":"https:\/\/superprintpro.com\/product\/amo-uv-flatbed-inkjet-printer-am2412uvb3g6-with-3-pieces-ricoh-gen6-printheads\/","url":"https:\/\/superprintpro.com\/product\/amo-uv-flatbed-inkjet-printer-am2412uvb3g6-with-3-pieces-ricoh-gen6-printheads\/","name":"AMO UV Flatbed Inkjet Printer AM2412UVB3G6 with 3 pieces Ricoh Gen6 Printheads - Amo","isPartOf":{"@id":"https:\/\/superprintpro.com\/#website"},"primaryImageOfPage":{"@id":"https:\/\/superprintpro.com\/product\/amo-uv-flatbed-inkjet-printer-am2412uvb3g6-with-3-pieces-ricoh-gen6-printheads\/#primaryimage"},"image":{"@id":"https:\/\/superprintpro.com\/product\/amo-uv-flatbed-inkjet-printer-am2412uvb3g6-with-3-pieces-ricoh-gen6-printheads\/#primaryimage"},"thumbnailUrl":"https:\/\/superprintpro.com\/wp-content\/uploads\/2025\/08\/amo-uv-flatbed-inkjet-printer-am2412uvb3g6-with-3-pieces-ricoh-gen6-printheads.jpg","datePublished":"2025-08-18T07:42:56+00:00","breadcrumb":{"@id":"https:\/\/superprintpro.com\/product\/amo-uv-flatbed-inkjet-printer-am2412uvb3g6-with-3-pieces-ricoh-gen6-printheads\/#breadcrumb"},"inLanguage":"tr","potentialAction":[{"@type":"ReadAction","target":["https:\/\/superprintpro.com\/product\/amo-uv-flatbed-inkjet-printer-am2412uvb3g6-with-3-pieces-ricoh-gen6-printheads\/"]}]},{"@type":"ImageObject","inLanguage":"tr","@id":"https:\/\/superprintpro.com\/product\/amo-uv-flatbed-inkjet-printer-am2412uvb3g6-with-3-pieces-ricoh-gen6-printheads\/#primaryimage","url":"https:\/\/superprintpro.com\/wp-content\/uploads\/2025\/08\/amo-uv-flatbed-inkjet-printer-am2412uvb3g6-with-3-pieces-ricoh-gen6-printheads.jpg","contentUrl":"https:\/\/superprintpro.com\/wp-content\/uploads\/2025\/08\/amo-uv-flatbed-inkjet-printer-am2412uvb3g6-with-3-pieces-ricoh-gen6-printheads.jpg","width":800,"height":548,"caption":"AMO UV Flatbed Inkjet Printer AM2412UVB3G6 with 3 pieces Ricoh Gen6 Printheads"},{"@type":"BreadcrumbList","@id":"https:\/\/superprintpro.com\/product\/amo-uv-flatbed-inkjet-printer-am2412uvb3g6-with-3-pieces-ricoh-gen6-printheads\/#breadcrumb","itemListElement":[{"@type":"ListItem","position":1,"name":"\u9996\u9875","item":"https:\/\/superprintpro.com\/"},{"@type":"ListItem","position":2,"name":"Shop","item":"https:\/\/superprintpro.com\/shop\/"},{"@type":"ListItem","position":3,"name":"AMO UV Flatbed Inkjet Printer AM2412UVB3G6 with 3 pieces Ricoh Gen6 Printheads"}]},{"@type":"WebSite","@id":"https:\/\/superprintpro.com\/#website","url":"https:\/\/superprintpro.com\/","name":"Amo","description":"","potentialAction":[{"@type":"SearchAction","target":{"@type":"EntryPoint","urlTemplate":"https:\/\/superprintpro.com\/?s={search_term_string}"},"query-input":{"@type":"PropertyValueSpecification","valueRequired":true,"valueName":"search_term_string"}}],"inLanguage":"tr"}]}},"_links":{"self":[{"href":"https:\/\/superprintpro.com\/tr\/wp-json\/wp\/v2\/product\/30218","targetHints":{"allow":["GET"]}}],"collection":[{"href":"https:\/\/superprintpro.com\/tr\/wp-json\/wp\/v2\/product"}],"about":[{"href":"https:\/\/superprintpro.com\/tr\/wp-json\/wp\/v2\/types\/product"}],"replies":[{"embeddable":true,"href":"https:\/\/superprintpro.com\/tr\/wp-json\/wp\/v2\/comments?post=30218"}],"version-history":[{"count":1,"href":"https:\/\/superprintpro.com\/tr\/wp-json\/wp\/v2\/product\/30218\/revisions"}],"predecessor-version":[{"id":30220,"href":"https:\/\/superprintpro.com\/tr\/wp-json\/wp\/v2\/product\/30218\/revisions\/30220"}],"wp:featuredmedia":[{"embeddable":true,"href":"https:\/\/superprintpro.com\/tr\/wp-json\/wp\/v2\/media\/30219"}],"wp:attachment":[{"href":"https:\/\/superprintpro.com\/tr\/wp-json\/wp\/v2\/media?parent=30218"}],"wp:term":[{"taxonomy":"product_brand","embeddable":true,"href":"https:\/\/superprintpro.com\/tr\/wp-json\/wp\/v2\/product_brand?post=30218"},{"taxonomy":"product_cat","embeddable":true,"href":"https:\/\/superprintpro.com\/tr\/wp-json\/wp\/v2\/product_cat?post=30218"},{"taxonomy":"product_tag","embeddable":true,"href":"https:\/\/superprintpro.com\/tr\/wp-json\/wp\/v2\/product_tag?post=30218"}],"curies":[{"name":"wp","href":"https:\/\/api.w.org\/{rel}","templated":true}]}}