{"id":30185,"date":"2025-08-18T15:11:00","date_gmt":"2025-08-18T07:11:00","guid":{"rendered":"https:\/\/superprintpro.com\/?post_type=product&#038;p=30185"},"modified":"2025-08-18T15:11:00","modified_gmt":"2025-08-18T07:11:00","slug":"amo-uv-flatbed-printer-am9060uvb3xp-with-3-heads-xp600-heads","status":"publish","type":"product","link":"https:\/\/superprintpro.com\/tr\/urun\/amo-uv-flatbed-printer-am9060uvb3xp-with-3-heads-xp600-heads\/","title":{"rendered":"AMO UV Flatbed Yaz\u0131c\u0131 AM9060UVB3XP, 3 kafal\u0131 XP600 kafal\u0131"},"content":{"rendered":"<p>AMO UV Flatbed Yaz\u0131c\u0131 AM9060UVB3XP, 3 kafal\u0131 XP600 kafal\u0131<\/p>\n<p>(AI G\u00f6rsel sistemi olmayan bu model)<\/p>\n<p>9060UV flatbed yaz\u0131c\u0131, bir\u00e7ok avantaj\u0131 ve g\u00fc\u00e7l\u00fc i\u015flevleri ile piyasada pop\u00fcler bir bask\u0131 cihaz\u0131d\u0131r. Epson XP600 piezoelektrik bask\u0131 kafas\u0131 ve UV led k\u00fcrleme cihaz\u0131 ile donat\u0131lm\u0131\u015f olup, ultraviyole \u0131\u015f\u0131k alt\u0131nda an\u0131nda kuruyarak ek kurutma i\u015flemlerine olan ihtiyac\u0131 ortadan kald\u0131r\u0131r. 9060 flatbed yaz\u0131c\u0131, reklam, dekorasyon, ambalaj ve elektronik gibi \u00e7e\u015fitli sekt\u00f6rlerde yayg\u0131n olarak kullan\u0131lmaktad\u0131r. Fayans cam, akrilik, ah\u015fap levhalar, metal ve deri gibi \u00e7e\u015fitli malzemelerden yap\u0131lm\u0131\u015f \u00fcr\u00fcnleri basabilir. Ayr\u0131ca, m\u00fc\u015fterilerin benzersiz ihtiya\u00e7lar\u0131n\u0131 kar\u015f\u0131lamak i\u00e7in \u00f6zelle\u015ftirilmi\u015f hizmetler sa\u011flayabilir.<\/p>\n<p>Makine parametreleri<br \/>\nBask\u0131 Kafas\u0131: Epson XP600 3 Kafalar<br \/>\nBask\u0131 sistemi : Hoson<br \/>\nBask\u0131 boyutu: 900mmx600mm<br \/>\nM\u00fcrekkep t\u00fcr\u00fc: UV m\u00fcrekkep<br \/>\nRenk: CMYK WV<br \/>\nOrtam t\u00fcr\u00fc: d\u00fcz levha, silindir malzemeler<br \/>\nM\u00fcrekkep kayna\u011f\u0131: Sifon m\u00fcrekkep kayna\u011f\u0131<br \/>\nYaz\u0131c\u0131 kafas\u0131n\u0131n bak\u0131m\u0131: Yaz\u0131c\u0131 kafas\u0131 nozullar\u0131 i\u00e7in tek d\u00fc\u011fmeli otomatik temizleme sistemi<br \/>\nRip Yaz\u0131l\u0131m\u0131: Maintop PP RIIN<br \/>\nVeri aray\u00fcz\u00fc : \u00c7ift a\u011f portlu Gigabit iletim<br \/>\n\u00dc\u00e7 istasyonlu bask\u0131 modu:<br \/>\n1: Plaka istasyonu<br \/>\n2: Makaral\u0131 istasyon<br \/>\n3: Cvlinder istasyonu<\/p>\n<p>Yaz\u0131c\u0131 Kafas\u0131 Y\u00fcksekli\u011fi Z : Z ekseni otomatik y\u00fckseklik \u00f6l\u00e7\u00fcm\u00fc<br \/>\nYaz\u0131c\u0131 bilgisi<br \/>\n\u00e7al\u0131\u015fma voltaj\u0131: 220v AC<br \/>\nG\u00fc\u00e7 4500W<br \/>\n\u00e7al\u0131\u015fma ortam\u0131 :<br \/>\nNormal \u00e7al\u0131\u015fma s\u0131cakl\u0131\u011f\u0131: 22-28 \u2103 \/ nem: 40%-60%<br \/>\nMakine boyutu 2000MM*1420MM*1045MM<br \/>\nAmbalaj boyutlar\u0131 2140MM*1660MM*1160MM<\/p>","protected":false},"excerpt":{"rendered":"<p>\u00dcr\u00fcn detaylar\u0131 ve en son fiyat teklifleri i\u00e7in l\u00fctfen sat\u0131\u015f m\u00fcd\u00fcr\u00fcm\u00fczle ileti\u015fime ge\u00e7in<\/p>","protected":false},"featured_media":30186,"comment_status":"open","ping_status":"closed","template":"","meta":[],"product_brand":[],"product_cat":[109],"product_tag":[],"class_list":{"0":"post-30185","1":"product","2":"type-product","3":"status-publish","4":"has-post-thumbnail","6":"product_cat-with-xp600-printhead-uv-flatbed-printers","8":"first","9":"instock","10":"shipping-taxable","11":"purchasable","12":"product-type-simple"},"yoast_head":"<!-- This site is optimized with the Yoast SEO plugin v26.9 - https:\/\/yoast.com\/product\/yoast-seo-wordpress\/ -->\n<title>AMO UV Flatbed Printer AM9060UVB3XP with 3 heads XP600 heads - Amo<\/title>\n<meta name=\"robots\" content=\"index, follow, max-snippet:-1, max-image-preview:large, max-video-preview:-1\" \/>\n<link rel=\"canonical\" href=\"https:\/\/superprintpro.com\/tr\/urun\/amo-uv-flatbed-printer-am9060uvb3xp-with-3-heads-xp600-heads\/\" \/>\n<meta property=\"og:locale\" content=\"tr_TR\" \/>\n<meta property=\"og:type\" content=\"article\" \/>\n<meta property=\"og:title\" content=\"AMO UV Flatbed Printer AM9060UVB3XP with 3 heads XP600 heads - Amo\" \/>\n<meta property=\"og:description\" content=\"For product details and the latest quotes, please contact our sales manager\" \/>\n<meta property=\"og:url\" content=\"https:\/\/superprintpro.com\/tr\/urun\/amo-uv-flatbed-printer-am9060uvb3xp-with-3-heads-xp600-heads\/\" \/>\n<meta property=\"og:site_name\" content=\"Amo\" \/>\n<meta property=\"og:image\" content=\"https:\/\/superprintpro.com\/wp-content\/uploads\/2025\/08\/amo-uv-flatbed-printer-am9060uvb3xp-with-3-heads-xp600-heads.jpg\" \/>\n\t<meta property=\"og:image:width\" content=\"630\" \/>\n\t<meta property=\"og:image:height\" content=\"354\" \/>\n\t<meta property=\"og:image:type\" content=\"image\/jpeg\" \/>\n<meta name=\"twitter:card\" content=\"summary_large_image\" \/>\n<meta name=\"twitter:label1\" content=\"Tahmini okuma s\u00fcresi\" \/>\n\t<meta name=\"twitter:data1\" content=\"1 dakika\" \/>\n<script type=\"application\/ld+json\" class=\"yoast-schema-graph\">{\"@context\":\"https:\/\/schema.org\",\"@graph\":[{\"@type\":\"WebPage\",\"@id\":\"https:\/\/superprintpro.com\/product\/amo-uv-flatbed-printer-am9060uvb3xp-with-3-heads-xp600-heads\/\",\"url\":\"https:\/\/superprintpro.com\/product\/amo-uv-flatbed-printer-am9060uvb3xp-with-3-heads-xp600-heads\/\",\"name\":\"AMO UV Flatbed Printer AM9060UVB3XP with 3 heads XP600 heads - Amo\",\"isPartOf\":{\"@id\":\"https:\/\/superprintpro.com\/#website\"},\"primaryImageOfPage\":{\"@id\":\"https:\/\/superprintpro.com\/product\/amo-uv-flatbed-printer-am9060uvb3xp-with-3-heads-xp600-heads\/#primaryimage\"},\"image\":{\"@id\":\"https:\/\/superprintpro.com\/product\/amo-uv-flatbed-printer-am9060uvb3xp-with-3-heads-xp600-heads\/#primaryimage\"},\"thumbnailUrl\":\"https:\/\/superprintpro.com\/wp-content\/uploads\/2025\/08\/amo-uv-flatbed-printer-am9060uvb3xp-with-3-heads-xp600-heads.jpg\",\"datePublished\":\"2025-08-18T07:11:00+00:00\",\"breadcrumb\":{\"@id\":\"https:\/\/superprintpro.com\/product\/amo-uv-flatbed-printer-am9060uvb3xp-with-3-heads-xp600-heads\/#breadcrumb\"},\"inLanguage\":\"tr\",\"potentialAction\":[{\"@type\":\"ReadAction\",\"target\":[\"https:\/\/superprintpro.com\/product\/amo-uv-flatbed-printer-am9060uvb3xp-with-3-heads-xp600-heads\/\"]}]},{\"@type\":\"ImageObject\",\"inLanguage\":\"tr\",\"@id\":\"https:\/\/superprintpro.com\/product\/amo-uv-flatbed-printer-am9060uvb3xp-with-3-heads-xp600-heads\/#primaryimage\",\"url\":\"https:\/\/superprintpro.com\/wp-content\/uploads\/2025\/08\/amo-uv-flatbed-printer-am9060uvb3xp-with-3-heads-xp600-heads.jpg\",\"contentUrl\":\"https:\/\/superprintpro.com\/wp-content\/uploads\/2025\/08\/amo-uv-flatbed-printer-am9060uvb3xp-with-3-heads-xp600-heads.jpg\",\"width\":630,\"height\":354,\"caption\":\"AMO UV Flatbed Printer AM9060UVB3XP with 3 heads XP600 heads\"},{\"@type\":\"BreadcrumbList\",\"@id\":\"https:\/\/superprintpro.com\/product\/amo-uv-flatbed-printer-am9060uvb3xp-with-3-heads-xp600-heads\/#breadcrumb\",\"itemListElement\":[{\"@type\":\"ListItem\",\"position\":1,\"name\":\"\u9996\u9875\",\"item\":\"https:\/\/superprintpro.com\/\"},{\"@type\":\"ListItem\",\"position\":2,\"name\":\"Shop\",\"item\":\"https:\/\/superprintpro.com\/shop\/\"},{\"@type\":\"ListItem\",\"position\":3,\"name\":\"AMO UV Flatbed Printer AM9060UVB3XP with 3 heads XP600 heads\"}]},{\"@type\":\"WebSite\",\"@id\":\"https:\/\/superprintpro.com\/#website\",\"url\":\"https:\/\/superprintpro.com\/\",\"name\":\"Amo\",\"description\":\"\",\"potentialAction\":[{\"@type\":\"SearchAction\",\"target\":{\"@type\":\"EntryPoint\",\"urlTemplate\":\"https:\/\/superprintpro.com\/?s={search_term_string}\"},\"query-input\":{\"@type\":\"PropertyValueSpecification\",\"valueRequired\":true,\"valueName\":\"search_term_string\"}}],\"inLanguage\":\"tr\"}]}<\/script>\n<!-- \/ Yoast SEO plugin. -->","yoast_head_json":{"title":"AMO UV Flatbed Printer AM9060UVB3XP with 3 heads XP600 heads - Amo","robots":{"index":"index","follow":"follow","max-snippet":"max-snippet:-1","max-image-preview":"max-image-preview:large","max-video-preview":"max-video-preview:-1"},"canonical":"https:\/\/superprintpro.com\/tr\/urun\/amo-uv-flatbed-printer-am9060uvb3xp-with-3-heads-xp600-heads\/","og_locale":"tr_TR","og_type":"article","og_title":"AMO UV Flatbed Printer AM9060UVB3XP with 3 heads XP600 heads - Amo","og_description":"For product details and the latest quotes, please contact our sales manager","og_url":"https:\/\/superprintpro.com\/tr\/urun\/amo-uv-flatbed-printer-am9060uvb3xp-with-3-heads-xp600-heads\/","og_site_name":"Amo","og_image":[{"width":630,"height":354,"url":"https:\/\/superprintpro.com\/wp-content\/uploads\/2025\/08\/amo-uv-flatbed-printer-am9060uvb3xp-with-3-heads-xp600-heads.jpg","type":"image\/jpeg"}],"twitter_card":"summary_large_image","twitter_misc":{"Tahmini okuma s\u00fcresi":"1 dakika"},"schema":{"@context":"https:\/\/schema.org","@graph":[{"@type":"WebPage","@id":"https:\/\/superprintpro.com\/product\/amo-uv-flatbed-printer-am9060uvb3xp-with-3-heads-xp600-heads\/","url":"https:\/\/superprintpro.com\/product\/amo-uv-flatbed-printer-am9060uvb3xp-with-3-heads-xp600-heads\/","name":"AMO UV Flatbed Printer AM9060UVB3XP with 3 heads XP600 heads - Amo","isPartOf":{"@id":"https:\/\/superprintpro.com\/#website"},"primaryImageOfPage":{"@id":"https:\/\/superprintpro.com\/product\/amo-uv-flatbed-printer-am9060uvb3xp-with-3-heads-xp600-heads\/#primaryimage"},"image":{"@id":"https:\/\/superprintpro.com\/product\/amo-uv-flatbed-printer-am9060uvb3xp-with-3-heads-xp600-heads\/#primaryimage"},"thumbnailUrl":"https:\/\/superprintpro.com\/wp-content\/uploads\/2025\/08\/amo-uv-flatbed-printer-am9060uvb3xp-with-3-heads-xp600-heads.jpg","datePublished":"2025-08-18T07:11:00+00:00","breadcrumb":{"@id":"https:\/\/superprintpro.com\/product\/amo-uv-flatbed-printer-am9060uvb3xp-with-3-heads-xp600-heads\/#breadcrumb"},"inLanguage":"tr","potentialAction":[{"@type":"ReadAction","target":["https:\/\/superprintpro.com\/product\/amo-uv-flatbed-printer-am9060uvb3xp-with-3-heads-xp600-heads\/"]}]},{"@type":"ImageObject","inLanguage":"tr","@id":"https:\/\/superprintpro.com\/product\/amo-uv-flatbed-printer-am9060uvb3xp-with-3-heads-xp600-heads\/#primaryimage","url":"https:\/\/superprintpro.com\/wp-content\/uploads\/2025\/08\/amo-uv-flatbed-printer-am9060uvb3xp-with-3-heads-xp600-heads.jpg","contentUrl":"https:\/\/superprintpro.com\/wp-content\/uploads\/2025\/08\/amo-uv-flatbed-printer-am9060uvb3xp-with-3-heads-xp600-heads.jpg","width":630,"height":354,"caption":"AMO UV Flatbed Printer AM9060UVB3XP with 3 heads XP600 heads"},{"@type":"BreadcrumbList","@id":"https:\/\/superprintpro.com\/product\/amo-uv-flatbed-printer-am9060uvb3xp-with-3-heads-xp600-heads\/#breadcrumb","itemListElement":[{"@type":"ListItem","position":1,"name":"\u9996\u9875","item":"https:\/\/superprintpro.com\/"},{"@type":"ListItem","position":2,"name":"Shop","item":"https:\/\/superprintpro.com\/shop\/"},{"@type":"ListItem","position":3,"name":"AMO UV Flatbed Printer AM9060UVB3XP with 3 heads XP600 heads"}]},{"@type":"WebSite","@id":"https:\/\/superprintpro.com\/#website","url":"https:\/\/superprintpro.com\/","name":"Amo","description":"","potentialAction":[{"@type":"SearchAction","target":{"@type":"EntryPoint","urlTemplate":"https:\/\/superprintpro.com\/?s={search_term_string}"},"query-input":{"@type":"PropertyValueSpecification","valueRequired":true,"valueName":"search_term_string"}}],"inLanguage":"tr"}]}},"_links":{"self":[{"href":"https:\/\/superprintpro.com\/tr\/wp-json\/wp\/v2\/product\/30185","targetHints":{"allow":["GET"]}}],"collection":[{"href":"https:\/\/superprintpro.com\/tr\/wp-json\/wp\/v2\/product"}],"about":[{"href":"https:\/\/superprintpro.com\/tr\/wp-json\/wp\/v2\/types\/product"}],"replies":[{"embeddable":true,"href":"https:\/\/superprintpro.com\/tr\/wp-json\/wp\/v2\/comments?post=30185"}],"version-history":[{"count":1,"href":"https:\/\/superprintpro.com\/tr\/wp-json\/wp\/v2\/product\/30185\/revisions"}],"predecessor-version":[{"id":30187,"href":"https:\/\/superprintpro.com\/tr\/wp-json\/wp\/v2\/product\/30185\/revisions\/30187"}],"wp:featuredmedia":[{"embeddable":true,"href":"https:\/\/superprintpro.com\/tr\/wp-json\/wp\/v2\/media\/30186"}],"wp:attachment":[{"href":"https:\/\/superprintpro.com\/tr\/wp-json\/wp\/v2\/media?parent=30185"}],"wp:term":[{"taxonomy":"product_brand","embeddable":true,"href":"https:\/\/superprintpro.com\/tr\/wp-json\/wp\/v2\/product_brand?post=30185"},{"taxonomy":"product_cat","embeddable":true,"href":"https:\/\/superprintpro.com\/tr\/wp-json\/wp\/v2\/product_cat?post=30185"},{"taxonomy":"product_tag","embeddable":true,"href":"https:\/\/superprintpro.com\/tr\/wp-json\/wp\/v2\/product_tag?post=30185"}],"curies":[{"name":"wp","href":"https:\/\/api.w.org\/{rel}","templated":true}]}}