{"id":30163,"date":"2025-08-18T14:39:53","date_gmt":"2025-08-18T06:39:53","guid":{"rendered":"https:\/\/superprintpro.com\/?post_type=product&#038;p=30163"},"modified":"2025-08-18T14:39:53","modified_gmt":"2025-08-18T06:39:53","slug":"amo-uv-inkjet-printer-am3200uv8k24i-el-for-3-2meters-soft-and-elastic-film-with-8-konica-1024i-printheads","status":"publish","type":"product","link":"https:\/\/superprintpro.com\/tr\/urun\/amo-uv-inkjet-printer-am3200uv8k24i-el-for-3-2meters-soft-and-elastic-film-with-8-konica-1024i-printheads\/","title":{"rendered":"AMO UV M\u00fcrekkep P\u00fcsk\u00fcrtmeli Yaz\u0131c\u0131 AM3200UV8k24i-EL, 8 Konica 1024i Bask\u0131 Kafas\u0131 ile 3,2 metre Yumu\u015fak ve Elastik Film i\u00e7in"},"content":{"rendered":"<p>AMO UV M\u00fcrekkep P\u00fcsk\u00fcrtmeli Yaz\u0131c\u0131 AM3200UV8k24i-EL, 8 Konica 1024i Bask\u0131 Kafas\u0131 ile 3,2 metre Yumu\u015fak ve Elastik Film i\u00e7in<\/p>\n<p>Amo Yumu\u015fak ve Elastik Film UV M\u00fcrekkep P\u00fcsk\u00fcrtmeli Yaz\u0131c\u0131 AM3200UV4k24i-EL, 8 Konica KM1024i bask\u0131 kafas\u0131 ile<\/p>\n<p>Model ad\u0131nda EL son eki bulunan bu UV Inkjet Yaz\u0131c\u0131 serisi, \u00f6zellikle yumu\u015fak film gibi \u00e7ok yumu\u015fak ve elastik malzemeler i\u00e7in \u00d6zel haddeleme sistemi ile donat\u0131lm\u0131\u015ft\u0131r. Sadece normal Flex afi\u015f, kaplamal\u0131 flex afi\u015f, vinil, mes, tek y\u00f6nl\u00fc g\u00f6r\u00fc\u015f, kanvas \u00fczerine bask\u0131 yapman\u0131z gerekiyorsa, bu m\u00fcrekkep p\u00fcsk\u00fcrtmeli yaz\u0131c\u0131y\u0131 sat\u0131n alman\u0131za gerek yoktur, l\u00fctfen model ad\u0131nda ES son eki olan modellere bak\u0131n.<\/p>\n<p>1. Bask\u0131 Kafas\u0131 Nozul Is\u0131tma Sistemi ve M\u00fcrekkep Sirk\u00fclasyonu: Bask\u0131 Kafas\u0131 nozul plakas\u0131, farkl\u0131 s\u0131cakl\u0131k ortamlar\u0131nda optimum m\u00fcrekkep ak\u0131\u015f\u0131 kararl\u0131l\u0131\u011f\u0131 sa\u011flamak i\u00e7in bir \u0131s\u0131tma i\u015flevi i\u00e7erir. Yerle\u015fik m\u00fcrekkep<br \/>\nsirk\u00fclasyon sistemi, nozullarda pigment tortula\u015fmas\u0131n\u0131 \u00f6nleyerek nozul t\u0131kanma risklerini etkili bir \u015fekilde azalt\u0131r.<br \/>\n2. Tamamen \u015eeffaf \u0130kincil M\u00fcrekkep Tank\u0131 Tasar\u0131m\u0131 ve Ba\u011f\u0131ms\u0131z Renk Bas\u0131n\u00e7 Kontrol\u00fc: (1) \u015eeffaf yap\u0131, daha kolay sorun giderme sa\u011flar ve bak\u0131m s\u00fcresini azalt\u0131r (2)<br \/>\nBa\u011f\u0131ms\u0131z bas\u0131n\u00e7 ayar mekanizmalar\u0131 m\u00fcrekkep t\u00fcketim verimlili\u011fini optimize eder.<br \/>\n3. Tek Motorlu Bask\u0131 Silindiri Sistemi ve Sessiz K\u0131lavuz Raylar\/S\u00fcrg\u00fcler: (1) \u00dcretimi kesintiye u\u011fratmadan malzeme k\u0131r\u0131\u015fmas\u0131n\u0131 ortadan kald\u0131rmak ve malzeme israf\u0131n\u0131 en aza indirmek i\u00e7in bask\u0131 i\u015flemleri s\u0131ras\u0131nda ayr\u0131 bask\u0131 silindirlerinin ger\u00e7ek zamanl\u0131 olarak ayarlanmas\u0131n\u0131 sa\u011flar. (2) Y\u00fcksek h\u0131zl\u0131 sessiz k\u0131lavuz raylar, yaz\u0131c\u0131 kafas\u0131n\u0131n daha yumu\u015fak hareket etmesini sa\u011flayarak bask\u0131 hassasiyetini art\u0131r\u0131rken \u00e7al\u0131\u015fma g\u00fcr\u00fclt\u00fcs\u00fcn\u00fc azalt\u0131r. Bu tasar\u0131m mekanik a\u015f\u0131nmay\u0131 en aza indirir ve k\u0131lavuz ray \u00f6mr\u00fcn\u00fc uzat\u0131r.<br \/>\n4. Ayarlanabilir Vakum Platformu ve Silindir H\u0131z\u0131 Mod\u00fclasyonu: (1) A\u015f\u0131r\u0131 vakumun neden oldu\u011fu malzeme besleme sorunlar\u0131n\u0131 \u00e7\u00f6zmek i\u00e7in bask\u0131 s\u0131ras\u0131nda manuel hava ak\u0131\u015f\u0131 ayar\u0131na olanak tan\u0131yarak farkl\u0131 kal\u0131nl\u0131ktaki malzemelerin sorunsuz bir \u015fekilde beslenmesini sa\u011flar. (2) Silindir g\u00fcc\u00fc d\u00fczenleme sistemi, hem besleme hem de toplama i\u015flemleri i\u00e7in \u00e7e\u015fitli malzeme t\u00fcrleriyle uyumlulu\u011fu art\u0131r\u0131r.<br \/>\n5. Y\u00fcksek G\u00fc\u00e7l\u00fc Is\u0131tma\/Kurutma Sistemi: Malzemenin m\u00fcrekkep emilimini ve renk hasl\u0131\u011f\u0131n\u0131 iyile\u015ftirmek i\u00e7in b\u00f6l\u00fcmlere ayr\u0131lm\u0131\u015f \u0131s\u0131tma b\u00f6lgelerine sahiptir. Tescilli bir dahili termal hava i\u00e7erir<br \/>\nSo\u011fuk hava y\u00f6nlendirme sistemi ile birle\u015ftirilmi\u015f sirk\u00fclasyon odas\u0131, daha ince detaylar ve daha parlak y\u00fczeyler sa\u011flamak i\u00e7in kurutma sonras\u0131 h\u0131zl\u0131 so\u011futma sa\u011flar.<\/p>\n<p>Makine Parametreleri<br \/>\nMaksimum Bask\u0131 Geni\u015fli\u011fi 3200MM<br \/>\nYaz\u0131c\u0131 kafalar\u0131:   8 Konica1024i<br \/>\nBask\u0131 h\u0131z\u0131:<br \/>\nD\u0131\u015f \u0131\u015f\u0131k Modu 90m\u00b2\/h<br \/>\nDahili I\u015f\u0131k Modu 54 m\u00b2\/h<\/p>\n<p>Medya: herhangi bir yumu\u015fak ve elastik malzeme: tavan yumu\u015fak filmi ve Flex afi\u015f, vinil, tek y\u00f6nl\u00fc g\u00f6r\u00fc\u015f, a\u011f, duvar ka\u011f\u0131d\u0131 \/ renk, polyester Kuma\u015f, arkadan ayd\u0131nlatmal\u0131 film, Foto\u011fraf ka\u011f\u0131d\u0131, Canva vb. gibi normal malzemeler<br \/>\nRIP Yaz\u0131l\u0131m\u0131: renk y\u00f6netimi yaz\u0131l\u0131m\u0131<br \/>\nG\u00fc\u00e7: AC220\u00b110.50HZ60HZP4500W<br \/>\nYaz\u0131c\u0131 Ambalaj Boyutu: L5300*W1180*H1700\/L5600*W1250*H2100<br \/>\nNet \/ Parlak A\u011f\u0131rl\u0131k: 2500kg\/2800kg<\/p>","protected":false},"excerpt":{"rendered":"<p>\u00dcr\u00fcn detaylar\u0131 ve en son fiyat teklifleri i\u00e7in l\u00fctfen sat\u0131\u015f m\u00fcd\u00fcr\u00fcm\u00fczle ileti\u015fime ge\u00e7in<\/p>","protected":false},"featured_media":30164,"comment_status":"open","ping_status":"closed","template":"","meta":[],"product_brand":[],"product_cat":[113],"product_tag":[],"class_list":{"0":"post-30163","1":"product","2":"type-product","3":"status-publish","4":"has-post-thumbnail","6":"product_cat-with-konica-km1024i-printhead-uv-inkjet-printers-roll-to-roll","8":"first","9":"instock","10":"shipping-taxable","11":"purchasable","12":"product-type-simple"},"yoast_head":"<!-- This site is optimized with the Yoast SEO plugin v26.9 - https:\/\/yoast.com\/product\/yoast-seo-wordpress\/ -->\n<title>AMO UV Inkjet Printer AM3200UV8k24i-EL for 3.2meters Soft and Elastic Film with 8 Konica 1024i Printheads - Amo<\/title>\n<meta name=\"robots\" content=\"index, follow, max-snippet:-1, max-image-preview:large, max-video-preview:-1\" \/>\n<link rel=\"canonical\" href=\"https:\/\/superprintpro.com\/tr\/urun\/amo-uv-inkjet-printer-am3200uv8k24i-el-for-3-2meters-soft-and-elastic-film-with-8-konica-1024i-printheads\/\" \/>\n<meta property=\"og:locale\" content=\"tr_TR\" \/>\n<meta property=\"og:type\" content=\"article\" \/>\n<meta property=\"og:title\" content=\"AMO UV Inkjet Printer AM3200UV8k24i-EL for 3.2meters Soft and Elastic Film with 8 Konica 1024i Printheads - Amo\" \/>\n<meta property=\"og:description\" content=\"For product details and the latest quotes, please contact our sales manager\" \/>\n<meta property=\"og:url\" content=\"https:\/\/superprintpro.com\/tr\/urun\/amo-uv-inkjet-printer-am3200uv8k24i-el-for-3-2meters-soft-and-elastic-film-with-8-konica-1024i-printheads\/\" \/>\n<meta property=\"og:site_name\" content=\"Amo\" \/>\n<meta property=\"og:image\" content=\"https:\/\/superprintpro.com\/wp-content\/uploads\/2025\/08\/amo-uv-inkjet-printer-am3200uv8k24i-el-for-32meters-soft-and-elastic-film-with-8-konica-1024i-printheads.jpg\" \/>\n\t<meta property=\"og:image:width\" content=\"828\" \/>\n\t<meta property=\"og:image:height\" content=\"466\" \/>\n\t<meta property=\"og:image:type\" content=\"image\/jpeg\" \/>\n<meta name=\"twitter:card\" content=\"summary_large_image\" \/>\n<meta name=\"twitter:label1\" content=\"Tahmini okuma s\u00fcresi\" \/>\n\t<meta name=\"twitter:data1\" content=\"2 dakika\" \/>\n<script type=\"application\/ld+json\" class=\"yoast-schema-graph\">{\"@context\":\"https:\/\/schema.org\",\"@graph\":[{\"@type\":\"WebPage\",\"@id\":\"https:\/\/superprintpro.com\/product\/amo-uv-inkjet-printer-am3200uv8k24i-el-for-3-2meters-soft-and-elastic-film-with-8-konica-1024i-printheads\/\",\"url\":\"https:\/\/superprintpro.com\/product\/amo-uv-inkjet-printer-am3200uv8k24i-el-for-3-2meters-soft-and-elastic-film-with-8-konica-1024i-printheads\/\",\"name\":\"AMO UV Inkjet Printer AM3200UV8k24i-EL for 3.2meters Soft and Elastic Film with 8 Konica 1024i Printheads - Amo\",\"isPartOf\":{\"@id\":\"https:\/\/superprintpro.com\/#website\"},\"primaryImageOfPage\":{\"@id\":\"https:\/\/superprintpro.com\/product\/amo-uv-inkjet-printer-am3200uv8k24i-el-for-3-2meters-soft-and-elastic-film-with-8-konica-1024i-printheads\/#primaryimage\"},\"image\":{\"@id\":\"https:\/\/superprintpro.com\/product\/amo-uv-inkjet-printer-am3200uv8k24i-el-for-3-2meters-soft-and-elastic-film-with-8-konica-1024i-printheads\/#primaryimage\"},\"thumbnailUrl\":\"https:\/\/superprintpro.com\/wp-content\/uploads\/2025\/08\/amo-uv-inkjet-printer-am3200uv8k24i-el-for-32meters-soft-and-elastic-film-with-8-konica-1024i-printheads.jpg\",\"datePublished\":\"2025-08-18T06:39:53+00:00\",\"breadcrumb\":{\"@id\":\"https:\/\/superprintpro.com\/product\/amo-uv-inkjet-printer-am3200uv8k24i-el-for-3-2meters-soft-and-elastic-film-with-8-konica-1024i-printheads\/#breadcrumb\"},\"inLanguage\":\"tr\",\"potentialAction\":[{\"@type\":\"ReadAction\",\"target\":[\"https:\/\/superprintpro.com\/product\/amo-uv-inkjet-printer-am3200uv8k24i-el-for-3-2meters-soft-and-elastic-film-with-8-konica-1024i-printheads\/\"]}]},{\"@type\":\"ImageObject\",\"inLanguage\":\"tr\",\"@id\":\"https:\/\/superprintpro.com\/product\/amo-uv-inkjet-printer-am3200uv8k24i-el-for-3-2meters-soft-and-elastic-film-with-8-konica-1024i-printheads\/#primaryimage\",\"url\":\"https:\/\/superprintpro.com\/wp-content\/uploads\/2025\/08\/amo-uv-inkjet-printer-am3200uv8k24i-el-for-32meters-soft-and-elastic-film-with-8-konica-1024i-printheads.jpg\",\"contentUrl\":\"https:\/\/superprintpro.com\/wp-content\/uploads\/2025\/08\/amo-uv-inkjet-printer-am3200uv8k24i-el-for-32meters-soft-and-elastic-film-with-8-konica-1024i-printheads.jpg\",\"width\":828,\"height\":466,\"caption\":\"AMO UV Inkjet Printer AM3200UV8k24i-EL for 3.2meters Soft and Elastic Film with 8 Konica 1024i Printheads\"},{\"@type\":\"BreadcrumbList\",\"@id\":\"https:\/\/superprintpro.com\/product\/amo-uv-inkjet-printer-am3200uv8k24i-el-for-3-2meters-soft-and-elastic-film-with-8-konica-1024i-printheads\/#breadcrumb\",\"itemListElement\":[{\"@type\":\"ListItem\",\"position\":1,\"name\":\"\u9996\u9875\",\"item\":\"https:\/\/superprintpro.com\/\"},{\"@type\":\"ListItem\",\"position\":2,\"name\":\"Shop\",\"item\":\"https:\/\/superprintpro.com\/shop\/\"},{\"@type\":\"ListItem\",\"position\":3,\"name\":\"AMO UV Inkjet Printer AM3200UV8k24i-EL for 3.2meters Soft and Elastic Film with 8 Konica 1024i Printheads\"}]},{\"@type\":\"WebSite\",\"@id\":\"https:\/\/superprintpro.com\/#website\",\"url\":\"https:\/\/superprintpro.com\/\",\"name\":\"Amo\",\"description\":\"\",\"potentialAction\":[{\"@type\":\"SearchAction\",\"target\":{\"@type\":\"EntryPoint\",\"urlTemplate\":\"https:\/\/superprintpro.com\/?s={search_term_string}\"},\"query-input\":{\"@type\":\"PropertyValueSpecification\",\"valueRequired\":true,\"valueName\":\"search_term_string\"}}],\"inLanguage\":\"tr\"}]}<\/script>\n<!-- \/ Yoast SEO plugin. -->","yoast_head_json":{"title":"AMO UV Inkjet Printer AM3200UV8k24i-EL for 3.2meters Soft and Elastic Film with 8 Konica 1024i Printheads - Amo","robots":{"index":"index","follow":"follow","max-snippet":"max-snippet:-1","max-image-preview":"max-image-preview:large","max-video-preview":"max-video-preview:-1"},"canonical":"https:\/\/superprintpro.com\/tr\/urun\/amo-uv-inkjet-printer-am3200uv8k24i-el-for-3-2meters-soft-and-elastic-film-with-8-konica-1024i-printheads\/","og_locale":"tr_TR","og_type":"article","og_title":"AMO UV Inkjet Printer AM3200UV8k24i-EL for 3.2meters Soft and Elastic Film with 8 Konica 1024i Printheads - Amo","og_description":"For product details and the latest quotes, please contact our sales manager","og_url":"https:\/\/superprintpro.com\/tr\/urun\/amo-uv-inkjet-printer-am3200uv8k24i-el-for-3-2meters-soft-and-elastic-film-with-8-konica-1024i-printheads\/","og_site_name":"Amo","og_image":[{"width":828,"height":466,"url":"https:\/\/superprintpro.com\/wp-content\/uploads\/2025\/08\/amo-uv-inkjet-printer-am3200uv8k24i-el-for-32meters-soft-and-elastic-film-with-8-konica-1024i-printheads.jpg","type":"image\/jpeg"}],"twitter_card":"summary_large_image","twitter_misc":{"Tahmini okuma s\u00fcresi":"2 dakika"},"schema":{"@context":"https:\/\/schema.org","@graph":[{"@type":"WebPage","@id":"https:\/\/superprintpro.com\/product\/amo-uv-inkjet-printer-am3200uv8k24i-el-for-3-2meters-soft-and-elastic-film-with-8-konica-1024i-printheads\/","url":"https:\/\/superprintpro.com\/product\/amo-uv-inkjet-printer-am3200uv8k24i-el-for-3-2meters-soft-and-elastic-film-with-8-konica-1024i-printheads\/","name":"AMO UV Inkjet Printer AM3200UV8k24i-EL for 3.2meters Soft and Elastic Film with 8 Konica 1024i Printheads - Amo","isPartOf":{"@id":"https:\/\/superprintpro.com\/#website"},"primaryImageOfPage":{"@id":"https:\/\/superprintpro.com\/product\/amo-uv-inkjet-printer-am3200uv8k24i-el-for-3-2meters-soft-and-elastic-film-with-8-konica-1024i-printheads\/#primaryimage"},"image":{"@id":"https:\/\/superprintpro.com\/product\/amo-uv-inkjet-printer-am3200uv8k24i-el-for-3-2meters-soft-and-elastic-film-with-8-konica-1024i-printheads\/#primaryimage"},"thumbnailUrl":"https:\/\/superprintpro.com\/wp-content\/uploads\/2025\/08\/amo-uv-inkjet-printer-am3200uv8k24i-el-for-32meters-soft-and-elastic-film-with-8-konica-1024i-printheads.jpg","datePublished":"2025-08-18T06:39:53+00:00","breadcrumb":{"@id":"https:\/\/superprintpro.com\/product\/amo-uv-inkjet-printer-am3200uv8k24i-el-for-3-2meters-soft-and-elastic-film-with-8-konica-1024i-printheads\/#breadcrumb"},"inLanguage":"tr","potentialAction":[{"@type":"ReadAction","target":["https:\/\/superprintpro.com\/product\/amo-uv-inkjet-printer-am3200uv8k24i-el-for-3-2meters-soft-and-elastic-film-with-8-konica-1024i-printheads\/"]}]},{"@type":"ImageObject","inLanguage":"tr","@id":"https:\/\/superprintpro.com\/product\/amo-uv-inkjet-printer-am3200uv8k24i-el-for-3-2meters-soft-and-elastic-film-with-8-konica-1024i-printheads\/#primaryimage","url":"https:\/\/superprintpro.com\/wp-content\/uploads\/2025\/08\/amo-uv-inkjet-printer-am3200uv8k24i-el-for-32meters-soft-and-elastic-film-with-8-konica-1024i-printheads.jpg","contentUrl":"https:\/\/superprintpro.com\/wp-content\/uploads\/2025\/08\/amo-uv-inkjet-printer-am3200uv8k24i-el-for-32meters-soft-and-elastic-film-with-8-konica-1024i-printheads.jpg","width":828,"height":466,"caption":"AMO UV Inkjet Printer AM3200UV8k24i-EL for 3.2meters Soft and Elastic Film with 8 Konica 1024i Printheads"},{"@type":"BreadcrumbList","@id":"https:\/\/superprintpro.com\/product\/amo-uv-inkjet-printer-am3200uv8k24i-el-for-3-2meters-soft-and-elastic-film-with-8-konica-1024i-printheads\/#breadcrumb","itemListElement":[{"@type":"ListItem","position":1,"name":"\u9996\u9875","item":"https:\/\/superprintpro.com\/"},{"@type":"ListItem","position":2,"name":"Shop","item":"https:\/\/superprintpro.com\/shop\/"},{"@type":"ListItem","position":3,"name":"AMO UV Inkjet Printer AM3200UV8k24i-EL for 3.2meters Soft and Elastic Film with 8 Konica 1024i Printheads"}]},{"@type":"WebSite","@id":"https:\/\/superprintpro.com\/#website","url":"https:\/\/superprintpro.com\/","name":"Amo","description":"","potentialAction":[{"@type":"SearchAction","target":{"@type":"EntryPoint","urlTemplate":"https:\/\/superprintpro.com\/?s={search_term_string}"},"query-input":{"@type":"PropertyValueSpecification","valueRequired":true,"valueName":"search_term_string"}}],"inLanguage":"tr"}]}},"_links":{"self":[{"href":"https:\/\/superprintpro.com\/tr\/wp-json\/wp\/v2\/product\/30163","targetHints":{"allow":["GET"]}}],"collection":[{"href":"https:\/\/superprintpro.com\/tr\/wp-json\/wp\/v2\/product"}],"about":[{"href":"https:\/\/superprintpro.com\/tr\/wp-json\/wp\/v2\/types\/product"}],"replies":[{"embeddable":true,"href":"https:\/\/superprintpro.com\/tr\/wp-json\/wp\/v2\/comments?post=30163"}],"version-history":[{"count":1,"href":"https:\/\/superprintpro.com\/tr\/wp-json\/wp\/v2\/product\/30163\/revisions"}],"predecessor-version":[{"id":30165,"href":"https:\/\/superprintpro.com\/tr\/wp-json\/wp\/v2\/product\/30163\/revisions\/30165"}],"wp:featuredmedia":[{"embeddable":true,"href":"https:\/\/superprintpro.com\/tr\/wp-json\/wp\/v2\/media\/30164"}],"wp:attachment":[{"href":"https:\/\/superprintpro.com\/tr\/wp-json\/wp\/v2\/media?parent=30163"}],"wp:term":[{"taxonomy":"product_brand","embeddable":true,"href":"https:\/\/superprintpro.com\/tr\/wp-json\/wp\/v2\/product_brand?post=30163"},{"taxonomy":"product_cat","embeddable":true,"href":"https:\/\/superprintpro.com\/tr\/wp-json\/wp\/v2\/product_cat?post=30163"},{"taxonomy":"product_tag","embeddable":true,"href":"https:\/\/superprintpro.com\/tr\/wp-json\/wp\/v2\/product_tag?post=30163"}],"curies":[{"name":"wp","href":"https:\/\/api.w.org\/{rel}","templated":true}]}}