{"id":30125,"date":"2025-08-18T11:05:31","date_gmt":"2025-08-18T03:05:31","guid":{"rendered":"https:\/\/superprintpro.com\/?post_type=product&#038;p=30125"},"modified":"2025-08-18T16:59:37","modified_gmt":"2025-08-18T08:59:37","slug":"amo-solvent-inkjet-printer-am3204k12i-3-2meters-with-4-konica-512i-printhead","status":"publish","type":"product","link":"https:\/\/superprintpro.com\/tr\/urun\/amo-solvent-inkjet-printer-am3204k12i-3-2meters-with-4-konica-512i-printhead\/","title":{"rendered":"AMO Solvent M\u00fcrekkep P\u00fcsk\u00fcrtmeli Yaz\u0131c\u0131 AM3204K12i 4 Konica 512i Bask\u0131 Kafal\u0131 3,2metre"},"content":{"rendered":"<p>AMO Solvent M\u00fcrekkep P\u00fcsk\u00fcrtmeli Yaz\u0131c\u0131 AM3204K12i 4 Konica 512i Bask\u0131 Kafal\u0131 3,2metre<br \/>\n1. Bask\u0131 Kafas\u0131 Is\u0131tma Sistemi ve M\u00fcrekkep Sirk\u00fclasyonu: Bask\u0131 Kafas\u0131 plakas\u0131, farkl\u0131 s\u0131cakl\u0131k ortamlar\u0131nda optimum m\u00fcrekkep ak\u0131\u015f\u0131 kararl\u0131l\u0131\u011f\u0131 sa\u011flamak i\u00e7in bir \u0131s\u0131tma i\u015flevi i\u00e7erir. Yerle\u015fik m\u00fcrekkep<br \/>\nsirk\u00fclasyon sistemi, bask\u0131 kafas\u0131 i\u00e7inde pigment \u00e7\u00f6kelmesini \u00f6nleyerek noz\u00fcl t\u0131kanma risklerini etkili bir \u015fekilde azalt\u0131r.<br \/>\n2. Tamamen \u015eeffaf \u0130kincil M\u00fcrekkep Tank\u0131 Tasar\u0131m\u0131 ve Ba\u011f\u0131ms\u0131z Renk Bas\u0131nc\u0131 Kontrol\u00fc: (1) \u015eeffaf yap\u0131, sorun gidermeyi kolayla\u015ft\u0131r\u0131r ve bak\u0131m s\u00fcresini azalt\u0131r. (2) Ba\u011f\u0131ms\u0131z bas\u0131n\u00e7 ayar mekanizmalar\u0131 m\u00fcrekkep t\u00fcketim verimlili\u011fini optimize eder.<br \/>\n3. Tek Motorlu Bask\u0131 Silindiri Sistemi ve Sessiz K\u0131lavuz Raylar\/Kayd\u0131r\u0131c\u0131lar: (1) \u00dcretimi kesintiye u\u011fratmadan malzeme k\u0131r\u0131\u015fmas\u0131n\u0131 ortadan kald\u0131rmak ve malzeme israf\u0131n\u0131 en aza indirmek i\u00e7in bask\u0131 i\u015flemleri s\u0131ras\u0131nda ayr\u0131 bask\u0131 silindirlerinin ger\u00e7ek zamanl\u0131 olarak ayarlanmas\u0131n\u0131 sa\u011flar. (2) Y\u00fcksek h\u0131zl\u0131 sessiz k\u0131lavuz raylar, yaz\u0131c\u0131 kafas\u0131n\u0131n daha yumu\u015fak hareket etmesini sa\u011flayarak bask\u0131 hassasiyetini art\u0131r\u0131rken \u00e7al\u0131\u015fma g\u00fcr\u00fclt\u00fcs\u00fcn\u00fc azalt\u0131r. Bu tasar\u0131m mekanik a\u015f\u0131nmay\u0131 en aza indirir ve k\u0131lavuz ray \u00f6mr\u00fcn\u00fc uzat\u0131r.<br \/>\n4. Ayarlanabilir Vakum Platformu ve Silindir H\u0131z\u0131 Mod\u00fclasyonu: (1) A\u015f\u0131r\u0131 vakumun neden oldu\u011fu malzeme besleme sorunlar\u0131n\u0131 \u00e7\u00f6zmek i\u00e7in bask\u0131 s\u0131ras\u0131nda manuel hava ak\u0131\u015f\u0131 ayar\u0131na olanak tan\u0131r ve farkl\u0131 kal\u0131nl\u0131ktaki malzemelerin sorunsuz bir \u015fekilde beslenmesini sa\u011flar. (2) Silindir g\u00fcc\u00fc d\u00fczenleme sistemi, hem besleme hem de toplama i\u015flemleri i\u00e7in \u00e7e\u015fitli malzeme t\u00fcrleriyle uyumlulu\u011fu art\u0131r\u0131r.<br \/>\n5. Y\u00fcksek G\u00fc\u00e7l\u00fc Is\u0131tma\/Kurutma Sistemi: Malzemenin m\u00fcrekkep emilimini ve renk hasl\u0131\u011f\u0131n\u0131 art\u0131rmak i\u00e7in b\u00f6l\u00fcmlere ayr\u0131lm\u0131\u015f \u0131s\u0131tma b\u00f6lgelerine sahiptir. Daha ince detaylar ve daha parlak y\u00fczeyler sa\u011flamak i\u00e7in kurutma sonras\u0131 h\u0131zl\u0131 so\u011futma sa\u011flayan bir so\u011fuk hava y\u00f6nlendirme sistemi ile birlikte tescilli bir dahili termal hava sirk\u00fclasyon odas\u0131 i\u00e7erir.<\/p>\n<p>Makine parametreleri<br \/>\nMaksimum Bask\u0131 Geni\u015fli\u011fi 3200MM<br \/>\nYaz\u0131c\u0131 kafas\u0131 say\u0131s\u0131: KM512i (4 kafa)<br \/>\nBask\u0131 h\u0131z\u0131:<br \/>\n2 ge\u00e7i\u015fli 120m\u00b2\/sa (480*360dpi)<br \/>\n3 ge\u00e7i\u015fli 70m\u00b2\/sa (480*540dpi)<br \/>\n4 ge\u00e7i\u015fli 52 m2\/sa (480*720dpi)<\/p>\n<p>Medya T\u00fcr\u00fc:<br \/>\nHerhangi bir yumu\u015fak malzemeyi basabilir: tavan yumu\u015fak filmi, duvar ka\u011f\u0131d\u0131 \/ renk, polyester Kuma\u015f, arkadan ayd\u0131nlatmal\u0131 film, Foto\u011fraf ka\u011f\u0131d\u0131, Canva, esnek afi\u015f, vinly, \u00f6rg\u00fc, tek y\u00f6nl\u00fc g\u00f6r\u00fc\u015f, kaplamal\u0131 esnek afi\u015f, vb.<br \/>\nRIP Softvare pf renk y\u00f6netimi softvare<br \/>\nPover gereksinimleri AC220\u00b110.50HZ~60HZP4500W<br \/>\nYaz\u0131c\u0131 Ambalaj Boyutu L5300*W1180*H1700\/L5600*W1250*H2100<br \/>\nNet Parlakl\u0131k A\u011f\u0131rl\u0131\u011f\u01311500kg\/1750kg<\/p>","protected":false},"excerpt":{"rendered":"<p>\u00dcr\u00fcn detaylar\u0131 ve en son fiyat teklifleri i\u00e7in l\u00fctfen sat\u0131\u015f m\u00fcd\u00fcr\u00fcm\u00fczle ileti\u015fime ge\u00e7in<\/p>","protected":false},"featured_media":30284,"comment_status":"open","ping_status":"closed","template":"","meta":[],"product_brand":[],"product_cat":[116],"product_tag":[],"class_list":{"0":"post-30125","1":"product","2":"type-product","3":"status-publish","4":"has-post-thumbnail","6":"product_cat-with-konica-km512i-printhead","8":"first","9":"instock","10":"shipping-taxable","11":"purchasable","12":"product-type-simple"},"yoast_head":"<!-- This site is optimized with the Yoast SEO plugin v26.9 - https:\/\/yoast.com\/product\/yoast-seo-wordpress\/ -->\n<title>AMO Solvent Inkjet Printer AM3204K12i 3.2meters with 4 Konica 512i Printhead - Amo<\/title>\n<meta name=\"robots\" content=\"index, follow, max-snippet:-1, max-image-preview:large, max-video-preview:-1\" \/>\n<link rel=\"canonical\" href=\"https:\/\/superprintpro.com\/tr\/urun\/amo-solvent-inkjet-printer-am3204k12i-3-2meters-with-4-konica-512i-printhead\/\" \/>\n<meta property=\"og:locale\" content=\"tr_TR\" \/>\n<meta property=\"og:type\" content=\"article\" \/>\n<meta property=\"og:title\" content=\"AMO Solvent Inkjet Printer AM3204K12i 3.2meters with 4 Konica 512i Printhead - Amo\" \/>\n<meta property=\"og:description\" content=\"For product details and the latest quotes, please contact our sales manager\" \/>\n<meta property=\"og:url\" content=\"https:\/\/superprintpro.com\/tr\/urun\/amo-solvent-inkjet-printer-am3204k12i-3-2meters-with-4-konica-512i-printhead\/\" \/>\n<meta property=\"og:site_name\" content=\"Amo\" \/>\n<meta property=\"article:modified_time\" content=\"2025-08-18T08:59:37+00:00\" \/>\n<meta property=\"og:image\" content=\"https:\/\/superprintpro.com\/wp-content\/uploads\/2025\/08\/amo-solvent-inkjet-printer-am32-1-1.jpg\" \/>\n\t<meta property=\"og:image:width\" content=\"828\" \/>\n\t<meta property=\"og:image:height\" content=\"466\" \/>\n\t<meta property=\"og:image:type\" content=\"image\/jpeg\" \/>\n<meta name=\"twitter:card\" content=\"summary_large_image\" \/>\n<meta name=\"twitter:label1\" content=\"Tahmini okuma s\u00fcresi\" \/>\n\t<meta name=\"twitter:data1\" content=\"2 dakika\" \/>\n<script type=\"application\/ld+json\" class=\"yoast-schema-graph\">{\"@context\":\"https:\/\/schema.org\",\"@graph\":[{\"@type\":\"WebPage\",\"@id\":\"https:\/\/superprintpro.com\/product\/amo-solvent-inkjet-printer-am3204k12i-3-2meters-with-4-konica-512i-printhead\/\",\"url\":\"https:\/\/superprintpro.com\/product\/amo-solvent-inkjet-printer-am3204k12i-3-2meters-with-4-konica-512i-printhead\/\",\"name\":\"AMO Solvent Inkjet Printer AM3204K12i 3.2meters with 4 Konica 512i Printhead - Amo\",\"isPartOf\":{\"@id\":\"https:\/\/superprintpro.com\/#website\"},\"primaryImageOfPage\":{\"@id\":\"https:\/\/superprintpro.com\/product\/amo-solvent-inkjet-printer-am3204k12i-3-2meters-with-4-konica-512i-printhead\/#primaryimage\"},\"image\":{\"@id\":\"https:\/\/superprintpro.com\/product\/amo-solvent-inkjet-printer-am3204k12i-3-2meters-with-4-konica-512i-printhead\/#primaryimage\"},\"thumbnailUrl\":\"https:\/\/superprintpro.com\/wp-content\/uploads\/2025\/08\/amo-solvent-inkjet-printer-am32-1-1.jpg\",\"datePublished\":\"2025-08-18T03:05:31+00:00\",\"dateModified\":\"2025-08-18T08:59:37+00:00\",\"breadcrumb\":{\"@id\":\"https:\/\/superprintpro.com\/product\/amo-solvent-inkjet-printer-am3204k12i-3-2meters-with-4-konica-512i-printhead\/#breadcrumb\"},\"inLanguage\":\"tr\",\"potentialAction\":[{\"@type\":\"ReadAction\",\"target\":[\"https:\/\/superprintpro.com\/product\/amo-solvent-inkjet-printer-am3204k12i-3-2meters-with-4-konica-512i-printhead\/\"]}]},{\"@type\":\"ImageObject\",\"inLanguage\":\"tr\",\"@id\":\"https:\/\/superprintpro.com\/product\/amo-solvent-inkjet-printer-am3204k12i-3-2meters-with-4-konica-512i-printhead\/#primaryimage\",\"url\":\"https:\/\/superprintpro.com\/wp-content\/uploads\/2025\/08\/amo-solvent-inkjet-printer-am32-1-1.jpg\",\"contentUrl\":\"https:\/\/superprintpro.com\/wp-content\/uploads\/2025\/08\/amo-solvent-inkjet-printer-am32-1-1.jpg\",\"width\":828,\"height\":466,\"caption\":\"AMO Solvent Inkjet Printer AM3204K12i 3.2meters with 4 Konica 512i Printhead\"},{\"@type\":\"BreadcrumbList\",\"@id\":\"https:\/\/superprintpro.com\/product\/amo-solvent-inkjet-printer-am3204k12i-3-2meters-with-4-konica-512i-printhead\/#breadcrumb\",\"itemListElement\":[{\"@type\":\"ListItem\",\"position\":1,\"name\":\"\u9996\u9875\",\"item\":\"https:\/\/superprintpro.com\/\"},{\"@type\":\"ListItem\",\"position\":2,\"name\":\"Shop\",\"item\":\"https:\/\/superprintpro.com\/shop\/\"},{\"@type\":\"ListItem\",\"position\":3,\"name\":\"AMO Solvent Inkjet Printer AM3204K12i 3.2meters with 4 Konica 512i Printhead\"}]},{\"@type\":\"WebSite\",\"@id\":\"https:\/\/superprintpro.com\/#website\",\"url\":\"https:\/\/superprintpro.com\/\",\"name\":\"Amo\",\"description\":\"\",\"potentialAction\":[{\"@type\":\"SearchAction\",\"target\":{\"@type\":\"EntryPoint\",\"urlTemplate\":\"https:\/\/superprintpro.com\/?s={search_term_string}\"},\"query-input\":{\"@type\":\"PropertyValueSpecification\",\"valueRequired\":true,\"valueName\":\"search_term_string\"}}],\"inLanguage\":\"tr\"}]}<\/script>\n<!-- \/ Yoast SEO plugin. -->","yoast_head_json":{"title":"AMO Solvent Inkjet Printer AM3204K12i 3.2meters with 4 Konica 512i Printhead - Amo","robots":{"index":"index","follow":"follow","max-snippet":"max-snippet:-1","max-image-preview":"max-image-preview:large","max-video-preview":"max-video-preview:-1"},"canonical":"https:\/\/superprintpro.com\/tr\/urun\/amo-solvent-inkjet-printer-am3204k12i-3-2meters-with-4-konica-512i-printhead\/","og_locale":"tr_TR","og_type":"article","og_title":"AMO Solvent Inkjet Printer AM3204K12i 3.2meters with 4 Konica 512i Printhead - Amo","og_description":"For product details and the latest quotes, please contact our sales manager","og_url":"https:\/\/superprintpro.com\/tr\/urun\/amo-solvent-inkjet-printer-am3204k12i-3-2meters-with-4-konica-512i-printhead\/","og_site_name":"Amo","article_modified_time":"2025-08-18T08:59:37+00:00","og_image":[{"width":828,"height":466,"url":"https:\/\/superprintpro.com\/wp-content\/uploads\/2025\/08\/amo-solvent-inkjet-printer-am32-1-1.jpg","type":"image\/jpeg"}],"twitter_card":"summary_large_image","twitter_misc":{"Tahmini okuma s\u00fcresi":"2 dakika"},"schema":{"@context":"https:\/\/schema.org","@graph":[{"@type":"WebPage","@id":"https:\/\/superprintpro.com\/product\/amo-solvent-inkjet-printer-am3204k12i-3-2meters-with-4-konica-512i-printhead\/","url":"https:\/\/superprintpro.com\/product\/amo-solvent-inkjet-printer-am3204k12i-3-2meters-with-4-konica-512i-printhead\/","name":"AMO Solvent Inkjet Printer AM3204K12i 3.2meters with 4 Konica 512i Printhead - Amo","isPartOf":{"@id":"https:\/\/superprintpro.com\/#website"},"primaryImageOfPage":{"@id":"https:\/\/superprintpro.com\/product\/amo-solvent-inkjet-printer-am3204k12i-3-2meters-with-4-konica-512i-printhead\/#primaryimage"},"image":{"@id":"https:\/\/superprintpro.com\/product\/amo-solvent-inkjet-printer-am3204k12i-3-2meters-with-4-konica-512i-printhead\/#primaryimage"},"thumbnailUrl":"https:\/\/superprintpro.com\/wp-content\/uploads\/2025\/08\/amo-solvent-inkjet-printer-am32-1-1.jpg","datePublished":"2025-08-18T03:05:31+00:00","dateModified":"2025-08-18T08:59:37+00:00","breadcrumb":{"@id":"https:\/\/superprintpro.com\/product\/amo-solvent-inkjet-printer-am3204k12i-3-2meters-with-4-konica-512i-printhead\/#breadcrumb"},"inLanguage":"tr","potentialAction":[{"@type":"ReadAction","target":["https:\/\/superprintpro.com\/product\/amo-solvent-inkjet-printer-am3204k12i-3-2meters-with-4-konica-512i-printhead\/"]}]},{"@type":"ImageObject","inLanguage":"tr","@id":"https:\/\/superprintpro.com\/product\/amo-solvent-inkjet-printer-am3204k12i-3-2meters-with-4-konica-512i-printhead\/#primaryimage","url":"https:\/\/superprintpro.com\/wp-content\/uploads\/2025\/08\/amo-solvent-inkjet-printer-am32-1-1.jpg","contentUrl":"https:\/\/superprintpro.com\/wp-content\/uploads\/2025\/08\/amo-solvent-inkjet-printer-am32-1-1.jpg","width":828,"height":466,"caption":"AMO Solvent Inkjet Printer AM3204K12i 3.2meters with 4 Konica 512i Printhead"},{"@type":"BreadcrumbList","@id":"https:\/\/superprintpro.com\/product\/amo-solvent-inkjet-printer-am3204k12i-3-2meters-with-4-konica-512i-printhead\/#breadcrumb","itemListElement":[{"@type":"ListItem","position":1,"name":"\u9996\u9875","item":"https:\/\/superprintpro.com\/"},{"@type":"ListItem","position":2,"name":"Shop","item":"https:\/\/superprintpro.com\/shop\/"},{"@type":"ListItem","position":3,"name":"AMO Solvent Inkjet Printer AM3204K12i 3.2meters with 4 Konica 512i Printhead"}]},{"@type":"WebSite","@id":"https:\/\/superprintpro.com\/#website","url":"https:\/\/superprintpro.com\/","name":"Amo","description":"","potentialAction":[{"@type":"SearchAction","target":{"@type":"EntryPoint","urlTemplate":"https:\/\/superprintpro.com\/?s={search_term_string}"},"query-input":{"@type":"PropertyValueSpecification","valueRequired":true,"valueName":"search_term_string"}}],"inLanguage":"tr"}]}},"_links":{"self":[{"href":"https:\/\/superprintpro.com\/tr\/wp-json\/wp\/v2\/product\/30125","targetHints":{"allow":["GET"]}}],"collection":[{"href":"https:\/\/superprintpro.com\/tr\/wp-json\/wp\/v2\/product"}],"about":[{"href":"https:\/\/superprintpro.com\/tr\/wp-json\/wp\/v2\/types\/product"}],"replies":[{"embeddable":true,"href":"https:\/\/superprintpro.com\/tr\/wp-json\/wp\/v2\/comments?post=30125"}],"version-history":[{"count":1,"href":"https:\/\/superprintpro.com\/tr\/wp-json\/wp\/v2\/product\/30125\/revisions"}],"predecessor-version":[{"id":30129,"href":"https:\/\/superprintpro.com\/tr\/wp-json\/wp\/v2\/product\/30125\/revisions\/30129"}],"wp:featuredmedia":[{"embeddable":true,"href":"https:\/\/superprintpro.com\/tr\/wp-json\/wp\/v2\/media\/30284"}],"wp:attachment":[{"href":"https:\/\/superprintpro.com\/tr\/wp-json\/wp\/v2\/media?parent=30125"}],"wp:term":[{"taxonomy":"product_brand","embeddable":true,"href":"https:\/\/superprintpro.com\/tr\/wp-json\/wp\/v2\/product_brand?post=30125"},{"taxonomy":"product_cat","embeddable":true,"href":"https:\/\/superprintpro.com\/tr\/wp-json\/wp\/v2\/product_cat?post=30125"},{"taxonomy":"product_tag","embeddable":true,"href":"https:\/\/superprintpro.com\/tr\/wp-json\/wp\/v2\/product_tag?post=30125"}],"curies":[{"name":"wp","href":"https:\/\/api.w.org\/{rel}","templated":true}]}}