{"id":30098,"date":"2025-08-18T09:47:00","date_gmt":"2025-08-18T01:47:00","guid":{"rendered":"https:\/\/superprintpro.com\/?post_type=product&#038;p=30098"},"modified":"2025-08-18T09:47:00","modified_gmt":"2025-08-18T01:47:00","slug":"am1901xp-1-9meter-inkjet-printer-with-1-xp600-printhead-the-economic-version","status":"publish","type":"product","link":"https:\/\/superprintpro.com\/tr\/urun\/am1901xp-1-9meter-inkjet-printer-with-1-xp600-printhead-the-economic-version\/","title":{"rendered":"AM1901XP 1.9metre 1 XP600 Bask\u0131 Kafal\u0131 M\u00fcrekkep P\u00fcsk\u00fcrtmeli yaz\u0131c\u0131 (ekonomik versiyon)"},"content":{"rendered":"<p>Model Ad\u0131:AM1901XP<\/p>\n<p>Bask\u0131 Geni\u015fli\u011fi: 1,9 metre<\/p>\n<p>Maksimum Medya geni\u015fli\u011fi: 1,9 metre<\/p>\n<p>Yazd\u0131rma kafas\u0131 \uff1a Epson XP600 yazd\u0131rma kafas\u0131<\/p>\n<p>Bask\u0131 kafas\u0131 say\u0131s\u0131\uff1a1 adet<\/p>\n<p>\u00c7\u00f6z\u00fcn\u00fcrl\u00fck: 360 x 720 dpi<\/p>\n<p>Bask\u0131 H\u0131z\u0131: 4 Ge\u00e7i\u015f Modu Saatte 12 metrekare<\/p>\n<p>Bask\u0131 Ortam\u0131: PP Ka\u011f\u0131t, Foto\u011fraf Ka\u011f\u0131d\u0131, Vinil, Transfer Ka\u011f\u0131d\u0131, Mavi arka ka\u011f\u0131t vb.<\/p>\n<p>Renk : CMYK<\/p>\n<p>M\u00fcrekkep: Eko-Solvent m\u00fcrekkep, S\u00fcblimasyon M\u00fcrekkebi (veya di\u011fer su bazl\u0131 m\u00fcrekkep)<\/p>\n<p>M\u00fcrekkep Kapasitesi: Renk Ba\u015f\u0131na 1 Litre<\/p>\n<p>Bilgisayara Ba\u011flant\u0131 Portu : USB\/NET<\/p>\n<p>Bask\u0131 kafas\u0131 - Medya mesafesi: 2 mm ila 3 mm<\/p>\n<p>Bask\u0131 Yeri sistemi: Raster ve Servo sistem<\/p>\n<p>M\u00fcrekkep kurutma sistemi: Fan ve \u0131s\u0131t\u0131c\u0131<\/p>\n<p>Motor ve S\u00fcr\u00fcc\u00fc sistemi: Ta\u015f\u0131ma ve Basamak i\u00e7in kombine y\u00fcksek hassasiyetli motor ve s\u00fcr\u00fcc\u00fc<\/p>\n<p>Bask\u0131 Sistemi: Sengyang<\/p>\n<p>M\u00fcrekkep \u0130stasyonu: Al\u00fcminyum y\u00fcksek hassasiyetli Bask\u0131 kafas\u0131 Bak\u0131m \u0130stasyonu.<\/p>\n<p>Rip Yaz\u0131l\u0131m\u0131 : Maintop, RIIN, Photoprint<\/p>\n<p>Foto\u011fraf format\u0131: JPG,TIFF,BMP,PDF<\/p>\n<p>Is\u0131tma sistemi: Otomatik S\u0131cakl\u0131k Kontrol sistemi ekipman\u0131.<\/p>\n<p>Medya besleme sistemi: Otomatik Medya sarma sistemi<\/p>\n<p>Maksimum Medya a\u011f\u0131rl\u0131\u011f\u0131: 90kgs<\/p>\n<p>G\u00fc\u00e7 talebi: 50\/60HZ 220V AC<\/p>\n<p>\u00c7al\u0131\u015fma S\u0131cakl\u0131\u011f\u0131: 20-25 CESUS<\/p>\n<p>\u00c7al\u0131\u015fma Nemi: 40-70%<\/p>\n<p>Makine Boyutu: L2,980mm X W750mm X H1250mm<\/p>\n<p>Net A\u011f\u0131rl\u0131k: 210 KGS<\/p>\n<p>Ambalaj Boyutu: L2,900mm X W600mm X H400mm<\/p>\n<p>Br\u00fct A\u011f\u0131rl\u0131k: 250 KGS<\/p>\n<p>(Ger\u00e7ek makine bu katalogda g\u00f6sterilen yaz\u0131c\u0131dan biraz farkl\u0131 olabilir, \u00f6zellikle baz\u0131 detaylar farkl\u0131 olabilir)<\/p>\n<p>M\u00fcrekkep besleme sistemi<\/p>","protected":false},"excerpt":{"rendered":"<p>\u00dcr\u00fcn detaylar\u0131 ve en son fiyat teklifleri i\u00e7in l\u00fctfen sat\u0131\u015f m\u00fcd\u00fcr\u00fcm\u00fczle ileti\u015fime ge\u00e7in<\/p>","protected":false},"featured_media":30099,"comment_status":"open","ping_status":"closed","template":"","meta":[],"product_brand":[],"product_cat":[102],"product_tag":[],"class_list":{"0":"post-30098","1":"product","2":"type-product","3":"status-publish","4":"has-post-thumbnail","6":"product_cat-with-xp600-printhead","8":"first","9":"instock","10":"shipping-taxable","11":"purchasable","12":"product-type-simple"},"yoast_head":"<!-- This site is optimized with the Yoast SEO plugin v26.9 - https:\/\/yoast.com\/product\/yoast-seo-wordpress\/ -->\n<title>AM1901XP 1.9meter Inkjet printer with 1 XP600 Printhead (the economic version) - Amo<\/title>\n<meta name=\"robots\" content=\"index, follow, max-snippet:-1, max-image-preview:large, max-video-preview:-1\" \/>\n<link rel=\"canonical\" href=\"https:\/\/superprintpro.com\/tr\/urun\/am1901xp-1-9meter-inkjet-printer-with-1-xp600-printhead-the-economic-version\/\" \/>\n<meta property=\"og:locale\" content=\"tr_TR\" \/>\n<meta property=\"og:type\" content=\"article\" \/>\n<meta property=\"og:title\" content=\"AM1901XP 1.9meter Inkjet printer with 1 XP600 Printhead (the economic version) - Amo\" \/>\n<meta property=\"og:description\" content=\"For product details and the latest quotes, please contact our sales manager\" \/>\n<meta property=\"og:url\" content=\"https:\/\/superprintpro.com\/tr\/urun\/am1901xp-1-9meter-inkjet-printer-with-1-xp600-printhead-the-economic-version\/\" \/>\n<meta property=\"og:site_name\" content=\"Amo\" \/>\n<meta property=\"og:image\" content=\"https:\/\/superprintpro.com\/wp-content\/uploads\/2025\/08\/am1901xp-19meter-inkjet-printer-with-1-xp600-printhead.jpg\" \/>\n\t<meta property=\"og:image:width\" content=\"1204\" \/>\n\t<meta property=\"og:image:height\" content=\"677\" \/>\n\t<meta property=\"og:image:type\" content=\"image\/jpeg\" \/>\n<meta name=\"twitter:card\" content=\"summary_large_image\" \/>\n<meta name=\"twitter:label1\" content=\"Tahmini okuma s\u00fcresi\" \/>\n\t<meta name=\"twitter:data1\" content=\"1 dakika\" \/>\n<script type=\"application\/ld+json\" class=\"yoast-schema-graph\">{\"@context\":\"https:\/\/schema.org\",\"@graph\":[{\"@type\":\"WebPage\",\"@id\":\"https:\/\/superprintpro.com\/product\/am1901xp-1-9meter-inkjet-printer-with-1-xp600-printhead-the-economic-version\/\",\"url\":\"https:\/\/superprintpro.com\/product\/am1901xp-1-9meter-inkjet-printer-with-1-xp600-printhead-the-economic-version\/\",\"name\":\"AM1901XP 1.9meter Inkjet printer with 1 XP600 Printhead (the economic version) - Amo\",\"isPartOf\":{\"@id\":\"https:\/\/superprintpro.com\/#website\"},\"primaryImageOfPage\":{\"@id\":\"https:\/\/superprintpro.com\/product\/am1901xp-1-9meter-inkjet-printer-with-1-xp600-printhead-the-economic-version\/#primaryimage\"},\"image\":{\"@id\":\"https:\/\/superprintpro.com\/product\/am1901xp-1-9meter-inkjet-printer-with-1-xp600-printhead-the-economic-version\/#primaryimage\"},\"thumbnailUrl\":\"https:\/\/superprintpro.com\/wp-content\/uploads\/2025\/08\/am1901xp-19meter-inkjet-printer-with-1-xp600-printhead.jpg\",\"datePublished\":\"2025-08-18T01:47:00+00:00\",\"breadcrumb\":{\"@id\":\"https:\/\/superprintpro.com\/product\/am1901xp-1-9meter-inkjet-printer-with-1-xp600-printhead-the-economic-version\/#breadcrumb\"},\"inLanguage\":\"tr\",\"potentialAction\":[{\"@type\":\"ReadAction\",\"target\":[\"https:\/\/superprintpro.com\/product\/am1901xp-1-9meter-inkjet-printer-with-1-xp600-printhead-the-economic-version\/\"]}]},{\"@type\":\"ImageObject\",\"inLanguage\":\"tr\",\"@id\":\"https:\/\/superprintpro.com\/product\/am1901xp-1-9meter-inkjet-printer-with-1-xp600-printhead-the-economic-version\/#primaryimage\",\"url\":\"https:\/\/superprintpro.com\/wp-content\/uploads\/2025\/08\/am1901xp-19meter-inkjet-printer-with-1-xp600-printhead.jpg\",\"contentUrl\":\"https:\/\/superprintpro.com\/wp-content\/uploads\/2025\/08\/am1901xp-19meter-inkjet-printer-with-1-xp600-printhead.jpg\",\"width\":1204,\"height\":677,\"caption\":\"AM1901XP 1.9meter Inkjet printer with 1 XP600 Printhead (the economic version)\"},{\"@type\":\"BreadcrumbList\",\"@id\":\"https:\/\/superprintpro.com\/product\/am1901xp-1-9meter-inkjet-printer-with-1-xp600-printhead-the-economic-version\/#breadcrumb\",\"itemListElement\":[{\"@type\":\"ListItem\",\"position\":1,\"name\":\"\u9996\u9875\",\"item\":\"https:\/\/superprintpro.com\/\"},{\"@type\":\"ListItem\",\"position\":2,\"name\":\"Shop\",\"item\":\"https:\/\/superprintpro.com\/shop\/\"},{\"@type\":\"ListItem\",\"position\":3,\"name\":\"AM1901XP 1.9meter Inkjet printer with 1 XP600 Printhead (the economic version)\"}]},{\"@type\":\"WebSite\",\"@id\":\"https:\/\/superprintpro.com\/#website\",\"url\":\"https:\/\/superprintpro.com\/\",\"name\":\"Amo\",\"description\":\"\",\"potentialAction\":[{\"@type\":\"SearchAction\",\"target\":{\"@type\":\"EntryPoint\",\"urlTemplate\":\"https:\/\/superprintpro.com\/?s={search_term_string}\"},\"query-input\":{\"@type\":\"PropertyValueSpecification\",\"valueRequired\":true,\"valueName\":\"search_term_string\"}}],\"inLanguage\":\"tr\"}]}<\/script>\n<!-- \/ Yoast SEO plugin. -->","yoast_head_json":{"title":"AM1901XP 1.9meter Inkjet printer with 1 XP600 Printhead (the economic version) - Amo","robots":{"index":"index","follow":"follow","max-snippet":"max-snippet:-1","max-image-preview":"max-image-preview:large","max-video-preview":"max-video-preview:-1"},"canonical":"https:\/\/superprintpro.com\/tr\/urun\/am1901xp-1-9meter-inkjet-printer-with-1-xp600-printhead-the-economic-version\/","og_locale":"tr_TR","og_type":"article","og_title":"AM1901XP 1.9meter Inkjet printer with 1 XP600 Printhead (the economic version) - Amo","og_description":"For product details and the latest quotes, please contact our sales manager","og_url":"https:\/\/superprintpro.com\/tr\/urun\/am1901xp-1-9meter-inkjet-printer-with-1-xp600-printhead-the-economic-version\/","og_site_name":"Amo","og_image":[{"width":1204,"height":677,"url":"https:\/\/superprintpro.com\/wp-content\/uploads\/2025\/08\/am1901xp-19meter-inkjet-printer-with-1-xp600-printhead.jpg","type":"image\/jpeg"}],"twitter_card":"summary_large_image","twitter_misc":{"Tahmini okuma s\u00fcresi":"1 dakika"},"schema":{"@context":"https:\/\/schema.org","@graph":[{"@type":"WebPage","@id":"https:\/\/superprintpro.com\/product\/am1901xp-1-9meter-inkjet-printer-with-1-xp600-printhead-the-economic-version\/","url":"https:\/\/superprintpro.com\/product\/am1901xp-1-9meter-inkjet-printer-with-1-xp600-printhead-the-economic-version\/","name":"AM1901XP 1.9meter Inkjet printer with 1 XP600 Printhead (the economic version) - Amo","isPartOf":{"@id":"https:\/\/superprintpro.com\/#website"},"primaryImageOfPage":{"@id":"https:\/\/superprintpro.com\/product\/am1901xp-1-9meter-inkjet-printer-with-1-xp600-printhead-the-economic-version\/#primaryimage"},"image":{"@id":"https:\/\/superprintpro.com\/product\/am1901xp-1-9meter-inkjet-printer-with-1-xp600-printhead-the-economic-version\/#primaryimage"},"thumbnailUrl":"https:\/\/superprintpro.com\/wp-content\/uploads\/2025\/08\/am1901xp-19meter-inkjet-printer-with-1-xp600-printhead.jpg","datePublished":"2025-08-18T01:47:00+00:00","breadcrumb":{"@id":"https:\/\/superprintpro.com\/product\/am1901xp-1-9meter-inkjet-printer-with-1-xp600-printhead-the-economic-version\/#breadcrumb"},"inLanguage":"tr","potentialAction":[{"@type":"ReadAction","target":["https:\/\/superprintpro.com\/product\/am1901xp-1-9meter-inkjet-printer-with-1-xp600-printhead-the-economic-version\/"]}]},{"@type":"ImageObject","inLanguage":"tr","@id":"https:\/\/superprintpro.com\/product\/am1901xp-1-9meter-inkjet-printer-with-1-xp600-printhead-the-economic-version\/#primaryimage","url":"https:\/\/superprintpro.com\/wp-content\/uploads\/2025\/08\/am1901xp-19meter-inkjet-printer-with-1-xp600-printhead.jpg","contentUrl":"https:\/\/superprintpro.com\/wp-content\/uploads\/2025\/08\/am1901xp-19meter-inkjet-printer-with-1-xp600-printhead.jpg","width":1204,"height":677,"caption":"AM1901XP 1.9meter Inkjet printer with 1 XP600 Printhead (the economic version)"},{"@type":"BreadcrumbList","@id":"https:\/\/superprintpro.com\/product\/am1901xp-1-9meter-inkjet-printer-with-1-xp600-printhead-the-economic-version\/#breadcrumb","itemListElement":[{"@type":"ListItem","position":1,"name":"\u9996\u9875","item":"https:\/\/superprintpro.com\/"},{"@type":"ListItem","position":2,"name":"Shop","item":"https:\/\/superprintpro.com\/shop\/"},{"@type":"ListItem","position":3,"name":"AM1901XP 1.9meter Inkjet printer with 1 XP600 Printhead (the economic version)"}]},{"@type":"WebSite","@id":"https:\/\/superprintpro.com\/#website","url":"https:\/\/superprintpro.com\/","name":"Amo","description":"","potentialAction":[{"@type":"SearchAction","target":{"@type":"EntryPoint","urlTemplate":"https:\/\/superprintpro.com\/?s={search_term_string}"},"query-input":{"@type":"PropertyValueSpecification","valueRequired":true,"valueName":"search_term_string"}}],"inLanguage":"tr"}]}},"_links":{"self":[{"href":"https:\/\/superprintpro.com\/tr\/wp-json\/wp\/v2\/product\/30098","targetHints":{"allow":["GET"]}}],"collection":[{"href":"https:\/\/superprintpro.com\/tr\/wp-json\/wp\/v2\/product"}],"about":[{"href":"https:\/\/superprintpro.com\/tr\/wp-json\/wp\/v2\/types\/product"}],"replies":[{"embeddable":true,"href":"https:\/\/superprintpro.com\/tr\/wp-json\/wp\/v2\/comments?post=30098"}],"version-history":[{"count":1,"href":"https:\/\/superprintpro.com\/tr\/wp-json\/wp\/v2\/product\/30098\/revisions"}],"predecessor-version":[{"id":30100,"href":"https:\/\/superprintpro.com\/tr\/wp-json\/wp\/v2\/product\/30098\/revisions\/30100"}],"wp:featuredmedia":[{"embeddable":true,"href":"https:\/\/superprintpro.com\/tr\/wp-json\/wp\/v2\/media\/30099"}],"wp:attachment":[{"href":"https:\/\/superprintpro.com\/tr\/wp-json\/wp\/v2\/media?parent=30098"}],"wp:term":[{"taxonomy":"product_brand","embeddable":true,"href":"https:\/\/superprintpro.com\/tr\/wp-json\/wp\/v2\/product_brand?post=30098"},{"taxonomy":"product_cat","embeddable":true,"href":"https:\/\/superprintpro.com\/tr\/wp-json\/wp\/v2\/product_cat?post=30098"},{"taxonomy":"product_tag","embeddable":true,"href":"https:\/\/superprintpro.com\/tr\/wp-json\/wp\/v2\/product_tag?post=30098"}],"curies":[{"name":"wp","href":"https:\/\/api.w.org\/{rel}","templated":true}]}}