{"id":30083,"date":"2025-08-18T09:21:35","date_gmt":"2025-08-18T01:21:35","guid":{"rendered":"https:\/\/superprintpro.com\/?post_type=product&#038;p=30083"},"modified":"2025-08-18T09:26:04","modified_gmt":"2025-08-18T01:26:04","slug":"amo-uv-dtf-inkjet-printer-am604i16-uvdtf-with-4-heads-i1600","status":"publish","type":"product","link":"https:\/\/superprintpro.com\/tr\/urun\/amo-uv-dtf-inkjet-printer-am604i16-uvdtf-with-4-heads-i1600\/","title":{"rendered":"AMO UV-DTF M\u00fcrekkep P\u00fcsk\u00fcrtmeli Yaz\u0131c\u0131 AM604i16-UVDTF, 4 kafal\u0131 i1600"},"content":{"rendered":"<p>AMO UV-DTF M\u00fcrekkep P\u00fcsk\u00fcrtmeli Yaz\u0131c\u0131 Model ad\u0131 AM604i16-UVDTF<br \/>\nUV-DTF Yaz\u0131c\u0131, tutkal kapl\u0131 etiket filmi A'ya UV M\u00fcrekkep ile bask\u0131 yapabilir. Bask\u0131 i\u015flemi s\u0131ras\u0131nda bu A filmi, transfer filmi olan B filmi ile lamine edilecektir. Son olarak bu transfer filmi B, g\u00f6r\u00fcnt\u00fcy\u00fc \u0131s\u0131tma i\u015flemi olmadan do\u011frudan herhangi bir sert y\u00fczeye aktarabilir. Bu i\u015flem olduk\u00e7a h\u0131zl\u0131, kolay ve basittir, bu nedenle tabela ve reklamc\u0131l\u0131k sekt\u00f6r\u00fcnde \u00e7ok pop\u00fclerdir. Cam \u015fi\u015feler, bardaklar, akrilik malzeme, seramik malzeme, plastik, ka\u011f\u0131tlar, ah\u015fap, ta\u015f vb. gibi hemen hemen her sert ve p\u00fcr\u00fczs\u00fcz y\u00fczeye uygulanabildi\u011finden, d\u00fcz veya yuvarlak olursa olsun herhangi bir p\u00fcr\u00fczs\u00fcz y\u00fczey, herhangi bir \u0131s\u0131 transfer i\u015flemi olmadan h\u0131zl\u0131 g\u00f6r\u00fcnt\u00fc transferi ile iyi \u00e7al\u0131\u015f\u0131r. UV-DTF'nin g\u00f6r\u00fcnt\u00fcs\u00fc y\u00fcksek netlik ve dayan\u0131kl\u0131l\u0131ktad\u0131r.  M\u00fc\u015fterilerinizin ihtiya\u00e7 duydu\u011fu bu t\u00fcr alanlarda tabela i\u015finizin h\u0131zla b\u00fcy\u00fcmesini sa\u011flayacakt\u0131r.<\/p>\n<p>Makine parametreleri<\/p>\n<p>Kafa bilgileri: I1600-U1 4H (4 kafa I1600 UV Versiyonu)<br \/>\nBask\u0131 geni\u015fli\u011fi: 650MM (Ka\u011f\u0131t kayd\u0131rma k\u0131lavuzunun olmad\u0131\u011f\u0131 durumda bask\u0131 geni\u015fli\u011fi maksimum 700mm'ye ula\u015fabilir)<br \/>\nDevre kart\u0131 sistemi: Hoson<br \/>\nBa\u011flant\u0131 modu: Gigabit \u0130nternet ba\u011flant\u0131s\u0131<br \/>\nM\u00fcrekkep yap\u0131land\u0131rmas\u0131 :<br \/>\nKlasik: W+C+V (4 renk: Beyaz+Renkler+Vernik)<br \/>\nBask\u0131 H\u0131z\u0131:<br \/>\n4 ge\u00e7i\u015fli 6 m\u00b2\/h<br \/>\n6 ge\u00e7i\u015f 4 \u33a1\u00b2\/h<br \/>\n8 ge\u00e7i\u015f 2 m\u00b2\/h<br \/>\nMedya t\u00fcr\u00fc:<br \/>\nA ve B transfer filmi<br \/>\nEkipman\u0131n \u00f6zellikleri:<br \/>\nVurma \u00f6nleyici cihaz<br \/>\nUV k\u00fcrleme sisteminin su so\u011futma kutusu +LED UV lambas\u0131<br \/>\nKau\u00e7uk silindir \u0131s\u0131tma + ayarlanabilir pn\u00f6matik bas\u0131n\u00e7 \u00e7ubu\u011fu<br \/>\nOtomatik besleme ve bo\u015faltma sistemi<br \/>\nYaz\u0131c\u0131 bilgisi:<br \/>\n\u00c7al\u0131\u015fma voltaj\u0131: AC220V 50\/60HZ<br \/>\nG\u00fc\u00e7: 2500W<br \/>\n\u00e7al\u0131\u015fma ortam\u0131:<br \/>\nNormal \u00e7al\u0131\u015fma s\u0131cakl\u0131\u011f\u0131: 22-28 \u2103 nem: 40%-60%<br \/>\nMakine boyutu L1780MM W900MM H1320MM<br \/>\nAmbalaj boyutlar\u01312300MM(L)880MM(W)960MM(H)<\/p>","protected":false},"excerpt":{"rendered":"<p>\u00dcr\u00fcn detaylar\u0131 ve en son fiyat teklifleri i\u00e7in l\u00fctfen sat\u0131\u015f m\u00fcd\u00fcr\u00fcm\u00fczle ileti\u015fime ge\u00e7in<\/p>","protected":false},"featured_media":30084,"comment_status":"open","ping_status":"closed","template":"","meta":[],"product_brand":[],"product_cat":[123],"product_tag":[],"class_list":{"0":"post-30083","1":"product","2":"type-product","3":"status-publish","4":"has-post-thumbnail","6":"product_cat-uv-dtf-printer","8":"first","9":"instock","10":"shipping-taxable","11":"purchasable","12":"product-type-simple"},"yoast_head":"<!-- This site is optimized with the Yoast SEO plugin v26.9 - https:\/\/yoast.com\/product\/yoast-seo-wordpress\/ -->\n<title>AMO UV-DTF Inkjet Printer AM604i16-UVDTF with 4 heads i1600 - Amo<\/title>\n<meta name=\"robots\" content=\"index, follow, max-snippet:-1, max-image-preview:large, max-video-preview:-1\" \/>\n<link rel=\"canonical\" href=\"https:\/\/superprintpro.com\/tr\/urun\/amo-uv-dtf-inkjet-printer-am604i16-uvdtf-with-4-heads-i1600\/\" \/>\n<meta property=\"og:locale\" content=\"tr_TR\" \/>\n<meta property=\"og:type\" content=\"article\" \/>\n<meta property=\"og:title\" content=\"AMO UV-DTF Inkjet Printer AM604i16-UVDTF with 4 heads i1600 - Amo\" \/>\n<meta property=\"og:description\" content=\"For product details and the latest quotes, please contact our sales manager\" \/>\n<meta property=\"og:url\" content=\"https:\/\/superprintpro.com\/tr\/urun\/amo-uv-dtf-inkjet-printer-am604i16-uvdtf-with-4-heads-i1600\/\" \/>\n<meta property=\"og:site_name\" content=\"Amo\" \/>\n<meta property=\"article:modified_time\" content=\"2025-08-18T01:26:04+00:00\" \/>\n<meta property=\"og:image\" content=\"https:\/\/superprintpro.com\/wp-content\/uploads\/2025\/08\/amo-uv-dtf-inkjet-printer-am604i16-uvdtf-with-4-heads-i1600.jpg\" \/>\n\t<meta property=\"og:image:width\" content=\"500\" \/>\n\t<meta property=\"og:image:height\" content=\"281\" \/>\n\t<meta property=\"og:image:type\" content=\"image\/jpeg\" \/>\n<meta name=\"twitter:card\" content=\"summary_large_image\" \/>\n<meta name=\"twitter:label1\" content=\"Tahmini okuma s\u00fcresi\" \/>\n\t<meta name=\"twitter:data1\" content=\"1 dakika\" \/>\n<script type=\"application\/ld+json\" class=\"yoast-schema-graph\">{\"@context\":\"https:\/\/schema.org\",\"@graph\":[{\"@type\":\"WebPage\",\"@id\":\"https:\/\/superprintpro.com\/product\/amo-uv-dtf-inkjet-printer-am604i16-uvdtf-with-4-heads-i1600\/\",\"url\":\"https:\/\/superprintpro.com\/product\/amo-uv-dtf-inkjet-printer-am604i16-uvdtf-with-4-heads-i1600\/\",\"name\":\"AMO UV-DTF Inkjet Printer AM604i16-UVDTF with 4 heads i1600 - Amo\",\"isPartOf\":{\"@id\":\"https:\/\/superprintpro.com\/#website\"},\"primaryImageOfPage\":{\"@id\":\"https:\/\/superprintpro.com\/product\/amo-uv-dtf-inkjet-printer-am604i16-uvdtf-with-4-heads-i1600\/#primaryimage\"},\"image\":{\"@id\":\"https:\/\/superprintpro.com\/product\/amo-uv-dtf-inkjet-printer-am604i16-uvdtf-with-4-heads-i1600\/#primaryimage\"},\"thumbnailUrl\":\"https:\/\/superprintpro.com\/wp-content\/uploads\/2025\/08\/amo-uv-dtf-inkjet-printer-am604i16-uvdtf-with-4-heads-i1600.jpg\",\"datePublished\":\"2025-08-18T01:21:35+00:00\",\"dateModified\":\"2025-08-18T01:26:04+00:00\",\"breadcrumb\":{\"@id\":\"https:\/\/superprintpro.com\/product\/amo-uv-dtf-inkjet-printer-am604i16-uvdtf-with-4-heads-i1600\/#breadcrumb\"},\"inLanguage\":\"tr\",\"potentialAction\":[{\"@type\":\"ReadAction\",\"target\":[\"https:\/\/superprintpro.com\/product\/amo-uv-dtf-inkjet-printer-am604i16-uvdtf-with-4-heads-i1600\/\"]}]},{\"@type\":\"ImageObject\",\"inLanguage\":\"tr\",\"@id\":\"https:\/\/superprintpro.com\/product\/amo-uv-dtf-inkjet-printer-am604i16-uvdtf-with-4-heads-i1600\/#primaryimage\",\"url\":\"https:\/\/superprintpro.com\/wp-content\/uploads\/2025\/08\/amo-uv-dtf-inkjet-printer-am604i16-uvdtf-with-4-heads-i1600.jpg\",\"contentUrl\":\"https:\/\/superprintpro.com\/wp-content\/uploads\/2025\/08\/amo-uv-dtf-inkjet-printer-am604i16-uvdtf-with-4-heads-i1600.jpg\",\"width\":500,\"height\":281,\"caption\":\"AMO UV-DTF Inkjet Printer AM604i16-UVDTF with 4 heads i1600\"},{\"@type\":\"BreadcrumbList\",\"@id\":\"https:\/\/superprintpro.com\/product\/amo-uv-dtf-inkjet-printer-am604i16-uvdtf-with-4-heads-i1600\/#breadcrumb\",\"itemListElement\":[{\"@type\":\"ListItem\",\"position\":1,\"name\":\"\u9996\u9875\",\"item\":\"https:\/\/superprintpro.com\/\"},{\"@type\":\"ListItem\",\"position\":2,\"name\":\"Shop\",\"item\":\"https:\/\/superprintpro.com\/shop\/\"},{\"@type\":\"ListItem\",\"position\":3,\"name\":\"AMO UV-DTF Inkjet Printer AM604i16-UVDTF with 4 heads i1600\"}]},{\"@type\":\"WebSite\",\"@id\":\"https:\/\/superprintpro.com\/#website\",\"url\":\"https:\/\/superprintpro.com\/\",\"name\":\"Amo\",\"description\":\"\",\"potentialAction\":[{\"@type\":\"SearchAction\",\"target\":{\"@type\":\"EntryPoint\",\"urlTemplate\":\"https:\/\/superprintpro.com\/?s={search_term_string}\"},\"query-input\":{\"@type\":\"PropertyValueSpecification\",\"valueRequired\":true,\"valueName\":\"search_term_string\"}}],\"inLanguage\":\"tr\"}]}<\/script>\n<!-- \/ Yoast SEO plugin. -->","yoast_head_json":{"title":"AMO UV-DTF Inkjet Printer AM604i16-UVDTF with 4 heads i1600 - Amo","robots":{"index":"index","follow":"follow","max-snippet":"max-snippet:-1","max-image-preview":"max-image-preview:large","max-video-preview":"max-video-preview:-1"},"canonical":"https:\/\/superprintpro.com\/tr\/urun\/amo-uv-dtf-inkjet-printer-am604i16-uvdtf-with-4-heads-i1600\/","og_locale":"tr_TR","og_type":"article","og_title":"AMO UV-DTF Inkjet Printer AM604i16-UVDTF with 4 heads i1600 - Amo","og_description":"For product details and the latest quotes, please contact our sales manager","og_url":"https:\/\/superprintpro.com\/tr\/urun\/amo-uv-dtf-inkjet-printer-am604i16-uvdtf-with-4-heads-i1600\/","og_site_name":"Amo","article_modified_time":"2025-08-18T01:26:04+00:00","og_image":[{"width":500,"height":281,"url":"https:\/\/superprintpro.com\/wp-content\/uploads\/2025\/08\/amo-uv-dtf-inkjet-printer-am604i16-uvdtf-with-4-heads-i1600.jpg","type":"image\/jpeg"}],"twitter_card":"summary_large_image","twitter_misc":{"Tahmini okuma s\u00fcresi":"1 dakika"},"schema":{"@context":"https:\/\/schema.org","@graph":[{"@type":"WebPage","@id":"https:\/\/superprintpro.com\/product\/amo-uv-dtf-inkjet-printer-am604i16-uvdtf-with-4-heads-i1600\/","url":"https:\/\/superprintpro.com\/product\/amo-uv-dtf-inkjet-printer-am604i16-uvdtf-with-4-heads-i1600\/","name":"AMO UV-DTF Inkjet Printer AM604i16-UVDTF with 4 heads i1600 - Amo","isPartOf":{"@id":"https:\/\/superprintpro.com\/#website"},"primaryImageOfPage":{"@id":"https:\/\/superprintpro.com\/product\/amo-uv-dtf-inkjet-printer-am604i16-uvdtf-with-4-heads-i1600\/#primaryimage"},"image":{"@id":"https:\/\/superprintpro.com\/product\/amo-uv-dtf-inkjet-printer-am604i16-uvdtf-with-4-heads-i1600\/#primaryimage"},"thumbnailUrl":"https:\/\/superprintpro.com\/wp-content\/uploads\/2025\/08\/amo-uv-dtf-inkjet-printer-am604i16-uvdtf-with-4-heads-i1600.jpg","datePublished":"2025-08-18T01:21:35+00:00","dateModified":"2025-08-18T01:26:04+00:00","breadcrumb":{"@id":"https:\/\/superprintpro.com\/product\/amo-uv-dtf-inkjet-printer-am604i16-uvdtf-with-4-heads-i1600\/#breadcrumb"},"inLanguage":"tr","potentialAction":[{"@type":"ReadAction","target":["https:\/\/superprintpro.com\/product\/amo-uv-dtf-inkjet-printer-am604i16-uvdtf-with-4-heads-i1600\/"]}]},{"@type":"ImageObject","inLanguage":"tr","@id":"https:\/\/superprintpro.com\/product\/amo-uv-dtf-inkjet-printer-am604i16-uvdtf-with-4-heads-i1600\/#primaryimage","url":"https:\/\/superprintpro.com\/wp-content\/uploads\/2025\/08\/amo-uv-dtf-inkjet-printer-am604i16-uvdtf-with-4-heads-i1600.jpg","contentUrl":"https:\/\/superprintpro.com\/wp-content\/uploads\/2025\/08\/amo-uv-dtf-inkjet-printer-am604i16-uvdtf-with-4-heads-i1600.jpg","width":500,"height":281,"caption":"AMO UV-DTF Inkjet Printer AM604i16-UVDTF with 4 heads i1600"},{"@type":"BreadcrumbList","@id":"https:\/\/superprintpro.com\/product\/amo-uv-dtf-inkjet-printer-am604i16-uvdtf-with-4-heads-i1600\/#breadcrumb","itemListElement":[{"@type":"ListItem","position":1,"name":"\u9996\u9875","item":"https:\/\/superprintpro.com\/"},{"@type":"ListItem","position":2,"name":"Shop","item":"https:\/\/superprintpro.com\/shop\/"},{"@type":"ListItem","position":3,"name":"AMO UV-DTF Inkjet Printer AM604i16-UVDTF with 4 heads i1600"}]},{"@type":"WebSite","@id":"https:\/\/superprintpro.com\/#website","url":"https:\/\/superprintpro.com\/","name":"Amo","description":"","potentialAction":[{"@type":"SearchAction","target":{"@type":"EntryPoint","urlTemplate":"https:\/\/superprintpro.com\/?s={search_term_string}"},"query-input":{"@type":"PropertyValueSpecification","valueRequired":true,"valueName":"search_term_string"}}],"inLanguage":"tr"}]}},"_links":{"self":[{"href":"https:\/\/superprintpro.com\/tr\/wp-json\/wp\/v2\/product\/30083","targetHints":{"allow":["GET"]}}],"collection":[{"href":"https:\/\/superprintpro.com\/tr\/wp-json\/wp\/v2\/product"}],"about":[{"href":"https:\/\/superprintpro.com\/tr\/wp-json\/wp\/v2\/types\/product"}],"replies":[{"embeddable":true,"href":"https:\/\/superprintpro.com\/tr\/wp-json\/wp\/v2\/comments?post=30083"}],"version-history":[{"count":1,"href":"https:\/\/superprintpro.com\/tr\/wp-json\/wp\/v2\/product\/30083\/revisions"}],"predecessor-version":[{"id":30085,"href":"https:\/\/superprintpro.com\/tr\/wp-json\/wp\/v2\/product\/30083\/revisions\/30085"}],"wp:featuredmedia":[{"embeddable":true,"href":"https:\/\/superprintpro.com\/tr\/wp-json\/wp\/v2\/media\/30084"}],"wp:attachment":[{"href":"https:\/\/superprintpro.com\/tr\/wp-json\/wp\/v2\/media?parent=30083"}],"wp:term":[{"taxonomy":"product_brand","embeddable":true,"href":"https:\/\/superprintpro.com\/tr\/wp-json\/wp\/v2\/product_brand?post=30083"},{"taxonomy":"product_cat","embeddable":true,"href":"https:\/\/superprintpro.com\/tr\/wp-json\/wp\/v2\/product_cat?post=30083"},{"taxonomy":"product_tag","embeddable":true,"href":"https:\/\/superprintpro.com\/tr\/wp-json\/wp\/v2\/product_tag?post=30083"}],"curies":[{"name":"wp","href":"https:\/\/api.w.org\/{rel}","templated":true}]}}