{"id":30068,"date":"2025-08-17T20:05:19","date_gmt":"2025-08-17T12:05:19","guid":{"rendered":"https:\/\/superprintpro.com\/?post_type=product&#038;p=30068"},"modified":"2025-08-17T20:05:19","modified_gmt":"2025-08-17T12:05:19","slug":"amo-a3-size-uv-dtf-amo-3003-with-3-pieces-of-xp600-printheads","status":"publish","type":"product","link":"https:\/\/superprintpro.com\/tr\/urun\/amo-a3-size-uv-dtf-amo-3003-with-3-pieces-of-xp600-printheads\/","title":{"rendered":"AMO A3 Boyut UV DTF AMO 3003, 3 adet XP600 Bask\u0131 Kafas\u0131 ile"},"content":{"rendered":"<p>AMO A3 Boyut UV DTF AMO 3003, 3 adet XP600 Bask\u0131 Kafas\u0131 ile<\/p>\n<p>Bask\u0131 geni\u015fli\u011fi: 300mm<\/p>\n<p>\u00d6zellikler:<br \/>\nKulakl\u0131klar: Epson XP600<br \/>\nKafa miktar\u0131: 3 adet<br \/>\nY\u00fcksek kaliteli model: 1,4 metrekare\/saat<br \/>\nH\u0131zl\u0131 \u00fcretim modu: 3 metrekare\/saat<br \/>\nBesleme Geni\u015fli\u011fi:300mm<br \/>\nMedya \u0130letimi: Diren\u00e7li \u00c7ift Tarafl\u0131 Ayarlanabilir Ka\u011f\u0131t Yerle\u015ftirme Sistemi<br \/>\nRenk:Alt\u0131 renk (c\/M\/y\/K\/V\/w)<br \/>\nM\u00fcrekkep T\u00fcr\u00fc :Cam etiketler i\u00e7in \u00f6zel ultraviyole m\u00fcrekkep<br \/>\n\u0130leti\u015fim Aray\u00fcz\u00fc :A\u011f Ba\u011flant\u0131 Noktas\u0131<br \/>\n\u00c7al\u0131\u015fma Dili :\u00c7ince \/ \u0130ngilizce<br \/>\nBask\u0131 yaz\u0131l\u0131m\u0131: Maintop6.1 \/ photoprint (iste\u011fe ba\u011fl\u0131)<br \/>\n\u0130\u015fletim Sistemi :Win10\/Win7<br \/>\nBask\u0131 Ortam\u0131 :A\/B Film<\/p>\n<p>Kafa Temizleme:Otomatik M\u00fcrekkep Pili Temizleme Sistemi<\/p>\n<p>Konfig\u00fcrasyon:<\/p>\n<p>Servo motor y\u00fcksek kaliteli X ekseni stroku<br \/>\nY\u00fcksek kaliteli chuchen b\u00fcy\u00fck torklu motor mili ve + y\u00fcksek hassasiyetli red\u00fckt\u00f6r<br \/>\nBilateral Diren\u00e7 Ayarlanabilir Ba\u011flant\u0131 Kesme Sistemi<br \/>\nHiwin Sessiz Y\u00fcksek H\u0131zl\u0131 Lineer K\u0131lavuz<br \/>\nBeyaz m\u00fcrekkep i\u00e7in otomatik kar\u0131\u015ft\u0131rma sistemi. M\u00fcrekkep Kat\u0131la\u015fma Ayar\u0131: Y\u00fcksek G\u00fc\u00e7l\u00fc Hava So\u011futmal\u0131 Ultraviyole Lamba<br \/>\nM\u00fcrekkep yolu filtreyi art\u0131r\u0131r, y\u00fcksek kaliteli filtreleme sistemi<br \/>\nOtomatik Kau\u00e7uk Merdane Kald\u0131rma Sistemi<br \/>\nAt\u0131k toplama filmi: sal\u0131ncak \u00e7ubu\u011fu Smart Energy At\u0131k toplama filmini s\u0131kar<br \/>\nM\u00fcrekkep s\u0131k\u0131nt\u0131s\u0131 alarm ayar\u0131: otomatik m\u00fcrekkep s\u0131k\u0131nt\u0131s\u0131 alarm sistemi<br \/>\nKa\u011f\u0131t kaplama konfig\u00fcrasyonu: y\u00fcksek hassasiyetli silindir, s\u0131cakl\u0131k kontrol silindiri ak\u0131ll\u0131 \u0131s\u0131tma<br \/>\nKa\u011f\u0131t s\u0131k\u0131nt\u0131s\u0131 alarm\u0131: ka\u011f\u0131t s\u0131k\u0131nt\u0131s\u0131 alarm\u0131 ind\u00fcksiyon fonksiyonu ile donat\u0131lm\u0131\u015ft\u0131r<br \/>\nM\u00fcrekkep T\u00fcr\u00fc: \u00c7evre dostu \u00f6zel ultraviyole m\u00fcrekkep, g\u00fczel renk ve y\u00fcksek dayan\u0131kl\u0131l\u0131k<br \/>\nRenk kontrol\u00fc: Uluslararas\u0131 standart ICC renk kontrol\u00fc, kullan\u0131c\u0131 taraf\u0131ndan ayarlanabilen e\u011friler ve yo\u011funluk ve di\u011fer fonksiyonlar \u00c7al\u0131\u015fma Ortam\u0131: 15 - 30\u00b0C\/40% - 60%<br \/>\nEkipman g\u00fcc\u00fc:1200w<br \/>\nPaket A\u011f\u0131rl\u0131\u011f\u0131:100kg<br \/>\nT\u00fcm makinenin boyutu: 1525 * 725 * 755mm (ambalaj boyutu) 1200 * 500 * 1166mm (ekipman boyutu)<br \/>\n\u00d6nerilen bilgisayar yap\u0131land\u0131rmas\u0131:<br \/>\n\u0130\u015fletim Sistemi Win7\/win10 Gigabit A\u011f Kart\u0131 Ba\u011f\u0131ms\u0131z Grafik Kart\u0131 8g - Bellek 500g Sabit S\u00fcr\u00fcc\u00fc tnel(r)CORE(tm)i5\/i7cpu<\/p>","protected":false},"excerpt":{"rendered":"<p>\u00dcr\u00fcn detaylar\u0131 ve en son fiyat teklifleri i\u00e7in l\u00fctfen sat\u0131\u015f m\u00fcd\u00fcr\u00fcm\u00fczle ileti\u015fime ge\u00e7in<\/p>","protected":false},"featured_media":30069,"comment_status":"open","ping_status":"closed","template":"","meta":[],"product_brand":[],"product_cat":[123],"product_tag":[],"class_list":{"0":"post-30068","1":"product","2":"type-product","3":"status-publish","4":"has-post-thumbnail","6":"product_cat-uv-dtf-printer","8":"first","9":"instock","10":"shipping-taxable","11":"purchasable","12":"product-type-simple"},"yoast_head":"<!-- This site is optimized with the Yoast SEO plugin v26.9 - https:\/\/yoast.com\/product\/yoast-seo-wordpress\/ -->\n<title>AMO A3 Size UV DTF AMO 3003 with 3 pieces of XP600 Printheads - Amo<\/title>\n<meta name=\"robots\" content=\"index, follow, max-snippet:-1, max-image-preview:large, max-video-preview:-1\" \/>\n<link rel=\"canonical\" href=\"https:\/\/superprintpro.com\/tr\/urun\/amo-a3-size-uv-dtf-amo-3003-with-3-pieces-of-xp600-printheads\/\" \/>\n<meta property=\"og:locale\" content=\"tr_TR\" \/>\n<meta property=\"og:type\" content=\"article\" \/>\n<meta property=\"og:title\" content=\"AMO A3 Size UV DTF AMO 3003 with 3 pieces of XP600 Printheads - Amo\" \/>\n<meta property=\"og:description\" content=\"For product details and the latest quotes, please contact our sales manager\" \/>\n<meta property=\"og:url\" content=\"https:\/\/superprintpro.com\/tr\/urun\/amo-a3-size-uv-dtf-amo-3003-with-3-pieces-of-xp600-printheads\/\" \/>\n<meta property=\"og:site_name\" content=\"Amo\" \/>\n<meta property=\"og:image\" content=\"https:\/\/superprintpro.com\/wp-content\/uploads\/2025\/08\/amo-a3-size-uv-dtf-printer-amo-3003-with-3-pieces-of-xp600-printheads.jpg\" \/>\n\t<meta property=\"og:image:width\" content=\"553\" \/>\n\t<meta property=\"og:image:height\" content=\"311\" \/>\n\t<meta property=\"og:image:type\" content=\"image\/jpeg\" \/>\n<meta name=\"twitter:card\" content=\"summary_large_image\" \/>\n<meta name=\"twitter:label1\" content=\"Tahmini okuma s\u00fcresi\" \/>\n\t<meta name=\"twitter:data1\" content=\"1 dakika\" \/>\n<script type=\"application\/ld+json\" class=\"yoast-schema-graph\">{\"@context\":\"https:\/\/schema.org\",\"@graph\":[{\"@type\":\"WebPage\",\"@id\":\"https:\/\/superprintpro.com\/product\/amo-a3-size-uv-dtf-amo-3003-with-3-pieces-of-xp600-printheads\/\",\"url\":\"https:\/\/superprintpro.com\/product\/amo-a3-size-uv-dtf-amo-3003-with-3-pieces-of-xp600-printheads\/\",\"name\":\"AMO A3 Size UV DTF AMO 3003 with 3 pieces of XP600 Printheads - Amo\",\"isPartOf\":{\"@id\":\"https:\/\/superprintpro.com\/#website\"},\"primaryImageOfPage\":{\"@id\":\"https:\/\/superprintpro.com\/product\/amo-a3-size-uv-dtf-amo-3003-with-3-pieces-of-xp600-printheads\/#primaryimage\"},\"image\":{\"@id\":\"https:\/\/superprintpro.com\/product\/amo-a3-size-uv-dtf-amo-3003-with-3-pieces-of-xp600-printheads\/#primaryimage\"},\"thumbnailUrl\":\"https:\/\/superprintpro.com\/wp-content\/uploads\/2025\/08\/amo-a3-size-uv-dtf-printer-amo-3003-with-3-pieces-of-xp600-printheads.jpg\",\"datePublished\":\"2025-08-17T12:05:19+00:00\",\"breadcrumb\":{\"@id\":\"https:\/\/superprintpro.com\/product\/amo-a3-size-uv-dtf-amo-3003-with-3-pieces-of-xp600-printheads\/#breadcrumb\"},\"inLanguage\":\"tr\",\"potentialAction\":[{\"@type\":\"ReadAction\",\"target\":[\"https:\/\/superprintpro.com\/product\/amo-a3-size-uv-dtf-amo-3003-with-3-pieces-of-xp600-printheads\/\"]}]},{\"@type\":\"ImageObject\",\"inLanguage\":\"tr\",\"@id\":\"https:\/\/superprintpro.com\/product\/amo-a3-size-uv-dtf-amo-3003-with-3-pieces-of-xp600-printheads\/#primaryimage\",\"url\":\"https:\/\/superprintpro.com\/wp-content\/uploads\/2025\/08\/amo-a3-size-uv-dtf-printer-amo-3003-with-3-pieces-of-xp600-printheads.jpg\",\"contentUrl\":\"https:\/\/superprintpro.com\/wp-content\/uploads\/2025\/08\/amo-a3-size-uv-dtf-printer-amo-3003-with-3-pieces-of-xp600-printheads.jpg\",\"width\":553,\"height\":311,\"caption\":\"AMO A3 Size UV DTF AMO 3003 with 3 pieces of XP600 Printheads\"},{\"@type\":\"BreadcrumbList\",\"@id\":\"https:\/\/superprintpro.com\/product\/amo-a3-size-uv-dtf-amo-3003-with-3-pieces-of-xp600-printheads\/#breadcrumb\",\"itemListElement\":[{\"@type\":\"ListItem\",\"position\":1,\"name\":\"\u9996\u9875\",\"item\":\"https:\/\/superprintpro.com\/\"},{\"@type\":\"ListItem\",\"position\":2,\"name\":\"Shop\",\"item\":\"https:\/\/superprintpro.com\/shop\/\"},{\"@type\":\"ListItem\",\"position\":3,\"name\":\"AMO A3 Size UV DTF AMO 3003 with 3 pieces of XP600 Printheads\"}]},{\"@type\":\"WebSite\",\"@id\":\"https:\/\/superprintpro.com\/#website\",\"url\":\"https:\/\/superprintpro.com\/\",\"name\":\"Amo\",\"description\":\"\",\"potentialAction\":[{\"@type\":\"SearchAction\",\"target\":{\"@type\":\"EntryPoint\",\"urlTemplate\":\"https:\/\/superprintpro.com\/?s={search_term_string}\"},\"query-input\":{\"@type\":\"PropertyValueSpecification\",\"valueRequired\":true,\"valueName\":\"search_term_string\"}}],\"inLanguage\":\"tr\"}]}<\/script>\n<!-- \/ Yoast SEO plugin. -->","yoast_head_json":{"title":"AMO A3 Size UV DTF AMO 3003 with 3 pieces of XP600 Printheads - Amo","robots":{"index":"index","follow":"follow","max-snippet":"max-snippet:-1","max-image-preview":"max-image-preview:large","max-video-preview":"max-video-preview:-1"},"canonical":"https:\/\/superprintpro.com\/tr\/urun\/amo-a3-size-uv-dtf-amo-3003-with-3-pieces-of-xp600-printheads\/","og_locale":"tr_TR","og_type":"article","og_title":"AMO A3 Size UV DTF AMO 3003 with 3 pieces of XP600 Printheads - Amo","og_description":"For product details and the latest quotes, please contact our sales manager","og_url":"https:\/\/superprintpro.com\/tr\/urun\/amo-a3-size-uv-dtf-amo-3003-with-3-pieces-of-xp600-printheads\/","og_site_name":"Amo","og_image":[{"width":553,"height":311,"url":"https:\/\/superprintpro.com\/wp-content\/uploads\/2025\/08\/amo-a3-size-uv-dtf-printer-amo-3003-with-3-pieces-of-xp600-printheads.jpg","type":"image\/jpeg"}],"twitter_card":"summary_large_image","twitter_misc":{"Tahmini okuma s\u00fcresi":"1 dakika"},"schema":{"@context":"https:\/\/schema.org","@graph":[{"@type":"WebPage","@id":"https:\/\/superprintpro.com\/product\/amo-a3-size-uv-dtf-amo-3003-with-3-pieces-of-xp600-printheads\/","url":"https:\/\/superprintpro.com\/product\/amo-a3-size-uv-dtf-amo-3003-with-3-pieces-of-xp600-printheads\/","name":"AMO A3 Size UV DTF AMO 3003 with 3 pieces of XP600 Printheads - Amo","isPartOf":{"@id":"https:\/\/superprintpro.com\/#website"},"primaryImageOfPage":{"@id":"https:\/\/superprintpro.com\/product\/amo-a3-size-uv-dtf-amo-3003-with-3-pieces-of-xp600-printheads\/#primaryimage"},"image":{"@id":"https:\/\/superprintpro.com\/product\/amo-a3-size-uv-dtf-amo-3003-with-3-pieces-of-xp600-printheads\/#primaryimage"},"thumbnailUrl":"https:\/\/superprintpro.com\/wp-content\/uploads\/2025\/08\/amo-a3-size-uv-dtf-printer-amo-3003-with-3-pieces-of-xp600-printheads.jpg","datePublished":"2025-08-17T12:05:19+00:00","breadcrumb":{"@id":"https:\/\/superprintpro.com\/product\/amo-a3-size-uv-dtf-amo-3003-with-3-pieces-of-xp600-printheads\/#breadcrumb"},"inLanguage":"tr","potentialAction":[{"@type":"ReadAction","target":["https:\/\/superprintpro.com\/product\/amo-a3-size-uv-dtf-amo-3003-with-3-pieces-of-xp600-printheads\/"]}]},{"@type":"ImageObject","inLanguage":"tr","@id":"https:\/\/superprintpro.com\/product\/amo-a3-size-uv-dtf-amo-3003-with-3-pieces-of-xp600-printheads\/#primaryimage","url":"https:\/\/superprintpro.com\/wp-content\/uploads\/2025\/08\/amo-a3-size-uv-dtf-printer-amo-3003-with-3-pieces-of-xp600-printheads.jpg","contentUrl":"https:\/\/superprintpro.com\/wp-content\/uploads\/2025\/08\/amo-a3-size-uv-dtf-printer-amo-3003-with-3-pieces-of-xp600-printheads.jpg","width":553,"height":311,"caption":"AMO A3 Size UV DTF AMO 3003 with 3 pieces of XP600 Printheads"},{"@type":"BreadcrumbList","@id":"https:\/\/superprintpro.com\/product\/amo-a3-size-uv-dtf-amo-3003-with-3-pieces-of-xp600-printheads\/#breadcrumb","itemListElement":[{"@type":"ListItem","position":1,"name":"\u9996\u9875","item":"https:\/\/superprintpro.com\/"},{"@type":"ListItem","position":2,"name":"Shop","item":"https:\/\/superprintpro.com\/shop\/"},{"@type":"ListItem","position":3,"name":"AMO A3 Size UV DTF AMO 3003 with 3 pieces of XP600 Printheads"}]},{"@type":"WebSite","@id":"https:\/\/superprintpro.com\/#website","url":"https:\/\/superprintpro.com\/","name":"Amo","description":"","potentialAction":[{"@type":"SearchAction","target":{"@type":"EntryPoint","urlTemplate":"https:\/\/superprintpro.com\/?s={search_term_string}"},"query-input":{"@type":"PropertyValueSpecification","valueRequired":true,"valueName":"search_term_string"}}],"inLanguage":"tr"}]}},"_links":{"self":[{"href":"https:\/\/superprintpro.com\/tr\/wp-json\/wp\/v2\/product\/30068","targetHints":{"allow":["GET"]}}],"collection":[{"href":"https:\/\/superprintpro.com\/tr\/wp-json\/wp\/v2\/product"}],"about":[{"href":"https:\/\/superprintpro.com\/tr\/wp-json\/wp\/v2\/types\/product"}],"replies":[{"embeddable":true,"href":"https:\/\/superprintpro.com\/tr\/wp-json\/wp\/v2\/comments?post=30068"}],"version-history":[{"count":1,"href":"https:\/\/superprintpro.com\/tr\/wp-json\/wp\/v2\/product\/30068\/revisions"}],"predecessor-version":[{"id":30070,"href":"https:\/\/superprintpro.com\/tr\/wp-json\/wp\/v2\/product\/30068\/revisions\/30070"}],"wp:featuredmedia":[{"embeddable":true,"href":"https:\/\/superprintpro.com\/tr\/wp-json\/wp\/v2\/media\/30069"}],"wp:attachment":[{"href":"https:\/\/superprintpro.com\/tr\/wp-json\/wp\/v2\/media?parent=30068"}],"wp:term":[{"taxonomy":"product_brand","embeddable":true,"href":"https:\/\/superprintpro.com\/tr\/wp-json\/wp\/v2\/product_brand?post=30068"},{"taxonomy":"product_cat","embeddable":true,"href":"https:\/\/superprintpro.com\/tr\/wp-json\/wp\/v2\/product_cat?post=30068"},{"taxonomy":"product_tag","embeddable":true,"href":"https:\/\/superprintpro.com\/tr\/wp-json\/wp\/v2\/product_tag?post=30068"}],"curies":[{"name":"wp","href":"https:\/\/api.w.org\/{rel}","templated":true}]}}