{"id":30062,"date":"2025-08-17T19:59:50","date_gmt":"2025-08-17T11:59:50","guid":{"rendered":"https:\/\/superprintpro.com\/?post_type=product&#038;p=30062"},"modified":"2025-08-17T20:12:27","modified_gmt":"2025-08-17T12:12:27","slug":"dtf-printer-am604i16dtf-with-4-epson-i1600-printhead","status":"publish","type":"product","link":"https:\/\/superprintpro.com\/tr\/urun\/dtf-printer-am604i16dtf-with-4-epson-i1600-printhead\/","title":{"rendered":"DTF Yaz\u0131c\u0131 AM604i16DTF, 4 epson i1600 bask\u0131 kafas\u0131 ile"},"content":{"rendered":"<p>AMO DTF Toz sistemli M\u00fcrekkep P\u00fcsk\u00fcrtmeli Yaz\u0131c\u0131<\/p>\n<p>DTF Yaz\u0131c\u0131 AM604i16DTF, 4 epson i1600 bask\u0131 kafas\u0131 ile<\/p>\n<p>DTF yaz\u0131c\u0131, ti\u015f\u00f6rt, kanvas \u00e7anta, sweatshirt ve yast\u0131k bask\u0131s\u0131 \u00fcretiminde yayg\u0131n olarak kullan\u0131lmaktad\u0131r. Bu arada e-ticaret ve ki\u015fiselle\u015ftirilmi\u015f k\u00fclt\u00fcrel ve yarat\u0131c\u0131 alanlar\u0131n yan\u0131 s\u0131ra giyim i\u015fletmelerinin sat\u0131\u015flar\u0131 i\u00e7in de uygundur, k\u00fc\u00e7\u00fck sipari\u015flere h\u0131zla yan\u0131t verebilir ve pazar\u0131n ki\u015fiselle\u015ftirme ve h\u0131zl\u0131 yan\u0131t talebini kar\u015f\u0131layabilir. \u00c7ok \u00e7e\u015fitli uygulama olanaklar\u0131 ve pazar potansiyeli ile verimli, kullan\u0131\u015fl\u0131 ve ki\u015fiselle\u015ftirilmi\u015f bir bask\u0131 cihaz\u0131d\u0131r.<\/p>\n<p>Makine parametreleri<br \/>\nKafa bilgileri i1600-4H(2W+2C)\uff08 4 kafa i1600, 2 kafa beyaz m\u00fcrekkep i\u00e7in, 2 kafa cmyk renkler i\u00e7in)<br \/>\nBask\u0131 geni\u015fli\u011fi 600MM<br \/>\nDevre kart\u0131 sistemi HOSON (LAN)<br \/>\nBask\u0131 h\u0131z\u0131:<br \/>\n3 ge\u00e7i\u015fli 24 m\u00b2\/h<br \/>\n4 ge\u00e7i\u015fli 21 m\u00b2\/h<br \/>\n6 ge\u00e7i\u015f 14 m\u00b2\/h<br \/>\n8 ge\u00e7i\u015f 11 m\u00b2\/h<br \/>\nYaz\u0131c\u0131 bilgisi:<br \/>\n\u00e7al\u0131\u015fma voltaj\u0131 AC220V 50\/60HZ<br \/>\nG\u00fc\u00e7 2500W<br \/>\n\u00e7al\u0131\u015fma ortam\u0131<br \/>\nNormal \u00e7al\u0131\u015fma s\u0131cakl\u0131\u011f\u0131: 22-28 \u2103<br \/>\nhumidity:40%-60%<br \/>\nMakine boyutu L1720MM W830MM H1600MM<br \/>\nAmbalaj boyutlar\u0131 2000MM(L)810MM(W)640MM(H)<\/p>","protected":false},"excerpt":{"rendered":"<p>\u00dcr\u00fcn detaylar\u0131 ve en son fiyat teklifleri i\u00e7in l\u00fctfen sat\u0131\u015f m\u00fcd\u00fcr\u00fcm\u00fczle ileti\u015fime ge\u00e7in<\/p>","protected":false},"featured_media":30071,"comment_status":"open","ping_status":"closed","template":"","meta":[],"product_brand":[],"product_cat":[122],"product_tag":[],"class_list":{"0":"post-30062","1":"product","2":"type-product","3":"status-publish","4":"has-post-thumbnail","6":"product_cat-dtf-printer-dtf-printer","8":"first","9":"instock","10":"shipping-taxable","11":"purchasable","12":"product-type-simple"},"yoast_head":"<!-- This site is optimized with the Yoast SEO plugin v26.9 - https:\/\/yoast.com\/product\/yoast-seo-wordpress\/ -->\n<title>DTF Printer AM604i16DTF with 4 epson i1600 printhead - Amo<\/title>\n<meta name=\"robots\" content=\"index, follow, max-snippet:-1, max-image-preview:large, max-video-preview:-1\" \/>\n<link rel=\"canonical\" href=\"https:\/\/superprintpro.com\/tr\/urun\/dtf-printer-am604i16dtf-with-4-epson-i1600-printhead\/\" \/>\n<meta property=\"og:locale\" content=\"tr_TR\" \/>\n<meta property=\"og:type\" content=\"article\" \/>\n<meta property=\"og:title\" content=\"DTF Printer AM604i16DTF with 4 epson i1600 printhead - Amo\" \/>\n<meta property=\"og:description\" content=\"For product details and the latest quotes, please contact our sales manager\" \/>\n<meta property=\"og:url\" content=\"https:\/\/superprintpro.com\/tr\/urun\/dtf-printer-am604i16dtf-with-4-epson-i1600-printhead\/\" \/>\n<meta property=\"og:site_name\" content=\"Amo\" \/>\n<meta property=\"article:modified_time\" content=\"2025-08-17T12:12:27+00:00\" \/>\n<meta property=\"og:image\" content=\"https:\/\/superprintpro.com\/wp-content\/uploads\/2025\/08\/dtf-printer-am604i16dtf-with-4-epson-i1600-printhead.jpg\" \/>\n\t<meta property=\"og:image:width\" content=\"818\" \/>\n\t<meta property=\"og:image:height\" content=\"460\" \/>\n\t<meta property=\"og:image:type\" content=\"image\/jpeg\" \/>\n<meta name=\"twitter:card\" content=\"summary_large_image\" \/>\n<meta name=\"twitter:label1\" content=\"Tahmini okuma s\u00fcresi\" \/>\n\t<meta name=\"twitter:data1\" content=\"1 dakika\" \/>\n<script type=\"application\/ld+json\" class=\"yoast-schema-graph\">{\"@context\":\"https:\/\/schema.org\",\"@graph\":[{\"@type\":\"WebPage\",\"@id\":\"https:\/\/superprintpro.com\/product\/dtf-printer-am604i16dtf-with-4-epson-i1600-printhead\/\",\"url\":\"https:\/\/superprintpro.com\/product\/dtf-printer-am604i16dtf-with-4-epson-i1600-printhead\/\",\"name\":\"DTF Printer AM604i16DTF with 4 epson i1600 printhead - Amo\",\"isPartOf\":{\"@id\":\"https:\/\/superprintpro.com\/#website\"},\"primaryImageOfPage\":{\"@id\":\"https:\/\/superprintpro.com\/product\/dtf-printer-am604i16dtf-with-4-epson-i1600-printhead\/#primaryimage\"},\"image\":{\"@id\":\"https:\/\/superprintpro.com\/product\/dtf-printer-am604i16dtf-with-4-epson-i1600-printhead\/#primaryimage\"},\"thumbnailUrl\":\"https:\/\/superprintpro.com\/wp-content\/uploads\/2025\/08\/dtf-printer-am604i16dtf-with-4-epson-i1600-printhead.jpg\",\"datePublished\":\"2025-08-17T11:59:50+00:00\",\"dateModified\":\"2025-08-17T12:12:27+00:00\",\"breadcrumb\":{\"@id\":\"https:\/\/superprintpro.com\/product\/dtf-printer-am604i16dtf-with-4-epson-i1600-printhead\/#breadcrumb\"},\"inLanguage\":\"tr\",\"potentialAction\":[{\"@type\":\"ReadAction\",\"target\":[\"https:\/\/superprintpro.com\/product\/dtf-printer-am604i16dtf-with-4-epson-i1600-printhead\/\"]}]},{\"@type\":\"ImageObject\",\"inLanguage\":\"tr\",\"@id\":\"https:\/\/superprintpro.com\/product\/dtf-printer-am604i16dtf-with-4-epson-i1600-printhead\/#primaryimage\",\"url\":\"https:\/\/superprintpro.com\/wp-content\/uploads\/2025\/08\/dtf-printer-am604i16dtf-with-4-epson-i1600-printhead.jpg\",\"contentUrl\":\"https:\/\/superprintpro.com\/wp-content\/uploads\/2025\/08\/dtf-printer-am604i16dtf-with-4-epson-i1600-printhead.jpg\",\"width\":818,\"height\":460,\"caption\":\"DTF Printer AM604i16DTF with 4 epson i1600 printhead\"},{\"@type\":\"BreadcrumbList\",\"@id\":\"https:\/\/superprintpro.com\/product\/dtf-printer-am604i16dtf-with-4-epson-i1600-printhead\/#breadcrumb\",\"itemListElement\":[{\"@type\":\"ListItem\",\"position\":1,\"name\":\"\u9996\u9875\",\"item\":\"https:\/\/superprintpro.com\/\"},{\"@type\":\"ListItem\",\"position\":2,\"name\":\"Shop\",\"item\":\"https:\/\/superprintpro.com\/shop\/\"},{\"@type\":\"ListItem\",\"position\":3,\"name\":\"DTF Printer AM604i16DTF with 4 epson i1600 printhead\"}]},{\"@type\":\"WebSite\",\"@id\":\"https:\/\/superprintpro.com\/#website\",\"url\":\"https:\/\/superprintpro.com\/\",\"name\":\"Amo\",\"description\":\"\",\"potentialAction\":[{\"@type\":\"SearchAction\",\"target\":{\"@type\":\"EntryPoint\",\"urlTemplate\":\"https:\/\/superprintpro.com\/?s={search_term_string}\"},\"query-input\":{\"@type\":\"PropertyValueSpecification\",\"valueRequired\":true,\"valueName\":\"search_term_string\"}}],\"inLanguage\":\"tr\"}]}<\/script>\n<!-- \/ Yoast SEO plugin. -->","yoast_head_json":{"title":"DTF Printer AM604i16DTF with 4 epson i1600 printhead - Amo","robots":{"index":"index","follow":"follow","max-snippet":"max-snippet:-1","max-image-preview":"max-image-preview:large","max-video-preview":"max-video-preview:-1"},"canonical":"https:\/\/superprintpro.com\/tr\/urun\/dtf-printer-am604i16dtf-with-4-epson-i1600-printhead\/","og_locale":"tr_TR","og_type":"article","og_title":"DTF Printer AM604i16DTF with 4 epson i1600 printhead - Amo","og_description":"For product details and the latest quotes, please contact our sales manager","og_url":"https:\/\/superprintpro.com\/tr\/urun\/dtf-printer-am604i16dtf-with-4-epson-i1600-printhead\/","og_site_name":"Amo","article_modified_time":"2025-08-17T12:12:27+00:00","og_image":[{"width":818,"height":460,"url":"https:\/\/superprintpro.com\/wp-content\/uploads\/2025\/08\/dtf-printer-am604i16dtf-with-4-epson-i1600-printhead.jpg","type":"image\/jpeg"}],"twitter_card":"summary_large_image","twitter_misc":{"Tahmini okuma s\u00fcresi":"1 dakika"},"schema":{"@context":"https:\/\/schema.org","@graph":[{"@type":"WebPage","@id":"https:\/\/superprintpro.com\/product\/dtf-printer-am604i16dtf-with-4-epson-i1600-printhead\/","url":"https:\/\/superprintpro.com\/product\/dtf-printer-am604i16dtf-with-4-epson-i1600-printhead\/","name":"DTF Printer AM604i16DTF with 4 epson i1600 printhead - Amo","isPartOf":{"@id":"https:\/\/superprintpro.com\/#website"},"primaryImageOfPage":{"@id":"https:\/\/superprintpro.com\/product\/dtf-printer-am604i16dtf-with-4-epson-i1600-printhead\/#primaryimage"},"image":{"@id":"https:\/\/superprintpro.com\/product\/dtf-printer-am604i16dtf-with-4-epson-i1600-printhead\/#primaryimage"},"thumbnailUrl":"https:\/\/superprintpro.com\/wp-content\/uploads\/2025\/08\/dtf-printer-am604i16dtf-with-4-epson-i1600-printhead.jpg","datePublished":"2025-08-17T11:59:50+00:00","dateModified":"2025-08-17T12:12:27+00:00","breadcrumb":{"@id":"https:\/\/superprintpro.com\/product\/dtf-printer-am604i16dtf-with-4-epson-i1600-printhead\/#breadcrumb"},"inLanguage":"tr","potentialAction":[{"@type":"ReadAction","target":["https:\/\/superprintpro.com\/product\/dtf-printer-am604i16dtf-with-4-epson-i1600-printhead\/"]}]},{"@type":"ImageObject","inLanguage":"tr","@id":"https:\/\/superprintpro.com\/product\/dtf-printer-am604i16dtf-with-4-epson-i1600-printhead\/#primaryimage","url":"https:\/\/superprintpro.com\/wp-content\/uploads\/2025\/08\/dtf-printer-am604i16dtf-with-4-epson-i1600-printhead.jpg","contentUrl":"https:\/\/superprintpro.com\/wp-content\/uploads\/2025\/08\/dtf-printer-am604i16dtf-with-4-epson-i1600-printhead.jpg","width":818,"height":460,"caption":"DTF Printer AM604i16DTF with 4 epson i1600 printhead"},{"@type":"BreadcrumbList","@id":"https:\/\/superprintpro.com\/product\/dtf-printer-am604i16dtf-with-4-epson-i1600-printhead\/#breadcrumb","itemListElement":[{"@type":"ListItem","position":1,"name":"\u9996\u9875","item":"https:\/\/superprintpro.com\/"},{"@type":"ListItem","position":2,"name":"Shop","item":"https:\/\/superprintpro.com\/shop\/"},{"@type":"ListItem","position":3,"name":"DTF Printer AM604i16DTF with 4 epson i1600 printhead"}]},{"@type":"WebSite","@id":"https:\/\/superprintpro.com\/#website","url":"https:\/\/superprintpro.com\/","name":"Amo","description":"","potentialAction":[{"@type":"SearchAction","target":{"@type":"EntryPoint","urlTemplate":"https:\/\/superprintpro.com\/?s={search_term_string}"},"query-input":{"@type":"PropertyValueSpecification","valueRequired":true,"valueName":"search_term_string"}}],"inLanguage":"tr"}]}},"_links":{"self":[{"href":"https:\/\/superprintpro.com\/tr\/wp-json\/wp\/v2\/product\/30062","targetHints":{"allow":["GET"]}}],"collection":[{"href":"https:\/\/superprintpro.com\/tr\/wp-json\/wp\/v2\/product"}],"about":[{"href":"https:\/\/superprintpro.com\/tr\/wp-json\/wp\/v2\/types\/product"}],"replies":[{"embeddable":true,"href":"https:\/\/superprintpro.com\/tr\/wp-json\/wp\/v2\/comments?post=30062"}],"version-history":[{"count":1,"href":"https:\/\/superprintpro.com\/tr\/wp-json\/wp\/v2\/product\/30062\/revisions"}],"predecessor-version":[{"id":30064,"href":"https:\/\/superprintpro.com\/tr\/wp-json\/wp\/v2\/product\/30062\/revisions\/30064"}],"wp:featuredmedia":[{"embeddable":true,"href":"https:\/\/superprintpro.com\/tr\/wp-json\/wp\/v2\/media\/30071"}],"wp:attachment":[{"href":"https:\/\/superprintpro.com\/tr\/wp-json\/wp\/v2\/media?parent=30062"}],"wp:term":[{"taxonomy":"product_brand","embeddable":true,"href":"https:\/\/superprintpro.com\/tr\/wp-json\/wp\/v2\/product_brand?post=30062"},{"taxonomy":"product_cat","embeddable":true,"href":"https:\/\/superprintpro.com\/tr\/wp-json\/wp\/v2\/product_cat?post=30062"},{"taxonomy":"product_tag","embeddable":true,"href":"https:\/\/superprintpro.com\/tr\/wp-json\/wp\/v2\/product_tag?post=30062"}],"curies":[{"name":"wp","href":"https:\/\/api.w.org\/{rel}","templated":true}]}}