{"id":29859,"date":"2025-08-13T14:36:37","date_gmt":"2025-08-13T06:36:37","guid":{"rendered":"https:\/\/superprintpro.com\/?post_type=product&#038;p=29859"},"modified":"2025-08-13T14:36:37","modified_gmt":"2025-08-13T06:36:37","slug":"dx4-original-printhead-of-roland-sj-540-vp-300-1000002201","status":"publish","type":"product","link":"https:\/\/superprintpro.com\/tr\/urun\/dx4-original-printhead-of-roland-sj-540-vp-300-1000002201\/","title":{"rendered":"DX4 Roland SJ-540 VP-300 Orijinal Bask\u0131 Kafas\u0131 -1000002201"},"content":{"rendered":"<p>Bask\u0131 Kafas\u0131 Ad\u0131: DX4 Roland SJ-540 VP-300 Orijinal Bask\u0131 Kafas\u0131 -1000002201<br \/>\nUygulama:<br \/>\nRoland SOLJET ProII SJ-540,SJ-640,SJ-645EX,SJ-655EX,SJ-740,SJ-745EX,SJ-1045EX, SJ-1000,SC-540,SC-545EX,<br \/>\nRoland VersaCAMM SP-300, SP-300V, SP-300i, SP-540i, SP-540V, VP-300, VP-300I, VP-540I, VP-540<br \/>\nRoland SOLJET PRO III XJ-640, XJ-540, XJ-740, XC-540, XC-540W, XC-545MT,<br \/>\nRoland VersaCAMM Print &amp; Cut VS-540\/540I,<br \/>\nRoland VersaArt RS-640,RS-540<br \/>\nRoland LEJ-640.<br \/>\nRoland CJ-540, FJ-540, FJ-640, FJ-740, FP-740<br \/>\nRoland LEC-300, LEC-330, LEC-540<br \/>\nRoland LEF-12, LEF-20, LEF-300, LEF-12i, LEF-200<br \/>\nBu yaz\u0131c\u0131 kafas\u0131 a\u015fa\u011f\u0131daki yaz\u0131c\u0131 modelleri i\u00e7in de uyumludur:<br \/>\nmimaki jv3 (jv3-130, JV3-130sp, JV3-160, JV3-160sp, JV3-250, JV3-250sp vb.)<br \/>\nMutoh RH-II (Falcon2), RH-3, Mutoh RJ-8000, Spitfire 65, Spitfire 90, Blizzard 65, Blizzard 90, MY-44743.<br \/>\nNot: Roland'\u0131n Orijinal ambalaj\u0131 ile Orijinal ve Yeni Roland Bask\u0131 Kafas\u0131<br \/>\nPar\u00e7a No: 1000002201<\/p>","protected":false},"excerpt":{"rendered":"<p>\u00dcr\u00fcn detaylar\u0131 ve en son fiyat teklifleri i\u00e7in l\u00fctfen sat\u0131\u015f m\u00fcd\u00fcr\u00fcm\u00fczle ileti\u015fime ge\u00e7in<\/p>","protected":false},"featured_media":29862,"comment_status":"open","ping_status":"closed","template":"","meta":[],"product_brand":[],"product_cat":[95],"product_tag":[],"class_list":{"0":"post-29859","1":"product","2":"type-product","3":"status-publish","4":"has-post-thumbnail","6":"product_cat-roland-printheads","8":"first","9":"instock","10":"shipping-taxable","11":"purchasable","12":"product-type-simple"},"yoast_head":"<!-- This site is optimized with the Yoast SEO plugin v27.4 - https:\/\/yoast.com\/product\/yoast-seo-wordpress\/ -->\n<title>DX4 Original Printhead of Roland SJ-540 VP-300 -1000002201 - Amo<\/title>\n<meta name=\"robots\" content=\"index, follow, max-snippet:-1, max-image-preview:large, max-video-preview:-1\" \/>\n<link rel=\"canonical\" href=\"https:\/\/superprintpro.com\/tr\/urun\/dx4-original-printhead-of-roland-sj-540-vp-300-1000002201\/\" \/>\n<meta property=\"og:locale\" content=\"tr_TR\" \/>\n<meta property=\"og:type\" content=\"article\" \/>\n<meta property=\"og:title\" content=\"DX4 Original Printhead of Roland SJ-540 VP-300 -1000002201 - Amo\" \/>\n<meta property=\"og:description\" content=\"For product details and the latest quotes, please contact our sales manager\" \/>\n<meta property=\"og:url\" content=\"https:\/\/superprintpro.com\/tr\/urun\/dx4-original-printhead-of-roland-sj-540-vp-300-1000002201\/\" \/>\n<meta property=\"og:site_name\" content=\"Amo\" \/>\n<meta property=\"og:image\" content=\"https:\/\/superprintpro.com\/wp-content\/uploads\/2025\/08\/dx4-original-printhead-of-roland-sj-540-vp-300-1.jpg\" \/>\n\t<meta property=\"og:image:width\" content=\"500\" \/>\n\t<meta property=\"og:image:height\" content=\"500\" \/>\n\t<meta property=\"og:image:type\" content=\"image\/jpeg\" \/>\n<meta name=\"twitter:card\" content=\"summary_large_image\" \/>\n<meta name=\"twitter:label1\" content=\"Tahmini okuma s\u00fcresi\" \/>\n\t<meta name=\"twitter:data1\" content=\"1 dakika\" \/>\n<script type=\"application\/ld+json\" class=\"yoast-schema-graph\">{\"@context\":\"https:\\\/\\\/schema.org\",\"@graph\":[{\"@type\":\"WebPage\",\"@id\":\"https:\\\/\\\/superprintpro.com\\\/product\\\/dx4-original-printhead-of-roland-sj-540-vp-300-1000002201\\\/\",\"url\":\"https:\\\/\\\/superprintpro.com\\\/product\\\/dx4-original-printhead-of-roland-sj-540-vp-300-1000002201\\\/\",\"name\":\"DX4 Original Printhead of Roland SJ-540 VP-300 -1000002201 - Amo\",\"isPartOf\":{\"@id\":\"https:\\\/\\\/superprintpro.com\\\/#website\"},\"primaryImageOfPage\":{\"@id\":\"https:\\\/\\\/superprintpro.com\\\/product\\\/dx4-original-printhead-of-roland-sj-540-vp-300-1000002201\\\/#primaryimage\"},\"image\":{\"@id\":\"https:\\\/\\\/superprintpro.com\\\/product\\\/dx4-original-printhead-of-roland-sj-540-vp-300-1000002201\\\/#primaryimage\"},\"thumbnailUrl\":\"https:\\\/\\\/superprintpro.com\\\/wp-content\\\/uploads\\\/2025\\\/08\\\/dx4-original-printhead-of-roland-sj-540-vp-300-1.jpg\",\"datePublished\":\"2025-08-13T06:36:37+00:00\",\"breadcrumb\":{\"@id\":\"https:\\\/\\\/superprintpro.com\\\/product\\\/dx4-original-printhead-of-roland-sj-540-vp-300-1000002201\\\/#breadcrumb\"},\"inLanguage\":\"tr\",\"potentialAction\":[{\"@type\":\"ReadAction\",\"target\":[\"https:\\\/\\\/superprintpro.com\\\/product\\\/dx4-original-printhead-of-roland-sj-540-vp-300-1000002201\\\/\"]}]},{\"@type\":\"ImageObject\",\"inLanguage\":\"tr\",\"@id\":\"https:\\\/\\\/superprintpro.com\\\/product\\\/dx4-original-printhead-of-roland-sj-540-vp-300-1000002201\\\/#primaryimage\",\"url\":\"https:\\\/\\\/superprintpro.com\\\/wp-content\\\/uploads\\\/2025\\\/08\\\/dx4-original-printhead-of-roland-sj-540-vp-300-1.jpg\",\"contentUrl\":\"https:\\\/\\\/superprintpro.com\\\/wp-content\\\/uploads\\\/2025\\\/08\\\/dx4-original-printhead-of-roland-sj-540-vp-300-1.jpg\",\"width\":500,\"height\":500,\"caption\":\"DX4 Original Printhead of Roland SJ-540 VP-300 -1000002201\"},{\"@type\":\"BreadcrumbList\",\"@id\":\"https:\\\/\\\/superprintpro.com\\\/product\\\/dx4-original-printhead-of-roland-sj-540-vp-300-1000002201\\\/#breadcrumb\",\"itemListElement\":[{\"@type\":\"ListItem\",\"position\":1,\"name\":\"\u9996\u9875\",\"item\":\"https:\\\/\\\/superprintpro.com\\\/\"},{\"@type\":\"ListItem\",\"position\":2,\"name\":\"Shop\",\"item\":\"https:\\\/\\\/superprintpro.com\\\/shop\\\/\"},{\"@type\":\"ListItem\",\"position\":3,\"name\":\"DX4 Original Printhead of Roland SJ-540 VP-300 -1000002201\"}]},{\"@type\":\"WebSite\",\"@id\":\"https:\\\/\\\/superprintpro.com\\\/#website\",\"url\":\"https:\\\/\\\/superprintpro.com\\\/\",\"name\":\"Amo\",\"description\":\"\",\"potentialAction\":[{\"@type\":\"SearchAction\",\"target\":{\"@type\":\"EntryPoint\",\"urlTemplate\":\"https:\\\/\\\/superprintpro.com\\\/?s={search_term_string}\"},\"query-input\":{\"@type\":\"PropertyValueSpecification\",\"valueRequired\":true,\"valueName\":\"search_term_string\"}}],\"inLanguage\":\"tr\"}]}<\/script>\n<!-- \/ Yoast SEO plugin. -->","yoast_head_json":{"title":"DX4 Original Printhead of Roland SJ-540 VP-300 -1000002201 - Amo","robots":{"index":"index","follow":"follow","max-snippet":"max-snippet:-1","max-image-preview":"max-image-preview:large","max-video-preview":"max-video-preview:-1"},"canonical":"https:\/\/superprintpro.com\/tr\/urun\/dx4-original-printhead-of-roland-sj-540-vp-300-1000002201\/","og_locale":"tr_TR","og_type":"article","og_title":"DX4 Original Printhead of Roland SJ-540 VP-300 -1000002201 - Amo","og_description":"For product details and the latest quotes, please contact our sales manager","og_url":"https:\/\/superprintpro.com\/tr\/urun\/dx4-original-printhead-of-roland-sj-540-vp-300-1000002201\/","og_site_name":"Amo","og_image":[{"width":500,"height":500,"url":"https:\/\/superprintpro.com\/wp-content\/uploads\/2025\/08\/dx4-original-printhead-of-roland-sj-540-vp-300-1.jpg","type":"image\/jpeg"}],"twitter_card":"summary_large_image","twitter_misc":{"Tahmini okuma s\u00fcresi":"1 dakika"},"schema":{"@context":"https:\/\/schema.org","@graph":[{"@type":"WebPage","@id":"https:\/\/superprintpro.com\/product\/dx4-original-printhead-of-roland-sj-540-vp-300-1000002201\/","url":"https:\/\/superprintpro.com\/product\/dx4-original-printhead-of-roland-sj-540-vp-300-1000002201\/","name":"DX4 Original Printhead of Roland SJ-540 VP-300 -1000002201 - Amo","isPartOf":{"@id":"https:\/\/superprintpro.com\/#website"},"primaryImageOfPage":{"@id":"https:\/\/superprintpro.com\/product\/dx4-original-printhead-of-roland-sj-540-vp-300-1000002201\/#primaryimage"},"image":{"@id":"https:\/\/superprintpro.com\/product\/dx4-original-printhead-of-roland-sj-540-vp-300-1000002201\/#primaryimage"},"thumbnailUrl":"https:\/\/superprintpro.com\/wp-content\/uploads\/2025\/08\/dx4-original-printhead-of-roland-sj-540-vp-300-1.jpg","datePublished":"2025-08-13T06:36:37+00:00","breadcrumb":{"@id":"https:\/\/superprintpro.com\/product\/dx4-original-printhead-of-roland-sj-540-vp-300-1000002201\/#breadcrumb"},"inLanguage":"tr","potentialAction":[{"@type":"ReadAction","target":["https:\/\/superprintpro.com\/product\/dx4-original-printhead-of-roland-sj-540-vp-300-1000002201\/"]}]},{"@type":"ImageObject","inLanguage":"tr","@id":"https:\/\/superprintpro.com\/product\/dx4-original-printhead-of-roland-sj-540-vp-300-1000002201\/#primaryimage","url":"https:\/\/superprintpro.com\/wp-content\/uploads\/2025\/08\/dx4-original-printhead-of-roland-sj-540-vp-300-1.jpg","contentUrl":"https:\/\/superprintpro.com\/wp-content\/uploads\/2025\/08\/dx4-original-printhead-of-roland-sj-540-vp-300-1.jpg","width":500,"height":500,"caption":"DX4 Original Printhead of Roland SJ-540 VP-300 -1000002201"},{"@type":"BreadcrumbList","@id":"https:\/\/superprintpro.com\/product\/dx4-original-printhead-of-roland-sj-540-vp-300-1000002201\/#breadcrumb","itemListElement":[{"@type":"ListItem","position":1,"name":"\u9996\u9875","item":"https:\/\/superprintpro.com\/"},{"@type":"ListItem","position":2,"name":"Shop","item":"https:\/\/superprintpro.com\/shop\/"},{"@type":"ListItem","position":3,"name":"DX4 Original Printhead of Roland SJ-540 VP-300 -1000002201"}]},{"@type":"WebSite","@id":"https:\/\/superprintpro.com\/#website","url":"https:\/\/superprintpro.com\/","name":"Amo","description":"","potentialAction":[{"@type":"SearchAction","target":{"@type":"EntryPoint","urlTemplate":"https:\/\/superprintpro.com\/?s={search_term_string}"},"query-input":{"@type":"PropertyValueSpecification","valueRequired":true,"valueName":"search_term_string"}}],"inLanguage":"tr"}]}},"_links":{"self":[{"href":"https:\/\/superprintpro.com\/tr\/wp-json\/wp\/v2\/product\/29859","targetHints":{"allow":["GET"]}}],"collection":[{"href":"https:\/\/superprintpro.com\/tr\/wp-json\/wp\/v2\/product"}],"about":[{"href":"https:\/\/superprintpro.com\/tr\/wp-json\/wp\/v2\/types\/product"}],"replies":[{"embeddable":true,"href":"https:\/\/superprintpro.com\/tr\/wp-json\/wp\/v2\/comments?post=29859"}],"version-history":[{"count":1,"href":"https:\/\/superprintpro.com\/tr\/wp-json\/wp\/v2\/product\/29859\/revisions"}],"predecessor-version":[{"id":29863,"href":"https:\/\/superprintpro.com\/tr\/wp-json\/wp\/v2\/product\/29859\/revisions\/29863"}],"wp:featuredmedia":[{"embeddable":true,"href":"https:\/\/superprintpro.com\/tr\/wp-json\/wp\/v2\/media\/29862"}],"wp:attachment":[{"href":"https:\/\/superprintpro.com\/tr\/wp-json\/wp\/v2\/media?parent=29859"}],"wp:term":[{"taxonomy":"product_brand","embeddable":true,"href":"https:\/\/superprintpro.com\/tr\/wp-json\/wp\/v2\/product_brand?post=29859"},{"taxonomy":"product_cat","embeddable":true,"href":"https:\/\/superprintpro.com\/tr\/wp-json\/wp\/v2\/product_cat?post=29859"},{"taxonomy":"product_tag","embeddable":true,"href":"https:\/\/superprintpro.com\/tr\/wp-json\/wp\/v2\/product_tag?post=29859"}],"curies":[{"name":"wp","href":"https:\/\/api.w.org\/{rel}","templated":true}]}}