{"id":29854,"date":"2025-08-13T14:32:39","date_gmt":"2025-08-13T06:32:39","guid":{"rendered":"https:\/\/superprintpro.com\/?post_type=product&#038;p=29854"},"modified":"2025-08-13T14:32:39","modified_gmt":"2025-08-13T06:32:39","slug":"dx4-golden-printhead-of-roland-sv-lef2-300-part-number-6000005180","status":"publish","type":"product","link":"https:\/\/superprintpro.com\/tr\/urun\/dx4-golden-printhead-of-roland-sv-lef2-300-part-number-6000005180\/","title":{"rendered":"Roland SV LEF2-300 par\u00e7a numaras\u0131 DX4 Alt\u0131n Bask\u0131 Kafas\u0131 6000005180"},"content":{"rendered":"<ul>\n<li>Bask\u0131 Kafas\u0131 Model Ad\u0131: Roland SV LEF2-300 DX4 Alt\u0131n Bask\u0131 Kafas\u0131 - 6000005180<\/li>\n<li>Uygulama m\u00fcrekkep p\u00fcsk\u00fcrtmeli yaz\u0131c\u0131lar:  Roland LEF-20, LEF-200, LEF2-200, LEF2-300, LEF-300<\/li>\n<li>Bu kafa i\u00e7in uyumlu m\u00fcrekkep: UV ve Eko-Solvent m\u00fcrekkep<\/li>\n<li>A\u00e7\u0131klama:<br \/>\nBu kaplamal\u0131 Roland DX4 Alt\u0131n Bask\u0131 Kafas\u0131 \u00f6zellikle Roland VersaUV LEF2 yaz\u0131c\u0131lar i\u00e7in tasarlanm\u0131\u015ft\u0131r. Orijinal Roland Bask\u0131 Kafas\u0131d\u0131r (par\u00e7a numaras\u0131 6000005180). \u00d6zel kaplamas\u0131, daha uzun \u00f6m\u00fcr i\u00e7in UV m\u00fcrekkeplere standart DX4 bask\u0131 kafalar\u0131ndan daha iyi diren\u00e7 g\u00f6sterir<br \/>\nAyg\u0131t yaz\u0131l\u0131m\u0131 1.4 veya daha y\u00fcksek olan Versa UV yaz\u0131c\u0131lar\u0131n sadece 6000005180 DX4 alt\u0131n yaz\u0131c\u0131 kafas\u0131n\u0131 kabul etti\u011fini, standart 6000005213 DX4 yaz\u0131c\u0131 kafalar\u0131n\u0131 kabul etmedi\u011fini unutmay\u0131n. Eski kafa kimli\u011fi kullan\u0131l\u0131yorsa 6000005180 DX4 alt\u0131n yaz\u0131c\u0131 kafas\u0131 t\u00fcm Roland yaz\u0131c\u0131larda standart 6000005213 DX4 yaz\u0131c\u0131 kafalar\u0131 yerine kullan\u0131labilir.<\/li>\n<\/ul>","protected":false},"excerpt":{"rendered":"<p>\u00dcr\u00fcn detaylar\u0131 ve en son fiyat teklifleri i\u00e7in l\u00fctfen sat\u0131\u015f m\u00fcd\u00fcr\u00fcm\u00fczle ileti\u015fime ge\u00e7in<\/p>","protected":false},"featured_media":29857,"comment_status":"open","ping_status":"closed","template":"","meta":[],"product_brand":[],"product_cat":[95],"product_tag":[],"class_list":{"0":"post-29854","1":"product","2":"type-product","3":"status-publish","4":"has-post-thumbnail","6":"product_cat-roland-printheads","8":"first","9":"instock","10":"shipping-taxable","11":"purchasable","12":"product-type-simple"},"yoast_head":"<!-- This site is optimized with the Yoast SEO plugin v27.4 - https:\/\/yoast.com\/product\/yoast-seo-wordpress\/ -->\n<title>DX4 Golden Printhead of Roland SV LEF2-300 part number 6000005180 - Amo<\/title>\n<meta name=\"robots\" content=\"index, follow, max-snippet:-1, max-image-preview:large, max-video-preview:-1\" \/>\n<link rel=\"canonical\" href=\"https:\/\/superprintpro.com\/tr\/urun\/dx4-golden-printhead-of-roland-sv-lef2-300-part-number-6000005180\/\" \/>\n<meta property=\"og:locale\" content=\"tr_TR\" \/>\n<meta property=\"og:type\" content=\"article\" \/>\n<meta property=\"og:title\" content=\"DX4 Golden Printhead of Roland SV LEF2-300 part number 6000005180 - Amo\" \/>\n<meta property=\"og:description\" content=\"For product details and the latest quotes, please contact our sales manager\" \/>\n<meta property=\"og:url\" content=\"https:\/\/superprintpro.com\/tr\/urun\/dx4-golden-printhead-of-roland-sv-lef2-300-part-number-6000005180\/\" \/>\n<meta property=\"og:site_name\" content=\"Amo\" \/>\n<meta property=\"og:image\" content=\"https:\/\/superprintpro.com\/wp-content\/uploads\/2025\/08\/dx4-golden-printhead-of-roland-sv-lef2-300-1.jpg\" \/>\n\t<meta property=\"og:image:width\" content=\"500\" \/>\n\t<meta property=\"og:image:height\" content=\"500\" \/>\n\t<meta property=\"og:image:type\" content=\"image\/jpeg\" \/>\n<meta name=\"twitter:card\" content=\"summary_large_image\" \/>\n<meta name=\"twitter:label1\" content=\"Tahmini okuma s\u00fcresi\" \/>\n\t<meta name=\"twitter:data1\" content=\"1 dakika\" \/>\n<script type=\"application\/ld+json\" class=\"yoast-schema-graph\">{\"@context\":\"https:\\\/\\\/schema.org\",\"@graph\":[{\"@type\":\"WebPage\",\"@id\":\"https:\\\/\\\/superprintpro.com\\\/product\\\/dx4-golden-printhead-of-roland-sv-lef2-300-part-number-6000005180\\\/\",\"url\":\"https:\\\/\\\/superprintpro.com\\\/product\\\/dx4-golden-printhead-of-roland-sv-lef2-300-part-number-6000005180\\\/\",\"name\":\"DX4 Golden Printhead of Roland SV LEF2-300 part number 6000005180 - Amo\",\"isPartOf\":{\"@id\":\"https:\\\/\\\/superprintpro.com\\\/#website\"},\"primaryImageOfPage\":{\"@id\":\"https:\\\/\\\/superprintpro.com\\\/product\\\/dx4-golden-printhead-of-roland-sv-lef2-300-part-number-6000005180\\\/#primaryimage\"},\"image\":{\"@id\":\"https:\\\/\\\/superprintpro.com\\\/product\\\/dx4-golden-printhead-of-roland-sv-lef2-300-part-number-6000005180\\\/#primaryimage\"},\"thumbnailUrl\":\"https:\\\/\\\/superprintpro.com\\\/wp-content\\\/uploads\\\/2025\\\/08\\\/dx4-golden-printhead-of-roland-sv-lef2-300-1.jpg\",\"datePublished\":\"2025-08-13T06:32:39+00:00\",\"breadcrumb\":{\"@id\":\"https:\\\/\\\/superprintpro.com\\\/product\\\/dx4-golden-printhead-of-roland-sv-lef2-300-part-number-6000005180\\\/#breadcrumb\"},\"inLanguage\":\"tr\",\"potentialAction\":[{\"@type\":\"ReadAction\",\"target\":[\"https:\\\/\\\/superprintpro.com\\\/product\\\/dx4-golden-printhead-of-roland-sv-lef2-300-part-number-6000005180\\\/\"]}]},{\"@type\":\"ImageObject\",\"inLanguage\":\"tr\",\"@id\":\"https:\\\/\\\/superprintpro.com\\\/product\\\/dx4-golden-printhead-of-roland-sv-lef2-300-part-number-6000005180\\\/#primaryimage\",\"url\":\"https:\\\/\\\/superprintpro.com\\\/wp-content\\\/uploads\\\/2025\\\/08\\\/dx4-golden-printhead-of-roland-sv-lef2-300-1.jpg\",\"contentUrl\":\"https:\\\/\\\/superprintpro.com\\\/wp-content\\\/uploads\\\/2025\\\/08\\\/dx4-golden-printhead-of-roland-sv-lef2-300-1.jpg\",\"width\":500,\"height\":500,\"caption\":\"DX4 Golden Printhead of Roland SV LEF2-300 part number 6000005180\"},{\"@type\":\"BreadcrumbList\",\"@id\":\"https:\\\/\\\/superprintpro.com\\\/product\\\/dx4-golden-printhead-of-roland-sv-lef2-300-part-number-6000005180\\\/#breadcrumb\",\"itemListElement\":[{\"@type\":\"ListItem\",\"position\":1,\"name\":\"\u9996\u9875\",\"item\":\"https:\\\/\\\/superprintpro.com\\\/\"},{\"@type\":\"ListItem\",\"position\":2,\"name\":\"Shop\",\"item\":\"https:\\\/\\\/superprintpro.com\\\/shop\\\/\"},{\"@type\":\"ListItem\",\"position\":3,\"name\":\"DX4 Golden Printhead of Roland SV LEF2-300 part number 6000005180\"}]},{\"@type\":\"WebSite\",\"@id\":\"https:\\\/\\\/superprintpro.com\\\/#website\",\"url\":\"https:\\\/\\\/superprintpro.com\\\/\",\"name\":\"Amo\",\"description\":\"\",\"potentialAction\":[{\"@type\":\"SearchAction\",\"target\":{\"@type\":\"EntryPoint\",\"urlTemplate\":\"https:\\\/\\\/superprintpro.com\\\/?s={search_term_string}\"},\"query-input\":{\"@type\":\"PropertyValueSpecification\",\"valueRequired\":true,\"valueName\":\"search_term_string\"}}],\"inLanguage\":\"tr\"}]}<\/script>\n<!-- \/ Yoast SEO plugin. -->","yoast_head_json":{"title":"DX4 Golden Printhead of Roland SV LEF2-300 part number 6000005180 - Amo","robots":{"index":"index","follow":"follow","max-snippet":"max-snippet:-1","max-image-preview":"max-image-preview:large","max-video-preview":"max-video-preview:-1"},"canonical":"https:\/\/superprintpro.com\/tr\/urun\/dx4-golden-printhead-of-roland-sv-lef2-300-part-number-6000005180\/","og_locale":"tr_TR","og_type":"article","og_title":"DX4 Golden Printhead of Roland SV LEF2-300 part number 6000005180 - Amo","og_description":"For product details and the latest quotes, please contact our sales manager","og_url":"https:\/\/superprintpro.com\/tr\/urun\/dx4-golden-printhead-of-roland-sv-lef2-300-part-number-6000005180\/","og_site_name":"Amo","og_image":[{"width":500,"height":500,"url":"https:\/\/superprintpro.com\/wp-content\/uploads\/2025\/08\/dx4-golden-printhead-of-roland-sv-lef2-300-1.jpg","type":"image\/jpeg"}],"twitter_card":"summary_large_image","twitter_misc":{"Tahmini okuma s\u00fcresi":"1 dakika"},"schema":{"@context":"https:\/\/schema.org","@graph":[{"@type":"WebPage","@id":"https:\/\/superprintpro.com\/product\/dx4-golden-printhead-of-roland-sv-lef2-300-part-number-6000005180\/","url":"https:\/\/superprintpro.com\/product\/dx4-golden-printhead-of-roland-sv-lef2-300-part-number-6000005180\/","name":"DX4 Golden Printhead of Roland SV LEF2-300 part number 6000005180 - Amo","isPartOf":{"@id":"https:\/\/superprintpro.com\/#website"},"primaryImageOfPage":{"@id":"https:\/\/superprintpro.com\/product\/dx4-golden-printhead-of-roland-sv-lef2-300-part-number-6000005180\/#primaryimage"},"image":{"@id":"https:\/\/superprintpro.com\/product\/dx4-golden-printhead-of-roland-sv-lef2-300-part-number-6000005180\/#primaryimage"},"thumbnailUrl":"https:\/\/superprintpro.com\/wp-content\/uploads\/2025\/08\/dx4-golden-printhead-of-roland-sv-lef2-300-1.jpg","datePublished":"2025-08-13T06:32:39+00:00","breadcrumb":{"@id":"https:\/\/superprintpro.com\/product\/dx4-golden-printhead-of-roland-sv-lef2-300-part-number-6000005180\/#breadcrumb"},"inLanguage":"tr","potentialAction":[{"@type":"ReadAction","target":["https:\/\/superprintpro.com\/product\/dx4-golden-printhead-of-roland-sv-lef2-300-part-number-6000005180\/"]}]},{"@type":"ImageObject","inLanguage":"tr","@id":"https:\/\/superprintpro.com\/product\/dx4-golden-printhead-of-roland-sv-lef2-300-part-number-6000005180\/#primaryimage","url":"https:\/\/superprintpro.com\/wp-content\/uploads\/2025\/08\/dx4-golden-printhead-of-roland-sv-lef2-300-1.jpg","contentUrl":"https:\/\/superprintpro.com\/wp-content\/uploads\/2025\/08\/dx4-golden-printhead-of-roland-sv-lef2-300-1.jpg","width":500,"height":500,"caption":"DX4 Golden Printhead of Roland SV LEF2-300 part number 6000005180"},{"@type":"BreadcrumbList","@id":"https:\/\/superprintpro.com\/product\/dx4-golden-printhead-of-roland-sv-lef2-300-part-number-6000005180\/#breadcrumb","itemListElement":[{"@type":"ListItem","position":1,"name":"\u9996\u9875","item":"https:\/\/superprintpro.com\/"},{"@type":"ListItem","position":2,"name":"Shop","item":"https:\/\/superprintpro.com\/shop\/"},{"@type":"ListItem","position":3,"name":"DX4 Golden Printhead of Roland SV LEF2-300 part number 6000005180"}]},{"@type":"WebSite","@id":"https:\/\/superprintpro.com\/#website","url":"https:\/\/superprintpro.com\/","name":"Amo","description":"","potentialAction":[{"@type":"SearchAction","target":{"@type":"EntryPoint","urlTemplate":"https:\/\/superprintpro.com\/?s={search_term_string}"},"query-input":{"@type":"PropertyValueSpecification","valueRequired":true,"valueName":"search_term_string"}}],"inLanguage":"tr"}]}},"_links":{"self":[{"href":"https:\/\/superprintpro.com\/tr\/wp-json\/wp\/v2\/product\/29854","targetHints":{"allow":["GET"]}}],"collection":[{"href":"https:\/\/superprintpro.com\/tr\/wp-json\/wp\/v2\/product"}],"about":[{"href":"https:\/\/superprintpro.com\/tr\/wp-json\/wp\/v2\/types\/product"}],"replies":[{"embeddable":true,"href":"https:\/\/superprintpro.com\/tr\/wp-json\/wp\/v2\/comments?post=29854"}],"version-history":[{"count":1,"href":"https:\/\/superprintpro.com\/tr\/wp-json\/wp\/v2\/product\/29854\/revisions"}],"predecessor-version":[{"id":29858,"href":"https:\/\/superprintpro.com\/tr\/wp-json\/wp\/v2\/product\/29854\/revisions\/29858"}],"wp:featuredmedia":[{"embeddable":true,"href":"https:\/\/superprintpro.com\/tr\/wp-json\/wp\/v2\/media\/29857"}],"wp:attachment":[{"href":"https:\/\/superprintpro.com\/tr\/wp-json\/wp\/v2\/media?parent=29854"}],"wp:term":[{"taxonomy":"product_brand","embeddable":true,"href":"https:\/\/superprintpro.com\/tr\/wp-json\/wp\/v2\/product_brand?post=29854"},{"taxonomy":"product_cat","embeddable":true,"href":"https:\/\/superprintpro.com\/tr\/wp-json\/wp\/v2\/product_cat?post=29854"},{"taxonomy":"product_tag","embeddable":true,"href":"https:\/\/superprintpro.com\/tr\/wp-json\/wp\/v2\/product_tag?post=29854"}],"curies":[{"name":"wp","href":"https:\/\/api.w.org\/{rel}","templated":true}]}}