{"id":29834,"date":"2025-08-13T12:29:12","date_gmt":"2025-08-13T04:29:12","guid":{"rendered":"https:\/\/superprintpro.com\/?post_type=product&#038;p=29834"},"modified":"2025-08-13T12:30:25","modified_gmt":"2025-08-13T04:30:25","slug":"starfire-sg1024-ma2c-25pl-printhead","status":"publish","type":"product","link":"https:\/\/superprintpro.com\/tr\/urun\/starfire-sg1024-ma2c-25pl-printhead\/","title":{"rendered":"StarFire SG1024 MA2C 25pl Yaz\u0131c\u0131 Kafas\u0131"},"content":{"rendered":"<p>Yaz\u0131c\u0131 Kafas\u0131 Model Ad\u0131:StarFire SG1024 MA2C 25pl<\/p>\n<p>Uygulama: a\u015fa\u011f\u0131daki gibi t\u00fcm \u00c7inli yaz\u0131c\u0131lar i\u00e7in \u00e7al\u0131\u015f\u0131r:<br \/>\nWitcolor,Flora,Gongzheng (GZC3202SG vb.),Liyu,Rodin,JHF,Leopard,Eurotech Aslan,Teckwin,ETC<\/p>\n<p>Bu kafa i\u00e7in uyumlu m\u00fcrekkep: Solvent m\u00fcrekkep, UV m\u00fcrekkep.<\/p>","protected":false},"excerpt":{"rendered":"<p>\u00dcr\u00fcn detaylar\u0131 ve en son fiyat teklifleri i\u00e7in l\u00fctfen sat\u0131\u015f m\u00fcd\u00fcr\u00fcm\u00fczle ileti\u015fime ge\u00e7in<\/p>","protected":false},"featured_media":29835,"comment_status":"open","ping_status":"closed","template":"","meta":[],"product_brand":[],"product_cat":[94],"product_tag":[],"class_list":{"0":"post-29834","1":"product","2":"type-product","3":"status-publish","4":"has-post-thumbnail","6":"product_cat-spectra-fujifilm-dimatix-printheads","8":"first","9":"instock","10":"shipping-taxable","11":"purchasable","12":"product-type-simple"},"yoast_head":"<!-- This site is optimized with the Yoast SEO plugin v26.9 - https:\/\/yoast.com\/product\/yoast-seo-wordpress\/ -->\n<title>StarFire SG1024 MA2C 25pl Printhead - Amo<\/title>\n<meta name=\"robots\" content=\"index, follow, max-snippet:-1, max-image-preview:large, max-video-preview:-1\" \/>\n<link rel=\"canonical\" href=\"https:\/\/superprintpro.com\/tr\/urun\/starfire-sg1024-ma2c-25pl-printhead\/\" \/>\n<meta property=\"og:locale\" content=\"tr_TR\" \/>\n<meta property=\"og:type\" content=\"article\" \/>\n<meta property=\"og:title\" content=\"StarFire SG1024 MA2C 25pl Printhead - Amo\" \/>\n<meta property=\"og:description\" content=\"For product details and the latest quotes, please contact our sales manager\" \/>\n<meta property=\"og:url\" content=\"https:\/\/superprintpro.com\/tr\/urun\/starfire-sg1024-ma2c-25pl-printhead\/\" \/>\n<meta property=\"og:site_name\" content=\"Amo\" \/>\n<meta property=\"article:modified_time\" content=\"2025-08-13T04:30:25+00:00\" \/>\n<meta property=\"og:image\" content=\"https:\/\/superprintpro.com\/wp-content\/uploads\/2025\/08\/starfire-sg1024-ma2c-25pl-printhead-1.jpg\" \/>\n\t<meta property=\"og:image:width\" content=\"500\" \/>\n\t<meta property=\"og:image:height\" content=\"500\" \/>\n\t<meta property=\"og:image:type\" content=\"image\/jpeg\" \/>\n<meta name=\"twitter:card\" content=\"summary_large_image\" \/>\n<script type=\"application\/ld+json\" class=\"yoast-schema-graph\">{\"@context\":\"https:\/\/schema.org\",\"@graph\":[{\"@type\":\"WebPage\",\"@id\":\"https:\/\/superprintpro.com\/product\/starfire-sg1024-ma2c-25pl-printhead\/\",\"url\":\"https:\/\/superprintpro.com\/product\/starfire-sg1024-ma2c-25pl-printhead\/\",\"name\":\"StarFire SG1024 MA2C 25pl Printhead - Amo\",\"isPartOf\":{\"@id\":\"https:\/\/superprintpro.com\/#website\"},\"primaryImageOfPage\":{\"@id\":\"https:\/\/superprintpro.com\/product\/starfire-sg1024-ma2c-25pl-printhead\/#primaryimage\"},\"image\":{\"@id\":\"https:\/\/superprintpro.com\/product\/starfire-sg1024-ma2c-25pl-printhead\/#primaryimage\"},\"thumbnailUrl\":\"https:\/\/superprintpro.com\/wp-content\/uploads\/2025\/08\/starfire-sg1024-ma2c-25pl-printhead-1.jpg\",\"datePublished\":\"2025-08-13T04:29:12+00:00\",\"dateModified\":\"2025-08-13T04:30:25+00:00\",\"breadcrumb\":{\"@id\":\"https:\/\/superprintpro.com\/product\/starfire-sg1024-ma2c-25pl-printhead\/#breadcrumb\"},\"inLanguage\":\"tr\",\"potentialAction\":[{\"@type\":\"ReadAction\",\"target\":[\"https:\/\/superprintpro.com\/product\/starfire-sg1024-ma2c-25pl-printhead\/\"]}]},{\"@type\":\"ImageObject\",\"inLanguage\":\"tr\",\"@id\":\"https:\/\/superprintpro.com\/product\/starfire-sg1024-ma2c-25pl-printhead\/#primaryimage\",\"url\":\"https:\/\/superprintpro.com\/wp-content\/uploads\/2025\/08\/starfire-sg1024-ma2c-25pl-printhead-1.jpg\",\"contentUrl\":\"https:\/\/superprintpro.com\/wp-content\/uploads\/2025\/08\/starfire-sg1024-ma2c-25pl-printhead-1.jpg\",\"width\":500,\"height\":500,\"caption\":\"StarFire SG1024 MA2C 25pl Printhead\"},{\"@type\":\"BreadcrumbList\",\"@id\":\"https:\/\/superprintpro.com\/product\/starfire-sg1024-ma2c-25pl-printhead\/#breadcrumb\",\"itemListElement\":[{\"@type\":\"ListItem\",\"position\":1,\"name\":\"\u9996\u9875\",\"item\":\"https:\/\/superprintpro.com\/\"},{\"@type\":\"ListItem\",\"position\":2,\"name\":\"Shop\",\"item\":\"https:\/\/superprintpro.com\/shop\/\"},{\"@type\":\"ListItem\",\"position\":3,\"name\":\"StarFire SG1024 MA2C 25pl Printhead\"}]},{\"@type\":\"WebSite\",\"@id\":\"https:\/\/superprintpro.com\/#website\",\"url\":\"https:\/\/superprintpro.com\/\",\"name\":\"Amo\",\"description\":\"\",\"potentialAction\":[{\"@type\":\"SearchAction\",\"target\":{\"@type\":\"EntryPoint\",\"urlTemplate\":\"https:\/\/superprintpro.com\/?s={search_term_string}\"},\"query-input\":{\"@type\":\"PropertyValueSpecification\",\"valueRequired\":true,\"valueName\":\"search_term_string\"}}],\"inLanguage\":\"tr\"}]}<\/script>\n<!-- \/ Yoast SEO plugin. -->","yoast_head_json":{"title":"StarFire SG1024 MA2C 25pl Printhead - Amo","robots":{"index":"index","follow":"follow","max-snippet":"max-snippet:-1","max-image-preview":"max-image-preview:large","max-video-preview":"max-video-preview:-1"},"canonical":"https:\/\/superprintpro.com\/tr\/urun\/starfire-sg1024-ma2c-25pl-printhead\/","og_locale":"tr_TR","og_type":"article","og_title":"StarFire SG1024 MA2C 25pl Printhead - Amo","og_description":"For product details and the latest quotes, please contact our sales manager","og_url":"https:\/\/superprintpro.com\/tr\/urun\/starfire-sg1024-ma2c-25pl-printhead\/","og_site_name":"Amo","article_modified_time":"2025-08-13T04:30:25+00:00","og_image":[{"width":500,"height":500,"url":"https:\/\/superprintpro.com\/wp-content\/uploads\/2025\/08\/starfire-sg1024-ma2c-25pl-printhead-1.jpg","type":"image\/jpeg"}],"twitter_card":"summary_large_image","schema":{"@context":"https:\/\/schema.org","@graph":[{"@type":"WebPage","@id":"https:\/\/superprintpro.com\/product\/starfire-sg1024-ma2c-25pl-printhead\/","url":"https:\/\/superprintpro.com\/product\/starfire-sg1024-ma2c-25pl-printhead\/","name":"StarFire SG1024 MA2C 25pl Printhead - Amo","isPartOf":{"@id":"https:\/\/superprintpro.com\/#website"},"primaryImageOfPage":{"@id":"https:\/\/superprintpro.com\/product\/starfire-sg1024-ma2c-25pl-printhead\/#primaryimage"},"image":{"@id":"https:\/\/superprintpro.com\/product\/starfire-sg1024-ma2c-25pl-printhead\/#primaryimage"},"thumbnailUrl":"https:\/\/superprintpro.com\/wp-content\/uploads\/2025\/08\/starfire-sg1024-ma2c-25pl-printhead-1.jpg","datePublished":"2025-08-13T04:29:12+00:00","dateModified":"2025-08-13T04:30:25+00:00","breadcrumb":{"@id":"https:\/\/superprintpro.com\/product\/starfire-sg1024-ma2c-25pl-printhead\/#breadcrumb"},"inLanguage":"tr","potentialAction":[{"@type":"ReadAction","target":["https:\/\/superprintpro.com\/product\/starfire-sg1024-ma2c-25pl-printhead\/"]}]},{"@type":"ImageObject","inLanguage":"tr","@id":"https:\/\/superprintpro.com\/product\/starfire-sg1024-ma2c-25pl-printhead\/#primaryimage","url":"https:\/\/superprintpro.com\/wp-content\/uploads\/2025\/08\/starfire-sg1024-ma2c-25pl-printhead-1.jpg","contentUrl":"https:\/\/superprintpro.com\/wp-content\/uploads\/2025\/08\/starfire-sg1024-ma2c-25pl-printhead-1.jpg","width":500,"height":500,"caption":"StarFire SG1024 MA2C 25pl Printhead"},{"@type":"BreadcrumbList","@id":"https:\/\/superprintpro.com\/product\/starfire-sg1024-ma2c-25pl-printhead\/#breadcrumb","itemListElement":[{"@type":"ListItem","position":1,"name":"\u9996\u9875","item":"https:\/\/superprintpro.com\/"},{"@type":"ListItem","position":2,"name":"Shop","item":"https:\/\/superprintpro.com\/shop\/"},{"@type":"ListItem","position":3,"name":"StarFire SG1024 MA2C 25pl Printhead"}]},{"@type":"WebSite","@id":"https:\/\/superprintpro.com\/#website","url":"https:\/\/superprintpro.com\/","name":"Amo","description":"","potentialAction":[{"@type":"SearchAction","target":{"@type":"EntryPoint","urlTemplate":"https:\/\/superprintpro.com\/?s={search_term_string}"},"query-input":{"@type":"PropertyValueSpecification","valueRequired":true,"valueName":"search_term_string"}}],"inLanguage":"tr"}]}},"_links":{"self":[{"href":"https:\/\/superprintpro.com\/tr\/wp-json\/wp\/v2\/product\/29834","targetHints":{"allow":["GET"]}}],"collection":[{"href":"https:\/\/superprintpro.com\/tr\/wp-json\/wp\/v2\/product"}],"about":[{"href":"https:\/\/superprintpro.com\/tr\/wp-json\/wp\/v2\/types\/product"}],"replies":[{"embeddable":true,"href":"https:\/\/superprintpro.com\/tr\/wp-json\/wp\/v2\/comments?post=29834"}],"version-history":[{"count":1,"href":"https:\/\/superprintpro.com\/tr\/wp-json\/wp\/v2\/product\/29834\/revisions"}],"predecessor-version":[{"id":29838,"href":"https:\/\/superprintpro.com\/tr\/wp-json\/wp\/v2\/product\/29834\/revisions\/29838"}],"wp:featuredmedia":[{"embeddable":true,"href":"https:\/\/superprintpro.com\/tr\/wp-json\/wp\/v2\/media\/29835"}],"wp:attachment":[{"href":"https:\/\/superprintpro.com\/tr\/wp-json\/wp\/v2\/media?parent=29834"}],"wp:term":[{"taxonomy":"product_brand","embeddable":true,"href":"https:\/\/superprintpro.com\/tr\/wp-json\/wp\/v2\/product_brand?post=29834"},{"taxonomy":"product_cat","embeddable":true,"href":"https:\/\/superprintpro.com\/tr\/wp-json\/wp\/v2\/product_cat?post=29834"},{"taxonomy":"product_tag","embeddable":true,"href":"https:\/\/superprintpro.com\/tr\/wp-json\/wp\/v2\/product_tag?post=29834"}],"curies":[{"name":"wp","href":"https:\/\/api.w.org\/{rel}","templated":true}]}}