{"id":29759,"date":"2025-08-13T10:38:26","date_gmt":"2025-08-13T02:38:26","guid":{"rendered":"https:\/\/superprintpro.com\/?post_type=product&#038;p=29759"},"modified":"2025-08-13T10:38:26","modified_gmt":"2025-08-13T02:38:26","slug":"mimaki-tx300-ts300-printhead-part-number-m015885","status":"publish","type":"product","link":"https:\/\/superprintpro.com\/tr\/urun\/mimaki-tx300-ts300-printhead-part-number-m015885\/","title":{"rendered":"Mimaki TX300 TS300 Bask\u0131 Kafas\u0131 Par\u00e7a Numaras\u0131 M015885"},"content":{"rendered":"<p>Bask\u0131 Kafas\u0131 Model Ad\u0131:Mimaki TX300 TS300 Bask\u0131 Kafas\u0131 Par\u00e7a Numaras\u0131 M015885<br \/>\nPar\u00e7a Numaras\u0131: M015885<br \/>\nUygulama m\u00fcrekkep p\u00fcsk\u00fcrtmeli yaz\u0131c\u0131lar:<br \/>\nMimaki TX300 ve TS300<br \/>\nA\u00e7\u0131klama:<br \/>\nMimaki TX300 ve TS300'\u00fcn Orijinal Bask\u0131 Kafas\u0131<\/p>","protected":false},"excerpt":{"rendered":"<p>\u00dcr\u00fcn detaylar\u0131 ve en son fiyat teklifleri i\u00e7in l\u00fctfen sat\u0131\u015f m\u00fcd\u00fcr\u00fcm\u00fczle ileti\u015fime ge\u00e7in<\/p>\n<p>&nbsp;<\/p>","protected":false},"featured_media":29762,"comment_status":"open","ping_status":"closed","template":"","meta":[],"product_brand":[],"product_cat":[93],"product_tag":[],"class_list":{"0":"post-29759","1":"product","2":"type-product","3":"status-publish","4":"has-post-thumbnail","6":"product_cat-mimaki-printheads","8":"first","9":"instock","10":"shipping-taxable","11":"purchasable","12":"product-type-simple"},"yoast_head":"<!-- This site is optimized with the Yoast SEO plugin v26.9 - https:\/\/yoast.com\/product\/yoast-seo-wordpress\/ -->\n<title>Mimaki TX300 TS300 Printhead part Number M015885 - Amo<\/title>\n<meta name=\"robots\" content=\"index, follow, max-snippet:-1, max-image-preview:large, max-video-preview:-1\" \/>\n<link rel=\"canonical\" href=\"https:\/\/superprintpro.com\/tr\/urun\/mimaki-tx300-ts300-printhead-part-number-m015885\/\" \/>\n<meta property=\"og:locale\" content=\"tr_TR\" \/>\n<meta property=\"og:type\" content=\"article\" \/>\n<meta property=\"og:title\" content=\"Mimaki TX300 TS300 Printhead part Number M015885 - Amo\" \/>\n<meta property=\"og:description\" content=\"For product details and the latest quotes, please contact our sales manager  &nbsp;\" \/>\n<meta property=\"og:url\" content=\"https:\/\/superprintpro.com\/tr\/urun\/mimaki-tx300-ts300-printhead-part-number-m015885\/\" \/>\n<meta property=\"og:site_name\" content=\"Amo\" \/>\n<meta property=\"og:image\" content=\"https:\/\/superprintpro.com\/wp-content\/uploads\/2025\/08\/mimaki-tx300-ts300-printhead-1.jpg\" \/>\n\t<meta property=\"og:image:width\" content=\"500\" \/>\n\t<meta property=\"og:image:height\" content=\"500\" \/>\n\t<meta property=\"og:image:type\" content=\"image\/jpeg\" \/>\n<meta name=\"twitter:card\" content=\"summary_large_image\" \/>\n<script type=\"application\/ld+json\" class=\"yoast-schema-graph\">{\"@context\":\"https:\/\/schema.org\",\"@graph\":[{\"@type\":\"WebPage\",\"@id\":\"https:\/\/superprintpro.com\/product\/mimaki-tx300-ts300-printhead-part-number-m015885\/\",\"url\":\"https:\/\/superprintpro.com\/product\/mimaki-tx300-ts300-printhead-part-number-m015885\/\",\"name\":\"Mimaki TX300 TS300 Printhead part Number M015885 - Amo\",\"isPartOf\":{\"@id\":\"https:\/\/superprintpro.com\/#website\"},\"primaryImageOfPage\":{\"@id\":\"https:\/\/superprintpro.com\/product\/mimaki-tx300-ts300-printhead-part-number-m015885\/#primaryimage\"},\"image\":{\"@id\":\"https:\/\/superprintpro.com\/product\/mimaki-tx300-ts300-printhead-part-number-m015885\/#primaryimage\"},\"thumbnailUrl\":\"https:\/\/superprintpro.com\/wp-content\/uploads\/2025\/08\/mimaki-tx300-ts300-printhead-1.jpg\",\"datePublished\":\"2025-08-13T02:38:26+00:00\",\"breadcrumb\":{\"@id\":\"https:\/\/superprintpro.com\/product\/mimaki-tx300-ts300-printhead-part-number-m015885\/#breadcrumb\"},\"inLanguage\":\"tr\",\"potentialAction\":[{\"@type\":\"ReadAction\",\"target\":[\"https:\/\/superprintpro.com\/product\/mimaki-tx300-ts300-printhead-part-number-m015885\/\"]}]},{\"@type\":\"ImageObject\",\"inLanguage\":\"tr\",\"@id\":\"https:\/\/superprintpro.com\/product\/mimaki-tx300-ts300-printhead-part-number-m015885\/#primaryimage\",\"url\":\"https:\/\/superprintpro.com\/wp-content\/uploads\/2025\/08\/mimaki-tx300-ts300-printhead-1.jpg\",\"contentUrl\":\"https:\/\/superprintpro.com\/wp-content\/uploads\/2025\/08\/mimaki-tx300-ts300-printhead-1.jpg\",\"width\":500,\"height\":500,\"caption\":\"Mimaki TX300 TS300 Printhead part Number M015885\"},{\"@type\":\"BreadcrumbList\",\"@id\":\"https:\/\/superprintpro.com\/product\/mimaki-tx300-ts300-printhead-part-number-m015885\/#breadcrumb\",\"itemListElement\":[{\"@type\":\"ListItem\",\"position\":1,\"name\":\"\u9996\u9875\",\"item\":\"https:\/\/superprintpro.com\/\"},{\"@type\":\"ListItem\",\"position\":2,\"name\":\"Shop\",\"item\":\"https:\/\/superprintpro.com\/shop\/\"},{\"@type\":\"ListItem\",\"position\":3,\"name\":\"Mimaki TX300 TS300 Printhead part Number M015885\"}]},{\"@type\":\"WebSite\",\"@id\":\"https:\/\/superprintpro.com\/#website\",\"url\":\"https:\/\/superprintpro.com\/\",\"name\":\"Amo\",\"description\":\"\",\"potentialAction\":[{\"@type\":\"SearchAction\",\"target\":{\"@type\":\"EntryPoint\",\"urlTemplate\":\"https:\/\/superprintpro.com\/?s={search_term_string}\"},\"query-input\":{\"@type\":\"PropertyValueSpecification\",\"valueRequired\":true,\"valueName\":\"search_term_string\"}}],\"inLanguage\":\"tr\"}]}<\/script>\n<!-- \/ Yoast SEO plugin. -->","yoast_head_json":{"title":"Mimaki TX300 TS300 Printhead part Number M015885 - Amo","robots":{"index":"index","follow":"follow","max-snippet":"max-snippet:-1","max-image-preview":"max-image-preview:large","max-video-preview":"max-video-preview:-1"},"canonical":"https:\/\/superprintpro.com\/tr\/urun\/mimaki-tx300-ts300-printhead-part-number-m015885\/","og_locale":"tr_TR","og_type":"article","og_title":"Mimaki TX300 TS300 Printhead part Number M015885 - Amo","og_description":"For product details and the latest quotes, please contact our sales manager  &nbsp;","og_url":"https:\/\/superprintpro.com\/tr\/urun\/mimaki-tx300-ts300-printhead-part-number-m015885\/","og_site_name":"Amo","og_image":[{"width":500,"height":500,"url":"https:\/\/superprintpro.com\/wp-content\/uploads\/2025\/08\/mimaki-tx300-ts300-printhead-1.jpg","type":"image\/jpeg"}],"twitter_card":"summary_large_image","schema":{"@context":"https:\/\/schema.org","@graph":[{"@type":"WebPage","@id":"https:\/\/superprintpro.com\/product\/mimaki-tx300-ts300-printhead-part-number-m015885\/","url":"https:\/\/superprintpro.com\/product\/mimaki-tx300-ts300-printhead-part-number-m015885\/","name":"Mimaki TX300 TS300 Printhead part Number M015885 - Amo","isPartOf":{"@id":"https:\/\/superprintpro.com\/#website"},"primaryImageOfPage":{"@id":"https:\/\/superprintpro.com\/product\/mimaki-tx300-ts300-printhead-part-number-m015885\/#primaryimage"},"image":{"@id":"https:\/\/superprintpro.com\/product\/mimaki-tx300-ts300-printhead-part-number-m015885\/#primaryimage"},"thumbnailUrl":"https:\/\/superprintpro.com\/wp-content\/uploads\/2025\/08\/mimaki-tx300-ts300-printhead-1.jpg","datePublished":"2025-08-13T02:38:26+00:00","breadcrumb":{"@id":"https:\/\/superprintpro.com\/product\/mimaki-tx300-ts300-printhead-part-number-m015885\/#breadcrumb"},"inLanguage":"tr","potentialAction":[{"@type":"ReadAction","target":["https:\/\/superprintpro.com\/product\/mimaki-tx300-ts300-printhead-part-number-m015885\/"]}]},{"@type":"ImageObject","inLanguage":"tr","@id":"https:\/\/superprintpro.com\/product\/mimaki-tx300-ts300-printhead-part-number-m015885\/#primaryimage","url":"https:\/\/superprintpro.com\/wp-content\/uploads\/2025\/08\/mimaki-tx300-ts300-printhead-1.jpg","contentUrl":"https:\/\/superprintpro.com\/wp-content\/uploads\/2025\/08\/mimaki-tx300-ts300-printhead-1.jpg","width":500,"height":500,"caption":"Mimaki TX300 TS300 Printhead part Number M015885"},{"@type":"BreadcrumbList","@id":"https:\/\/superprintpro.com\/product\/mimaki-tx300-ts300-printhead-part-number-m015885\/#breadcrumb","itemListElement":[{"@type":"ListItem","position":1,"name":"\u9996\u9875","item":"https:\/\/superprintpro.com\/"},{"@type":"ListItem","position":2,"name":"Shop","item":"https:\/\/superprintpro.com\/shop\/"},{"@type":"ListItem","position":3,"name":"Mimaki TX300 TS300 Printhead part Number M015885"}]},{"@type":"WebSite","@id":"https:\/\/superprintpro.com\/#website","url":"https:\/\/superprintpro.com\/","name":"Amo","description":"","potentialAction":[{"@type":"SearchAction","target":{"@type":"EntryPoint","urlTemplate":"https:\/\/superprintpro.com\/?s={search_term_string}"},"query-input":{"@type":"PropertyValueSpecification","valueRequired":true,"valueName":"search_term_string"}}],"inLanguage":"tr"}]}},"_links":{"self":[{"href":"https:\/\/superprintpro.com\/tr\/wp-json\/wp\/v2\/product\/29759","targetHints":{"allow":["GET"]}}],"collection":[{"href":"https:\/\/superprintpro.com\/tr\/wp-json\/wp\/v2\/product"}],"about":[{"href":"https:\/\/superprintpro.com\/tr\/wp-json\/wp\/v2\/types\/product"}],"replies":[{"embeddable":true,"href":"https:\/\/superprintpro.com\/tr\/wp-json\/wp\/v2\/comments?post=29759"}],"version-history":[{"count":1,"href":"https:\/\/superprintpro.com\/tr\/wp-json\/wp\/v2\/product\/29759\/revisions"}],"predecessor-version":[{"id":29763,"href":"https:\/\/superprintpro.com\/tr\/wp-json\/wp\/v2\/product\/29759\/revisions\/29763"}],"wp:featuredmedia":[{"embeddable":true,"href":"https:\/\/superprintpro.com\/tr\/wp-json\/wp\/v2\/media\/29762"}],"wp:attachment":[{"href":"https:\/\/superprintpro.com\/tr\/wp-json\/wp\/v2\/media?parent=29759"}],"wp:term":[{"taxonomy":"product_brand","embeddable":true,"href":"https:\/\/superprintpro.com\/tr\/wp-json\/wp\/v2\/product_brand?post=29759"},{"taxonomy":"product_cat","embeddable":true,"href":"https:\/\/superprintpro.com\/tr\/wp-json\/wp\/v2\/product_cat?post=29759"},{"taxonomy":"product_tag","embeddable":true,"href":"https:\/\/superprintpro.com\/tr\/wp-json\/wp\/v2\/product_tag?post=29759"}],"curies":[{"name":"wp","href":"https:\/\/api.w.org\/{rel}","templated":true}]}}