{"id":29607,"date":"2025-08-10T11:46:08","date_gmt":"2025-08-10T11:46:08","guid":{"rendered":"https:\/\/superprintpro.com\/?post_type=product&#038;p=29607"},"modified":"2025-08-12T11:33:17","modified_gmt":"2025-08-12T11:33:17","slug":"ricoh-gen5-in-7pl-35pl-uv-printhead-code-mh5420-248mm2-colores-with-short-cable","status":"publish","type":"product","link":"https:\/\/superprintpro.com\/tr\/urun\/ricoh-gen5-in-7pl-35pl-uv-printhead-code-mh5420-248mm2-colores-with-short-cable\/","title":{"rendered":"Ricoh Gen5 in 7PL-35PL UV Bask\u0131 Kafas\u0131 Kod MH5420 (248MM, 2 Renk, k\u0131sa kablo ile)"},"content":{"rendered":"<ul>\n<li>Bask\u0131 Kafas\u0131 Model Ad\u0131:Ricoh Gen5 in 7PL-35PL UV Bask\u0131 Kafas\u0131 Kodu MH5420 (248MM, 2 Renkli, k\u0131sa kablolu)<\/li>\n<li>Uygulama: a\u015fa\u011f\u0131daki gibi t\u00fcm \u00c7inli yaz\u0131c\u0131lar i\u00e7in \u00e7al\u0131\u015f\u0131r:<br \/>\nXenonlar<br \/>\nAgfa Jeti Mira MG2716 S\/HS, MG2732 S\/HS<br \/>\nAgfa Jeti Tauro H2500<br \/>\nAgfa Jeti Titan HS, S<br \/>\nAkad NovaJet UV M6<br \/>\nCET Color Q5-1000, 1000h, 250, 250h, 500, 500h<br \/>\nDocan 1212 UV, FR3210, FRT3116, M10, M6, M8<br \/>\nHandtop HT1600UV HR4, HT1610UV FR4, HT2500UV HR8, HT2512UV-D FR8, HT3116UV FR8, HT3200UV HG12, HT3200UV HR8,<br \/>\nDurst Alpha 190, 330<br \/>\nKuantum Matan 5m<br \/>\nEfi Vutek H3, H5, 5R, 5r+<\/li>\n<li>Bu kafa i\u00e7in uyumlu m\u00fcrekkep: Solvent m\u00fcrekkep, UV m\u00fcrekkep.<\/li>\n<\/ul>","protected":false},"excerpt":{"rendered":"<p>\u00dcr\u00fcn detaylar\u0131 ve en g\u00fcncel fiyatlar i\u00e7in l\u00fctfen sat\u0131\u015f m\u00fcd\u00fcrl\u00fc\u011f\u00fcm\u00fczle ileti\u015fime ge\u00e7in<\/p>","protected":false},"featured_media":29680,"comment_status":"open","ping_status":"closed","template":"","meta":[],"product_brand":[],"product_cat":[92],"product_tag":[],"class_list":{"0":"post-29607","1":"product","2":"type-product","3":"status-publish","4":"has-post-thumbnail","6":"product_cat-ricoh-printheads","8":"first","9":"instock","10":"shipping-taxable","11":"purchasable","12":"product-type-simple"},"yoast_head":"<!-- This site is optimized with the Yoast SEO plugin v26.9 - https:\/\/yoast.com\/product\/yoast-seo-wordpress\/ -->\n<title>Ricoh Gen5 in 7PL-35PL UV Printhead Code MH5420 (248MM,2 Colores with short cable) - Amo<\/title>\n<meta name=\"robots\" content=\"index, follow, max-snippet:-1, max-image-preview:large, max-video-preview:-1\" \/>\n<link rel=\"canonical\" href=\"https:\/\/superprintpro.com\/tr\/urun\/ricoh-gen5-in-7pl-35pl-uv-printhead-code-mh5420-248mm2-colores-with-short-cable\/\" \/>\n<meta property=\"og:locale\" content=\"tr_TR\" \/>\n<meta property=\"og:type\" content=\"article\" \/>\n<meta property=\"og:title\" content=\"Ricoh Gen5 in 7PL-35PL UV Printhead Code MH5420 (248MM,2 Colores with short cable) - Amo\" \/>\n<meta property=\"og:description\" content=\"For product details and the latest prices please contact our sales manage\" \/>\n<meta property=\"og:url\" content=\"https:\/\/superprintpro.com\/tr\/urun\/ricoh-gen5-in-7pl-35pl-uv-printhead-code-mh5420-248mm2-colores-with-short-cable\/\" \/>\n<meta property=\"og:site_name\" content=\"Amo\" \/>\n<meta property=\"article:modified_time\" content=\"2025-08-12T11:33:17+00:00\" \/>\n<meta property=\"og:image\" content=\"https:\/\/superprintpro.com\/wp-content\/uploads\/2025\/08\/ricoh-gen5-in-7pl-35pl-uv-printhead-1.jpg\" \/>\n\t<meta property=\"og:image:width\" content=\"500\" \/>\n\t<meta property=\"og:image:height\" content=\"500\" \/>\n\t<meta property=\"og:image:type\" content=\"image\/jpeg\" \/>\n<meta name=\"twitter:card\" content=\"summary_large_image\" \/>\n<meta name=\"twitter:label1\" content=\"Tahmini okuma s\u00fcresi\" \/>\n\t<meta name=\"twitter:data1\" content=\"1 dakika\" \/>\n<script type=\"application\/ld+json\" class=\"yoast-schema-graph\">{\"@context\":\"https:\/\/schema.org\",\"@graph\":[{\"@type\":\"WebPage\",\"@id\":\"https:\/\/superprintpro.com\/product\/ricoh-gen5-in-7pl-35pl-uv-printhead-code-mh5420-248mm2-colores-with-short-cable\/\",\"url\":\"https:\/\/superprintpro.com\/product\/ricoh-gen5-in-7pl-35pl-uv-printhead-code-mh5420-248mm2-colores-with-short-cable\/\",\"name\":\"Ricoh Gen5 in 7PL-35PL UV Printhead Code MH5420 (248MM,2 Colores with short cable) - Amo\",\"isPartOf\":{\"@id\":\"https:\/\/superprintpro.com\/#website\"},\"primaryImageOfPage\":{\"@id\":\"https:\/\/superprintpro.com\/product\/ricoh-gen5-in-7pl-35pl-uv-printhead-code-mh5420-248mm2-colores-with-short-cable\/#primaryimage\"},\"image\":{\"@id\":\"https:\/\/superprintpro.com\/product\/ricoh-gen5-in-7pl-35pl-uv-printhead-code-mh5420-248mm2-colores-with-short-cable\/#primaryimage\"},\"thumbnailUrl\":\"https:\/\/superprintpro.com\/wp-content\/uploads\/2025\/08\/ricoh-gen5-in-7pl-35pl-uv-printhead-1.jpg\",\"datePublished\":\"2025-08-10T11:46:08+00:00\",\"dateModified\":\"2025-08-12T11:33:17+00:00\",\"breadcrumb\":{\"@id\":\"https:\/\/superprintpro.com\/product\/ricoh-gen5-in-7pl-35pl-uv-printhead-code-mh5420-248mm2-colores-with-short-cable\/#breadcrumb\"},\"inLanguage\":\"tr\",\"potentialAction\":[{\"@type\":\"ReadAction\",\"target\":[\"https:\/\/superprintpro.com\/product\/ricoh-gen5-in-7pl-35pl-uv-printhead-code-mh5420-248mm2-colores-with-short-cable\/\"]}]},{\"@type\":\"ImageObject\",\"inLanguage\":\"tr\",\"@id\":\"https:\/\/superprintpro.com\/product\/ricoh-gen5-in-7pl-35pl-uv-printhead-code-mh5420-248mm2-colores-with-short-cable\/#primaryimage\",\"url\":\"https:\/\/superprintpro.com\/wp-content\/uploads\/2025\/08\/ricoh-gen5-in-7pl-35pl-uv-printhead-1.jpg\",\"contentUrl\":\"https:\/\/superprintpro.com\/wp-content\/uploads\/2025\/08\/ricoh-gen5-in-7pl-35pl-uv-printhead-1.jpg\",\"width\":500,\"height\":500,\"caption\":\"Ricoh Gen5 in 7PL-35PL UV Printhead Code MH5420 (248MM,2 Colores with short cable)\"},{\"@type\":\"BreadcrumbList\",\"@id\":\"https:\/\/superprintpro.com\/product\/ricoh-gen5-in-7pl-35pl-uv-printhead-code-mh5420-248mm2-colores-with-short-cable\/#breadcrumb\",\"itemListElement\":[{\"@type\":\"ListItem\",\"position\":1,\"name\":\"\u9996\u9875\",\"item\":\"https:\/\/superprintpro.com\/\"},{\"@type\":\"ListItem\",\"position\":2,\"name\":\"Shop\",\"item\":\"https:\/\/superprintpro.com\/shop\/\"},{\"@type\":\"ListItem\",\"position\":3,\"name\":\"Ricoh Gen5 in 7PL-35PL UV Printhead Code MH5420 (248MM,2 Colores with short cable)\"}]},{\"@type\":\"WebSite\",\"@id\":\"https:\/\/superprintpro.com\/#website\",\"url\":\"https:\/\/superprintpro.com\/\",\"name\":\"Amo\",\"description\":\"\",\"potentialAction\":[{\"@type\":\"SearchAction\",\"target\":{\"@type\":\"EntryPoint\",\"urlTemplate\":\"https:\/\/superprintpro.com\/?s={search_term_string}\"},\"query-input\":{\"@type\":\"PropertyValueSpecification\",\"valueRequired\":true,\"valueName\":\"search_term_string\"}}],\"inLanguage\":\"tr\"}]}<\/script>\n<!-- \/ Yoast SEO plugin. -->","yoast_head_json":{"title":"Ricoh Gen5 in 7PL-35PL UV Printhead Code MH5420 (248MM,2 Colores with short cable) - Amo","robots":{"index":"index","follow":"follow","max-snippet":"max-snippet:-1","max-image-preview":"max-image-preview:large","max-video-preview":"max-video-preview:-1"},"canonical":"https:\/\/superprintpro.com\/tr\/urun\/ricoh-gen5-in-7pl-35pl-uv-printhead-code-mh5420-248mm2-colores-with-short-cable\/","og_locale":"tr_TR","og_type":"article","og_title":"Ricoh Gen5 in 7PL-35PL UV Printhead Code MH5420 (248MM,2 Colores with short cable) - Amo","og_description":"For product details and the latest prices please contact our sales manage","og_url":"https:\/\/superprintpro.com\/tr\/urun\/ricoh-gen5-in-7pl-35pl-uv-printhead-code-mh5420-248mm2-colores-with-short-cable\/","og_site_name":"Amo","article_modified_time":"2025-08-12T11:33:17+00:00","og_image":[{"width":500,"height":500,"url":"https:\/\/superprintpro.com\/wp-content\/uploads\/2025\/08\/ricoh-gen5-in-7pl-35pl-uv-printhead-1.jpg","type":"image\/jpeg"}],"twitter_card":"summary_large_image","twitter_misc":{"Tahmini okuma s\u00fcresi":"1 dakika"},"schema":{"@context":"https:\/\/schema.org","@graph":[{"@type":"WebPage","@id":"https:\/\/superprintpro.com\/product\/ricoh-gen5-in-7pl-35pl-uv-printhead-code-mh5420-248mm2-colores-with-short-cable\/","url":"https:\/\/superprintpro.com\/product\/ricoh-gen5-in-7pl-35pl-uv-printhead-code-mh5420-248mm2-colores-with-short-cable\/","name":"Ricoh Gen5 in 7PL-35PL UV Printhead Code MH5420 (248MM,2 Colores with short cable) - Amo","isPartOf":{"@id":"https:\/\/superprintpro.com\/#website"},"primaryImageOfPage":{"@id":"https:\/\/superprintpro.com\/product\/ricoh-gen5-in-7pl-35pl-uv-printhead-code-mh5420-248mm2-colores-with-short-cable\/#primaryimage"},"image":{"@id":"https:\/\/superprintpro.com\/product\/ricoh-gen5-in-7pl-35pl-uv-printhead-code-mh5420-248mm2-colores-with-short-cable\/#primaryimage"},"thumbnailUrl":"https:\/\/superprintpro.com\/wp-content\/uploads\/2025\/08\/ricoh-gen5-in-7pl-35pl-uv-printhead-1.jpg","datePublished":"2025-08-10T11:46:08+00:00","dateModified":"2025-08-12T11:33:17+00:00","breadcrumb":{"@id":"https:\/\/superprintpro.com\/product\/ricoh-gen5-in-7pl-35pl-uv-printhead-code-mh5420-248mm2-colores-with-short-cable\/#breadcrumb"},"inLanguage":"tr","potentialAction":[{"@type":"ReadAction","target":["https:\/\/superprintpro.com\/product\/ricoh-gen5-in-7pl-35pl-uv-printhead-code-mh5420-248mm2-colores-with-short-cable\/"]}]},{"@type":"ImageObject","inLanguage":"tr","@id":"https:\/\/superprintpro.com\/product\/ricoh-gen5-in-7pl-35pl-uv-printhead-code-mh5420-248mm2-colores-with-short-cable\/#primaryimage","url":"https:\/\/superprintpro.com\/wp-content\/uploads\/2025\/08\/ricoh-gen5-in-7pl-35pl-uv-printhead-1.jpg","contentUrl":"https:\/\/superprintpro.com\/wp-content\/uploads\/2025\/08\/ricoh-gen5-in-7pl-35pl-uv-printhead-1.jpg","width":500,"height":500,"caption":"Ricoh Gen5 in 7PL-35PL UV Printhead Code MH5420 (248MM,2 Colores with short cable)"},{"@type":"BreadcrumbList","@id":"https:\/\/superprintpro.com\/product\/ricoh-gen5-in-7pl-35pl-uv-printhead-code-mh5420-248mm2-colores-with-short-cable\/#breadcrumb","itemListElement":[{"@type":"ListItem","position":1,"name":"\u9996\u9875","item":"https:\/\/superprintpro.com\/"},{"@type":"ListItem","position":2,"name":"Shop","item":"https:\/\/superprintpro.com\/shop\/"},{"@type":"ListItem","position":3,"name":"Ricoh Gen5 in 7PL-35PL UV Printhead Code MH5420 (248MM,2 Colores with short cable)"}]},{"@type":"WebSite","@id":"https:\/\/superprintpro.com\/#website","url":"https:\/\/superprintpro.com\/","name":"Amo","description":"","potentialAction":[{"@type":"SearchAction","target":{"@type":"EntryPoint","urlTemplate":"https:\/\/superprintpro.com\/?s={search_term_string}"},"query-input":{"@type":"PropertyValueSpecification","valueRequired":true,"valueName":"search_term_string"}}],"inLanguage":"tr"}]}},"_links":{"self":[{"href":"https:\/\/superprintpro.com\/tr\/wp-json\/wp\/v2\/product\/29607","targetHints":{"allow":["GET"]}}],"collection":[{"href":"https:\/\/superprintpro.com\/tr\/wp-json\/wp\/v2\/product"}],"about":[{"href":"https:\/\/superprintpro.com\/tr\/wp-json\/wp\/v2\/types\/product"}],"replies":[{"embeddable":true,"href":"https:\/\/superprintpro.com\/tr\/wp-json\/wp\/v2\/comments?post=29607"}],"version-history":[{"count":1,"href":"https:\/\/superprintpro.com\/tr\/wp-json\/wp\/v2\/product\/29607\/revisions"}],"predecessor-version":[{"id":29614,"href":"https:\/\/superprintpro.com\/tr\/wp-json\/wp\/v2\/product\/29607\/revisions\/29614"}],"wp:featuredmedia":[{"embeddable":true,"href":"https:\/\/superprintpro.com\/tr\/wp-json\/wp\/v2\/media\/29680"}],"wp:attachment":[{"href":"https:\/\/superprintpro.com\/tr\/wp-json\/wp\/v2\/media?parent=29607"}],"wp:term":[{"taxonomy":"product_brand","embeddable":true,"href":"https:\/\/superprintpro.com\/tr\/wp-json\/wp\/v2\/product_brand?post=29607"},{"taxonomy":"product_cat","embeddable":true,"href":"https:\/\/superprintpro.com\/tr\/wp-json\/wp\/v2\/product_cat?post=29607"},{"taxonomy":"product_tag","embeddable":true,"href":"https:\/\/superprintpro.com\/tr\/wp-json\/wp\/v2\/product_tag?post=29607"}],"curies":[{"name":"wp","href":"https:\/\/api.w.org\/{rel}","templated":true}]}}