{"id":29602,"date":"2025-08-10T11:39:35","date_gmt":"2025-08-10T11:39:35","guid":{"rendered":"https:\/\/superprintpro.com\/?post_type=product&#038;p=29602"},"modified":"2025-08-12T11:28:42","modified_gmt":"2025-08-12T11:28:42","slug":"ricoh-gen5-in-7pl-water-based-printhead-code-mh5421-248mm2-colores-with-short-cable-j36002","status":"publish","type":"product","link":"https:\/\/superprintpro.com\/tr\/urun\/ricoh-gen5-in-7pl-water-based-printhead-code-mh5421-248mm2-colores-with-short-cable-j36002\/","title":{"rendered":"Ricoh Gen5 in 7PL Su Bazl\u0131 Bask\u0131 Kafas\u0131 Kod MH5421 (248MM, 2 Renk, k\u0131sa kablo ile) -J36002"},"content":{"rendered":"<ul>\n<li>Yaz\u0131c\u0131 Kafas\u0131 Model Ad\u0131:Ricoh Gen5 in 7PL Su Bazl\u0131 Yaz\u0131c\u0131 Kafas\u0131 Kodu MH5421 (248MM,2 Renkli, k\u0131sa kablolu) -J36002<\/li>\n<li>Uygulama: a\u015fa\u011f\u0131daki gibi t\u00fcm \u00c7inli yaz\u0131c\u0131lar i\u00e7in \u00e7al\u0131\u015f\u0131r:<br \/>\nATP Color DFP1320, DPP740 G5<br \/>\nDIP J4<br \/>\nHollanders ColorBooster 230, 250<br \/>\nMTEX Turbo Sub<\/li>\n<li>Bu kafa i\u00e7in uyumlu m\u00fcrekkep: Su bazl\u0131 m\u00fcrekkep<\/li>\n<\/ul>","protected":false},"excerpt":{"rendered":"<p>\u00dcr\u00fcn detaylar\u0131 ve en g\u00fcncel fiyatlar i\u00e7in l\u00fctfen sat\u0131\u015f m\u00fcd\u00fcrl\u00fc\u011f\u00fcm\u00fczle ileti\u015fime ge\u00e7in<\/p>","protected":false},"featured_media":29676,"comment_status":"open","ping_status":"closed","template":"","meta":[],"product_brand":[],"product_cat":[92],"product_tag":[],"class_list":{"0":"post-29602","1":"product","2":"type-product","3":"status-publish","4":"has-post-thumbnail","6":"product_cat-ricoh-printheads","8":"first","9":"instock","10":"shipping-taxable","11":"purchasable","12":"product-type-simple"},"yoast_head":"<!-- This site is optimized with the Yoast SEO plugin v26.9 - https:\/\/yoast.com\/product\/yoast-seo-wordpress\/ -->\n<title>Ricoh Gen5 in 7PL Water-based Printhead Code MH5421 (248MM,2 Colores with short cable) -J36002 - Amo<\/title>\n<meta name=\"robots\" content=\"index, follow, max-snippet:-1, max-image-preview:large, max-video-preview:-1\" \/>\n<link rel=\"canonical\" href=\"https:\/\/superprintpro.com\/tr\/urun\/ricoh-gen5-in-7pl-water-based-printhead-code-mh5421-248mm2-colores-with-short-cable-j36002\/\" \/>\n<meta property=\"og:locale\" content=\"tr_TR\" \/>\n<meta property=\"og:type\" content=\"article\" \/>\n<meta property=\"og:title\" content=\"Ricoh Gen5 in 7PL Water-based Printhead Code MH5421 (248MM,2 Colores with short cable) -J36002 - Amo\" \/>\n<meta property=\"og:description\" content=\"For product details and the latest prices please contact our sales manage\" \/>\n<meta property=\"og:url\" content=\"https:\/\/superprintpro.com\/tr\/urun\/ricoh-gen5-in-7pl-water-based-printhead-code-mh5421-248mm2-colores-with-short-cable-j36002\/\" \/>\n<meta property=\"og:site_name\" content=\"Amo\" \/>\n<meta property=\"article:modified_time\" content=\"2025-08-12T11:28:42+00:00\" \/>\n<meta property=\"og:image\" content=\"https:\/\/superprintpro.com\/wp-content\/uploads\/2025\/08\/ricoh-gen5-in-7pl-water-based-printhead-j36002-1.jpg\" \/>\n\t<meta property=\"og:image:width\" content=\"500\" \/>\n\t<meta property=\"og:image:height\" content=\"500\" \/>\n\t<meta property=\"og:image:type\" content=\"image\/jpeg\" \/>\n<meta name=\"twitter:card\" content=\"summary_large_image\" \/>\n<script type=\"application\/ld+json\" class=\"yoast-schema-graph\">{\"@context\":\"https:\/\/schema.org\",\"@graph\":[{\"@type\":\"WebPage\",\"@id\":\"https:\/\/superprintpro.com\/product\/ricoh-gen5-in-7pl-water-based-printhead-code-mh5421-248mm2-colores-with-short-cable-j36002\/\",\"url\":\"https:\/\/superprintpro.com\/product\/ricoh-gen5-in-7pl-water-based-printhead-code-mh5421-248mm2-colores-with-short-cable-j36002\/\",\"name\":\"Ricoh Gen5 in 7PL Water-based Printhead Code MH5421 (248MM,2 Colores with short cable) -J36002 - Amo\",\"isPartOf\":{\"@id\":\"https:\/\/superprintpro.com\/#website\"},\"primaryImageOfPage\":{\"@id\":\"https:\/\/superprintpro.com\/product\/ricoh-gen5-in-7pl-water-based-printhead-code-mh5421-248mm2-colores-with-short-cable-j36002\/#primaryimage\"},\"image\":{\"@id\":\"https:\/\/superprintpro.com\/product\/ricoh-gen5-in-7pl-water-based-printhead-code-mh5421-248mm2-colores-with-short-cable-j36002\/#primaryimage\"},\"thumbnailUrl\":\"https:\/\/superprintpro.com\/wp-content\/uploads\/2025\/08\/ricoh-gen5-in-7pl-water-based-printhead-j36002-1.jpg\",\"datePublished\":\"2025-08-10T11:39:35+00:00\",\"dateModified\":\"2025-08-12T11:28:42+00:00\",\"breadcrumb\":{\"@id\":\"https:\/\/superprintpro.com\/product\/ricoh-gen5-in-7pl-water-based-printhead-code-mh5421-248mm2-colores-with-short-cable-j36002\/#breadcrumb\"},\"inLanguage\":\"tr\",\"potentialAction\":[{\"@type\":\"ReadAction\",\"target\":[\"https:\/\/superprintpro.com\/product\/ricoh-gen5-in-7pl-water-based-printhead-code-mh5421-248mm2-colores-with-short-cable-j36002\/\"]}]},{\"@type\":\"ImageObject\",\"inLanguage\":\"tr\",\"@id\":\"https:\/\/superprintpro.com\/product\/ricoh-gen5-in-7pl-water-based-printhead-code-mh5421-248mm2-colores-with-short-cable-j36002\/#primaryimage\",\"url\":\"https:\/\/superprintpro.com\/wp-content\/uploads\/2025\/08\/ricoh-gen5-in-7pl-water-based-printhead-j36002-1.jpg\",\"contentUrl\":\"https:\/\/superprintpro.com\/wp-content\/uploads\/2025\/08\/ricoh-gen5-in-7pl-water-based-printhead-j36002-1.jpg\",\"width\":500,\"height\":500,\"caption\":\"Ricoh Gen5 in 7PL Water-based Printhead Code MH5421 (248MM,2 Colores with short cable) -J36002\"},{\"@type\":\"BreadcrumbList\",\"@id\":\"https:\/\/superprintpro.com\/product\/ricoh-gen5-in-7pl-water-based-printhead-code-mh5421-248mm2-colores-with-short-cable-j36002\/#breadcrumb\",\"itemListElement\":[{\"@type\":\"ListItem\",\"position\":1,\"name\":\"\u9996\u9875\",\"item\":\"https:\/\/superprintpro.com\/\"},{\"@type\":\"ListItem\",\"position\":2,\"name\":\"Shop\",\"item\":\"https:\/\/superprintpro.com\/shop\/\"},{\"@type\":\"ListItem\",\"position\":3,\"name\":\"Ricoh Gen5 in 7PL Water-based Printhead Code MH5421 (248MM,2 Colores with short cable) -J36002\"}]},{\"@type\":\"WebSite\",\"@id\":\"https:\/\/superprintpro.com\/#website\",\"url\":\"https:\/\/superprintpro.com\/\",\"name\":\"Amo\",\"description\":\"\",\"potentialAction\":[{\"@type\":\"SearchAction\",\"target\":{\"@type\":\"EntryPoint\",\"urlTemplate\":\"https:\/\/superprintpro.com\/?s={search_term_string}\"},\"query-input\":{\"@type\":\"PropertyValueSpecification\",\"valueRequired\":true,\"valueName\":\"search_term_string\"}}],\"inLanguage\":\"tr\"}]}<\/script>\n<!-- \/ Yoast SEO plugin. -->","yoast_head_json":{"title":"Ricoh Gen5 in 7PL Water-based Printhead Code MH5421 (248MM,2 Colores with short cable) -J36002 - Amo","robots":{"index":"index","follow":"follow","max-snippet":"max-snippet:-1","max-image-preview":"max-image-preview:large","max-video-preview":"max-video-preview:-1"},"canonical":"https:\/\/superprintpro.com\/tr\/urun\/ricoh-gen5-in-7pl-water-based-printhead-code-mh5421-248mm2-colores-with-short-cable-j36002\/","og_locale":"tr_TR","og_type":"article","og_title":"Ricoh Gen5 in 7PL Water-based Printhead Code MH5421 (248MM,2 Colores with short cable) -J36002 - Amo","og_description":"For product details and the latest prices please contact our sales manage","og_url":"https:\/\/superprintpro.com\/tr\/urun\/ricoh-gen5-in-7pl-water-based-printhead-code-mh5421-248mm2-colores-with-short-cable-j36002\/","og_site_name":"Amo","article_modified_time":"2025-08-12T11:28:42+00:00","og_image":[{"width":500,"height":500,"url":"https:\/\/superprintpro.com\/wp-content\/uploads\/2025\/08\/ricoh-gen5-in-7pl-water-based-printhead-j36002-1.jpg","type":"image\/jpeg"}],"twitter_card":"summary_large_image","schema":{"@context":"https:\/\/schema.org","@graph":[{"@type":"WebPage","@id":"https:\/\/superprintpro.com\/product\/ricoh-gen5-in-7pl-water-based-printhead-code-mh5421-248mm2-colores-with-short-cable-j36002\/","url":"https:\/\/superprintpro.com\/product\/ricoh-gen5-in-7pl-water-based-printhead-code-mh5421-248mm2-colores-with-short-cable-j36002\/","name":"Ricoh Gen5 in 7PL Water-based Printhead Code MH5421 (248MM,2 Colores with short cable) -J36002 - Amo","isPartOf":{"@id":"https:\/\/superprintpro.com\/#website"},"primaryImageOfPage":{"@id":"https:\/\/superprintpro.com\/product\/ricoh-gen5-in-7pl-water-based-printhead-code-mh5421-248mm2-colores-with-short-cable-j36002\/#primaryimage"},"image":{"@id":"https:\/\/superprintpro.com\/product\/ricoh-gen5-in-7pl-water-based-printhead-code-mh5421-248mm2-colores-with-short-cable-j36002\/#primaryimage"},"thumbnailUrl":"https:\/\/superprintpro.com\/wp-content\/uploads\/2025\/08\/ricoh-gen5-in-7pl-water-based-printhead-j36002-1.jpg","datePublished":"2025-08-10T11:39:35+00:00","dateModified":"2025-08-12T11:28:42+00:00","breadcrumb":{"@id":"https:\/\/superprintpro.com\/product\/ricoh-gen5-in-7pl-water-based-printhead-code-mh5421-248mm2-colores-with-short-cable-j36002\/#breadcrumb"},"inLanguage":"tr","potentialAction":[{"@type":"ReadAction","target":["https:\/\/superprintpro.com\/product\/ricoh-gen5-in-7pl-water-based-printhead-code-mh5421-248mm2-colores-with-short-cable-j36002\/"]}]},{"@type":"ImageObject","inLanguage":"tr","@id":"https:\/\/superprintpro.com\/product\/ricoh-gen5-in-7pl-water-based-printhead-code-mh5421-248mm2-colores-with-short-cable-j36002\/#primaryimage","url":"https:\/\/superprintpro.com\/wp-content\/uploads\/2025\/08\/ricoh-gen5-in-7pl-water-based-printhead-j36002-1.jpg","contentUrl":"https:\/\/superprintpro.com\/wp-content\/uploads\/2025\/08\/ricoh-gen5-in-7pl-water-based-printhead-j36002-1.jpg","width":500,"height":500,"caption":"Ricoh Gen5 in 7PL Water-based Printhead Code MH5421 (248MM,2 Colores with short cable) -J36002"},{"@type":"BreadcrumbList","@id":"https:\/\/superprintpro.com\/product\/ricoh-gen5-in-7pl-water-based-printhead-code-mh5421-248mm2-colores-with-short-cable-j36002\/#breadcrumb","itemListElement":[{"@type":"ListItem","position":1,"name":"\u9996\u9875","item":"https:\/\/superprintpro.com\/"},{"@type":"ListItem","position":2,"name":"Shop","item":"https:\/\/superprintpro.com\/shop\/"},{"@type":"ListItem","position":3,"name":"Ricoh Gen5 in 7PL Water-based Printhead Code MH5421 (248MM,2 Colores with short cable) -J36002"}]},{"@type":"WebSite","@id":"https:\/\/superprintpro.com\/#website","url":"https:\/\/superprintpro.com\/","name":"Amo","description":"","potentialAction":[{"@type":"SearchAction","target":{"@type":"EntryPoint","urlTemplate":"https:\/\/superprintpro.com\/?s={search_term_string}"},"query-input":{"@type":"PropertyValueSpecification","valueRequired":true,"valueName":"search_term_string"}}],"inLanguage":"tr"}]}},"_links":{"self":[{"href":"https:\/\/superprintpro.com\/tr\/wp-json\/wp\/v2\/product\/29602","targetHints":{"allow":["GET"]}}],"collection":[{"href":"https:\/\/superprintpro.com\/tr\/wp-json\/wp\/v2\/product"}],"about":[{"href":"https:\/\/superprintpro.com\/tr\/wp-json\/wp\/v2\/types\/product"}],"replies":[{"embeddable":true,"href":"https:\/\/superprintpro.com\/tr\/wp-json\/wp\/v2\/comments?post=29602"}],"version-history":[{"count":2,"href":"https:\/\/superprintpro.com\/tr\/wp-json\/wp\/v2\/product\/29602\/revisions"}],"predecessor-version":[{"id":29677,"href":"https:\/\/superprintpro.com\/tr\/wp-json\/wp\/v2\/product\/29602\/revisions\/29677"}],"wp:featuredmedia":[{"embeddable":true,"href":"https:\/\/superprintpro.com\/tr\/wp-json\/wp\/v2\/media\/29676"}],"wp:attachment":[{"href":"https:\/\/superprintpro.com\/tr\/wp-json\/wp\/v2\/media?parent=29602"}],"wp:term":[{"taxonomy":"product_brand","embeddable":true,"href":"https:\/\/superprintpro.com\/tr\/wp-json\/wp\/v2\/product_brand?post=29602"},{"taxonomy":"product_cat","embeddable":true,"href":"https:\/\/superprintpro.com\/tr\/wp-json\/wp\/v2\/product_cat?post=29602"},{"taxonomy":"product_tag","embeddable":true,"href":"https:\/\/superprintpro.com\/tr\/wp-json\/wp\/v2\/product_tag?post=29602"}],"curies":[{"name":"wp","href":"https:\/\/api.w.org\/{rel}","templated":true}]}}