{"id":29497,"date":"2025-08-10T07:34:46","date_gmt":"2025-08-10T07:34:46","guid":{"rendered":"https:\/\/superprintpro.com\/?post_type=product&#038;p=29497"},"modified":"2025-08-12T09:59:29","modified_gmt":"2025-08-12T09:59:29","slug":"epson-4720-printhead-for-chinese-inkjet-and-dtf-printer","status":"publish","type":"product","link":"https:\/\/superprintpro.com\/tr\/urun\/epson-4720-printhead-for-chinese-inkjet-and-dtf-printer\/","title":{"rendered":"\u00c7in m\u00fcrekkep p\u00fcsk\u00fcrtmeli ve DTF yaz\u0131c\u0131 i\u00e7in Epson 4720 bask\u0131 kafas\u0131"},"content":{"rendered":"<ul>\n<li class=\"text-capitalize\">Bask\u0131 Kafas\u0131 Model Ad\u0131: Dekoder kart\u0131 ile birlikte Epson 4720 yaz\u0131c\u0131 kafas\u0131<\/li>\n<li>Uygulama: t\u00fcm \u00c7in DTF yaz\u0131c\u0131lar\u0131 i\u00e7in \u00e7al\u0131\u015f\u0131r<\/li>\n<li>Bu kafa i\u00e7in uyumlu m\u00fcrekkep: su bazl\u0131 m\u00fcrekkep, s\u00fcblimasyon DTF M\u00fcrekkep.<\/li>\n<\/ul>","protected":false},"excerpt":{"rendered":"<p>\u00dcr\u00fcn detaylar\u0131 ve en g\u00fcncel fiyatlar i\u00e7in l\u00fctfen sat\u0131\u015f m\u00fcd\u00fcrl\u00fc\u011f\u00fcm\u00fczle ileti\u015fime ge\u00e7in<\/p>","protected":false},"featured_media":29665,"comment_status":"open","ping_status":"closed","template":"","meta":[],"product_brand":[],"product_cat":[91],"product_tag":[],"class_list":{"0":"post-29497","1":"product","2":"type-product","3":"status-publish","4":"has-post-thumbnail","6":"product_cat-epson-printheads","8":"first","9":"instock","10":"shipping-taxable","11":"purchasable","12":"product-type-simple"},"yoast_head":"<!-- This site is optimized with the Yoast SEO plugin v26.9 - https:\/\/yoast.com\/product\/yoast-seo-wordpress\/ -->\n<title>Epson 4720 printhead for Chinese inkjet and DTF printer - Amo<\/title>\n<meta name=\"robots\" content=\"index, follow, max-snippet:-1, max-image-preview:large, max-video-preview:-1\" \/>\n<link rel=\"canonical\" href=\"https:\/\/superprintpro.com\/tr\/urun\/epson-4720-printhead-for-chinese-inkjet-and-dtf-printer\/\" \/>\n<meta property=\"og:locale\" content=\"tr_TR\" \/>\n<meta property=\"og:type\" content=\"article\" \/>\n<meta property=\"og:title\" content=\"Epson 4720 printhead for Chinese inkjet and DTF printer - Amo\" \/>\n<meta property=\"og:description\" content=\"For product details and the latest prices please contact our sales manage\" \/>\n<meta property=\"og:url\" content=\"https:\/\/superprintpro.com\/tr\/urun\/epson-4720-printhead-for-chinese-inkjet-and-dtf-printer\/\" \/>\n<meta property=\"og:site_name\" content=\"Amo\" \/>\n<meta property=\"article:modified_time\" content=\"2025-08-12T09:59:29+00:00\" \/>\n<meta property=\"og:image\" content=\"https:\/\/superprintpro.com\/wp-content\/uploads\/2025\/08\/epson-4720-printhead-for-chinese-inkjet-and-dtf-printer-1.jpg\" \/>\n\t<meta property=\"og:image:width\" content=\"500\" \/>\n\t<meta property=\"og:image:height\" content=\"500\" \/>\n\t<meta property=\"og:image:type\" content=\"image\/jpeg\" \/>\n<meta name=\"twitter:card\" content=\"summary_large_image\" \/>\n<script type=\"application\/ld+json\" class=\"yoast-schema-graph\">{\"@context\":\"https:\/\/schema.org\",\"@graph\":[{\"@type\":\"WebPage\",\"@id\":\"https:\/\/superprintpro.com\/product\/epson-4720-printhead-for-chinese-inkjet-and-dtf-printer\/\",\"url\":\"https:\/\/superprintpro.com\/product\/epson-4720-printhead-for-chinese-inkjet-and-dtf-printer\/\",\"name\":\"Epson 4720 printhead for Chinese inkjet and DTF printer - Amo\",\"isPartOf\":{\"@id\":\"https:\/\/superprintpro.com\/#website\"},\"primaryImageOfPage\":{\"@id\":\"https:\/\/superprintpro.com\/product\/epson-4720-printhead-for-chinese-inkjet-and-dtf-printer\/#primaryimage\"},\"image\":{\"@id\":\"https:\/\/superprintpro.com\/product\/epson-4720-printhead-for-chinese-inkjet-and-dtf-printer\/#primaryimage\"},\"thumbnailUrl\":\"https:\/\/superprintpro.com\/wp-content\/uploads\/2025\/08\/epson-4720-printhead-for-chinese-inkjet-and-dtf-printer-1.jpg\",\"datePublished\":\"2025-08-10T07:34:46+00:00\",\"dateModified\":\"2025-08-12T09:59:29+00:00\",\"breadcrumb\":{\"@id\":\"https:\/\/superprintpro.com\/product\/epson-4720-printhead-for-chinese-inkjet-and-dtf-printer\/#breadcrumb\"},\"inLanguage\":\"tr\",\"potentialAction\":[{\"@type\":\"ReadAction\",\"target\":[\"https:\/\/superprintpro.com\/product\/epson-4720-printhead-for-chinese-inkjet-and-dtf-printer\/\"]}]},{\"@type\":\"ImageObject\",\"inLanguage\":\"tr\",\"@id\":\"https:\/\/superprintpro.com\/product\/epson-4720-printhead-for-chinese-inkjet-and-dtf-printer\/#primaryimage\",\"url\":\"https:\/\/superprintpro.com\/wp-content\/uploads\/2025\/08\/epson-4720-printhead-for-chinese-inkjet-and-dtf-printer-1.jpg\",\"contentUrl\":\"https:\/\/superprintpro.com\/wp-content\/uploads\/2025\/08\/epson-4720-printhead-for-chinese-inkjet-and-dtf-printer-1.jpg\",\"width\":500,\"height\":500,\"caption\":\"Epson 4720 printhead for Chinese inkjet and DTF printer\"},{\"@type\":\"BreadcrumbList\",\"@id\":\"https:\/\/superprintpro.com\/product\/epson-4720-printhead-for-chinese-inkjet-and-dtf-printer\/#breadcrumb\",\"itemListElement\":[{\"@type\":\"ListItem\",\"position\":1,\"name\":\"\u9996\u9875\",\"item\":\"https:\/\/superprintpro.com\/\"},{\"@type\":\"ListItem\",\"position\":2,\"name\":\"Shop\",\"item\":\"https:\/\/superprintpro.com\/shop\/\"},{\"@type\":\"ListItem\",\"position\":3,\"name\":\"Epson 4720 printhead for Chinese inkjet and DTF printer\"}]},{\"@type\":\"WebSite\",\"@id\":\"https:\/\/superprintpro.com\/#website\",\"url\":\"https:\/\/superprintpro.com\/\",\"name\":\"Amo\",\"description\":\"\",\"potentialAction\":[{\"@type\":\"SearchAction\",\"target\":{\"@type\":\"EntryPoint\",\"urlTemplate\":\"https:\/\/superprintpro.com\/?s={search_term_string}\"},\"query-input\":{\"@type\":\"PropertyValueSpecification\",\"valueRequired\":true,\"valueName\":\"search_term_string\"}}],\"inLanguage\":\"tr\"}]}<\/script>\n<!-- \/ Yoast SEO plugin. -->","yoast_head_json":{"title":"Epson 4720 printhead for Chinese inkjet and DTF printer - Amo","robots":{"index":"index","follow":"follow","max-snippet":"max-snippet:-1","max-image-preview":"max-image-preview:large","max-video-preview":"max-video-preview:-1"},"canonical":"https:\/\/superprintpro.com\/tr\/urun\/epson-4720-printhead-for-chinese-inkjet-and-dtf-printer\/","og_locale":"tr_TR","og_type":"article","og_title":"Epson 4720 printhead for Chinese inkjet and DTF printer - Amo","og_description":"For product details and the latest prices please contact our sales manage","og_url":"https:\/\/superprintpro.com\/tr\/urun\/epson-4720-printhead-for-chinese-inkjet-and-dtf-printer\/","og_site_name":"Amo","article_modified_time":"2025-08-12T09:59:29+00:00","og_image":[{"width":500,"height":500,"url":"https:\/\/superprintpro.com\/wp-content\/uploads\/2025\/08\/epson-4720-printhead-for-chinese-inkjet-and-dtf-printer-1.jpg","type":"image\/jpeg"}],"twitter_card":"summary_large_image","schema":{"@context":"https:\/\/schema.org","@graph":[{"@type":"WebPage","@id":"https:\/\/superprintpro.com\/product\/epson-4720-printhead-for-chinese-inkjet-and-dtf-printer\/","url":"https:\/\/superprintpro.com\/product\/epson-4720-printhead-for-chinese-inkjet-and-dtf-printer\/","name":"Epson 4720 printhead for Chinese inkjet and DTF printer - Amo","isPartOf":{"@id":"https:\/\/superprintpro.com\/#website"},"primaryImageOfPage":{"@id":"https:\/\/superprintpro.com\/product\/epson-4720-printhead-for-chinese-inkjet-and-dtf-printer\/#primaryimage"},"image":{"@id":"https:\/\/superprintpro.com\/product\/epson-4720-printhead-for-chinese-inkjet-and-dtf-printer\/#primaryimage"},"thumbnailUrl":"https:\/\/superprintpro.com\/wp-content\/uploads\/2025\/08\/epson-4720-printhead-for-chinese-inkjet-and-dtf-printer-1.jpg","datePublished":"2025-08-10T07:34:46+00:00","dateModified":"2025-08-12T09:59:29+00:00","breadcrumb":{"@id":"https:\/\/superprintpro.com\/product\/epson-4720-printhead-for-chinese-inkjet-and-dtf-printer\/#breadcrumb"},"inLanguage":"tr","potentialAction":[{"@type":"ReadAction","target":["https:\/\/superprintpro.com\/product\/epson-4720-printhead-for-chinese-inkjet-and-dtf-printer\/"]}]},{"@type":"ImageObject","inLanguage":"tr","@id":"https:\/\/superprintpro.com\/product\/epson-4720-printhead-for-chinese-inkjet-and-dtf-printer\/#primaryimage","url":"https:\/\/superprintpro.com\/wp-content\/uploads\/2025\/08\/epson-4720-printhead-for-chinese-inkjet-and-dtf-printer-1.jpg","contentUrl":"https:\/\/superprintpro.com\/wp-content\/uploads\/2025\/08\/epson-4720-printhead-for-chinese-inkjet-and-dtf-printer-1.jpg","width":500,"height":500,"caption":"Epson 4720 printhead for Chinese inkjet and DTF printer"},{"@type":"BreadcrumbList","@id":"https:\/\/superprintpro.com\/product\/epson-4720-printhead-for-chinese-inkjet-and-dtf-printer\/#breadcrumb","itemListElement":[{"@type":"ListItem","position":1,"name":"\u9996\u9875","item":"https:\/\/superprintpro.com\/"},{"@type":"ListItem","position":2,"name":"Shop","item":"https:\/\/superprintpro.com\/shop\/"},{"@type":"ListItem","position":3,"name":"Epson 4720 printhead for Chinese inkjet and DTF printer"}]},{"@type":"WebSite","@id":"https:\/\/superprintpro.com\/#website","url":"https:\/\/superprintpro.com\/","name":"Amo","description":"","potentialAction":[{"@type":"SearchAction","target":{"@type":"EntryPoint","urlTemplate":"https:\/\/superprintpro.com\/?s={search_term_string}"},"query-input":{"@type":"PropertyValueSpecification","valueRequired":true,"valueName":"search_term_string"}}],"inLanguage":"tr"}]}},"_links":{"self":[{"href":"https:\/\/superprintpro.com\/tr\/wp-json\/wp\/v2\/product\/29497","targetHints":{"allow":["GET"]}}],"collection":[{"href":"https:\/\/superprintpro.com\/tr\/wp-json\/wp\/v2\/product"}],"about":[{"href":"https:\/\/superprintpro.com\/tr\/wp-json\/wp\/v2\/types\/product"}],"replies":[{"embeddable":true,"href":"https:\/\/superprintpro.com\/tr\/wp-json\/wp\/v2\/comments?post=29497"}],"version-history":[{"count":1,"href":"https:\/\/superprintpro.com\/tr\/wp-json\/wp\/v2\/product\/29497\/revisions"}],"predecessor-version":[{"id":29501,"href":"https:\/\/superprintpro.com\/tr\/wp-json\/wp\/v2\/product\/29497\/revisions\/29501"}],"wp:featuredmedia":[{"embeddable":true,"href":"https:\/\/superprintpro.com\/tr\/wp-json\/wp\/v2\/media\/29665"}],"wp:attachment":[{"href":"https:\/\/superprintpro.com\/tr\/wp-json\/wp\/v2\/media?parent=29497"}],"wp:term":[{"taxonomy":"product_brand","embeddable":true,"href":"https:\/\/superprintpro.com\/tr\/wp-json\/wp\/v2\/product_brand?post=29497"},{"taxonomy":"product_cat","embeddable":true,"href":"https:\/\/superprintpro.com\/tr\/wp-json\/wp\/v2\/product_cat?post=29497"},{"taxonomy":"product_tag","embeddable":true,"href":"https:\/\/superprintpro.com\/tr\/wp-json\/wp\/v2\/product_tag?post=29497"}],"curies":[{"name":"wp","href":"https:\/\/api.w.org\/{rel}","templated":true}]}}