{"id":29482,"date":"2025-08-10T02:44:21","date_gmt":"2025-08-10T02:44:21","guid":{"rendered":"https:\/\/superprintpro.com\/?post_type=product&#038;p=29482"},"modified":"2025-08-16T17:18:12","modified_gmt":"2025-08-16T09:18:12","slug":"uv-roll-to-roll-upagrading-kit","status":"publish","type":"product","link":"https:\/\/superprintpro.com\/tr\/urun\/uv-roll-to-roll-upagrading-kit\/","title":{"rendered":"2 i3200 bask\u0131 kafal\u0131 \u00c7in M\u00fcrekkep P\u00fcsk\u00fcrtmeli Yaz\u0131c\u0131y\u0131 Y\u00fckseltmek i\u00e7in i3200 UV Kiti (rulodan ruloya tarz\u0131)"},"content":{"rendered":"<p>2 i3200 bask\u0131 kafal\u0131 \u00c7in M\u00fcrekkep P\u00fcsk\u00fcrtmeli Yaz\u0131c\u0131y\u0131 Y\u00fckseltmek i\u00e7in i3200 UV Kiti (rulodan ruloya tarz\u0131)<\/p>\n<p>(4 i3200 veya 8 i3200 gibi daha fazla kafal\u0131 bu kite ihtiyac\u0131n\u0131z varsa, l\u00fctfen bizimle ileti\u015fime ge\u00e7in veya web sitemizdeki di\u011fer \u00fcr\u00fcnlere bak\u0131n)<\/p>\n<p>&nbsp;<\/p>\n<p>Daha \u00f6nce herhangi bir \u00c7in m\u00fcrekkep p\u00fcsk\u00fcrtmeli yaz\u0131c\u0131y\u0131 Roll-to-Roll tarz\u0131nda UV m\u00fcrekkep p\u00fcsk\u00fcrtmeli Yaz\u0131c\u0131ya y\u00fckseltmek i\u00e7in g\u00f6nderdi\u011fimiz bu kitin Foto\u011fraf Referans\u0131n\u0131n alt\u0131nda (Bu kit mutoh, mimaki, roland, epson m\u00fcrekkep p\u00fcsk\u00fcrtmeli yaz\u0131c\u0131 i\u00e7in \u00e7al\u0131\u015fmaz, sadece witcolor, galaxy sid triton, allwin, myjet, zhongye, Human ejet kjet, gongzheng flora, micolor, xenons, skycolor, locor vb. gibi herhangi bir \u00c7in m\u00fcrekkep p\u00fcsk\u00fcrtmeli yaz\u0131c\u0131 i\u00e7in \u00e7al\u0131\u015f\u0131r)<\/p>\n<p>Bu kit eski m\u00fcrekkep p\u00fcsk\u00fcrtmeli yaz\u0131c\u0131n\u0131z\u0131n t\u00fcm yedek par\u00e7alar\u0131n\u0131 de\u011fi\u015ftirebilir. Yani eski makinenizin t\u00fcm eski yedek par\u00e7alar\u0131ndan kurtulun ve sadece bu makinenin mekanik par\u00e7as\u0131n\u0131 saklay\u0131n ve sonunda yeni bir yaz\u0131c\u0131 al\u0131n.<br \/>\nBu kit, DHL kargo ile a\u015fa\u011f\u0131daki yedek par\u00e7alar\u0131 i\u00e7erir:<br \/>\nBask\u0131 kafas\u0131 (uv versiyonu)<br \/>\nAnakart<br \/>\nBa\u015f tahtas\u0131,<br \/>\nG\u00fc\u00e7 kayna\u011f\u0131<br \/>\nYaz\u0131c\u0131 kafas\u0131 taban tutucusu<br \/>\nYaz\u0131c\u0131 Kafas\u0131 Temizleme istasyonu<br \/>\nT\u00fcm g\u00fc\u00e7 kablosu ve veri kablosu<br \/>\nT\u00fcm damperler (uv versiyonunda siyah)<br \/>\nT\u00fcm kapaklar<br \/>\nT\u00fcm Pompalar<br \/>\nS\u00fcr\u00fcc\u00fcl\u00fc T\u00fcm Motorlar<br \/>\nT\u00fcm kasnaklar<br \/>\nT\u00fcm kasnak kay\u0131\u015f\u0131<br \/>\nT\u00fcm m\u00fcrekkep borusu (uv versiyonunda siyah)<br \/>\nT\u00fcm Kartu\u015f (uv versiyonunda siyah)<br \/>\nT\u00fcm yaz\u0131l\u0131mlar .<br \/>\nRaster Kodlay\u0131c\u0131 \u015eeridi<br \/>\nRaster Kodlay\u0131c\u0131 Sens\u00f6r\u00fc<br \/>\nUV Lambas\u0131<\/p>\n<p>So\u011futuculu UV G\u00fc\u00e7 Kayna\u011f\u0131<\/p>","protected":false},"excerpt":{"rendered":"<p>\u00dcr\u00fcn detaylar\u0131 ve en g\u00fcncel fiyatlar i\u00e7in l\u00fctfen sat\u0131\u015f m\u00fcd\u00fcrl\u00fc\u011f\u00fcm\u00fczle ileti\u015fime ge\u00e7in<\/p>","protected":false},"featured_media":30045,"comment_status":"open","ping_status":"closed","template":"","meta":[],"product_brand":[],"product_cat":[90],"product_tag":[],"class_list":{"0":"post-29482","1":"product","2":"type-product","3":"status-publish","4":"has-post-thumbnail","6":"product_cat-uv-roll-to-roll-upagrading-kit","8":"first","9":"instock","10":"shipping-taxable","11":"purchasable","12":"product-type-simple"},"yoast_head":"<!-- This site is optimized with the Yoast SEO plugin v26.9 - https:\/\/yoast.com\/product\/yoast-seo-wordpress\/ -->\n<title>Kit i3200 UV for Upgrading Chinese Inkjet Printer with 2\u00a0 i3200 printheads (roll to roll style) - Amo<\/title>\n<meta name=\"robots\" content=\"index, follow, max-snippet:-1, max-image-preview:large, max-video-preview:-1\" \/>\n<link rel=\"canonical\" href=\"https:\/\/superprintpro.com\/tr\/urun\/uv-roll-to-roll-upagrading-kit\/\" \/>\n<meta property=\"og:locale\" content=\"tr_TR\" \/>\n<meta property=\"og:type\" content=\"article\" \/>\n<meta property=\"og:title\" content=\"Kit i3200 UV for Upgrading Chinese Inkjet Printer with 2\u00a0 i3200 printheads (roll to roll style) - Amo\" \/>\n<meta property=\"og:description\" content=\"For product details and the latest prices please contact our sales manage\" \/>\n<meta property=\"og:url\" content=\"https:\/\/superprintpro.com\/tr\/urun\/uv-roll-to-roll-upagrading-kit\/\" \/>\n<meta property=\"og:site_name\" content=\"Amo\" \/>\n<meta property=\"article:modified_time\" content=\"2025-08-16T09:18:12+00:00\" \/>\n<meta property=\"og:image\" content=\"https:\/\/superprintpro.com\/wp-content\/uploads\/2025\/08\/kit-i3200-uv-for-upgrading-chinese-inkjet-printer-with-2-i3200-printheads.jpg\" \/>\n\t<meta property=\"og:image:width\" content=\"800\" \/>\n\t<meta property=\"og:image:height\" content=\"800\" \/>\n\t<meta property=\"og:image:type\" content=\"image\/jpeg\" \/>\n<meta name=\"twitter:card\" content=\"summary_large_image\" \/>\n<meta name=\"twitter:label1\" content=\"Tahmini okuma s\u00fcresi\" \/>\n\t<meta name=\"twitter:data1\" content=\"1 dakika\" \/>\n<script type=\"application\/ld+json\" class=\"yoast-schema-graph\">{\"@context\":\"https:\/\/schema.org\",\"@graph\":[{\"@type\":\"WebPage\",\"@id\":\"https:\/\/superprintpro.com\/product\/uv-roll-to-roll-upagrading-kit\/\",\"url\":\"https:\/\/superprintpro.com\/product\/uv-roll-to-roll-upagrading-kit\/\",\"name\":\"Kit i3200 UV for Upgrading Chinese Inkjet Printer with 2\u00a0 i3200 printheads (roll to roll style) - Amo\",\"isPartOf\":{\"@id\":\"https:\/\/superprintpro.com\/#website\"},\"primaryImageOfPage\":{\"@id\":\"https:\/\/superprintpro.com\/product\/uv-roll-to-roll-upagrading-kit\/#primaryimage\"},\"image\":{\"@id\":\"https:\/\/superprintpro.com\/product\/uv-roll-to-roll-upagrading-kit\/#primaryimage\"},\"thumbnailUrl\":\"https:\/\/superprintpro.com\/wp-content\/uploads\/2025\/08\/kit-i3200-uv-for-upgrading-chinese-inkjet-printer-with-2-i3200-printheads.jpg\",\"datePublished\":\"2025-08-10T02:44:21+00:00\",\"dateModified\":\"2025-08-16T09:18:12+00:00\",\"breadcrumb\":{\"@id\":\"https:\/\/superprintpro.com\/product\/uv-roll-to-roll-upagrading-kit\/#breadcrumb\"},\"inLanguage\":\"tr\",\"potentialAction\":[{\"@type\":\"ReadAction\",\"target\":[\"https:\/\/superprintpro.com\/product\/uv-roll-to-roll-upagrading-kit\/\"]}]},{\"@type\":\"ImageObject\",\"inLanguage\":\"tr\",\"@id\":\"https:\/\/superprintpro.com\/product\/uv-roll-to-roll-upagrading-kit\/#primaryimage\",\"url\":\"https:\/\/superprintpro.com\/wp-content\/uploads\/2025\/08\/kit-i3200-uv-for-upgrading-chinese-inkjet-printer-with-2-i3200-printheads.jpg\",\"contentUrl\":\"https:\/\/superprintpro.com\/wp-content\/uploads\/2025\/08\/kit-i3200-uv-for-upgrading-chinese-inkjet-printer-with-2-i3200-printheads.jpg\",\"width\":800,\"height\":800,\"caption\":\"Kit i3200 UV for Upgrading Chinese Inkjet Printer with 2\u00a0 i3200 printheads (roll to roll style)\"},{\"@type\":\"BreadcrumbList\",\"@id\":\"https:\/\/superprintpro.com\/product\/uv-roll-to-roll-upagrading-kit\/#breadcrumb\",\"itemListElement\":[{\"@type\":\"ListItem\",\"position\":1,\"name\":\"\u9996\u9875\",\"item\":\"https:\/\/superprintpro.com\/\"},{\"@type\":\"ListItem\",\"position\":2,\"name\":\"Shop\",\"item\":\"https:\/\/superprintpro.com\/shop\/\"},{\"@type\":\"ListItem\",\"position\":3,\"name\":\"Kit i3200 UV for Upgrading Chinese Inkjet Printer with 2\u00a0 i3200 printheads (roll to roll style)\"}]},{\"@type\":\"WebSite\",\"@id\":\"https:\/\/superprintpro.com\/#website\",\"url\":\"https:\/\/superprintpro.com\/\",\"name\":\"Amo\",\"description\":\"\",\"potentialAction\":[{\"@type\":\"SearchAction\",\"target\":{\"@type\":\"EntryPoint\",\"urlTemplate\":\"https:\/\/superprintpro.com\/?s={search_term_string}\"},\"query-input\":{\"@type\":\"PropertyValueSpecification\",\"valueRequired\":true,\"valueName\":\"search_term_string\"}}],\"inLanguage\":\"tr\"}]}<\/script>\n<!-- \/ Yoast SEO plugin. -->","yoast_head_json":{"title":"Kit i3200 UV for Upgrading Chinese Inkjet Printer with 2\u00a0 i3200 printheads (roll to roll style) - Amo","robots":{"index":"index","follow":"follow","max-snippet":"max-snippet:-1","max-image-preview":"max-image-preview:large","max-video-preview":"max-video-preview:-1"},"canonical":"https:\/\/superprintpro.com\/tr\/urun\/uv-roll-to-roll-upagrading-kit\/","og_locale":"tr_TR","og_type":"article","og_title":"Kit i3200 UV for Upgrading Chinese Inkjet Printer with 2\u00a0 i3200 printheads (roll to roll style) - Amo","og_description":"For product details and the latest prices please contact our sales manage","og_url":"https:\/\/superprintpro.com\/tr\/urun\/uv-roll-to-roll-upagrading-kit\/","og_site_name":"Amo","article_modified_time":"2025-08-16T09:18:12+00:00","og_image":[{"width":800,"height":800,"url":"https:\/\/superprintpro.com\/wp-content\/uploads\/2025\/08\/kit-i3200-uv-for-upgrading-chinese-inkjet-printer-with-2-i3200-printheads.jpg","type":"image\/jpeg"}],"twitter_card":"summary_large_image","twitter_misc":{"Tahmini okuma s\u00fcresi":"1 dakika"},"schema":{"@context":"https:\/\/schema.org","@graph":[{"@type":"WebPage","@id":"https:\/\/superprintpro.com\/product\/uv-roll-to-roll-upagrading-kit\/","url":"https:\/\/superprintpro.com\/product\/uv-roll-to-roll-upagrading-kit\/","name":"Kit i3200 UV for Upgrading Chinese Inkjet Printer with 2\u00a0 i3200 printheads (roll to roll style) - Amo","isPartOf":{"@id":"https:\/\/superprintpro.com\/#website"},"primaryImageOfPage":{"@id":"https:\/\/superprintpro.com\/product\/uv-roll-to-roll-upagrading-kit\/#primaryimage"},"image":{"@id":"https:\/\/superprintpro.com\/product\/uv-roll-to-roll-upagrading-kit\/#primaryimage"},"thumbnailUrl":"https:\/\/superprintpro.com\/wp-content\/uploads\/2025\/08\/kit-i3200-uv-for-upgrading-chinese-inkjet-printer-with-2-i3200-printheads.jpg","datePublished":"2025-08-10T02:44:21+00:00","dateModified":"2025-08-16T09:18:12+00:00","breadcrumb":{"@id":"https:\/\/superprintpro.com\/product\/uv-roll-to-roll-upagrading-kit\/#breadcrumb"},"inLanguage":"tr","potentialAction":[{"@type":"ReadAction","target":["https:\/\/superprintpro.com\/product\/uv-roll-to-roll-upagrading-kit\/"]}]},{"@type":"ImageObject","inLanguage":"tr","@id":"https:\/\/superprintpro.com\/product\/uv-roll-to-roll-upagrading-kit\/#primaryimage","url":"https:\/\/superprintpro.com\/wp-content\/uploads\/2025\/08\/kit-i3200-uv-for-upgrading-chinese-inkjet-printer-with-2-i3200-printheads.jpg","contentUrl":"https:\/\/superprintpro.com\/wp-content\/uploads\/2025\/08\/kit-i3200-uv-for-upgrading-chinese-inkjet-printer-with-2-i3200-printheads.jpg","width":800,"height":800,"caption":"Kit i3200 UV for Upgrading Chinese Inkjet Printer with 2\u00a0 i3200 printheads (roll to roll style)"},{"@type":"BreadcrumbList","@id":"https:\/\/superprintpro.com\/product\/uv-roll-to-roll-upagrading-kit\/#breadcrumb","itemListElement":[{"@type":"ListItem","position":1,"name":"\u9996\u9875","item":"https:\/\/superprintpro.com\/"},{"@type":"ListItem","position":2,"name":"Shop","item":"https:\/\/superprintpro.com\/shop\/"},{"@type":"ListItem","position":3,"name":"Kit i3200 UV for Upgrading Chinese Inkjet Printer with 2\u00a0 i3200 printheads (roll to roll style)"}]},{"@type":"WebSite","@id":"https:\/\/superprintpro.com\/#website","url":"https:\/\/superprintpro.com\/","name":"Amo","description":"","potentialAction":[{"@type":"SearchAction","target":{"@type":"EntryPoint","urlTemplate":"https:\/\/superprintpro.com\/?s={search_term_string}"},"query-input":{"@type":"PropertyValueSpecification","valueRequired":true,"valueName":"search_term_string"}}],"inLanguage":"tr"}]}},"_links":{"self":[{"href":"https:\/\/superprintpro.com\/tr\/wp-json\/wp\/v2\/product\/29482","targetHints":{"allow":["GET"]}}],"collection":[{"href":"https:\/\/superprintpro.com\/tr\/wp-json\/wp\/v2\/product"}],"about":[{"href":"https:\/\/superprintpro.com\/tr\/wp-json\/wp\/v2\/types\/product"}],"replies":[{"embeddable":true,"href":"https:\/\/superprintpro.com\/tr\/wp-json\/wp\/v2\/comments?post=29482"}],"version-history":[{"count":2,"href":"https:\/\/superprintpro.com\/tr\/wp-json\/wp\/v2\/product\/29482\/revisions"}],"predecessor-version":[{"id":29488,"href":"https:\/\/superprintpro.com\/tr\/wp-json\/wp\/v2\/product\/29482\/revisions\/29488"}],"wp:featuredmedia":[{"embeddable":true,"href":"https:\/\/superprintpro.com\/tr\/wp-json\/wp\/v2\/media\/30045"}],"wp:attachment":[{"href":"https:\/\/superprintpro.com\/tr\/wp-json\/wp\/v2\/media?parent=29482"}],"wp:term":[{"taxonomy":"product_brand","embeddable":true,"href":"https:\/\/superprintpro.com\/tr\/wp-json\/wp\/v2\/product_brand?post=29482"},{"taxonomy":"product_cat","embeddable":true,"href":"https:\/\/superprintpro.com\/tr\/wp-json\/wp\/v2\/product_cat?post=29482"},{"taxonomy":"product_tag","embeddable":true,"href":"https:\/\/superprintpro.com\/tr\/wp-json\/wp\/v2\/product_tag?post=29482"}],"curies":[{"name":"wp","href":"https:\/\/api.w.org\/{rel}","templated":true}]}}