{"id":29475,"date":"2025-08-10T02:34:37","date_gmt":"2025-08-10T02:34:37","guid":{"rendered":"https:\/\/superprintpro.com\/?post_type=product&#038;p=29475"},"modified":"2025-08-16T17:51:30","modified_gmt":"2025-08-16T09:51:30","slug":"kit-i3200-uv-flatbed-for-upgrading-chinese-flatbed-inkjet-printer-with-2-i3200-printheads-flatbed-version","status":"publish","type":"product","link":"https:\/\/superprintpro.com\/tr\/urun\/kit-i3200-uv-flatbed-for-upgrading-chinese-flatbed-inkjet-printer-with-2-i3200-printheads-flatbed-version\/","title":{"rendered":"2 i3200 bask\u0131 kafal\u0131 \u00c7in Flatbed M\u00fcrekkep P\u00fcsk\u00fcrtmeli Yaz\u0131c\u0131y\u0131 Y\u00fckseltmek i\u00e7in Kit i3200 UV Flatbed (Flatbed Versiyonu)"},"content":{"rendered":"<ul>\n<li>2 i3200 bask\u0131 kafal\u0131 \u00c7in flatbed M\u00fcrekkep P\u00fcsk\u00fcrtmeli Yaz\u0131c\u0131y\u0131 Y\u00fckseltmek i\u00e7in Kit i3200 UV Flatbed (Flatbed Versiyonu)<\/li>\n<li>Bu kite 4 i3200 veya 8 i3200 gibi daha fazla kafa ile ihtiyac\u0131n\u0131z varsa, l\u00fctfen bizimle ileti\u015fime ge\u00e7in veya web sitemizdeki di\u011fer \u00fcr\u00fcnleri g\u00f6r\u00fcn<\/li>\n<li>Bu kit, DHL kargo ile a\u015fa\u011f\u0131daki yedek par\u00e7alar\u0131 i\u00e7erir:<br \/>\nBask\u0131 kafas\u0131 (uv versiyonu)<br \/>\nAnakart<br \/>\nBa\u015f tahtas\u0131,<br \/>\nG\u00fc\u00e7 kayna\u011f\u0131<br \/>\nYaz\u0131c\u0131 kafas\u0131 taban tutucusu<br \/>\nYaz\u0131c\u0131 Kafas\u0131 Temizleme istasyonu<br \/>\nT\u00fcm g\u00fc\u00e7 kablosu ve veri kablosu<br \/>\nT\u00fcm damperler (uv versiyonunda siyah)<br \/>\nT\u00fcm kapaklar<br \/>\nT\u00fcm Pompalar<br \/>\nS\u00fcr\u00fcc\u00fcl\u00fc T\u00fcm Motorlar<br \/>\nT\u00fcm kasnaklar<br \/>\nT\u00fcm kasnak kay\u0131\u015f\u0131<br \/>\nT\u00fcm m\u00fcrekkep borusu (uv versiyonunda siyah)<br \/>\nT\u00fcm Kartu\u015f (uv versiyonunda siyah)<br \/>\nT\u00fcm yaz\u0131l\u0131mlar .<br \/>\nRaster Kodlay\u0131c\u0131 \u015eeridi<br \/>\nRaster Kodlay\u0131c\u0131 Sens\u00f6r\u00fc<br \/>\nUV Lambas\u0131<\/li>\n<li>So\u011futuculu UV G\u00fc\u00e7 Kayna\u011f\u0131.&nbsp;<\/li>\n<\/ul>","protected":false},"excerpt":{"rendered":"<p>\u00dcr\u00fcn detaylar\u0131 ve en g\u00fcncel fiyatlar i\u00e7in l\u00fctfen sat\u0131\u015f m\u00fcd\u00fcrl\u00fc\u011f\u00fcm\u00fczle ileti\u015fime ge\u00e7in<\/p>","protected":false},"featured_media":30047,"comment_status":"open","ping_status":"closed","template":"","meta":[],"product_brand":[],"product_cat":[89],"product_tag":[],"class_list":{"0":"post-29475","1":"product","2":"type-product","3":"status-publish","4":"has-post-thumbnail","6":"product_cat-uv-flatbed-upagrading-kit","8":"first","9":"instock","10":"shipping-taxable","11":"purchasable","12":"product-type-simple"},"yoast_head":"<!-- This site is optimized with the Yoast SEO plugin v26.9 - https:\/\/yoast.com\/product\/yoast-seo-wordpress\/ -->\n<title>Kit i3200 UV Flatbed for Upgrading Chinese Flatbed Inkjet Printer with 2 i3200 printheads (Flatbed Version) - Amo<\/title>\n<meta name=\"robots\" content=\"index, follow, max-snippet:-1, max-image-preview:large, max-video-preview:-1\" \/>\n<link rel=\"canonical\" href=\"https:\/\/superprintpro.com\/tr\/urun\/kit-i3200-uv-flatbed-for-upgrading-chinese-flatbed-inkjet-printer-with-2-i3200-printheads-flatbed-version\/\" \/>\n<meta property=\"og:locale\" content=\"tr_TR\" \/>\n<meta property=\"og:type\" content=\"article\" \/>\n<meta property=\"og:title\" content=\"Kit i3200 UV Flatbed for Upgrading Chinese Flatbed Inkjet Printer with 2 i3200 printheads (Flatbed Version) - Amo\" \/>\n<meta property=\"og:description\" content=\"For product details and the latest prices please contact our sales manage\" \/>\n<meta property=\"og:url\" content=\"https:\/\/superprintpro.com\/tr\/urun\/kit-i3200-uv-flatbed-for-upgrading-chinese-flatbed-inkjet-printer-with-2-i3200-printheads-flatbed-version\/\" \/>\n<meta property=\"og:site_name\" content=\"Amo\" \/>\n<meta property=\"article:modified_time\" content=\"2025-08-16T09:51:30+00:00\" \/>\n<meta property=\"og:image\" content=\"https:\/\/superprintpro.com\/wp-content\/uploads\/2025\/08\/kit-i3200-uv-flatbed-for-upgrading-chinese-flatbed-inkjet-printer-with-2-i3200-printheads.jpg\" \/>\n\t<meta property=\"og:image:width\" content=\"800\" \/>\n\t<meta property=\"og:image:height\" content=\"800\" \/>\n\t<meta property=\"og:image:type\" content=\"image\/jpeg\" \/>\n<meta name=\"twitter:card\" content=\"summary_large_image\" \/>\n<meta name=\"twitter:label1\" content=\"Tahmini okuma s\u00fcresi\" \/>\n\t<meta name=\"twitter:data1\" content=\"1 dakika\" \/>\n<script type=\"application\/ld+json\" class=\"yoast-schema-graph\">{\"@context\":\"https:\/\/schema.org\",\"@graph\":[{\"@type\":\"WebPage\",\"@id\":\"https:\/\/superprintpro.com\/product\/kit-i3200-uv-flatbed-for-upgrading-chinese-flatbed-inkjet-printer-with-2-i3200-printheads-flatbed-version\/\",\"url\":\"https:\/\/superprintpro.com\/product\/kit-i3200-uv-flatbed-for-upgrading-chinese-flatbed-inkjet-printer-with-2-i3200-printheads-flatbed-version\/\",\"name\":\"Kit i3200 UV Flatbed for Upgrading Chinese Flatbed Inkjet Printer with 2 i3200 printheads (Flatbed Version) - Amo\",\"isPartOf\":{\"@id\":\"https:\/\/superprintpro.com\/#website\"},\"primaryImageOfPage\":{\"@id\":\"https:\/\/superprintpro.com\/product\/kit-i3200-uv-flatbed-for-upgrading-chinese-flatbed-inkjet-printer-with-2-i3200-printheads-flatbed-version\/#primaryimage\"},\"image\":{\"@id\":\"https:\/\/superprintpro.com\/product\/kit-i3200-uv-flatbed-for-upgrading-chinese-flatbed-inkjet-printer-with-2-i3200-printheads-flatbed-version\/#primaryimage\"},\"thumbnailUrl\":\"https:\/\/superprintpro.com\/wp-content\/uploads\/2025\/08\/kit-i3200-uv-flatbed-for-upgrading-chinese-flatbed-inkjet-printer-with-2-i3200-printheads.jpg\",\"datePublished\":\"2025-08-10T02:34:37+00:00\",\"dateModified\":\"2025-08-16T09:51:30+00:00\",\"breadcrumb\":{\"@id\":\"https:\/\/superprintpro.com\/product\/kit-i3200-uv-flatbed-for-upgrading-chinese-flatbed-inkjet-printer-with-2-i3200-printheads-flatbed-version\/#breadcrumb\"},\"inLanguage\":\"tr\",\"potentialAction\":[{\"@type\":\"ReadAction\",\"target\":[\"https:\/\/superprintpro.com\/product\/kit-i3200-uv-flatbed-for-upgrading-chinese-flatbed-inkjet-printer-with-2-i3200-printheads-flatbed-version\/\"]}]},{\"@type\":\"ImageObject\",\"inLanguage\":\"tr\",\"@id\":\"https:\/\/superprintpro.com\/product\/kit-i3200-uv-flatbed-for-upgrading-chinese-flatbed-inkjet-printer-with-2-i3200-printheads-flatbed-version\/#primaryimage\",\"url\":\"https:\/\/superprintpro.com\/wp-content\/uploads\/2025\/08\/kit-i3200-uv-flatbed-for-upgrading-chinese-flatbed-inkjet-printer-with-2-i3200-printheads.jpg\",\"contentUrl\":\"https:\/\/superprintpro.com\/wp-content\/uploads\/2025\/08\/kit-i3200-uv-flatbed-for-upgrading-chinese-flatbed-inkjet-printer-with-2-i3200-printheads.jpg\",\"width\":800,\"height\":800,\"caption\":\"Kit i3200 UV Flatbed for Upgrading Chinese Flatbed Inkjet Printer with 2 i3200 printheads (Flatbed Version)\"},{\"@type\":\"BreadcrumbList\",\"@id\":\"https:\/\/superprintpro.com\/product\/kit-i3200-uv-flatbed-for-upgrading-chinese-flatbed-inkjet-printer-with-2-i3200-printheads-flatbed-version\/#breadcrumb\",\"itemListElement\":[{\"@type\":\"ListItem\",\"position\":1,\"name\":\"\u9996\u9875\",\"item\":\"https:\/\/superprintpro.com\/\"},{\"@type\":\"ListItem\",\"position\":2,\"name\":\"Shop\",\"item\":\"https:\/\/superprintpro.com\/shop\/\"},{\"@type\":\"ListItem\",\"position\":3,\"name\":\"Kit i3200 UV Flatbed for Upgrading Chinese Flatbed Inkjet Printer with 2 i3200 printheads (Flatbed Version)\"}]},{\"@type\":\"WebSite\",\"@id\":\"https:\/\/superprintpro.com\/#website\",\"url\":\"https:\/\/superprintpro.com\/\",\"name\":\"Amo\",\"description\":\"\",\"potentialAction\":[{\"@type\":\"SearchAction\",\"target\":{\"@type\":\"EntryPoint\",\"urlTemplate\":\"https:\/\/superprintpro.com\/?s={search_term_string}\"},\"query-input\":{\"@type\":\"PropertyValueSpecification\",\"valueRequired\":true,\"valueName\":\"search_term_string\"}}],\"inLanguage\":\"tr\"}]}<\/script>\n<!-- \/ Yoast SEO plugin. -->","yoast_head_json":{"title":"Kit i3200 UV Flatbed for Upgrading Chinese Flatbed Inkjet Printer with 2 i3200 printheads (Flatbed Version) - Amo","robots":{"index":"index","follow":"follow","max-snippet":"max-snippet:-1","max-image-preview":"max-image-preview:large","max-video-preview":"max-video-preview:-1"},"canonical":"https:\/\/superprintpro.com\/tr\/urun\/kit-i3200-uv-flatbed-for-upgrading-chinese-flatbed-inkjet-printer-with-2-i3200-printheads-flatbed-version\/","og_locale":"tr_TR","og_type":"article","og_title":"Kit i3200 UV Flatbed for Upgrading Chinese Flatbed Inkjet Printer with 2 i3200 printheads (Flatbed Version) - Amo","og_description":"For product details and the latest prices please contact our sales manage","og_url":"https:\/\/superprintpro.com\/tr\/urun\/kit-i3200-uv-flatbed-for-upgrading-chinese-flatbed-inkjet-printer-with-2-i3200-printheads-flatbed-version\/","og_site_name":"Amo","article_modified_time":"2025-08-16T09:51:30+00:00","og_image":[{"width":800,"height":800,"url":"https:\/\/superprintpro.com\/wp-content\/uploads\/2025\/08\/kit-i3200-uv-flatbed-for-upgrading-chinese-flatbed-inkjet-printer-with-2-i3200-printheads.jpg","type":"image\/jpeg"}],"twitter_card":"summary_large_image","twitter_misc":{"Tahmini okuma s\u00fcresi":"1 dakika"},"schema":{"@context":"https:\/\/schema.org","@graph":[{"@type":"WebPage","@id":"https:\/\/superprintpro.com\/product\/kit-i3200-uv-flatbed-for-upgrading-chinese-flatbed-inkjet-printer-with-2-i3200-printheads-flatbed-version\/","url":"https:\/\/superprintpro.com\/product\/kit-i3200-uv-flatbed-for-upgrading-chinese-flatbed-inkjet-printer-with-2-i3200-printheads-flatbed-version\/","name":"Kit i3200 UV Flatbed for Upgrading Chinese Flatbed Inkjet Printer with 2 i3200 printheads (Flatbed Version) - Amo","isPartOf":{"@id":"https:\/\/superprintpro.com\/#website"},"primaryImageOfPage":{"@id":"https:\/\/superprintpro.com\/product\/kit-i3200-uv-flatbed-for-upgrading-chinese-flatbed-inkjet-printer-with-2-i3200-printheads-flatbed-version\/#primaryimage"},"image":{"@id":"https:\/\/superprintpro.com\/product\/kit-i3200-uv-flatbed-for-upgrading-chinese-flatbed-inkjet-printer-with-2-i3200-printheads-flatbed-version\/#primaryimage"},"thumbnailUrl":"https:\/\/superprintpro.com\/wp-content\/uploads\/2025\/08\/kit-i3200-uv-flatbed-for-upgrading-chinese-flatbed-inkjet-printer-with-2-i3200-printheads.jpg","datePublished":"2025-08-10T02:34:37+00:00","dateModified":"2025-08-16T09:51:30+00:00","breadcrumb":{"@id":"https:\/\/superprintpro.com\/product\/kit-i3200-uv-flatbed-for-upgrading-chinese-flatbed-inkjet-printer-with-2-i3200-printheads-flatbed-version\/#breadcrumb"},"inLanguage":"tr","potentialAction":[{"@type":"ReadAction","target":["https:\/\/superprintpro.com\/product\/kit-i3200-uv-flatbed-for-upgrading-chinese-flatbed-inkjet-printer-with-2-i3200-printheads-flatbed-version\/"]}]},{"@type":"ImageObject","inLanguage":"tr","@id":"https:\/\/superprintpro.com\/product\/kit-i3200-uv-flatbed-for-upgrading-chinese-flatbed-inkjet-printer-with-2-i3200-printheads-flatbed-version\/#primaryimage","url":"https:\/\/superprintpro.com\/wp-content\/uploads\/2025\/08\/kit-i3200-uv-flatbed-for-upgrading-chinese-flatbed-inkjet-printer-with-2-i3200-printheads.jpg","contentUrl":"https:\/\/superprintpro.com\/wp-content\/uploads\/2025\/08\/kit-i3200-uv-flatbed-for-upgrading-chinese-flatbed-inkjet-printer-with-2-i3200-printheads.jpg","width":800,"height":800,"caption":"Kit i3200 UV Flatbed for Upgrading Chinese Flatbed Inkjet Printer with 2 i3200 printheads (Flatbed Version)"},{"@type":"BreadcrumbList","@id":"https:\/\/superprintpro.com\/product\/kit-i3200-uv-flatbed-for-upgrading-chinese-flatbed-inkjet-printer-with-2-i3200-printheads-flatbed-version\/#breadcrumb","itemListElement":[{"@type":"ListItem","position":1,"name":"\u9996\u9875","item":"https:\/\/superprintpro.com\/"},{"@type":"ListItem","position":2,"name":"Shop","item":"https:\/\/superprintpro.com\/shop\/"},{"@type":"ListItem","position":3,"name":"Kit i3200 UV Flatbed for Upgrading Chinese Flatbed Inkjet Printer with 2 i3200 printheads (Flatbed Version)"}]},{"@type":"WebSite","@id":"https:\/\/superprintpro.com\/#website","url":"https:\/\/superprintpro.com\/","name":"Amo","description":"","potentialAction":[{"@type":"SearchAction","target":{"@type":"EntryPoint","urlTemplate":"https:\/\/superprintpro.com\/?s={search_term_string}"},"query-input":{"@type":"PropertyValueSpecification","valueRequired":true,"valueName":"search_term_string"}}],"inLanguage":"tr"}]}},"_links":{"self":[{"href":"https:\/\/superprintpro.com\/tr\/wp-json\/wp\/v2\/product\/29475","targetHints":{"allow":["GET"]}}],"collection":[{"href":"https:\/\/superprintpro.com\/tr\/wp-json\/wp\/v2\/product"}],"about":[{"href":"https:\/\/superprintpro.com\/tr\/wp-json\/wp\/v2\/types\/product"}],"replies":[{"embeddable":true,"href":"https:\/\/superprintpro.com\/tr\/wp-json\/wp\/v2\/comments?post=29475"}],"version-history":[{"count":3,"href":"https:\/\/superprintpro.com\/tr\/wp-json\/wp\/v2\/product\/29475\/revisions"}],"predecessor-version":[{"id":30048,"href":"https:\/\/superprintpro.com\/tr\/wp-json\/wp\/v2\/product\/29475\/revisions\/30048"}],"wp:featuredmedia":[{"embeddable":true,"href":"https:\/\/superprintpro.com\/tr\/wp-json\/wp\/v2\/media\/30047"}],"wp:attachment":[{"href":"https:\/\/superprintpro.com\/tr\/wp-json\/wp\/v2\/media?parent=29475"}],"wp:term":[{"taxonomy":"product_brand","embeddable":true,"href":"https:\/\/superprintpro.com\/tr\/wp-json\/wp\/v2\/product_brand?post=29475"},{"taxonomy":"product_cat","embeddable":true,"href":"https:\/\/superprintpro.com\/tr\/wp-json\/wp\/v2\/product_cat?post=29475"},{"taxonomy":"product_tag","embeddable":true,"href":"https:\/\/superprintpro.com\/tr\/wp-json\/wp\/v2\/product_tag?post=29475"}],"curies":[{"name":"wp","href":"https:\/\/api.w.org\/{rel}","templated":true}]}}