{"id":29423,"date":"2025-08-09T09:46:06","date_gmt":"2025-08-09T09:46:06","guid":{"rendered":"https:\/\/superprintpro.com\/?post_type=product&#038;p=29423"},"modified":"2025-08-16T16:59:00","modified_gmt":"2025-08-16T08:59:00","slug":"kit-i3200-for-upgrade-mimaki-jv33-with-2-i3200-printheads","status":"publish","type":"product","link":"https:\/\/superprintpro.com\/tr\/urun\/kit-i3200-for-upgrade-mimaki-jv33-with-2-i3200-printheads\/","title":{"rendered":"2 I3200 bask\u0131 kafal\u0131 Mimaki JV33 Y\u00fckseltme i\u00e7in i3200 Kiti"},"content":{"rendered":"<ul>\n<li>2 I3200 bask\u0131 kafal\u0131 Mimaki JV33 Y\u00fckseltme i\u00e7in i3200 Kiti<\/li>\n<li>Bu kit, mimaki jv33 2 adet i3200 bask\u0131 kafan\u0131z\u0131 y\u00fckseltecektir. Neredeyse her \u015fey de\u011fi\u015fecek, sadece Mimaki'nin mekanik k\u0131sm\u0131n\u0131 koruyacakt\u0131r.<\/li>\n<li>Bu kit, DHL kargo ile a\u015fa\u011f\u0131daki yedek par\u00e7alar\u0131 i\u00e7erir:<br \/>\nBask\u0131 kafas\u0131,<br \/>\nAnakart<br \/>\nBa\u015f tahtas\u0131,<br \/>\nYaz\u0131c\u0131 kafas\u0131 taban tutucusu<br \/>\nYaz\u0131c\u0131 Kafas\u0131 Temizleme istasyonu<br \/>\nT\u00fcm damperler<br \/>\nT\u00fcm kapaklar<br \/>\nT\u00fcm yaz\u0131l\u0131mlar.<br \/>\nRaster Kodlay\u0131c\u0131 \u015eeridi<br \/>\nRaster Kodlay\u0131c\u0131 Sens\u00f6r\u00fc<\/li>\n<li>Eski m\u00fcrekkep p\u00fcsk\u00fcrtmeli yaz\u0131c\u0131n\u0131z\u0131 y\u00fckseltmek i\u00e7in gerekli t\u00fcm par\u00e7alar.<\/li>\n<\/ul>","protected":false},"excerpt":{"rendered":"<p>\u00dcr\u00fcn detaylar\u0131 ve en g\u00fcncel fiyatlar i\u00e7in l\u00fctfen sat\u0131\u015f m\u00fcd\u00fcrl\u00fc\u011f\u00fcm\u00fczle ileti\u015fime ge\u00e7in<\/p>","protected":false},"featured_media":30035,"comment_status":"open","ping_status":"closed","template":"","meta":[],"product_brand":[],"product_cat":[87],"product_tag":[],"class_list":{"0":"post-29423","1":"product","2":"type-product","3":"status-publish","4":"has-post-thumbnail","6":"product_cat-mimaki-upgrading-kit","8":"first","9":"instock","10":"shipping-taxable","11":"purchasable","12":"product-type-simple"},"yoast_head":"<!-- This site is optimized with the Yoast SEO plugin v26.9 - https:\/\/yoast.com\/product\/yoast-seo-wordpress\/ -->\n<title>Kit i3200 for Upgrade Mimaki JV33 with 2 I3200 printheads - Amo<\/title>\n<meta name=\"robots\" content=\"index, follow, max-snippet:-1, max-image-preview:large, max-video-preview:-1\" \/>\n<link rel=\"canonical\" href=\"https:\/\/superprintpro.com\/tr\/urun\/kit-i3200-for-upgrade-mimaki-jv33-with-2-i3200-printheads\/\" \/>\n<meta property=\"og:locale\" content=\"tr_TR\" \/>\n<meta property=\"og:type\" content=\"article\" \/>\n<meta property=\"og:title\" content=\"Kit i3200 for Upgrade Mimaki JV33 with 2 I3200 printheads - Amo\" \/>\n<meta property=\"og:description\" content=\"For product details and the latest prices please contact our sales manage\" \/>\n<meta property=\"og:url\" content=\"https:\/\/superprintpro.com\/tr\/urun\/kit-i3200-for-upgrade-mimaki-jv33-with-2-i3200-printheads\/\" \/>\n<meta property=\"og:site_name\" content=\"Amo\" \/>\n<meta property=\"article:modified_time\" content=\"2025-08-16T08:59:00+00:00\" \/>\n<meta property=\"og:image\" content=\"https:\/\/superprintpro.com\/wp-content\/uploads\/2025\/08\/kit-i3200-for-upgrade-mimaki-jv33-with-2-i3200-printheads.jpg\" \/>\n\t<meta property=\"og:image:width\" content=\"800\" \/>\n\t<meta property=\"og:image:height\" content=\"800\" \/>\n\t<meta property=\"og:image:type\" content=\"image\/jpeg\" \/>\n<meta name=\"twitter:card\" content=\"summary_large_image\" \/>\n<script type=\"application\/ld+json\" class=\"yoast-schema-graph\">{\"@context\":\"https:\/\/schema.org\",\"@graph\":[{\"@type\":\"WebPage\",\"@id\":\"https:\/\/superprintpro.com\/product\/kit-i3200-for-upgrade-mimaki-jv33-with-2-i3200-printheads\/\",\"url\":\"https:\/\/superprintpro.com\/product\/kit-i3200-for-upgrade-mimaki-jv33-with-2-i3200-printheads\/\",\"name\":\"Kit i3200 for Upgrade Mimaki JV33 with 2 I3200 printheads - Amo\",\"isPartOf\":{\"@id\":\"https:\/\/superprintpro.com\/#website\"},\"primaryImageOfPage\":{\"@id\":\"https:\/\/superprintpro.com\/product\/kit-i3200-for-upgrade-mimaki-jv33-with-2-i3200-printheads\/#primaryimage\"},\"image\":{\"@id\":\"https:\/\/superprintpro.com\/product\/kit-i3200-for-upgrade-mimaki-jv33-with-2-i3200-printheads\/#primaryimage\"},\"thumbnailUrl\":\"https:\/\/superprintpro.com\/wp-content\/uploads\/2025\/08\/kit-i3200-for-upgrade-mimaki-jv33-with-2-i3200-printheads.jpg\",\"datePublished\":\"2025-08-09T09:46:06+00:00\",\"dateModified\":\"2025-08-16T08:59:00+00:00\",\"breadcrumb\":{\"@id\":\"https:\/\/superprintpro.com\/product\/kit-i3200-for-upgrade-mimaki-jv33-with-2-i3200-printheads\/#breadcrumb\"},\"inLanguage\":\"tr\",\"potentialAction\":[{\"@type\":\"ReadAction\",\"target\":[\"https:\/\/superprintpro.com\/product\/kit-i3200-for-upgrade-mimaki-jv33-with-2-i3200-printheads\/\"]}]},{\"@type\":\"ImageObject\",\"inLanguage\":\"tr\",\"@id\":\"https:\/\/superprintpro.com\/product\/kit-i3200-for-upgrade-mimaki-jv33-with-2-i3200-printheads\/#primaryimage\",\"url\":\"https:\/\/superprintpro.com\/wp-content\/uploads\/2025\/08\/kit-i3200-for-upgrade-mimaki-jv33-with-2-i3200-printheads.jpg\",\"contentUrl\":\"https:\/\/superprintpro.com\/wp-content\/uploads\/2025\/08\/kit-i3200-for-upgrade-mimaki-jv33-with-2-i3200-printheads.jpg\",\"width\":800,\"height\":800,\"caption\":\"Kit i3200 for Upgrade Mimaki JV33 with 2 I3200 printheads\"},{\"@type\":\"BreadcrumbList\",\"@id\":\"https:\/\/superprintpro.com\/product\/kit-i3200-for-upgrade-mimaki-jv33-with-2-i3200-printheads\/#breadcrumb\",\"itemListElement\":[{\"@type\":\"ListItem\",\"position\":1,\"name\":\"\u9996\u9875\",\"item\":\"https:\/\/superprintpro.com\/\"},{\"@type\":\"ListItem\",\"position\":2,\"name\":\"Shop\",\"item\":\"https:\/\/superprintpro.com\/shop\/\"},{\"@type\":\"ListItem\",\"position\":3,\"name\":\"Kit i3200 for Upgrade Mimaki JV33 with 2 I3200 printheads\"}]},{\"@type\":\"WebSite\",\"@id\":\"https:\/\/superprintpro.com\/#website\",\"url\":\"https:\/\/superprintpro.com\/\",\"name\":\"Amo\",\"description\":\"\",\"potentialAction\":[{\"@type\":\"SearchAction\",\"target\":{\"@type\":\"EntryPoint\",\"urlTemplate\":\"https:\/\/superprintpro.com\/?s={search_term_string}\"},\"query-input\":{\"@type\":\"PropertyValueSpecification\",\"valueRequired\":true,\"valueName\":\"search_term_string\"}}],\"inLanguage\":\"tr\"}]}<\/script>\n<!-- \/ Yoast SEO plugin. -->","yoast_head_json":{"title":"Kit i3200 for Upgrade Mimaki JV33 with 2 I3200 printheads - Amo","robots":{"index":"index","follow":"follow","max-snippet":"max-snippet:-1","max-image-preview":"max-image-preview:large","max-video-preview":"max-video-preview:-1"},"canonical":"https:\/\/superprintpro.com\/tr\/urun\/kit-i3200-for-upgrade-mimaki-jv33-with-2-i3200-printheads\/","og_locale":"tr_TR","og_type":"article","og_title":"Kit i3200 for Upgrade Mimaki JV33 with 2 I3200 printheads - Amo","og_description":"For product details and the latest prices please contact our sales manage","og_url":"https:\/\/superprintpro.com\/tr\/urun\/kit-i3200-for-upgrade-mimaki-jv33-with-2-i3200-printheads\/","og_site_name":"Amo","article_modified_time":"2025-08-16T08:59:00+00:00","og_image":[{"width":800,"height":800,"url":"https:\/\/superprintpro.com\/wp-content\/uploads\/2025\/08\/kit-i3200-for-upgrade-mimaki-jv33-with-2-i3200-printheads.jpg","type":"image\/jpeg"}],"twitter_card":"summary_large_image","schema":{"@context":"https:\/\/schema.org","@graph":[{"@type":"WebPage","@id":"https:\/\/superprintpro.com\/product\/kit-i3200-for-upgrade-mimaki-jv33-with-2-i3200-printheads\/","url":"https:\/\/superprintpro.com\/product\/kit-i3200-for-upgrade-mimaki-jv33-with-2-i3200-printheads\/","name":"Kit i3200 for Upgrade Mimaki JV33 with 2 I3200 printheads - Amo","isPartOf":{"@id":"https:\/\/superprintpro.com\/#website"},"primaryImageOfPage":{"@id":"https:\/\/superprintpro.com\/product\/kit-i3200-for-upgrade-mimaki-jv33-with-2-i3200-printheads\/#primaryimage"},"image":{"@id":"https:\/\/superprintpro.com\/product\/kit-i3200-for-upgrade-mimaki-jv33-with-2-i3200-printheads\/#primaryimage"},"thumbnailUrl":"https:\/\/superprintpro.com\/wp-content\/uploads\/2025\/08\/kit-i3200-for-upgrade-mimaki-jv33-with-2-i3200-printheads.jpg","datePublished":"2025-08-09T09:46:06+00:00","dateModified":"2025-08-16T08:59:00+00:00","breadcrumb":{"@id":"https:\/\/superprintpro.com\/product\/kit-i3200-for-upgrade-mimaki-jv33-with-2-i3200-printheads\/#breadcrumb"},"inLanguage":"tr","potentialAction":[{"@type":"ReadAction","target":["https:\/\/superprintpro.com\/product\/kit-i3200-for-upgrade-mimaki-jv33-with-2-i3200-printheads\/"]}]},{"@type":"ImageObject","inLanguage":"tr","@id":"https:\/\/superprintpro.com\/product\/kit-i3200-for-upgrade-mimaki-jv33-with-2-i3200-printheads\/#primaryimage","url":"https:\/\/superprintpro.com\/wp-content\/uploads\/2025\/08\/kit-i3200-for-upgrade-mimaki-jv33-with-2-i3200-printheads.jpg","contentUrl":"https:\/\/superprintpro.com\/wp-content\/uploads\/2025\/08\/kit-i3200-for-upgrade-mimaki-jv33-with-2-i3200-printheads.jpg","width":800,"height":800,"caption":"Kit i3200 for Upgrade Mimaki JV33 with 2 I3200 printheads"},{"@type":"BreadcrumbList","@id":"https:\/\/superprintpro.com\/product\/kit-i3200-for-upgrade-mimaki-jv33-with-2-i3200-printheads\/#breadcrumb","itemListElement":[{"@type":"ListItem","position":1,"name":"\u9996\u9875","item":"https:\/\/superprintpro.com\/"},{"@type":"ListItem","position":2,"name":"Shop","item":"https:\/\/superprintpro.com\/shop\/"},{"@type":"ListItem","position":3,"name":"Kit i3200 for Upgrade Mimaki JV33 with 2 I3200 printheads"}]},{"@type":"WebSite","@id":"https:\/\/superprintpro.com\/#website","url":"https:\/\/superprintpro.com\/","name":"Amo","description":"","potentialAction":[{"@type":"SearchAction","target":{"@type":"EntryPoint","urlTemplate":"https:\/\/superprintpro.com\/?s={search_term_string}"},"query-input":{"@type":"PropertyValueSpecification","valueRequired":true,"valueName":"search_term_string"}}],"inLanguage":"tr"}]}},"_links":{"self":[{"href":"https:\/\/superprintpro.com\/tr\/wp-json\/wp\/v2\/product\/29423","targetHints":{"allow":["GET"]}}],"collection":[{"href":"https:\/\/superprintpro.com\/tr\/wp-json\/wp\/v2\/product"}],"about":[{"href":"https:\/\/superprintpro.com\/tr\/wp-json\/wp\/v2\/types\/product"}],"replies":[{"embeddable":true,"href":"https:\/\/superprintpro.com\/tr\/wp-json\/wp\/v2\/comments?post=29423"}],"version-history":[{"count":2,"href":"https:\/\/superprintpro.com\/tr\/wp-json\/wp\/v2\/product\/29423\/revisions"}],"predecessor-version":[{"id":29426,"href":"https:\/\/superprintpro.com\/tr\/wp-json\/wp\/v2\/product\/29423\/revisions\/29426"}],"wp:featuredmedia":[{"embeddable":true,"href":"https:\/\/superprintpro.com\/tr\/wp-json\/wp\/v2\/media\/30035"}],"wp:attachment":[{"href":"https:\/\/superprintpro.com\/tr\/wp-json\/wp\/v2\/media?parent=29423"}],"wp:term":[{"taxonomy":"product_brand","embeddable":true,"href":"https:\/\/superprintpro.com\/tr\/wp-json\/wp\/v2\/product_brand?post=29423"},{"taxonomy":"product_cat","embeddable":true,"href":"https:\/\/superprintpro.com\/tr\/wp-json\/wp\/v2\/product_cat?post=29423"},{"taxonomy":"product_tag","embeddable":true,"href":"https:\/\/superprintpro.com\/tr\/wp-json\/wp\/v2\/product_tag?post=29423"}],"curies":[{"name":"wp","href":"https:\/\/api.w.org\/{rel}","templated":true}]}}