{"id":29381,"date":"2025-08-09T07:55:06","date_gmt":"2025-08-09T07:55:06","guid":{"rendered":"https:\/\/superprintpro.com\/?post_type=product&#038;p=29381"},"modified":"2025-08-16T15:58:30","modified_gmt":"2025-08-16T07:58:30","slug":"hoson-i3200-boards-kit-with-cable-work-for-2-piece-i3200-flatbed-version","status":"publish","type":"product","link":"https:\/\/superprintpro.com\/tr\/urun\/hoson-i3200-boards-kit-with-cable-work-for-2-piece-i3200-flatbed-version\/","title":{"rendered":"2 par\u00e7al\u0131 i3200 Flatbed Versiyonu i\u00e7in kablo \u00e7al\u0131\u015fmas\u0131 ile Hoson i3200 pano kiti"},"content":{"rendered":"<ul>\n<li><strong>M\u00fcrekkep P\u00fcsk\u00fcrtmeli Yaz\u0131c\u0131 Kartlar\u0131 Kit Ad\u0131\uff1a<\/strong>2 par\u00e7al\u0131 i3200 Flatbed Versiyonu i\u00e7in kablo \u00e7al\u0131\u015fmas\u0131 ile Hoson i3200 pano kiti<\/li>\n<li><strong>Yaz\u0131l\u0131m :<\/strong>Hoson PrintExp<\/li>\n<li><strong>Uygulama: <\/strong>M\u00fcrekkep p\u00fcsk\u00fcrtmeli yaz\u0131c\u0131y\u0131 2 adet i3200 bask\u0131 kafas\u0131 ile y\u00fckseltmek i\u00e7in<\/li>\n<li><strong>Desteklenen inkjet serileri: <\/strong>T\u00fcm Flatbed m\u00fcrekkep p\u00fcsk\u00fcrtmeli yaz\u0131c\u0131lar i\u00e7in (normalde seiko\/konica\/ricoh\/dx5 \/spectra \/starfire kafal\u0131 bir UV Flatbed Yaz\u0131c\u0131d\u0131r)<\/li>\n<li><strong>Desteklenen m\u00fcrekkep\uff1a<\/strong>Eko-Solvent, su bazl\u0131 \uff08s\u00fcblimasyon), UV<\/li>\n<li><strong>Desteklenen m\u00fcrekkep rengi\uff1a<\/strong>CMYK W V<\/li>\n<li><strong>Yorum yap:<\/strong>Bu, tipik olarak eski bir \u00c7in m\u00fcrekkep p\u00fcsk\u00fcrtmeli yaz\u0131c\u0131y\u0131 yeni sistem ve yeni bask\u0131 kafas\u0131 ile y\u00fckseltmek i\u00e7in kablolar\u0131 olan bir kart kitidir. Tipik olarak bu kit, orijinal olarak hangi kafaya sahip olursa olsun eski bir \u00c7in uv flatbed yaz\u0131c\u0131y\u0131 2 i3200 yaz\u0131c\u0131 kafal\u0131 yeni bir uv flatbed yaz\u0131c\u0131ya y\u00fckseltmek i\u00e7indir. Ayr\u0131ca bu d\u00fcz yatakl\u0131 yaz\u0131c\u0131lardan herhangi birini normal bir eko-solvent d\u00fcz yatakl\u0131 yaz\u0131c\u0131ya (uv tarz\u0131 olmayan) y\u00fckseltebilir.<\/li>\n<\/ul>","protected":false},"excerpt":{"rendered":"<p>\u00dcr\u00fcn detaylar\u0131 ve en g\u00fcncel fiyatlar i\u00e7in l\u00fctfen sat\u0131\u015f m\u00fcd\u00fcrl\u00fc\u011f\u00fcm\u00fczle ileti\u015fime ge\u00e7in<\/p>","protected":false},"featured_media":30032,"comment_status":"open","ping_status":"closed","template":"","meta":[],"product_brand":[],"product_cat":[86],"product_tag":[],"class_list":{"0":"post-29381","1":"product","2":"type-product","3":"status-publish","4":"has-post-thumbnail","6":"product_cat-inkjet-printer-boards-kit","8":"first","9":"instock","10":"shipping-taxable","11":"purchasable","12":"product-type-simple"},"yoast_head":"<!-- This site is optimized with the Yoast SEO plugin v26.9 - https:\/\/yoast.com\/product\/yoast-seo-wordpress\/ -->\n<title>Hoson i3200 boards kit with cable work for 2 piece i3200 Flatbed Version - Amo<\/title>\n<meta name=\"robots\" content=\"index, follow, max-snippet:-1, max-image-preview:large, max-video-preview:-1\" \/>\n<link rel=\"canonical\" href=\"https:\/\/superprintpro.com\/tr\/urun\/hoson-i3200-boards-kit-with-cable-work-for-2-piece-i3200-flatbed-version\/\" \/>\n<meta property=\"og:locale\" content=\"tr_TR\" \/>\n<meta property=\"og:type\" content=\"article\" \/>\n<meta property=\"og:title\" content=\"Hoson i3200 boards kit with cable work for 2 piece i3200 Flatbed Version - Amo\" \/>\n<meta property=\"og:description\" content=\"For product details and the latest prices please contact our sales manage\" \/>\n<meta property=\"og:url\" content=\"https:\/\/superprintpro.com\/tr\/urun\/hoson-i3200-boards-kit-with-cable-work-for-2-piece-i3200-flatbed-version\/\" \/>\n<meta property=\"og:site_name\" content=\"Amo\" \/>\n<meta property=\"article:modified_time\" content=\"2025-08-16T07:58:30+00:00\" \/>\n<meta property=\"og:image\" content=\"https:\/\/superprintpro.com\/wp-content\/uploads\/2025\/08\/hoson-i3200-boards-kit-with-cable-work-for-2-piece-i3200-flatbed-version.jpg\" \/>\n\t<meta property=\"og:image:width\" content=\"800\" \/>\n\t<meta property=\"og:image:height\" content=\"800\" \/>\n\t<meta property=\"og:image:type\" content=\"image\/jpeg\" \/>\n<meta name=\"twitter:card\" content=\"summary_large_image\" \/>\n<meta name=\"twitter:label1\" content=\"Tahmini okuma s\u00fcresi\" \/>\n\t<meta name=\"twitter:data1\" content=\"1 dakika\" \/>\n<script type=\"application\/ld+json\" class=\"yoast-schema-graph\">{\"@context\":\"https:\/\/schema.org\",\"@graph\":[{\"@type\":\"WebPage\",\"@id\":\"https:\/\/superprintpro.com\/product\/hoson-i3200-boards-kit-with-cable-work-for-2-piece-i3200-flatbed-version\/\",\"url\":\"https:\/\/superprintpro.com\/product\/hoson-i3200-boards-kit-with-cable-work-for-2-piece-i3200-flatbed-version\/\",\"name\":\"Hoson i3200 boards kit with cable work for 2 piece i3200 Flatbed Version - Amo\",\"isPartOf\":{\"@id\":\"https:\/\/superprintpro.com\/#website\"},\"primaryImageOfPage\":{\"@id\":\"https:\/\/superprintpro.com\/product\/hoson-i3200-boards-kit-with-cable-work-for-2-piece-i3200-flatbed-version\/#primaryimage\"},\"image\":{\"@id\":\"https:\/\/superprintpro.com\/product\/hoson-i3200-boards-kit-with-cable-work-for-2-piece-i3200-flatbed-version\/#primaryimage\"},\"thumbnailUrl\":\"https:\/\/superprintpro.com\/wp-content\/uploads\/2025\/08\/hoson-i3200-boards-kit-with-cable-work-for-2-piece-i3200-flatbed-version.jpg\",\"datePublished\":\"2025-08-09T07:55:06+00:00\",\"dateModified\":\"2025-08-16T07:58:30+00:00\",\"breadcrumb\":{\"@id\":\"https:\/\/superprintpro.com\/product\/hoson-i3200-boards-kit-with-cable-work-for-2-piece-i3200-flatbed-version\/#breadcrumb\"},\"inLanguage\":\"tr\",\"potentialAction\":[{\"@type\":\"ReadAction\",\"target\":[\"https:\/\/superprintpro.com\/product\/hoson-i3200-boards-kit-with-cable-work-for-2-piece-i3200-flatbed-version\/\"]}]},{\"@type\":\"ImageObject\",\"inLanguage\":\"tr\",\"@id\":\"https:\/\/superprintpro.com\/product\/hoson-i3200-boards-kit-with-cable-work-for-2-piece-i3200-flatbed-version\/#primaryimage\",\"url\":\"https:\/\/superprintpro.com\/wp-content\/uploads\/2025\/08\/hoson-i3200-boards-kit-with-cable-work-for-2-piece-i3200-flatbed-version.jpg\",\"contentUrl\":\"https:\/\/superprintpro.com\/wp-content\/uploads\/2025\/08\/hoson-i3200-boards-kit-with-cable-work-for-2-piece-i3200-flatbed-version.jpg\",\"width\":800,\"height\":800,\"caption\":\"Hoson i3200 boards kit with cable work for 2 piece i3200 Flatbed Version\"},{\"@type\":\"BreadcrumbList\",\"@id\":\"https:\/\/superprintpro.com\/product\/hoson-i3200-boards-kit-with-cable-work-for-2-piece-i3200-flatbed-version\/#breadcrumb\",\"itemListElement\":[{\"@type\":\"ListItem\",\"position\":1,\"name\":\"\u9996\u9875\",\"item\":\"https:\/\/superprintpro.com\/\"},{\"@type\":\"ListItem\",\"position\":2,\"name\":\"Shop\",\"item\":\"https:\/\/superprintpro.com\/shop\/\"},{\"@type\":\"ListItem\",\"position\":3,\"name\":\"Hoson i3200 boards kit with cable work for 2 piece i3200 Flatbed Version\"}]},{\"@type\":\"WebSite\",\"@id\":\"https:\/\/superprintpro.com\/#website\",\"url\":\"https:\/\/superprintpro.com\/\",\"name\":\"Amo\",\"description\":\"\",\"potentialAction\":[{\"@type\":\"SearchAction\",\"target\":{\"@type\":\"EntryPoint\",\"urlTemplate\":\"https:\/\/superprintpro.com\/?s={search_term_string}\"},\"query-input\":{\"@type\":\"PropertyValueSpecification\",\"valueRequired\":true,\"valueName\":\"search_term_string\"}}],\"inLanguage\":\"tr\"}]}<\/script>\n<!-- \/ Yoast SEO plugin. -->","yoast_head_json":{"title":"Hoson i3200 boards kit with cable work for 2 piece i3200 Flatbed Version - Amo","robots":{"index":"index","follow":"follow","max-snippet":"max-snippet:-1","max-image-preview":"max-image-preview:large","max-video-preview":"max-video-preview:-1"},"canonical":"https:\/\/superprintpro.com\/tr\/urun\/hoson-i3200-boards-kit-with-cable-work-for-2-piece-i3200-flatbed-version\/","og_locale":"tr_TR","og_type":"article","og_title":"Hoson i3200 boards kit with cable work for 2 piece i3200 Flatbed Version - Amo","og_description":"For product details and the latest prices please contact our sales manage","og_url":"https:\/\/superprintpro.com\/tr\/urun\/hoson-i3200-boards-kit-with-cable-work-for-2-piece-i3200-flatbed-version\/","og_site_name":"Amo","article_modified_time":"2025-08-16T07:58:30+00:00","og_image":[{"width":800,"height":800,"url":"https:\/\/superprintpro.com\/wp-content\/uploads\/2025\/08\/hoson-i3200-boards-kit-with-cable-work-for-2-piece-i3200-flatbed-version.jpg","type":"image\/jpeg"}],"twitter_card":"summary_large_image","twitter_misc":{"Tahmini okuma s\u00fcresi":"1 dakika"},"schema":{"@context":"https:\/\/schema.org","@graph":[{"@type":"WebPage","@id":"https:\/\/superprintpro.com\/product\/hoson-i3200-boards-kit-with-cable-work-for-2-piece-i3200-flatbed-version\/","url":"https:\/\/superprintpro.com\/product\/hoson-i3200-boards-kit-with-cable-work-for-2-piece-i3200-flatbed-version\/","name":"Hoson i3200 boards kit with cable work for 2 piece i3200 Flatbed Version - Amo","isPartOf":{"@id":"https:\/\/superprintpro.com\/#website"},"primaryImageOfPage":{"@id":"https:\/\/superprintpro.com\/product\/hoson-i3200-boards-kit-with-cable-work-for-2-piece-i3200-flatbed-version\/#primaryimage"},"image":{"@id":"https:\/\/superprintpro.com\/product\/hoson-i3200-boards-kit-with-cable-work-for-2-piece-i3200-flatbed-version\/#primaryimage"},"thumbnailUrl":"https:\/\/superprintpro.com\/wp-content\/uploads\/2025\/08\/hoson-i3200-boards-kit-with-cable-work-for-2-piece-i3200-flatbed-version.jpg","datePublished":"2025-08-09T07:55:06+00:00","dateModified":"2025-08-16T07:58:30+00:00","breadcrumb":{"@id":"https:\/\/superprintpro.com\/product\/hoson-i3200-boards-kit-with-cable-work-for-2-piece-i3200-flatbed-version\/#breadcrumb"},"inLanguage":"tr","potentialAction":[{"@type":"ReadAction","target":["https:\/\/superprintpro.com\/product\/hoson-i3200-boards-kit-with-cable-work-for-2-piece-i3200-flatbed-version\/"]}]},{"@type":"ImageObject","inLanguage":"tr","@id":"https:\/\/superprintpro.com\/product\/hoson-i3200-boards-kit-with-cable-work-for-2-piece-i3200-flatbed-version\/#primaryimage","url":"https:\/\/superprintpro.com\/wp-content\/uploads\/2025\/08\/hoson-i3200-boards-kit-with-cable-work-for-2-piece-i3200-flatbed-version.jpg","contentUrl":"https:\/\/superprintpro.com\/wp-content\/uploads\/2025\/08\/hoson-i3200-boards-kit-with-cable-work-for-2-piece-i3200-flatbed-version.jpg","width":800,"height":800,"caption":"Hoson i3200 boards kit with cable work for 2 piece i3200 Flatbed Version"},{"@type":"BreadcrumbList","@id":"https:\/\/superprintpro.com\/product\/hoson-i3200-boards-kit-with-cable-work-for-2-piece-i3200-flatbed-version\/#breadcrumb","itemListElement":[{"@type":"ListItem","position":1,"name":"\u9996\u9875","item":"https:\/\/superprintpro.com\/"},{"@type":"ListItem","position":2,"name":"Shop","item":"https:\/\/superprintpro.com\/shop\/"},{"@type":"ListItem","position":3,"name":"Hoson i3200 boards kit with cable work for 2 piece i3200 Flatbed Version"}]},{"@type":"WebSite","@id":"https:\/\/superprintpro.com\/#website","url":"https:\/\/superprintpro.com\/","name":"Amo","description":"","potentialAction":[{"@type":"SearchAction","target":{"@type":"EntryPoint","urlTemplate":"https:\/\/superprintpro.com\/?s={search_term_string}"},"query-input":{"@type":"PropertyValueSpecification","valueRequired":true,"valueName":"search_term_string"}}],"inLanguage":"tr"}]}},"_links":{"self":[{"href":"https:\/\/superprintpro.com\/tr\/wp-json\/wp\/v2\/product\/29381","targetHints":{"allow":["GET"]}}],"collection":[{"href":"https:\/\/superprintpro.com\/tr\/wp-json\/wp\/v2\/product"}],"about":[{"href":"https:\/\/superprintpro.com\/tr\/wp-json\/wp\/v2\/types\/product"}],"replies":[{"embeddable":true,"href":"https:\/\/superprintpro.com\/tr\/wp-json\/wp\/v2\/comments?post=29381"}],"version-history":[{"count":1,"href":"https:\/\/superprintpro.com\/tr\/wp-json\/wp\/v2\/product\/29381\/revisions"}],"predecessor-version":[{"id":29383,"href":"https:\/\/superprintpro.com\/tr\/wp-json\/wp\/v2\/product\/29381\/revisions\/29383"}],"wp:featuredmedia":[{"embeddable":true,"href":"https:\/\/superprintpro.com\/tr\/wp-json\/wp\/v2\/media\/30032"}],"wp:attachment":[{"href":"https:\/\/superprintpro.com\/tr\/wp-json\/wp\/v2\/media?parent=29381"}],"wp:term":[{"taxonomy":"product_brand","embeddable":true,"href":"https:\/\/superprintpro.com\/tr\/wp-json\/wp\/v2\/product_brand?post=29381"},{"taxonomy":"product_cat","embeddable":true,"href":"https:\/\/superprintpro.com\/tr\/wp-json\/wp\/v2\/product_cat?post=29381"},{"taxonomy":"product_tag","embeddable":true,"href":"https:\/\/superprintpro.com\/tr\/wp-json\/wp\/v2\/product_tag?post=29381"}],"curies":[{"name":"wp","href":"https:\/\/api.w.org\/{rel}","templated":true}]}}